{"id":28483,"date":"2019-12-09T12:43:12","date_gmt":"2019-12-09T17:43:12","guid":{"rendered":"https:\/\/www.canadahelps.org\/?page_id=28483"},"modified":"2025-10-17T10:41:51","modified_gmt":"2025-10-17T14:41:51","slug":"accessibilite","status":"publish","type":"page","link":"https:\/\/www.canadahelps.org\/fr\/accessibilite\/","title":{"rendered":"Accessibilit\u00e9"},"content":{"rendered":"<style>html{background-color:#fff}p{font-size:16px}<\/style>\n<div id=\"charity-terms-conditions-panel\" style=\"margin:100px auto 100px auto; width:50%;\">\n<div class=\"tab-content ch-tab-content\">\n<h1 style=\"text-align: center; margin-top: -10px;\">Accessibilit\u00e9<\/h1>\n<p style=\"text-align: center;\">Derni\u00e8re mise \u00e0 jour : 30 avril 2024<\/p>\n<h2>D\u00e9claration d\u2019engagement<\/h2>\n<p>CanaDon s\u2019engage \u00e0 offrir l\u2019\u00e9galit\u00e9 d\u2019acc\u00e8s et de participation aux personnes handicap\u00e9es, ainsi que d\u2019excellents services \u00e0 l\u2019ensemble de sa client\u00e8le, des demandeurs d\u2019emploi et des membres du personnel, en respectant les principes d\u2019autonomie, de dignit\u00e9, d\u2019int\u00e9gration et d\u2019\u00e9galit\u00e9 des chances pour les personnes handicap\u00e9es.<\/p>\n<p>Nous croyons en l\u2019int\u00e9gration et en l\u2019\u00e9galit\u00e9 des chances. Nous avons \u00e0 c\u0153ur de satisfaire sans d\u00e9lai les besoins des personnes handicap\u00e9es, et nous le ferons en pr\u00e9venant et en \u00e9liminant les obstacles \u00e0 l\u2019accessibilit\u00e9, tout en respectant les exigences d\u2019accessibilit\u00e9 du <i>R\u00e8glement int\u00e9gr\u00e9 sur l\u2019accessibilit\u00e9<\/i> (RIA) de la <i>Loi sur l\u2019accessibilit\u00e9 pour les personnes handicap\u00e9es de l\u2019Ontario<\/i> (APHO). Nous d\u00e9ploierons tous les efforts raisonnables afin d\u2019accommoder les personnes handicap\u00e9es, pourvu que les accommodements n\u2019entra\u00eenent pas de contraintes excessives pour CanaDon.<\/p>\n<p>Read our <a href=\"https:\/\/www.canadahelps.org\/media\/FR-Accessibility-Policy-for-Website-December-6-2019.pdf\">Lire notre Politique d\u2019accessibilit\u00e9<\/a> (PDF)<br \/>\nRead our <a href=\"https:\/\/www.canadahelps.org\/media\/FR-Multiyear-Accessibility-Plan-for-Website-Dec-6-2019.pdf\">Lire notre Plan pluriannuel pour l\u2019accessibilit\u00e9<\/a> (PDF)<\/p>\n<h2>R\u00e9troaction&nbsp;:<\/h2>\n<p>Si vous d\u00e9sirez adresser \u00e0 CanaDon une r\u00e9troaction concernant nos services ou concernant les lois ontariennes sur l\u2019accessibilit\u00e9, communiquez avec nous par t\u00e9l\u00e9phone, courriel, t\u00e9l\u00e9copieur ou courrier postal.<\/p>\n<p>Courriel&nbsp;: <a href=\"mailto: accessibilite@canadon.org\"> accessibilite@canadon.org<\/a><br \/>\nT\u00e9l\u00e9phone&nbsp;: 1 877 755-1595, poste 2378 (sans frais en Am\u00e9rique du Nord)<br \/>\nT\u00e9l\u00e9copieur&nbsp;: 1 888 787-4264<\/p>\n<p>Adresse postale&nbsp;:<br \/>\nAux soins de : Directrice des op\u00e9rations<br \/>\n30 Rue Adelaide Est 12\u00e8me \u00c9tage<br \/>\nToronto, ON<br \/>\nM5C 3G8<\/p>\n<\/div>\n<\/div>\n","protected":false},"excerpt":{"rendered":"<p>Accessibilit\u00e9 Derni\u00e8re mise \u00e0 jour : 30 avril 2024 D\u00e9claration d\u2019engagement CanaDon s\u2019engage \u00e0 offrir l\u2019\u00e9galit\u00e9 d\u2019acc\u00e8s et de participation aux personnes handicap\u00e9es, ainsi que &#8230; <a href=\"https:\/\/www.canadahelps.org\/fr\/accessibilite\/\" id=\"canadahelp-blog-meta\">Voir plus<\/a><\/p>\n","protected":false},"author":30,"featured_media":0,"parent":0,"menu_order":0,"comment_status":"closed","ping_status":"closed","template":"template-ch20-full-width.php","meta":{"footnotes":""},"class_list":["post-28483","page","type-page","status-publish","hentry"],"acf":{"meta_description":"","use_toc_layout":false,"additional_body_css_classes":"","hide_page_title":false,"row_settings":false,"insert_spotlight_boxes":false,"use_biography_grid":false,"blogs_posts_item":false},"yoast_head":"<!-- This site is optimized with the Yoast SEO plugin v26.0 - https:\/\/yoast.com\/wordpress\/plugins\/seo\/ -->\n<title>Accessibilit\u00e9 | CanadaHelps - Donate to any charity in Canada<\/title>\n<meta name=\"robots\" content=\"index, follow, max-snippet:-1, max-image-preview:large, max-video-preview:-1\" \/>\n<link rel=\"canonical\" href=\"https:\/\/www.canadahelps.org\/fr\/accessibilite\/\" \/>\n<meta property=\"og:locale\" content=\"fr_FR\" \/>\n<meta property=\"og:type\" content=\"article\" \/>\n<meta property=\"og:title\" content=\"Accessibilit\u00e9 | CanadaHelps - Donate to any charity in Canada\" \/>\n<meta property=\"og:description\" content=\"Accessibilit\u00e9 Derni\u00e8re mise \u00e0 jour : 30 avril 2024 D\u00e9claration d\u2019engagement CanaDon s\u2019engage \u00e0 offrir l\u2019\u00e9galit\u00e9 d\u2019acc\u00e8s et de participation aux personnes handicap\u00e9es, ainsi que ... Voir plus\" \/>\n<meta property=\"og:url\" content=\"https:\/\/www.canadahelps.org\/fr\/accessibilite\/\" \/>\n<meta property=\"og:site_name\" content=\"CanadaHelps - Donate to any charity in Canada\" \/>\n<meta property=\"article:modified_time\" content=\"2025-10-17T14:41:51+00:00\" \/>\n<meta name=\"twitter:card\" content=\"summary_large_image\" \/>\n<meta name=\"twitter:label1\" content=\"Est. reading time\" \/>\n\t<meta name=\"twitter:data1\" content=\"2 minutes\" \/>\n<script type=\"application\/ld+json\" class=\"yoast-schema-graph\">{\"@context\":\"https:\/\/schema.org\",\"@graph\":[{\"@type\":\"WebPage\",\"@id\":\"https:\/\/www.canadahelps.org\/fr\/accessibilite\/\",\"url\":\"https:\/\/www.canadahelps.org\/fr\/accessibilite\/\",\"name\":\"Accessibilit\u00e9 | CanadaHelps - Donate to any charity in Canada\",\"isPartOf\":{\"@id\":\"https:\/\/www.canadahelps.org\/fr\/#website\"},\"datePublished\":\"2019-12-09T17:43:12+00:00\",\"dateModified\":\"2025-10-17T14:41:51+00:00\",\"breadcrumb\":{\"@id\":\"https:\/\/www.canadahelps.org\/fr\/accessibilite\/#breadcrumb\"},\"inLanguage\":\"fr\",\"potentialAction\":[{\"@type\":\"ReadAction\",\"target\":[\"https:\/\/www.canadahelps.org\/fr\/accessibilite\/\"]}]},{\"@type\":\"BreadcrumbList\",\"@id\":\"https:\/\/www.canadahelps.org\/fr\/accessibilite\/#breadcrumb\",\"itemListElement\":[{\"@type\":\"ListItem\",\"position\":1,\"name\":\"Home\",\"item\":\"https:\/\/www.canadahelps.org\/fr\/\"},{\"@type\":\"ListItem\",\"position\":2,\"name\":\"Accessibilit\u00e9\"}]},{\"@type\":\"WebSite\",\"@id\":\"https:\/\/www.canadahelps.org\/fr\/#website\",\"url\":\"https:\/\/www.canadahelps.org\/fr\/\",\"name\":\"CanadaHelps - Donate to any charity in Canada\",\"description\":\"Giving Made Simple\",\"publisher\":{\"@id\":\"https:\/\/www.canadahelps.org\/fr\/#organization\"},\"potentialAction\":[{\"@type\":\"SearchAction\",\"target\":{\"@type\":\"EntryPoint\",\"urlTemplate\":\"https:\/\/www.canadahelps.org\/fr\/?s={search_term_string}\"},\"query-input\":{\"@type\":\"PropertyValueSpecification\",\"valueRequired\":true,\"valueName\":\"search_term_string\"}}],\"inLanguage\":\"fr\"},{\"@type\":\"Organization\",\"@id\":\"https:\/\/www.canadahelps.org\/fr\/#organization\",\"name\":\"CanadaHelps\",\"url\":\"https:\/\/www.canadahelps.org\/fr\/\",\"logo\":{\"@type\":\"ImageObject\",\"inLanguage\":\"fr\",\"@id\":\"https:\/\/www.canadahelps.org\/fr\/#\/schema\/logo\/image\/\",\"url\":\"https:\/\/www.canadahelps.org\/media\/canadahelps-en.jpg\",\"contentUrl\":\"https:\/\/www.canadahelps.org\/media\/canadahelps-en.jpg\",\"width\":131,\"height\":72,\"caption\":\"CanadaHelps\"},\"image\":{\"@id\":\"https:\/\/www.canadahelps.org\/fr\/#\/schema\/logo\/image\/\"}}]}<\/script>\n<!-- \/ Yoast SEO plugin. -->","yoast_head_json":{"title":"Accessibilit\u00e9 | CanadaHelps - Donate to any charity in Canada","robots":{"index":"index","follow":"follow","max-snippet":"max-snippet:-1","max-image-preview":"max-image-preview:large","max-video-preview":"max-video-preview:-1"},"canonical":"https:\/\/www.canadahelps.org\/fr\/accessibilite\/","og_locale":"fr_FR","og_type":"article","og_title":"Accessibilit\u00e9 | CanadaHelps - Donate to any charity in Canada","og_description":"Accessibilit\u00e9 Derni\u00e8re mise \u00e0 jour : 30 avril 2024 D\u00e9claration d\u2019engagement CanaDon s\u2019engage \u00e0 offrir l\u2019\u00e9galit\u00e9 d\u2019acc\u00e8s et de participation aux personnes handicap\u00e9es, ainsi que ... Voir plus","og_url":"https:\/\/www.canadahelps.org\/fr\/accessibilite\/","og_site_name":"CanadaHelps - Donate to any charity in Canada","article_modified_time":"2025-10-17T14:41:51+00:00","twitter_card":"summary_large_image","twitter_misc":{"Est. reading time":"2 minutes"},"schema":{"@context":"https:\/\/schema.org","@graph":[{"@type":"WebPage","@id":"https:\/\/www.canadahelps.org\/fr\/accessibilite\/","url":"https:\/\/www.canadahelps.org\/fr\/accessibilite\/","name":"Accessibilit\u00e9 | CanadaHelps - Donate to any charity in Canada","isPartOf":{"@id":"https:\/\/www.canadahelps.org\/fr\/#website"},"datePublished":"2019-12-09T17:43:12+00:00","dateModified":"2025-10-17T14:41:51+00:00","breadcrumb":{"@id":"https:\/\/www.canadahelps.org\/fr\/accessibilite\/#breadcrumb"},"inLanguage":"fr","potentialAction":[{"@type":"ReadAction","target":["https:\/\/www.canadahelps.org\/fr\/accessibilite\/"]}]},{"@type":"BreadcrumbList","@id":"https:\/\/www.canadahelps.org\/fr\/accessibilite\/#breadcrumb","itemListElement":[{"@type":"ListItem","position":1,"name":"Home","item":"https:\/\/www.canadahelps.org\/fr\/"},{"@type":"ListItem","position":2,"name":"Accessibilit\u00e9"}]},{"@type":"WebSite","@id":"https:\/\/www.canadahelps.org\/fr\/#website","url":"https:\/\/www.canadahelps.org\/fr\/","name":"CanadaHelps - Donate to any charity in Canada","description":"Giving Made Simple","publisher":{"@id":"https:\/\/www.canadahelps.org\/fr\/#organization"},"potentialAction":[{"@type":"SearchAction","target":{"@type":"EntryPoint","urlTemplate":"https:\/\/www.canadahelps.org\/fr\/?s={search_term_string}"},"query-input":{"@type":"PropertyValueSpecification","valueRequired":true,"valueName":"search_term_string"}}],"inLanguage":"fr"},{"@type":"Organization","@id":"https:\/\/www.canadahelps.org\/fr\/#organization","name":"CanadaHelps","url":"https:\/\/www.canadahelps.org\/fr\/","logo":{"@type":"ImageObject","inLanguage":"fr","@id":"https:\/\/www.canadahelps.org\/fr\/#\/schema\/logo\/image\/","url":"https:\/\/www.canadahelps.org\/media\/canadahelps-en.jpg","contentUrl":"https:\/\/www.canadahelps.org\/media\/canadahelps-en.jpg","width":131,"height":72,"caption":"CanadaHelps"},"image":{"@id":"https:\/\/www.canadahelps.org\/fr\/#\/schema\/logo\/image\/"}}]}},"_links":{"self":[{"href":"https:\/\/www.canadahelps.org\/fr\/wp-json\/wp\/v2\/pages\/28483","targetHints":{"allow":["GET"]}}],"collection":[{"href":"https:\/\/www.canadahelps.org\/fr\/wp-json\/wp\/v2\/pages"}],"about":[{"href":"https:\/\/www.canadahelps.org\/fr\/wp-json\/wp\/v2\/types\/page"}],"author":[{"embeddable":true,"href":"https:\/\/www.canadahelps.org\/fr\/wp-json\/wp\/v2\/users\/30"}],"replies":[{"embeddable":true,"href":"https:\/\/www.canadahelps.org\/fr\/wp-json\/wp\/v2\/comments?post=28483"}],"version-history":[{"count":10,"href":"https:\/\/www.canadahelps.org\/fr\/wp-json\/wp\/v2\/pages\/28483\/revisions"}],"predecessor-version":[{"id":56506,"href":"https:\/\/www.canadahelps.org\/fr\/wp-json\/wp\/v2\/pages\/28483\/revisions\/56506"}],"wp:attachment":[{"href":"https:\/\/www.canadahelps.org\/fr\/wp-json\/wp\/v2\/media?parent=28483"}],"curies":[{"name":"wp","href":"https:\/\/api.w.org\/{rel}","templated":true}]}}