{"id":30441,"date":"2020-03-25T14:18:44","date_gmt":"2020-03-25T18:18:44","guid":{"rendered":"https:\/\/www.canadahelps.org\/?page_id=30441"},"modified":"2021-01-26T14:39:10","modified_gmt":"2021-01-26T19:39:10","slug":"fonds-covid-19","status":"publish","type":"page","link":"https:\/\/www.canadahelps.org\/fr\/fonds-covid-19\/","title":{"rendered":"Fonds COVID-19"},"content":{"rendered":"<style>html{background-color:#fff!important}#header{width:100%;background:#0070af}.w1920{background-image:url(https:\/\/www.canadahelps.org\/media\/20200329-COVID-LP-cover.jpg);background-repeat:no-repeat;background-position:right}#banner{height:400px;max-width:1280px;margin:0 auto}#banner-grid{display:flex;flex-direction:row;justify-content:flex-start;align-items:center;height:100%;margin:0 auto}.banner-item{max-width:620px;flex:1}.allfunds{width:250px}.chevron{width:30px}.banner-item h2{text-transform:uppercase;font-size:21px;color:#fff}.banner-item h1{font-size:36px;color:#fff}h2.blue{color:#1466a9;text-align:center}h3{margin-bottom:25px}.w960{width:100%;max-width:960px;padding:0 10px}.text-container{margin:20px auto}.text-container p{margin-bottom:25px}.w960-container{background:#fff;padding-bottom:20px}.spacer1{padding:50px 0 0;background:#fff}.spacer2 .text-container,.spacer2 .text-container p{margin-bottom:0}.cp-grid-container{display:grid;grid-gap:20px;grid-template-columns:1fr 1fr;grid-auto-flow:column;padding:10px;max-width:600px;margin:0 auto}.cp-grid-item{text-align:center;text-transform:uppercase}.cp-grid-item a{color:#0070af;text-decoration:none;display:block;margin:0;padding:0}.cp-grid-item p{max-width:195px;margin:0 auto}#covid-community{width:200px;height:200px;background:url(https:\/\/www.canadahelps.org\/media\/20200429_covid-population.png) no-repeat;display:inline-block;background-size:200px 200px}#covid-community:hover{background:url(https:\/\/www.canadahelps.org\/media\/20200429_covid-population-hover.png) no-repeat;background-size:200px 200px}#covid-hospital{width:200px;height:200px;background:url(https:\/\/www.canadahelps.org\/media\/20200423_covid-healthcare.png) no-repeat;display:inline-block;background-size:200px 200px}#covid-hospital:hover{background:url(https:\/\/www.canadahelps.org\/media\/20200423_covid-healthcare-hover.png) no-repeat;background-size:200px 200px}.gray-bg{background:#f8f8f8;padding:30px}.headline{display:inline-flex;flex-direction:row;justify-content:flex-start;align-items:flex-start;margin-bottom:20px}.headline p{margin:0;padding:0;display:none}.flex-item{padding:0 20px 0 0;align-self:flex-start}.orange-banner{background-color:#ab192d;padding:10px}.orange-grid{display:grid;grid-template-columns:1fr 3fr;grid-auto-flow:column;max-width:960px;margin:0 auto}.orange-grid-item:first-child{border-right:1px solid #e61e25}.orange-grid-item:nth-child(2){padding-left:30px}.orange-grid-item{display:grid;grid-auto-flow:column;padding:10px}.orange-grid-item img{padding:10px;margin:10px 40px 0 0;width:210px}.orange-grid-item p{color:#fff;text-align:left;font-size:18px;font-weight:700;margin-top:10px;text-transform:uppercase}.gore-mutual{background-color:#ab192d;padding:15px;color:#fff}.three-logos{display:grid;grid-template-columns:1fr 1fr 1fr;grid-auto-flow:column;max-width:960px;margin:0 auto}.three-logos-item{text-align:center;padding:20px}.three-logos-item:first-child{padding-top:35px}.three-logos-item:nth-child(3){padding-top:40px}.three-logos-item img{max-width:200px}.ftr-wave-top img{vertical-align:bottom;border:0;width:100%}.ftr-wave-header-txt{background-color:#1967ab;padding:30px 0 30px 0;text-align:center;color:#fff}.ftr-wave-header-txt h2{color:#fff;font-size:23px}.ftr-wave-grid-container{display:inline-grid;grid-template-columns:1fr 1fr 1fr;grid-auto-flow:column;padding:20px 0;max-width:1280px;grid-gap:20px}.ftr-wave-item{text-align:center}.ftr-wave-item-txt p{color:#fff;font-size:16px}.ftr-wave-item-txt{max-width:300px;margin:0 auto}.ftr-wave-terms{text-align:left;width:45%;margin:0 auto;font-size:12px}.ftr-wave-terms a{color:#fff}@media all and (max-width:1300px){.banner-item{max-width:600px}}@media screen and (max-width:640px){.w1920{width:100%;background-image:url(https:\/\/www.canadahelps.org\/media\/20200331_CovidLP-mobile.png);background-repeat:no-repeat;background-position:center;background-size:cover}.w1280{width:100%}.w960{width:100%}#cp-hero-txt{width:100%;margin:0 auto;text-align:center}#banner-grid{width:80%}.banner-item{margin-left:0}.allfunds{margin-top:30px}.orange-grid{grid-template-columns:1fr;grid-auto-flow:row;padding:10px}.orange-grid-item p{color:#fff;text-align:center;text-transform:uppercase}.orange-grid-item img{padding:10px;margin:0 auto}.orange-grid-item:first-child{border-right:none;border-bottom:1px solid #e61e25}.orange-grid-item:nth-child(2){padding-left:0}.three-logos{grid-template-columns:1fr;grid-auto-flow:row;padding:20px 0;grid-gap:20px}.cp-grid-container{grid-template-columns:1fr;grid-auto-flow:row;padding:10px}.cp-ftr-container{grid-gap:20px;grid-template-columns:1fr;grid-auto-flow:row;padding:10px 50px}.ftr-wave-grid-container{grid-template-columns:1fr;grid-auto-flow:row;padding:20px 0;grid-gap:20px}.ftr-wave-terms{width:75%}_:-ms-fullscreen,:root .cp-grid-container,.ftr-wave-grid-container{display:table;padding:0}_:-ms-fullscreen,:root .cp-grid-item,.ftr-wave-item{display:table-header-group!important}}@media all and (-ms-high-contrast:none),(-ms-high-contrast:active){.cp-grid-container{display:table}.cp-grid-item{display:table-cell;padding:30px}.ftr-wave-grid-container{display:table;margin:0 auto}.ftr-wave-item{display:table-cell}}@media (max-width:767px){.banner-item h2{text-align:center}.arrow-container{text-align:center}}<\/style>\n<div id=\"header\">\n<div class=\"w1920\">\n<div id=\"banner\">\n<div id=\"banner-grid\" class=\"w960\">\n<div class=\"banner-item\">\n<h2>FAITES UNE DIFF\u00c9RENCE DANS LE COMBAT CONTRE LA COVID-19<\/h2>\n<h1>Appuyez les efforts de riposte contre la COVID-19 avec un seul don.<\/h1>\n<div class=\"arrow-container\"><img decoding=\"async\" class=\"chevron\" src=\"https:\/\/www.canadahelps.org\/media\/20191108chevron.png\" \/><\/div>\n<\/div>\n<\/div>\n<\/div>\n<\/div>\n<\/div>\n<div class=\"orange-banner\">\n<div class=\"orange-grid\">\n<div class=\"orange-grid-item\"><img decoding=\"async\" src=\"https:\/\/www.canadahelps.org\/media\/20200330_Gore_Mutual_logo-white.png\"><\/div>\n<div class=\"orange-grid-item\">\n<p><span style=\"font-size: 24px;\">Merci \u00e0 la Fondation Gore Mutual pour avoir jumel\u00e9 2 MILLIONS de dollars en dons.<\/p>\n<\/p><\/div>\n<p>    <\/diV>\n<\/div>\n<div class=\"spacer1\">\n<div class=\"w960-container\">\n<h2 class=\"blue\">Appuyez des centaines d&#8217;organismes qui r\u00e9pondent \u00e0 la COVID-19. Faites un don aujourd&#8217;hui!<\/h2>\n<div class=\"text-container w960\">\nEn quelques mois seulement, la COVID-19 est devenue une pand\u00e9mie mondiale. Au Canada, les syst\u00e8mes de sant\u00e9 sont d\u00e9bord\u00e9s et des millions d&#8217;individus ont besoin d&#8217;aide alors que la distanciation sociale et l&#8217;impact \u00e9conomique p\u00e8sent lourdement sur les Canadiens.<\/p>\n<p><strong>Avec la Fondation Gore Mutual, nous pouvons rendre des communaut\u00e9s canadiennes plus s\u00fbres et plus r\u00e9silientes dans notre lutte contre la COVID-19.<\/strong><\/p>\n<p>Nous sommes fiers qu\u2019avec l\u2019aide de milliers de Canadiens, nous avons recueilli plus de $2 millions de dollars gr\u00e2ce \u00e0 nos Fonds pour la COVID-19 de CanaDon.Gr\u00e2ce \u00e0 la Fondation Gore Mutual, nous avons jumel\u00e9 <strong>$2 millions<\/strong> de dollars en dons ! Il n&#8217;est pas trop tard pour faire un don et continuer la lutte contre la COVID-19.<\/p>\n<p>Choisissez comment vous voulez aider et faites un don \u00e0 un Fonds CanaDon pour la COVID-19 pour faire une diff\u00e9rence aujourd&#8217;hui.<\/p>\n<div class=\"cp-grid-container\">\n<div class=\"cp-grid-item\">\n<a href=\"https:\/\/www.canadahelps.org\/fr\/fonds-cause\/covid-19-fonds-daide-aux-hopitaux\/\"><\/p>\n<div id=\"covid-hospital\"><\/div>\n<p><b>LE FONDS D&#8217;AIDE AUX H\u00d4PITAUX ET AUX SERVICES DE SANT\u00c9 POUR LA COVID-19<\/b><br \/>\n<\/a>\n<\/div>\n<div class=\"cp-grid-item\">\n<a href=\"https:\/\/www.canadahelps.org\/fr\/fonds-cause\/covid-19-fonds-daide-aux-communautes\/\"><\/p>\n<div id=\"covid-community\"><\/div>\n<p><b>LE FONDS D&#8217;AIDE AUX COMMUNAUT\u00c9S POUR LA COVID-19<\/b><br \/>\n<\/a>\n<\/div>\n<\/div>\n<\/div>\n<\/div>\n<\/div>\n<div class=\"spacer2 gray-bg\">\n<div class=\"text-container w960 \">\n<h3>\u00c0 PROPOS DES FONDS POUR LA COVID-19 DE CANADON<\/h3>\n<p>Lorsque vous faites un don \u00e0 nos Fonds pour une cause pour la COVID-19 de CanaDon, votre don sera doubl\u00e9 par la Fondation Gore Mutual *. De plus, votre don d\u00e9ductible d&#8217;imp\u00f4t est mis en commun avec de nombreux autres pour avoir des effets de grande envergure pour un nombre d&#8217;organismes de bienfaisance fournissant une aide essentielle \u00e0 ceux qui en ont besoin. Ces fonds soutiennent une gamme d&#8217;efforts, y compris l&#8217;acquisition d&#8217;\u00e9quipement hospitalier et de fournitures m\u00e9dicales, de la nourriture d&#8217;urgence pour ceux qui en ont besoin, les services pour les personnes \u00e2g\u00e9es isol\u00e9es, et bien plus encore.<\/p>\n<\/div>\n<\/div>\n<div class=\"spacer1\">\n<div class=\"text-container w960\">\n<h3>\u00c0 PROPOS DE LA FONDATION GORE MUTUAL<\/h3>\n<p><img decoding=\"async\" src=\"https:\/\/www.canadahelps.org\/media\/20200330_Gore_Mutual_logo.jpg\" width=\"200px\"><\/p>\n<p>Gore Mutual a \u00e9t\u00e9 fond\u00e9e en 1839 dans un esprit de collaboration et d&#8217;innovation. Depuis lors, nous avons fait de notre mieux pour aider les gens \u00e0 traverser des moments difficiles au-del\u00e0 de fournir une assurance. Notre histoire est celle de personnes qui se sont unies pour se prot\u00e9ger mutuellement, et pour prot\u00e9ger nos communaut\u00e9s et m\u00eame notre pays. Nous avons cr\u00e9\u00e9 notre Fondation Gore Mutual en 1998, afin que nous puissions officiellement en faire plus pour faire de nos communaut\u00e9s un meilleur endroit o\u00f9 vivre.\n<\/p><\/div>\n<\/div>\n<p>&nbsp;<\/p>\n<div class=\"spacer2\">\n<div class=\"text-container w960\">\n<h3>PRINCIPAUX DONATEURS AU FONDS POUR LA COVID-19<\/h3>\n<p>Nous tenons \u00e0 reconnaitre et remercier les principaux donateurs suivants pour leur soutien \u00e0 nos Fonds pour la COVID-19.\n<\/p><\/div>\n<div class=\"three-logos\">\n<div class=\"three-logos-item\">\n    <img decoding=\"async\" src=\"https:\/\/www.canadahelps.org\/media\/20200330_Gore_Mutual_logo.jpg\">\n<\/div>\n<div class=\"three-logos-item\">\n    <img decoding=\"async\" src=\"https:\/\/www.canadahelps.org\/media\/20200420_Charmin.jpg\">\n<\/div>\n<div class=\"three-logos-item\">\n    <img decoding=\"async\" src=\"https:\/\/www.canadahelps.org\/media\/20200420_AmgenLogo.jpg\">\n<\/div>\n<\/div>\n<div class=\"three-logos\">\n<div class=\"three-logos-item\">\n    <img decoding=\"async\" src=\"https:\/\/www.canadahelps.org\/media\/20200520_ucb_logo.jpg\" style=\"width:125px;\">\n<\/div>\n<div class=\"three-logos-item\">\n   &nbsp;<br \/>\n   &nbsp;<br \/>\n    <img decoding=\"async\" src=\"https:\/\/www.canadahelps.org\/media\/20200424_Lawson.png\">\n<\/div>\n<div class=\"three-logos-item\">\n      <br \/>\n   <img decoding=\"async\" src=\"https:\/\/www.canadahelps.org\/media\/20200507_CapitalOne.png\">\n<\/div>\n<\/div>\n<p>&nbsp;<\/p>\n<div class=\"three-logos\">\n<div class=\"three-logos-item\">\n    <img decoding=\"async\" src=\"https:\/\/www.canadahelps.org\/media\/20200611_HUB-Vertical-Full-Colour-CMYK_lr.jpg\" style=\"width:70px; margin-top:-40px;\">\n<\/div>\n<div class=\"three-logos-item\">\n    <img decoding=\"async\" src=\"https:\/\/www.canadahelps.org\/media\/20200515_Saje_LOGO_445.png\" style=\"width:125px; margin-top:-15px;\">\n<\/div>\n<div class=\"three-logos-item\">\n    <img decoding=\"async\" src=\"https:\/\/www.canadahelps.org\/media\/20200814_Chatime_Logo.jpg\" style=\"margin-top:-40px;\">\n<\/div>\n<\/div>\n<div class=\"three-logos\">\n<div class=\"three-logos-item\">\n        <a href=\"https:\/\/www.tocarajewelry.com\/pages\/covid-19-relief-fund\" target=\"_blank\" rel=\"noopener noreferrer\"><img decoding=\"async\" src=\"https:\/\/www.canadahelps.org\/media\/20210126_Tocara.png\" style=\"width:175px; margin-top:0px;\"><\/a>\n    <\/div>\n<div class=\"three-logos-item\">\n       &nbsp;\n    <\/div>\n<div class=\"three-logos-item\">\n        &nbsp;\n    <\/div>\n<\/p><\/div>\n<div class=\"spacer1\">&nbsp;<\/div>\n<div class=\"ftr-wave-top\"><img decoding=\"async\" src=\"https:\/\/www.canadahelps.org\/media\/20190704_blue-background-image.png\" \/><\/div>\n<div class=\"ftr-wave-header-txt\">\n<h2>Pourquoi faire un don aux Fonds pour la COVID-19 sur CanaDon?<\/h2>\n<div class=\"ftr-wave-grid-container\">\n<div class=\"ftr-wave-item\">\n<div class=\"ftr-wave-item-txt\">\n<img decoding=\"async\" src=\"https:\/\/www.canadahelps.org\/media\/HeartHand.png\" \/><\/p>\n<p>\n<b>Le pouvoir de plusieurs<\/b><br \/>\nJoignez-vous \u00e0 d\u2019autres pour appuyer des centaines d\u2019organismes de bienfaisance qui font une diff\u00e9rence!\n<\/p>\n<\/div>\n<\/div>\n<div class=\"ftr-wave-item\">\n<div class=\"ftr-wave-item-txt\">\n<img decoding=\"async\" src=\"https:\/\/www.canadahelps.org\/media\/PaperPlane.png\" \/><\/p>\n<p>\n<b>Votre don sera mis au travail<\/b><br \/>\nVous pouvez \u00eatre assur\u00e9 que votre don ira \u00e0 des organismes de bienfaisance enregistr\u00e9s aupr\u00e8s de l\u2019ARC. Vous recevez \u00e9galement un re\u00e7u d\u2019imp\u00f4t, qui peut vous aider \u00e0 r\u00e9duire vos imp\u00f4ts.\n<\/p>\n<\/div>\n<\/div>\n<div class=\"ftr-wave-item\">\n<div class=\"ftr-wave-item-txt\">\n<img decoding=\"async\" src=\"https:\/\/www.canadahelps.org\/media\/Sheild.png\" \/><\/p>\n<p>\n<b>Impact important et r\u00e9sultats r\u00e9els<\/b><br \/>\nSoutenez un large \u00e9ventail d\u2019organisations caritatives et d\u2019initiatives qui donnent des r\u00e9sultats concrets, quels que soient vos objectifs!\n<\/p>\n<\/div>\n<\/div>\n<\/div>\n<\/div>\n<div style=\"padding:20px; font-size:12px\">\n    * L&#8217;Offre de jumelage des dons pour les Fonds pour une cause pour la COVID-19 est valable \u00e0 partir du mardi 31 mars 2020 12 h 01 HAE jusqu&#8217;au jeudi 30 avril 2020 23 h 59 HAE. Les dons de 3 $ ou plus vers\u00e9s au <a href=\"https:\/\/www.canadahelps.org\/fr\/fonds-cause\/covid-19-fonds-daide-aux-communautes\/\">Fonds d&#8217;aide pour les communaut\u00e9s pour la COVID-19 CanaDon<\/a> et au <a href=\"https:\/\/www.canadahelps.org\/fr\/fonds-cause\/covid-19-fonds-daide-aux-hopitaux\/\">Fonds d&#8217;aide aux h\u00f4pitaux et aux services de sant\u00e9 pour la COVID-19<\/a> (ci-apr\u00e8s, \u00ab Fonds \u00bb) seront jumel\u00e9s par notre partenaire, la Fondation Gore Mutual, jusqu&#8217;\u00e0 un montant maximum de 1 000 000 $ CAD par Fonds. Les donateurs recevront un re\u00e7u d&#8217;imp\u00f4t pour la valeur de leur don par le biais de CanaDon. L&#8217;offre n&#8217;est valable que pour les dons vers\u00e9s aux Fonds susmentionn\u00e9s et n&#8217;inclut pas les dons faits \u00e0 des organismes de bienfaisance individuels, les dons aux campagnes de bienfaisance, les don de valeurs mobili\u00e8res, les dons aux campagnes entre pairs ou aux \u00e9v\u00e9nements tiers, les dons par API ou l&#8217;achat ou l&#8217;\u00e9change de cartes-cadeaux de bienfaisance. Jusqu&#8217;\u00e0 \u00e9puisement des stocks. CanaDon se r\u00e9serve le droit de mettre fin \u00e0 la promotion en tout temps.\n<\/div>\n","protected":false},"excerpt":{"rendered":"<p>FAITES UNE DIFF\u00c9RENCE DANS LE COMBAT CONTRE LA COVID-19 Appuyez les efforts de riposte contre la COVID-19 avec un seul don. Merci \u00e0 la Fondation &#8230; <a href=\"https:\/\/www.canadahelps.org\/fr\/fonds-covid-19\/\" id=\"canadahelp-blog-meta\">Voir plus<\/a><\/p>\n","protected":false},"author":30,"featured_media":0,"parent":0,"menu_order":0,"comment_status":"closed","ping_status":"closed","template":"template-fullwidth-page.php","meta":{"footnotes":""},"class_list":["post-30441","page","type-page","status-publish","hentry"],"acf":{"meta_description":"","use_toc_layout":false,"additional_body_css_classes":"","hide_page_title":false,"row_settings":false,"insert_spotlight_boxes":false,"use_biography_grid":false},"yoast_head":"<!-- This site is optimized with the Yoast SEO plugin v26.0 - https:\/\/yoast.com\/wordpress\/plugins\/seo\/ -->\n<title>Fonds COVID-19 | CanadaHelps - Donate to any charity in Canada<\/title>\n<meta name=\"robots\" content=\"index, follow, max-snippet:-1, max-image-preview:large, max-video-preview:-1\" \/>\n<link rel=\"canonical\" href=\"https:\/\/www.canadahelps.org\/fr\/fonds-covid-19\/\" \/>\n<meta property=\"og:locale\" content=\"fr_FR\" \/>\n<meta property=\"og:type\" content=\"article\" \/>\n<meta property=\"og:title\" content=\"Le jumelage de dons est disponible! Appuyez les efforts de secours pour la COVID-19.\" \/>\n<meta property=\"og:description\" content=\"Faites un don \u00e0 un Fonds pour une cause pour la COVID-19 et la Fondation Gore Mutual fera un don pour un montant \u00e9gal! Un moyen facile de soutenir de nombreux organismes de bienfaisance qui r\u00e9pondent \u00e0 la crise de la COVID-19 au Canada. De plus, votre don d\u00e9ductible d&#039;imp\u00f4t est mis en commun avec de nombreux autres pour avoir des effets de grande envergure et fournir une aide essentielle \u00e0 ceux qui en ont besoin.\" \/>\n<meta property=\"og:url\" content=\"https:\/\/www.canadahelps.org\/fr\/fonds-covid-19\/\" \/>\n<meta property=\"og:site_name\" content=\"CanadaHelps - Donate to any charity in Canada\" \/>\n<meta property=\"article:modified_time\" content=\"2021-01-26T19:39:10+00:00\" \/>\n<meta property=\"og:image\" content=\"https:\/\/www.canadahelps.org\/media\/20200423_LP_Health_social_FRE.jpg\" \/>\n\t<meta property=\"og:image:width\" content=\"1200\" \/>\n\t<meta property=\"og:image:height\" content=\"600\" \/>\n\t<meta property=\"og:image:type\" content=\"image\/jpeg\" \/>\n<meta name=\"twitter:card\" content=\"summary_large_image\" \/>\n<meta name=\"twitter:title\" content=\"Le jumelage de dons est disponible! Appuyez les efforts de secours pour la COVID-19.\" \/>\n<meta name=\"twitter:description\" content=\"Faites un don \u00e0 un Fonds pour une cause pour la COVID-19 et la Fondation Gore Mutual fera un don pour un montant \u00e9gal! Un moyen facile de soutenir de nombreux organismes de bienfaisance qui r\u00e9pondent \u00e0 la crise de la COVID-19 au Canada. De plus, votre don d\u00e9ductible d&#039;imp\u00f4t est mis en commun avec de nombreux autres pour avoir des effets de grande envergure et fournir une aide essentielle \u00e0 ceux qui en ont besoin.\" \/>\n<meta name=\"twitter:image\" content=\"https:\/\/www.canadahelps.org\/media\/20200423_LP_Health_social_FRE.jpg\" \/>\n<meta name=\"twitter:label1\" content=\"Est. reading time\" \/>\n\t<meta name=\"twitter:data1\" content=\"4 minutes\" \/>\n<script type=\"application\/ld+json\" class=\"yoast-schema-graph\">{\"@context\":\"https:\/\/schema.org\",\"@graph\":[{\"@type\":\"WebPage\",\"@id\":\"https:\/\/www.canadahelps.org\/fr\/fonds-covid-19\/\",\"url\":\"https:\/\/www.canadahelps.org\/fr\/fonds-covid-19\/\",\"name\":\"Fonds COVID-19 | CanadaHelps - Donate to any charity in Canada\",\"isPartOf\":{\"@id\":\"https:\/\/www.canadahelps.org\/fr\/#website\"},\"primaryImageOfPage\":{\"@id\":\"https:\/\/www.canadahelps.org\/fr\/fonds-covid-19\/#primaryimage\"},\"image\":{\"@id\":\"https:\/\/www.canadahelps.org\/fr\/fonds-covid-19\/#primaryimage\"},\"thumbnailUrl\":\"https:\/\/www.canadahelps.org\/media\/20191108chevron.png\",\"datePublished\":\"2020-03-25T18:18:44+00:00\",\"dateModified\":\"2021-01-26T19:39:10+00:00\",\"breadcrumb\":{\"@id\":\"https:\/\/www.canadahelps.org\/fr\/fonds-covid-19\/#breadcrumb\"},\"inLanguage\":\"fr\",\"potentialAction\":[{\"@type\":\"ReadAction\",\"target\":[\"https:\/\/www.canadahelps.org\/fr\/fonds-covid-19\/\"]}]},{\"@type\":\"ImageObject\",\"inLanguage\":\"fr\",\"@id\":\"https:\/\/www.canadahelps.org\/fr\/fonds-covid-19\/#primaryimage\",\"url\":\"https:\/\/www.canadahelps.org\/media\/20191108chevron.png\",\"contentUrl\":\"https:\/\/www.canadahelps.org\/media\/20191108chevron.png\"},{\"@type\":\"BreadcrumbList\",\"@id\":\"https:\/\/www.canadahelps.org\/fr\/fonds-covid-19\/#breadcrumb\",\"itemListElement\":[{\"@type\":\"ListItem\",\"position\":1,\"name\":\"Home\",\"item\":\"https:\/\/www.canadahelps.org\/fr\/\"},{\"@type\":\"ListItem\",\"position\":2,\"name\":\"Fonds COVID-19\"}]},{\"@type\":\"WebSite\",\"@id\":\"https:\/\/www.canadahelps.org\/fr\/#website\",\"url\":\"https:\/\/www.canadahelps.org\/fr\/\",\"name\":\"CanadaHelps - Donate to any charity in Canada\",\"description\":\"Giving Made Simple\",\"publisher\":{\"@id\":\"https:\/\/www.canadahelps.org\/fr\/#organization\"},\"potentialAction\":[{\"@type\":\"SearchAction\",\"target\":{\"@type\":\"EntryPoint\",\"urlTemplate\":\"https:\/\/www.canadahelps.org\/fr\/?s={search_term_string}\"},\"query-input\":{\"@type\":\"PropertyValueSpecification\",\"valueRequired\":true,\"valueName\":\"search_term_string\"}}],\"inLanguage\":\"fr\"},{\"@type\":\"Organization\",\"@id\":\"https:\/\/www.canadahelps.org\/fr\/#organization\",\"name\":\"CanadaHelps\",\"url\":\"https:\/\/www.canadahelps.org\/fr\/\",\"logo\":{\"@type\":\"ImageObject\",\"inLanguage\":\"fr\",\"@id\":\"https:\/\/www.canadahelps.org\/fr\/#\/schema\/logo\/image\/\",\"url\":\"https:\/\/www.canadahelps.org\/media\/canadahelps-en.jpg\",\"contentUrl\":\"https:\/\/www.canadahelps.org\/media\/canadahelps-en.jpg\",\"width\":131,\"height\":72,\"caption\":\"CanadaHelps\"},\"image\":{\"@id\":\"https:\/\/www.canadahelps.org\/fr\/#\/schema\/logo\/image\/\"}}]}<\/script>\n<!-- \/ Yoast SEO plugin. -->","yoast_head_json":{"title":"Fonds COVID-19 | CanadaHelps - Donate to any charity in Canada","robots":{"index":"index","follow":"follow","max-snippet":"max-snippet:-1","max-image-preview":"max-image-preview:large","max-video-preview":"max-video-preview:-1"},"canonical":"https:\/\/www.canadahelps.org\/fr\/fonds-covid-19\/","og_locale":"fr_FR","og_type":"article","og_title":"Le jumelage de dons est disponible! Appuyez les efforts de secours pour la COVID-19.","og_description":"Faites un don \u00e0 un Fonds pour une cause pour la COVID-19 et la Fondation Gore Mutual fera un don pour un montant \u00e9gal! Un moyen facile de soutenir de nombreux organismes de bienfaisance qui r\u00e9pondent \u00e0 la crise de la COVID-19 au Canada. De plus, votre don d\u00e9ductible d'imp\u00f4t est mis en commun avec de nombreux autres pour avoir des effets de grande envergure et fournir une aide essentielle \u00e0 ceux qui en ont besoin.","og_url":"https:\/\/www.canadahelps.org\/fr\/fonds-covid-19\/","og_site_name":"CanadaHelps - Donate to any charity in Canada","article_modified_time":"2021-01-26T19:39:10+00:00","og_image":[{"width":1200,"height":600,"url":"https:\/\/www.canadahelps.org\/media\/20200423_LP_Health_social_FRE.jpg","type":"image\/jpeg"}],"twitter_card":"summary_large_image","twitter_title":"Le jumelage de dons est disponible! Appuyez les efforts de secours pour la COVID-19.","twitter_description":"Faites un don \u00e0 un Fonds pour une cause pour la COVID-19 et la Fondation Gore Mutual fera un don pour un montant \u00e9gal! Un moyen facile de soutenir de nombreux organismes de bienfaisance qui r\u00e9pondent \u00e0 la crise de la COVID-19 au Canada. De plus, votre don d\u00e9ductible d'imp\u00f4t est mis en commun avec de nombreux autres pour avoir des effets de grande envergure et fournir une aide essentielle \u00e0 ceux qui en ont besoin.","twitter_image":"https:\/\/www.canadahelps.org\/media\/20200423_LP_Health_social_FRE.jpg","twitter_misc":{"Est. reading time":"4 minutes"},"schema":{"@context":"https:\/\/schema.org","@graph":[{"@type":"WebPage","@id":"https:\/\/www.canadahelps.org\/fr\/fonds-covid-19\/","url":"https:\/\/www.canadahelps.org\/fr\/fonds-covid-19\/","name":"Fonds COVID-19 | CanadaHelps - Donate to any charity in Canada","isPartOf":{"@id":"https:\/\/www.canadahelps.org\/fr\/#website"},"primaryImageOfPage":{"@id":"https:\/\/www.canadahelps.org\/fr\/fonds-covid-19\/#primaryimage"},"image":{"@id":"https:\/\/www.canadahelps.org\/fr\/fonds-covid-19\/#primaryimage"},"thumbnailUrl":"https:\/\/www.canadahelps.org\/media\/20191108chevron.png","datePublished":"2020-03-25T18:18:44+00:00","dateModified":"2021-01-26T19:39:10+00:00","breadcrumb":{"@id":"https:\/\/www.canadahelps.org\/fr\/fonds-covid-19\/#breadcrumb"},"inLanguage":"fr","potentialAction":[{"@type":"ReadAction","target":["https:\/\/www.canadahelps.org\/fr\/fonds-covid-19\/"]}]},{"@type":"ImageObject","inLanguage":"fr","@id":"https:\/\/www.canadahelps.org\/fr\/fonds-covid-19\/#primaryimage","url":"https:\/\/www.canadahelps.org\/media\/20191108chevron.png","contentUrl":"https:\/\/www.canadahelps.org\/media\/20191108chevron.png"},{"@type":"BreadcrumbList","@id":"https:\/\/www.canadahelps.org\/fr\/fonds-covid-19\/#breadcrumb","itemListElement":[{"@type":"ListItem","position":1,"name":"Home","item":"https:\/\/www.canadahelps.org\/fr\/"},{"@type":"ListItem","position":2,"name":"Fonds COVID-19"}]},{"@type":"WebSite","@id":"https:\/\/www.canadahelps.org\/fr\/#website","url":"https:\/\/www.canadahelps.org\/fr\/","name":"CanadaHelps - Donate to any charity in Canada","description":"Giving Made Simple","publisher":{"@id":"https:\/\/www.canadahelps.org\/fr\/#organization"},"potentialAction":[{"@type":"SearchAction","target":{"@type":"EntryPoint","urlTemplate":"https:\/\/www.canadahelps.org\/fr\/?s={search_term_string}"},"query-input":{"@type":"PropertyValueSpecification","valueRequired":true,"valueName":"search_term_string"}}],"inLanguage":"fr"},{"@type":"Organization","@id":"https:\/\/www.canadahelps.org\/fr\/#organization","name":"CanadaHelps","url":"https:\/\/www.canadahelps.org\/fr\/","logo":{"@type":"ImageObject","inLanguage":"fr","@id":"https:\/\/www.canadahelps.org\/fr\/#\/schema\/logo\/image\/","url":"https:\/\/www.canadahelps.org\/media\/canadahelps-en.jpg","contentUrl":"https:\/\/www.canadahelps.org\/media\/canadahelps-en.jpg","width":131,"height":72,"caption":"CanadaHelps"},"image":{"@id":"https:\/\/www.canadahelps.org\/fr\/#\/schema\/logo\/image\/"}}]}},"_links":{"self":[{"href":"https:\/\/www.canadahelps.org\/fr\/wp-json\/wp\/v2\/pages\/30441","targetHints":{"allow":["GET"]}}],"collection":[{"href":"https:\/\/www.canadahelps.org\/fr\/wp-json\/wp\/v2\/pages"}],"about":[{"href":"https:\/\/www.canadahelps.org\/fr\/wp-json\/wp\/v2\/types\/page"}],"author":[{"embeddable":true,"href":"https:\/\/www.canadahelps.org\/fr\/wp-json\/wp\/v2\/users\/30"}],"replies":[{"embeddable":true,"href":"https:\/\/www.canadahelps.org\/fr\/wp-json\/wp\/v2\/comments?post=30441"}],"version-history":[{"count":27,"href":"https:\/\/www.canadahelps.org\/fr\/wp-json\/wp\/v2\/pages\/30441\/revisions"}],"predecessor-version":[{"id":38697,"href":"https:\/\/www.canadahelps.org\/fr\/wp-json\/wp\/v2\/pages\/30441\/revisions\/38697"}],"wp:attachment":[{"href":"https:\/\/www.canadahelps.org\/fr\/wp-json\/wp\/v2\/media?parent=30441"}],"curies":[{"name":"wp","href":"https:\/\/api.w.org\/{rel}","templated":true}]}}