{"id":3111,"date":"2014-10-03T11:04:33","date_gmt":"2014-10-03T15:04:33","guid":{"rendered":"https:\/\/www.canadahelps.org\/?page_id=3111"},"modified":"2025-11-26T16:44:19","modified_gmt":"2025-11-26T21:44:19","slug":"mardi-je-donne","status":"publish","type":"page","link":"https:\/\/www.canadahelps.org\/fr\/mardi-je-donne\/","title":{"rendered":"Mardi je donne"},"content":{"rendered":"<style>#givingtuesday-aaa,#givingtuesday-aab,#givingtuesday-bbb,#givingtuesday-ccc,#givingtuesday-ddd,#givingtuesday-eee,#givingtuesday-fff{width:85%;margin:90px auto;max-width:1288px}#givingtuesday-aab>section>div>h2{display:none}#charity-search-click{height:58px}#givingtuesday-ggg-faq{width:50%;margin:0 auto 75px auto}.gt25-sxs{display:flex;justify-content:space-evenly;align-items:center}.gt25-sxs-img,.gt25-sxs-text{width:50%}.gt25-sxs-explore{display:flex;justify-content:space-evenly;align-items:center;gap:30px}.gt-sxs-explore-item{width:50%;margin:0 30px}.gt-ex-item-headline{margin-top:20px}.gt-ex-item-headline h4{font-size:18px}.gt25-sxs>.gt25-sxs-img:nth-child(1){text-align:left}.gt25-sxs>.gt25-sxs-img:nth-child(2){text-align:right}.gt25-sxs-img img{display:inline-block;max-width:450px;width:100%}#gt-ccc-headline{width:100%}.faqs-buttons{display:flex;margin-top:32px}.faqs-buttons>a{margin-right:16px}.faq-accordion{border-radius:4px;margin-bottom:12px}.faq-accordion ul{list-style:disc;padding-left:32px;margin-bottom:16px}.faq-accordion summary{display:flex;justify-content:space-between;align-items:center;cursor:pointer;padding:24px}.faq-accordion summary p{margin-bottom:0}.faq-accordion-content{padding:0 24px 16px}.faq-accordion-content.contact{padding-bottom:1px}.faq-accordion-content.contact p{margin-bottom:0}.faq-accordion-content.contact>div{margin-bottom:24px}.chevron-up-down{margin-left:16px}details .chevron-up-down:before{content:\"\\f077\"}details[open] .chevron-up-down:before{content:\"\\f078\"}@media screen and (max-width:768px){#givingtuesday-aaa,#givingtuesday-aab,#givingtuesday-bbb,#givingtuesday-ccc,#givingtuesday-ddd,#givingtuesday-eee,#givingtuesday-fff{width:95%;margin:10px auto;padding:0 30px}#givingtuesday-ggg-faq{width:95%;padding:0 30px}.gt25-sxs,.gt25-sxs-explore{flex-direction:column}.gt-sxs-explore-item,.gt25-sxs-img,.gt25-sxs-text{width:100%;padding-top:30px}.gt25-sxs>.gt25-sxs-img:nth-child(1){text-align:center}.gt25-sxs>.gt25-sxs-img:nth-child(2){text-align:center}#gt-ccc-headline{width:95%}.gt-table{width:100%}.order-one{order:1}.order-two{order:2}}<\/style>\n<section id=\"givingtuesday-aaa\">\n<div class=\"gt25-sxs\">\n<div class=\"gt25-sxs-img\">\n      <img decoding=\"async\" src=\"https:\/\/www.canadahelps.org\/media\/20250814_mkt_453_002.jpg\" alt=\"\" \/>\n    <\/div>\n<div class=\"gt25-sxs-text\">\n      <img decoding=\"async\" src=\"https:\/\/www.canadahelps.org\/media\/20250902-mardi-je-donne.png\" alt=\"\" \/><br \/>\n      <!-- \n\n<p class=\"header-label\">Participez au mouvement mondial de g\u00e9n\u00e9rosit\u00e9<\/p>\n\n --><\/p>\n<h1 class=\"header-display\">Le 2 d\u00e9cembre, c&#8217;est <span class=\"ch-underline-gradient\">Mardi je donne<\/span>. Aidez-nous \u00e0 susciter la g\u00e9n\u00e9rosit\u00e9.<\/h1>\n<\/p><\/div>\n<\/p><\/div>\n<\/section>\n<section id=\"givingtuesday-aab\">\n<h2 class=\"header-primary\">Soutenez des Organismes de bienfaisance qui vous passionnent<\/h2>\n<p>      <section class=\"widget canadahelps_find-a-charity slim canadahelps_widget\" style=\"border: 1px solid #0070AE;\"><div class=\"widget-inner\">\n      <\/div><\/section><br \/>\n  <script src=\"https:\/\/www.canadahelps.org\/secure\/searchwidget\/assets\/ch-search-widget.js\"><\/script><br \/>\n<\/section>\n<section id=\"givingtuesday-bbb\">\n<div class=\"gt25-sxs\">\n<div class=\"gt25-sxs-text\">\n<h2 class=\"header-primary\">R\u00e9pandez la g\u00e9n\u00e9rosit\u00e9 cette ann\u00e9e<\/h2>\n<p>      Alors que Vendredi fou et Cyberlundi sont les plus grands jours de magasinage de l\u2019ann\u00e9e, Mardi je donne marque quelque chose de plus grand. C\u2019est une id\u00e9e simple : une journ\u00e9e qui encourage les gens \u00e0 faire le bien autour d\u2019eux, \u00e0 mettre de c\u00f4t\u00e9 le consum\u00e9risme tout en b\u00e2tissant des communaut\u00e9s plus solides gr\u00e2ce au ciment de la g\u00e9n\u00e9rosit\u00e9. Il y a tellement de fa\u00e7ons diff\u00e9rentes de l\u2019exprimer. D\u00e9couvrez-en plus ci-dessous. Chacun a quelque chose \u00e0 offrir, et chaque acte de g\u00e9n\u00e9rosit\u00e9 compte.\n    <\/p><\/div>\n<div class=\"gt25-sxs-img\"><img decoding=\"async\" src=\"https:\/\/www.canadahelps.org\/media\/20250918_mkt_531_009.jpg\" alt=\"\" \/><\/div>\n<\/p><\/div>\n<\/section>\n<section id=\"givingtuesday-ccc\">\n<div id=\"gt-ccc-headline\">\n<h2 class=\"header-primary\">D\u00e9couvrez plus de mani\u00e8res de donner pendant Mardi je donne<\/h2>\n<\/p><\/div>\n<div class=\"gt25-sxs-explore\">\n<div class=\"gt-sxs-explore-item\">\n<div class=\"gt-ex-item-img\"><img decoding=\"async\" src=\"https:\/\/www.canadahelps.org\/media\/20250814_mkt_453_005.jpg\" alt=\"\" \/><\/div>\n<div class=\"gt-ex-item-headline\">\n<h4>Trouvez les campagnes Mardi je donne<\/h4>\n<\/div>\n<div class=\"gt-ex-item-copy\">\n        Trouvez vos organismes pr\u00e9f\u00e9r\u00e9s parmi les plus de 85 000 organismes de bienfaisance enregistr\u00e9s sur CanaDon. Re\u00e7u fiscal instantan\u00e9 et facile \u00e0 obtenir\u2026 le tout \u00e0 un seul endroit!<br \/>\n        <a href=\"https:\/\/www.canadahelps.org\/fr\/explore\/charities\/\" class=\"link-ch-purple link-no-underline text-ch-bold\">Recherchez&nbsp;<\/a><i class=\"fa-solid fa-arrow-right\"><\/i>\n      <\/div>\n<\/p><\/div>\n<div class=\"gt-sxs-explore-item\">\n<div class=\"gt-ex-item-img\"><img decoding=\"async\" src=\"https:\/\/www.canadahelps.org\/media\/20250814_mkt_453_006.jpg\" alt=\"\" \/><\/div>\n<div class=\"gt-ex-item-headline\">\n<h4>Recueillez des fonds pour votre organisme de bienfaisance pr\u00e9f\u00e9r\u00e9<\/h4>\n<\/div>\n<div class=\"gt-ex-item-copy\">\n        ancez une collecte de fonds en quelques minutes et incitez votre entourage \u00e0 faire des dons de bienfaisance. De plus, vous pouvez soutenir un ou plusieurs organismes. <br \/>\n        <a href=\"https:\/\/www.canadahelps.org\/fr\/faites-une-collecte-de-fonds\/\" class=\"link-ch-purple link-no-underline text-ch-bold\">Commencez<\/a>&nbsp;<i class=\"fa-solid fa-arrow-right\"><\/i>\n      <\/div>\n<\/p><\/div>\n<\/p><\/div>\n<div class=\"gt25-sxs-explore\">\n<div class=\"gt-sxs-explore-item\">\n<div class=\"gt-ex-item-img\"><img decoding=\"async\" src=\"https:\/\/www.canadahelps.org\/media\/20250918_mkt_531_011.jpg\" alt=\"\" \/><\/div>\n<div class=\"gt-ex-item-headline\">\n<h4>Donnez en l\u2019honneur de vos proches<\/h4>\n<\/div>\n<div class=\"gt-ex-item-copy\">Faites un don \u00e0 l\u2019organisme de bienfaisance pr\u00e9f\u00e9r\u00e9 de votre proche et envoyez-lui une carte \u00e9lectronique de Mardi je Donne pour le lui dire! <br \/><a href=\"https:\/\/www.canadahelps.org\/fr\/faites-un-don\/don-avec-carte-electronique\/\" class=\"link-ch-purple link-no-underline text-ch-bold\">Envoyez<\/a>&nbsp;<i class=\"fa-solid fa-arrow-right\"><\/i><\/div>\n<\/p><\/div>\n<div class=\"gt-sxs-explore-item\">\n<div class=\"gt-ex-item-img\"><img decoding=\"async\" src=\"https:\/\/www.canadahelps.org\/media\/20250814_mkt_453_008.jpg\" alt=\"\" \/><\/div>\n<div class=\"gt-ex-item-headline\">\n<h4>Partagez l\u2019amour : offrez une carte-cadeau de bienfaisance.<\/h4>\n<\/div>\n<div class=\"gt-ex-item-copy\">Qu\u2019il s\u2019agisse de nos NOUVELLES cartes-cadeaux Mardi je donne, ou pour toute autre occasion \u00e0 laquelle vous songez, offrez le cadeau de la g\u00e9n\u00e9rosit\u00e9! <br \/><a href=\"https:\/\/www.canadahelps.org\/fr\/cartes-cadeaux\/orders\/\" class=\"link-ch-purple link-no-underline text-ch-bold\">C&#8217;est Parti&nbsp;<\/a><i class=\"fa-solid fa-arrow-right\"><\/i><\/div>\n<\/p><\/div>\n<\/p><\/div>\n<\/section>\n<section id=\"givingtuesday-ddd\">\n<div class=\"gt25-sxs\">\n<div class=\"gt25-sxs-img\"><img decoding=\"async\" src=\"https:\/\/www.canadahelps.org\/media\/20251124_mkt_631_001.jpg\" alt=\"\" \/><\/div>\n<div class=\"gt25-sxs-text\">\n<h2 class=\"header-primary\">Comment Mardi je donne a commenc\u00e9 au Canada?<\/h2>\n<p>En 2013, alors que les week-ends de magasinage prenaient de l\u2019ampleur, une question a vu le jour : et si l\u2019on canalisait cette m\u00eame \u00e9nergie vers la g\u00e9n\u00e9rosit\u00e9?<\/p>\n<p>La m\u00eame ann\u00e9e, CanaDon, GIV3 et des partenaires fondateurs se sont unis pour lancer Mardi je donne au Canada \u2014 un mouvement qui invite les communaut\u00e9s de tout le pays \u00e0 redonner \u00e0 leur mani\u00e8re. Chaque ann\u00e9e, le mardi qui suit le Vendredi fou, les gens prennent un moment pour se demander non pas \u00ab Qu\u2019est-ce que je peux recevoir \u00bb, mais \u00ab Qu\u2019est-ce que je peux donner? \u00bb<\/p>\n<p>Ce qui a commenc\u00e9 comme un \u00e9v\u00e9nement d\u2019une seule journ\u00e9e a pris beaucoup plus d\u2019importance. Mardi je donne suscite maintenant la g\u00e9n\u00e9rosit\u00e9 tout au long de l\u2019ann\u00e9e et encourage les Canadiens de tous \u00e2ges et de tous horizons \u00e0 renforcer leur communaut\u00e9 en posant des gestes de bont\u00e9, petits et grands.<\/p>\n<\/p><\/div>\n<\/p><\/div>\n<\/section>\n<section id=\"givingtuesday-eee\">\n<div class=\"gt25-sxs\">\n<div class=\"gt25-sxs-text order-two\">\n<h2 class=\"header-primary\">Comment le r\u00f4le de CanaDon dans Mardi je donne a-t-il \u00e9volu\u00e9 avec le temps?<\/h2>\n<p>Depuis le lancement de Mardi je donne en 2013, nous nous effor\u00e7ons de susciter la g\u00e9n\u00e9rosit\u00e9 en:<\/p>\n<ul class=\"list-disc\">\n<li>Aidant les Canadiens \u00e0 exprimer leur g\u00e9n\u00e9rosit\u00e9 gr\u00e2ce \u00e0 des histoires de vos communaut\u00e9s.<\/li>\n<li>Vous mettant en relation virtuelle avec des milliers d\u2019organismes de bienfaisance enregistr\u00e9s, tout en facilitant la remise de re\u00e7us fiscaux pour les personnes qui en ont les moyens.<\/li>\n<li>Simplifiant le processus pour inspirer la g\u00e9n\u00e9rosit\u00e9 chez les autres et soutenir les causes qui vous tiennent \u00e0 c\u0153ur, en offrant la possibilit\u00e9 de cr\u00e9er des collectes de fonds en ligne, des cartes \u00e9lectroniques de bienfaisance et des cartes-cadeaux!<\/li>\n<\/ul>\n<p>Nous nous engageons tout autant \u00e0 soutenir les organismes de bienfaisance du Canada en leur offrant des formations, des outils et des ressources qui les aident \u2014 quels que soient leur taille et leur mandat \u2014 \u00e0 resserrer leurs liens avec les communaut\u00e9s qu\u2019ils servent. Parce que lorsque les communaut\u00e9s sont dynamiques, nous en b\u00e9n\u00e9ficions tous!<\/p>\n<p>Aujourd\u2019hui, Mardi je donne est devenu un mouvement mondial qui regroupe plus de 100 pays, tous unis par une m\u00eame mission : faire de la g\u00e9n\u00e9rosit\u00e9 une partie int\u00e9grante de la vie quotidienne.<\/p>\n<\/p><\/div>\n<div class=\"gt25-sxs-img order-one\"><img decoding=\"async\" src=\"https:\/\/www.canadahelps.org\/media\/20251124_mkt_631_002.jpg\" alt=\"\" \/><\/div>\n<\/p><\/div>\n<\/section>\n<section id=\"givingtuesday-fff\">\n<div class=\"gt25-sxs\">\n<div class=\"gt25-sxs-img\"><img decoding=\"async\" src=\"https:\/\/www.canadahelps.org\/media\/20251124_mkt_631_003.jpg\" alt=\"\" \/><\/div>\n<div class=\"gt25-sxs-text\">\n<h2 class=\"header-primary\">Laissez-vous inspirer par nos 12 jours de g\u00e9n\u00e9rosit\u00e9<\/h2>\n<p>      Ralliez vos amis, les membres de votre famille, les personnes de votre \u00e9cole, de votre lieu de travail et les membres de votre communaut\u00e9 et faites une diff\u00e9rence pour les organismes de bienfaisance qui vous tiennent \u00e0 c\u0153ur ainsi que pour les personnes qui en d\u00e9pendent. Qu\u2019il s\u2019agisse d\u2019accomplir un acte de gentillesse au hasard ou de lancer une collecte de fonds, vous pouvez vous impliquer dans ce mouvement mondial consacr\u00e9 \u00e0 la g\u00e9n\u00e9rosit\u00e9 de multiples mani\u00e8res. D\u00e9couvrez 12 excellentes mani\u00e8res d\u2019entamer les f\u00eates de fin d\u2019ann\u00e9e!<\/p>\n<p>      <a class=\"btn-primary\" href=\"https:\/\/www.canadahelps.org\/en\/giving-life\/givingtuesday\/12-ways-to-give-back-this-holiday-season\/\">Lisez-en plus<\/a>\n    <\/div>\n<\/p><\/div>\n<\/section>\n<section id=\"givingtuesday-ggg-faq\">\n<h2 class=\"header-primary\">FAQ<\/h2>\n<details class=\"faq-accordion ch-gray-section\">\n<summary>\n<p><strong>Quand a lieu Mardi je donne?<\/strong><\/p>\n<p>      <i class=\"fa-solid chevron-up-down\"><\/i><br \/>\n    <\/summary>\n<div class=\"faq-accordion-content\">\n<p>Mardi je donne a lieu juste apr\u00e8s Vendredi fou et Cyberlundi. Apr\u00e8s un week-end consacr\u00e9 au magasinage, Mardi je donne nous invite \u00e0 <strong>donner plut\u00f4t que de recevoir<\/strong>. C\u2019est un mouvement mondial con\u00e7u pour \u00e9quilibrer ces journ\u00e9es ax\u00e9es sur la consommation avec de la g\u00e9n\u00e9rosit\u00e9 et de la compassion.<\/p>\n<table class=\"gt-table\" width=\"50%\" border=\"0\" cellpadding=\"0\" cellspacing=\"0\">\n<tbody>\n<tr>\n<th align=\"left\">Ann\u00e9e<\/th>\n<th align=\"left\">Date<\/th>\n<\/tr>\n<tr>\n<td>2025<\/td>\n<td>Mardi 2 d\u00e9cembre<\/td>\n<\/tr>\n<tr>\n<td>2026<\/td>\n<td>Mardi 1er d\u00e9cembre<\/td>\n<\/tr>\n<tr>\n<td>2027<\/td>\n<td>Mardi 30 novembre<\/td>\n<\/tr>\n<tr>\n<td>2028<\/td>\n<td>Mardi 28 novembre<\/td>\n<\/tr>\n<\/tbody>\n<\/table>\n<p>      &nbsp;<\/p>\n<p>Bien que Mardi je donne ne dure qu\u2019un jour, nous encourageons \u00e0 donner tout au long de l\u2019ann\u00e9e, que ce soit en faisant des dons, du b\u00e9n\u00e9volat ou de toute autre mani\u00e8re.<\/p>\n<\/p><\/div>\n<\/details>\n<details class=\"faq-accordion ch-gray-section\">\n<summary>\n<p><strong>Qu\u2019est-ce que le mouvement des communaut\u00e9s Mardi je donne?<\/strong><\/p>\n<p>      <i class=\"fa-solid chevron-up-down\"><\/i><br \/>\n    <\/summary>\n<div class=\"faq-accordion-content\">Les communaut\u00e9s Mardi je donne s\u2019unissent dans un lieu commun (p.ex., une ville, ou une province) ou pour une cause commune (p. ex., promotion de centres scientifiques ou de l\u2019alphab\u00e9tisation des adultes) \u00e0 des fins de collaboration et d\u2019innovation et pour inspirer leur communaut\u00e9 \u00e0 faire une diff\u00e9rence. Ces campagnes communautaires trouvent des mani\u00e8res cr\u00e9atives de mobiliser leurs r\u00e9seaux, d\u2019organiser des \u00e9v\u00e9nements de b\u00e9n\u00e9voles, de recueillir des fonds pour leurs organismes locaux et de d\u00e9clencher des actes de bienveillance. <a href=\"https:\/\/www.givingtuesday.org\/lead-givingtuesday-community-movement\/\" target=\"_blank\" rel=\"noopener\">Devenez leader communautaire aujourd\u2019hui!<\/a><\/div>\n<\/details>\n<details class=\"faq-accordion ch-gray-section\">\n<summary>\n<p><strong>O\u00f9 trouver des ressources pour soutenir ma campagne de bienfaisance Mardi je donne?<\/strong><\/p>\n<p>      <i class=\"fa-solid chevron-up-down\"><\/i><br \/>\n    <\/summary>\n<div class=\"faq-accordion-content\">\n      Nous avons cr\u00e9\u00e9 des guides pratiques, des outils innovants pour recueillir des fonds ainsi que des ressources pour aider les organismes de bienfaisance \u00e0 inspirer les dons et \u00e0 avoir un impact plus fort \u00e0 l\u2019occasion de Mardi je donne.<\/p>\n<p>      <a class=\"btn-primary\" href=\"https:\/\/www.canadahelps.org\/fr\/pour-les-organismes-de-bienfaisance\/ressources\/mardi-je-donne\/\">Acc\u00e9dez-y maintenant<\/a>\n    <\/div>\n<\/details>\n<\/section>\n","protected":false},"excerpt":{"rendered":"<p>Le 2 d\u00e9cembre, c&#8217;est Mardi je donne. Aidez-nous \u00e0 susciter la g\u00e9n\u00e9rosit\u00e9. Soutenez des Organismes de bienfaisance qui vous passionnent R\u00e9pandez la g\u00e9n\u00e9rosit\u00e9 cette ann\u00e9e &#8230; <a href=\"https:\/\/www.canadahelps.org\/fr\/mardi-je-donne\/\" id=\"canadahelp-blog-meta\">Voir plus<\/a><\/p>\n","protected":false},"author":7,"featured_media":0,"parent":0,"menu_order":0,"comment_status":"open","ping_status":"open","template":"template-ch20-full-width.php","meta":{"footnotes":""},"class_list":["post-3111","page","type-page","status-publish","hentry"],"acf":{"meta_description":"","use_toc_layout":false,"insert_spotlight_boxes":false,"use_biography_grid":false,"header_banner_colour":"#96174b","hide_page_title":false,"additional_body_css_classes":"","footer_panels":false,"row_settings":false,"blogs_posts_item":false},"yoast_head":"<!-- This site is optimized with the Yoast SEO plugin v26.0 - https:\/\/yoast.com\/wordpress\/plugins\/seo\/ -->\n<title>Participez au mouvement mondial de g\u00e9n\u00e9rosit\u00e9 pour Mardi je donne | CanaDon<\/title>\n<meta name=\"robots\" content=\"index, follow, max-snippet:-1, max-image-preview:large, max-video-preview:-1\" \/>\n<link rel=\"canonical\" href=\"https:\/\/www.canadahelps.org\/fr\/mardi-je-donne\/\" \/>\n<meta property=\"og:locale\" content=\"fr_FR\" \/>\n<meta property=\"og:type\" content=\"article\" \/>\n<meta property=\"og:title\" content=\"Mardi Je Donne 2024\" \/>\n<meta property=\"og:description\" content=\"D\u00e9couvrez plus de mani\u00e8res de propager lag\u00e9n\u00e9rosit\u00e9 cette ann\u00e9e.\" \/>\n<meta property=\"og:url\" content=\"https:\/\/www.canadahelps.org\/fr\/mardi-je-donne\/\" \/>\n<meta property=\"og:site_name\" content=\"CanaDon - Faites des dons \u00e0 un organisme de bienfaisance au Canada\" \/>\n<meta property=\"article:modified_time\" content=\"2025-11-26T21:44:19+00:00\" \/>\n<meta property=\"og:image\" content=\"https:\/\/www.canadahelps.org\/media\/20211122_GivingTuesday-Social-Sharing.png\" \/>\n\t<meta property=\"og:image:width\" content=\"1200\" \/>\n\t<meta property=\"og:image:height\" content=\"630\" \/>\n\t<meta property=\"og:image:type\" content=\"image\/png\" \/>\n<meta name=\"twitter:card\" content=\"summary_large_image\" \/>\n<meta name=\"twitter:title\" content=\"Mardi Je Donne 2024\" \/>\n<meta name=\"twitter:description\" content=\"D\u00e9couvrez plus de mani\u00e8res de propager lag\u00e9n\u00e9rosit\u00e9 cette ann\u00e9e.\" \/>\n<meta name=\"twitter:image\" content=\"https:\/\/www.canadahelps.org\/media\/20211122_GivingTuesday-Social-Sharing.png\" \/>\n<meta name=\"twitter:label1\" content=\"Est. reading time\" \/>\n\t<meta name=\"twitter:data1\" content=\"6 minutes\" \/>\n<script type=\"application\/ld+json\" class=\"yoast-schema-graph\">{\"@context\":\"https:\/\/schema.org\",\"@graph\":[{\"@type\":\"WebPage\",\"@id\":\"https:\/\/www.canadahelps.org\/fr\/mardi-je-donne\/\",\"url\":\"https:\/\/www.canadahelps.org\/fr\/mardi-je-donne\/\",\"name\":\"Participez au mouvement mondial de g\u00e9n\u00e9rosit\u00e9 pour Mardi je donne | CanaDon\",\"isPartOf\":{\"@id\":\"https:\/\/www.canadahelps.org\/fr\/#website\"},\"primaryImageOfPage\":{\"@id\":\"https:\/\/www.canadahelps.org\/fr\/mardi-je-donne\/#primaryimage\"},\"image\":{\"@id\":\"https:\/\/www.canadahelps.org\/fr\/mardi-je-donne\/#primaryimage\"},\"thumbnailUrl\":\"https:\/\/www.canadahelps.org\/media\/20250814_mkt_453_002.jpg\",\"datePublished\":\"2014-10-03T15:04:33+00:00\",\"dateModified\":\"2025-11-26T21:44:19+00:00\",\"breadcrumb\":{\"@id\":\"https:\/\/www.canadahelps.org\/fr\/mardi-je-donne\/#breadcrumb\"},\"inLanguage\":\"fr\",\"potentialAction\":[{\"@type\":\"ReadAction\",\"target\":[\"https:\/\/www.canadahelps.org\/fr\/mardi-je-donne\/\"]}]},{\"@type\":\"ImageObject\",\"inLanguage\":\"fr\",\"@id\":\"https:\/\/www.canadahelps.org\/fr\/mardi-je-donne\/#primaryimage\",\"url\":\"https:\/\/www.canadahelps.org\/media\/20250814_mkt_453_002.jpg\",\"contentUrl\":\"https:\/\/www.canadahelps.org\/media\/20250814_mkt_453_002.jpg\"},{\"@type\":\"BreadcrumbList\",\"@id\":\"https:\/\/www.canadahelps.org\/fr\/mardi-je-donne\/#breadcrumb\",\"itemListElement\":[{\"@type\":\"ListItem\",\"position\":1,\"name\":\"Home\",\"item\":\"https:\/\/www.canadahelps.org\/fr\/\"},{\"@type\":\"ListItem\",\"position\":2,\"name\":\"Mardi je donne\"}]},{\"@type\":\"WebSite\",\"@id\":\"https:\/\/www.canadahelps.org\/fr\/#website\",\"url\":\"https:\/\/www.canadahelps.org\/fr\/\",\"name\":\"CanadaHelps - Donate to any charity in Canada\",\"description\":\"Le don en toute simplicit\u00e9\",\"publisher\":{\"@id\":\"https:\/\/www.canadahelps.org\/fr\/#organization\"},\"potentialAction\":[{\"@type\":\"SearchAction\",\"target\":{\"@type\":\"EntryPoint\",\"urlTemplate\":\"https:\/\/www.canadahelps.org\/fr\/?s={search_term_string}\"},\"query-input\":{\"@type\":\"PropertyValueSpecification\",\"valueRequired\":true,\"valueName\":\"search_term_string\"}}],\"inLanguage\":\"fr\"},{\"@type\":\"Organization\",\"@id\":\"https:\/\/www.canadahelps.org\/fr\/#organization\",\"name\":\"CanadaHelps\",\"url\":\"https:\/\/www.canadahelps.org\/fr\/\",\"logo\":{\"@type\":\"ImageObject\",\"inLanguage\":\"fr\",\"@id\":\"https:\/\/www.canadahelps.org\/fr\/#\/schema\/logo\/image\/\",\"url\":\"https:\/\/www.canadahelps.org\/media\/canadahelps-en.jpg\",\"contentUrl\":\"https:\/\/www.canadahelps.org\/media\/canadahelps-en.jpg\",\"width\":131,\"height\":72,\"caption\":\"CanadaHelps\"},\"image\":{\"@id\":\"https:\/\/www.canadahelps.org\/fr\/#\/schema\/logo\/image\/\"}}]}<\/script>\n<!-- \/ Yoast SEO plugin. -->","yoast_head_json":{"title":"Participez au mouvement mondial de g\u00e9n\u00e9rosit\u00e9 pour Mardi je donne | CanaDon","robots":{"index":"index","follow":"follow","max-snippet":"max-snippet:-1","max-image-preview":"max-image-preview:large","max-video-preview":"max-video-preview:-1"},"canonical":"https:\/\/www.canadahelps.org\/fr\/mardi-je-donne\/","og_locale":"fr_FR","og_type":"article","og_title":"Mardi Je Donne 2024","og_description":"D\u00e9couvrez plus de mani\u00e8res de propager lag\u00e9n\u00e9rosit\u00e9 cette ann\u00e9e.","og_url":"https:\/\/www.canadahelps.org\/fr\/mardi-je-donne\/","og_site_name":"CanaDon - Faites des dons \u00e0 un organisme de bienfaisance au Canada","article_modified_time":"2025-11-26T21:44:19+00:00","og_image":[{"width":1200,"height":630,"url":"https:\/\/www.canadahelps.org\/media\/20211122_GivingTuesday-Social-Sharing.png","type":"image\/png"}],"twitter_card":"summary_large_image","twitter_title":"Mardi Je Donne 2024","twitter_description":"D\u00e9couvrez plus de mani\u00e8res de propager lag\u00e9n\u00e9rosit\u00e9 cette ann\u00e9e.","twitter_image":"https:\/\/www.canadahelps.org\/media\/20211122_GivingTuesday-Social-Sharing.png","twitter_misc":{"Est. reading time":"6 minutes"},"schema":{"@context":"https:\/\/schema.org","@graph":[{"@type":"WebPage","@id":"https:\/\/www.canadahelps.org\/fr\/mardi-je-donne\/","url":"https:\/\/www.canadahelps.org\/fr\/mardi-je-donne\/","name":"Participez au mouvement mondial de g\u00e9n\u00e9rosit\u00e9 pour Mardi je donne | CanaDon","isPartOf":{"@id":"https:\/\/www.canadahelps.org\/fr\/#website"},"primaryImageOfPage":{"@id":"https:\/\/www.canadahelps.org\/fr\/mardi-je-donne\/#primaryimage"},"image":{"@id":"https:\/\/www.canadahelps.org\/fr\/mardi-je-donne\/#primaryimage"},"thumbnailUrl":"https:\/\/www.canadahelps.org\/media\/20250814_mkt_453_002.jpg","datePublished":"2014-10-03T15:04:33+00:00","dateModified":"2025-11-26T21:44:19+00:00","breadcrumb":{"@id":"https:\/\/www.canadahelps.org\/fr\/mardi-je-donne\/#breadcrumb"},"inLanguage":"fr","potentialAction":[{"@type":"ReadAction","target":["https:\/\/www.canadahelps.org\/fr\/mardi-je-donne\/"]}]},{"@type":"ImageObject","inLanguage":"fr","@id":"https:\/\/www.canadahelps.org\/fr\/mardi-je-donne\/#primaryimage","url":"https:\/\/www.canadahelps.org\/media\/20250814_mkt_453_002.jpg","contentUrl":"https:\/\/www.canadahelps.org\/media\/20250814_mkt_453_002.jpg"},{"@type":"BreadcrumbList","@id":"https:\/\/www.canadahelps.org\/fr\/mardi-je-donne\/#breadcrumb","itemListElement":[{"@type":"ListItem","position":1,"name":"Home","item":"https:\/\/www.canadahelps.org\/fr\/"},{"@type":"ListItem","position":2,"name":"Mardi je donne"}]},{"@type":"WebSite","@id":"https:\/\/www.canadahelps.org\/fr\/#website","url":"https:\/\/www.canadahelps.org\/fr\/","name":"CanadaHelps - Donate to any charity in Canada","description":"Le don en toute simplicit\u00e9","publisher":{"@id":"https:\/\/www.canadahelps.org\/fr\/#organization"},"potentialAction":[{"@type":"SearchAction","target":{"@type":"EntryPoint","urlTemplate":"https:\/\/www.canadahelps.org\/fr\/?s={search_term_string}"},"query-input":{"@type":"PropertyValueSpecification","valueRequired":true,"valueName":"search_term_string"}}],"inLanguage":"fr"},{"@type":"Organization","@id":"https:\/\/www.canadahelps.org\/fr\/#organization","name":"CanadaHelps","url":"https:\/\/www.canadahelps.org\/fr\/","logo":{"@type":"ImageObject","inLanguage":"fr","@id":"https:\/\/www.canadahelps.org\/fr\/#\/schema\/logo\/image\/","url":"https:\/\/www.canadahelps.org\/media\/canadahelps-en.jpg","contentUrl":"https:\/\/www.canadahelps.org\/media\/canadahelps-en.jpg","width":131,"height":72,"caption":"CanadaHelps"},"image":{"@id":"https:\/\/www.canadahelps.org\/fr\/#\/schema\/logo\/image\/"}}]}},"_links":{"self":[{"href":"https:\/\/www.canadahelps.org\/fr\/wp-json\/wp\/v2\/pages\/3111","targetHints":{"allow":["GET"]}}],"collection":[{"href":"https:\/\/www.canadahelps.org\/fr\/wp-json\/wp\/v2\/pages"}],"about":[{"href":"https:\/\/www.canadahelps.org\/fr\/wp-json\/wp\/v2\/types\/page"}],"author":[{"embeddable":true,"href":"https:\/\/www.canadahelps.org\/fr\/wp-json\/wp\/v2\/users\/7"}],"replies":[{"embeddable":true,"href":"https:\/\/www.canadahelps.org\/fr\/wp-json\/wp\/v2\/comments?post=3111"}],"version-history":[{"count":97,"href":"https:\/\/www.canadahelps.org\/fr\/wp-json\/wp\/v2\/pages\/3111\/revisions"}],"predecessor-version":[{"id":57075,"href":"https:\/\/www.canadahelps.org\/fr\/wp-json\/wp\/v2\/pages\/3111\/revisions\/57075"}],"wp:attachment":[{"href":"https:\/\/www.canadahelps.org\/fr\/wp-json\/wp\/v2\/media?parent=3111"}],"curies":[{"name":"wp","href":"https:\/\/api.w.org\/{rel}","templated":true}]}}