{"id":32635,"date":"2020-06-17T13:15:39","date_gmt":"2020-06-17T17:15:39","guid":{"rendered":"https:\/\/www.canadahelps.org\/?page_id=32635"},"modified":"2022-08-17T15:34:12","modified_gmt":"2022-08-17T19:34:12","slug":"compte-profil-2","status":"publish","type":"page","link":"https:\/\/www.canadahelps.org\/fr\/compte-profil-2\/","title":{"rendered":"R\u00e9clamez le profil de votre organisme gratuitement"},"content":{"rendered":"","protected":false},"excerpt":{"rendered":"","protected":false},"author":41,"featured_media":0,"parent":0,"menu_order":0,"comment_status":"closed","ping_status":"closed","template":"template-charityregistration-page-charity-profile.php","meta":{"footnotes":""},"class_list":["post-32635","page","type-page","status-publish","hentry"],"acf":{"meta_description":"","use_toc_layout":false,"additional_body_css_classes":"","hide_page_title":false,"row_settings":false,"insert_spotlight_boxes":false,"use_biography_grid":false,"footerHeaderCopy":"<p>Vous avez des questions?<br \/>\nNous sommes l\u00e0 pour vous aider \u00e0 chaque \u00e9tape!<\/p>\n","footerContactDetails":[{"contactDetail":"<p>Num\u00e9ro de t\u00e9l\u00e9phone :\u00a0<a href=\"tel:+18777551595\">+1 (877) 755-1595<\/a><\/p>\n"},{"contactDetail":"<p>Courriel :\u00a0<a href=\"mailto:info@canadahelps.org\">info@canadahelps.org<\/a><\/p>\n"},{"contactDetail":"<p>Parcourez <a href=\"http:\/\/charityhelp.canadahelps.org\/\">notre section d&#8217;aide pour les organismes<\/a> pour des r\u00e9ponses aux questions fr\u00e9quemment pos\u00e9es.<\/p>\n"}],"headerCopy":"R\u00e9clamez le profil de votre organisme gratuitement","headerSubCopy":"Des millions de Canadiens visitent CanaDon.org \u00e0 chaque ann\u00e9e. Personnalisez votre profil pour attirer de nouveaux supporteurs, augmenter vos dons, et amasser plus de fonds pour votre cause!","headerImgUrl":"","badgeCopy":"Plus de 22 000 organismes \u00e0 travers le Canada font confiance \u00e0 CanaDon","charitiesLogos":[{"url":"https:\/\/www.canadahelps.org\/media\/canadian-unicef-committee-comite-unicef-canada-logo_thumbnail_en.png","altText":"Unicef logo"},{"url":"https:\/\/www.canadahelps.org\/media\/metro-food-bank-society-nova-scotia-logo_thumbnail_en.png","altText":"Feed Nova Scotia logo"},{"url":"https:\/\/www.canadahelps.org\/media\/david-mcantony-gibson-foundation-logo_thumbnail_en.png","altText":"Global Medic Logo"},{"url":"https:\/\/uat.canadahelps.com\/uploads\/ik-images\/charity\/5021\/fondation-quebecoise-du-cancer-inc-logo_thumbnail_fr.png","altText":"FONDATION QUEBECOISE DU CANCER INC. logo"},{"url":"https:\/\/www.canadahelps.org\/media\/british-columbia-guide-dog-services-logo_thumbnail_en.png","altText":"BC & Alberta Guide Dogs logo"}],"successHeaderCopy":"Vous avez presque fini!","successHeaderSubCopy":"Nous devons v\u00e9rifier votre organisme de bienfaisance afin que vous puissiez acc\u00e9der aux informations de vos donateurs et g\u00e9rer le profil de votre organisme de bienfaisance sur CanaDon.org.","successHeaderImgUrl":"https:\/\/www.canadahelps.org\/media\/success-header-image.png","successMainTitle":"Voici ce que vous devez maintenant faire :","successInfoParagraphUnderTitle":"Nous devons v\u00e9rifier votre organisme de bienfaisance afin que vous puissiez acc\u00e9der aux informations de vos donateurs et g\u00e9rer le profil de votre organisme de bienfaisance sur CanaDon.org.","optionOneTitle":"Option #1: Inscrivez-vous au transfert \u00e9lectronique des fonds (TEF) et validez votre statut d'organisme de bienfaisance","optionOneSubtitle":"<p>En vous inscrivant au TEF, vous v\u00e9rifierez votre organisme de bienfaisance et recevrez automatiquement des dons sur votre compte bancaire toutes les semaines. Vous aurez \u00e9galement acc\u00e8s en ligne 24h \/ 24 et 7j \/ 7 \u00e0 vos informations de donateur!<\/p>\n","optionOneFollowUpText":"<p><strong>Une fois ces documents re\u00e7us,<\/strong> notre \u00e9quipe v\u00e9rifiera votre statut d&#8217;organisme de bienfaisance et vous enverra un courriel pour confirmer votre inscription. Il est possible que notre \u00e9quipe vous contacte pour des d&#8217;informations suppl\u00e9mentaires. Entretemps, vous pouvez commencer \u00e0 explorer votre compte d&#8217;organisme.<\/p>\n","downloadTitle":"Premi\u00e8re \u00e9tape","downloadInfo":"<p>T\u00e9l\u00e9chargez et compl\u00e9tez le formulaire d&#8217;informations bancaires.<\/p>\n","captureDocumentsTitle":"Deuxi\u00e8me \u00e9tape","captureDocumentsInfo":"<p>Prenez une photo claire (ou num\u00e9risez) les documents suivants :<\/p>\n<ol>\n<li><strong>Le formulaire compl\u00e9t\u00e9<\/strong><\/li>\n<li><strong>Un sp\u00e9cimen de ch\u00e8que<\/strong>, formulaire de d\u00e9p\u00f4t direct, ou formulaire de d\u00e9bit pr\u00e9autoris\u00e9<\/li>\n<\/ol>\n","sendCopiesTitle":"Troisi\u00e8me \u00e9tape","sendCopiesInfo":"<p>Envoyez-nous des copies de ces documents \u00e0 :<\/p>\n<p><a class=\"link link--primary link--underlined link--bold\" href=\"mailto:info@canadahelps.org\">info@canadahelps.org<\/a><\/p>\n<p><small>Il nous prend g\u00e9n\u00e9ralement 1-2 jours ouvrables pour recevoir et v\u00e9rifier les documents.<\/small><\/p>\n","downloadBtnText":"T\u00c9L\u00c9CHARGEZ LE FORMULAIRE","otherWaysTitle":"D'autres fa\u00e7ons de nous envoyer vos documents :","waysToSendDocuments":[{"wayTitle":"Courriel","duration":"Il nous prend g\u00e9n\u00e9ralement 1-2 jours ouvrables pour recevoir et v\u00e9rifier les documents.","additionalInfo":"<p><a class=\"link link--primary link--bold link--underlined\" href=\"mailto:info@canadahelps.org\">info@canadahelps.org<\/a><\/p>\n"},{"wayTitle":"Poste","duration":"Il nous prend g\u00e9n\u00e9ralement 10-15 jours ouvrables pour recevoir et v\u00e9rifier les documents.","additionalInfo":"<p>186 Spadina Avenue, Units 1-5, Toronto, ON, M5T 3B2<\/p>\n"}],"successPageFooterTitle":"Vous \u00eates pr\u00eats?","successPageFooterBtnText":"Ouvrez une session","successPageFooterBtnUrl":"https:\/\/www.canadahelps.org\/fr\/SignIn.aspx","optionTwoTitle":"2e option : Envoyez-nous <b>un<\/b> de ces documents suivants pour v\u00e9rifier votre statut d'organisme","optionTwoSubtitle":"<p>Veuillez prendre une photo claire (ou num\u00e9risez) <b>un<\/b> de ces documents suivants, and envoyez le tout \u00e0 <a class=\"link link--underlined\" href=\"mailto:info@canadahelps.org\">info@canadahelps.org<\/a>.<\/p>\n","acceptedDocumentsTitle":"Documents accept\u00e9s","acceptedDocumentsItems":[{"documentTitle":"\u00c9tat de compte de l'ARC"},{"documentTitle":"Avis de cotisation de l'ARC"},{"documentTitle":"Statuts constitutifs"},{"documentTitle":"Documents officiels fournis par Innovation, Sciences et D\u00e9veloppement \u00e9conomique Canada (auparavant nomm\u00e9 Industrie Canada)"},{"documentTitle":"Autres documents officiels indiquant votre num\u00e9ro d'entreprise de bienfaisance l\u00e9gal"},{"documentTitle":"Lettres patentes"}],"otherAcceptableDocumentsTitle":"D'autres fa\u00e7ons de nous envoyer vos documents","otherAcceptableDocumentsItems":[{"otherDocumentItem":"Confirmation du statut d'organisme de bienfaisance"},{"otherDocumentItem":"Confirmation de la r\u00e9ception du T3010"},{"otherDocumentItem":"Avis de d\u00e9bit \/ d\u00e9p\u00f4t (d\u00e9claration de revenus)"}],"optionTwoFollowUpText":""},"yoast_head":"<!-- This site is optimized with the Yoast SEO plugin v26.0 - https:\/\/yoast.com\/wordpress\/plugins\/seo\/ -->\n<title>R\u00e9clamez le profil de votre organisme gratuitement | CanaDon - Faites des dons \u00e0 un organisme de bienfaisance au Canada<\/title>\n<meta name=\"robots\" content=\"index, follow, max-snippet:-1, max-image-preview:large, max-video-preview:-1\" \/>\n<link rel=\"canonical\" href=\"https:\/\/www.canadahelps.org\/fr\/compte-profil-2\/\" \/>\n<meta property=\"og:locale\" content=\"fr_FR\" \/>\n<meta property=\"og:type\" content=\"article\" \/>\n<meta property=\"og:title\" content=\"R\u00e9clamez le profil de votre organisme gratuitement | CanaDon - Faites des dons \u00e0 un organisme de bienfaisance au Canada\" \/>\n<meta property=\"og:url\" content=\"https:\/\/www.canadahelps.org\/fr\/compte-profil-2\/\" \/>\n<meta property=\"og:site_name\" content=\"CanaDon - Faites des dons \u00e0 un organisme de bienfaisance au Canada\" \/>\n<meta property=\"article:modified_time\" content=\"2022-08-17T19:34:12+00:00\" \/>\n<meta name=\"twitter:card\" content=\"summary_large_image\" \/>\n<script type=\"application\/ld+json\" class=\"yoast-schema-graph\">{\"@context\":\"https:\/\/schema.org\",\"@graph\":[{\"@type\":\"WebPage\",\"@id\":\"https:\/\/www.canadahelps.org\/fr\/compte-profil-2\/\",\"url\":\"https:\/\/www.canadahelps.org\/fr\/compte-profil-2\/\",\"name\":\"R\u00e9clamez le profil de votre organisme gratuitement | CanaDon - Faites des dons \u00e0 un organisme de bienfaisance au Canada\",\"isPartOf\":{\"@id\":\"https:\/\/www.canadahelps.org\/fr\/#website\"},\"datePublished\":\"2020-06-17T17:15:39+00:00\",\"dateModified\":\"2022-08-17T19:34:12+00:00\",\"breadcrumb\":{\"@id\":\"https:\/\/www.canadahelps.org\/fr\/compte-profil-2\/#breadcrumb\"},\"inLanguage\":\"fr\",\"potentialAction\":[{\"@type\":\"ReadAction\",\"target\":[\"https:\/\/www.canadahelps.org\/fr\/compte-profil-2\/\"]}]},{\"@type\":\"BreadcrumbList\",\"@id\":\"https:\/\/www.canadahelps.org\/fr\/compte-profil-2\/#breadcrumb\",\"itemListElement\":[{\"@type\":\"ListItem\",\"position\":1,\"name\":\"Home\",\"item\":\"https:\/\/www.canadahelps.org\/fr\/\"},{\"@type\":\"ListItem\",\"position\":2,\"name\":\"R\u00e9clamez le profil de votre organisme gratuitement\"}]},{\"@type\":\"WebSite\",\"@id\":\"https:\/\/www.canadahelps.org\/fr\/#website\",\"url\":\"https:\/\/www.canadahelps.org\/fr\/\",\"name\":\"CanadaHelps - Donate to any charity in Canada\",\"description\":\"Le don en toute simplicit\u00e9\",\"publisher\":{\"@id\":\"https:\/\/www.canadahelps.org\/fr\/#organization\"},\"potentialAction\":[{\"@type\":\"SearchAction\",\"target\":{\"@type\":\"EntryPoint\",\"urlTemplate\":\"https:\/\/www.canadahelps.org\/fr\/?s={search_term_string}\"},\"query-input\":{\"@type\":\"PropertyValueSpecification\",\"valueRequired\":true,\"valueName\":\"search_term_string\"}}],\"inLanguage\":\"fr\"},{\"@type\":\"Organization\",\"@id\":\"https:\/\/www.canadahelps.org\/fr\/#organization\",\"name\":\"CanadaHelps\",\"url\":\"https:\/\/www.canadahelps.org\/fr\/\",\"logo\":{\"@type\":\"ImageObject\",\"inLanguage\":\"fr\",\"@id\":\"https:\/\/www.canadahelps.org\/fr\/#\/schema\/logo\/image\/\",\"url\":\"https:\/\/www.canadahelps.org\/media\/canadahelps-en.jpg\",\"contentUrl\":\"https:\/\/www.canadahelps.org\/media\/canadahelps-en.jpg\",\"width\":131,\"height\":72,\"caption\":\"CanadaHelps\"},\"image\":{\"@id\":\"https:\/\/www.canadahelps.org\/fr\/#\/schema\/logo\/image\/\"}}]}<\/script>\n<!-- \/ Yoast SEO plugin. -->","yoast_head_json":{"title":"R\u00e9clamez le profil de votre organisme gratuitement | CanaDon - Faites des dons \u00e0 un organisme de bienfaisance au Canada","robots":{"index":"index","follow":"follow","max-snippet":"max-snippet:-1","max-image-preview":"max-image-preview:large","max-video-preview":"max-video-preview:-1"},"canonical":"https:\/\/www.canadahelps.org\/fr\/compte-profil-2\/","og_locale":"fr_FR","og_type":"article","og_title":"R\u00e9clamez le profil de votre organisme gratuitement | CanaDon - Faites des dons \u00e0 un organisme de bienfaisance au Canada","og_url":"https:\/\/www.canadahelps.org\/fr\/compte-profil-2\/","og_site_name":"CanaDon - Faites des dons \u00e0 un organisme de bienfaisance au Canada","article_modified_time":"2022-08-17T19:34:12+00:00","twitter_card":"summary_large_image","schema":{"@context":"https:\/\/schema.org","@graph":[{"@type":"WebPage","@id":"https:\/\/www.canadahelps.org\/fr\/compte-profil-2\/","url":"https:\/\/www.canadahelps.org\/fr\/compte-profil-2\/","name":"R\u00e9clamez le profil de votre organisme gratuitement | CanaDon - Faites des dons \u00e0 un organisme de bienfaisance au Canada","isPartOf":{"@id":"https:\/\/www.canadahelps.org\/fr\/#website"},"datePublished":"2020-06-17T17:15:39+00:00","dateModified":"2022-08-17T19:34:12+00:00","breadcrumb":{"@id":"https:\/\/www.canadahelps.org\/fr\/compte-profil-2\/#breadcrumb"},"inLanguage":"fr","potentialAction":[{"@type":"ReadAction","target":["https:\/\/www.canadahelps.org\/fr\/compte-profil-2\/"]}]},{"@type":"BreadcrumbList","@id":"https:\/\/www.canadahelps.org\/fr\/compte-profil-2\/#breadcrumb","itemListElement":[{"@type":"ListItem","position":1,"name":"Home","item":"https:\/\/www.canadahelps.org\/fr\/"},{"@type":"ListItem","position":2,"name":"R\u00e9clamez le profil de votre organisme gratuitement"}]},{"@type":"WebSite","@id":"https:\/\/www.canadahelps.org\/fr\/#website","url":"https:\/\/www.canadahelps.org\/fr\/","name":"CanadaHelps - Donate to any charity in Canada","description":"Le don en toute simplicit\u00e9","publisher":{"@id":"https:\/\/www.canadahelps.org\/fr\/#organization"},"potentialAction":[{"@type":"SearchAction","target":{"@type":"EntryPoint","urlTemplate":"https:\/\/www.canadahelps.org\/fr\/?s={search_term_string}"},"query-input":{"@type":"PropertyValueSpecification","valueRequired":true,"valueName":"search_term_string"}}],"inLanguage":"fr"},{"@type":"Organization","@id":"https:\/\/www.canadahelps.org\/fr\/#organization","name":"CanadaHelps","url":"https:\/\/www.canadahelps.org\/fr\/","logo":{"@type":"ImageObject","inLanguage":"fr","@id":"https:\/\/www.canadahelps.org\/fr\/#\/schema\/logo\/image\/","url":"https:\/\/www.canadahelps.org\/media\/canadahelps-en.jpg","contentUrl":"https:\/\/www.canadahelps.org\/media\/canadahelps-en.jpg","width":131,"height":72,"caption":"CanadaHelps"},"image":{"@id":"https:\/\/www.canadahelps.org\/fr\/#\/schema\/logo\/image\/"}}]}},"_links":{"self":[{"href":"https:\/\/www.canadahelps.org\/fr\/wp-json\/wp\/v2\/pages\/32635","targetHints":{"allow":["GET"]}}],"collection":[{"href":"https:\/\/www.canadahelps.org\/fr\/wp-json\/wp\/v2\/pages"}],"about":[{"href":"https:\/\/www.canadahelps.org\/fr\/wp-json\/wp\/v2\/types\/page"}],"author":[{"embeddable":true,"href":"https:\/\/www.canadahelps.org\/fr\/wp-json\/wp\/v2\/users\/41"}],"replies":[{"embeddable":true,"href":"https:\/\/www.canadahelps.org\/fr\/wp-json\/wp\/v2\/comments?post=32635"}],"version-history":[{"count":8,"href":"https:\/\/www.canadahelps.org\/fr\/wp-json\/wp\/v2\/pages\/32635\/revisions"}],"predecessor-version":[{"id":46999,"href":"https:\/\/www.canadahelps.org\/fr\/wp-json\/wp\/v2\/pages\/32635\/revisions\/46999"}],"wp:attachment":[{"href":"https:\/\/www.canadahelps.org\/fr\/wp-json\/wp\/v2\/media?parent=32635"}],"curies":[{"name":"wp","href":"https:\/\/api.w.org\/{rel}","templated":true}]}}