{"id":32648,"date":"2020-06-17T13:37:10","date_gmt":"2020-06-17T17:37:10","guid":{"rendered":"https:\/\/www.canadahelps.org\/?page_id=32648"},"modified":"2025-06-18T14:11:32","modified_gmt":"2025-06-18T18:11:32","slug":"compte-collecte-de-fonds","status":"publish","type":"page","link":"https:\/\/www.canadahelps.org\/fr\/compte-collecte-de-fonds\/","title":{"rendered":"Commencez \u00e0 utiliser nos outils de collecte de fonds en ligne puissants"},"content":{"rendered":"","protected":false},"excerpt":{"rendered":"","protected":false},"author":41,"featured_media":0,"parent":0,"menu_order":0,"comment_status":"closed","ping_status":"closed","template":"template-charityregistration-page-fundraising.php","meta":{"footnotes":""},"class_list":["post-32648","page","type-page","status-publish","hentry"],"acf":{"meta_description":"","use_toc_layout":false,"additional_body_css_classes":"","hide_page_title":false,"row_settings":false,"insert_spotlight_boxes":false,"use_biography_grid":false,"footerHeaderCopy":"<p>Vous avez des questions?<br \/>\nNous sommes l\u00e0 pour vous aider \u00e0 chaque \u00e9tape!<\/p>\n","footerContactDetails":[{"contactDetail":"<p>Num\u00e9ro de t\u00e9l\u00e9phone :\u00a0<a href=\"tel:+18777551595\">+1 (877) 755-1595<\/a><\/p>\n"},{"contactDetail":"<p>Courriel :\u00a0<a href=\"mailto:info@canadahelps.org\">info@canadahelps.org<\/a><\/p>\n"},{"contactDetail":"<p>Parcourez <a href=\"https:\/\/help.canadahelps.org\/s\/topic\/0TOJR0000001iOn4AI\/help-for-charities?language=fr\">notre section d&#8217;aide pour les organismes<\/a> pour des r\u00e9ponses aux questions fr\u00e9quemment pos\u00e9es.<\/p>\n"}],"headerCopy":"Commencez \u00e0 utiliser nos outils de collecte de fonds en ligne puissants","headerSubCopy":"Maximisez vos dons en ligne et collectez plus de fonds pour votre cause avec nos outils s\u00e9curis\u00e9s et faciles \u00e0 utiliser. Utilisez uniquement les outils dont vous avez besoin, sans aucun risque, sans frais de configuration ou de frais mensuels.","headerImgUrl":"","badgeCopy":"Plus de 22 000 organismes \u00e0 travers le Canada font confiance \u00e0 CanaDon","charitiesLogos":[{"url":"https:\/\/www.canadahelps.org\/uploads\/ik-images\/charity\/20822\/fred-victor-centre-logo_thumbnail_en.png","altText":"Fred Victor logo"},{"url":"https:\/\/www.canadahelps.org\/uploads\/ik-images\/charity\/33348\/amref-health-africa-in-canada-logo_thumbnail_en.png","altText":"Amref Health Africa in Canada logo"},{"url":"https:\/\/www.canadahelps.org\/uploads\/ik-images\/charity\/43886\/calgary-inter-faith-food-bank-society-logo_thumbnail_en.png","altText":"Calgary Food Bank logo"},{"url":"https:\/\/www.canadahelps.org\/uploads\/ik-images\/charity\/108942\/souls-harbour-rescue-mission-logo_thumbnail_en.png","altText":"Souls Harbour Rescue Mission logo"},{"url":"https:\/\/www.canadahelps.org\/uploads\/ik-images\/charity\/51064\/toronto-foundation-logo_thumbnail_en.png","altText":"Toronto Foundation logo"}],"successHeaderCopy":"Vous avez presque fini!","successHeaderSubCopy":"Nous devons v\u00e9rifier votre organisme de bienfaisance afin que vous puissiez acc\u00e9der aux informations de vos donateurs et g\u00e9rer le profil de votre organisme de bienfaisance sur CanaDon.org.","successHeaderImgUrl":"https:\/\/www.canadahelps.org\/media\/success-header-image.png","successMainTitle":"Voici ce que vous devez maintenant faire :","successInfoParagraphUnderTitle":"Nous devons v\u00e9rifier votre organisme de bienfaisance afin que vous puissiez acc\u00e9der aux informations de vos donateurs et g\u00e9rer le profil de votre organisme de bienfaisance sur CanaDon.org.","optionOneTitle":"Inscrivez-vous au transfert \u00e9lectronique des fonds (TEF) et validez votre statut d'organisme de bienfaisance","optionOneSubtitle":"<p>En vous inscrivant au TEF, vous v\u00e9rifierez votre organisme de bienfaisance et recevrez automatiquement des dons sur votre compte bancaire toutes les semaines. Vous aurez \u00e9galement acc\u00e8s en ligne 24h \/ 24 et 7j \/ 7 \u00e0 vos informations de donateur!<\/p>\n","optionOneFollowUpText":"<p><strong>Une fois ces documents re\u00e7us,<\/strong> notre \u00e9quipe v\u00e9rifiera votre statut d&#8217;organisme de bienfaisance et vous enverra un courriel pour confirmer votre inscription. Il est possible que notre \u00e9quipe vous contacte pour des d&#8217;informations suppl\u00e9mentaires. Entretemps, vous pouvez commencer \u00e0 explorer votre compte d&#8217;organisme.<\/p>\n","downloadTitle":"Premi\u00e8re \u00e9tape","downloadInfo":"<p>T\u00e9l\u00e9chargez et compl\u00e9tez le formulaire d&#8217;informations bancaires.<\/p>\n","captureDocumentsTitle":"Deuxi\u00e8me \u00e9tape","captureDocumentsInfo":"<p>Prenez une photo claire (ou num\u00e9risez) les documents suivants :<\/p>\n<ol>\n<li><strong>Le formulaire compl\u00e9t\u00e9<\/strong><\/li>\n<li><strong>Un sp\u00e9cimen de ch\u00e8que<\/strong>, formulaire de d\u00e9p\u00f4t direct, ou formulaire de d\u00e9bit pr\u00e9autoris\u00e9<\/li>\n<\/ol>\n","sendCopiesTitle":"Troisi\u00e8me \u00e9tape","sendCopiesInfo":"<p>Envoyez-nous des copies de ces documents \u00e0 :<\/p>\n<p><a class=\"link link--primary link--underlined link--bold\" href=\"mailto:info@canadahelps.org\">info@canadahelps.org<\/a><\/p>\n<p><small>Il nous prend g\u00e9n\u00e9ralement 1-2 jours ouvrables pour recevoir et v\u00e9rifier les documents.<\/small><\/p>\n","downloadBtnText":"T\u00c9L\u00c9CHARGEZ LE FORMULAIRE","otherWaysTitle":"D'autres fa\u00e7ons de nous envoyer vos documents :","waysToSendDocuments":[{"wayTitle":"Courriel","duration":"Il nous prend g\u00e9n\u00e9ralement 1-2 jours ouvrables pour recevoir et v\u00e9rifier les documents.","additionalInfo":"<p><a class=\"link link--primary link--bold link--underlined\" href=\"mailto:info@canadahelps.org\">info@canadahelps.org<\/a><\/p>\n"},{"wayTitle":"Poste","duration":"Il nous prend g\u00e9n\u00e9ralement 10-15 jours ouvrables pour recevoir et v\u00e9rifier les documents.","additionalInfo":"<p>186 Spadina Avenue, Units 1-5, Toronto, ON, M5T 3B2<\/p>\n"}],"successPageFooterTitle":"Vous \u00eates pr\u00eats?","successPageFooterBtnText":"Ouvrez une session","successPageFooterBtnUrl":"https:\/\/www.canadahelps.org\/fr\/SignIn.aspx"},"yoast_head":"<!-- This site is optimized with the Yoast SEO plugin v26.0 - https:\/\/yoast.com\/wordpress\/plugins\/seo\/ -->\n<title>Commencez \u00e0 utiliser nos outils de collecte de fonds en ligne puissants | CanaDon - Faites des dons \u00e0 un organisme de bienfaisance au Canada<\/title>\n<meta name=\"robots\" content=\"index, follow, max-snippet:-1, max-image-preview:large, max-video-preview:-1\" \/>\n<link rel=\"canonical\" href=\"https:\/\/www.canadahelps.org\/fr\/compte-collecte-de-fonds\/\" \/>\n<meta property=\"og:locale\" content=\"fr_FR\" \/>\n<meta property=\"og:type\" content=\"article\" \/>\n<meta property=\"og:title\" content=\"Commencez \u00e0 utiliser nos outils de collecte de fonds en ligne puissants | CanaDon - Faites des dons \u00e0 un organisme de bienfaisance au Canada\" \/>\n<meta property=\"og:url\" content=\"https:\/\/www.canadahelps.org\/fr\/compte-collecte-de-fonds\/\" \/>\n<meta property=\"og:site_name\" content=\"CanaDon - Faites des dons \u00e0 un organisme de bienfaisance au Canada\" \/>\n<meta property=\"article:modified_time\" content=\"2025-06-18T18:11:32+00:00\" \/>\n<meta name=\"twitter:card\" content=\"summary_large_image\" \/>\n<script type=\"application\/ld+json\" class=\"yoast-schema-graph\">{\"@context\":\"https:\/\/schema.org\",\"@graph\":[{\"@type\":\"WebPage\",\"@id\":\"https:\/\/www.canadahelps.org\/fr\/compte-collecte-de-fonds\/\",\"url\":\"https:\/\/www.canadahelps.org\/fr\/compte-collecte-de-fonds\/\",\"name\":\"Commencez \u00e0 utiliser nos outils de collecte de fonds en ligne puissants | CanaDon - Faites des dons \u00e0 un organisme de bienfaisance au Canada\",\"isPartOf\":{\"@id\":\"https:\/\/www.canadahelps.org\/fr\/#website\"},\"datePublished\":\"2020-06-17T17:37:10+00:00\",\"dateModified\":\"2025-06-18T18:11:32+00:00\",\"breadcrumb\":{\"@id\":\"https:\/\/www.canadahelps.org\/fr\/compte-collecte-de-fonds\/#breadcrumb\"},\"inLanguage\":\"fr\",\"potentialAction\":[{\"@type\":\"ReadAction\",\"target\":[\"https:\/\/www.canadahelps.org\/fr\/compte-collecte-de-fonds\/\"]}]},{\"@type\":\"BreadcrumbList\",\"@id\":\"https:\/\/www.canadahelps.org\/fr\/compte-collecte-de-fonds\/#breadcrumb\",\"itemListElement\":[{\"@type\":\"ListItem\",\"position\":1,\"name\":\"Home\",\"item\":\"https:\/\/www.canadahelps.org\/fr\/\"},{\"@type\":\"ListItem\",\"position\":2,\"name\":\"Commencez \u00e0 utiliser nos outils de collecte de fonds en ligne puissants\"}]},{\"@type\":\"WebSite\",\"@id\":\"https:\/\/www.canadahelps.org\/fr\/#website\",\"url\":\"https:\/\/www.canadahelps.org\/fr\/\",\"name\":\"CanadaHelps - Donate to any charity in Canada\",\"description\":\"Le don en toute simplicit\u00e9\",\"publisher\":{\"@id\":\"https:\/\/www.canadahelps.org\/fr\/#organization\"},\"potentialAction\":[{\"@type\":\"SearchAction\",\"target\":{\"@type\":\"EntryPoint\",\"urlTemplate\":\"https:\/\/www.canadahelps.org\/fr\/?s={search_term_string}\"},\"query-input\":{\"@type\":\"PropertyValueSpecification\",\"valueRequired\":true,\"valueName\":\"search_term_string\"}}],\"inLanguage\":\"fr\"},{\"@type\":\"Organization\",\"@id\":\"https:\/\/www.canadahelps.org\/fr\/#organization\",\"name\":\"CanadaHelps\",\"url\":\"https:\/\/www.canadahelps.org\/fr\/\",\"logo\":{\"@type\":\"ImageObject\",\"inLanguage\":\"fr\",\"@id\":\"https:\/\/www.canadahelps.org\/fr\/#\/schema\/logo\/image\/\",\"url\":\"https:\/\/www.canadahelps.org\/media\/canadahelps-en.jpg\",\"contentUrl\":\"https:\/\/www.canadahelps.org\/media\/canadahelps-en.jpg\",\"width\":131,\"height\":72,\"caption\":\"CanadaHelps\"},\"image\":{\"@id\":\"https:\/\/www.canadahelps.org\/fr\/#\/schema\/logo\/image\/\"}}]}<\/script>\n<!-- \/ Yoast SEO plugin. -->","yoast_head_json":{"title":"Commencez \u00e0 utiliser nos outils de collecte de fonds en ligne puissants | CanaDon - Faites des dons \u00e0 un organisme de bienfaisance au Canada","robots":{"index":"index","follow":"follow","max-snippet":"max-snippet:-1","max-image-preview":"max-image-preview:large","max-video-preview":"max-video-preview:-1"},"canonical":"https:\/\/www.canadahelps.org\/fr\/compte-collecte-de-fonds\/","og_locale":"fr_FR","og_type":"article","og_title":"Commencez \u00e0 utiliser nos outils de collecte de fonds en ligne puissants | CanaDon - Faites des dons \u00e0 un organisme de bienfaisance au Canada","og_url":"https:\/\/www.canadahelps.org\/fr\/compte-collecte-de-fonds\/","og_site_name":"CanaDon - Faites des dons \u00e0 un organisme de bienfaisance au Canada","article_modified_time":"2025-06-18T18:11:32+00:00","twitter_card":"summary_large_image","schema":{"@context":"https:\/\/schema.org","@graph":[{"@type":"WebPage","@id":"https:\/\/www.canadahelps.org\/fr\/compte-collecte-de-fonds\/","url":"https:\/\/www.canadahelps.org\/fr\/compte-collecte-de-fonds\/","name":"Commencez \u00e0 utiliser nos outils de collecte de fonds en ligne puissants | CanaDon - Faites des dons \u00e0 un organisme de bienfaisance au Canada","isPartOf":{"@id":"https:\/\/www.canadahelps.org\/fr\/#website"},"datePublished":"2020-06-17T17:37:10+00:00","dateModified":"2025-06-18T18:11:32+00:00","breadcrumb":{"@id":"https:\/\/www.canadahelps.org\/fr\/compte-collecte-de-fonds\/#breadcrumb"},"inLanguage":"fr","potentialAction":[{"@type":"ReadAction","target":["https:\/\/www.canadahelps.org\/fr\/compte-collecte-de-fonds\/"]}]},{"@type":"BreadcrumbList","@id":"https:\/\/www.canadahelps.org\/fr\/compte-collecte-de-fonds\/#breadcrumb","itemListElement":[{"@type":"ListItem","position":1,"name":"Home","item":"https:\/\/www.canadahelps.org\/fr\/"},{"@type":"ListItem","position":2,"name":"Commencez \u00e0 utiliser nos outils de collecte de fonds en ligne puissants"}]},{"@type":"WebSite","@id":"https:\/\/www.canadahelps.org\/fr\/#website","url":"https:\/\/www.canadahelps.org\/fr\/","name":"CanadaHelps - Donate to any charity in Canada","description":"Le don en toute simplicit\u00e9","publisher":{"@id":"https:\/\/www.canadahelps.org\/fr\/#organization"},"potentialAction":[{"@type":"SearchAction","target":{"@type":"EntryPoint","urlTemplate":"https:\/\/www.canadahelps.org\/fr\/?s={search_term_string}"},"query-input":{"@type":"PropertyValueSpecification","valueRequired":true,"valueName":"search_term_string"}}],"inLanguage":"fr"},{"@type":"Organization","@id":"https:\/\/www.canadahelps.org\/fr\/#organization","name":"CanadaHelps","url":"https:\/\/www.canadahelps.org\/fr\/","logo":{"@type":"ImageObject","inLanguage":"fr","@id":"https:\/\/www.canadahelps.org\/fr\/#\/schema\/logo\/image\/","url":"https:\/\/www.canadahelps.org\/media\/canadahelps-en.jpg","contentUrl":"https:\/\/www.canadahelps.org\/media\/canadahelps-en.jpg","width":131,"height":72,"caption":"CanadaHelps"},"image":{"@id":"https:\/\/www.canadahelps.org\/fr\/#\/schema\/logo\/image\/"}}]}},"_links":{"self":[{"href":"https:\/\/www.canadahelps.org\/fr\/wp-json\/wp\/v2\/pages\/32648","targetHints":{"allow":["GET"]}}],"collection":[{"href":"https:\/\/www.canadahelps.org\/fr\/wp-json\/wp\/v2\/pages"}],"about":[{"href":"https:\/\/www.canadahelps.org\/fr\/wp-json\/wp\/v2\/types\/page"}],"author":[{"embeddable":true,"href":"https:\/\/www.canadahelps.org\/fr\/wp-json\/wp\/v2\/users\/41"}],"replies":[{"embeddable":true,"href":"https:\/\/www.canadahelps.org\/fr\/wp-json\/wp\/v2\/comments?post=32648"}],"version-history":[{"count":6,"href":"https:\/\/www.canadahelps.org\/fr\/wp-json\/wp\/v2\/pages\/32648\/revisions"}],"predecessor-version":[{"id":55226,"href":"https:\/\/www.canadahelps.org\/fr\/wp-json\/wp\/v2\/pages\/32648\/revisions\/55226"}],"wp:attachment":[{"href":"https:\/\/www.canadahelps.org\/fr\/wp-json\/wp\/v2\/media?parent=32648"}],"curies":[{"name":"wp","href":"https:\/\/api.w.org\/{rel}","templated":true}]}}