{"id":33235,"date":"2020-07-08T17:36:44","date_gmt":"2020-07-08T21:36:44","guid":{"rendered":"https:\/\/www.canadahelps.org\/charity-upgrade-customization-fr\/"},"modified":"2020-07-09T10:41:52","modified_gmt":"2020-07-09T14:41:52","slug":"charity-upgrade-customization-fr","status":"publish","type":"page","link":"https:\/\/www.canadahelps.org\/fr\/charity-upgrade-customization-fr\/","title":{"rendered":"Charity Upgrade Customization FR"},"content":{"rendered":"","protected":false},"excerpt":{"rendered":"","protected":false},"author":13,"featured_media":0,"parent":0,"menu_order":0,"comment_status":"closed","ping_status":"closed","template":"template-charity-admin-upgrade.php","meta":{"footnotes":""},"class_list":["post-33235","page","type-page","status-publish","hentry"],"acf":{"meta_description":"","use_toc_layout":false,"additional_body_css_classes":"","cdfActivateFundraisingProfileInfo":"\n<div style=\"width:100%; display: flex;\">\n<div style=\"width: 70%;\">\n<div style=\"color: #96174A;\">\n<h3 style=\"font-size: 18px; color: #96174A; font-weight: bold\">Activez votre compte Collecte de fonds GRATUITEMENT<\/h3>\n<p style=\"font-size: 16px; font-weight: 600\">Cr\u00e9ez des formulaires de dons personnalisables pour votre site Web, et tirez profit d&#8217;autres outils de collecte de fonds puissants!<\/p>\n<\/div>\n<div style=\"color: #414141; background: #F8F8F8; padding: 8px 13px;\">Collectez des dons directement sur votre site Web avec des formulaires de dons personnalisables. Cr\u00e9ez des formulaires aux couleurs de votre image de marque et adapt\u00e9s pour appareils mobiles en quelques minutes seulement, sans avoir besoin de comp\u00e9tences en codage ou en conception. Permettez aux donateurs de faire des dons uniques, des dons mensuels, de d\u00e9dier leurs dons ou de faire des dons de valeurs mobili\u00e8res, en plus de choisir entre des options de formulaires complets classiques ou de formulaire multi-\u00e9tapes modernes.<\/div>\n<p style=\"font-size: 16px;\">Activez votre compte Collecte de fonds pour utiliser nos formulaires de dons personnalisables. Vous aurez \u00e9galement acc\u00e8s \u00e0 nos outils de campagnes entre pairs, et d&#8217;\u00e9v\u00e9nements \u00e0 billets. Ces outils de collecte de fonds faciles \u00e0 utiliser sont con\u00e7us avec les technologies de paiement les plus s\u00e9curis\u00e9es et les meilleures pratiques de commerce \u00e9lectronique, et aideront votre organisme de bienfaisance \u00e0 amasser plus de fonds. Utilisez uniquement ce dont vous avez besoin et cr\u00e9ez autant de formulaires, d&#8217;\u00e9v\u00e9nements et de campagnes que vous le souhaitez.<\/p>\n<\/div>\n<div style=\"width: 30%; height: 100%; padding-left: 25px; display: flex; align-self: center;\"><img\nclass=\"alignnone size-medium wp-image-24379\" width=\"100%\"\nsrc=\"https:\/\/beta.canadahelps.com\/media\/full-fundraising-cluster-image-1@2x-300x214.png\" alt=\"\"><\/div>\n<\/div>\n","p2pActivateFundraisingProfileInfo":"<div style=\"width:100%; display: flex;\">\n<div style=\"width: 70%;\">\n<div style=\"color: #96174A;\">\n<h3 style=\"font-size: 18px; color: #96174A; font-weight: bold\">Activez votre compte Collecte de fonds GRATUITEMENT<\/h3>\n<p style=\"font-size: 16px; font-weight: 600\"> Engagez et inspirez vos supporters \u00e0 amasser des fonds en votre nom en organisant des campagnes de collecte de fonds en \u00e9quipe telles que des marathons, des courses, et d&#8217;autres \u00e9v\u00e9nements \u00ab thon \u00bb. Vous pouvez ajouter, d\u00e9placer et g\u00e9rer vos dons et participants sur une seule plateforme. Toutes les pages sont con\u00e7ues pour inspirer une comp\u00e9tition amusante, un partage social et un maximum de dons pour votre organisme de bienfaisance. <\/p>\n<\/div>\n<div style=\"color: #414141; background: #F8F8F8; padding: 8px 13px;\"> Collectez des dons directement sur votre site Web avec des formulaires de dons personnalisables. Cr\u00e9ez des formulaires aux couleurs de votre image de marque et adapt\u00e9s pour appareils mobiles en quelques minutes seulement, sans avoir besoin de comp\u00e9tences en codage ou en conception. Permettez aux donateurs de faire des dons uniques, des dons mensuels, de d\u00e9dier leurs dons ou de faire des dons de valeurs mobili\u00e8res, en plus de choisir entre des options de formulaires complets classiques ou de formulaire multi-\u00e9tapes modernes.\n<\/div>\n<p style=\"font-size: 16px;\"> Activez votre compte Collecte de fonds pour utiliser l&#8217;outil de campagnes entre pairs. Vous aurez \u00e9galement acc\u00e8s \u00e0 nos formulaires de dons personnalisables et \u00e0 notre outil d&#8217;\u00e9v\u00e9nements \u00e0 billets. Ces outils de collecte de fonds faciles \u00e0 utiliser sont con\u00e7us avec les technologies de paiement les plus s\u00e9curis\u00e9es et les meilleures pratiques de commerce \u00e9lectronique, et aideront votre organisme de bienfaisance \u00e0 amasser plus de fonds. Utilisez uniquement ce dont vous avez besoin, et cr\u00e9ez autant de formulaires, d&#8217;\u00e9v\u00e9nements et de campagnes que vous le souhaitez. <\/p>\n<\/div>\n<div style=\"width: 30%; height: 100%; padding-left: 25px; display: flex; align-self: center;\"><img\nclass=\"alignnone size-medium wp-image-24379\" width=\"100%\"\nsrc=\"https:\/\/beta.canadahelps.com\/media\/full-fundraising-cluster-image-1@2x-300x214.png\" alt=\"\"><\/div>\n<\/div>\n","eventsActivateFundraisingProfileInfo":"<div style=\"width:100%; display: flex;\">\n<div style=\"width: 70%;\">\n<div style=\"color: #96174A;\">\n<h3 style=\"font-size: 18px; color: #96174A; font-weight: bold\">Activez votre compte Collecte de fonds GRATUITEMENT<\/h3>\n<p style=\"font-size: 16px; font-weight: 600\"> G\u00e9rez vos \u00e9v\u00e9nements et vos participants en un seul endroit avec les \u00e9v\u00e9nements \u00e0 billets, et tirez parti d&#8217;autres puissants outils de collecte de fonds! <\/p>\n<\/div>\n<div style=\"color: #414141; background: #F8F8F8; padding: 8px 13px;\"> Organisez des \u00e9v\u00e9nements \u00e0 fort impact, gratuits et payants de toute taille avec notre plateforme d&#8217;\u00e9v\u00e9nements \u00e0 billets. Le tout est facile gr\u00e2ce \u00e0 la billetterie automatique et aux rappels d&#8217;\u00e9v\u00e9nements, aux rapports de vente en temps r\u00e9el, aux options flexibles de re\u00e7u d&#8217;imp\u00f4t partiel, et plus encore. Suscitez l&#8217;enthousiasme chez vos participants et montrez l&#8217;impact de votre \u00e9v\u00e9nement en utilisant des param\u00e8tres interactifs, notamment le compte \u00e0 rebours de l&#8217;\u00e9v\u00e9nement, la barre de progression, la carte et la liste des invit\u00e9s.\n<\/div>\n<p style=\"font-size: 16px;\">Activez votre compte Collecte de fonds pour utiliser les \u00e9v\u00e9nements \u00e0 billets. Vous aurez \u00e9galement acc\u00e8s \u00e0 nos formulaires de dons personnalisables et \u00e0 notre plateforme de campagnes entre pairs. Ces outils de collecte de fonds faciles \u00e0 utiliser sont con\u00e7us avec les technologies de paiement les plus s\u00e9curis\u00e9es et les meilleures pratiques de commerce \u00e9lectronique, et aideront votre organisme de bienfaisance \u00e0 amasser plus de fonds. Utilisez uniquement ce dont vous avez besoin et cr\u00e9ez autant de formulaires, d&#8217;\u00e9v\u00e9nements et de campagnes que vous le souhaitez.<\/p>\n<\/div>\n<div style=\"width: 30%; height: 100%; padding-left: 25px; display: flex; align-self: center;\"><img\nclass=\"alignnone size-medium wp-image-24379\" width=\"100%\"\nsrc=\"https:\/\/beta.canadahelps.com\/media\/full-fundraising-cluster-image-1@2x-300x214.png\" alt=\"\"><\/div>\n<\/div>\n","p2pPreview":"https:\/\/www.canadahelps.org\/media\/P2P-Inactive-French.jpg","eventsPreview":"https:\/\/www.canadahelps.org\/media\/Events-Inactive-French.jpg","hide_page_title":true,"row_settings":false,"insert_spotlight_boxes":false,"use_biography_grid":false},"yoast_head":"<!-- This site is optimized with the Yoast SEO plugin v26.0 - https:\/\/yoast.com\/wordpress\/plugins\/seo\/ -->\n<title>Charity Upgrade Customization FR | CanadaHelps - Donate to any charity in Canada<\/title>\n<meta name=\"robots\" content=\"index, follow, max-snippet:-1, max-image-preview:large, max-video-preview:-1\" \/>\n<link rel=\"canonical\" href=\"https:\/\/www.canadahelps.org\/fr\/charity-upgrade-customization-fr\/\" \/>\n<meta property=\"og:locale\" content=\"fr_FR\" \/>\n<meta property=\"og:type\" content=\"article\" \/>\n<meta property=\"og:title\" content=\"Charity Upgrade Customization FR | CanadaHelps - Donate to any charity in Canada\" \/>\n<meta property=\"og:url\" content=\"https:\/\/www.canadahelps.org\/fr\/charity-upgrade-customization-fr\/\" \/>\n<meta property=\"og:site_name\" content=\"CanadaHelps - Donate to any charity in Canada\" \/>\n<meta property=\"article:modified_time\" content=\"2020-07-09T14:41:52+00:00\" \/>\n<meta name=\"twitter:card\" content=\"summary_large_image\" \/>\n<script type=\"application\/ld+json\" class=\"yoast-schema-graph\">{\"@context\":\"https:\/\/schema.org\",\"@graph\":[{\"@type\":\"WebPage\",\"@id\":\"https:\/\/www.canadahelps.org\/fr\/charity-upgrade-customization-fr\/\",\"url\":\"https:\/\/www.canadahelps.org\/fr\/charity-upgrade-customization-fr\/\",\"name\":\"Charity Upgrade Customization FR | CanadaHelps - Donate to any charity in Canada\",\"isPartOf\":{\"@id\":\"https:\/\/www.canadahelps.org\/fr\/#website\"},\"datePublished\":\"2020-07-08T21:36:44+00:00\",\"dateModified\":\"2020-07-09T14:41:52+00:00\",\"breadcrumb\":{\"@id\":\"https:\/\/www.canadahelps.org\/fr\/charity-upgrade-customization-fr\/#breadcrumb\"},\"inLanguage\":\"fr\",\"potentialAction\":[{\"@type\":\"ReadAction\",\"target\":[\"https:\/\/www.canadahelps.org\/fr\/charity-upgrade-customization-fr\/\"]}]},{\"@type\":\"BreadcrumbList\",\"@id\":\"https:\/\/www.canadahelps.org\/fr\/charity-upgrade-customization-fr\/#breadcrumb\",\"itemListElement\":[{\"@type\":\"ListItem\",\"position\":1,\"name\":\"Home\",\"item\":\"https:\/\/www.canadahelps.org\/fr\/\"},{\"@type\":\"ListItem\",\"position\":2,\"name\":\"Charity Upgrade Customization FR\"}]},{\"@type\":\"WebSite\",\"@id\":\"https:\/\/www.canadahelps.org\/fr\/#website\",\"url\":\"https:\/\/www.canadahelps.org\/fr\/\",\"name\":\"CanadaHelps - Donate to any charity in Canada\",\"description\":\"Giving Made Simple\",\"publisher\":{\"@id\":\"https:\/\/www.canadahelps.org\/fr\/#organization\"},\"potentialAction\":[{\"@type\":\"SearchAction\",\"target\":{\"@type\":\"EntryPoint\",\"urlTemplate\":\"https:\/\/www.canadahelps.org\/fr\/?s={search_term_string}\"},\"query-input\":{\"@type\":\"PropertyValueSpecification\",\"valueRequired\":true,\"valueName\":\"search_term_string\"}}],\"inLanguage\":\"fr\"},{\"@type\":\"Organization\",\"@id\":\"https:\/\/www.canadahelps.org\/fr\/#organization\",\"name\":\"CanadaHelps\",\"url\":\"https:\/\/www.canadahelps.org\/fr\/\",\"logo\":{\"@type\":\"ImageObject\",\"inLanguage\":\"fr\",\"@id\":\"https:\/\/www.canadahelps.org\/fr\/#\/schema\/logo\/image\/\",\"url\":\"https:\/\/www.canadahelps.org\/media\/canadahelps-en.jpg\",\"contentUrl\":\"https:\/\/www.canadahelps.org\/media\/canadahelps-en.jpg\",\"width\":131,\"height\":72,\"caption\":\"CanadaHelps\"},\"image\":{\"@id\":\"https:\/\/www.canadahelps.org\/fr\/#\/schema\/logo\/image\/\"}}]}<\/script>\n<!-- \/ Yoast SEO plugin. -->","yoast_head_json":{"title":"Charity Upgrade Customization FR | CanadaHelps - Donate to any charity in Canada","robots":{"index":"index","follow":"follow","max-snippet":"max-snippet:-1","max-image-preview":"max-image-preview:large","max-video-preview":"max-video-preview:-1"},"canonical":"https:\/\/www.canadahelps.org\/fr\/charity-upgrade-customization-fr\/","og_locale":"fr_FR","og_type":"article","og_title":"Charity Upgrade Customization FR | CanadaHelps - Donate to any charity in Canada","og_url":"https:\/\/www.canadahelps.org\/fr\/charity-upgrade-customization-fr\/","og_site_name":"CanadaHelps - Donate to any charity in Canada","article_modified_time":"2020-07-09T14:41:52+00:00","twitter_card":"summary_large_image","schema":{"@context":"https:\/\/schema.org","@graph":[{"@type":"WebPage","@id":"https:\/\/www.canadahelps.org\/fr\/charity-upgrade-customization-fr\/","url":"https:\/\/www.canadahelps.org\/fr\/charity-upgrade-customization-fr\/","name":"Charity Upgrade Customization FR | CanadaHelps - Donate to any charity in Canada","isPartOf":{"@id":"https:\/\/www.canadahelps.org\/fr\/#website"},"datePublished":"2020-07-08T21:36:44+00:00","dateModified":"2020-07-09T14:41:52+00:00","breadcrumb":{"@id":"https:\/\/www.canadahelps.org\/fr\/charity-upgrade-customization-fr\/#breadcrumb"},"inLanguage":"fr","potentialAction":[{"@type":"ReadAction","target":["https:\/\/www.canadahelps.org\/fr\/charity-upgrade-customization-fr\/"]}]},{"@type":"BreadcrumbList","@id":"https:\/\/www.canadahelps.org\/fr\/charity-upgrade-customization-fr\/#breadcrumb","itemListElement":[{"@type":"ListItem","position":1,"name":"Home","item":"https:\/\/www.canadahelps.org\/fr\/"},{"@type":"ListItem","position":2,"name":"Charity Upgrade Customization FR"}]},{"@type":"WebSite","@id":"https:\/\/www.canadahelps.org\/fr\/#website","url":"https:\/\/www.canadahelps.org\/fr\/","name":"CanadaHelps - Donate to any charity in Canada","description":"Giving Made Simple","publisher":{"@id":"https:\/\/www.canadahelps.org\/fr\/#organization"},"potentialAction":[{"@type":"SearchAction","target":{"@type":"EntryPoint","urlTemplate":"https:\/\/www.canadahelps.org\/fr\/?s={search_term_string}"},"query-input":{"@type":"PropertyValueSpecification","valueRequired":true,"valueName":"search_term_string"}}],"inLanguage":"fr"},{"@type":"Organization","@id":"https:\/\/www.canadahelps.org\/fr\/#organization","name":"CanadaHelps","url":"https:\/\/www.canadahelps.org\/fr\/","logo":{"@type":"ImageObject","inLanguage":"fr","@id":"https:\/\/www.canadahelps.org\/fr\/#\/schema\/logo\/image\/","url":"https:\/\/www.canadahelps.org\/media\/canadahelps-en.jpg","contentUrl":"https:\/\/www.canadahelps.org\/media\/canadahelps-en.jpg","width":131,"height":72,"caption":"CanadaHelps"},"image":{"@id":"https:\/\/www.canadahelps.org\/fr\/#\/schema\/logo\/image\/"}}]}},"_links":{"self":[{"href":"https:\/\/www.canadahelps.org\/fr\/wp-json\/wp\/v2\/pages\/33235","targetHints":{"allow":["GET"]}}],"collection":[{"href":"https:\/\/www.canadahelps.org\/fr\/wp-json\/wp\/v2\/pages"}],"about":[{"href":"https:\/\/www.canadahelps.org\/fr\/wp-json\/wp\/v2\/types\/page"}],"author":[{"embeddable":true,"href":"https:\/\/www.canadahelps.org\/fr\/wp-json\/wp\/v2\/users\/13"}],"replies":[{"embeddable":true,"href":"https:\/\/www.canadahelps.org\/fr\/wp-json\/wp\/v2\/comments?post=33235"}],"version-history":[{"count":3,"href":"https:\/\/www.canadahelps.org\/fr\/wp-json\/wp\/v2\/pages\/33235\/revisions"}],"predecessor-version":[{"id":33254,"href":"https:\/\/www.canadahelps.org\/fr\/wp-json\/wp\/v2\/pages\/33235\/revisions\/33254"}],"wp:attachment":[{"href":"https:\/\/www.canadahelps.org\/fr\/wp-json\/wp\/v2\/media?parent=33235"}],"curies":[{"name":"wp","href":"https:\/\/api.w.org\/{rel}","templated":true}]}}