{"id":33678,"date":"2020-07-21T13:41:46","date_gmt":"2020-07-21T17:41:46","guid":{"rendered":"https:\/\/www.canadahelps.org\/?page_id=33678"},"modified":"2021-09-27T11:12:42","modified_gmt":"2021-09-27T15:12:42","slug":"fonds-soutien-de-la-sante-mentale","status":"publish","type":"page","link":"https:\/\/www.canadahelps.org\/fr\/fonds-soutien-de-la-sante-mentale\/","title":{"rendered":"Fonds Soutien de la sant\u00e9 mentale"},"content":{"rendered":"","protected":false},"excerpt":{"rendered":"","protected":false},"author":30,"featured_media":0,"parent":0,"menu_order":0,"comment_status":"closed","ping_status":"closed","template":"template-cf-causefunds.php","meta":{"footnotes":""},"class_list":["post-33678","page","type-page","status-publish","hentry"],"acf":{"meta_description":"","use_toc_layout":false,"additional_body_css_classes":"","row_settings":false,"hide_page_title":false,"insert_spotlight_boxes":false,"use_biography_grid":false,"causefunds_cdf_script":{"causefunds_cdf_id":"46985","causefunds_data_end_date":"2021-12-31","causefunds_cdf_script_code":"<script id=\"ch_cdn_embed\" type='text\/javascript' src=\"https:\/\/www.canadahelps.org\/secure\/js\/cdf_embed.js\" charset='utf-8' data-language=\"fr\" data-page-id=\"46985\" data-root-url=\"https:\/\/www.canadahelps.org\" data-formtype=\"5\" data-cfasync=\"false\"><\/script>"},"causefunds_city":"Le Fonds Soutien de la sant\u00e9 mentale de CanaDon","causefunds_header":{"causefunds_header_background_color":"#203062","causefunds_header_background_image":"https:\/\/www.canadahelps.org\/media\/20200723_MentalHealth__Hero_Desktop.jpg","causefunds_header_background_image_mobile":"https:\/\/www.canadahelps.org\/media\/20200723_MentalHealth_Hero_Mobile.png","causefunds_header_chevron":"https:\/\/www.canadahelps.org\/media\/chevron-down@2x.png","causefunds_header_chevron_alt":"","causefunds_headline":"Le Fonds Soutien de la sant\u00e9 mentale de CanaDon","causefunds_headline_color":"","causefunds_sub_headline":"Une nouvelle fa\u00e7on simple de soutenir la sant\u00e9 mentale.","causefunds_sub_headline_color":""},"causefunds_intro":{"causefunds_intro_icon":"https:\/\/www.canadahelps.org\/media\/20191104f-2-1.png","causefunds_intro_icon_alt":"","causefunds_intro_headline":"Soyez un champion de la sant\u00e9 mentale pour ceux qui en ont le plus besoin.","causefunds_intro_copy":"<p><a href=\"#match\">D\u00e9couvrez les possibilit\u00e9s de jumelage des dons pour ce Fonds.<\/a><\/p>\n<p>En plus d&#8217;\u00eatre une crise de sant\u00e9 physique, la COVID-19 est devenue une crise de sant\u00e9 mentale. Apr\u00e8s six mois de pand\u00e9mie, 1 Canadien sur 10 a d\u00e9clar\u00e9 avoir r\u00e9cemment eu des pens\u00e9es ou des sentiments de suicide, en plus de 40% des Canadiens qui ont signal\u00e9 une d\u00e9t\u00e9rioration de leur sant\u00e9 mentale.<sup>1<\/sup> Beaucoup luttent en silence en raison de la stigmatisation entourant la maladie mentale, tandis que d&#8217;autres qui ont besoin d&#8217;aide n&#8217;ont nulle part o\u00f9 se tourner.<\/p>\n<p>Vous pouvez faire une diff\u00e9rence en finan\u00e7ant des services essentiels pour vous assurer que ceux qui ont besoin d&#8217;aide puissent acc\u00e9der au soutien dont ils ont besoin et pour donner aux gens de nos communaut\u00e9s les connaissances et les ressources n\u00e9cessaires pour reconna\u00eetre, d\u00e9fendre et soutenir la sant\u00e9 mentale. LFonds Soutien de la sant\u00e9 mentale aide les organismes de bienfaisance canadiens \u00e0 lutter pour que personne n&#8217;ait \u00e0 lutter dans la solitude.<\/p>\n<p>Votre don soutiendra une gamme de services essentiels tels que le soutien en cas de crise, le counseling, l&#8217;\u00e9ducation et d&#8217;autres types de traitement et de services de soutien professionnel. Ceci peut aider une famille \u00e0 traiter un enfant aux prises avec une anxi\u00e9t\u00e9 grave, fournir une intervention de crise pour quelqu&#8217;un qui envisage de se suicider ou aider un survivant d&#8217;un traumatisme \u00e0 surmonter son exp\u00e9rience.<\/p>\n<p>Votre don sera mis en commun avec des dons d&#8217;autres personnes comme vous pour aider \u00e0 obtenir des effets de grande envergure et avoir un impact r\u00e9el. Faites un don aujourd&#8217;hui et aidez ceux qui en ont besoin. De plus, obtenez un re\u00e7u d&#8217;imp\u00f4t pour \u00eatre en mesure de demander un cr\u00e9dit d&#8217;imp\u00f4t!<\/p>\n"},"causefunds_highlights_icon":false,"causefunds_highlights_code_headline":"","causefunds_testimonial":{"causefunds_testimonial_icon":false,"causefunds_testimonial_headline":"","causefunds_testimonial_copy":""},"causefunds_what_makes_up_the_fund":{"causefunds_makes_up_the_fund_icon":"https:\/\/www.canadahelps.org\/media\/20191104e-2-1.png","causefunds_makes_up_the_fund_icon_alt":"","causefunds_makes_up_the_fund_headline":"Dans quels domaines \u0153uvrent les organismes soutenus par le Fonds Soutien de la sant\u00e9 mentale?","causefunds_makes_up_the_fund_learn_more_copy":"<p>Le Fonds Soutien de la sant\u00e9 mentale de CanaDon comprend plus de 470 organismes de bienfaisance enregistr\u00e9s qui soutiennent la sant\u00e9 mentale et luttent contre la maladie mentale.<\/p>\n<p>Les organismes de bienfaisance inclus dans ce Fonds sont s\u00e9lectionn\u00e9s selon une approche algorithmique, en tenant compte de leur domaine d\u2019action, de leur mission et de leur description d\u2019organisme de bienfaisance. Ce fonds comprend des programmes communautaires, des fondations de recherche, des groupes de soutien, des lignes d&#8217;assistance en cas de crise, des centres de traitement, des groupes de d\u00e9fense, etc.<\/p>\n<p>Pour s&#8217;assurer que les dons parviennent facilement et efficacement aux organismes de bienfaisance, les organismes de bienfaisance doivent \u00eatre l&#8217;un des plus de 20 000 organismes de bienfaisance enregistr\u00e9s \u00e0 recevoir des fonds par voie \u00e9lectronique de CanaDon. Les fonds seront transf\u00e9r\u00e9s trimestriellement, sous r\u00e9serve d&#8217;un minimum de 10 $ par organisme de bienfaisance.<\/p>\n<p><strong style=\"font-size: 18px;\">Nous mettons r\u00e9guli\u00e8rement \u00e0 jour la liste des organismes de bienfaisance de ce Fonds. Pour consulter la liste des organismes de bienfaisance inclus dans ce Fonds la plus r\u00e9cente, vous pouvez cliquer <a href=\"https:\/\/docs.google.com\/spreadsheets\/d\/e\/2PACX-1vQvs7S6Yycku5K584YPPTJOlTQSB8lwVUX8aa4Mslo8TAbRlyIxyxSZrLoAHiT3S3XmS8jH_sLDb_xl\/pubhtml\" target=\"_blank\" rel=\"noopener\">ici<\/a>.<\/strong><br \/>\n<a name=\"match\"><\/a><\/p>\n<hr class=\"grey\" \/>\n<div class=\"cf-headline\">\n<p><img decoding=\"async\" class=\"cf-flex-item\" src=\"https:\/\/www.canadahelps.org\/media\/Matching-Icon.png\" \/><\/p>\n<h2 class=\"cf-flex-item\">Devenez partenaire de jumelage de dons<\/h2>\n<\/div>\n<p>Si vous repr\u00e9sentez une entreprise int\u00e9ress\u00e9e \u00e0 \u00e9tablir un partenariat avec CanaDon pour faire un jumelage de dons ou pour faire un don majeur \u00e0 l\u2019appui du Fonds Soutien de la sant\u00e9 mentale, communiquez avec nous \u00e0 <a href=\"mailto:partners@canadahelps.org\">partners@canadahelps.org<\/a>.<\/p>\n"},"causefunds_why_donate":{"causefunds_whydonate_icon":false,"causefunds_whydonate_icon_alt":"","causefunds_whydonate_headline":"Pourquoi faire un don \u00e0 un Fonds sur CanaDon?","causefunds_sub_repeated_headlines":[{"causefunds_whydonate_sub_icon":"https:\/\/www.canadahelps.org\/media\/Group-1037-1-1-1-1.png","causefunds_whydonate_sub_icon_alt":"","causefunds_whydonate_sub_headline":"La force du nombre.","causefunds_whydonate_sub_copy":"Joignez-vous \u00e0 d'autres partout au Canada pour soutenir des centaines d'organismes de bienfaisance qui font une diff\u00e9rence!"},{"causefunds_whydonate_sub_icon":"https:\/\/www.canadahelps.org\/media\/Group-1038-1-1-1-1.png","causefunds_whydonate_sub_icon_alt":"","causefunds_whydonate_sub_headline":"Votre don sera mis au travail.","causefunds_whydonate_sub_copy":"Soyez assur\u00e9 que votre don ira \u00e0 des organismes de bienfaisance enregistr\u00e9s. Vous obtenez \u00e9galement un re\u00e7u d'imp\u00f4t, ce qui peut vous aider \u00e0 r\u00e9duire vos imp\u00f4ts.\t"},{"causefunds_whydonate_sub_icon":"https:\/\/www.canadahelps.org\/media\/Group-1039-1-1-1-1.png","causefunds_whydonate_sub_icon_alt":"","causefunds_whydonate_sub_headline":"Grand impact!","causefunds_whydonate_sub_copy":"Soutenez un large \u00e9ventail de causes li\u00e9es \u00e0 la sant\u00e9 mentale qui, ensemble, rendent nos collectivit\u00e9s saines, s\u00fbres et agr\u00e9ables o\u00f9 vivre."}]},"causefunds_sharing_code":{"causefunds_sharing_code_icon":"https:\/\/www.canadahelps.org\/media\/20191104d-2-1.png","causefunds_sharing_code_icon_alt":"","causefunds_sharing_code_headline":"Partager cette page","causefunds_sharing_code_addthis_code":"addthis_inline_share_toolbox_ajhx","causefunds_sharing_code_add_this_script_tag":"<script type=\"text\/javascript\" src=\"\/\/s7.addthis.com\/js\/300\/addthis_widget.js#pubid=ra-53b5b64f337201b0\"><\/script>"},"cdf_sharing_wall":"<script id=\"ch_supporters_wall\" type=\"text\/javascript\" src=\"https:\/\/www.canadahelps.org\/secure\/js\/embed_supporters_wall.js\" charset=\"utf-8\" data-language=\"fr\" data-form-id=\"46985\" data-root-url=\"https:\/\/www.canadahelps.org\" data-cfasync=\"false\" ><\/script>","causefunds_custom_styles":"","causefunds_footnotes_if_any":"<p>1. <a href=\"https:\/\/cmha.ca\/news\/despair-and-suicidal-feelings-deepen-as-pandemic-wears-on\" target=\"_blank\" rel=\"noopener\">https:\/\/cmha.ca\/news\/despair-and-suicidal-feelings-deepen-as-pandemic-wears-on<\/a><\/p>\n","causefunds_highlights_icon_alt":""},"yoast_head":"<!-- This site is optimized with the Yoast SEO plugin v26.0 - https:\/\/yoast.com\/wordpress\/plugins\/seo\/ -->\n<title>Fonds Soutien de la sant\u00e9 mentale | CanaDon - Faites des dons \u00e0 un organisme de bienfaisance au Canada<\/title>\n<meta name=\"description\" content=\"Aidez les Canadiens aux prises avec une maladie mentale. Soutenez la sant\u00e9 mentale et faites un don \u00e0 des organismes de bienfaisance offrant du soutien en cas de crise, du counseling, de l&#039;\u00e9ducation et d&#039;autres types de traitement et de services de soutien professionnel. Aidez des enfants, des survivants qui surmontent un traumatisme, et aidez \u00e0 fournir une intervention de crise pour quelqu&#039;un qui envisage de se suicider.\" \/>\n<meta name=\"robots\" content=\"index, follow, max-snippet:-1, max-image-preview:large, max-video-preview:-1\" \/>\n<link rel=\"canonical\" href=\"https:\/\/www.canadahelps.org\/fr\/fonds-soutien-de-la-sante-mentale\/\" \/>\n<meta property=\"og:locale\" content=\"fr_FR\" \/>\n<meta property=\"og:type\" content=\"article\" \/>\n<meta property=\"og:title\" content=\"Soyez un champion de la sant\u00e9 mentale pour ceux qui en ont le plus besoin.\" \/>\n<meta property=\"og:description\" content=\"Soutenez les Canadiens aux prises avec une maladie mentale. Faites un don au Fonds pour la d\u00e9fense de la sant\u00e9 mentale aujourd&#039;hui pour aider \u00e0 financer l&#039;aide en cas de crise, le counseling et plus encore.\" \/>\n<meta property=\"og:url\" content=\"https:\/\/www.canadahelps.org\/fr\/fonds-soutien-de-la-sante-mentale\/\" \/>\n<meta property=\"og:site_name\" content=\"CanaDon - Faites des dons \u00e0 un organisme de bienfaisance au Canada\" \/>\n<meta property=\"article:modified_time\" content=\"2021-09-27T15:12:42+00:00\" \/>\n<meta property=\"og:image\" content=\"https:\/\/www.canadahelps.org\/media\/20200721_MentalHealth_Social_Sharing.jpg\" \/>\n\t<meta property=\"og:image:width\" content=\"1200\" \/>\n\t<meta property=\"og:image:height\" content=\"630\" \/>\n\t<meta property=\"og:image:type\" content=\"image\/jpeg\" \/>\n<meta name=\"twitter:card\" content=\"summary_large_image\" \/>\n<meta name=\"twitter:title\" content=\"Soyez un champion de la sant\u00e9 mentale pour ceux qui en ont le plus besoin.\" \/>\n<meta name=\"twitter:description\" content=\"Soutenez les Canadiens aux prises avec une maladie mentale. Faites un don au Fonds pour la d\u00e9fense de la sant\u00e9 mentale aujourd&#039;hui pour aider \u00e0 financer l&#039;aide en cas de crise, le counseling et plus encore.\" \/>\n<meta name=\"twitter:image\" content=\"https:\/\/www.canadahelps.org\/media\/20200721_MentalHealth_Social_Sharing.jpg\" \/>\n<script type=\"application\/ld+json\" class=\"yoast-schema-graph\">{\"@context\":\"https:\/\/schema.org\",\"@graph\":[{\"@type\":\"WebPage\",\"@id\":\"https:\/\/www.canadahelps.org\/fr\/fonds-soutien-de-la-sante-mentale\/\",\"url\":\"https:\/\/www.canadahelps.org\/fr\/fonds-soutien-de-la-sante-mentale\/\",\"name\":\"Fonds Soutien de la sant\u00e9 mentale | CanaDon - Faites des dons \u00e0 un organisme de bienfaisance au Canada\",\"isPartOf\":{\"@id\":\"https:\/\/www.canadahelps.org\/fr\/#website\"},\"datePublished\":\"2020-07-21T17:41:46+00:00\",\"dateModified\":\"2021-09-27T15:12:42+00:00\",\"description\":\"Aidez les Canadiens aux prises avec une maladie mentale. Soutenez la sant\u00e9 mentale et faites un don \u00e0 des organismes de bienfaisance offrant du soutien en cas de crise, du counseling, de l'\u00e9ducation et d'autres types de traitement et de services de soutien professionnel. Aidez des enfants, des survivants qui surmontent un traumatisme, et aidez \u00e0 fournir une intervention de crise pour quelqu'un qui envisage de se suicider.\",\"breadcrumb\":{\"@id\":\"https:\/\/www.canadahelps.org\/fr\/fonds-soutien-de-la-sante-mentale\/#breadcrumb\"},\"inLanguage\":\"fr\",\"potentialAction\":[{\"@type\":\"ReadAction\",\"target\":[\"https:\/\/www.canadahelps.org\/fr\/fonds-soutien-de-la-sante-mentale\/\"]}]},{\"@type\":\"BreadcrumbList\",\"@id\":\"https:\/\/www.canadahelps.org\/fr\/fonds-soutien-de-la-sante-mentale\/#breadcrumb\",\"itemListElement\":[{\"@type\":\"ListItem\",\"position\":1,\"name\":\"Home\",\"item\":\"https:\/\/www.canadahelps.org\/fr\/\"},{\"@type\":\"ListItem\",\"position\":2,\"name\":\"Fonds Soutien de la sant\u00e9 mentale\"}]},{\"@type\":\"WebSite\",\"@id\":\"https:\/\/www.canadahelps.org\/fr\/#website\",\"url\":\"https:\/\/www.canadahelps.org\/fr\/\",\"name\":\"CanadaHelps - Donate to any charity in Canada\",\"description\":\"Le don en toute simplicit\u00e9\",\"publisher\":{\"@id\":\"https:\/\/www.canadahelps.org\/fr\/#organization\"},\"potentialAction\":[{\"@type\":\"SearchAction\",\"target\":{\"@type\":\"EntryPoint\",\"urlTemplate\":\"https:\/\/www.canadahelps.org\/fr\/?s={search_term_string}\"},\"query-input\":{\"@type\":\"PropertyValueSpecification\",\"valueRequired\":true,\"valueName\":\"search_term_string\"}}],\"inLanguage\":\"fr\"},{\"@type\":\"Organization\",\"@id\":\"https:\/\/www.canadahelps.org\/fr\/#organization\",\"name\":\"CanadaHelps\",\"url\":\"https:\/\/www.canadahelps.org\/fr\/\",\"logo\":{\"@type\":\"ImageObject\",\"inLanguage\":\"fr\",\"@id\":\"https:\/\/www.canadahelps.org\/fr\/#\/schema\/logo\/image\/\",\"url\":\"https:\/\/www.canadahelps.org\/media\/canadahelps-en.jpg\",\"contentUrl\":\"https:\/\/www.canadahelps.org\/media\/canadahelps-en.jpg\",\"width\":131,\"height\":72,\"caption\":\"CanadaHelps\"},\"image\":{\"@id\":\"https:\/\/www.canadahelps.org\/fr\/#\/schema\/logo\/image\/\"}}]}<\/script>\n<!-- \/ Yoast SEO plugin. -->","yoast_head_json":{"title":"Fonds Soutien de la sant\u00e9 mentale | CanaDon - Faites des dons \u00e0 un organisme de bienfaisance au Canada","description":"Aidez les Canadiens aux prises avec une maladie mentale. Soutenez la sant\u00e9 mentale et faites un don \u00e0 des organismes de bienfaisance offrant du soutien en cas de crise, du counseling, de l'\u00e9ducation et d'autres types de traitement et de services de soutien professionnel. Aidez des enfants, des survivants qui surmontent un traumatisme, et aidez \u00e0 fournir une intervention de crise pour quelqu'un qui envisage de se suicider.","robots":{"index":"index","follow":"follow","max-snippet":"max-snippet:-1","max-image-preview":"max-image-preview:large","max-video-preview":"max-video-preview:-1"},"canonical":"https:\/\/www.canadahelps.org\/fr\/fonds-soutien-de-la-sante-mentale\/","og_locale":"fr_FR","og_type":"article","og_title":"Soyez un champion de la sant\u00e9 mentale pour ceux qui en ont le plus besoin.","og_description":"Soutenez les Canadiens aux prises avec une maladie mentale. Faites un don au Fonds pour la d\u00e9fense de la sant\u00e9 mentale aujourd'hui pour aider \u00e0 financer l'aide en cas de crise, le counseling et plus encore.","og_url":"https:\/\/www.canadahelps.org\/fr\/fonds-soutien-de-la-sante-mentale\/","og_site_name":"CanaDon - Faites des dons \u00e0 un organisme de bienfaisance au Canada","article_modified_time":"2021-09-27T15:12:42+00:00","og_image":[{"width":1200,"height":630,"url":"https:\/\/www.canadahelps.org\/media\/20200721_MentalHealth_Social_Sharing.jpg","type":"image\/jpeg"}],"twitter_card":"summary_large_image","twitter_title":"Soyez un champion de la sant\u00e9 mentale pour ceux qui en ont le plus besoin.","twitter_description":"Soutenez les Canadiens aux prises avec une maladie mentale. Faites un don au Fonds pour la d\u00e9fense de la sant\u00e9 mentale aujourd'hui pour aider \u00e0 financer l'aide en cas de crise, le counseling et plus encore.","twitter_image":"https:\/\/www.canadahelps.org\/media\/20200721_MentalHealth_Social_Sharing.jpg","schema":{"@context":"https:\/\/schema.org","@graph":[{"@type":"WebPage","@id":"https:\/\/www.canadahelps.org\/fr\/fonds-soutien-de-la-sante-mentale\/","url":"https:\/\/www.canadahelps.org\/fr\/fonds-soutien-de-la-sante-mentale\/","name":"Fonds Soutien de la sant\u00e9 mentale | CanaDon - Faites des dons \u00e0 un organisme de bienfaisance au Canada","isPartOf":{"@id":"https:\/\/www.canadahelps.org\/fr\/#website"},"datePublished":"2020-07-21T17:41:46+00:00","dateModified":"2021-09-27T15:12:42+00:00","description":"Aidez les Canadiens aux prises avec une maladie mentale. Soutenez la sant\u00e9 mentale et faites un don \u00e0 des organismes de bienfaisance offrant du soutien en cas de crise, du counseling, de l'\u00e9ducation et d'autres types de traitement et de services de soutien professionnel. Aidez des enfants, des survivants qui surmontent un traumatisme, et aidez \u00e0 fournir une intervention de crise pour quelqu'un qui envisage de se suicider.","breadcrumb":{"@id":"https:\/\/www.canadahelps.org\/fr\/fonds-soutien-de-la-sante-mentale\/#breadcrumb"},"inLanguage":"fr","potentialAction":[{"@type":"ReadAction","target":["https:\/\/www.canadahelps.org\/fr\/fonds-soutien-de-la-sante-mentale\/"]}]},{"@type":"BreadcrumbList","@id":"https:\/\/www.canadahelps.org\/fr\/fonds-soutien-de-la-sante-mentale\/#breadcrumb","itemListElement":[{"@type":"ListItem","position":1,"name":"Home","item":"https:\/\/www.canadahelps.org\/fr\/"},{"@type":"ListItem","position":2,"name":"Fonds Soutien de la sant\u00e9 mentale"}]},{"@type":"WebSite","@id":"https:\/\/www.canadahelps.org\/fr\/#website","url":"https:\/\/www.canadahelps.org\/fr\/","name":"CanadaHelps - Donate to any charity in Canada","description":"Le don en toute simplicit\u00e9","publisher":{"@id":"https:\/\/www.canadahelps.org\/fr\/#organization"},"potentialAction":[{"@type":"SearchAction","target":{"@type":"EntryPoint","urlTemplate":"https:\/\/www.canadahelps.org\/fr\/?s={search_term_string}"},"query-input":{"@type":"PropertyValueSpecification","valueRequired":true,"valueName":"search_term_string"}}],"inLanguage":"fr"},{"@type":"Organization","@id":"https:\/\/www.canadahelps.org\/fr\/#organization","name":"CanadaHelps","url":"https:\/\/www.canadahelps.org\/fr\/","logo":{"@type":"ImageObject","inLanguage":"fr","@id":"https:\/\/www.canadahelps.org\/fr\/#\/schema\/logo\/image\/","url":"https:\/\/www.canadahelps.org\/media\/canadahelps-en.jpg","contentUrl":"https:\/\/www.canadahelps.org\/media\/canadahelps-en.jpg","width":131,"height":72,"caption":"CanadaHelps"},"image":{"@id":"https:\/\/www.canadahelps.org\/fr\/#\/schema\/logo\/image\/"}}]}},"_links":{"self":[{"href":"https:\/\/www.canadahelps.org\/fr\/wp-json\/wp\/v2\/pages\/33678","targetHints":{"allow":["GET"]}}],"collection":[{"href":"https:\/\/www.canadahelps.org\/fr\/wp-json\/wp\/v2\/pages"}],"about":[{"href":"https:\/\/www.canadahelps.org\/fr\/wp-json\/wp\/v2\/types\/page"}],"author":[{"embeddable":true,"href":"https:\/\/www.canadahelps.org\/fr\/wp-json\/wp\/v2\/users\/30"}],"replies":[{"embeddable":true,"href":"https:\/\/www.canadahelps.org\/fr\/wp-json\/wp\/v2\/comments?post=33678"}],"version-history":[{"count":22,"href":"https:\/\/www.canadahelps.org\/fr\/wp-json\/wp\/v2\/pages\/33678\/revisions"}],"predecessor-version":[{"id":43042,"href":"https:\/\/www.canadahelps.org\/fr\/wp-json\/wp\/v2\/pages\/33678\/revisions\/43042"}],"wp:attachment":[{"href":"https:\/\/www.canadahelps.org\/fr\/wp-json\/wp\/v2\/media?parent=33678"}],"curies":[{"name":"wp","href":"https:\/\/api.w.org\/{rel}","templated":true}]}}