{"id":3390,"date":"2014-11-10T14:29:42","date_gmt":"2014-11-10T19:29:42","guid":{"rendered":"https:\/\/www.canadahelps.org\/?page_id=3390"},"modified":"2015-11-12T11:51:02","modified_gmt":"2015-11-12T16:51:02","slug":"oticon-2","status":"publish","type":"page","link":"https:\/\/www.canadahelps.org\/fr\/oticon-2\/","title":{"rendered":"Oticon"},"content":{"rendered":"<h2 class=\"text-oversize\"><a href=\"https:\/\/www.canadahelps.org\/media\/oticon_logo_cmyk_pos-1.png\"><img loading=\"lazy\" decoding=\"async\" class=\"alignright wp-image-3404 size-medium\" src=\"https:\/\/www.canadahelps.org\/media\/oticon_logo_cmyk_pos-1-300x111.png\" alt=\"Oticon Logo\" width=\"300\" height=\"111\" srcset=\"https:\/\/www.canadahelps.org\/media\/oticon_logo_cmyk_pos-1-300x111.png 300w, https:\/\/www.canadahelps.org\/media\/oticon_logo_cmyk_pos-1-1024x379.png 1024w, https:\/\/www.canadahelps.org\/media\/oticon_logo_cmyk_pos-1.png 1142w\" sizes=\"auto, (max-width: 300px) 100vw, 300px\" \/><\/a><\/h2>\n<h2 class=\"text-oversize\">Oticon vous offre un cadeau de partage vous permettant de faire un don \u00e0 un organisme de bienfaisance enregistr\u00e9 canadien.<\/h2>\n<p>Nos meilleurs v\u0153ux vous accompagnent pour la p\u00e9riode des f\u00eates.<\/p>\n<div class=\"row\">\n<div class=\"col-sm-6 col-md-5 text-center hidden-xs\"><img loading=\"lazy\" decoding=\"async\" class=\"img-responsive aligncenter\" src=\"https:\/\/www.canadahelps.org\/media\/FR_Christmas_Snowman_4Cards.png\" alt=\"CanadaHelps Charity Gift Cards!\" width=\"561\" height=\"582\" \/><\/div>\n<div class=\"col-sm-6 col-md-6\">\n<h2 class=\"text-grey\">C\u2019est facile!<\/h2>\n<ol class=\"list-unstyled text-grey\">\n<li class=\"media\">\n<div class=\"media-object bubble pull-left\">1<\/div>\n<div class=\"media-body\">Vous n\u2019avez qu\u2019\u00e0 trouver un organisme de bienfaisance que vous souhaitez soutenir gr\u00e2ce au logiciel de recherche ci-dessous.<\/div>\n<\/li>\n<li class=\"media\">\n<div class=\"media-object bubble pull-left\">2<\/div>\n<div class=\"media-body\">Choisissez la carte-cadeau de bienfaisance de CanaDon comme m\u00e9thode paiement lorsque vous passez \u00e0 la caisse.<\/div>\n<\/li>\n<li class=\"media\">\n<div class=\"media-object bubble pull-left\">3<\/div>\n<div class=\"media-body\">Faites l\u2019exp\u00e9rience extraordinaire de donner en retour et de propager les \u0153uvres de bienfaisance \u00e0 travers le Canada.<\/div>\n<\/li>\n<\/ol>\n<p><strong>Vous voulez d\u2019abord v\u00e9rifier le solde de votre carte-cadeau de bienfaisance?<\/strong><\/p>\n<p><a class=\"btn btn-primary btn-check-balance-open\" title=\"V\u00e9rifier le solde maintenant V\u00e9rifier le solde maintenant\" href=\"\/fr\/cartes-cadeaux\/orders\/\">V\u00e9rifier le solde maintenant<\/a><\/p>\n<\/div>\n<\/div>\n<p>&nbsp;<\/p>\n<h2 style=\"margin-bottom: 30px;\">Vous \u00eates pr\u00eat \u00e0 \u00e9changer votre carte-cadeau de bienfaisance de CanaDon? Trouvez un organisme de bienfaisance!<\/h2>\n    <section class=\"widget canadahelps_find-a-charity non-slim canadahelps_widget\" style=\"border: 1px solid #0070AE;\"><div class=\"widget-inner\">\n      <\/div><\/section>\n<p>&nbsp;<\/p>\n<h2><\/h2>\n<div id=\"check-balance-modal\" class=\"modal fade bs-modal-lg\">\n<div class=\"giftcard modal-dialog\">\n<div class=\"box check-balance-wrap modal-content\">\n<p><button class=\"close\" type=\"button\" data-dismiss=\"modal\">\u00d7<\/button><\/p>\n<h3>V\u00e9rifiez le solde de votre carte-cadeau CanaDon<\/h3>\n<p><label class=\"control-label  requiredField\" for=\"id_pin_code\"><br \/>\nSaisissez votre code \u00e0 8 chiffres<br \/>\n<\/label><\/p>\n<div class=\"controls \"><input id=\"id_pin_code\" class=\"textinput textInput form-control\" name=\"id_pin_code\" type=\"text\" value=\"\" \/><\/div>\n<p><input id=\"id_pin_code_url\" name=\"id_pin_code_url\" type=\"hidden\" value=\"\/fr\/cartes-cadeaux\/orders\/info\/\" \/><\/p>\n<p>Le code \u00e0 8 chiffres de votre carte-cadeau est indiqu\u00e9 dans la carte imprim\u00e9e ou le courriel que vous avez re\u00e7u.<\/p>\n<p><a class=\"btn btn-primary btn-smaller pull-right act-check-balance\">V\u00e9rifiez mon solde<\/a><\/p>\n<div class=\"clearfix\"><\/div>\n<div class=\"balance-error hidden\"><\/div>\n<div class=\"balance-result\"><span class=\"text\">Voici le solde de votre carte : <\/span><span class=\"amount\">\u00a0<\/span><\/div>\n<\/div>\n<\/div>\n<\/div>\n","protected":false},"excerpt":{"rendered":"<p>Oticon vous offre un cadeau de partage vous permettant de faire un don \u00e0 un organisme de bienfaisance enregistr\u00e9 canadien. Nos meilleurs v\u0153ux vous accompagnent &#8230; <a href=\"https:\/\/www.canadahelps.org\/fr\/oticon-2\/\" id=\"canadahelp-blog-meta\">Voir plus<\/a><\/p>\n","protected":false},"author":7,"featured_media":0,"parent":0,"menu_order":0,"comment_status":"open","ping_status":"open","template":"template-custom.php","meta":{"footnotes":""},"class_list":["post-3390","page","type-page","status-publish","hentry"],"acf":{"meta_description":"","use_toc_layout":false,"insert_spotlight_boxes":false,"use_biography_grid":false},"yoast_head":"<!-- This site is optimized with the Yoast SEO plugin v26.0 - https:\/\/yoast.com\/wordpress\/plugins\/seo\/ -->\n<title>Oticon | CanaDon - Faites des dons \u00e0 un organisme de bienfaisance au Canada<\/title>\n<meta name=\"robots\" content=\"index, follow, max-snippet:-1, max-image-preview:large, max-video-preview:-1\" \/>\n<link rel=\"canonical\" href=\"https:\/\/www.canadahelps.org\/fr\/oticon-2\/\" \/>\n<meta property=\"og:locale\" content=\"fr_FR\" \/>\n<meta property=\"og:type\" content=\"article\" \/>\n<meta property=\"og:title\" content=\"Oticon | CanaDon - Faites des dons \u00e0 un organisme de bienfaisance au Canada\" \/>\n<meta property=\"og:description\" content=\"Oticon vous offre un cadeau de partage vous permettant de faire un don \u00e0 un organisme de bienfaisance enregistr\u00e9 canadien. Nos meilleurs v\u0153ux vous accompagnent ... Voir plus\" \/>\n<meta property=\"og:url\" content=\"https:\/\/www.canadahelps.org\/fr\/oticon-2\/\" \/>\n<meta property=\"og:site_name\" content=\"CanaDon - Faites des dons \u00e0 un organisme de bienfaisance au Canada\" \/>\n<meta property=\"article:modified_time\" content=\"2015-11-12T16:51:02+00:00\" \/>\n<meta property=\"og:image\" content=\"https:\/\/www.canadahelps.org\/media\/oticon_logo_cmyk_pos-1-300x111.png\" \/>\n<meta name=\"twitter:card\" content=\"summary_large_image\" \/>\n<meta name=\"twitter:label1\" content=\"Est. reading time\" \/>\n\t<meta name=\"twitter:data1\" content=\"1 minute\" \/>\n<script type=\"application\/ld+json\" class=\"yoast-schema-graph\">{\"@context\":\"https:\/\/schema.org\",\"@graph\":[{\"@type\":\"WebPage\",\"@id\":\"https:\/\/www.canadahelps.org\/fr\/oticon-2\/\",\"url\":\"https:\/\/www.canadahelps.org\/fr\/oticon-2\/\",\"name\":\"Oticon | CanaDon - Faites des dons \u00e0 un organisme de bienfaisance au Canada\",\"isPartOf\":{\"@id\":\"https:\/\/www.canadahelps.org\/fr\/#website\"},\"primaryImageOfPage\":{\"@id\":\"https:\/\/www.canadahelps.org\/fr\/oticon-2\/#primaryimage\"},\"image\":{\"@id\":\"https:\/\/www.canadahelps.org\/fr\/oticon-2\/#primaryimage\"},\"thumbnailUrl\":\"https:\/\/www.canadahelps.org\/media\/oticon_logo_cmyk_pos-1-300x111.png\",\"datePublished\":\"2014-11-10T19:29:42+00:00\",\"dateModified\":\"2015-11-12T16:51:02+00:00\",\"breadcrumb\":{\"@id\":\"https:\/\/www.canadahelps.org\/fr\/oticon-2\/#breadcrumb\"},\"inLanguage\":\"fr\",\"potentialAction\":[{\"@type\":\"ReadAction\",\"target\":[\"https:\/\/www.canadahelps.org\/fr\/oticon-2\/\"]}]},{\"@type\":\"ImageObject\",\"inLanguage\":\"fr\",\"@id\":\"https:\/\/www.canadahelps.org\/fr\/oticon-2\/#primaryimage\",\"url\":\"https:\/\/www.canadahelps.org\/media\/oticon_logo_cmyk_pos-1-300x111.png\",\"contentUrl\":\"https:\/\/www.canadahelps.org\/media\/oticon_logo_cmyk_pos-1-300x111.png\"},{\"@type\":\"BreadcrumbList\",\"@id\":\"https:\/\/www.canadahelps.org\/fr\/oticon-2\/#breadcrumb\",\"itemListElement\":[{\"@type\":\"ListItem\",\"position\":1,\"name\":\"Home\",\"item\":\"https:\/\/www.canadahelps.org\/fr\/\"},{\"@type\":\"ListItem\",\"position\":2,\"name\":\"Oticon\"}]},{\"@type\":\"WebSite\",\"@id\":\"https:\/\/www.canadahelps.org\/fr\/#website\",\"url\":\"https:\/\/www.canadahelps.org\/fr\/\",\"name\":\"CanadaHelps - Donate to any charity in Canada\",\"description\":\"Le don en toute simplicit\u00e9\",\"publisher\":{\"@id\":\"https:\/\/www.canadahelps.org\/fr\/#organization\"},\"potentialAction\":[{\"@type\":\"SearchAction\",\"target\":{\"@type\":\"EntryPoint\",\"urlTemplate\":\"https:\/\/www.canadahelps.org\/fr\/?s={search_term_string}\"},\"query-input\":{\"@type\":\"PropertyValueSpecification\",\"valueRequired\":true,\"valueName\":\"search_term_string\"}}],\"inLanguage\":\"fr\"},{\"@type\":\"Organization\",\"@id\":\"https:\/\/www.canadahelps.org\/fr\/#organization\",\"name\":\"CanadaHelps\",\"url\":\"https:\/\/www.canadahelps.org\/fr\/\",\"logo\":{\"@type\":\"ImageObject\",\"inLanguage\":\"fr\",\"@id\":\"https:\/\/www.canadahelps.org\/fr\/#\/schema\/logo\/image\/\",\"url\":\"https:\/\/www.canadahelps.org\/media\/canadahelps-en.jpg\",\"contentUrl\":\"https:\/\/www.canadahelps.org\/media\/canadahelps-en.jpg\",\"width\":131,\"height\":72,\"caption\":\"CanadaHelps\"},\"image\":{\"@id\":\"https:\/\/www.canadahelps.org\/fr\/#\/schema\/logo\/image\/\"}}]}<\/script>\n<!-- \/ Yoast SEO plugin. -->","yoast_head_json":{"title":"Oticon | CanaDon - Faites des dons \u00e0 un organisme de bienfaisance au Canada","robots":{"index":"index","follow":"follow","max-snippet":"max-snippet:-1","max-image-preview":"max-image-preview:large","max-video-preview":"max-video-preview:-1"},"canonical":"https:\/\/www.canadahelps.org\/fr\/oticon-2\/","og_locale":"fr_FR","og_type":"article","og_title":"Oticon | CanaDon - Faites des dons \u00e0 un organisme de bienfaisance au Canada","og_description":"Oticon vous offre un cadeau de partage vous permettant de faire un don \u00e0 un organisme de bienfaisance enregistr\u00e9 canadien. Nos meilleurs v\u0153ux vous accompagnent ... Voir plus","og_url":"https:\/\/www.canadahelps.org\/fr\/oticon-2\/","og_site_name":"CanaDon - Faites des dons \u00e0 un organisme de bienfaisance au Canada","article_modified_time":"2015-11-12T16:51:02+00:00","og_image":[{"url":"https:\/\/www.canadahelps.org\/media\/oticon_logo_cmyk_pos-1-300x111.png","type":"","width":"","height":""}],"twitter_card":"summary_large_image","twitter_misc":{"Est. reading time":"1 minute"},"schema":{"@context":"https:\/\/schema.org","@graph":[{"@type":"WebPage","@id":"https:\/\/www.canadahelps.org\/fr\/oticon-2\/","url":"https:\/\/www.canadahelps.org\/fr\/oticon-2\/","name":"Oticon | CanaDon - Faites des dons \u00e0 un organisme de bienfaisance au Canada","isPartOf":{"@id":"https:\/\/www.canadahelps.org\/fr\/#website"},"primaryImageOfPage":{"@id":"https:\/\/www.canadahelps.org\/fr\/oticon-2\/#primaryimage"},"image":{"@id":"https:\/\/www.canadahelps.org\/fr\/oticon-2\/#primaryimage"},"thumbnailUrl":"https:\/\/www.canadahelps.org\/media\/oticon_logo_cmyk_pos-1-300x111.png","datePublished":"2014-11-10T19:29:42+00:00","dateModified":"2015-11-12T16:51:02+00:00","breadcrumb":{"@id":"https:\/\/www.canadahelps.org\/fr\/oticon-2\/#breadcrumb"},"inLanguage":"fr","potentialAction":[{"@type":"ReadAction","target":["https:\/\/www.canadahelps.org\/fr\/oticon-2\/"]}]},{"@type":"ImageObject","inLanguage":"fr","@id":"https:\/\/www.canadahelps.org\/fr\/oticon-2\/#primaryimage","url":"https:\/\/www.canadahelps.org\/media\/oticon_logo_cmyk_pos-1-300x111.png","contentUrl":"https:\/\/www.canadahelps.org\/media\/oticon_logo_cmyk_pos-1-300x111.png"},{"@type":"BreadcrumbList","@id":"https:\/\/www.canadahelps.org\/fr\/oticon-2\/#breadcrumb","itemListElement":[{"@type":"ListItem","position":1,"name":"Home","item":"https:\/\/www.canadahelps.org\/fr\/"},{"@type":"ListItem","position":2,"name":"Oticon"}]},{"@type":"WebSite","@id":"https:\/\/www.canadahelps.org\/fr\/#website","url":"https:\/\/www.canadahelps.org\/fr\/","name":"CanadaHelps - Donate to any charity in Canada","description":"Le don en toute simplicit\u00e9","publisher":{"@id":"https:\/\/www.canadahelps.org\/fr\/#organization"},"potentialAction":[{"@type":"SearchAction","target":{"@type":"EntryPoint","urlTemplate":"https:\/\/www.canadahelps.org\/fr\/?s={search_term_string}"},"query-input":{"@type":"PropertyValueSpecification","valueRequired":true,"valueName":"search_term_string"}}],"inLanguage":"fr"},{"@type":"Organization","@id":"https:\/\/www.canadahelps.org\/fr\/#organization","name":"CanadaHelps","url":"https:\/\/www.canadahelps.org\/fr\/","logo":{"@type":"ImageObject","inLanguage":"fr","@id":"https:\/\/www.canadahelps.org\/fr\/#\/schema\/logo\/image\/","url":"https:\/\/www.canadahelps.org\/media\/canadahelps-en.jpg","contentUrl":"https:\/\/www.canadahelps.org\/media\/canadahelps-en.jpg","width":131,"height":72,"caption":"CanadaHelps"},"image":{"@id":"https:\/\/www.canadahelps.org\/fr\/#\/schema\/logo\/image\/"}}]}},"_links":{"self":[{"href":"https:\/\/www.canadahelps.org\/fr\/wp-json\/wp\/v2\/pages\/3390","targetHints":{"allow":["GET"]}}],"collection":[{"href":"https:\/\/www.canadahelps.org\/fr\/wp-json\/wp\/v2\/pages"}],"about":[{"href":"https:\/\/www.canadahelps.org\/fr\/wp-json\/wp\/v2\/types\/page"}],"author":[{"embeddable":true,"href":"https:\/\/www.canadahelps.org\/fr\/wp-json\/wp\/v2\/users\/7"}],"replies":[{"embeddable":true,"href":"https:\/\/www.canadahelps.org\/fr\/wp-json\/wp\/v2\/comments?post=3390"}],"version-history":[{"count":5,"href":"https:\/\/www.canadahelps.org\/fr\/wp-json\/wp\/v2\/pages\/3390\/revisions"}],"predecessor-version":[{"id":8583,"href":"https:\/\/www.canadahelps.org\/fr\/wp-json\/wp\/v2\/pages\/3390\/revisions\/8583"}],"wp:attachment":[{"href":"https:\/\/www.canadahelps.org\/fr\/wp-json\/wp\/v2\/media?parent=3390"}],"curies":[{"name":"wp","href":"https:\/\/api.w.org\/{rel}","templated":true}]}}