{"id":34427,"date":"2020-08-14T15:47:14","date_gmt":"2020-08-14T19:47:14","guid":{"rendered":"https:\/\/www.canadahelps.org\/?page_id=34427"},"modified":"2024-07-09T11:21:14","modified_gmt":"2024-07-09T15:21:14","slug":"centre-de-secours-humanitaire-canadon-old-2","status":"publish","type":"page","link":"https:\/\/www.canadahelps.org\/fr\/centre-de-secours-humanitaire-canadon-old-2\/","title":{"rendered":"Centre de secours humanitaire"},"content":{"rendered":"<style><span data-mce-type=\"bookmark\" style=\"display: inline-block; width: 0px; overflow: hidden; line-height: 0;\" class=\"mce_SELRES_start\">\ufeff<\/span>html{background-color:#fff}#crc-header{background-color:#0070af}#crc-banner{display:flex;align-items:center;height:400px;max-width:1280px;margin:0 auto}#crc-banner-grid{display:flex;flex-direction:column;justify-content:flex-start;align-items:flex-start;width:80%;max-width:1280px;margin:0 auto}.crc-banner-item{color:#fff;text-align:center}.crc-banner-item p{font-size:18px}.crc-banner-item h1{color:#fff}.crc-banner-item h2{color:#fff;text-transform:none}.index-intro{text-align:center}.crc-box{display:grid;grid-template-columns:1fr 2fr;align-content:center;justify-content:space-evenly;padding:10px;margin-top:50px}.crc-img{width:100%;padding:0;border:0;font-size:10px;line-height:16px}.crc-box-text{padding:0 20px}.btn-crc{background:#1466a9;padding:13px 25px;font-size:16px;color:#fff;border:1px solid #0d4878;box-shadow:inset 0 1px 0 1px rgba(255,255,255,.06),0 1px 0 0 rgba(25,32,43,.1);border-radius:3px;padding:11px 16px;font-size:14px;font-weight:700;text-decoration:none;text-align:center;line-height:1.25;cursor:pointer;text-transform:uppercase}.btn-crc:hover{color:#fff;text-decoration:none;background:linear-gradient(180deg,#1466a9 0,#0d4878 100%);border:2px solid #0d4878;padding:10px 15px}@media screen and (max-width:640px){#crc-banner{height:auto;padding:30px 0 30px 0}.crc-box{grid-template-columns:1fr;align-content:center}.crc-box-text{padding:10px}}<\/style>\n<div id=\"crc-header\">\n<div class=\"w1920\">\n<div id=\"crc-banner\">\n<div id=\"crc-banner-grid\">\n<div class=\"crc-banner-item\">\n<h1>Soutenez les efforts d&#8217;intervention d&#8217;urgence au Canada et dans le monde<\/h1>\n<p>&nbsp;<\/p>\n<p>Parcourez les efforts d&#8217;intervention d&#8217;urgence actuels et en cours pour aider \u00e0 envoyer une aide humanitaire urgente aux personnes dans le besoin. Votre don peut aider \u00e0 fournir de la nourriture, un abri, une aide m\u00e9dicale et des secours humanitaires en temps de crise. Faites un don \u00e0 un organisme de bienfaisance enregistr\u00e9 r\u00e9pondant \u00e0 l&#8217;une des urgences ci-dessous et sachez que vos fonds vont au bon endroit.<\/p>\n<p>Explorez les efforts actuels d&#8217;intervention d&#8217;urgence et faites un don d\u00e8s aujourd&#8217;hui!<\/p>\n<\/div>\n<\/div>\n<\/div>\n<\/div>\n<\/div>\n<div class=\"w1920\">\n<div class=\"w1280\">\n<div class=\"index-intro\">\n<div class=\"w960\">\n<h2 style=\"color: #1466a9;\">Soutenez les efforts d&#8217;intervention d&#8217;urgence et donnez d\u00e8s aujourd&#8217;hui!<\/h2>\n<\/div>\n<\/div>\n<div class=\"cf-ci-spacer\">\n<div class=\"w960\">\n<div class=\"crc-box\">\n<div class=\"crc-img\"><img decoding=\"async\" src=\"https:\/\/www.canadahelps.org\/media\/20231018_is-hm_001.jpg\" alt=\"\" \/><\/div>\n<div class=\"crc-box-text\">\n<h2>Aide humanitaire pour la guerre entre Isra\u00ebl et le Hamas<\/h2>\n<p>Le conflit en cours entre le Hamas et les forces isra\u00e9liennes a fait un nombre alarmant de victimes. Des centaines de milliers de civils innocents ont \u00e9t\u00e9 tu\u00e9s, d\u00e9plac\u00e9s, bless\u00e9s ou enlev\u00e9s apr\u00e8s l&#8217;attaque contre Isra\u00ebl par le Hamas et les repr\u00e9sailles militaires isra\u00e9liennes. D\u00e9couvrez les organismes qui s&#8217;efforcent de fournir une aide humanitaire imm\u00e9diate et continue aux personnes touch\u00e9es par la guerre entre Isra\u00ebl et le Hamas.<\/p>\n<p>&nbsp;<\/p>\n<p><a class=\"btn-crc\" href=\"https:\/\/www.canadahelps.org\/fr\/aide_humanitaire_pour_la_guerre_entre_israel_et_le_hamas\/\" aria-label=\"faites un don pour envoyer aide au Pakistan\">FAITES UN DON<\/a><\/p>\n<\/div>\n<\/div>\n<hr class=\"grey\" \/>\n<div class=\"crc-box\">\n<div class=\"crc-img\"><img decoding=\"async\" src=\"https:\/\/www.canadahelps.org\/media\/CRC-Libya-Flood_UNICEF.png\" alt=\"\" \/><\/div>\n<div class=\"crc-box-text\">\n<h2>Aide humanitaire pour la guerre entre Isra\u00ebl et le Hamas<\/h2>\n<p>Le conflit en cours entre le Hamas et les forces isra\u00e9liennes a fait un nombre alarmant de victimes. Des centaines de milliers de civils innocents ont \u00e9t\u00e9 tu\u00e9s, d\u00e9plac\u00e9s, bless\u00e9s ou enlev\u00e9s apr\u00e8s l&#8217;attaque contre Isra\u00ebl par le Hamas et les repr\u00e9sailles militaires isra\u00e9liennes. D\u00e9couvrez les organismes qui s&#8217;efforcent de fournir une aide humanitaire imm\u00e9diate et continue aux personnes touch\u00e9es par la guerre entre Isra\u00ebl et le Hamas.<\/p>\n<p>&nbsp;<\/p>\n<p><a class=\"btn-crc\" href=\"https:\/\/www.canadahelps.org\/fr\/49848-2\/\" aria-label=\"faites un don pour envoyer aide au Pakistan\">FAITES UN DON<\/a><\/p>\n<\/div>\n<\/div>\n<hr class=\"grey\" \/>\n<div class=\"crc-box\">\n<div class=\"crc-img\"><img decoding=\"async\" src=\"https:\/\/www.canadahelps.org\/media\/Afghanistan-\u2013289-x-176.jpg\" alt=\"\" \/><\/div>\n<div class=\"crc-box-text\">\n<h2>Aide aux victimes du tremblement de terre en Afghanistan<\/h2>\n<p>L\u2019ouest de l\u2019Afghanistan a r\u00e9cemment connu deux graves tremblements de terre, tous deux d\u2019une magnitude de 6,3. Votre g\u00e9n\u00e9reux don permettra imm\u00e9diatement de fournir des secours essentiels, notamment des ressources vitales comme des abris, de la nourriture, de l&#8217;eau potable et une assistance m\u00e9dicale. D\u00e9couvrez comment vous pouvez contribuer et apporter de l\u2019espoir aux personnes touch\u00e9es. Ensemble nous pouvons faire une diff\u00e9rence.<\/p>\n<p>&nbsp;<\/p>\n<p><a class=\"btn-crc\" href=\"https:\/\/www.canadahelps.org\/fr\/afghanistan-earthquake-2023\/\" aria-label=\"faites un don pour envoyer aide au Pakistan\">FAITES UN DON<\/a><\/p>\n<\/div>\n<\/div>\n<hr class=\"grey\" \/>\n<div class=\"crc-box\">\n<div class=\"crc-img\"><a href=\"https:\/\/www.canadahelps.org\/media\/Rotator-Morocco-\u2013-FR.jpg\"><img loading=\"lazy\" decoding=\"async\" class=\"alignnone size-medium wp-image-49796\" src=\"https:\/\/www.canadahelps.org\/media\/Rotator-Morocco-\u2013-FR-300x198.jpg\" alt=\"Soutenez les efforts de secours pour les personnes touch\u00e9es par le s\u00e9isme au Maroc\" width=\"300\" height=\"198\" srcset=\"https:\/\/www.canadahelps.org\/media\/Rotator-Morocco-\u2013-FR-300x198.jpg 300w, https:\/\/www.canadahelps.org\/media\/Rotator-Morocco-\u2013-FR-768x506.jpg 768w, https:\/\/www.canadahelps.org\/media\/Rotator-Morocco-\u2013-FR.jpg 886w\" sizes=\"auto, (max-width: 300px) 100vw, 300px\" \/><\/a><\/div>\n<div class=\"crc-box-text\">\n<h2>Soutenez les efforts de secours pour les personnes touch\u00e9es par le s\u00e9isme au Maroc<\/h2>\n<p>Un tremblement de terre catastrophique a frapp\u00e9 le Maroc vendredi 8 septembre, faisant plus de 2600 morts et des milliers de bless\u00e9s. Les sauveteurs travaillent 24 heures sur 24 pour poursuivre la recherche de survivants. D\u2019une magnitude de 6,8, il s\u2019agit du s\u00e9isme le plus puissant \u00e0 avoir frapp\u00e9 la r\u00e9gion depuis plus d\u2019un si\u00e8cle. L\u2019\u00e9picentre du s\u00e9isme se situait dans le Haut Atlas et ses effets ont touch\u00e9 les villes voisines, notamment Marrakech, Ouarzazate, Safi, Essasouira, Agadir, Tiznit et Casablanca, touchant environ 300 000 personnes.<\/p>\n<p>&nbsp;<\/p>\n<p><a class=\"btn-crc\" href=\"https:\/\/www.canadahelps.org\/fr\/secours-apres-le-efforts-tremblement-de-terre-au-maroc\/\" aria-label=\"faites un don pour envoyer aide au Pakistan\">FAITES UN DON<\/a><\/p>\n<\/div>\n<\/div>\n<hr class=\"grey\" \/>\n<div class=\"crc-box\">\n<div class=\"crc-img\"><img decoding=\"async\" src=\"https:\/\/www.canadahelps.org\/media\/2023-08-18_nwt.jpg\" alt=\"\" \/><\/div>\n<div class=\"crc-box-text\">\n<h2>Soutenez les efforts de secours contre les feux de for\u00eat dans les Territoires du Nord-Ouest<\/h2>\n<p>Faites un don aux organismes de bienfaisance qui r\u00e9pondent aux feux de for\u00eat d\u00e9vastateurs dans les Territoires du Nord-Ouest. Faites un don d\u00e8s aujourd\u2019hui pour les efforts de secours contre les feux de for\u00eat.<\/p>\n<p>&nbsp;<\/p>\n<p><a class=\"btn-crc\" href=\"https:\/\/www.canadahelps.org\/fr\/soutenez-les-efforts-de-secours-contre-les-feux-de-foret-dans-les-territoires-du-nord-ouest\/\" aria-label=\"faites un don pour envoyer aide au Pakistan\">FAITES UN DON<\/a><\/p>\n<\/div>\n<\/div>\n<hr class=\"grey\" \/>\n<div class=\"crc-box\">\n<div class=\"crc-img\"><img decoding=\"async\" src=\"https:\/\/www.canadahelps.org\/media\/2023-08-18_wildfires.jpg\" alt=\"\" \/><\/div>\n<div class=\"crc-box-text\">\n<h2>Soutenez les op\u00e9rations de secours canadiens contre les feux de for\u00eat en 2023<\/h2>\n<p>Les organismes de bienfaisance canadiens qui r\u00e9pondent aux feux de for\u00eat au pays ont besoin de votre aide de toute urgence. Vos dons les aideront \u00e0 fournir des services d\u2019urgence indispensables, du mat\u00e9riel de lutte contre les incendies, de la nourriture et des abris. Faites un don aujourd\u2019hui.<\/p>\n<p>&nbsp;<\/p>\n<p><a class=\"btn-crc\" href=\"https:\/\/www.canadahelps.org\/fr\/soutenez-les-operations-de-secours-canadiens-contre-les-feux-de-foret-en-2023\/\" aria-label=\"faites un don pour envoyer aide au Pakistan\">FAITES UN DON<\/a><\/p>\n<\/div>\n<\/div>\n<hr class=\"grey\" \/>\n<div class=\"crc-box\">\n<div class=\"crc-img\"><a href=\"https:\/\/www.canadahelps.org\/media\/British-Columbia-Wildfires-2021-Rotator.png\"><img loading=\"lazy\" decoding=\"async\" class=\"alignnone size-medium wp-image-42423\" src=\"https:\/\/www.canadahelps.org\/media\/British-Columbia-Wildfires-2021-Rotator-300x198.png\" alt=\"\" width=\"300\" height=\"198\" srcset=\"https:\/\/www.canadahelps.org\/media\/British-Columbia-Wildfires-2021-Rotator-300x198.png 300w, https:\/\/www.canadahelps.org\/media\/British-Columbia-Wildfires-2021-Rotator.png 425w\" sizes=\"auto, (max-width: 300px) 100vw, 300px\" \/><\/a><\/div>\n<div class=\"crc-box-text\">\n<h2>Soutenez les efforts de secours contre les feux de for\u00eat en Colombie-Britannique<\/h2>\n<p>Faites un don aux organismes de bienfaisance qui r\u00e9pondent aux feux de for\u00eat incontr\u00f4lables en Colombie-Britannique. Faites un don aux efforts de secours en cas de crise d\u00e8s aujourd\u2019hui.<\/p>\n<p>&nbsp;<\/p>\n<p><a class=\"btn-crc\" href=\"https:\/\/www.canadahelps.org\/fr\/faites-un-don-aux-organismes-de-bienfaisance-qui-repondent-aux-feux-de-foret-incontrolables-en-colombie-britannique\/\" aria-label=\"faites un don pour envoyer aide au Pakistan\">FAITES UN DON<\/a><\/p>\n<\/div>\n<\/div>\n<hr class=\"grey\" \/>\n<div class=\"crc-box\">\n<div class=\"crc-img\"><img decoding=\"async\" src=\"https:\/\/www.canadahelps.org\/media\/CRC_Quebec_Wildfires_2023.jpeg\" alt=\"\" \/><\/div>\n<div class=\"crc-box-text\">\n<h2>Soutenez les efforts de secours contre les incendies de for\u00eat au Qu\u00e9bec<\/h2>\n<p>Faites un don pour aider \u00e0 fournir des produits de premi\u00e8re n\u00e9cessit\u00e9 tels que des abris d\u2019urgence, de la nourriture, des v\u00eatements et des services de soins aux animaux aux r\u00e9sidents du Qu\u00e9bec touch\u00e9s par la crise des incendies de for\u00eat.<\/p>\n<p>&nbsp;<\/p>\n<p><a class=\"btn-crc\" href=\"https:\/\/www.canadahelps.org\/fr\/faites-un-don-pour-la-crise-des-incendies-de-foret-quebec-2023\/\" aria-label=\"faites un don pour envoyer aide au Pakistan\">FAITES UN DON<\/a><\/p>\n<\/div>\n<\/div>\n<hr class=\"grey\" \/>\n<div class=\"crc-box\">\n<div class=\"crc-img\"><img decoding=\"async\" src=\"https:\/\/www.canadahelps.org\/media\/20220909_pakistan_crc.png\" alt=\"\" \/><br \/>\nCourtoisie de GlobalMedic<\/div>\n<div class=\"crc-box-text\">\n<h2>Envoyer de l\u2019aide au Pakistan<\/h2>\n<p>Envoyer des secours d&#8217;urgence aux victimes des inondations au Pakistan. Les enfants et les familles au Pakistan ont besoin de fournitures vitales. Aidez \u00e0 envoyer de la nourriture, de l&#8217;eau, des tentes et bien plus encore.<\/p>\n<p>&nbsp;<\/p>\n<p><a class=\"btn-crc\" href=\"https:\/\/www.canadahelps.org\/fr\/appel-durgence-les-inondations-au-pakistan\/\" aria-label=\"faites un don pour envoyer aide au Pakistan\">FAITES UN DON<\/a><\/p>\n<\/div>\n<\/div>\n<hr class=\"grey\" \/>\n<div class=\"crc-box\">\n<div class=\"crc-img\"><img decoding=\"async\" src=\"https:\/\/www.canadahelps.org\/media\/20220228_Ukraine_Crisis-Relief-Centre.png\" alt=\"Ukraine Relief Efforts\" \/><\/div>\n<div class=\"crc-box-text\">\n<h2>Faites un don aux efforts de secours d&#8217;urgence en Ukraine<\/h2>\n<p>Aidez \u00e0 fournir une aide d&#8217;urgence aux Ukrainiens pris dans le conflit sur le terrain ou \u00e0 ceux qui fuient le pays pour chercher refuge. Aidez \u00e0 fournir de la nourriture, de l&#8217;eau, un abri et d&#8217;autres produits de premi\u00e8re n\u00e9cessit\u00e9.<\/p>\n<p>&nbsp;<\/p>\n<p><a class=\"btn-crc\" href=\"https:\/\/www.canadahelps.org\/fr\/donnez-a-ukraine\/\" aria-label=\"cliquez ici pour faires un don aux efforts de secours en Ukriane\">FAITES UN DON<\/a><\/p>\n<\/div>\n<\/div>\n<hr class=\"grey\" \/>\n<div class=\"crc-box\">\n<div class=\"crc-img\"><img decoding=\"async\" src=\"https:\/\/www.canadahelps.org\/media\/20200817_Crisis-Relief-Centre_Landing-Page_August-2020_COVID-19.jpg\" alt=\"\" \/><\/div>\n<div class=\"crc-box-text\">\n<h2>Pand\u00e9mie de COVID-19<\/h2>\n<p>Le COVID-19 continue d&#8217;affecter toutes les communaut\u00e9s et toutes les \u00e9conomies au Canada et dans le monde. De l&#8217;aide est encore n\u00e9cessaire pour soutenir les h\u00f4pitaux et les travailleurs de premi\u00e8re ligne, pour r\u00e9pondre \u00e0 la demande pour les banques alimentaires, pour prendre soin des communaut\u00e9s vuln\u00e9rables, et plus encore<\/p>\n<p><a class=\"btn-crc\" href=\"https:\/\/www.canadahelps.org\/fr\/faites-un-don-aux-efforts-dintervention-contre-lepidemie-du-coronavirus\/\">FAITES UN DON MAINTENANT<\/a><\/p>\n<\/div>\n<\/div>\n<\/div>\n<\/div>\n<\/div>\n<\/div>\n","protected":false},"excerpt":{"rendered":"<p>Soutenez les efforts d&#8217;intervention d&#8217;urgence au Canada et dans le monde &nbsp; Parcourez les efforts d&#8217;intervention d&#8217;urgence actuels et en cours pour aider \u00e0 envoyer &#8230; <a href=\"https:\/\/www.canadahelps.org\/fr\/centre-de-secours-humanitaire-canadon-old-2\/\" id=\"canadahelp-blog-meta\">Voir plus<\/a><\/p>\n","protected":false},"author":30,"featured_media":0,"parent":0,"menu_order":0,"comment_status":"closed","ping_status":"closed","template":"template-fullwidth-page.php","meta":{"footnotes":""},"class_list":["post-34427","page","type-page","status-publish","hentry"],"acf":{"meta_description":"","use_toc_layout":false,"additional_body_css_classes":"","row_settings":false,"hide_page_title":false,"insert_spotlight_boxes":false,"use_biography_grid":false},"yoast_head":"<!-- This site is optimized with the Yoast SEO plugin v26.0 - https:\/\/yoast.com\/wordpress\/plugins\/seo\/ -->\n<title>Centre de secours humanitaire | CanaDon - Faites des dons \u00e0 un organisme de bienfaisance au Canada<\/title>\n<meta name=\"robots\" content=\"index, follow, max-snippet:-1, max-image-preview:large, max-video-preview:-1\" \/>\n<link rel=\"canonical\" href=\"https:\/\/www.canadahelps.org\/fr\/centre-de-secours-humanitaire-canadon-old-2\/\" \/>\n<meta property=\"og:locale\" content=\"fr_FR\" \/>\n<meta property=\"og:type\" content=\"article\" \/>\n<meta property=\"og:title\" content=\"Centre de secours humanitaire | CanaDon - Faites des dons \u00e0 un organisme de bienfaisance au Canada\" \/>\n<meta property=\"og:description\" content=\"Soutenez les efforts d&#8217;intervention d&#8217;urgence au Canada et dans le monde &nbsp; Parcourez les efforts d&#8217;intervention d&#8217;urgence actuels et en cours pour aider \u00e0 envoyer ... Voir plus\" \/>\n<meta property=\"og:url\" content=\"https:\/\/www.canadahelps.org\/fr\/centre-de-secours-humanitaire-canadon-old-2\/\" \/>\n<meta property=\"og:site_name\" content=\"CanaDon - Faites des dons \u00e0 un organisme de bienfaisance au Canada\" \/>\n<meta property=\"article:modified_time\" content=\"2024-07-09T15:21:14+00:00\" \/>\n<meta property=\"og:image\" content=\"https:\/\/www.canadahelps.org\/media\/20231018_is-hm_001.jpg\" \/>\n<meta name=\"twitter:card\" content=\"summary_large_image\" \/>\n<meta name=\"twitter:label1\" content=\"Est. reading time\" \/>\n\t<meta name=\"twitter:data1\" content=\"6 minutes\" \/>\n<script type=\"application\/ld+json\" class=\"yoast-schema-graph\">{\"@context\":\"https:\/\/schema.org\",\"@graph\":[{\"@type\":\"WebPage\",\"@id\":\"https:\/\/www.canadahelps.org\/fr\/centre-de-secours-humanitaire-canadon-old-2\/\",\"url\":\"https:\/\/www.canadahelps.org\/fr\/centre-de-secours-humanitaire-canadon-old-2\/\",\"name\":\"Centre de secours humanitaire | CanaDon - Faites des dons \u00e0 un organisme de bienfaisance au Canada\",\"isPartOf\":{\"@id\":\"https:\/\/www.canadahelps.org\/fr\/#website\"},\"primaryImageOfPage\":{\"@id\":\"https:\/\/www.canadahelps.org\/fr\/centre-de-secours-humanitaire-canadon-old-2\/#primaryimage\"},\"image\":{\"@id\":\"https:\/\/www.canadahelps.org\/fr\/centre-de-secours-humanitaire-canadon-old-2\/#primaryimage\"},\"thumbnailUrl\":\"https:\/\/www.canadahelps.org\/media\/20231018_is-hm_001.jpg\",\"datePublished\":\"2020-08-14T19:47:14+00:00\",\"dateModified\":\"2024-07-09T15:21:14+00:00\",\"breadcrumb\":{\"@id\":\"https:\/\/www.canadahelps.org\/fr\/centre-de-secours-humanitaire-canadon-old-2\/#breadcrumb\"},\"inLanguage\":\"fr\",\"potentialAction\":[{\"@type\":\"ReadAction\",\"target\":[\"https:\/\/www.canadahelps.org\/fr\/centre-de-secours-humanitaire-canadon-old-2\/\"]}]},{\"@type\":\"ImageObject\",\"inLanguage\":\"fr\",\"@id\":\"https:\/\/www.canadahelps.org\/fr\/centre-de-secours-humanitaire-canadon-old-2\/#primaryimage\",\"url\":\"https:\/\/www.canadahelps.org\/media\/20231018_is-hm_001.jpg\",\"contentUrl\":\"https:\/\/www.canadahelps.org\/media\/20231018_is-hm_001.jpg\"},{\"@type\":\"BreadcrumbList\",\"@id\":\"https:\/\/www.canadahelps.org\/fr\/centre-de-secours-humanitaire-canadon-old-2\/#breadcrumb\",\"itemListElement\":[{\"@type\":\"ListItem\",\"position\":1,\"name\":\"Home\",\"item\":\"https:\/\/www.canadahelps.org\/fr\/\"},{\"@type\":\"ListItem\",\"position\":2,\"name\":\"Centre de secours humanitaire\"}]},{\"@type\":\"WebSite\",\"@id\":\"https:\/\/www.canadahelps.org\/fr\/#website\",\"url\":\"https:\/\/www.canadahelps.org\/fr\/\",\"name\":\"CanadaHelps - Donate to any charity in Canada\",\"description\":\"Le don en toute simplicit\u00e9\",\"publisher\":{\"@id\":\"https:\/\/www.canadahelps.org\/fr\/#organization\"},\"potentialAction\":[{\"@type\":\"SearchAction\",\"target\":{\"@type\":\"EntryPoint\",\"urlTemplate\":\"https:\/\/www.canadahelps.org\/fr\/?s={search_term_string}\"},\"query-input\":{\"@type\":\"PropertyValueSpecification\",\"valueRequired\":true,\"valueName\":\"search_term_string\"}}],\"inLanguage\":\"fr\"},{\"@type\":\"Organization\",\"@id\":\"https:\/\/www.canadahelps.org\/fr\/#organization\",\"name\":\"CanadaHelps\",\"url\":\"https:\/\/www.canadahelps.org\/fr\/\",\"logo\":{\"@type\":\"ImageObject\",\"inLanguage\":\"fr\",\"@id\":\"https:\/\/www.canadahelps.org\/fr\/#\/schema\/logo\/image\/\",\"url\":\"https:\/\/www.canadahelps.org\/media\/canadahelps-en.jpg\",\"contentUrl\":\"https:\/\/www.canadahelps.org\/media\/canadahelps-en.jpg\",\"width\":131,\"height\":72,\"caption\":\"CanadaHelps\"},\"image\":{\"@id\":\"https:\/\/www.canadahelps.org\/fr\/#\/schema\/logo\/image\/\"}}]}<\/script>\n<!-- \/ Yoast SEO plugin. -->","yoast_head_json":{"title":"Centre de secours humanitaire | CanaDon - Faites des dons \u00e0 un organisme de bienfaisance au Canada","robots":{"index":"index","follow":"follow","max-snippet":"max-snippet:-1","max-image-preview":"max-image-preview:large","max-video-preview":"max-video-preview:-1"},"canonical":"https:\/\/www.canadahelps.org\/fr\/centre-de-secours-humanitaire-canadon-old-2\/","og_locale":"fr_FR","og_type":"article","og_title":"Centre de secours humanitaire | CanaDon - Faites des dons \u00e0 un organisme de bienfaisance au Canada","og_description":"Soutenez les efforts d&#8217;intervention d&#8217;urgence au Canada et dans le monde &nbsp; Parcourez les efforts d&#8217;intervention d&#8217;urgence actuels et en cours pour aider \u00e0 envoyer ... Voir plus","og_url":"https:\/\/www.canadahelps.org\/fr\/centre-de-secours-humanitaire-canadon-old-2\/","og_site_name":"CanaDon - Faites des dons \u00e0 un organisme de bienfaisance au Canada","article_modified_time":"2024-07-09T15:21:14+00:00","og_image":[{"url":"https:\/\/www.canadahelps.org\/media\/20231018_is-hm_001.jpg","type":"","width":"","height":""}],"twitter_card":"summary_large_image","twitter_misc":{"Est. reading time":"6 minutes"},"schema":{"@context":"https:\/\/schema.org","@graph":[{"@type":"WebPage","@id":"https:\/\/www.canadahelps.org\/fr\/centre-de-secours-humanitaire-canadon-old-2\/","url":"https:\/\/www.canadahelps.org\/fr\/centre-de-secours-humanitaire-canadon-old-2\/","name":"Centre de secours humanitaire | CanaDon - Faites des dons \u00e0 un organisme de bienfaisance au Canada","isPartOf":{"@id":"https:\/\/www.canadahelps.org\/fr\/#website"},"primaryImageOfPage":{"@id":"https:\/\/www.canadahelps.org\/fr\/centre-de-secours-humanitaire-canadon-old-2\/#primaryimage"},"image":{"@id":"https:\/\/www.canadahelps.org\/fr\/centre-de-secours-humanitaire-canadon-old-2\/#primaryimage"},"thumbnailUrl":"https:\/\/www.canadahelps.org\/media\/20231018_is-hm_001.jpg","datePublished":"2020-08-14T19:47:14+00:00","dateModified":"2024-07-09T15:21:14+00:00","breadcrumb":{"@id":"https:\/\/www.canadahelps.org\/fr\/centre-de-secours-humanitaire-canadon-old-2\/#breadcrumb"},"inLanguage":"fr","potentialAction":[{"@type":"ReadAction","target":["https:\/\/www.canadahelps.org\/fr\/centre-de-secours-humanitaire-canadon-old-2\/"]}]},{"@type":"ImageObject","inLanguage":"fr","@id":"https:\/\/www.canadahelps.org\/fr\/centre-de-secours-humanitaire-canadon-old-2\/#primaryimage","url":"https:\/\/www.canadahelps.org\/media\/20231018_is-hm_001.jpg","contentUrl":"https:\/\/www.canadahelps.org\/media\/20231018_is-hm_001.jpg"},{"@type":"BreadcrumbList","@id":"https:\/\/www.canadahelps.org\/fr\/centre-de-secours-humanitaire-canadon-old-2\/#breadcrumb","itemListElement":[{"@type":"ListItem","position":1,"name":"Home","item":"https:\/\/www.canadahelps.org\/fr\/"},{"@type":"ListItem","position":2,"name":"Centre de secours humanitaire"}]},{"@type":"WebSite","@id":"https:\/\/www.canadahelps.org\/fr\/#website","url":"https:\/\/www.canadahelps.org\/fr\/","name":"CanadaHelps - Donate to any charity in Canada","description":"Le don en toute simplicit\u00e9","publisher":{"@id":"https:\/\/www.canadahelps.org\/fr\/#organization"},"potentialAction":[{"@type":"SearchAction","target":{"@type":"EntryPoint","urlTemplate":"https:\/\/www.canadahelps.org\/fr\/?s={search_term_string}"},"query-input":{"@type":"PropertyValueSpecification","valueRequired":true,"valueName":"search_term_string"}}],"inLanguage":"fr"},{"@type":"Organization","@id":"https:\/\/www.canadahelps.org\/fr\/#organization","name":"CanadaHelps","url":"https:\/\/www.canadahelps.org\/fr\/","logo":{"@type":"ImageObject","inLanguage":"fr","@id":"https:\/\/www.canadahelps.org\/fr\/#\/schema\/logo\/image\/","url":"https:\/\/www.canadahelps.org\/media\/canadahelps-en.jpg","contentUrl":"https:\/\/www.canadahelps.org\/media\/canadahelps-en.jpg","width":131,"height":72,"caption":"CanadaHelps"},"image":{"@id":"https:\/\/www.canadahelps.org\/fr\/#\/schema\/logo\/image\/"}}]}},"_links":{"self":[{"href":"https:\/\/www.canadahelps.org\/fr\/wp-json\/wp\/v2\/pages\/34427","targetHints":{"allow":["GET"]}}],"collection":[{"href":"https:\/\/www.canadahelps.org\/fr\/wp-json\/wp\/v2\/pages"}],"about":[{"href":"https:\/\/www.canadahelps.org\/fr\/wp-json\/wp\/v2\/types\/page"}],"author":[{"embeddable":true,"href":"https:\/\/www.canadahelps.org\/fr\/wp-json\/wp\/v2\/users\/30"}],"replies":[{"embeddable":true,"href":"https:\/\/www.canadahelps.org\/fr\/wp-json\/wp\/v2\/comments?post=34427"}],"version-history":[{"count":14,"href":"https:\/\/www.canadahelps.org\/fr\/wp-json\/wp\/v2\/pages\/34427\/revisions"}],"predecessor-version":[{"id":51394,"href":"https:\/\/www.canadahelps.org\/fr\/wp-json\/wp\/v2\/pages\/34427\/revisions\/51394"}],"wp:attachment":[{"href":"https:\/\/www.canadahelps.org\/fr\/wp-json\/wp\/v2\/media?parent=34427"}],"curies":[{"name":"wp","href":"https:\/\/api.w.org\/{rel}","templated":true}]}}