{"id":34971,"date":"2020-09-09T14:16:05","date_gmt":"2020-09-09T18:16:05","guid":{"rendered":"https:\/\/www.canadahelps.org\/?page_id=34971"},"modified":"2025-06-18T12:57:43","modified_gmt":"2025-06-18T16:57:43","slug":"don-avec-carte-electronique","status":"publish","type":"page","link":"https:\/\/www.canadahelps.org\/fr\/faites-un-don\/don-avec-carte-electronique\/","title":{"rendered":"Envoyez une carte \u00e9lectronique"},"content":{"rendered":"","protected":false},"excerpt":{"rendered":"","protected":false},"author":41,"featured_media":0,"parent":1037,"menu_order":0,"comment_status":"closed","ping_status":"closed","template":"template-ecards.php","meta":{"footnotes":""},"class_list":["post-34971","page","type-page","status-publish","hentry"],"acf":{"meta_description":"","use_toc_layout":false,"additional_body_css_classes":"","hide_page_title":false,"row_settings":false,"insert_spotlight_boxes":false,"use_biography_grid":false,"mainText":"<p>Soulignez une occasion sp\u00e9ciale, faites honneur \u00e0 un \u00eatre cher, ou offrez vos meilleurs v\u0153ux \u00e0 vos amis et \u00e0 votre famille en envoyant une carte \u00e9lectronique avec un don fait \u00e0 un organisme de bienfaisance de leur choix. Quelle meilleure fa\u00e7on de d\u00e9montrer \u00e0 quelqu&#8217;un que vous l\u2019aimez, que de soutenir une cause qui lui tient \u00e0 coeur? Avec plus de 85 000 organismes de bienfaisance canadiens parmi lesquels choisir, vous pouvez \u00eatre s\u00fbr de donner \u00e0 une cause qui les passionne. Commencez par choisir un mod\u00e8le de carte \u00e9lectronique, saisissez le montant pour votre don, et personnalisez votre carte avec un message. De plus, obtenez un re\u00e7u d&#8217;imp\u00f4t pour la valeur de votre don!<\/p>\n","headerCopy":"Envoyez une carte \u00e9lectronique!","headerImage":"https:\/\/www.canadahelps.org\/media\/20230214_Ecard_Hero.png","headerImageMobile":"https:\/\/www.canadahelps.org\/media\/Ecards_Mobile.png"},"yoast_head":"<!-- This site is optimized with the Yoast SEO plugin v26.0 - https:\/\/yoast.com\/wordpress\/plugins\/seo\/ -->\n<title>Envoyez une carte \u00e9lectronique avec un cadeau de bienfaisance | CanaDon - Faites des dons \u00e0 un organisme de bienfaisance au Canada<\/title>\n<meta name=\"description\" content=\"Envoyez des cartes \u00e9lectroniques personnalis\u00e9es avec un cadeau de bienfaisance \u00e0 l\u2019organisme pr\u00e9f\u00e9r\u00e9 de vos proches pour leur d\u00e9montrer votre affection et votre soutien.\" \/>\n<meta name=\"robots\" content=\"index, follow, max-snippet:-1, max-image-preview:large, max-video-preview:-1\" \/>\n<link rel=\"canonical\" href=\"https:\/\/www.canadahelps.org\/fr\/faites-un-don\/don-avec-carte-electronique\/\" \/>\n<meta property=\"og:locale\" content=\"fr_FR\" \/>\n<meta property=\"og:type\" content=\"article\" \/>\n<meta property=\"og:title\" content=\"Envoyez une carte \u00e9lectronique avec un cadeau de bienfaisance | CanaDon - Faites des dons \u00e0 un organisme de bienfaisance au Canada\" \/>\n<meta property=\"og:description\" content=\"Envoyez des cartes \u00e9lectroniques personnalis\u00e9es avec un cadeau de bienfaisance \u00e0 l\u2019organisme pr\u00e9f\u00e9r\u00e9 de vos proches pour leur d\u00e9montrer votre affection et votre soutien.\" \/>\n<meta property=\"og:url\" content=\"https:\/\/www.canadahelps.org\/fr\/faites-un-don\/don-avec-carte-electronique\/\" \/>\n<meta property=\"og:site_name\" content=\"CanaDon - Faites des dons \u00e0 un organisme de bienfaisance au Canada\" \/>\n<meta property=\"article:modified_time\" content=\"2025-06-18T16:57:43+00:00\" \/>\n<meta name=\"twitter:card\" content=\"summary_large_image\" \/>\n<script type=\"application\/ld+json\" class=\"yoast-schema-graph\">{\"@context\":\"https:\/\/schema.org\",\"@graph\":[{\"@type\":\"WebPage\",\"@id\":\"https:\/\/www.canadahelps.org\/fr\/faites-un-don\/don-avec-carte-electronique\/\",\"url\":\"https:\/\/www.canadahelps.org\/fr\/faites-un-don\/don-avec-carte-electronique\/\",\"name\":\"Envoyez une carte \u00e9lectronique avec un cadeau de bienfaisance | CanaDon - Faites des dons \u00e0 un organisme de bienfaisance au Canada\",\"isPartOf\":{\"@id\":\"https:\/\/www.canadahelps.org\/fr\/#website\"},\"datePublished\":\"2020-09-09T18:16:05+00:00\",\"dateModified\":\"2025-06-18T16:57:43+00:00\",\"description\":\"Envoyez des cartes \u00e9lectroniques personnalis\u00e9es avec un cadeau de bienfaisance \u00e0 l\u2019organisme pr\u00e9f\u00e9r\u00e9 de vos proches pour leur d\u00e9montrer votre affection et votre soutien.\",\"breadcrumb\":{\"@id\":\"https:\/\/www.canadahelps.org\/fr\/faites-un-don\/don-avec-carte-electronique\/#breadcrumb\"},\"inLanguage\":\"fr\",\"potentialAction\":[{\"@type\":\"ReadAction\",\"target\":[\"https:\/\/www.canadahelps.org\/fr\/faites-un-don\/don-avec-carte-electronique\/\"]}]},{\"@type\":\"BreadcrumbList\",\"@id\":\"https:\/\/www.canadahelps.org\/fr\/faites-un-don\/don-avec-carte-electronique\/#breadcrumb\",\"itemListElement\":[{\"@type\":\"ListItem\",\"position\":1,\"name\":\"Home\",\"item\":\"https:\/\/www.canadahelps.org\/fr\/\"},{\"@type\":\"ListItem\",\"position\":2,\"name\":\"Faites un don\",\"item\":\"https:\/\/www.canadahelps.org\/fr\/faites-un-don\/\"},{\"@type\":\"ListItem\",\"position\":3,\"name\":\"Envoyez une carte \u00e9lectronique\"}]},{\"@type\":\"WebSite\",\"@id\":\"https:\/\/www.canadahelps.org\/fr\/#website\",\"url\":\"https:\/\/www.canadahelps.org\/fr\/\",\"name\":\"CanadaHelps - Donate to any charity in Canada\",\"description\":\"Le don en toute simplicit\u00e9\",\"publisher\":{\"@id\":\"https:\/\/www.canadahelps.org\/fr\/#organization\"},\"potentialAction\":[{\"@type\":\"SearchAction\",\"target\":{\"@type\":\"EntryPoint\",\"urlTemplate\":\"https:\/\/www.canadahelps.org\/fr\/?s={search_term_string}\"},\"query-input\":{\"@type\":\"PropertyValueSpecification\",\"valueRequired\":true,\"valueName\":\"search_term_string\"}}],\"inLanguage\":\"fr\"},{\"@type\":\"Organization\",\"@id\":\"https:\/\/www.canadahelps.org\/fr\/#organization\",\"name\":\"CanadaHelps\",\"url\":\"https:\/\/www.canadahelps.org\/fr\/\",\"logo\":{\"@type\":\"ImageObject\",\"inLanguage\":\"fr\",\"@id\":\"https:\/\/www.canadahelps.org\/fr\/#\/schema\/logo\/image\/\",\"url\":\"https:\/\/www.canadahelps.org\/media\/canadahelps-en.jpg\",\"contentUrl\":\"https:\/\/www.canadahelps.org\/media\/canadahelps-en.jpg\",\"width\":131,\"height\":72,\"caption\":\"CanadaHelps\"},\"image\":{\"@id\":\"https:\/\/www.canadahelps.org\/fr\/#\/schema\/logo\/image\/\"}}]}<\/script>\n<!-- \/ Yoast SEO plugin. -->","yoast_head_json":{"title":"Envoyez une carte \u00e9lectronique avec un cadeau de bienfaisance | CanaDon - Faites des dons \u00e0 un organisme de bienfaisance au Canada","description":"Envoyez des cartes \u00e9lectroniques personnalis\u00e9es avec un cadeau de bienfaisance \u00e0 l\u2019organisme pr\u00e9f\u00e9r\u00e9 de vos proches pour leur d\u00e9montrer votre affection et votre soutien.","robots":{"index":"index","follow":"follow","max-snippet":"max-snippet:-1","max-image-preview":"max-image-preview:large","max-video-preview":"max-video-preview:-1"},"canonical":"https:\/\/www.canadahelps.org\/fr\/faites-un-don\/don-avec-carte-electronique\/","og_locale":"fr_FR","og_type":"article","og_title":"Envoyez une carte \u00e9lectronique avec un cadeau de bienfaisance | CanaDon - Faites des dons \u00e0 un organisme de bienfaisance au Canada","og_description":"Envoyez des cartes \u00e9lectroniques personnalis\u00e9es avec un cadeau de bienfaisance \u00e0 l\u2019organisme pr\u00e9f\u00e9r\u00e9 de vos proches pour leur d\u00e9montrer votre affection et votre soutien.","og_url":"https:\/\/www.canadahelps.org\/fr\/faites-un-don\/don-avec-carte-electronique\/","og_site_name":"CanaDon - Faites des dons \u00e0 un organisme de bienfaisance au Canada","article_modified_time":"2025-06-18T16:57:43+00:00","twitter_card":"summary_large_image","schema":{"@context":"https:\/\/schema.org","@graph":[{"@type":"WebPage","@id":"https:\/\/www.canadahelps.org\/fr\/faites-un-don\/don-avec-carte-electronique\/","url":"https:\/\/www.canadahelps.org\/fr\/faites-un-don\/don-avec-carte-electronique\/","name":"Envoyez une carte \u00e9lectronique avec un cadeau de bienfaisance | CanaDon - Faites des dons \u00e0 un organisme de bienfaisance au Canada","isPartOf":{"@id":"https:\/\/www.canadahelps.org\/fr\/#website"},"datePublished":"2020-09-09T18:16:05+00:00","dateModified":"2025-06-18T16:57:43+00:00","description":"Envoyez des cartes \u00e9lectroniques personnalis\u00e9es avec un cadeau de bienfaisance \u00e0 l\u2019organisme pr\u00e9f\u00e9r\u00e9 de vos proches pour leur d\u00e9montrer votre affection et votre soutien.","breadcrumb":{"@id":"https:\/\/www.canadahelps.org\/fr\/faites-un-don\/don-avec-carte-electronique\/#breadcrumb"},"inLanguage":"fr","potentialAction":[{"@type":"ReadAction","target":["https:\/\/www.canadahelps.org\/fr\/faites-un-don\/don-avec-carte-electronique\/"]}]},{"@type":"BreadcrumbList","@id":"https:\/\/www.canadahelps.org\/fr\/faites-un-don\/don-avec-carte-electronique\/#breadcrumb","itemListElement":[{"@type":"ListItem","position":1,"name":"Home","item":"https:\/\/www.canadahelps.org\/fr\/"},{"@type":"ListItem","position":2,"name":"Faites un don","item":"https:\/\/www.canadahelps.org\/fr\/faites-un-don\/"},{"@type":"ListItem","position":3,"name":"Envoyez une carte \u00e9lectronique"}]},{"@type":"WebSite","@id":"https:\/\/www.canadahelps.org\/fr\/#website","url":"https:\/\/www.canadahelps.org\/fr\/","name":"CanadaHelps - Donate to any charity in Canada","description":"Le don en toute simplicit\u00e9","publisher":{"@id":"https:\/\/www.canadahelps.org\/fr\/#organization"},"potentialAction":[{"@type":"SearchAction","target":{"@type":"EntryPoint","urlTemplate":"https:\/\/www.canadahelps.org\/fr\/?s={search_term_string}"},"query-input":{"@type":"PropertyValueSpecification","valueRequired":true,"valueName":"search_term_string"}}],"inLanguage":"fr"},{"@type":"Organization","@id":"https:\/\/www.canadahelps.org\/fr\/#organization","name":"CanadaHelps","url":"https:\/\/www.canadahelps.org\/fr\/","logo":{"@type":"ImageObject","inLanguage":"fr","@id":"https:\/\/www.canadahelps.org\/fr\/#\/schema\/logo\/image\/","url":"https:\/\/www.canadahelps.org\/media\/canadahelps-en.jpg","contentUrl":"https:\/\/www.canadahelps.org\/media\/canadahelps-en.jpg","width":131,"height":72,"caption":"CanadaHelps"},"image":{"@id":"https:\/\/www.canadahelps.org\/fr\/#\/schema\/logo\/image\/"}}]}},"_links":{"self":[{"href":"https:\/\/www.canadahelps.org\/fr\/wp-json\/wp\/v2\/pages\/34971","targetHints":{"allow":["GET"]}}],"collection":[{"href":"https:\/\/www.canadahelps.org\/fr\/wp-json\/wp\/v2\/pages"}],"about":[{"href":"https:\/\/www.canadahelps.org\/fr\/wp-json\/wp\/v2\/types\/page"}],"author":[{"embeddable":true,"href":"https:\/\/www.canadahelps.org\/fr\/wp-json\/wp\/v2\/users\/41"}],"replies":[{"embeddable":true,"href":"https:\/\/www.canadahelps.org\/fr\/wp-json\/wp\/v2\/comments?post=34971"}],"version-history":[{"count":10,"href":"https:\/\/www.canadahelps.org\/fr\/wp-json\/wp\/v2\/pages\/34971\/revisions"}],"predecessor-version":[{"id":55207,"href":"https:\/\/www.canadahelps.org\/fr\/wp-json\/wp\/v2\/pages\/34971\/revisions\/55207"}],"up":[{"embeddable":true,"href":"https:\/\/www.canadahelps.org\/fr\/wp-json\/wp\/v2\/pages\/1037"}],"wp:attachment":[{"href":"https:\/\/www.canadahelps.org\/fr\/wp-json\/wp\/v2\/media?parent=34971"}],"curies":[{"name":"wp","href":"https:\/\/api.w.org\/{rel}","templated":true}]}}