{"id":35266,"date":"2020-09-14T20:52:03","date_gmt":"2020-09-15T00:52:03","guid":{"rendered":"https:\/\/www.canadahelps.org\/?page_id=35266"},"modified":"2020-09-14T21:39:49","modified_gmt":"2020-09-15T01:39:49","slug":"les-nouveaux-fonds-pour-une-cause-de-canadon-permettent-aux-canadiens-de-soutenir-facilement-les-causes-qui-leur-sont-cheres","status":"publish","type":"page","link":"https:\/\/www.canadahelps.org\/fr\/les-nouveaux-fonds-pour-une-cause-de-canadon-permettent-aux-canadiens-de-soutenir-facilement-les-causes-qui-leur-sont-cheres\/","title":{"rendered":"Communiqu\u00e9 de presse"},"content":{"rendered":"<h2 style=\"text-align: center;\">Les nouveaux Fonds pour une cause, de CanaDon, permettent aux Canadiens de<br \/>\nsoutenir facilement les causes qui leur sont ch\u00e8res<\/h2>\n<p style=\"text-align: center;\"><em>Une approche modernis\u00e9e qui permet, avec un seul don, d\u2019aider plusieurs organismes de bienfaisance enregistr\u00e9s travaillant pour une m\u00eame cause<\/em><\/p>\n<p><strong>TORONTO \u2013 15 septembre 2020<\/strong> \u2013 <a href=\"https:\/\/www.canadahelps.org\/fr\/\"><strong>CanaDon<\/strong><\/a>, une des plus importantes plateformes au Canada pour faire des dons et des collectes de fonds en ligne, a annonc\u00e9 aujourd\u2019hui ses nouveaux <a href=\"https:\/\/www.canadahelps.org\/fr\/fonds-cause\/\"><strong>Fonds pour une cause<\/strong><\/a>. Cette nouvelle fa\u00e7on novatrice de faire des dons permet aux donateurs de produire un impact pour une cause qui leur est ch\u00e8re, en offrant un seul don en vue d\u2019aider un groupe d\u2019organismes de bienfaisance qui travaillent pour une m\u00eame cause. Les dons faits \u00e0 un Fonds pour une cause sont mis en commun et distribu\u00e9s \u00e9galement parmi les organismes de bienfaisance enregistr\u00e9s qui sont inclus dans ce fonds. Les Fonds pour une cause d\u00e9mocratisent l\u2019appui au secteur caritatif en reliant facilement les donateurs canadiens aux causes qui les passionnent, et en aidant des organismes de bienfaisance de toute taille.<\/p>\n<p>\u00ab Nous avons lanc\u00e9 les Fonds pour une cause afin de r\u00e9agir aux tendances nouvelles des dons de bienfaisance, y compris une baisse g\u00e9n\u00e9rale des dons. La composition d\u00e9mographique \u00e9volue, et nous savons que les plus jeunes g\u00e9n\u00e9rations sont plus susceptibles d\u2019appuyer une cause que de s\u2019associer \u00e0 des organismes individuels. Les Canadiens cherchent aussi des fa\u00e7ons plus faciles d\u2019aider une cause qui leur tient \u00e0 c\u0153ur, et de soutenir\u00a0 simultan\u00e9ment plusieurs organismes de bienfaisance se consacrant \u00e0 une cause particuli\u00e8re \u00bb, a d\u00e9clar\u00e9 Marina Glogovac, pr\u00e9sidente-directrice g\u00e9n\u00e9rale de CanaDon. \u00ab Maintenant plus que jamais, les Canadiens veulent aussi une transparence pour s\u2019assurer que leurs dons vont aux bons organismes et servent \u00e0 l\u2019avancement des causes importantes pour eux. Quant aux organismes de bienfaisance de toute taille, ils ont besoin d\u2019un financement essentiel afin de pouvoir continuer \u00e0 r\u00e9aliser leur mission. Nos Fonds pour une cause r\u00e9pondent \u00e0 ces deux besoins, tout en \u00e9levant la barre pour les dons de bienfaisance. \u00bb<\/p>\n<p>La recherche montre que le secteur caritatif au Canada, comme \u00e0 travers le monde, traverse une crise. Les dons diminuent, et les plus jeunes donateurs n\u2019ont pas les m\u00eames fa\u00e7ons de donner que les g\u00e9n\u00e9rations pr\u00e9c\u00e9dentes. Les Fonds pour une cause visent \u00e0 renverser ces tendances en offrant une fa\u00e7on modernis\u00e9e de relier donateurs et organismes de bienfaisance pour les causes qui leur sont ch\u00e8res, en veillant \u00e0 ce que les organismes de bienfaisance canadiens re\u00e7oivent un financement crucial. Tout au long du processus de don, les Fonds pour une cause pr\u00e9sentent aussi une plus grande transparence et authenticit\u00e9, et suscitent la confiance, en veillant \u00e0 ce que seuls des organismes de bienfaisance canadiens enregistr\u00e9s re\u00e7oivent les dons. Les dons faits aux Fonds pour une cause sont envoy\u00e9s directement \u00e0 des organismes de bienfaisance admissibles, et des re\u00e7us fiscaux sont d\u00e9livr\u00e9s automatiquement aux donateurs.<\/p>\n<p>Ces Fonds pour une cause sont parmi les nouveaux fonds offerts par CanaDon :<\/p>\n<ul>\n<li><a href=\"https:\/\/www.canadahelps.org\/fr\/le-fonds-logement-pour-tous-en-alberta\/\"><strong>Fonds Logement pour tous en Alberta<\/strong><\/a> \u2013 L\u2019Alberta vit une crise du logement, alors que plus de 2900 personnes sont sans abri \u00e0 Calgary et 1900 \u00e0 Edmonton. Ce Fonds comprend plus de 50 organismes de bienfaisance enregistr\u00e9s qui s\u2019efforcent de mettre fin \u00e0 l\u2019itin\u00e9rance en Alberta. Les dons soutiendront des refuges d\u2019urgence, des logements de transition, des initiatives de logement abordable, et aideront \u00e0 trouver des solutions \u00e0 long terme, tout en appuyant des plaidoyers et d\u2019autres services de soutien pour les sans-abri.<\/li>\n<li><a href=\"https:\/\/www.canadahelps.org\/fr\/le-fonds-logement-pour-tous-a-vancouver\/\"><strong>Fonds Logement pour tous \u00e0 Vancouver<\/strong><\/a> \u2013 Le co\u00fbt du logement qui monte en fl\u00e8che, les pertes d\u2019emploi et les probl\u00e8mes sociaux ont engendr\u00e9 une crise de l\u2019itin\u00e9rance \u00e0 Vancouver. Plus de 2100 personnes sont sans abri dans la ville, dont 40 % s\u2019identifient comme des Autochtones, et pour 49 % cette situation peut devenir chronique. Ce Fonds comporte plus de 30 organismes de bienfaisance enregistr\u00e9s qui s\u2019emploient \u00e0 mettre fin \u00e0 l\u2019itin\u00e9rance \u00e0 Vancouver, gr\u00e2ce \u00e0 des refuges d\u2019urgence, des logements de transition, des logements abordables pour les a\u00een\u00e9s, des refuges pour les femmes ou pour les jeunes, etc.<\/li>\n<li><a href=\"https:\/\/www.canadahelps.org\/fr\/fonds-litteratie-pour-tous\/\"><strong>Fonds Litt\u00e9ratie pour tous<\/strong><\/a> \u2013 Au Canada, 17 % des adultes (16 \u00e0 65 ans) ont un faible taux de litt\u00e9ratie. Ce Fonds regroupe plus de 270 organismes de bienfaisance enregistr\u00e9s qui am\u00e9liorent les taux de litt\u00e9ratie au Canada. On y trouve des biblioth\u00e8ques; des programmes de litt\u00e9ratie pour les adultes, les enfants et les nouveaux arrivants; et des programmes pour am\u00e9liorer les comp\u00e9tences en lecture et en \u00e9criture.<\/li>\n<li><a href=\"https:\/\/www.canadahelps.org\/fr\/le-fonds-vivre-avec-lalzheimer\/\"><strong>Fonds vivre avec l&#8217;Alzheimer<\/strong><\/a> \u2013 Au Canada, plus de 747 000 personnes sont atteintes de d\u00e9mence ou de la maladie d\u2019Alzheimer. Les dons \u00e0 ce Fonds aideront plus de 70 organismes de bienfaisance enregistr\u00e9s qui fournissent des services de soutien et une assistance \u00e0 ces personnes ainsi qu\u2019\u00e0 leur famille, ou qui appuient une recherche essentielle pour d\u00e9couvrir de nouveaux traitements ou rem\u00e8des visant \u00e0 am\u00e9liorer la qualit\u00e9 de vie.<\/li>\n<li><a href=\"https:\/\/www.canadahelps.org\/fr\/le-fonds-eliminer-les-obstacles-pour-les-personnes-malvoyante\/\"><strong>Fonds \u00c9liminer les obstacles pour les personnes malvoyantes<\/strong><\/a> \u2013 On estime que, au Canada, 1,5 million de personnes ont une perte visuelle, et que 5,5 millions d\u2019autres souffrent d\u2019une maladie qui pourrait entra\u00eener une perte de vision. Les dons \u00e0 ce Fonds appuieront plus de 30 organismes de bienfaisance enregistr\u00e9s qui aident ces personnes \u00e0 acc\u00e9der \u00e0 des services essentiels, entre autres des ressources en braille, des chiens-guides, etc.; ou qui font de la recherche afin de pr\u00e9venir la perte de la vision et de fournir un traitement aux personnes qui en ont besoin.<\/li>\n<li><a href=\"https:\/\/www.canadahelps.org\/fr\/fonds-soutien-communautaire-pour-lautisme\/\"><strong>Fonds Soutien communautaire pour l&#8217;autisme<\/strong><\/a> \u2013 Au Canada, environ 1 enfant sur 66 (\u00e2ge : 5 \u00e0 17 ans) re\u00e7oit un diagnostic du trouble du spectre de l\u2019autisme (TSA), et \u00e9prouve des difficult\u00e9s associ\u00e9es aux interactions sociales et \u00e0 la communication verbale et non verbale, ou a des comportements restreints ou r\u00e9p\u00e9titifs. Ce Fonds inclut plus de 90 organismes de bienfaisance enregistr\u00e9s qui aident les personnes atteintes du TSA et am\u00e9liorent leur qualit\u00e9 de vie ainsi que celle de leur famille.<\/li>\n<li><a href=\"https:\/\/www.canadahelps.org\/fr\/mettre-fin-a-la-faim\/\"><strong>Fonds pour mettre fin \u00e0 la faim<\/strong><\/a> \u2013 Au Canada, 1 m\u00e9nage sur 8 conna\u00eet l\u2019ins\u00e9curit\u00e9 alimentaire et peine \u00e0 se nourrir tous les jours. Le Fonds pour mettre fin \u00e0 la faim soutient plus de 400 organismes de bienfaisance canadiens qui fournissent directement des aliments aux personnes dans le besoin, ou qui s\u2019attaquent aux probl\u00e8mes qui menacent la s\u00e9curit\u00e9 et la durabilit\u00e9 alimentaires.<\/li>\n<li><a href=\"https:\/\/www.canadahelps.org\/fr\/protection-de-lenvironnement\/\"><strong>Fonds pour la protection de l&#8217;environnement<\/strong><\/a> \u2013 Moins de 11 pour cent du plastique est recycl\u00e9 au Canada. Le reste se retrouve dans nos lacs, parcs, d\u00e9charges et oc\u00e9ans, d\u00e9truisant les \u00e9cosyst\u00e8mes et d\u00e9gageant des produits chimiques toxiques. Ce Fonds aide plus de 530 organismes de bienfaisance canadiens \u00e0 contribuer \u00e0 la sant\u00e9 de notre plan\u00e8te en prot\u00e9geant l\u2019eau, l\u2019air et les habitats naturels.<\/li>\n<li><a href=\"https:\/\/www.canadahelps.org\/fr\/fonds-pour-la-defense-de-la-sante-mentale\/\"><strong>Fonds pour la d\u00e9fense de la sant\u00e9 mentale<\/strong><\/a> \u2013 On estime que, au Canada, 1 personne sur 5 conna\u00eetra un probl\u00e8me de sant\u00e9 mentale cette ann\u00e9e. Ce Fonds soutiendra plus de 470 organismes de bienfaisance canadiens qui fournissent des services essentiels, tels qu\u2019un soutien en cas de crise, du counseling, une \u00e9ducation, et d\u2019autres types de traitements et de services de soutien professionnel.<\/li>\n<\/ul>\n<p><strong>Un nouveau mod\u00e8le efficace pour mobiliser les donateurs<\/strong><br \/>\nLes Fonds pour une cause, \u00e9tablis par CanaDon, s\u2019av\u00e8rent d\u00e9j\u00e0 un nouveau mod\u00e8le efficace pour mobiliser les donateurs. <a href=\"https:\/\/www.canadahelps.org\/fr\/fonds-cause\/covid-19-fonds-daide-aux-hopitaux\/\"><strong>Le Fonds d&#8217;aide aux h\u00f4pitaux et aux services de sant\u00e9 pour la COVID-19<\/strong><\/a>, <a href=\"https:\/\/www.canadahelps.org\/fr\/fonds-cause\/covid-19-fonds-daide-aux-communautes\/\"><strong>le Fonds d&#8217;aide aux communaut\u00e9s pour la COVID-19<\/strong><\/a> et <a href=\"https:\/\/www.canadahelps.org\/fr\/le-fonds-de-solidarite-pour-la-communaute-noire\/\"><strong>le Fonds de solidarit\u00e9 pour la communaut\u00e9 Noire<\/strong><\/a> ont d\u00e9j\u00e0 recueilli des millions de dollars afin d\u2019appuyer des organismes de bienfaisance au Canada. Les deux Fonds pour la COVID-19 ont re\u00e7u des dons de contrepartie de la Gore Mutual Foundation, \u00e0 hauteur de 1 million de dollars chacun; et le Fonds de solidarit\u00e9 pour la communaut\u00e9 Noire a re\u00e7u des dons de contrepartie de P&amp;G Canada pour 1 million de dollars. \u00c0 ce jour, CanaDon a \u00e9tabli 29 Fonds pour une cause, et pr\u00e9voit continuer \u00e0 lancer de nouveaux fonds en vue de r\u00e9pondre \u00e0 de nouvelles crises ou \u00e0 des \u00e9v\u00e9nements actuels, sous quatre cat\u00e9gories : Fonds pour des causes g\u00e9n\u00e9rales, Fonds d\u2019appui communautaire, Fonds pour une cause, et Fonds locaux.<\/p>\n<p><strong>\u00c0 propos de CanaDon<\/strong><br \/>\nFond\u00e9 en 2000, CanaDon est un organisme de bienfaisance enregistr\u00e9 dont la mission est d\u2019accro\u00eetre les dons de bienfaisance au Canada. Cet organisme d\u00e9veloppe une technologie efficace et abordable pour la collecte de fonds, et fournit une formation et une \u00e9ducation gratuites afin que tous les organismes de bienfaisance, quelle que soit leur taille, soient en mesure d\u2019accro\u00eetre leur impact et de r\u00e9ussir \u00e0 l\u2019\u00e8re num\u00e9rique. CanaDon.org fournit aux Canadiens un guichet unique, s\u00e9curitaire et de confiance, pour faire des dons ou des collectes de fonds, ou pour s\u2019informer au sujet de n\u2019importe quel organisme de bienfaisance au Canada. Plus de 2,6 millions de Canadiens ont donn\u00e9 plus de 1,4 milliard de dollars aux organismes de bienfaisance sur CanaDon. Pour d\u2019autres informations, visitez CanaDon.org ou rejoignez CanaDon sur <a href=\"https:\/\/twitter.com\/canadahelps\" target=\"_blank\" rel=\"noopener noreferrer\"><strong>Twitter<\/strong><\/a>, <a href=\"https:\/\/www.facebook.com\/canadahelps\" target=\"_blank\" rel=\"noopener noreferrer\"><strong>Facebook<\/strong><\/a>, <a href=\"https:\/\/www.instagram.com\/canadahelps\/\" target=\"_blank\" rel=\"noopener noreferrer\"><strong>Instagram<\/strong><\/a> et <a href=\"https:\/\/www.linkedin.com\/company\/1304872\/admin\/\" target=\"_blank\" rel=\"noopener noreferrer\"><strong>LinkedIn<\/strong><\/a>.<\/p>\n<p>###<\/p>\n<p><a href=\"https:\/\/www.canadahelps.org\/media\/Cause-Funds_Press-Release_Full-Length_FR.pdf\" target=\"_blank\" rel=\"noopener noreferrer\">T\u00c9L\u00c9CHARGER LE COMMUNIQU\u00c9<\/a><\/p>\n<p><strong>Personne-ressource pour les m\u00e9dias :<\/strong><br \/>\nCaroline McGrath<br \/>\nBoulevard Public Relations<br \/>\n416 972-1642<br \/>\ncaroline@boulevardpr.com<\/p>\n","protected":false},"excerpt":{"rendered":"<p>Les nouveaux Fonds pour une cause, de CanaDon, permettent aux Canadiens de soutenir facilement les causes qui leur sont ch\u00e8res Une approche modernis\u00e9e qui permet, &#8230; <a href=\"https:\/\/www.canadahelps.org\/fr\/les-nouveaux-fonds-pour-une-cause-de-canadon-permettent-aux-canadiens-de-soutenir-facilement-les-causes-qui-leur-sont-cheres\/\" id=\"canadahelp-blog-meta\">Voir plus<\/a><\/p>\n","protected":false},"author":7,"featured_media":0,"parent":0,"menu_order":0,"comment_status":"closed","ping_status":"closed","template":"template-custom.php","meta":{"footnotes":""},"class_list":["post-35266","page","type-page","status-publish","hentry"],"acf":{"meta_description":"","use_toc_layout":false,"additional_body_css_classes":"","hide_page_title":false,"row_settings":false,"insert_spotlight_boxes":false,"use_biography_grid":false,"footer_panels":false,"header_banner_colour":"#748E09"},"yoast_head":"<!-- This site is optimized with the Yoast SEO plugin v26.0 - https:\/\/yoast.com\/wordpress\/plugins\/seo\/ -->\n<title>Communiqu\u00e9 de presse | CanaDon - Faites des dons \u00e0 un organisme de bienfaisance au Canada<\/title>\n<meta name=\"robots\" content=\"index, follow, max-snippet:-1, max-image-preview:large, max-video-preview:-1\" \/>\n<link rel=\"canonical\" href=\"https:\/\/www.canadahelps.org\/fr\/les-nouveaux-fonds-pour-une-cause-de-canadon-permettent-aux-canadiens-de-soutenir-facilement-les-causes-qui-leur-sont-cheres\/\" \/>\n<meta property=\"og:locale\" content=\"fr_FR\" \/>\n<meta property=\"og:type\" content=\"article\" \/>\n<meta property=\"og:title\" content=\"Communiqu\u00e9 de presse | CanaDon - Faites des dons \u00e0 un organisme de bienfaisance au Canada\" \/>\n<meta property=\"og:description\" content=\"Les nouveaux Fonds pour une cause, de CanaDon, permettent aux Canadiens de soutenir facilement les causes qui leur sont ch\u00e8res Une approche modernis\u00e9e qui permet, ... Voir plus\" \/>\n<meta property=\"og:url\" content=\"https:\/\/www.canadahelps.org\/fr\/les-nouveaux-fonds-pour-une-cause-de-canadon-permettent-aux-canadiens-de-soutenir-facilement-les-causes-qui-leur-sont-cheres\/\" \/>\n<meta property=\"og:site_name\" content=\"CanaDon - Faites des dons \u00e0 un organisme de bienfaisance au Canada\" \/>\n<meta property=\"article:modified_time\" content=\"2020-09-15T01:39:49+00:00\" \/>\n<meta name=\"twitter:card\" content=\"summary_large_image\" \/>\n<meta name=\"twitter:label1\" content=\"Est. reading time\" \/>\n\t<meta name=\"twitter:data1\" content=\"8 minutes\" \/>\n<script type=\"application\/ld+json\" class=\"yoast-schema-graph\">{\"@context\":\"https:\/\/schema.org\",\"@graph\":[{\"@type\":\"WebPage\",\"@id\":\"https:\/\/www.canadahelps.org\/fr\/les-nouveaux-fonds-pour-une-cause-de-canadon-permettent-aux-canadiens-de-soutenir-facilement-les-causes-qui-leur-sont-cheres\/\",\"url\":\"https:\/\/www.canadahelps.org\/fr\/les-nouveaux-fonds-pour-une-cause-de-canadon-permettent-aux-canadiens-de-soutenir-facilement-les-causes-qui-leur-sont-cheres\/\",\"name\":\"Communiqu\u00e9 de presse | CanaDon - Faites des dons \u00e0 un organisme de bienfaisance au Canada\",\"isPartOf\":{\"@id\":\"https:\/\/www.canadahelps.org\/fr\/#website\"},\"datePublished\":\"2020-09-15T00:52:03+00:00\",\"dateModified\":\"2020-09-15T01:39:49+00:00\",\"breadcrumb\":{\"@id\":\"https:\/\/www.canadahelps.org\/fr\/les-nouveaux-fonds-pour-une-cause-de-canadon-permettent-aux-canadiens-de-soutenir-facilement-les-causes-qui-leur-sont-cheres\/#breadcrumb\"},\"inLanguage\":\"fr\",\"potentialAction\":[{\"@type\":\"ReadAction\",\"target\":[\"https:\/\/www.canadahelps.org\/fr\/les-nouveaux-fonds-pour-une-cause-de-canadon-permettent-aux-canadiens-de-soutenir-facilement-les-causes-qui-leur-sont-cheres\/\"]}]},{\"@type\":\"BreadcrumbList\",\"@id\":\"https:\/\/www.canadahelps.org\/fr\/les-nouveaux-fonds-pour-une-cause-de-canadon-permettent-aux-canadiens-de-soutenir-facilement-les-causes-qui-leur-sont-cheres\/#breadcrumb\",\"itemListElement\":[{\"@type\":\"ListItem\",\"position\":1,\"name\":\"Home\",\"item\":\"https:\/\/www.canadahelps.org\/fr\/\"},{\"@type\":\"ListItem\",\"position\":2,\"name\":\"Communiqu\u00e9 de presse\"}]},{\"@type\":\"WebSite\",\"@id\":\"https:\/\/www.canadahelps.org\/fr\/#website\",\"url\":\"https:\/\/www.canadahelps.org\/fr\/\",\"name\":\"CanadaHelps - Donate to any charity in Canada\",\"description\":\"Le don en toute simplicit\u00e9\",\"publisher\":{\"@id\":\"https:\/\/www.canadahelps.org\/fr\/#organization\"},\"potentialAction\":[{\"@type\":\"SearchAction\",\"target\":{\"@type\":\"EntryPoint\",\"urlTemplate\":\"https:\/\/www.canadahelps.org\/fr\/?s={search_term_string}\"},\"query-input\":{\"@type\":\"PropertyValueSpecification\",\"valueRequired\":true,\"valueName\":\"search_term_string\"}}],\"inLanguage\":\"fr\"},{\"@type\":\"Organization\",\"@id\":\"https:\/\/www.canadahelps.org\/fr\/#organization\",\"name\":\"CanadaHelps\",\"url\":\"https:\/\/www.canadahelps.org\/fr\/\",\"logo\":{\"@type\":\"ImageObject\",\"inLanguage\":\"fr\",\"@id\":\"https:\/\/www.canadahelps.org\/fr\/#\/schema\/logo\/image\/\",\"url\":\"https:\/\/www.canadahelps.org\/media\/canadahelps-en.jpg\",\"contentUrl\":\"https:\/\/www.canadahelps.org\/media\/canadahelps-en.jpg\",\"width\":131,\"height\":72,\"caption\":\"CanadaHelps\"},\"image\":{\"@id\":\"https:\/\/www.canadahelps.org\/fr\/#\/schema\/logo\/image\/\"}}]}<\/script>\n<!-- \/ Yoast SEO plugin. -->","yoast_head_json":{"title":"Communiqu\u00e9 de presse | CanaDon - Faites des dons \u00e0 un organisme de bienfaisance au Canada","robots":{"index":"index","follow":"follow","max-snippet":"max-snippet:-1","max-image-preview":"max-image-preview:large","max-video-preview":"max-video-preview:-1"},"canonical":"https:\/\/www.canadahelps.org\/fr\/les-nouveaux-fonds-pour-une-cause-de-canadon-permettent-aux-canadiens-de-soutenir-facilement-les-causes-qui-leur-sont-cheres\/","og_locale":"fr_FR","og_type":"article","og_title":"Communiqu\u00e9 de presse | CanaDon - Faites des dons \u00e0 un organisme de bienfaisance au Canada","og_description":"Les nouveaux Fonds pour une cause, de CanaDon, permettent aux Canadiens de soutenir facilement les causes qui leur sont ch\u00e8res Une approche modernis\u00e9e qui permet, ... Voir plus","og_url":"https:\/\/www.canadahelps.org\/fr\/les-nouveaux-fonds-pour-une-cause-de-canadon-permettent-aux-canadiens-de-soutenir-facilement-les-causes-qui-leur-sont-cheres\/","og_site_name":"CanaDon - Faites des dons \u00e0 un organisme de bienfaisance au Canada","article_modified_time":"2020-09-15T01:39:49+00:00","twitter_card":"summary_large_image","twitter_misc":{"Est. reading time":"8 minutes"},"schema":{"@context":"https:\/\/schema.org","@graph":[{"@type":"WebPage","@id":"https:\/\/www.canadahelps.org\/fr\/les-nouveaux-fonds-pour-une-cause-de-canadon-permettent-aux-canadiens-de-soutenir-facilement-les-causes-qui-leur-sont-cheres\/","url":"https:\/\/www.canadahelps.org\/fr\/les-nouveaux-fonds-pour-une-cause-de-canadon-permettent-aux-canadiens-de-soutenir-facilement-les-causes-qui-leur-sont-cheres\/","name":"Communiqu\u00e9 de presse | CanaDon - Faites des dons \u00e0 un organisme de bienfaisance au Canada","isPartOf":{"@id":"https:\/\/www.canadahelps.org\/fr\/#website"},"datePublished":"2020-09-15T00:52:03+00:00","dateModified":"2020-09-15T01:39:49+00:00","breadcrumb":{"@id":"https:\/\/www.canadahelps.org\/fr\/les-nouveaux-fonds-pour-une-cause-de-canadon-permettent-aux-canadiens-de-soutenir-facilement-les-causes-qui-leur-sont-cheres\/#breadcrumb"},"inLanguage":"fr","potentialAction":[{"@type":"ReadAction","target":["https:\/\/www.canadahelps.org\/fr\/les-nouveaux-fonds-pour-une-cause-de-canadon-permettent-aux-canadiens-de-soutenir-facilement-les-causes-qui-leur-sont-cheres\/"]}]},{"@type":"BreadcrumbList","@id":"https:\/\/www.canadahelps.org\/fr\/les-nouveaux-fonds-pour-une-cause-de-canadon-permettent-aux-canadiens-de-soutenir-facilement-les-causes-qui-leur-sont-cheres\/#breadcrumb","itemListElement":[{"@type":"ListItem","position":1,"name":"Home","item":"https:\/\/www.canadahelps.org\/fr\/"},{"@type":"ListItem","position":2,"name":"Communiqu\u00e9 de presse"}]},{"@type":"WebSite","@id":"https:\/\/www.canadahelps.org\/fr\/#website","url":"https:\/\/www.canadahelps.org\/fr\/","name":"CanadaHelps - Donate to any charity in Canada","description":"Le don en toute simplicit\u00e9","publisher":{"@id":"https:\/\/www.canadahelps.org\/fr\/#organization"},"potentialAction":[{"@type":"SearchAction","target":{"@type":"EntryPoint","urlTemplate":"https:\/\/www.canadahelps.org\/fr\/?s={search_term_string}"},"query-input":{"@type":"PropertyValueSpecification","valueRequired":true,"valueName":"search_term_string"}}],"inLanguage":"fr"},{"@type":"Organization","@id":"https:\/\/www.canadahelps.org\/fr\/#organization","name":"CanadaHelps","url":"https:\/\/www.canadahelps.org\/fr\/","logo":{"@type":"ImageObject","inLanguage":"fr","@id":"https:\/\/www.canadahelps.org\/fr\/#\/schema\/logo\/image\/","url":"https:\/\/www.canadahelps.org\/media\/canadahelps-en.jpg","contentUrl":"https:\/\/www.canadahelps.org\/media\/canadahelps-en.jpg","width":131,"height":72,"caption":"CanadaHelps"},"image":{"@id":"https:\/\/www.canadahelps.org\/fr\/#\/schema\/logo\/image\/"}}]}},"_links":{"self":[{"href":"https:\/\/www.canadahelps.org\/fr\/wp-json\/wp\/v2\/pages\/35266","targetHints":{"allow":["GET"]}}],"collection":[{"href":"https:\/\/www.canadahelps.org\/fr\/wp-json\/wp\/v2\/pages"}],"about":[{"href":"https:\/\/www.canadahelps.org\/fr\/wp-json\/wp\/v2\/types\/page"}],"author":[{"embeddable":true,"href":"https:\/\/www.canadahelps.org\/fr\/wp-json\/wp\/v2\/users\/7"}],"replies":[{"embeddable":true,"href":"https:\/\/www.canadahelps.org\/fr\/wp-json\/wp\/v2\/comments?post=35266"}],"version-history":[{"count":5,"href":"https:\/\/www.canadahelps.org\/fr\/wp-json\/wp\/v2\/pages\/35266\/revisions"}],"predecessor-version":[{"id":35272,"href":"https:\/\/www.canadahelps.org\/fr\/wp-json\/wp\/v2\/pages\/35266\/revisions\/35272"}],"wp:attachment":[{"href":"https:\/\/www.canadahelps.org\/fr\/wp-json\/wp\/v2\/media?parent=35266"}],"curies":[{"name":"wp","href":"https:\/\/api.w.org\/{rel}","templated":true}]}}