{"id":35305,"date":"2020-08-25T15:56:39","date_gmt":"2020-08-25T19:56:39","guid":{"rendered":"https:\/\/www.canadahelps.org\/?page_id=35305"},"modified":"2025-06-19T13:14:17","modified_gmt":"2025-06-19T17:14:17","slug":"pourquoi-canadon","status":"publish","type":"page","link":"https:\/\/www.canadahelps.org\/fr\/pourquoi-canadon\/","title":{"rendered":"Pourquoi CanaDon"},"content":{"rendered":"<style>#aboutus-canadasbest{width:90%;margin:0 auto 96px auto;max-width:1288px}#aboutus-access,#aboutus-acharity,#aboutus-findyour,#aboutus-freeallinone,#aboutus-jointheteam,#aboutus-ourmissionvision{width:90%;margin:96px auto;max-width:1288px}.ch-rounded-bottom-corners{border-bottom-left-radius:12px;border-bottom-right-radius:12px}.aboutus-side-by-side{display:flex;max-width:1288px;margin:0 auto}.aboutus-sbs-left,.aboutus-sbs-right{width:50%;padding:50px 50px 0 50px}.aboutus-sbs-left img,.aboutus-sbs-right img{width:100%}.ch-divider-gradient{height:12px;background:linear-gradient(90deg,#bfffde 0,#fffaae 100%);border-top-left-radius:12px;border-top-right-radius:12px}.ch-quote-top{display:flex;justify-content:flex-start;margin-top:200px}img.top-quote-mark{margin:-100px 0 0 30px}img.bottom-quote-mark{transform:rotate(180deg);margin:0 30px -150px 0}.ch-quote-body{padding:0 200px;margin:0 auto;color:#fff}.ch-quote-body p.header-primary{font-weight:700}.ch-quote-bottom{padding-bottom:50px;display:flex;justify-content:end;margin-bottom:150px}.blue-banner-flex{display:flex;margin:0 auto}.blue-banner-left-img,.blue-banner-left-txt,.blue-banner-right-txt{width:50%}.blue-banner-left-img{order:1}.blue-banner-right-txt{padding:50px 160px;color:#fff;order:2}.gradient{background:linear-gradient(to right,#ffd2ad,#ebcfff);height:7px}#two-gray-boxes{margin:200px auto 200px auto}#two-gray-boxes-with-gradient{display:flex;justify-content:center;align-items:center;gap:20px}.gray-box-gradient{width:510px;background:linear-gradient(to right,#bfefff,#ebcfff);height:7px;border-top-left-radius:12px;border-top-right-radius:12px;margin-bottom:0}.gray-box{padding:50px;width:510px;height:auto;min-height:510px;background-color:#f4f3f6;border-bottom-left-radius:12px;border-bottom-right-radius:12px}.green-gradient{position:relative;display:inline-block}.green-gradient::after{content:\"\";position:absolute;left:0;bottom:0;width:100%;height:2px;background:linear-gradient(to right,#00e676,#00a0e6)}#aboutus-impact{text-align:center;padding:100px}#blue-banner-quote-body p{font-family:\"PT Serif\",serif;font-weight:700;color:#fff;font-size:50px;line-height:60px}.ray-box h3{color:#1b1750}.btn{display:inline-block;box-shadow:inset 0 1px 0 1px rgba(255,255,255,.06),0 1px 0 0 rgba(25,32,43,.1);border-radius:3px;font-size:14px;font-weight:700;text-decoration:none;text-align:center;line-height:1.25;cursor:pointer}.btn:hover{text-decoration:none}.btn:focus{outline:0}.btn--disabled,.btn:disabled{opacity:.5;cursor:not-allowed}.btn--primary,.btn--primary.btn--disabled:active,.btn--primary.btn--disabled:focus,.btn--primary.btn--disabled:hover,.btn--primary:disabled,.btn--primary:focus,.btn--primary:hover{color:#fff}.btn--primary,.btn--primary.btn--disabled:active,.btn--primary.btn--disabled:focus,.btn--primary.btn--disabled:hover,.btn--primary:disabled{border:1px solid #0d4878;background:#1466a9;padding:11px 35px;margin-bottom:10px}.btn--primary:hover{background:linear-gradient(180deg,#1466a9 0,#0d4878 100%)}.btn--primary:focus{border:2px solid #0d4878;padding:10px 15px}.btn--primary:active{box-shadow:inset 0 2px 3px 0 #0d4878,0 1px 0 0 rgba(55,66,82,.1)}.btn--call-to-action,.btn--call-to-action.btn--disabled:active,.btn--call-to-action.btn--disabled:focus,.btn--call-to-action.btn--disabled:hover,.btn--call-to-action:disabled,.btn--ch-magenta,.btn--ch-magenta.btn--disabled:active,.btn--ch-magenta.btn--disabled:focus,.btn--ch-magenta.btn--disabled:hover,.btn--ch-magenta:disabled{background:#96164a;border:1px solid #75123a;color:#fff;padding:11px 16px}.btn--call-to-action:hover,.btn--ch-magenta:hover{background:linear-gradient(180deg,#96164a 0,#75123a 100%);color:#fff}.btn--call-to-action:focus,.btn--ch-magenta:focus{border:2px solid #75123a;padding:10px 15px;outline:0}.btn--call-to-action:active,.btn--ch-magenta:active{box-shadow:inset 0 2px 3px 0 rgba(55,66,82,.5),0 1px 0 0 rgba(25,32,43,.1)}.btn-plain-m,.btn-plain-m.btn--disabled:active,.btn-plain-m.btn--disabled:focus,.btn-plain-m.btn--disabled:hover,.btn-plain-m:disabled{background:#fff;border:1px solid #75123a;color:#75123a;padding:11px 16px}.btn-plain-b,.btn-plain-b.btn--disabled:active,.btn-plain-b.btn--disabled:focus,.btn-plain-b.btn--disabled:hover,.btn-plain-b:disabled{border:1px solid #0d4878;background:#fff;color:#0d4878;padding:11px 16px;border-radius:5px}.btn-white,.btn-white.btn--disabled:active,.btn-white.btn--disabled:focus,.btn-white.btn--disabled:hover,.btn-white:disabled{background:#fff;color:#1b1750;padding:11px 16px;border-radius:5px}@media screen and (max-width:640px){#aboutus-canadasbest{width:90%;margin:0 auto}#aboutus-access,#aboutus-acharity,#aboutus-findyour,#aboutus-freeallinone,#aboutus-jointheteam,#aboutus-ourmissionvision{width:90%;margin:0 auto}.ch-quote-body{padding:20px}.aboutus-side-by-side{flex-direction:column;width:95%;margin:0 auto}.aboutus-sbs-left,.aboutus-sbs-right{width:100%}.aboutus-sbs-left,.aboutus-sbs-right{padding:20px 50px!important}#blue-banner-quote-body{padding:0 50px}img.top-quote-mark{margin:-200px 0 0 50px}img.bottom-quote-mark{margin:50px 0 -160px 230px;transform:rotate(180deg)}.blue-banner-flex{flex-direction:column;width:95%}.blue-banner-left-img,.blue-banner-left-txt,.blue-banner-right-txt{width:100%}.blue-banner-left-img{order:2}.blue-banner-right-txt{padding:50px;order:1}#gradient-above-blue-box{width:95%}#side-by-side-blue-box{width:95%;margin:0 auto}.columns-blue-box{flex-direction:column}.blue-box-column-left,.blue-box-column-right{width:100%}#headline{width:95%}#two-gray-boxes{width:95%}#two-gray-boxes-with-gradient{flex-direction:column}.gray-box-gradient{width:100%}.gray-box{width:100%;height:auto}#aboutus-impact-box{padding:50px}#aboutus-impact-box h2{font-size:60px}#aboutus-impact h2{font-size:50px!important}}<\/style>\n<section id=\"aboutus-canadasbest\">\n<div class=\"aboutus-side-by-side\">\n<div class=\"aboutus-sbs-left\">\n    <img decoding=\"async\" src=\"https:\/\/www.canadahelps.org\/media\/20250314-mkt307-one.jpg\" alt=\"\">\n    <\/div>\n<div class=\"aboutus-sbs-right\">\n<p class=\"header-label\">\u00c0 notre sujet<\/p>\n<h1 class=\"header-display\">Le meilleur endroit au Canada pour <span class=\"ch-underline-gradient\">verser<\/span> et <span class=\"ch-underline-gradient\">recueillir<\/span> des fonds en ligne<\/h1>\n<\/p><\/div>\n<\/div>\n<\/section>\n<section id=\"aboutus-acharity\">\n<div class=\"aboutus-side-by-side\">\n<div class=\"aboutus-sbs-left\">\n<h2 class=\"header-primary\">Un organisme de bienfaisance qui soutient tous les organismes de bienfaisance canadiens<\/h2>\n<p>    Acc\u00e9dez \u00e0 plus de 85&nbsp;000 organismes de bienfaisance enregistr\u00e9s canadiens pour verser des dons num\u00e9riques par l\u2019entremise de CanaDon \u2014 des organismes locaux, aux organismes reconnus \u00e0 l\u2019\u00e9chelle internationale. De plus, nous transf\u00e9rons les fonds aux organismes que vous aimez tr\u00e8s rapidement et leur remettons des outils de collecte de fonds ou leur fournissons des programmes de formation pour faire avancer leur mission.<\/p><\/div>\n<div class=\"aboutus-sbs-right\">\n    <img decoding=\"async\" src=\"https:\/\/www.canadahelps.org\/media\/20250314-mkt307-two.jpg\" alt=\"\"><\/p><\/div>\n<\/div>\n<\/section>\n<section id=\"aboutus-freeallinone\">\n<div class=\"aboutus-side-by-side\">\n<div class=\"aboutus-sbs-left\">\n    <img decoding=\"async\" src=\"https:\/\/www.canadahelps.org\/media\/20250314-mkt307-three.jpg\" alt=\"\">\n    <\/div>\n<div class=\"aboutus-sbs-right\">\n<h2 class=\"header-primary\">Une solution gratuite, tout-en-un<br \/>\npour les donateurs<\/h2>\n<p>    Plus besoin de traquer vos re\u00e7us fiscaux, ou d\u2019essayer de vous souvenir comment vous avez vers\u00e9 votre don! Faites facilement le suivi de vos dons et recevez instantan\u00e9ment vos re\u00e7us fiscaux\u2026 le tout gratuitement dans votre compte CanaDon. De plus, avec plus de 8 mani\u00e8res de faire un don \u00e0 vos organismes de bienfaisance pr\u00e9f\u00e9r\u00e9s, vous pouvez donner comme vous le souhaitez, le tout gr\u00e2ce \u00e0 un guichet unique.<\/p><\/div>\n<\/div>\n<\/section>\n<p><!-- PURPLE MODULE WITH TOP DIVIDER GRADIENT --><\/p>\n<section id=\"aboutus-ourmissionvision\">\n<div class=\"ch-divider-gradient\"><\/div>\n<div class=\"ch-purple-section ch-rounded-bottom-corners\">\n<div class=\"aboutus-side-by-side\">\n<div class=\"aboutus-sbs-left\">\n<h2 class=\"header-primary text-white\">Notre mission<\/h2>\n<p class=\"text-white\">Nous suscitons la g\u00e9n\u00e9rosit\u00e9 et alimentons un changement positif.<\/p>\n<p>&nbsp;\n            <\/p><\/div>\n<div class=\"aboutus-sbs-right\">\n<h2 class=\"header-primary text-white\">Notre vision<\/h2>\n<p class=\"text-white\">Notre vision est un monde o\u00f9 chacun peut s\u2019\u00e9panouir.<\/p>\n<p>&nbsp;<br \/>\n            <!-- <a href=\"https:\/\/www.canadahelps.org\/fr\/notre-equipe\/\" class=\"btn-secondary\">Notre \u00e9quipe<\/a> -->\n            <\/div>\n<\/p><\/div>\n<\/p><\/div>\n<\/section>\n<p><!-- \/purple module with top divider gradient --><\/p>\n<section id=\"aboutus-access\">\n<h2 class=\"header-primary\">Acc\u00e9dez au compte de dons de bienfaisance <span class=\"ch-underline-gradient\">cr\u00e9\u00e9 pour vous<\/span><\/h2>\n<div class=\"aboutus-side-by-side\">\n<div class=\"aboutus-sbs-left\">\n    <img decoding=\"async\" src=\"https:\/\/www.canadahelps.org\/media\/ui-collage-hero.png\" alt=\"example fundraiser title\">\n    <\/div>\n<div class=\"aboutus-sbs-right\">\n<h2 class=\"header-primary\">Les dons en toute simplicit\u00e9 :<br \/>\ntoutes vos mani\u00e8res pr\u00e9f\u00e9r\u00e9es de donner au m\u00eame endroit<\/h2>\n<p> Faites un don ponctuel, offrez une carte-cadeau, achetez un cadeau de bienfaisance, faites don de valeurs mobili\u00e8res, ou recueillez des fonds avec des amis et bien plus encore\u2026 c\u2019est tr\u00e8s facile avec CanaDon! De plus, c\u2019est vous qui choisissez les informations que vous souhaitez divulguer \u00e0 chaque organisme de bienfaisance.<\/p>\n<\/p><\/div>\n<\/div>\n<div class=\"aboutus-side-by-side\">\n<div class=\"aboutus-sbs-left\">\n<h2 class=\"header-primary\">Une saison des imp\u00f4ts sans stress, gr\u00e2ce aux re\u00e7us fiscaux instantan\u00e9s<\/h2>\n<p>Ne perdez plus jamais vos re\u00e7us fiscaux! Personnalisez la mani\u00e8re dont vous souhaitez les recevoir : instantan\u00e9ment, ou sous forme d\u2019un re\u00e7u g\u00e9n\u00e9ral en fin d\u2019ann\u00e9e. De plus, acc\u00e9dez \u00e0 vos re\u00e7us \u00e0 tout moment dans un seul et m\u00eame endroit.<\/p>\n<\/p><\/div>\n<div class=\"aboutus-sbs-right\">\n    <img decoding=\"async\" src=\"https:\/\/www.canadahelps.org\/media\/ui-collage-1.png\" alt=\"example fundraiser content\">\n    <\/div>\n<\/div>\n<div class=\"aboutus-side-by-side\">\n<div class=\"aboutus-sbs-left\">\n    <img decoding=\"async\" src=\"https:\/\/www.canadahelps.org\/media\/ui-collage-2.png\" alt=\"example fundraiser form\">\n    <\/div>\n<div class=\"aboutus-sbs-right\">\n<h2 class=\"header-primary\">Vos dons vers\u00e9s en toute s\u00e9curit\u00e9 et de mani\u00e8re confidentielle<\/h2>\n<p> En tant que leader dans le traitement s\u00e9curis\u00e9 des paiements de dons, nous avons trait\u00e9 plus de 3 G$ de dons en 24 ans et sommes enti\u00e8rement conformes aux normes de s\u00e9curit\u00e9 des donn\u00e9es du secteur des cartes de paiement.<\/p>\n<\/p><\/div>\n<\/div>\n<\/section>\n<section id=\"aboutus-quote\" class=\"ch-purple-section\">\n<div class=\"container\">\n<div class=\"ch-quote-top\">\n        <img decoding=\"async\" class=\"top-quote-mark\" src=\"https:\/\/www.canadahelps.org\/media\/20250314_mkt307_quote.png\" alt=\"\">\n    <\/div>\n<div class=\"ch-quote-body\">\n<p class=\"header-primary text-white\">\nCanaDon comprend les collectes de fonds au Canada\u2026 C&#8217;est tr\u00e8s important, car en tant qu\u2019organisme de bienfaisance canadien et en Alberta, la r\u00e9glementation encadrant les collectes de fonds est tr\u00e8s stricte et il faut s\u2019y conformer. CanaDon comprend cela. Si nos dons en ligne passent par vous, alors nous sommes en conformit\u00e9.<\/p>\n<p class=\"text-white\"><strong class=\"text-white\">Doreen Slessor<\/strong><br \/>\n         CFRE, Directrice du d\u00e9veloppement, ARNET<\/p>\n<\/p><\/div>\n<div class=\"ch-quote-bottom\">\n        <img decoding=\"async\" class=\"bottom-quote-mark\" src=\"https:\/\/www.canadahelps.org\/media\/20250314_mkt307_quote.png\" alt=\"\">\n    <\/div>\n<\/div>\n<\/section>\n<section id=\"aboutus-jointheteam\">\n<div class=\"aboutus-side-by-side\">\n<div class=\"aboutus-sbs-left\">\n    <img decoding=\"async\" src=\"https:\/\/www.canadahelps.org\/media\/20250314-mkt307-four.jpg\" alt=\"\">\n    <\/div>\n<div class=\"aboutus-sbs-right\">\n<h2 class=\"header-primary\">Joignez-vous \u00e0 notre \u00e9quipe<\/h2>\n<p>    Contribuez \u00e0 faciliter le versement des dons aux organismes de bienfaisance et aux donateurs partout au Canada en vous joignant \u00e0 notre \u00e9quipe en pleine expansion d\u2019experts en science des donn\u00e9es, de sp\u00e9cialistes du marketing, de sp\u00e9cialistes du soutien aux organismes de bienfaisance, d\u2019ing\u00e9nieurs, de sp\u00e9cialistes des ressources humaines et bien plus encore.<\/p>\n<p>    <a href=\"\/fr\/joignez-vous-a-nous\/\" class=\"btn-primary\">Apprenez-en plus<\/a><\/p><\/div>\n<\/div>\n<\/section>\n<section id=\"two-gray-boxes\">\n<div id=\"two-gray-boxes-with-gradient\">\n<p>        <DIV><\/p>\n<div class=\"gray-box-gradient\"><\/div>\n<div class=\"gray-box\">\n<h3 class=\"thirty-three\">Les dons en toute simplicit\u00e9 :<br \/>\ntoutes vos mani\u00e8res pr\u00e9f\u00e9r\u00e9es de donner au m\u00eame endroit<\/h3>\n<p>                Faites un don ponctuel, offrez une carte-cadeau, achetez un cadeau de bienfaisance, faites don de valeurs mobili\u00e8res, ou recueillez des fonds avec des amis et bien plus encore\u2026 c\u2019est tr\u00e8s facile avec CanaDon! De plus, c\u2019est vous qui choisissez les informations que vous souhaitez divulguer \u00e0 chaque organisme de bienfaisance.<\/p><\/div>\n<p>        <\/DIV><\/p>\n<p>        <DIV><\/p>\n<div class=\"gray-box-gradient\"><\/div>\n<div class=\"gray-box\">\n<h3 class=\"thirty-three\">Multipliez votre impact<br \/>\npar deux \u00e0 chaque versement<\/h3>\n<p>                Chaque don vers\u00e9 par l\u2019interm\u00e9diaire de CanaDon soutient notre travail visant \u00e0 \u00e9laborer des outils et des programmes qui lib\u00e8rent les organismes de bienfaisance pour qu\u2019ils puissent se concentrer sur leur mission au lieu de se focaliser sur l\u2019aspect administratif. De plus, notre d\u00e9boursement aux organismes de bienfaisance est le plus rapide.<\/p><\/div>\n<p>        <\/DIV><\/p>\n<\/div>\n<\/section>\n<section id=\"aboutus-findyour\">\n<div class=\"aboutus-side-by-side\">\n<div class=\"aboutus-sbs-left\">\n<h2 class=\"header-primary\">Trouvez vos organismes de bienfaisance pr\u00e9f\u00e9r\u00e9s<\/h2>\n<p>        <a href=\"\/fr\/explore\/charities\/\" class=\"btn-primary\">Recherchez<\/a>\n    <\/div>\n<div class=\"aboutus-sbs-right\">\n        <img decoding=\"async\" src=\"https:\/\/www.canadahelps.org\/media\/20250314-mkt307-five.jpg\" alt=\"\">\n    <\/div>\n<\/div>\n<\/section>\n<section id=\"aboutus-impact\" class=\"ch-purple-section\">\n<p class=\"text-white header-label\">NOTRE IMPACT<\/p>\n<h2 class=\"text-white\" style=\"font-size: 136px; line-height: 150px;\">455&nbsp;134&nbsp;432\u00a0$<\/h2>\n<p class=\"text-white\">Amass\u00e9s pour des organismes de bienfaisance canadiens cette ann\u00e9e<\/p>\n<\/section>\n","protected":false},"excerpt":{"rendered":"<p>\u00c0 notre sujet Le meilleur endroit au Canada pour verser et recueillir des fonds en ligne Un organisme de bienfaisance qui soutient tous les organismes &#8230; <a href=\"https:\/\/www.canadahelps.org\/fr\/pourquoi-canadon\/\" id=\"canadahelp-blog-meta\">Voir plus<\/a><\/p>\n","protected":false},"author":30,"featured_media":0,"parent":0,"menu_order":0,"comment_status":"closed","ping_status":"closed","template":"template-ch20-full-width.php","meta":{"footnotes":""},"class_list":["post-35305","page","type-page","status-publish","hentry"],"acf":{"meta_description":"","use_toc_layout":false,"additional_body_css_classes":"","row_settings":false,"hide_page_title":false,"insert_spotlight_boxes":false,"use_biography_grid":false,"footer_panels":false,"header_banner_colour":"#748E09","blogs_posts_item":false},"yoast_head":"<!-- This site is optimized with the Yoast SEO plugin v26.0 - https:\/\/yoast.com\/wordpress\/plugins\/seo\/ -->\n<title>Au sujet de CanaDon | CanaDon - Faites des dons \u00e0 un organisme de bienfaisance au Canada<\/title>\n<meta name=\"description\" content=\"Simplifiez le versement de vos dons de bienfaisance gr\u00e2ce \u00e0 CanaDon : le meilleur endroit au Canada pour verser et recueillir des fonds en ligne\" \/>\n<meta name=\"robots\" content=\"index, follow, max-snippet:-1, max-image-preview:large, max-video-preview:-1\" \/>\n<link rel=\"canonical\" href=\"https:\/\/www.canadahelps.org\/fr\/pourquoi-canadon\/\" \/>\n<meta property=\"og:locale\" content=\"fr_FR\" \/>\n<meta property=\"og:type\" content=\"article\" \/>\n<meta property=\"og:title\" content=\"Au sujet de CanaDon\" \/>\n<meta property=\"og:description\" content=\"Simplifiez le versement de vos dons de bienfaisance gr\u00e2ce \u00e0 CanaDon : le meilleur endroit au Canada pour verser et recueillir des fonds en ligne\" \/>\n<meta property=\"og:url\" content=\"https:\/\/www.canadahelps.org\/fr\/pourquoi-canadon\/\" \/>\n<meta property=\"og:site_name\" content=\"CanaDon - Faites des dons \u00e0 un organisme de bienfaisance au Canada\" \/>\n<meta property=\"article:modified_time\" content=\"2025-06-19T17:14:17+00:00\" \/>\n<meta property=\"og:image\" content=\"https:\/\/www.canadahelps.org\/media\/20241104_mkt-205_012.png\" \/>\n\t<meta property=\"og:image:width\" content=\"668\" \/>\n\t<meta property=\"og:image:height\" content=\"864\" \/>\n\t<meta property=\"og:image:type\" content=\"image\/png\" \/>\n<meta name=\"twitter:card\" content=\"summary_large_image\" \/>\n<meta name=\"twitter:title\" content=\"Au sujet de CanaDon\" \/>\n<meta name=\"twitter:description\" content=\"Simplifiez le versement de vos dons de bienfaisance gr\u00e2ce \u00e0 CanaDon : le meilleur endroit au Canada pour verser et recueillir des fonds en ligne\" \/>\n<meta name=\"twitter:image\" content=\"https:\/\/www.canadahelps.org\/media\/20241104_mkt-205_012.png\" \/>\n<meta name=\"twitter:label1\" content=\"Est. reading time\" \/>\n\t<meta name=\"twitter:data1\" content=\"6 minutes\" \/>\n<script type=\"application\/ld+json\" class=\"yoast-schema-graph\">{\"@context\":\"https:\/\/schema.org\",\"@graph\":[{\"@type\":\"WebPage\",\"@id\":\"https:\/\/www.canadahelps.org\/fr\/pourquoi-canadon\/\",\"url\":\"https:\/\/www.canadahelps.org\/fr\/pourquoi-canadon\/\",\"name\":\"Au sujet de CanaDon | CanaDon - Faites des dons \u00e0 un organisme de bienfaisance au Canada\",\"isPartOf\":{\"@id\":\"https:\/\/www.canadahelps.org\/fr\/#website\"},\"primaryImageOfPage\":{\"@id\":\"https:\/\/www.canadahelps.org\/fr\/pourquoi-canadon\/#primaryimage\"},\"image\":{\"@id\":\"https:\/\/www.canadahelps.org\/fr\/pourquoi-canadon\/#primaryimage\"},\"thumbnailUrl\":\"https:\/\/www.canadahelps.org\/media\/20250314-mkt307-one.jpg\",\"datePublished\":\"2020-08-25T19:56:39+00:00\",\"dateModified\":\"2025-06-19T17:14:17+00:00\",\"description\":\"Simplifiez le versement de vos dons de bienfaisance gr\u00e2ce \u00e0 CanaDon : le meilleur endroit au Canada pour verser et recueillir des fonds en ligne\",\"breadcrumb\":{\"@id\":\"https:\/\/www.canadahelps.org\/fr\/pourquoi-canadon\/#breadcrumb\"},\"inLanguage\":\"fr\",\"potentialAction\":[{\"@type\":\"ReadAction\",\"target\":[\"https:\/\/www.canadahelps.org\/fr\/pourquoi-canadon\/\"]}]},{\"@type\":\"ImageObject\",\"inLanguage\":\"fr\",\"@id\":\"https:\/\/www.canadahelps.org\/fr\/pourquoi-canadon\/#primaryimage\",\"url\":\"https:\/\/www.canadahelps.org\/media\/20250314-mkt307-one.jpg\",\"contentUrl\":\"https:\/\/www.canadahelps.org\/media\/20250314-mkt307-one.jpg\"},{\"@type\":\"BreadcrumbList\",\"@id\":\"https:\/\/www.canadahelps.org\/fr\/pourquoi-canadon\/#breadcrumb\",\"itemListElement\":[{\"@type\":\"ListItem\",\"position\":1,\"name\":\"Home\",\"item\":\"https:\/\/www.canadahelps.org\/fr\/\"},{\"@type\":\"ListItem\",\"position\":2,\"name\":\"Pourquoi CanaDon\"}]},{\"@type\":\"WebSite\",\"@id\":\"https:\/\/www.canadahelps.org\/fr\/#website\",\"url\":\"https:\/\/www.canadahelps.org\/fr\/\",\"name\":\"CanadaHelps - Donate to any charity in Canada\",\"description\":\"Le don en toute simplicit\u00e9\",\"publisher\":{\"@id\":\"https:\/\/www.canadahelps.org\/fr\/#organization\"},\"potentialAction\":[{\"@type\":\"SearchAction\",\"target\":{\"@type\":\"EntryPoint\",\"urlTemplate\":\"https:\/\/www.canadahelps.org\/fr\/?s={search_term_string}\"},\"query-input\":{\"@type\":\"PropertyValueSpecification\",\"valueRequired\":true,\"valueName\":\"search_term_string\"}}],\"inLanguage\":\"fr\"},{\"@type\":\"Organization\",\"@id\":\"https:\/\/www.canadahelps.org\/fr\/#organization\",\"name\":\"CanadaHelps\",\"url\":\"https:\/\/www.canadahelps.org\/fr\/\",\"logo\":{\"@type\":\"ImageObject\",\"inLanguage\":\"fr\",\"@id\":\"https:\/\/www.canadahelps.org\/fr\/#\/schema\/logo\/image\/\",\"url\":\"https:\/\/www.canadahelps.org\/media\/canadahelps-en.jpg\",\"contentUrl\":\"https:\/\/www.canadahelps.org\/media\/canadahelps-en.jpg\",\"width\":131,\"height\":72,\"caption\":\"CanadaHelps\"},\"image\":{\"@id\":\"https:\/\/www.canadahelps.org\/fr\/#\/schema\/logo\/image\/\"}}]}<\/script>\n<!-- \/ Yoast SEO plugin. -->","yoast_head_json":{"title":"Au sujet de CanaDon | CanaDon - Faites des dons \u00e0 un organisme de bienfaisance au Canada","description":"Simplifiez le versement de vos dons de bienfaisance gr\u00e2ce \u00e0 CanaDon : le meilleur endroit au Canada pour verser et recueillir des fonds en ligne","robots":{"index":"index","follow":"follow","max-snippet":"max-snippet:-1","max-image-preview":"max-image-preview:large","max-video-preview":"max-video-preview:-1"},"canonical":"https:\/\/www.canadahelps.org\/fr\/pourquoi-canadon\/","og_locale":"fr_FR","og_type":"article","og_title":"Au sujet de CanaDon","og_description":"Simplifiez le versement de vos dons de bienfaisance gr\u00e2ce \u00e0 CanaDon : le meilleur endroit au Canada pour verser et recueillir des fonds en ligne","og_url":"https:\/\/www.canadahelps.org\/fr\/pourquoi-canadon\/","og_site_name":"CanaDon - Faites des dons \u00e0 un organisme de bienfaisance au Canada","article_modified_time":"2025-06-19T17:14:17+00:00","og_image":[{"width":668,"height":864,"url":"https:\/\/www.canadahelps.org\/media\/20241104_mkt-205_012.png","type":"image\/png"}],"twitter_card":"summary_large_image","twitter_title":"Au sujet de CanaDon","twitter_description":"Simplifiez le versement de vos dons de bienfaisance gr\u00e2ce \u00e0 CanaDon : le meilleur endroit au Canada pour verser et recueillir des fonds en ligne","twitter_image":"https:\/\/www.canadahelps.org\/media\/20241104_mkt-205_012.png","twitter_misc":{"Est. reading time":"6 minutes"},"schema":{"@context":"https:\/\/schema.org","@graph":[{"@type":"WebPage","@id":"https:\/\/www.canadahelps.org\/fr\/pourquoi-canadon\/","url":"https:\/\/www.canadahelps.org\/fr\/pourquoi-canadon\/","name":"Au sujet de CanaDon | CanaDon - Faites des dons \u00e0 un organisme de bienfaisance au Canada","isPartOf":{"@id":"https:\/\/www.canadahelps.org\/fr\/#website"},"primaryImageOfPage":{"@id":"https:\/\/www.canadahelps.org\/fr\/pourquoi-canadon\/#primaryimage"},"image":{"@id":"https:\/\/www.canadahelps.org\/fr\/pourquoi-canadon\/#primaryimage"},"thumbnailUrl":"https:\/\/www.canadahelps.org\/media\/20250314-mkt307-one.jpg","datePublished":"2020-08-25T19:56:39+00:00","dateModified":"2025-06-19T17:14:17+00:00","description":"Simplifiez le versement de vos dons de bienfaisance gr\u00e2ce \u00e0 CanaDon : le meilleur endroit au Canada pour verser et recueillir des fonds en ligne","breadcrumb":{"@id":"https:\/\/www.canadahelps.org\/fr\/pourquoi-canadon\/#breadcrumb"},"inLanguage":"fr","potentialAction":[{"@type":"ReadAction","target":["https:\/\/www.canadahelps.org\/fr\/pourquoi-canadon\/"]}]},{"@type":"ImageObject","inLanguage":"fr","@id":"https:\/\/www.canadahelps.org\/fr\/pourquoi-canadon\/#primaryimage","url":"https:\/\/www.canadahelps.org\/media\/20250314-mkt307-one.jpg","contentUrl":"https:\/\/www.canadahelps.org\/media\/20250314-mkt307-one.jpg"},{"@type":"BreadcrumbList","@id":"https:\/\/www.canadahelps.org\/fr\/pourquoi-canadon\/#breadcrumb","itemListElement":[{"@type":"ListItem","position":1,"name":"Home","item":"https:\/\/www.canadahelps.org\/fr\/"},{"@type":"ListItem","position":2,"name":"Pourquoi CanaDon"}]},{"@type":"WebSite","@id":"https:\/\/www.canadahelps.org\/fr\/#website","url":"https:\/\/www.canadahelps.org\/fr\/","name":"CanadaHelps - Donate to any charity in Canada","description":"Le don en toute simplicit\u00e9","publisher":{"@id":"https:\/\/www.canadahelps.org\/fr\/#organization"},"potentialAction":[{"@type":"SearchAction","target":{"@type":"EntryPoint","urlTemplate":"https:\/\/www.canadahelps.org\/fr\/?s={search_term_string}"},"query-input":{"@type":"PropertyValueSpecification","valueRequired":true,"valueName":"search_term_string"}}],"inLanguage":"fr"},{"@type":"Organization","@id":"https:\/\/www.canadahelps.org\/fr\/#organization","name":"CanadaHelps","url":"https:\/\/www.canadahelps.org\/fr\/","logo":{"@type":"ImageObject","inLanguage":"fr","@id":"https:\/\/www.canadahelps.org\/fr\/#\/schema\/logo\/image\/","url":"https:\/\/www.canadahelps.org\/media\/canadahelps-en.jpg","contentUrl":"https:\/\/www.canadahelps.org\/media\/canadahelps-en.jpg","width":131,"height":72,"caption":"CanadaHelps"},"image":{"@id":"https:\/\/www.canadahelps.org\/fr\/#\/schema\/logo\/image\/"}}]}},"_links":{"self":[{"href":"https:\/\/www.canadahelps.org\/fr\/wp-json\/wp\/v2\/pages\/35305","targetHints":{"allow":["GET"]}}],"collection":[{"href":"https:\/\/www.canadahelps.org\/fr\/wp-json\/wp\/v2\/pages"}],"about":[{"href":"https:\/\/www.canadahelps.org\/fr\/wp-json\/wp\/v2\/types\/page"}],"author":[{"embeddable":true,"href":"https:\/\/www.canadahelps.org\/fr\/wp-json\/wp\/v2\/users\/30"}],"replies":[{"embeddable":true,"href":"https:\/\/www.canadahelps.org\/fr\/wp-json\/wp\/v2\/comments?post=35305"}],"version-history":[{"count":15,"href":"https:\/\/www.canadahelps.org\/fr\/wp-json\/wp\/v2\/pages\/35305\/revisions"}],"predecessor-version":[{"id":55267,"href":"https:\/\/www.canadahelps.org\/fr\/wp-json\/wp\/v2\/pages\/35305\/revisions\/55267"}],"wp:attachment":[{"href":"https:\/\/www.canadahelps.org\/fr\/wp-json\/wp\/v2\/media?parent=35305"}],"curies":[{"name":"wp","href":"https:\/\/api.w.org\/{rel}","templated":true}]}}