{"id":3545,"date":"2014-11-12T17:20:45","date_gmt":"2014-11-12T22:20:45","guid":{"rendered":"https:\/\/www.canadahelps.org\/?page_id=3545"},"modified":"2020-08-06T09:53:16","modified_gmt":"2020-08-06T13:53:16","slug":"partisans-actuels","status":"publish","type":"page","link":"https:\/\/www.canadahelps.org\/fr\/pourquoi-canadon\/nous-soutenir__trashed\/partisans-actuels\/","title":{"rendered":"Partisans actuels"},"content":{"rendered":"<p><span lang=\"FR-CA\">CanaDon est un organisme de bienfaisance enregistr\u00e9 et un organisme sans but lucratif. Nous sommes tr\u00e8s reconnaissants pour le soutien que nous recevons, ce qui nous permet d\u2019investir davantage afin d\u2019am\u00e9liorer notre plateforme et de mieux servir les Canadiens et les organismes de bienfaisance.\u00a0<\/span><\/p>\n","protected":false},"excerpt":{"rendered":"<p>CanaDon est un organisme de bienfaisance enregistr\u00e9 et un organisme sans but lucratif. Nous sommes tr\u00e8s reconnaissants pour le soutien que nous recevons, ce qui &#8230; <a href=\"https:\/\/www.canadahelps.org\/fr\/pourquoi-canadon\/nous-soutenir__trashed\/partisans-actuels\/\" id=\"canadahelp-blog-meta\">Voir plus<\/a><\/p>\n","protected":false},"author":7,"featured_media":0,"parent":2064,"menu_order":0,"comment_status":"open","ping_status":"open","template":"template-subpage.php","meta":{"footnotes":""},"class_list":["post-3545","page","type-page","status-publish","hentry"],"acf":{"meta_description":"","use_toc_layout":false,"insert_spotlight_boxes":false,"use_biography_grid":true,"member_list":[{"member_photo":"https:\/\/www.canadahelps.org\/media\/ControlGap_Logo_Tagline_GreenArrow-e1532974909534.png","member_circle":true,"member_name":"Control Gap Inc.","member_position":"","member_description":"<p><a href=\"http:\/\/controlgap.com\/\" target=\"_blank\" rel=\"noopener\">Control Gap<\/a> est\u00a0<span style=\"font-weight: 400;\">une soci\u00e9t\u00e9 priv\u00e9e de cybers\u00e9curit\u00e9 bas\u00e9e \u00e0 Toronto qui poss\u00e8de une expertise unique dans l\u2019industrie des cartes de paiement, le PCI DSS (Payment Card Industry Data Security Standard) ainsi que la validation de la conformit\u00e9 et services conseils. L\u2019exp\u00e9rience de l\u2019\u00e9quipe d\u2019experts de Control Gap en FinTech est reconnue dans l\u2019industrie. La soci\u00e9t\u00e9 compte parmi ses clients, des d\u00e9taillants et commer\u00e7ants en ligne, des fournisseurs de services ainsi que les services sensibles dans plusieurs secteurs, soit les banques, l\u2019\u00e9nergie, les organisations en sant\u00e9 et le gouvernement.<\/span><\/p>\n","member_full_width":true,"member_clickable":false,"member_url":""},{"member_photo":"https:\/\/www.canadahelps.org\/media\/google-canada-logo3.png","member_circle":false,"member_name":"Google Canada","member_position":"","member_description":"<p>Le g\u00e9n\u00e9reux programme de subventions<span class=\"apple-converted-space\">\u00a0<\/span><a href=\"https:\/\/www.google.ca\/intl\/fr\/grants\/\" target=\"_blank\" rel=\"noopener\"><span style=\"color: #96174b;\">Google Ads Grants<\/span><\/a>\u00a0a permis \u00e0 CanaDon d\u2019atteindre un plus grand nombre de donateurs et de les guider vers les organismes de bienfaisance qu\u2019ils souhaitent appuyer. Nous sommes tr\u00e8s reconnaissants de leur soutien.<\/p>\n","member_full_width":true,"member_clickable":false,"member_url":""},{"member_photo":"https:\/\/www.canadahelps.org\/media\/Rasch.png","member_circle":false,"member_name":"The Jesse and Julie Rasch Foundation","member_position":"","member_description":"<p><a href=\"http:\/\/www.raschfoundation.org\/\">The Jesse and Julie Rasch Foundation\u00a0<\/a>pratique la philanthropie de risque et fonctionne essentiellement comme un investisseur en capital-risque qui dirigerait un fonds de placement. Cette fondation investit strat\u00e9giquement dans le domaine caritatif pour maximiser la rentabilit\u00e9 sociale de ses investissements tout en tenant compte de la rentabilit\u00e9. CanaDon appr\u00e9cie le soutien financier fourni par la Rasch Foundation.<\/p>\n","member_full_width":true,"member_clickable":false,"member_url":""},{"member_photo":"https:\/\/www.canadahelps.org\/media\/Lawson_Navy2.png","member_circle":false,"member_name":"Foundation Lawson","member_position":"","member_description":"<p>La <a href=\"https:\/\/lawson.ca\/\" rel=\"noopener\" target=\"_blank\">Foundation Lawson<\/a> est une fondation familiale canadienne qui s&#8217;implique et qui investit dans des id\u00e9es, des personnes et des organisations qui contribuent au d\u00e9veloppement sain des enfants et des jeunes. Nous accordons des subventions \u00e0 des organisations caritatives pour des activit\u00e9s telles que l&#8217;action communautaire, la mobilisation des connaissances, le suivi, le leadership, les politiques publiques, le d\u00e9veloppement des connaissances, le renforcement des capacit\u00e9s, l&#8217;\u00e9valuation et l&#8217;apprentissage.<\/p>\n","member_full_width":true,"member_clickable":false,"member_url":""},{"member_photo":"https:\/\/www.canadahelps.org\/media\/mackenzie-investments-logo.png","member_circle":false,"member_name":"Placements Mackenzie","member_position":"","member_description":"<p><a href=\"http:\/\/www.mackenzieinvestments.com\/fr\/pub\/index.shtml\" target=\"_blank\" rel=\"noopener\"><span style=\"color: #96174b;\">Placements Mackenzie<\/span><\/a><span class=\"apple-converted-space\">\u00a0<\/span>a g\u00e9n\u00e9reusement appuy\u00e9 le d\u00e9veloppement des programmes de formation et d\u2019\u00e9ducation<span class=\"apple-converted-space\">\u00a0<\/span><a href=\"https:\/\/www.canadahelps.org\/fr\/pour-les-organismes-de-bienfaisance\/ressources-deducation-et-de-formation-pour-les-organismes-de-bienfaisance\/\" target=\"_blank\" rel=\"noopener\"><span style=\"color: #96174b;\">MonOrganismeBranch\u00e9<\/span><\/a>. Leur don nous permet d\u2019aider les organismes de bienfaisance visant \u00e0 am\u00e9liorer leurs comp\u00e9tences de collecte de fonds, de marketing et de communication, de bonne gouvernance, tout en faisant usage de la technologie pour communiquer avec leurs clients et leurs partisans.<\/p>\n","member_full_width":true,"member_clickable":false,"member_url":""},{"member_photo":"https:\/\/www.canadahelps.org\/media\/Muttart.gif","member_circle":false,"member_name":"La Fondation Muttart","member_position":"","member_description":"<p><a href=\"http:\/\/www.muttart.org\/\" target=\"_blank\" rel=\"noopener\">La Fondation Muttart<\/a> croit que le Canada est mieux servi par un secteur volontaire \u00e0 la fois fort, ind\u00e9pendant et interconnect\u00e9. Gr\u00e2ce \u00e0 leur travail, les organismes de bienfaisance b\u00e2tissent la communaut\u00e9 et rem\u00e9dient aux probl\u00e8mes et aux pr\u00e9occupations cl\u00e9s dans le domaine social. CanaDon est reconnaissant \u00e0 la Fondation Muttart pour son soutien sous forme de cr\u00e9dit \u00e0 un taux abordable, ce qui nous permet d\u2019acc\u00e9l\u00e9rer l\u2019introduction des nouveaux services innovateurs dont ont besoin les petits et moyens organismes de bienfaisance en vue de se procurer des fonds et de continuer \u00e0 remplir leur mission<\/p>\n","member_full_width":true,"member_clickable":false,"member_url":""},{"member_photo":"https:\/\/www.canadahelps.org\/media\/OTFVERTcolour.jpg","member_circle":false,"member_name":"La Fondation Trillium de l\u2019Ontario","member_position":"","member_description":"<p>Le soutien g\u00e9n\u00e9reux de la Fondation Trillium de l\u2019Ontario permettra \u00e0 CanaDon de d\u00e9velopper des outils et des tableaux de bord d\u2019information sur une p\u00e9riode de trois ans, afin de susciter l\u2019engagement des donateurs et de fournir aux organisations caritatives les r\u00e9sultats de la recherche et de l\u2019analyse concernant les pratiques en mati\u00e8re de dons.<\/p>\n<p><a href=\"http:\/\/www.otf.ca\/fr?redirected=1\">La Fondation Trillium de l\u2019Ontario <\/a>(FTO) est un organisme du gouvernement de l\u2019Ontario ainsi que la fondation subventionnaire la plus importante au Canada. Elle octroie annuellement plus de 110 millions de dollars \u00e0 quelque 1 300 organismes de bienfaisance et sans but lucratif dans toute la province.<\/p>\n","member_full_width":true,"member_clickable":false,"member_url":""},{"member_photo":"https:\/\/www.canadahelps.org\/media\/osler-logo1.jpg","member_circle":false,"member_name":"Osler, Hoskin & Harcourt LLP","member_position":"","member_description":"<p><a href=\"http:\/\/www.osler.com\/Default.aspx?langtype=3084\" target=\"_blank\" rel=\"noopener\">Osler, Hoskin &amp; Harcourt LLP<\/a> s\u2019engage \u00e0 am\u00e9liorer la qualit\u00e9 de vie des communaut\u00e9s dans lesquelles nous vivons et travaillons.\u00a0 Une des fa\u00e7ons dont nous mettons en pratique cette r\u00e9solution est de soutenir CanaDon. Nous sommes fiers de pouvoir soutenir CanaDon et, par le fait m\u00eame, de promouvoir les dons caritatifs au Canada.<\/p>\n","member_full_width":true,"member_clickable":false,"member_url":""},{"member_photo":"https:\/\/www.canadahelps.org\/media\/RBCFND_LogoDes_H_rgbP_BiEF.png","member_circle":false,"member_name":"RBC Fondation","member_position":"","member_description":"<p>La <a href=\"http:\/\/www.rbc.com\/collectivites-durabilite\/community\/index.html\" target=\"_blank\" rel=\"noopener\">RBC Fondation<\/a> s\u2019engage \u00e0 aider les collectivit\u00e9s \u00e0 travers le monde en finan\u00e7ant de nombreuses initiatives diverses par des dons et des commandites. CanaDon est reconnaissant du soutien financier fourni par la Fondation RBC, qui nous a permis de continuer \u00e0 d\u00e9velopper des outils de collecte de fonds pour les organismes de bienfaisance et \u00e0 investir dans des initiatives \u00e9ducatives \u00e0 un co\u00fbt abordable pour les organismes de bienfaisance.<\/p>\n","member_full_width":true,"member_clickable":false,"member_url":""},{"member_photo":"https:\/\/www.canadahelps.org\/media\/RideauHall.png","member_circle":false,"member_name":"Fondation Rideau Hall (FRH)","member_position":"","member_description":"<p>La <a href=\"https:\/\/www.rhf-frh.ca\/\" rel=\"noopener\" target=\"_blank\">Fondation Rideau Hall (FRH)<\/a> est un organisme caritatif ind\u00e9pendant et apolitique qui a pour but d\u2019optimiser l\u2019influence du Bureau du gouverneur g\u00e9n\u00e9ral \u00e0 titre d\u2019institution cl\u00e9 de la d\u00e9mocratie canadienne et de mieux servir les Canadiens et Canadiennes par l\u2019interm\u00e9diaire d\u2019initiatives ax\u00e9es sur l\u2019apprentissage, le leadership, le don et l\u2019innovation. Aujourd\u2019hui, la FRH est devenue un organisme caritatif qui soutient l\u2019avancement du pays; une plateforme mobilisatrice qui r\u00e9unit les gens, les causes et les organismes attach\u00e9s \u00e0 diff\u00e9rents objectifs, mais unanimement convaincus du potentiel que rec\u00e8le le Canada. La FRH tend \u00e0 mettre en lumi\u00e8re l\u2019excellence canadienne et \u00e0 cr\u00e9er les conditions permettant \u00e0 davantage de Canadiens et de Canadiennes de r\u00e9ussir et de prosp\u00e9rer.<\/p>\n","member_full_width":true,"member_clickable":false,"member_url":""},{"member_photo":"https:\/\/www.canadahelps.org\/media\/Salient-logo_white_bg.jpg","member_circle":false,"member_name":"Salient Business Intelligence ","member_position":"","member_description":"<p><a href=\"http:\/\/www.salientbi.com\/\" target=\"_blank\" rel=\"noopener\">Salient Business Intelligence<\/a> fournit des solutions pour les strat\u00e9gies en mati\u00e8re de donn\u00e9es, principalement pour les soci\u00e9t\u00e9s appartenant au groupe s\u00e9lect Fortune 500. Cette firme se sp\u00e9cialise dans les strat\u00e9gies et la mise en \u0153uvre pour des projets concernant les donn\u00e9es des entreprises, y compris la migration des donn\u00e9es entre diff\u00e9rents progiciels de gestion int\u00e9gr\u00e9s, ainsi que le d\u00e9veloppement de bases de donn\u00e9es sur les rapports, de couches de m\u00e9tadonn\u00e9es, de l\u2019analytique, de tableaux de bord et de visualisations personnalis\u00e9es. \u00c0 titre gracieux, Salient BI offre un entrep\u00f4t de donn\u00e9es et des services pour les tableaux de bord, qui permettront aux organismes de bienfaisance d\u2019analyser des donn\u00e9es et de continuer \u00e0 optimiser leurs programmes de collecte de fonds<\/p>\n","member_full_width":true,"member_clickable":false,"member_url":""}],"additional_body_css_classes":"","hide_page_title":false,"row_settings":false},"yoast_head":"<!-- This site is optimized with the Yoast SEO plugin v26.0 - https:\/\/yoast.com\/wordpress\/plugins\/seo\/ -->\n<title>Partisans actuels | CanadaHelps - Donate to any charity in Canada<\/title>\n<meta name=\"robots\" content=\"index, follow, max-snippet:-1, max-image-preview:large, max-video-preview:-1\" \/>\n<link rel=\"canonical\" href=\"https:\/\/www.canadahelps.org\/fr\/pourquoi-canadon\/nous-soutenir__trashed\/partisans-actuels\/\" \/>\n<meta property=\"og:locale\" content=\"fr_FR\" \/>\n<meta property=\"og:type\" content=\"article\" \/>\n<meta property=\"og:title\" content=\"Partisans actuels | CanadaHelps - Donate to any charity in Canada\" \/>\n<meta property=\"og:description\" content=\"CanaDon est un organisme de bienfaisance enregistr\u00e9 et un organisme sans but lucratif. Nous sommes tr\u00e8s reconnaissants pour le soutien que nous recevons, ce qui ... Voir plus\" \/>\n<meta property=\"og:url\" content=\"https:\/\/www.canadahelps.org\/fr\/pourquoi-canadon\/nous-soutenir__trashed\/partisans-actuels\/\" \/>\n<meta property=\"og:site_name\" content=\"CanadaHelps - Donate to any charity in Canada\" \/>\n<meta property=\"article:modified_time\" content=\"2020-08-06T13:53:16+00:00\" \/>\n<meta name=\"twitter:card\" content=\"summary_large_image\" \/>\n<script type=\"application\/ld+json\" class=\"yoast-schema-graph\">{\"@context\":\"https:\/\/schema.org\",\"@graph\":[{\"@type\":\"WebPage\",\"@id\":\"https:\/\/www.canadahelps.org\/fr\/pourquoi-canadon\/nous-soutenir__trashed\/partisans-actuels\/\",\"url\":\"https:\/\/www.canadahelps.org\/fr\/pourquoi-canadon\/nous-soutenir__trashed\/partisans-actuels\/\",\"name\":\"Partisans actuels | CanadaHelps - Donate to any charity in Canada\",\"isPartOf\":{\"@id\":\"https:\/\/www.canadahelps.org\/fr\/#website\"},\"datePublished\":\"2014-11-12T22:20:45+00:00\",\"dateModified\":\"2020-08-06T13:53:16+00:00\",\"breadcrumb\":{\"@id\":\"https:\/\/www.canadahelps.org\/fr\/pourquoi-canadon\/nous-soutenir__trashed\/partisans-actuels\/#breadcrumb\"},\"inLanguage\":\"fr\",\"potentialAction\":[{\"@type\":\"ReadAction\",\"target\":[\"https:\/\/www.canadahelps.org\/fr\/pourquoi-canadon\/nous-soutenir__trashed\/partisans-actuels\/\"]}]},{\"@type\":\"BreadcrumbList\",\"@id\":\"https:\/\/www.canadahelps.org\/fr\/pourquoi-canadon\/nous-soutenir__trashed\/partisans-actuels\/#breadcrumb\",\"itemListElement\":[{\"@type\":\"ListItem\",\"position\":1,\"name\":\"Home\",\"item\":\"https:\/\/www.canadahelps.org\/fr\/\"},{\"@type\":\"ListItem\",\"position\":2,\"name\":\"Pourquoi CanaDon\",\"item\":\"https:\/\/www.canadahelps.org\/fr\/pourquoi-canadon\/\"},{\"@type\":\"ListItem\",\"position\":3,\"name\":\"Nous soutenir\",\"item\":\"https:\/\/www.canadahelps.org\/fr\/?page_id=2064\"},{\"@type\":\"ListItem\",\"position\":4,\"name\":\"Partisans actuels\"}]},{\"@type\":\"WebSite\",\"@id\":\"https:\/\/www.canadahelps.org\/fr\/#website\",\"url\":\"https:\/\/www.canadahelps.org\/fr\/\",\"name\":\"CanadaHelps - Donate to any charity in Canada\",\"description\":\"Giving Made Simple\",\"publisher\":{\"@id\":\"https:\/\/www.canadahelps.org\/fr\/#organization\"},\"potentialAction\":[{\"@type\":\"SearchAction\",\"target\":{\"@type\":\"EntryPoint\",\"urlTemplate\":\"https:\/\/www.canadahelps.org\/fr\/?s={search_term_string}\"},\"query-input\":{\"@type\":\"PropertyValueSpecification\",\"valueRequired\":true,\"valueName\":\"search_term_string\"}}],\"inLanguage\":\"fr\"},{\"@type\":\"Organization\",\"@id\":\"https:\/\/www.canadahelps.org\/fr\/#organization\",\"name\":\"CanadaHelps\",\"url\":\"https:\/\/www.canadahelps.org\/fr\/\",\"logo\":{\"@type\":\"ImageObject\",\"inLanguage\":\"fr\",\"@id\":\"https:\/\/www.canadahelps.org\/fr\/#\/schema\/logo\/image\/\",\"url\":\"https:\/\/www.canadahelps.org\/media\/canadahelps-en.jpg\",\"contentUrl\":\"https:\/\/www.canadahelps.org\/media\/canadahelps-en.jpg\",\"width\":131,\"height\":72,\"caption\":\"CanadaHelps\"},\"image\":{\"@id\":\"https:\/\/www.canadahelps.org\/fr\/#\/schema\/logo\/image\/\"}}]}<\/script>\n<!-- \/ Yoast SEO plugin. -->","yoast_head_json":{"title":"Partisans actuels | CanadaHelps - Donate to any charity in Canada","robots":{"index":"index","follow":"follow","max-snippet":"max-snippet:-1","max-image-preview":"max-image-preview:large","max-video-preview":"max-video-preview:-1"},"canonical":"https:\/\/www.canadahelps.org\/fr\/pourquoi-canadon\/nous-soutenir__trashed\/partisans-actuels\/","og_locale":"fr_FR","og_type":"article","og_title":"Partisans actuels | CanadaHelps - Donate to any charity in Canada","og_description":"CanaDon est un organisme de bienfaisance enregistr\u00e9 et un organisme sans but lucratif. Nous sommes tr\u00e8s reconnaissants pour le soutien que nous recevons, ce qui ... Voir plus","og_url":"https:\/\/www.canadahelps.org\/fr\/pourquoi-canadon\/nous-soutenir__trashed\/partisans-actuels\/","og_site_name":"CanadaHelps - Donate to any charity in Canada","article_modified_time":"2020-08-06T13:53:16+00:00","twitter_card":"summary_large_image","schema":{"@context":"https:\/\/schema.org","@graph":[{"@type":"WebPage","@id":"https:\/\/www.canadahelps.org\/fr\/pourquoi-canadon\/nous-soutenir__trashed\/partisans-actuels\/","url":"https:\/\/www.canadahelps.org\/fr\/pourquoi-canadon\/nous-soutenir__trashed\/partisans-actuels\/","name":"Partisans actuels | CanadaHelps - Donate to any charity in Canada","isPartOf":{"@id":"https:\/\/www.canadahelps.org\/fr\/#website"},"datePublished":"2014-11-12T22:20:45+00:00","dateModified":"2020-08-06T13:53:16+00:00","breadcrumb":{"@id":"https:\/\/www.canadahelps.org\/fr\/pourquoi-canadon\/nous-soutenir__trashed\/partisans-actuels\/#breadcrumb"},"inLanguage":"fr","potentialAction":[{"@type":"ReadAction","target":["https:\/\/www.canadahelps.org\/fr\/pourquoi-canadon\/nous-soutenir__trashed\/partisans-actuels\/"]}]},{"@type":"BreadcrumbList","@id":"https:\/\/www.canadahelps.org\/fr\/pourquoi-canadon\/nous-soutenir__trashed\/partisans-actuels\/#breadcrumb","itemListElement":[{"@type":"ListItem","position":1,"name":"Home","item":"https:\/\/www.canadahelps.org\/fr\/"},{"@type":"ListItem","position":2,"name":"Pourquoi CanaDon","item":"https:\/\/www.canadahelps.org\/fr\/pourquoi-canadon\/"},{"@type":"ListItem","position":3,"name":"Nous soutenir","item":"https:\/\/www.canadahelps.org\/fr\/?page_id=2064"},{"@type":"ListItem","position":4,"name":"Partisans actuels"}]},{"@type":"WebSite","@id":"https:\/\/www.canadahelps.org\/fr\/#website","url":"https:\/\/www.canadahelps.org\/fr\/","name":"CanadaHelps - Donate to any charity in Canada","description":"Giving Made Simple","publisher":{"@id":"https:\/\/www.canadahelps.org\/fr\/#organization"},"potentialAction":[{"@type":"SearchAction","target":{"@type":"EntryPoint","urlTemplate":"https:\/\/www.canadahelps.org\/fr\/?s={search_term_string}"},"query-input":{"@type":"PropertyValueSpecification","valueRequired":true,"valueName":"search_term_string"}}],"inLanguage":"fr"},{"@type":"Organization","@id":"https:\/\/www.canadahelps.org\/fr\/#organization","name":"CanadaHelps","url":"https:\/\/www.canadahelps.org\/fr\/","logo":{"@type":"ImageObject","inLanguage":"fr","@id":"https:\/\/www.canadahelps.org\/fr\/#\/schema\/logo\/image\/","url":"https:\/\/www.canadahelps.org\/media\/canadahelps-en.jpg","contentUrl":"https:\/\/www.canadahelps.org\/media\/canadahelps-en.jpg","width":131,"height":72,"caption":"CanadaHelps"},"image":{"@id":"https:\/\/www.canadahelps.org\/fr\/#\/schema\/logo\/image\/"}}]}},"_links":{"self":[{"href":"https:\/\/www.canadahelps.org\/fr\/wp-json\/wp\/v2\/pages\/3545","targetHints":{"allow":["GET"]}}],"collection":[{"href":"https:\/\/www.canadahelps.org\/fr\/wp-json\/wp\/v2\/pages"}],"about":[{"href":"https:\/\/www.canadahelps.org\/fr\/wp-json\/wp\/v2\/types\/page"}],"author":[{"embeddable":true,"href":"https:\/\/www.canadahelps.org\/fr\/wp-json\/wp\/v2\/users\/7"}],"replies":[{"embeddable":true,"href":"https:\/\/www.canadahelps.org\/fr\/wp-json\/wp\/v2\/comments?post=3545"}],"version-history":[{"count":13,"href":"https:\/\/www.canadahelps.org\/fr\/wp-json\/wp\/v2\/pages\/3545\/revisions"}],"predecessor-version":[{"id":34171,"href":"https:\/\/www.canadahelps.org\/fr\/wp-json\/wp\/v2\/pages\/3545\/revisions\/34171"}],"up":[{"embeddable":true,"href":"https:\/\/www.canadahelps.org\/fr\/wp-json\/wp\/v2\/pages\/2064"}],"wp:attachment":[{"href":"https:\/\/www.canadahelps.org\/fr\/wp-json\/wp\/v2\/media?parent=3545"}],"curies":[{"name":"wp","href":"https:\/\/api.w.org\/{rel}","templated":true}]}}