{"id":35897,"date":"2020-10-16T14:53:22","date_gmt":"2020-10-16T18:53:22","guid":{"rendered":"https:\/\/www.canadahelps.org\/?page_id=35897"},"modified":"2025-06-03T11:41:12","modified_gmt":"2025-06-03T15:41:12","slug":"reconnaissance-des-terres","status":"publish","type":"page","link":"https:\/\/www.canadahelps.org\/fr\/reconnaissance-des-terres\/","title":{"rendered":"Reconnaissance des terres"},"content":{"rendered":"<style>\n.ch20-full-width-page i.fa-brands {\n  color: white;\n}\n#site-footer-social-row a {\n  text-decoration: none;\n}\n.land-acknowledgment-header, .land-acknowledgment-section, .supporting-charities {\n  display: flex;\n  gap: 20px;\n  justify-content: space-between;\n  align-items: center;\n}\n.land-acknowledgment-text {\n  max-width: 639px;\n}\n.land-acknowledgment-section-text {\n  max-width: 497px;\n}\n.supporting-charities-text {\n  max-width: 386px;\n}\n.cf-tiles-container {\n  display: flex;\n  justify-content: space-between;\n  flex-wrap: wrap;\n}\n.cf-tile {\n  max-width: 612px;\n  margin-bottom: 20px;\n}\n.cf-tile-img {\n  margin-bottom: 20px;\n}\n.cf-tile .fa-arrow-right {\n  margin-left: 8px;\n}\n.quote {\n  padding: 64px 20px;\n  margin-top: 128px;\n}\n.quote-img {\n  position: absolute;\n  top: -170px;\n}\n.quote .container {\n  position: relative;\n  margin: 0 auto;\n  padding: 0;\n}\n@media screen and (max-width: 1200px) {\n  .land-acknowledgment-text, .land-acknowledgment-img, .land-acknowledgment-section-text, .land-acknowledgment-section-img,\n.supporting-charities-text, .supporting-charities-img {\n    width: 50%;\n  }\n  @media screen and (max-width: 768px) {\n    .land-acknowledgment-header, .supporting-charities {\n      display: block;\n    }\n    .land-acknowledgment-img, .supporting-charities-img, .land-acknowledgment-section-img {\n      margin-bottom: 20px;\n      width: 100%;\n    }\n    .land-acknowledgment-text, .land-acknowledgment-section-text, .supporting-charities-text, .land-acknowledgment-section-text {\n      width: 100%;\n      max-width: 100%;\n    }\n    .land-acknowledgment-img img, .supporting-charities-img img, .land-acknowledgment-section-img img {\n      margin: 0 auto;\n      width: 277px;\n    }\n    .land-acknowledgment-section {\n      flex-direction: column-reverse;\n      gap: 0;\n    }\n    .quote-img {\n      width: 100px;\n      top: -100px;\n    }\n    .quote {\n      padding: 40px 20px;\n      margin-top: 64px;\n    }\n  }\n}\n<\/style>\n<div class=\"land-acknowledgment\">\n<div class=\"land-acknowledgment-header container\">\n<div class=\"land-acknowledgment-img\"><img decoding=\"async\" src=\"https:\/\/www.canadahelps.org\/media\/Group-1173.png\" alt=\"\" width=\"540\" \/><\/div>\n<div class=\"land-acknowledgment-text\">\n<h1 class=\"header-label\">ENGAG\u00c9S \u00c0 AMPLIFIER LES VOIX AUTOCHTONES<\/h1>\n<h2 class=\"header-display\">Nous reconnaissons les peuples autochtones comme <span class=\"ch-underline-gradient\">les r\u00e9gisseurs traditionnels<\/span> de ce territoire<\/h2>\n<\/p><\/div>\n<\/p><\/div>\n<div class=\"land-acknowledgment-section container\">\n<div class=\"land-acknowledgment-section-text\">\n<h2 class=\"header-primary\">Reconnaissance des terres<\/h2>\n<p>Notre \u00e9quipe de CanaDon est reconnaissante d\u2019avoir l\u2019occasion de se rencontrer et de travailler sur de nombreuses patries autochtones \u00e0 travers cette terre que nous partageons, le Canada. En tant que colons sur ces terres, il est important de reconna\u00eetre que le territoire o\u00f9 se trouve notre si\u00e8ge social est le territoire traditionnel des Wendats, des Anishinaabegs, des Haudenosaunees et de la Premi\u00e8re Nation Credit des Mississaugas, aujourd&#8217;hui connue sous le nom de Toronto. Nous voulons exprimer notre respect pour les territoires dans lesquels nous r\u00e9sidons et honorer les divers peuples autochtones qui ont v\u00e9cu et travaill\u00e9 sur cette terre historiquement et actuellement. Nous, le personnel et les dirigeants de CanaDon nous sommes engag\u00e9s \u00e0 participer activement \u00e0 la r\u00e9conciliation. Nous nous engageons \u00e0 continuer \u00e0 amplifier les voix autochtones et \u00e0 apprendre comment notre travail affecte les peuples autochtones.<\/p>\n<\/p><\/div>\n<div class=\"land-acknowledgment-section-img\"><img decoding=\"async\" src=\"https:\/\/www.canadahelps.org\/media\/Headshot-1.png\" alt=\"\" width=\"796\" \/><\/div>\n<\/p><\/div>\n<div class=\"supporting-charities container\">\n<div class=\"supporting-charities-img\"><img decoding=\"async\" src=\"https:\/\/www.canadahelps.org\/media\/Headshot.png\" alt=\"\" width=\"734\" \/><\/div>\n<div class=\"supporting-charities-text\">\n<h2 class=\"header-primary\">Soutenir les causes et les organismes de bienfaisance dirig\u00e9s par les Autochtones<\/h2>\n<p>Les organismes de bienfaisance dirig\u00e9s par les Autochtones au Canada font face \u00e0 d\u2019importantes disparit\u00e9s de financement par rapport aux autres organismes de bienfaisance, ce qui limite leur capacit\u00e9 \u00e0 combattre la discrimination syst\u00e9mique et l\u2019h\u00e9ritage nuisible de la colonisation et de l\u2019assimilation. Votre soutien peut contribuer \u00e0 changer cette r\u00e9alit\u00e9.<br \/>\nD\u00e9couvrez le travail important des organismes de bienfaisance dirig\u00e9s par les Autochtones gr\u00e2ce \u00e0 ces fonds pour une cause soigneusement s\u00e9lectionn\u00e9s. Chaque fonds a \u00e9t\u00e9 pr\u00e9par\u00e9 par des conseillers exp\u00e9riment\u00e9s entretenant de profondes relations avec les communaut\u00e9s autochtones.<\/p>\n<p>Ensemble, nous pouvons aider les communaut\u00e9s autochtones \u00e0 s\u2019autonomiser et soutenir leurs efforts cruciaux pour la justice et la pr\u00e9servation de leur culture.<\/p>\n<\/p><\/div>\n<\/p><\/div>\n<div class=\"cause-funds-tiles container\">\n<h3 class=\"header-primary\">Fonds Cause<\/h3>\n<ul class=\"cf-tiles-container\">\n<li class=\"cf-tile\">\n<div class=\"cf-tile-img\"><img decoding=\"async\" src=\"https:\/\/www.canadahelps.org\/media\/20241010_mkt186_008-1-e1745416513359.png\" alt=\"\" width=\"612\" \/><\/div>\n<div class=\"cf-file-text\">\n<h4 class=\"header-tertiary\">Fonds de solidarit\u00e9 des peuples autochtones<\/h4>\n<p>Soutenez l\u2019ing\u00e9niosit\u00e9 et les services essentiels offerts par les organismes de bienfaisance dirig\u00e9s par des Autochtones.<\/p>\n<div class=\"cf-tile-link\"><a class=\"link-ch-purple text-ch-bold link-no-underline\" href=\"https:\/\/www.canadahelps.org\/fr\/fonds-de-solidarite-pour-les-peuples-autochtone\/\">En savoir plus<\/a><i class=\"fa-solid fa-arrow-right\"><\/i><\/div>\n<\/p><\/div>\n<\/li>\n<li class=\"cf-tile\">\n<div class=\"cf-tile-img\"><img decoding=\"async\" src=\"https:\/\/www.canadahelps.org\/media\/20241028a_mkt186_011-1-e1745416464527.png\" alt=\"\" width=\"612\" \/><\/div>\n<div class=\"cf-file-text\">\n<h4 class=\"header-tertiary\">Fonds pour la r\u00e9surgence de la culture et des langues autochtones dans le Nord canadien<\/h4>\n<p>Contribuez \u00e0 soutenir la r\u00e9surgence de la culture autochtone du Nord.<\/p>\n<div class=\"cf-tile-link\"><a class=\"link-ch-purple text-ch-bold link-no-underline\" href=\"https:\/\/www.canadahelps.org\/fr\/fonds-pour-la-resurgence-de-la-culture-et-des-langues-autochtones\/\">En savoir plus<\/a><i class=\"fa-solid fa-arrow-right\"><\/i><\/div>\n<\/p><\/div>\n<\/li>\n<\/ul><\/div>\n<div class=\"ch-purple-section quote\">\n<div class=\"container\">\n      <img decoding=\"async\" class=\"quote-img\" src=\"https:\/\/www.canadahelps.org\/media\/Path-1.png\" alt=\"\" \/><\/p>\n<p class=\"header-primary text-white font-bold\">&#8220;Les Canadiens ne doivent pas se borner \u00e0 parler de la r\u00e9conciliation. Ensemble, nous devons apprendre comment mettre en pratique la r\u00e9conciliation dans notre vie de tous les jours \u2014 avec nous-m\u00eames et nos familles, dans nos collectivit\u00e9s, nos administrations publiques, nos lieux de culte, nos \u00e9coles et nos lieux de travail. Pour agir d\u2019une mani\u00e8re constructive, les Canadiens doivent maintenir leur engagement \u00e0 poursuivre le processus visant \u00e0 \u00e9tablir et entretenir des relations fond\u00e9es sur le respect.&#8221;<\/p>\n<p class=\"text-white\"><strong class=\"text-white\">Source: Honorer la v\u00e9rit\u00e9, r\u00e9concilier pour l\u2019avenir Sommaire du rapport final de la Commission de v\u00e9rit\u00e9 et r\u00e9conciliation du Canada<\/p>\n<\/p><\/div>\n<\/p><\/div>\n<div>\n","protected":false},"excerpt":{"rendered":"<p>ENGAG\u00c9S \u00c0 AMPLIFIER LES VOIX AUTOCHTONES Nous reconnaissons les peuples autochtones comme les r\u00e9gisseurs traditionnels de ce territoire Reconnaissance des terres Notre \u00e9quipe de CanaDon &#8230; <a href=\"https:\/\/www.canadahelps.org\/fr\/reconnaissance-des-terres\/\" id=\"canadahelp-blog-meta\">Voir plus<\/a><\/p>\n","protected":false},"author":30,"featured_media":0,"parent":0,"menu_order":0,"comment_status":"closed","ping_status":"closed","template":"template-ch20-full-width.php","meta":{"footnotes":""},"class_list":["post-35897","page","type-page","status-publish","hentry"],"acf":{"meta_description":"","use_toc_layout":false,"additional_body_css_classes":"","row_settings":false,"hide_page_title":false,"insert_spotlight_boxes":false,"use_biography_grid":false,"blogs_posts_item":false},"yoast_head":"<!-- This site is optimized with the Yoast SEO plugin v26.0 - https:\/\/yoast.com\/wordpress\/plugins\/seo\/ -->\n<title>Reconnaissance des terres | CanadaHelps - Donate to any charity in Canada<\/title>\n<meta name=\"robots\" content=\"index, follow, max-snippet:-1, max-image-preview:large, max-video-preview:-1\" \/>\n<link rel=\"canonical\" href=\"https:\/\/www.canadahelps.org\/fr\/reconnaissance-des-terres\/\" \/>\n<meta property=\"og:locale\" content=\"fr_FR\" \/>\n<meta property=\"og:type\" content=\"article\" \/>\n<meta property=\"og:title\" content=\"Reconnaissance des terres | CanadaHelps - Donate to any charity in Canada\" \/>\n<meta property=\"og:description\" content=\"ENGAG\u00c9S \u00c0 AMPLIFIER LES VOIX AUTOCHTONES Nous reconnaissons les peuples autochtones comme les r\u00e9gisseurs traditionnels de ce territoire Reconnaissance des terres Notre \u00e9quipe de CanaDon ... Voir plus\" \/>\n<meta property=\"og:url\" content=\"https:\/\/www.canadahelps.org\/fr\/reconnaissance-des-terres\/\" \/>\n<meta property=\"og:site_name\" content=\"CanadaHelps - Donate to any charity in Canada\" \/>\n<meta property=\"article:modified_time\" content=\"2025-06-03T15:41:12+00:00\" \/>\n<meta property=\"og:image\" content=\"https:\/\/www.canadahelps.org\/media\/Group-1173.png\" \/>\n<meta name=\"twitter:card\" content=\"summary_large_image\" \/>\n<meta name=\"twitter:label1\" content=\"Est. reading time\" \/>\n\t<meta name=\"twitter:data1\" content=\"1 minute\" \/>\n<script type=\"application\/ld+json\" class=\"yoast-schema-graph\">{\"@context\":\"https:\/\/schema.org\",\"@graph\":[{\"@type\":\"WebPage\",\"@id\":\"https:\/\/www.canadahelps.org\/fr\/reconnaissance-des-terres\/\",\"url\":\"https:\/\/www.canadahelps.org\/fr\/reconnaissance-des-terres\/\",\"name\":\"Reconnaissance des terres | CanadaHelps - Donate to any charity in Canada\",\"isPartOf\":{\"@id\":\"https:\/\/www.canadahelps.org\/fr\/#website\"},\"primaryImageOfPage\":{\"@id\":\"https:\/\/www.canadahelps.org\/fr\/reconnaissance-des-terres\/#primaryimage\"},\"image\":{\"@id\":\"https:\/\/www.canadahelps.org\/fr\/reconnaissance-des-terres\/#primaryimage\"},\"thumbnailUrl\":\"https:\/\/www.canadahelps.org\/media\/Group-1173.png\",\"datePublished\":\"2020-10-16T18:53:22+00:00\",\"dateModified\":\"2025-06-03T15:41:12+00:00\",\"breadcrumb\":{\"@id\":\"https:\/\/www.canadahelps.org\/fr\/reconnaissance-des-terres\/#breadcrumb\"},\"inLanguage\":\"fr\",\"potentialAction\":[{\"@type\":\"ReadAction\",\"target\":[\"https:\/\/www.canadahelps.org\/fr\/reconnaissance-des-terres\/\"]}]},{\"@type\":\"ImageObject\",\"inLanguage\":\"fr\",\"@id\":\"https:\/\/www.canadahelps.org\/fr\/reconnaissance-des-terres\/#primaryimage\",\"url\":\"https:\/\/www.canadahelps.org\/media\/Group-1173.png\",\"contentUrl\":\"https:\/\/www.canadahelps.org\/media\/Group-1173.png\"},{\"@type\":\"BreadcrumbList\",\"@id\":\"https:\/\/www.canadahelps.org\/fr\/reconnaissance-des-terres\/#breadcrumb\",\"itemListElement\":[{\"@type\":\"ListItem\",\"position\":1,\"name\":\"Home\",\"item\":\"https:\/\/www.canadahelps.org\/fr\/\"},{\"@type\":\"ListItem\",\"position\":2,\"name\":\"Reconnaissance des terres\"}]},{\"@type\":\"WebSite\",\"@id\":\"https:\/\/www.canadahelps.org\/fr\/#website\",\"url\":\"https:\/\/www.canadahelps.org\/fr\/\",\"name\":\"CanadaHelps - Donate to any charity in Canada\",\"description\":\"Giving Made Simple\",\"publisher\":{\"@id\":\"https:\/\/www.canadahelps.org\/fr\/#organization\"},\"potentialAction\":[{\"@type\":\"SearchAction\",\"target\":{\"@type\":\"EntryPoint\",\"urlTemplate\":\"https:\/\/www.canadahelps.org\/fr\/?s={search_term_string}\"},\"query-input\":{\"@type\":\"PropertyValueSpecification\",\"valueRequired\":true,\"valueName\":\"search_term_string\"}}],\"inLanguage\":\"fr\"},{\"@type\":\"Organization\",\"@id\":\"https:\/\/www.canadahelps.org\/fr\/#organization\",\"name\":\"CanadaHelps\",\"url\":\"https:\/\/www.canadahelps.org\/fr\/\",\"logo\":{\"@type\":\"ImageObject\",\"inLanguage\":\"fr\",\"@id\":\"https:\/\/www.canadahelps.org\/fr\/#\/schema\/logo\/image\/\",\"url\":\"https:\/\/www.canadahelps.org\/media\/canadahelps-en.jpg\",\"contentUrl\":\"https:\/\/www.canadahelps.org\/media\/canadahelps-en.jpg\",\"width\":131,\"height\":72,\"caption\":\"CanadaHelps\"},\"image\":{\"@id\":\"https:\/\/www.canadahelps.org\/fr\/#\/schema\/logo\/image\/\"}}]}<\/script>\n<!-- \/ Yoast SEO plugin. -->","yoast_head_json":{"title":"Reconnaissance des terres | CanadaHelps - Donate to any charity in Canada","robots":{"index":"index","follow":"follow","max-snippet":"max-snippet:-1","max-image-preview":"max-image-preview:large","max-video-preview":"max-video-preview:-1"},"canonical":"https:\/\/www.canadahelps.org\/fr\/reconnaissance-des-terres\/","og_locale":"fr_FR","og_type":"article","og_title":"Reconnaissance des terres | CanadaHelps - Donate to any charity in Canada","og_description":"ENGAG\u00c9S \u00c0 AMPLIFIER LES VOIX AUTOCHTONES Nous reconnaissons les peuples autochtones comme les r\u00e9gisseurs traditionnels de ce territoire Reconnaissance des terres Notre \u00e9quipe de CanaDon ... Voir plus","og_url":"https:\/\/www.canadahelps.org\/fr\/reconnaissance-des-terres\/","og_site_name":"CanadaHelps - Donate to any charity in Canada","article_modified_time":"2025-06-03T15:41:12+00:00","og_image":[{"url":"https:\/\/www.canadahelps.org\/media\/Group-1173.png","type":"","width":"","height":""}],"twitter_card":"summary_large_image","twitter_misc":{"Est. reading time":"1 minute"},"schema":{"@context":"https:\/\/schema.org","@graph":[{"@type":"WebPage","@id":"https:\/\/www.canadahelps.org\/fr\/reconnaissance-des-terres\/","url":"https:\/\/www.canadahelps.org\/fr\/reconnaissance-des-terres\/","name":"Reconnaissance des terres | CanadaHelps - Donate to any charity in Canada","isPartOf":{"@id":"https:\/\/www.canadahelps.org\/fr\/#website"},"primaryImageOfPage":{"@id":"https:\/\/www.canadahelps.org\/fr\/reconnaissance-des-terres\/#primaryimage"},"image":{"@id":"https:\/\/www.canadahelps.org\/fr\/reconnaissance-des-terres\/#primaryimage"},"thumbnailUrl":"https:\/\/www.canadahelps.org\/media\/Group-1173.png","datePublished":"2020-10-16T18:53:22+00:00","dateModified":"2025-06-03T15:41:12+00:00","breadcrumb":{"@id":"https:\/\/www.canadahelps.org\/fr\/reconnaissance-des-terres\/#breadcrumb"},"inLanguage":"fr","potentialAction":[{"@type":"ReadAction","target":["https:\/\/www.canadahelps.org\/fr\/reconnaissance-des-terres\/"]}]},{"@type":"ImageObject","inLanguage":"fr","@id":"https:\/\/www.canadahelps.org\/fr\/reconnaissance-des-terres\/#primaryimage","url":"https:\/\/www.canadahelps.org\/media\/Group-1173.png","contentUrl":"https:\/\/www.canadahelps.org\/media\/Group-1173.png"},{"@type":"BreadcrumbList","@id":"https:\/\/www.canadahelps.org\/fr\/reconnaissance-des-terres\/#breadcrumb","itemListElement":[{"@type":"ListItem","position":1,"name":"Home","item":"https:\/\/www.canadahelps.org\/fr\/"},{"@type":"ListItem","position":2,"name":"Reconnaissance des terres"}]},{"@type":"WebSite","@id":"https:\/\/www.canadahelps.org\/fr\/#website","url":"https:\/\/www.canadahelps.org\/fr\/","name":"CanadaHelps - Donate to any charity in Canada","description":"Giving Made Simple","publisher":{"@id":"https:\/\/www.canadahelps.org\/fr\/#organization"},"potentialAction":[{"@type":"SearchAction","target":{"@type":"EntryPoint","urlTemplate":"https:\/\/www.canadahelps.org\/fr\/?s={search_term_string}"},"query-input":{"@type":"PropertyValueSpecification","valueRequired":true,"valueName":"search_term_string"}}],"inLanguage":"fr"},{"@type":"Organization","@id":"https:\/\/www.canadahelps.org\/fr\/#organization","name":"CanadaHelps","url":"https:\/\/www.canadahelps.org\/fr\/","logo":{"@type":"ImageObject","inLanguage":"fr","@id":"https:\/\/www.canadahelps.org\/fr\/#\/schema\/logo\/image\/","url":"https:\/\/www.canadahelps.org\/media\/canadahelps-en.jpg","contentUrl":"https:\/\/www.canadahelps.org\/media\/canadahelps-en.jpg","width":131,"height":72,"caption":"CanadaHelps"},"image":{"@id":"https:\/\/www.canadahelps.org\/fr\/#\/schema\/logo\/image\/"}}]}},"_links":{"self":[{"href":"https:\/\/www.canadahelps.org\/fr\/wp-json\/wp\/v2\/pages\/35897","targetHints":{"allow":["GET"]}}],"collection":[{"href":"https:\/\/www.canadahelps.org\/fr\/wp-json\/wp\/v2\/pages"}],"about":[{"href":"https:\/\/www.canadahelps.org\/fr\/wp-json\/wp\/v2\/types\/page"}],"author":[{"embeddable":true,"href":"https:\/\/www.canadahelps.org\/fr\/wp-json\/wp\/v2\/users\/30"}],"replies":[{"embeddable":true,"href":"https:\/\/www.canadahelps.org\/fr\/wp-json\/wp\/v2\/comments?post=35897"}],"version-history":[{"count":12,"href":"https:\/\/www.canadahelps.org\/fr\/wp-json\/wp\/v2\/pages\/35897\/revisions"}],"predecessor-version":[{"id":54444,"href":"https:\/\/www.canadahelps.org\/fr\/wp-json\/wp\/v2\/pages\/35897\/revisions\/54444"}],"wp:attachment":[{"href":"https:\/\/www.canadahelps.org\/fr\/wp-json\/wp\/v2\/media?parent=35897"}],"curies":[{"name":"wp","href":"https:\/\/api.w.org\/{rel}","templated":true}]}}