{"id":36580,"date":"2020-11-13T16:26:07","date_gmt":"2020-11-13T21:26:07","guid":{"rendered":"https:\/\/www.canadahelps.org\/?page_id=36580"},"modified":"2020-11-30T11:24:50","modified_gmt":"2020-11-30T16:24:50","slug":"heros-du-party-des-fetes","status":"publish","type":"page","link":"https:\/\/www.canadahelps.org\/fr\/heros-du-party-des-fetes\/","title":{"rendered":"Heros du Party Des Fetes"},"content":{"rendered":"<style>html{background-color:#fff}#hh-new-hero-bg{background-image:url(https:\/\/www.canadahelps.org\/media\/20201113c_HH_hero-desktop.jpg);background-repeat:no-repeat;background-position:center;background-size:cover;max-width:1280px;margin:0 auto;padding:0;height:200px;min-height:200px}.new-hero-txt{margin-left:17%;padding-top:2%;width:360px;font-weight:700;font-size:20px;color:#fff;line-height:28px}.new-hero-txt img{width:100px}.hh-hero-background{background-image:linear-gradient(to right,#1a2239 50%,#1e446b 50%)}.hh-box{display:flex;align-items:stretch;text-align:left}.hh-box div{width:300px}.hh-box img{width:250px}.hh-wrapper{display:flex;flex-direction:row;align-content:flex-start;justify-content:space-evenly;padding:10px}.hh-cf-wrapper{display:flex;flex-direction:row;align-content:flex-start;justify-content:space-evenly;padding:10px;border:none!important;background:#fff;box-shadow:0 0 20px -8px rgba(0,0,0,.5);width:940px}.hh-cf-box{width:50%;padding:40px 0}.hh-cf-box img{width:300px}.hh-cf-box h3{color:#0070ae!important;font-size:20px!important}.star-headline{display:flex;flex-direction:row;align-content:flex-start}.star-hd{width:25px}.star-hd img{width:15px}.star-hr{background-image:url(https:\/\/www.canadahelps.org\/media\/20201113_HH_star-line-divider.png);background-repeat:no-repeat;background-position:center;background-size:cover;margin:0 auto;padding:0;height:25px}.yellow-underline{border-bottom:2px solid #fed267}.hh-body-copy{text-align:center;font-size:18px;font-weight:700;line-height:32px}.hh-logos-container{display:flex;align-content:flex-start;justify-content:center;flex-direction:row}.hh-logos-container div{margin:0 20px 0 20px}#holiday-footer-top{width:100%;max-width:1920px;background:#f7f8fa}.holiday-footer-flex{display:flex;flex-direction:row;align-content:flex-start;width:960px;margin:0 auto}#hh-wave{background-image:url(https:\/\/www.canadahelps.org\/media\/20201113_HH_Wave.png);margin-bottom:-2px;max-width:1920px;background-repeat:no-repeat;background-position:center;background-size:cover;height:100px}.post-wave-footer-flex{display:flex;flex-direction:row;align-content:flex-start;color:#fff;width:960px;margin:0 auto;height:auto}.post-wave-footer-flex div{padding:30px 0}.post-wave-footer-flex:first-child{padding:30px 0}.post-wave-footer-flex div:first-child{text-align:center;width:450px}.post-wave-footer-flex img{width:250px}@media screen and (max-width:640px){#hh-new-hero-bg{background-image:url(https:\/\/www.canadahelps.org\/media\/20201113_HH_hero-mobile.jpg);height:300px}.new-hero-txt{width:80%;padding-top:14%;margin:0 auto;font-weight:700;font-size:22px;color:#fff}.hh-box{flex-direction:column}.hh-box:first-child{text-align:center}.hh-box:last-child{text-align:left}.hh-cf-wrapper{flex-direction:column;width:90%;margin:0 auto}.hh-cf-box{flex-direction:column;text-align:center;width:100%}.hh-cf-box:last-child{flex-direction:column;text-align:left}.holiday-footer-flex{flex-direction:column;width:90%;margin:auto}.holiday-footer-flex div:last-child{text-align:center}#hh-wave{width:100%}.post-wave-footer-flex{flex-direction:column;text-align:center;width:100%}.post-wave-footer-flex:first-child{width:80%;text-align:center}.post-wave-footer-flex div:first-child{text-align:center;width:100%}.post-wave-footer-flex:last-child{width:80%}.hh-body-copy{width:90%;margin:0 auto}.hh-logos-container{flex-direction:column;text-align:center}.hh-logos-container div{width:100%!important;text-align:center;margin:30px 0 30px 0}}<\/style>\n<div class=\"w1920\">\n<div class=\"hh-hero-background\">\n<div id=\"hh-new-hero-bg\">\n<div class=\"new-hero-txt\">\n                <img decoding=\"async\" src=\"https:\/\/www.canadahelps.org\/media\/20201116_Holiday_Party_Heroes_Logos-05.png\"><\/p>\n<p>                Faites partie des h\u00e9ros des F\u00eates! Remplacez votre party de bureau par un don \u00e0 une \u0153uvre de bienfaisance.\n            <\/p><\/div>\n<\/p><\/div>\n<\/div>\n<\/div>\n<div class=\"w960\">\n&nbsp;<\/p>\n<div class=\"hh-body-copy\">\n        Vous avez peut-\u00eatre d\u00fb annuler votre party de bureau des F\u00eates \u00e0 cause de la COVID-19, mais cela ne veut pas dire que vous ne pouvez pas c\u00e9l\u00e9brer. Donnez le co\u00fbt de votre party de bureau \u00e0 une \u0153uvre de bienfaisance, afin que vous-m\u00eame et votre personnel soyez les h\u00e9ros des F\u00eates. De plus, vous pourrez c\u00e9l\u00e9brer l\u2019impact positif produit par votre \u00e9quipe!\n<\/div>\n<p>&nbsp;<\/p>\n<div class=\"star-hr\">&nbsp;<\/div>\n<p>&nbsp;<\/p>\n<div class=\"hh-body-copy\">\n    C\u2019est facile de faire partie des h\u00e9ros des F\u00eates! Voici comment faire&nbsp;:\n<\/div>\n<p>&nbsp;<\/p>\n<div class=\"hh-wrapper\">\n<div class=\"hh-box\">\n<div><img decoding=\"async\" src=\"https:\/\/www.canadahelps.org\/media\/20201116_Holiday_Party_Heroes_Graphics_FR_Landing_Page_Step_1_x2.png\" alt=\"1 Faites un don a une oeuvre de bienfaisance!\"><\/div>\n<div>\n        &nbsp;<br \/>\n        Trouvez un organisme ou une cause \u00e0 soutenir et faites un don via CanaDon. <a href=\"#search\">Faites un don maintenant!<\/a><\/div>\n<\/p><\/div>\n<\/div>\n<hr class=\"grey\">\n<div class=\"hh-wrapper\">\n<div class=\"hh-box\">\n<div><img decoding=\"async\" src=\"https:\/\/www.canadahelps.org\/media\/20201116_Holiday_Party_Heroes_Graphics_FR_Landing_Page_Step_2_x2.png\" alt=\"2 Dites-Nous combien vous avez donne!\"><\/div>\n<div>\n        &nbsp;<br \/>\n        Remplissez notre formulaire et nous ajouterons votre logo \u00e0 notre liste de partenaires participants. <a href=\"https:\/\/www.google.com\/url?q=https:\/\/docs.google.com\/forms\/d\/e\/1FAIpQLSc3INGAUw2qTMqU_Crug9Z9pxO11TxABonqhtYQb6spUWiNXQ\/viewform?usp%3Dsf_link&#038;sa=D&#038;ust=1605542147571000&#038;usg=AOvVaw1AiDfA5bNY0GTlotreh1Ej\" target=\"_blank\" rel=\"noopener noreferrer\">Soumettez le formulaire aujourd\u2019hui!<\/a><\/div>\n<\/p><\/div>\n<\/div>\n<hr class=\"grey\">\n<div class=\"hh-wrapper\">\n<div class=\"hh-box\">\n<div><img decoding=\"async\" src=\"https:\/\/www.canadahelps.org\/media\/20201116_Holiday_Party_Heroes_Graphics_FR_Landing_Page_Step_3_x2.png\" alt=\"3 Inspirez d'autres personnes a faire comme vous!\"><\/div>\n<div>Utilisez le mot-clic #H\u00e9rosDuPartyDesF\u00eates pour passer le mot \u00e0 votre personnel et votre client\u00e8le!<\/p>\n<div class=\"addthis_inline_share_toolbox_ajhx\" style=\"max-width: 300px; text-align: left;\"><\/div>\n<\/div><\/div>\n<\/div>\n<p>&nbsp;<\/p>\n<div class=\"star-hr\">&nbsp;<\/div>\n<p>&nbsp;<\/p>\n<div class=\"hh-body-copy\">\n    Faites un don \u00e0 un organisme de bienfaisance&nbsp;:\n<\/div>\n<p>&nbsp;<a name=\"search\"><\/a><\/p>\n<div>\n    <section class=\"widget canadahelps_find-a-charity slim canadahelps_widget\" style=\"border: 1px solid #0070AE;\"><div class=\"widget-inner\">\n      <\/div><\/section>\n<\/div>\n<p>&nbsp;<\/p>\n<div class=\"hh-body-copy\">\n    Ou faites un don \u00e0 une cause&nbsp;:\n<\/div>\n<p>&nbsp;<\/p>\n<div>\n<div class=\"hh-cf-wrapper\">\n<div class=\"hh-cf-box\" style=\"text-align:center;\">\n        <img decoding=\"async\" src=\"https:\/\/www.canadahelps.org\/media\/20201113_HH_cause-funds.png\">\n        <\/div>\n<div class=\"hh-cf-box\">\n<h3>NOUVEAU : D\u00e9couvrez les fonds pour une cause, \u00e9tablis par CanaDon<\/h3>\n<p>            Contribuez \u00e0 une cause ch\u00e8re \u00e0 votre personnel! Chaque don soutient un groupe d\u2019organismes de bienfaisance qui se mobilisent pour une m\u00eame cause. Aidez \u00e0 mettre fin \u00e0 la faim, participez \u00e0 l\u2019action climatique, combattez l\u2019itin\u00e9rance, etc. Plus de 20 fonds sont d\u00e9j\u00e0 \u00e9tablis!<\/p>\n<p>            <a href=\"https:\/\/www.canadahelps.org\/fr\/fonds-cause\/\" class=\"btn btn-primary\" style=\"text-transform: uppercase;\" target=\"_blank\" rel=\"noopener noreferrer\">EXPLOREZ LES CAUSES<\/a><br \/>\n            &nbsp;<\/p><\/div>\n<\/p><\/div>\n<\/p><\/div>\n<\/div>\n<\/div>\n<p><!--closes 960--><\/p>\n<p>&nbsp;<\/p>\n<div class=\"w960\">\n<div class=\"star-hr\">&nbsp;<\/div>\n<p>&nbsp;<\/p>\n<div class=\"hh-body-copy\">\n        Nos h\u00e9ros fondateurs\n    <\/div>\n<p>    &nbsp;<\/p>\n<div class=\"hh-logos-container\">\n<div><img decoding=\"async\" src=\"https:\/\/www.canadahelps.org\/media\/20201117_DDL.jpg\" alt=\"IQP\" width=\"150  class=\"alignnone\" \/><\/div>\n<div><img decoding=\"async\" src=\"https:\/\/www.canadahelps.org\/media\/20201117b_IQP.png\" alt=\"IQP\" width=\"150  class=\"alignnone\" \/><\/div>\n<div><img decoding=\"async\" src=\"https:\/\/www.canadahelps.org\/media\/20201117_Preloved.png\" alt=\"Preloved\" width=\"125\" style=\"margin-top: -30px;\" \/><\/div>\n<div><img decoding=\"async\" src=\"https:\/\/www.canadahelps.org\/media\/20201117_Rain.png\" alt=\"Rain\" width=\"125\" style=\"margin-top:-15px\"\/><\/div>\n<\/div>\n<div class=\"hh-logos-container\" >\n<div ><img decoding=\"async\" src=\"https:\/\/www.canadahelps.org\/media\/20201117_Sezzle.png\" alt=\"Sezzle\" width=\"125\" style=\"margin-top:0px\"\/><\/div>\n<div><img decoding=\"async\" src=\"https:\/\/www.canadahelps.org\/media\/20201119_TGP.png\" alt=\"The Good Partnership\" width=\"125\" style=\"margin-top:0px\"\/><\/div>\n<div><img decoding=\"async\" src=\"https:\/\/www.canadahelps.org\/media\/20201124_SuttonOldMill.png\" alt=\"Sutton Old Mill\" width=\"125\" style=\"margin-top:-50px\"\/><\/div>\n<div><img decoding=\"async\" src=\"https:\/\/www.canadahelps.org\/media\/20201124_Vancity.png\" alt=\"Vancity Community Investment Bank\" width=\"125\" style=\"margin-top:0px\"\/><\/div>\n<\/p><\/div>\n<p>    &nbsp;<\/p>\n<div style=\"text-align: center;\">\n    <a href=\"https:\/\/docs.google.com\/forms\/d\/1L5zcLGFPy9YkluqCclJgQabfQT6Q2kGUkhEepAPOidU\/edit\" target=\"_blank\" class=\"btn btn-primary\" style=\"background-color: #1466A9;border:1px solid #1466A9; text-transform: uppercase;\" rel=\"noopener noreferrer\">INSCRIVEZ VOTRE ENTREPRISE<\/a>\n<\/div>\n<p>&nbsp;<\/p>\n<div style=\"text-align: center;\">\n    <a href=\"https:\/\/www.canadahelps.org\/fr\/heros-des-fetes-partenaires\/\" target=\"_blank\" class=\"btn btn-primary\" style=\"background-color: #1466A9;border:1px solid #1466A9; text-transform: uppercase;\" rel=\"noopener noreferrer\">Voir tous les h\u00e9ros des F\u00eates<\/a>\n<\/div>\n<\/div>\n<p>&nbsp;<\/p>\n<div style=\"background-color:#F7F8FA; text-align:center; max-width: 1920px;\">\n<img decoding=\"async\" src=\"https:\/\/www.canadahelps.org\/media\/20201113_HH_star-icon.png\" style=\"width:25px; margin-top: -26px;\">\n<\/div>\n<div id=\"holiday-footer-top\">\n<div class=\"hh-body-copy\">\n        D\u2019autres actions caritatives pour mobiliser votre personnel en ce temps des F\u00eates! !\n<\/div>\n<p>&nbsp;<\/p>\n<div class=\"holiday-footer-flex\">\n<div>\n<div class=\"star-headline\">\n<div class=\"star-hd\"><img decoding=\"async\" src=\"https:\/\/www.canadahelps.org\/media\/20201113_HH_star-icon.png\" ><\/div>\n<div style=\"width:100%\"><strong>Donnez une carte-cadeau de bienfaisance<\/strong><\/div>\n<\/p><\/div>\n<p>        Permettez \u00e0 votre personnel d\u2019offrir un don en cadeau! Vous choisissez le montant du don \u00e0 indiquer sur la carte, et vous pouvez personnaliser cette carte en ajoutant votre marque. Vos clients ou les membres de votre personnel pourront donner l\u2019argent \u00e0 l\u2019un des quelque 86 000 organismes de bienfaisance!<\/p>\n<p>        <a href=\"https:\/\/www.canadahelps.org\/fr\/commandez-en-grande-quantite-les-cartes-cadeaux-canadon\/\" class=\"btn btn-primary\" style=\"background-color: #1466A9; border:1px solid #1466A9;  text-transform: uppercase;\">ACHETEZ MAINTENANT<\/a><\/p>\n<p>        &nbsp;<\/p>\n<div class=\"star-headline\">\n<div class=\"star-hd\"><img decoding=\"async\" src=\"https:\/\/www.canadahelps.org\/media\/20201113_HH_star-icon.png\" ><\/div>\n<div style=\"width:100%\"><strong>Lancez une campagne<\/strong><\/div>\n<\/p><\/div>\n<p>        Mobilisez votre personnel ou votre communaut\u00e9 pour une collecte de fonds au profit d\u2019un ou plusieurs organismes de bienfaisance, sur CanaDon! Vos sympathisants recevront un re\u00e7u fiscal instantan\u00e9 pour leur don, et l\u2019argent recueilli sera vers\u00e9 directement aux organismes choisis.<\/p>\n<p>        <a href=\"https:\/\/www.canadahelps.org\/fr\/faites-une-collecte-de-fonds\/\" class=\"btn btn-primary\" style=\"background-color: #1466A9;border:1px solid #1466A9; text-transform: uppercase;\">EN SAVOIR PLUS<\/a><\/p><\/div>\n<div>&nbsp;<\/div>\n<div style=\"text-align:center;\">\n        <img decoding=\"async\" src=\"https:\/\/www.canadahelps.org\/media\/20201116_Holiday_Party_Heroes_Graphics_FR_Landing_Page_Be_A_Hero.png\" width=\"350px\">\n    <\/div>\n<\/div>\n<div id=\"hh-wave\">&nbsp;<\/div>\n<div style=\"background:#19223B; width:100%\">\n<div class=\"w1920\">\n<div style=\"background:#19223B\">\n<div class=\"post-wave-footer-flex\">\n<div><img decoding=\"async\" src=\"https:\/\/www.canadahelps.org\/media\/20201116_Holiday_Party_Heroes_Graphics_FR_Landing_Page.png\" alt=\"Des Questions? Nous sommes la pour vous aider.\"><\/div>\n<div>Communiquez avec nous si vous voulez savoir comment votre entreprise peut faire partie des h\u00e9ros du party des F\u00eates, ou si vous souhaitez collaborer avec CanaDon pour d\u2019autres initiatives!<\/p>\n<p>        Laura Dempsey<br \/>\n        Directrice, Partenariats<br \/>\n        <a href=\"mailto:laurad@canadahelps.org\" style=\"color:#fff\">laurad@canadahelps.org<\/a>\n       <\/div>\n<p> &nbsp;\n    <\/p><\/div>\n<\/div>\n<\/div>\n<\/div>\n","protected":false},"excerpt":{"rendered":"<p>Faites partie des h\u00e9ros des F\u00eates! Remplacez votre party de bureau par un don \u00e0 une \u0153uvre de bienfaisance. &nbsp; Vous avez peut-\u00eatre d\u00fb annuler &#8230; <a href=\"https:\/\/www.canadahelps.org\/fr\/heros-du-party-des-fetes\/\" id=\"canadahelp-blog-meta\">Voir plus<\/a><\/p>\n","protected":false},"author":30,"featured_media":0,"parent":0,"menu_order":0,"comment_status":"closed","ping_status":"closed","template":"template-fullwidth-page.php","meta":{"footnotes":""},"class_list":["post-36580","page","type-page","status-publish","hentry"],"acf":{"meta_description":"","use_toc_layout":false,"additional_body_css_classes":"","row_settings":false,"hide_page_title":false,"insert_spotlight_boxes":false,"use_biography_grid":false},"yoast_head":"<!-- This site is optimized with the Yoast SEO plugin v26.0 - https:\/\/yoast.com\/wordpress\/plugins\/seo\/ -->\n<title>Heros du Party Des Fetes | CanaDon - Faites des dons \u00e0 un organisme de bienfaisance au Canada<\/title>\n<meta name=\"description\" content=\"Dons d\u2019entreprise \u2014 des id\u00e9es cr\u00e9atives \u00e0 l\u2019occasion des F\u00eates. Faites un don d\u2019entreprise \u00e0 un organisme de bienfaisance, sur CanaDon, pour remplacer votre party des F\u00eates.\" \/>\n<meta name=\"robots\" content=\"index, follow, max-snippet:-1, max-image-preview:large, max-video-preview:-1\" \/>\n<link rel=\"canonical\" href=\"https:\/\/www.canadahelps.org\/fr\/heros-du-party-des-fetes\/\" \/>\n<meta property=\"og:locale\" content=\"fr_FR\" \/>\n<meta property=\"og:type\" content=\"article\" \/>\n<meta property=\"og:title\" content=\"Faites partie des h\u00e9ros des F\u00eates! Remplacez votre party de bureau par un don \u00e0 une \u0153uvre de bienfaisance.\" \/>\n<meta property=\"og:description\" content=\"Donnez le co\u00fbt de votre party de bureau \u00e0 une \u0153uvre de bienfaisance, en ce temps des F\u00eates. Choisissez parmi les quelque 86 000 organismes de bienfaisance enregistr\u00e9s, sur CanaDon.\" \/>\n<meta property=\"og:url\" content=\"https:\/\/www.canadahelps.org\/fr\/heros-du-party-des-fetes\/\" \/>\n<meta property=\"og:site_name\" content=\"CanaDon - Faites des dons \u00e0 un organisme de bienfaisance au Canada\" \/>\n<meta property=\"article:modified_time\" content=\"2020-11-30T16:24:50+00:00\" \/>\n<meta property=\"og:image\" content=\"https:\/\/www.canadahelps.org\/media\/Holiday-Party-Heroes_Social-Sharing_FR.jpg\" \/>\n\t<meta property=\"og:image:width\" content=\"1200\" \/>\n\t<meta property=\"og:image:height\" content=\"630\" \/>\n\t<meta property=\"og:image:type\" content=\"image\/jpeg\" \/>\n<meta name=\"twitter:card\" content=\"summary_large_image\" \/>\n<meta name=\"twitter:title\" content=\"Faites partie des h\u00e9ros des F\u00eates! Remplacez votre party de bureau par un don \u00e0 une \u0153uvre de bienfaisance.\" \/>\n<meta name=\"twitter:description\" content=\"Donnez le co\u00fbt de votre party de bureau \u00e0 une \u0153uvre de bienfaisance, en ce temps des F\u00eates. Choisissez parmi les quelque 86 000 organismes de bienfaisance enregistr\u00e9s, sur CanaDon.\" \/>\n<meta name=\"twitter:image\" content=\"https:\/\/www.canadahelps.org\/media\/Holiday-Party-Heroes_Social-Sharing_FR.jpg\" \/>\n<meta name=\"twitter:label1\" content=\"Est. reading time\" \/>\n\t<meta name=\"twitter:data1\" content=\"2 minutes\" \/>\n<script type=\"application\/ld+json\" class=\"yoast-schema-graph\">{\"@context\":\"https:\/\/schema.org\",\"@graph\":[{\"@type\":\"WebPage\",\"@id\":\"https:\/\/www.canadahelps.org\/fr\/heros-du-party-des-fetes\/\",\"url\":\"https:\/\/www.canadahelps.org\/fr\/heros-du-party-des-fetes\/\",\"name\":\"Heros du Party Des Fetes | CanaDon - Faites des dons \u00e0 un organisme de bienfaisance au Canada\",\"isPartOf\":{\"@id\":\"https:\/\/www.canadahelps.org\/fr\/#website\"},\"primaryImageOfPage\":{\"@id\":\"https:\/\/www.canadahelps.org\/fr\/heros-du-party-des-fetes\/#primaryimage\"},\"image\":{\"@id\":\"https:\/\/www.canadahelps.org\/fr\/heros-du-party-des-fetes\/#primaryimage\"},\"thumbnailUrl\":\"https:\/\/www.canadahelps.org\/media\/20201116_Holiday_Party_Heroes_Logos-05.png\",\"datePublished\":\"2020-11-13T21:26:07+00:00\",\"dateModified\":\"2020-11-30T16:24:50+00:00\",\"description\":\"Dons d\u2019entreprise \u2014 des id\u00e9es cr\u00e9atives \u00e0 l\u2019occasion des F\u00eates. Faites un don d\u2019entreprise \u00e0 un organisme de bienfaisance, sur CanaDon, pour remplacer votre party des F\u00eates.\",\"breadcrumb\":{\"@id\":\"https:\/\/www.canadahelps.org\/fr\/heros-du-party-des-fetes\/#breadcrumb\"},\"inLanguage\":\"fr\",\"potentialAction\":[{\"@type\":\"ReadAction\",\"target\":[\"https:\/\/www.canadahelps.org\/fr\/heros-du-party-des-fetes\/\"]}]},{\"@type\":\"ImageObject\",\"inLanguage\":\"fr\",\"@id\":\"https:\/\/www.canadahelps.org\/fr\/heros-du-party-des-fetes\/#primaryimage\",\"url\":\"https:\/\/www.canadahelps.org\/media\/20201116_Holiday_Party_Heroes_Logos-05.png\",\"contentUrl\":\"https:\/\/www.canadahelps.org\/media\/20201116_Holiday_Party_Heroes_Logos-05.png\"},{\"@type\":\"BreadcrumbList\",\"@id\":\"https:\/\/www.canadahelps.org\/fr\/heros-du-party-des-fetes\/#breadcrumb\",\"itemListElement\":[{\"@type\":\"ListItem\",\"position\":1,\"name\":\"Home\",\"item\":\"https:\/\/www.canadahelps.org\/fr\/\"},{\"@type\":\"ListItem\",\"position\":2,\"name\":\"Heros du Party Des Fetes\"}]},{\"@type\":\"WebSite\",\"@id\":\"https:\/\/www.canadahelps.org\/fr\/#website\",\"url\":\"https:\/\/www.canadahelps.org\/fr\/\",\"name\":\"CanadaHelps - Donate to any charity in Canada\",\"description\":\"Le don en toute simplicit\u00e9\",\"publisher\":{\"@id\":\"https:\/\/www.canadahelps.org\/fr\/#organization\"},\"potentialAction\":[{\"@type\":\"SearchAction\",\"target\":{\"@type\":\"EntryPoint\",\"urlTemplate\":\"https:\/\/www.canadahelps.org\/fr\/?s={search_term_string}\"},\"query-input\":{\"@type\":\"PropertyValueSpecification\",\"valueRequired\":true,\"valueName\":\"search_term_string\"}}],\"inLanguage\":\"fr\"},{\"@type\":\"Organization\",\"@id\":\"https:\/\/www.canadahelps.org\/fr\/#organization\",\"name\":\"CanadaHelps\",\"url\":\"https:\/\/www.canadahelps.org\/fr\/\",\"logo\":{\"@type\":\"ImageObject\",\"inLanguage\":\"fr\",\"@id\":\"https:\/\/www.canadahelps.org\/fr\/#\/schema\/logo\/image\/\",\"url\":\"https:\/\/www.canadahelps.org\/media\/canadahelps-en.jpg\",\"contentUrl\":\"https:\/\/www.canadahelps.org\/media\/canadahelps-en.jpg\",\"width\":131,\"height\":72,\"caption\":\"CanadaHelps\"},\"image\":{\"@id\":\"https:\/\/www.canadahelps.org\/fr\/#\/schema\/logo\/image\/\"}}]}<\/script>\n<!-- \/ Yoast SEO plugin. -->","yoast_head_json":{"title":"Heros du Party Des Fetes | CanaDon - Faites des dons \u00e0 un organisme de bienfaisance au Canada","description":"Dons d\u2019entreprise \u2014 des id\u00e9es cr\u00e9atives \u00e0 l\u2019occasion des F\u00eates. Faites un don d\u2019entreprise \u00e0 un organisme de bienfaisance, sur CanaDon, pour remplacer votre party des F\u00eates.","robots":{"index":"index","follow":"follow","max-snippet":"max-snippet:-1","max-image-preview":"max-image-preview:large","max-video-preview":"max-video-preview:-1"},"canonical":"https:\/\/www.canadahelps.org\/fr\/heros-du-party-des-fetes\/","og_locale":"fr_FR","og_type":"article","og_title":"Faites partie des h\u00e9ros des F\u00eates! Remplacez votre party de bureau par un don \u00e0 une \u0153uvre de bienfaisance.","og_description":"Donnez le co\u00fbt de votre party de bureau \u00e0 une \u0153uvre de bienfaisance, en ce temps des F\u00eates. Choisissez parmi les quelque 86 000 organismes de bienfaisance enregistr\u00e9s, sur CanaDon.","og_url":"https:\/\/www.canadahelps.org\/fr\/heros-du-party-des-fetes\/","og_site_name":"CanaDon - Faites des dons \u00e0 un organisme de bienfaisance au Canada","article_modified_time":"2020-11-30T16:24:50+00:00","og_image":[{"width":1200,"height":630,"url":"https:\/\/www.canadahelps.org\/media\/Holiday-Party-Heroes_Social-Sharing_FR.jpg","type":"image\/jpeg"}],"twitter_card":"summary_large_image","twitter_title":"Faites partie des h\u00e9ros des F\u00eates! Remplacez votre party de bureau par un don \u00e0 une \u0153uvre de bienfaisance.","twitter_description":"Donnez le co\u00fbt de votre party de bureau \u00e0 une \u0153uvre de bienfaisance, en ce temps des F\u00eates. Choisissez parmi les quelque 86 000 organismes de bienfaisance enregistr\u00e9s, sur CanaDon.","twitter_image":"https:\/\/www.canadahelps.org\/media\/Holiday-Party-Heroes_Social-Sharing_FR.jpg","twitter_misc":{"Est. reading time":"2 minutes"},"schema":{"@context":"https:\/\/schema.org","@graph":[{"@type":"WebPage","@id":"https:\/\/www.canadahelps.org\/fr\/heros-du-party-des-fetes\/","url":"https:\/\/www.canadahelps.org\/fr\/heros-du-party-des-fetes\/","name":"Heros du Party Des Fetes | CanaDon - Faites des dons \u00e0 un organisme de bienfaisance au Canada","isPartOf":{"@id":"https:\/\/www.canadahelps.org\/fr\/#website"},"primaryImageOfPage":{"@id":"https:\/\/www.canadahelps.org\/fr\/heros-du-party-des-fetes\/#primaryimage"},"image":{"@id":"https:\/\/www.canadahelps.org\/fr\/heros-du-party-des-fetes\/#primaryimage"},"thumbnailUrl":"https:\/\/www.canadahelps.org\/media\/20201116_Holiday_Party_Heroes_Logos-05.png","datePublished":"2020-11-13T21:26:07+00:00","dateModified":"2020-11-30T16:24:50+00:00","description":"Dons d\u2019entreprise \u2014 des id\u00e9es cr\u00e9atives \u00e0 l\u2019occasion des F\u00eates. Faites un don d\u2019entreprise \u00e0 un organisme de bienfaisance, sur CanaDon, pour remplacer votre party des F\u00eates.","breadcrumb":{"@id":"https:\/\/www.canadahelps.org\/fr\/heros-du-party-des-fetes\/#breadcrumb"},"inLanguage":"fr","potentialAction":[{"@type":"ReadAction","target":["https:\/\/www.canadahelps.org\/fr\/heros-du-party-des-fetes\/"]}]},{"@type":"ImageObject","inLanguage":"fr","@id":"https:\/\/www.canadahelps.org\/fr\/heros-du-party-des-fetes\/#primaryimage","url":"https:\/\/www.canadahelps.org\/media\/20201116_Holiday_Party_Heroes_Logos-05.png","contentUrl":"https:\/\/www.canadahelps.org\/media\/20201116_Holiday_Party_Heroes_Logos-05.png"},{"@type":"BreadcrumbList","@id":"https:\/\/www.canadahelps.org\/fr\/heros-du-party-des-fetes\/#breadcrumb","itemListElement":[{"@type":"ListItem","position":1,"name":"Home","item":"https:\/\/www.canadahelps.org\/fr\/"},{"@type":"ListItem","position":2,"name":"Heros du Party Des Fetes"}]},{"@type":"WebSite","@id":"https:\/\/www.canadahelps.org\/fr\/#website","url":"https:\/\/www.canadahelps.org\/fr\/","name":"CanadaHelps - Donate to any charity in Canada","description":"Le don en toute simplicit\u00e9","publisher":{"@id":"https:\/\/www.canadahelps.org\/fr\/#organization"},"potentialAction":[{"@type":"SearchAction","target":{"@type":"EntryPoint","urlTemplate":"https:\/\/www.canadahelps.org\/fr\/?s={search_term_string}"},"query-input":{"@type":"PropertyValueSpecification","valueRequired":true,"valueName":"search_term_string"}}],"inLanguage":"fr"},{"@type":"Organization","@id":"https:\/\/www.canadahelps.org\/fr\/#organization","name":"CanadaHelps","url":"https:\/\/www.canadahelps.org\/fr\/","logo":{"@type":"ImageObject","inLanguage":"fr","@id":"https:\/\/www.canadahelps.org\/fr\/#\/schema\/logo\/image\/","url":"https:\/\/www.canadahelps.org\/media\/canadahelps-en.jpg","contentUrl":"https:\/\/www.canadahelps.org\/media\/canadahelps-en.jpg","width":131,"height":72,"caption":"CanadaHelps"},"image":{"@id":"https:\/\/www.canadahelps.org\/fr\/#\/schema\/logo\/image\/"}}]}},"_links":{"self":[{"href":"https:\/\/www.canadahelps.org\/fr\/wp-json\/wp\/v2\/pages\/36580","targetHints":{"allow":["GET"]}}],"collection":[{"href":"https:\/\/www.canadahelps.org\/fr\/wp-json\/wp\/v2\/pages"}],"about":[{"href":"https:\/\/www.canadahelps.org\/fr\/wp-json\/wp\/v2\/types\/page"}],"author":[{"embeddable":true,"href":"https:\/\/www.canadahelps.org\/fr\/wp-json\/wp\/v2\/users\/30"}],"replies":[{"embeddable":true,"href":"https:\/\/www.canadahelps.org\/fr\/wp-json\/wp\/v2\/comments?post=36580"}],"version-history":[{"count":11,"href":"https:\/\/www.canadahelps.org\/fr\/wp-json\/wp\/v2\/pages\/36580\/revisions"}],"predecessor-version":[{"id":37276,"href":"https:\/\/www.canadahelps.org\/fr\/wp-json\/wp\/v2\/pages\/36580\/revisions\/37276"}],"wp:attachment":[{"href":"https:\/\/www.canadahelps.org\/fr\/wp-json\/wp\/v2\/media?parent=36580"}],"curies":[{"name":"wp","href":"https:\/\/api.w.org\/{rel}","templated":true}]}}