{"id":36819,"date":"2020-11-23T08:55:40","date_gmt":"2020-11-23T13:55:40","guid":{"rendered":"https:\/\/www.canadahelps.org\/?page_id=36819"},"modified":"2020-11-27T15:49:08","modified_gmt":"2020-11-27T20:49:08","slug":"offre-dun-don-supplementaire-de-2-pour-mardi-je-donne-2020","status":"publish","type":"page","link":"https:\/\/www.canadahelps.org\/fr\/offre-dun-don-supplementaire-de-2-pour-mardi-je-donne-2020\/","title":{"rendered":"Offre d\u2019un don suppl\u00e9mentaire de 2 $ pour Mardi je donne 2020"},"content":{"rendered":"<p>*Offre d\u2019un don suppl\u00e9mentaire de 2 $ pour Mardi je donne 2020, valide pour les dons d\u2019au moins 20 $ effectu\u00e9s \u00e0 compter du mardi 1er d\u00e9cembre 2020 \u00e0 5 h 01 (HNE) jusqu\u2019au 1er d\u00e9cembre 2020 \u00e0 23 h 59 (HNP). CanaDon offrira un montant suppl\u00e9mentaire de 2 $ pour chaque don de 20 $ ou plus, jusqu\u2019\u00e0 un montant maximum de 30 000 $ CA. Les donateurs recevront un re\u00e7u fiscal pour la valeur de leur don effectu\u00e9 via CanaDon. L\u2019offre est valide pour les dons uniques faits via CanaDon.org, y compris pour les fonds pour une cause, les formulaires de don personnalis\u00e9s sur les sites Web de nos partenaires caritatifs, et les campagnes entre pairs. La promotion exclut les \u00e9v\u00e9nements caritatifs, les dons par API, les dons de titres, les dons faits directement \u00e0 CanaDon, et l\u2019achat et l\u2019\u00e9change de cartes-cadeaux de bienfaisance. CanaDon se r\u00e9serve le droit de mettre fin \u00e0 cette promotion en tout temps.<\/p>\n","protected":false},"excerpt":{"rendered":"<p>*Offre d\u2019un don suppl\u00e9mentaire de 2 $ pour Mardi je donne 2020, valide pour les dons d\u2019au moins 20 $ effectu\u00e9s \u00e0 compter du mardi &#8230; <a href=\"https:\/\/www.canadahelps.org\/fr\/offre-dun-don-supplementaire-de-2-pour-mardi-je-donne-2020\/\" id=\"canadahelp-blog-meta\">Voir plus<\/a><\/p>\n","protected":false},"author":7,"featured_media":0,"parent":0,"menu_order":0,"comment_status":"closed","ping_status":"closed","template":"template-custom.php","meta":{"footnotes":""},"class_list":["post-36819","page","type-page","status-publish","hentry"],"acf":{"meta_description":"","use_toc_layout":false,"additional_body_css_classes":"","hide_page_title":false,"row_settings":false,"insert_spotlight_boxes":false,"use_biography_grid":false,"footer_panels":false,"header_banner_colour":"#748E09"},"yoast_head":"<!-- This site is optimized with the Yoast SEO plugin v26.0 - https:\/\/yoast.com\/wordpress\/plugins\/seo\/ -->\n<title>Offre d\u2019un don suppl\u00e9mentaire de 2 $ pour Mardi je donne 2020 | CanadaHelps - Donate to any charity in Canada<\/title>\n<meta name=\"robots\" content=\"index, follow, max-snippet:-1, max-image-preview:large, max-video-preview:-1\" \/>\n<link rel=\"canonical\" href=\"https:\/\/www.canadahelps.org\/fr\/offre-dun-don-supplementaire-de-2-pour-mardi-je-donne-2020\/\" \/>\n<meta property=\"og:locale\" content=\"fr_FR\" \/>\n<meta property=\"og:type\" content=\"article\" \/>\n<meta property=\"og:title\" content=\"Offre d\u2019un don suppl\u00e9mentaire de 2 $ pour Mardi je donne 2020 | CanadaHelps - Donate to any charity in Canada\" \/>\n<meta property=\"og:description\" content=\"*Offre d\u2019un don suppl\u00e9mentaire de 2 $ pour Mardi je donne 2020, valide pour les dons d\u2019au moins 20 $ effectu\u00e9s \u00e0 compter du mardi ... Voir plus\" \/>\n<meta property=\"og:url\" content=\"https:\/\/www.canadahelps.org\/fr\/offre-dun-don-supplementaire-de-2-pour-mardi-je-donne-2020\/\" \/>\n<meta property=\"og:site_name\" content=\"CanadaHelps - Donate to any charity in Canada\" \/>\n<meta property=\"article:modified_time\" content=\"2020-11-27T20:49:08+00:00\" \/>\n<meta name=\"twitter:card\" content=\"summary_large_image\" \/>\n<meta name=\"twitter:label1\" content=\"Est. reading time\" \/>\n\t<meta name=\"twitter:data1\" content=\"1 minute\" \/>\n<script type=\"application\/ld+json\" class=\"yoast-schema-graph\">{\"@context\":\"https:\/\/schema.org\",\"@graph\":[{\"@type\":\"WebPage\",\"@id\":\"https:\/\/www.canadahelps.org\/fr\/offre-dun-don-supplementaire-de-2-pour-mardi-je-donne-2020\/\",\"url\":\"https:\/\/www.canadahelps.org\/fr\/offre-dun-don-supplementaire-de-2-pour-mardi-je-donne-2020\/\",\"name\":\"Offre d\u2019un don suppl\u00e9mentaire de 2 $ pour Mardi je donne 2020 | CanadaHelps - Donate to any charity in Canada\",\"isPartOf\":{\"@id\":\"https:\/\/www.canadahelps.org\/fr\/#website\"},\"datePublished\":\"2020-11-23T13:55:40+00:00\",\"dateModified\":\"2020-11-27T20:49:08+00:00\",\"breadcrumb\":{\"@id\":\"https:\/\/www.canadahelps.org\/fr\/offre-dun-don-supplementaire-de-2-pour-mardi-je-donne-2020\/#breadcrumb\"},\"inLanguage\":\"fr\",\"potentialAction\":[{\"@type\":\"ReadAction\",\"target\":[\"https:\/\/www.canadahelps.org\/fr\/offre-dun-don-supplementaire-de-2-pour-mardi-je-donne-2020\/\"]}]},{\"@type\":\"BreadcrumbList\",\"@id\":\"https:\/\/www.canadahelps.org\/fr\/offre-dun-don-supplementaire-de-2-pour-mardi-je-donne-2020\/#breadcrumb\",\"itemListElement\":[{\"@type\":\"ListItem\",\"position\":1,\"name\":\"Home\",\"item\":\"https:\/\/www.canadahelps.org\/fr\/\"},{\"@type\":\"ListItem\",\"position\":2,\"name\":\"Offre d\u2019un don suppl\u00e9mentaire de 2 $ pour Mardi je donne 2020\"}]},{\"@type\":\"WebSite\",\"@id\":\"https:\/\/www.canadahelps.org\/fr\/#website\",\"url\":\"https:\/\/www.canadahelps.org\/fr\/\",\"name\":\"CanadaHelps - Donate to any charity in Canada\",\"description\":\"Giving Made Simple\",\"publisher\":{\"@id\":\"https:\/\/www.canadahelps.org\/fr\/#organization\"},\"potentialAction\":[{\"@type\":\"SearchAction\",\"target\":{\"@type\":\"EntryPoint\",\"urlTemplate\":\"https:\/\/www.canadahelps.org\/fr\/?s={search_term_string}\"},\"query-input\":{\"@type\":\"PropertyValueSpecification\",\"valueRequired\":true,\"valueName\":\"search_term_string\"}}],\"inLanguage\":\"fr\"},{\"@type\":\"Organization\",\"@id\":\"https:\/\/www.canadahelps.org\/fr\/#organization\",\"name\":\"CanadaHelps\",\"url\":\"https:\/\/www.canadahelps.org\/fr\/\",\"logo\":{\"@type\":\"ImageObject\",\"inLanguage\":\"fr\",\"@id\":\"https:\/\/www.canadahelps.org\/fr\/#\/schema\/logo\/image\/\",\"url\":\"https:\/\/www.canadahelps.org\/media\/canadahelps-en.jpg\",\"contentUrl\":\"https:\/\/www.canadahelps.org\/media\/canadahelps-en.jpg\",\"width\":131,\"height\":72,\"caption\":\"CanadaHelps\"},\"image\":{\"@id\":\"https:\/\/www.canadahelps.org\/fr\/#\/schema\/logo\/image\/\"}}]}<\/script>\n<!-- \/ Yoast SEO plugin. -->","yoast_head_json":{"title":"Offre d\u2019un don suppl\u00e9mentaire de 2 $ pour Mardi je donne 2020 | CanadaHelps - Donate to any charity in Canada","robots":{"index":"index","follow":"follow","max-snippet":"max-snippet:-1","max-image-preview":"max-image-preview:large","max-video-preview":"max-video-preview:-1"},"canonical":"https:\/\/www.canadahelps.org\/fr\/offre-dun-don-supplementaire-de-2-pour-mardi-je-donne-2020\/","og_locale":"fr_FR","og_type":"article","og_title":"Offre d\u2019un don suppl\u00e9mentaire de 2 $ pour Mardi je donne 2020 | CanadaHelps - Donate to any charity in Canada","og_description":"*Offre d\u2019un don suppl\u00e9mentaire de 2 $ pour Mardi je donne 2020, valide pour les dons d\u2019au moins 20 $ effectu\u00e9s \u00e0 compter du mardi ... Voir plus","og_url":"https:\/\/www.canadahelps.org\/fr\/offre-dun-don-supplementaire-de-2-pour-mardi-je-donne-2020\/","og_site_name":"CanadaHelps - Donate to any charity in Canada","article_modified_time":"2020-11-27T20:49:08+00:00","twitter_card":"summary_large_image","twitter_misc":{"Est. reading time":"1 minute"},"schema":{"@context":"https:\/\/schema.org","@graph":[{"@type":"WebPage","@id":"https:\/\/www.canadahelps.org\/fr\/offre-dun-don-supplementaire-de-2-pour-mardi-je-donne-2020\/","url":"https:\/\/www.canadahelps.org\/fr\/offre-dun-don-supplementaire-de-2-pour-mardi-je-donne-2020\/","name":"Offre d\u2019un don suppl\u00e9mentaire de 2 $ pour Mardi je donne 2020 | CanadaHelps - Donate to any charity in Canada","isPartOf":{"@id":"https:\/\/www.canadahelps.org\/fr\/#website"},"datePublished":"2020-11-23T13:55:40+00:00","dateModified":"2020-11-27T20:49:08+00:00","breadcrumb":{"@id":"https:\/\/www.canadahelps.org\/fr\/offre-dun-don-supplementaire-de-2-pour-mardi-je-donne-2020\/#breadcrumb"},"inLanguage":"fr","potentialAction":[{"@type":"ReadAction","target":["https:\/\/www.canadahelps.org\/fr\/offre-dun-don-supplementaire-de-2-pour-mardi-je-donne-2020\/"]}]},{"@type":"BreadcrumbList","@id":"https:\/\/www.canadahelps.org\/fr\/offre-dun-don-supplementaire-de-2-pour-mardi-je-donne-2020\/#breadcrumb","itemListElement":[{"@type":"ListItem","position":1,"name":"Home","item":"https:\/\/www.canadahelps.org\/fr\/"},{"@type":"ListItem","position":2,"name":"Offre d\u2019un don suppl\u00e9mentaire de 2 $ pour Mardi je donne 2020"}]},{"@type":"WebSite","@id":"https:\/\/www.canadahelps.org\/fr\/#website","url":"https:\/\/www.canadahelps.org\/fr\/","name":"CanadaHelps - Donate to any charity in Canada","description":"Giving Made Simple","publisher":{"@id":"https:\/\/www.canadahelps.org\/fr\/#organization"},"potentialAction":[{"@type":"SearchAction","target":{"@type":"EntryPoint","urlTemplate":"https:\/\/www.canadahelps.org\/fr\/?s={search_term_string}"},"query-input":{"@type":"PropertyValueSpecification","valueRequired":true,"valueName":"search_term_string"}}],"inLanguage":"fr"},{"@type":"Organization","@id":"https:\/\/www.canadahelps.org\/fr\/#organization","name":"CanadaHelps","url":"https:\/\/www.canadahelps.org\/fr\/","logo":{"@type":"ImageObject","inLanguage":"fr","@id":"https:\/\/www.canadahelps.org\/fr\/#\/schema\/logo\/image\/","url":"https:\/\/www.canadahelps.org\/media\/canadahelps-en.jpg","contentUrl":"https:\/\/www.canadahelps.org\/media\/canadahelps-en.jpg","width":131,"height":72,"caption":"CanadaHelps"},"image":{"@id":"https:\/\/www.canadahelps.org\/fr\/#\/schema\/logo\/image\/"}}]}},"_links":{"self":[{"href":"https:\/\/www.canadahelps.org\/fr\/wp-json\/wp\/v2\/pages\/36819","targetHints":{"allow":["GET"]}}],"collection":[{"href":"https:\/\/www.canadahelps.org\/fr\/wp-json\/wp\/v2\/pages"}],"about":[{"href":"https:\/\/www.canadahelps.org\/fr\/wp-json\/wp\/v2\/types\/page"}],"author":[{"embeddable":true,"href":"https:\/\/www.canadahelps.org\/fr\/wp-json\/wp\/v2\/users\/7"}],"replies":[{"embeddable":true,"href":"https:\/\/www.canadahelps.org\/fr\/wp-json\/wp\/v2\/comments?post=36819"}],"version-history":[{"count":4,"href":"https:\/\/www.canadahelps.org\/fr\/wp-json\/wp\/v2\/pages\/36819\/revisions"}],"predecessor-version":[{"id":37260,"href":"https:\/\/www.canadahelps.org\/fr\/wp-json\/wp\/v2\/pages\/36819\/revisions\/37260"}],"wp:attachment":[{"href":"https:\/\/www.canadahelps.org\/fr\/wp-json\/wp\/v2\/media?parent=36819"}],"curies":[{"name":"wp","href":"https:\/\/api.w.org\/{rel}","templated":true}]}}