{"id":37227,"date":"2020-11-25T14:01:00","date_gmt":"2020-11-25T19:01:00","guid":{"rendered":"https:\/\/www.canadahelps.org\/?page_id=37227"},"modified":"2020-12-29T10:04:29","modified_gmt":"2020-12-29T15:04:29","slug":"heros-des-fetes-partenaires","status":"publish","type":"page","link":"https:\/\/www.canadahelps.org\/fr\/heros-des-fetes-partenaires\/","title":{"rendered":"Heros Des Fetes Partenaires"},"content":{"rendered":"<style>html{background-color:#fff}#hh-new-hero-bg{background-image:url(https:\/\/www.canadahelps.org\/media\/20201113c_HH_hero-desktop.jpg);background-repeat:no-repeat;background-position:center;background-size:cover;max-width:1280px;margin:0 auto;padding:0;height:200px;min-height:200px}.new-hero-txt{margin-left:17%;padding-top:2%;width:360px;font-weight:700;font-size:20px;color:#fff;line-height:28px}.new-hero-txt img{width:100px}.hh-hero-background{background-image:linear-gradient(to right,#1a2239 50%,#1e446b 50%)}.hh-box{display:flex;align-items:stretch;text-align:left}.hh-box div{width:300px}.hh-box img{width:250px}.hh-wrapper{display:flex;flex-direction:row;align-content:flex-start;justify-content:space-evenly;padding:10px}.hh-cf-wrapper{display:flex;flex-direction:row;align-content:flex-start;justify-content:space-evenly;padding:10px;border:none!important;background:#fff;box-shadow:0 0 20px -8px rgba(0,0,0,.5);width:940px}.hh-cf-box{width:50%;padding:40px 0}.hh-cf-box img{width:300px}.hh-cf-box h3{color:#0070ae!important;font-size:20px!important;margin-top:16px}.star-headline{display:flex;flex-direction:row;align-content:flex-start}.star-hd{width:25px}.star-hd img{width:15px}.star-hr{background-image:url(https:\/\/www.canadahelps.org\/media\/20201113_HH_star-line-divider.png);background-repeat:no-repeat;background-position:center;background-size:cover;margin:0 auto;padding:0;height:25px}.hh-body-copy{text-align:center;font-size:18px;font-weight:700;line-height:32px}.hh-logos-container{display:flex;align-content:flex-start;justify-content:center;flex-direction:row}.hh-logos-container div{margin:0 60px 0 60px}#holiday-footer-top{width:100%;max-width:1920px;background:#f7f8fa}.holiday-footer-flex{display:flex;flex-direction:row;align-content:flex-start;width:960px;margin:0 auto}#hh-wave{background-image:url(https:\/\/www.canadahelps.org\/media\/20201113_HH_Wave.png);margin-bottom:-2px;max-width:1920px;background-repeat:no-repeat;background-position:center;background-size:cover;height:100px}.post-wave-footer-flex{display:flex;flex-direction:row;align-content:flex-start;color:#fff;width:960px;margin:0 auto;height:auto}.post-wave-footer-flex div{padding:30px 0}.post-wave-footer-flex:first-child{padding:30px 0}.post-wave-footer-flex div:first-child{text-align:center;width:450px}.post-wave-footer-flex img{width:250px}@media screen and (max-width:640px){#hh-new-hero-bg{background-image:url(https:\/\/www.canadahelps.org\/media\/20201113_HH_hero-mobile.jpg);height:300px}.new-hero-txt{width:80%;padding-top:14%;margin:0 auto;font-weight:700;font-size:22px;color:#fff}.hh-box{flex-direction:column}.hh-box:first-child{text-align:center}.hh-box:last-child{text-align:left}.hh-cf-wrapper{flex-direction:column;width:90%;margin:0 auto}.hh-cf-box{flex-direction:column;text-align:center;width:100%}.hh-cf-box:last-child{flex-direction:column;text-align:left}.holiday-footer-flex{flex-direction:column;width:90%;margin:auto}.holiday-footer-flex div:last-child{text-align:center}#hh-wave{width:100%}.post-wave-footer-flex{flex-direction:column;text-align:center;width:100%}.post-wave-footer-flex:first-child{width:80%;text-align:center}.post-wave-footer-flex div:first-child{text-align:center;width:100%}.post-wave-footer-flex:last-child{width:80%}.hh-body-copy{width:90%;margin:0 auto}.hh-logos-container{flex-direction:column;text-align:center}.hh-logos-container div{width:100%!important;text-align:center;margin:30px 0 30px 0}}<\/style>\n<div class=\"w1920\">\n<div class=\"hh-hero-background\">\n<div id=\"hh-new-hero-bg\">\n<div class=\"new-hero-txt\">\n        <img decoding=\"async\" src=\"https:\/\/www.canadahelps.org\/media\/20201116_Holiday_Party_Heroes_Logos-05.png\"><\/p>\n<p>        Faites partie des h\u00e9ros des F\u00eates! Remplacez votre party de bureau par un don \u00e0 une \u0153uvre de bienfaisance.\n    <\/p><\/div>\n<\/p><\/div>\n<\/p><\/div>\n<\/p><\/div>\n<div class=\"w960\">\n    &nbsp;<\/p>\n<div class=\"hh-body-copy\">\n    Vous avez peut-\u00eatre d\u00fb annuler votre party de bureau des F\u00eates \u00e0 cause de la COVID-19, mais cela ne veut pas dire que vous ne pouvez pas c\u00e9l\u00e9brer. Joignez-vous aux entreprises ci-dessous \u2014 donnez \u00e0 une \u0153uvre de bienfaisance le montant que vous n\u2019avez pas d\u00e9pens\u00e9, cette ann\u00e9e, pour votre party de bureau, afin que vous-m\u00eame et votre personnel soyez des h\u00e9ros des F\u00eates. De plus, vous pourrez <\/div>\n<\/p><\/div>\n<p>    &nbsp;<\/p>\n<div class=\"w960\">\n<div class=\"star-hr\">&nbsp;<\/div>\n<p>    &nbsp;<\/p>\n<div class=\"hh-body-copy\">\n    Nos h\u00e9ros fondateurs\n    <\/div>\n<p>    &nbsp;<\/p>\n<div class=\"hh-logos-container\">\n<div><img decoding=\"async\" src=\"https:\/\/www.canadahelps.org\/media\/20201117_DDL.jpg\" alt=\"IQP\" width=\"150  class=\"alignnone\" \/><\/div>\n<div><img decoding=\"async\" src=\"https:\/\/www.canadahelps.org\/media\/20201117b_IQP.png\" alt=\"IQP\" width=\"150  class=\"alignnone\" \/><\/div>\n<div><img decoding=\"async\" src=\"https:\/\/www.canadahelps.org\/media\/20201117_Preloved.png\" alt=\"Preloved\" width=\"125\" style=\"margin-top: -30px;\" \/><\/div>\n<div><img decoding=\"async\" src=\"https:\/\/www.canadahelps.org\/media\/20201117_Rain.png\" alt=\"Rain\" width=\"125\" style=\"margin-top:-15px\"\/><\/div>\n<\/div>\n<div class=\"hh-logos-container\" >\n<div ><img decoding=\"async\" src=\"https:\/\/www.canadahelps.org\/media\/20201117_Sezzle.png\" alt=\"Sezzle\" width=\"125\" style=\"margin-top:0px\"\/><\/div>\n<div><img decoding=\"async\" src=\"https:\/\/www.canadahelps.org\/media\/20201119_TGP.png\" alt=\"The Good Partnership\" width=\"125\" style=\"margin-top:0px\"\/><\/div>\n<div><img decoding=\"async\" src=\"https:\/\/www.canadahelps.org\/media\/20201124_SuttonOldMill.png\" alt=\"Sutton Old Mill\" width=\"125\" style=\"margin-top:-50px\"\/><\/div>\n<div><img decoding=\"async\" src=\"https:\/\/www.canadahelps.org\/media\/20201124_Vancity.png\" alt=\"Vancity Community Investment Bank\" width=\"125\" style=\"margin-top:0px\"\/><\/div>\n<\/p><\/div>\n<p>    &nbsp;<\/p>\n<div class=\"star-hr\">&nbsp;<\/div>\n<p>    &nbsp;<\/p>\n<div class=\"hh-body-copy\">\n    D\u2019autres h\u00e9ros des F\u00eates\n    <\/div>\n<p>    &nbsp;<\/p>\n<div class=\"hh-logos-container\">\n<div><img decoding=\"async\" src=\"https:\/\/www.canadahelps.org\/media\/20201218_Bespoke.png\" alt=\"Bespoke\" width=\"150\"  class=\"alignnone\" style=\"margin-top: 0px;\" \/><\/div>\n<div><img decoding=\"async\" src=\"https:\/\/www.canadahelps.org\/media\/20201218_TOPdesk_logo.jpg\" alt=\"TOPdesk\" width=\"150\"  class=\"alignnone\" style=\"margin-top: 0px;\" \/><\/div>\n<div><img decoding=\"async\" src=\"https:\/\/www.canadahelps.org\/secure\/img\/canadahelps-en.svg\" alt=\"CanadaHelps\" width=\"150\"  class=\"alignnone\" style=\"margin-top: -30px;\" \/><\/div>\n<div><img decoding=\"async\" src=\"https:\/\/www.canadahelps.org\/media\/20200424_Lawson.png\" alt=\"Lawson Foundation\" width=\"150\"  class=\"alignnone\" \/><\/div>\n<\/div>\n<div class=\"hh-logos-container\">\n<div><img decoding=\"async\" src=\"https:\/\/www.canadahelps.org\/media\/20201125_iATS-Payments.png\" alt=\"iATS Payments\" width=\"150\"  style=\"margin-top:30px;\" class=\"alignnone\" \/><\/div>\n<div><img decoding=\"async\" src=\"https:\/\/www.canadahelps.org\/media\/20201222_allocadia-logo.jpg\" alt=\"Allocadia\" width=\"150\"  style=\"margin-top:40px;\" class=\"alignnone\" \/><\/div>\n<div><img decoding=\"async\" src=\"https:\/\/www.canadahelps.org\/media\/20201229_goodzilla_logo.png\" alt=\"Goodzilla\" width=\"150\"  style=\"margin-top:40px;\" class=\"alignnone\" \/><\/div>\n<\/p><\/div>\n<p>    <!-- \n\n<div class=\"hh-logos-container\" >\n    <\/div>\n\n --><br \/>\n    &nbsp;<\/p>\n<div style=\"text-align: center;\">\n        <a href=\"https:\/\/docs.google.com\/forms\/d\/1L5zcLGFPy9YkluqCclJgQabfQT6Q2kGUkhEepAPOidU\/edit\" target=\"_blank\" class=\"btn btn-primary\" style=\"background-color: #1466A9;border:1px solid #1466A9; text-transform: uppercase;\" rel=\"noopener noreferrer\">INSCRIVEZ VOTRE ENTREPRISE<\/a>\n    <\/div>\n<\/p><\/div>\n<\/p><\/div>\n<div id=\"hh-wave\">&nbsp;<\/div>\n<div style=\"background:#19223B; width:100%\">\n<div class=\"w1920\">\n<div style=\"background:#19223B\">\n<div class=\"post-wave-footer-flex\">\n<div><img decoding=\"async\" src=\"https:\/\/www.canadahelps.org\/media\/20201116_Holiday_Party_Heroes_Graphics_FR_Landing_Page.png\" alt=\"Des Questions? Nous sommes la pour vous aider.\"><\/div>\n<div>Communiquez avec nous si vous voulez savoir comment votre entreprise peut faire partie des h\u00e9ros du party des F\u00eates, ou si vous souhaitez collaborer avec CanaDon pour d\u2019autres initiatives!<\/p>\n<p>        Laura Dempsey<br \/>\n        Directrice, Partenariats<br \/>\n        <a href=\"mailto:laurad@canadahelps.org\" style=\"color:#fff\">laurad@canadahelps.org<\/a>\n       <\/div>\n<p>    &nbsp;\n    <\/p><\/div>\n<\/p><\/div>\n<\/p><\/div>\n<\/div>\n","protected":false},"excerpt":{"rendered":"<p>Faites partie des h\u00e9ros des F\u00eates! Remplacez votre party de bureau par un don \u00e0 une \u0153uvre de bienfaisance. &nbsp; Vous avez peut-\u00eatre d\u00fb annuler &#8230; <a href=\"https:\/\/www.canadahelps.org\/fr\/heros-des-fetes-partenaires\/\" id=\"canadahelp-blog-meta\">Voir plus<\/a><\/p>\n","protected":false},"author":30,"featured_media":0,"parent":0,"menu_order":0,"comment_status":"closed","ping_status":"closed","template":"template-fullwidth-page.php","meta":{"footnotes":""},"class_list":["post-37227","page","type-page","status-publish","hentry"],"acf":{"meta_description":"","use_toc_layout":false,"additional_body_css_classes":"","row_settings":false,"hide_page_title":false,"insert_spotlight_boxes":false,"use_biography_grid":false},"yoast_head":"<!-- This site is optimized with the Yoast SEO plugin v26.0 - https:\/\/yoast.com\/wordpress\/plugins\/seo\/ -->\n<title>Heros Des Fetes Partenaires | CanaDon - Faites des dons \u00e0 un organisme de bienfaisance au Canada<\/title>\n<meta name=\"description\" content=\"Dons d\u2019entreprise \u2014 des id\u00e9es cr\u00e9atives \u00e0 l\u2019occasion des F\u00eates. Faites un don d\u2019entreprise \u00e0 un organisme de bienfaisance, sur CanaDon, pour remplacer votre party des F\u00eates.\" \/>\n<meta name=\"robots\" content=\"index, follow, max-snippet:-1, max-image-preview:large, max-video-preview:-1\" \/>\n<link rel=\"canonical\" href=\"https:\/\/www.canadahelps.org\/fr\/heros-des-fetes-partenaires\/\" \/>\n<meta property=\"og:locale\" content=\"fr_FR\" \/>\n<meta property=\"og:type\" content=\"article\" \/>\n<meta property=\"og:title\" content=\"Heros Des Fetes Partenaires | CanaDon - Faites des dons \u00e0 un organisme de bienfaisance au Canada\" \/>\n<meta property=\"og:description\" content=\"Dons d\u2019entreprise \u2014 des id\u00e9es cr\u00e9atives \u00e0 l\u2019occasion des F\u00eates. Faites un don d\u2019entreprise \u00e0 un organisme de bienfaisance, sur CanaDon, pour remplacer votre party des F\u00eates.\" \/>\n<meta property=\"og:url\" content=\"https:\/\/www.canadahelps.org\/fr\/heros-des-fetes-partenaires\/\" \/>\n<meta property=\"og:site_name\" content=\"CanaDon - Faites des dons \u00e0 un organisme de bienfaisance au Canada\" \/>\n<meta property=\"article:modified_time\" content=\"2020-12-29T15:04:29+00:00\" \/>\n<meta property=\"og:image\" content=\"https:\/\/www.canadahelps.org\/media\/20201116_Holiday_Party_Heroes_Logos-05.png\" \/>\n<meta name=\"twitter:card\" content=\"summary_large_image\" \/>\n<meta name=\"twitter:label1\" content=\"Est. reading time\" \/>\n\t<meta name=\"twitter:data1\" content=\"1 minute\" \/>\n<script type=\"application\/ld+json\" class=\"yoast-schema-graph\">{\"@context\":\"https:\/\/schema.org\",\"@graph\":[{\"@type\":\"WebPage\",\"@id\":\"https:\/\/www.canadahelps.org\/fr\/heros-des-fetes-partenaires\/\",\"url\":\"https:\/\/www.canadahelps.org\/fr\/heros-des-fetes-partenaires\/\",\"name\":\"Heros Des Fetes Partenaires | CanaDon - Faites des dons \u00e0 un organisme de bienfaisance au Canada\",\"isPartOf\":{\"@id\":\"https:\/\/www.canadahelps.org\/fr\/#website\"},\"primaryImageOfPage\":{\"@id\":\"https:\/\/www.canadahelps.org\/fr\/heros-des-fetes-partenaires\/#primaryimage\"},\"image\":{\"@id\":\"https:\/\/www.canadahelps.org\/fr\/heros-des-fetes-partenaires\/#primaryimage\"},\"thumbnailUrl\":\"https:\/\/www.canadahelps.org\/media\/20201116_Holiday_Party_Heroes_Logos-05.png\",\"datePublished\":\"2020-11-25T19:01:00+00:00\",\"dateModified\":\"2020-12-29T15:04:29+00:00\",\"description\":\"Dons d\u2019entreprise \u2014 des id\u00e9es cr\u00e9atives \u00e0 l\u2019occasion des F\u00eates. Faites un don d\u2019entreprise \u00e0 un organisme de bienfaisance, sur CanaDon, pour remplacer votre party des F\u00eates.\",\"breadcrumb\":{\"@id\":\"https:\/\/www.canadahelps.org\/fr\/heros-des-fetes-partenaires\/#breadcrumb\"},\"inLanguage\":\"fr\",\"potentialAction\":[{\"@type\":\"ReadAction\",\"target\":[\"https:\/\/www.canadahelps.org\/fr\/heros-des-fetes-partenaires\/\"]}]},{\"@type\":\"ImageObject\",\"inLanguage\":\"fr\",\"@id\":\"https:\/\/www.canadahelps.org\/fr\/heros-des-fetes-partenaires\/#primaryimage\",\"url\":\"https:\/\/www.canadahelps.org\/media\/20201116_Holiday_Party_Heroes_Logos-05.png\",\"contentUrl\":\"https:\/\/www.canadahelps.org\/media\/20201116_Holiday_Party_Heroes_Logos-05.png\"},{\"@type\":\"BreadcrumbList\",\"@id\":\"https:\/\/www.canadahelps.org\/fr\/heros-des-fetes-partenaires\/#breadcrumb\",\"itemListElement\":[{\"@type\":\"ListItem\",\"position\":1,\"name\":\"Home\",\"item\":\"https:\/\/www.canadahelps.org\/fr\/\"},{\"@type\":\"ListItem\",\"position\":2,\"name\":\"Heros Des Fetes Partenaires\"}]},{\"@type\":\"WebSite\",\"@id\":\"https:\/\/www.canadahelps.org\/fr\/#website\",\"url\":\"https:\/\/www.canadahelps.org\/fr\/\",\"name\":\"CanadaHelps - Donate to any charity in Canada\",\"description\":\"Le don en toute simplicit\u00e9\",\"publisher\":{\"@id\":\"https:\/\/www.canadahelps.org\/fr\/#organization\"},\"potentialAction\":[{\"@type\":\"SearchAction\",\"target\":{\"@type\":\"EntryPoint\",\"urlTemplate\":\"https:\/\/www.canadahelps.org\/fr\/?s={search_term_string}\"},\"query-input\":{\"@type\":\"PropertyValueSpecification\",\"valueRequired\":true,\"valueName\":\"search_term_string\"}}],\"inLanguage\":\"fr\"},{\"@type\":\"Organization\",\"@id\":\"https:\/\/www.canadahelps.org\/fr\/#organization\",\"name\":\"CanadaHelps\",\"url\":\"https:\/\/www.canadahelps.org\/fr\/\",\"logo\":{\"@type\":\"ImageObject\",\"inLanguage\":\"fr\",\"@id\":\"https:\/\/www.canadahelps.org\/fr\/#\/schema\/logo\/image\/\",\"url\":\"https:\/\/www.canadahelps.org\/media\/canadahelps-en.jpg\",\"contentUrl\":\"https:\/\/www.canadahelps.org\/media\/canadahelps-en.jpg\",\"width\":131,\"height\":72,\"caption\":\"CanadaHelps\"},\"image\":{\"@id\":\"https:\/\/www.canadahelps.org\/fr\/#\/schema\/logo\/image\/\"}}]}<\/script>\n<!-- \/ Yoast SEO plugin. -->","yoast_head_json":{"title":"Heros Des Fetes Partenaires | CanaDon - Faites des dons \u00e0 un organisme de bienfaisance au Canada","description":"Dons d\u2019entreprise \u2014 des id\u00e9es cr\u00e9atives \u00e0 l\u2019occasion des F\u00eates. Faites un don d\u2019entreprise \u00e0 un organisme de bienfaisance, sur CanaDon, pour remplacer votre party des F\u00eates.","robots":{"index":"index","follow":"follow","max-snippet":"max-snippet:-1","max-image-preview":"max-image-preview:large","max-video-preview":"max-video-preview:-1"},"canonical":"https:\/\/www.canadahelps.org\/fr\/heros-des-fetes-partenaires\/","og_locale":"fr_FR","og_type":"article","og_title":"Heros Des Fetes Partenaires | CanaDon - Faites des dons \u00e0 un organisme de bienfaisance au Canada","og_description":"Dons d\u2019entreprise \u2014 des id\u00e9es cr\u00e9atives \u00e0 l\u2019occasion des F\u00eates. Faites un don d\u2019entreprise \u00e0 un organisme de bienfaisance, sur CanaDon, pour remplacer votre party des F\u00eates.","og_url":"https:\/\/www.canadahelps.org\/fr\/heros-des-fetes-partenaires\/","og_site_name":"CanaDon - Faites des dons \u00e0 un organisme de bienfaisance au Canada","article_modified_time":"2020-12-29T15:04:29+00:00","og_image":[{"url":"https:\/\/www.canadahelps.org\/media\/20201116_Holiday_Party_Heroes_Logos-05.png","type":"","width":"","height":""}],"twitter_card":"summary_large_image","twitter_misc":{"Est. reading time":"1 minute"},"schema":{"@context":"https:\/\/schema.org","@graph":[{"@type":"WebPage","@id":"https:\/\/www.canadahelps.org\/fr\/heros-des-fetes-partenaires\/","url":"https:\/\/www.canadahelps.org\/fr\/heros-des-fetes-partenaires\/","name":"Heros Des Fetes Partenaires | CanaDon - Faites des dons \u00e0 un organisme de bienfaisance au Canada","isPartOf":{"@id":"https:\/\/www.canadahelps.org\/fr\/#website"},"primaryImageOfPage":{"@id":"https:\/\/www.canadahelps.org\/fr\/heros-des-fetes-partenaires\/#primaryimage"},"image":{"@id":"https:\/\/www.canadahelps.org\/fr\/heros-des-fetes-partenaires\/#primaryimage"},"thumbnailUrl":"https:\/\/www.canadahelps.org\/media\/20201116_Holiday_Party_Heroes_Logos-05.png","datePublished":"2020-11-25T19:01:00+00:00","dateModified":"2020-12-29T15:04:29+00:00","description":"Dons d\u2019entreprise \u2014 des id\u00e9es cr\u00e9atives \u00e0 l\u2019occasion des F\u00eates. Faites un don d\u2019entreprise \u00e0 un organisme de bienfaisance, sur CanaDon, pour remplacer votre party des F\u00eates.","breadcrumb":{"@id":"https:\/\/www.canadahelps.org\/fr\/heros-des-fetes-partenaires\/#breadcrumb"},"inLanguage":"fr","potentialAction":[{"@type":"ReadAction","target":["https:\/\/www.canadahelps.org\/fr\/heros-des-fetes-partenaires\/"]}]},{"@type":"ImageObject","inLanguage":"fr","@id":"https:\/\/www.canadahelps.org\/fr\/heros-des-fetes-partenaires\/#primaryimage","url":"https:\/\/www.canadahelps.org\/media\/20201116_Holiday_Party_Heroes_Logos-05.png","contentUrl":"https:\/\/www.canadahelps.org\/media\/20201116_Holiday_Party_Heroes_Logos-05.png"},{"@type":"BreadcrumbList","@id":"https:\/\/www.canadahelps.org\/fr\/heros-des-fetes-partenaires\/#breadcrumb","itemListElement":[{"@type":"ListItem","position":1,"name":"Home","item":"https:\/\/www.canadahelps.org\/fr\/"},{"@type":"ListItem","position":2,"name":"Heros Des Fetes Partenaires"}]},{"@type":"WebSite","@id":"https:\/\/www.canadahelps.org\/fr\/#website","url":"https:\/\/www.canadahelps.org\/fr\/","name":"CanadaHelps - Donate to any charity in Canada","description":"Le don en toute simplicit\u00e9","publisher":{"@id":"https:\/\/www.canadahelps.org\/fr\/#organization"},"potentialAction":[{"@type":"SearchAction","target":{"@type":"EntryPoint","urlTemplate":"https:\/\/www.canadahelps.org\/fr\/?s={search_term_string}"},"query-input":{"@type":"PropertyValueSpecification","valueRequired":true,"valueName":"search_term_string"}}],"inLanguage":"fr"},{"@type":"Organization","@id":"https:\/\/www.canadahelps.org\/fr\/#organization","name":"CanadaHelps","url":"https:\/\/www.canadahelps.org\/fr\/","logo":{"@type":"ImageObject","inLanguage":"fr","@id":"https:\/\/www.canadahelps.org\/fr\/#\/schema\/logo\/image\/","url":"https:\/\/www.canadahelps.org\/media\/canadahelps-en.jpg","contentUrl":"https:\/\/www.canadahelps.org\/media\/canadahelps-en.jpg","width":131,"height":72,"caption":"CanadaHelps"},"image":{"@id":"https:\/\/www.canadahelps.org\/fr\/#\/schema\/logo\/image\/"}}]}},"_links":{"self":[{"href":"https:\/\/www.canadahelps.org\/fr\/wp-json\/wp\/v2\/pages\/37227","targetHints":{"allow":["GET"]}}],"collection":[{"href":"https:\/\/www.canadahelps.org\/fr\/wp-json\/wp\/v2\/pages"}],"about":[{"href":"https:\/\/www.canadahelps.org\/fr\/wp-json\/wp\/v2\/types\/page"}],"author":[{"embeddable":true,"href":"https:\/\/www.canadahelps.org\/fr\/wp-json\/wp\/v2\/users\/30"}],"replies":[{"embeddable":true,"href":"https:\/\/www.canadahelps.org\/fr\/wp-json\/wp\/v2\/comments?post=37227"}],"version-history":[{"count":7,"href":"https:\/\/www.canadahelps.org\/fr\/wp-json\/wp\/v2\/pages\/37227\/revisions"}],"predecessor-version":[{"id":38044,"href":"https:\/\/www.canadahelps.org\/fr\/wp-json\/wp\/v2\/pages\/37227\/revisions\/38044"}],"wp:attachment":[{"href":"https:\/\/www.canadahelps.org\/fr\/wp-json\/wp\/v2\/media?parent=37227"}],"curies":[{"name":"wp","href":"https:\/\/api.w.org\/{rel}","templated":true}]}}