{"id":37390,"date":"2020-11-27T08:52:12","date_gmt":"2020-11-27T13:52:12","guid":{"rendered":"https:\/\/www.canadahelps.org\/?page_id=37390"},"modified":"2020-12-08T16:05:41","modified_gmt":"2020-12-08T21:05:41","slug":"mettre-a-jour-votre-compte","status":"publish","type":"page","link":"https:\/\/www.canadahelps.org\/fr\/mettre-a-jour-votre-compte\/","title":{"rendered":"Mettre a jour votre compte"},"content":{"rendered":"<style>html{background-color:#fff}.btn-dwn{background:#1466a9;padding:13px 25px;font-size:16px;color:#fff;border:1px solid #0d4878;box-shadow:inset 0 1px 0 1px rgba(255,255,255,.06),0 1px 0 0 rgba(25,32,43,.1);border-radius:3px;padding:11px 16px;font-size:14px;font-weight:700;text-decoration:none;text-align:center;line-height:1.25;cursor:pointer;text-transform:uppercase}.btn-gray{background:#fff;padding:13px 25px;font-size:16px;color:#1466a9;border:1px solid #eee;box-shadow:inset 0 1px 0 1px rgba(255,255,255,.06),0 1px 0 0 rgba(25,32,43,.1);border-radius:3px;padding:11px 16px;font-size:14px;font-weight:700;text-decoration:none;text-align:center;line-height:1.25;cursor:pointer;text-transform:uppercase}.btn-dwn:hover{color:#fff;text-decoration:none;background:linear-gradient(180deg,#1466a9 0,#0d4878 100%);border:2px solid #0d4878;padding:10px 15px}.btn-gray:hover{color:#1466a9;text-decoration:none;background:linear-gradient(180deg,#eee 0,#aaa 100%);border:2px solid #eee;padding:10px 15px}.btn-dwn:active{color:#fff!important;text-decoration:none!important}.btn-gray:active{color:#1466a9!important;text-decoration:none!important}.rc-blue-banner{width:100%;background-color:#0070af;border:1px solid #0070af;border-radius:3px;margin-left:auto;margin-right:auto;font-size:1.4em;color:#fff;padding:45px 30px;font-weight:700;display:flex;flex-direction:row;justify-content:space-evenly}@media screen and (max-width:640px){.rc-blue-banner{flex-direction:column;justify-content:center}.rc-blue-banner div{text-align:center;margin:20px}}<\/style>\n<link type=\"text\/css\" rel=\"stylesheet\" href=\"https:\/\/www.canadahelps.org\/wp-content\/themes\/roots-master\/tdc.css?v=1601919199\" \/>\n<script type=\"text\/javascript\" src=\"https:\/\/www.canadahelps.org\/wp-content\/themes\/roots-master\/assets\/js\/tdc.js?v=1601919199\"><\/script><\/p>\n<div class=\"col-md-12\">\n<div id=\"tdc-wrapper\">\n<div class=\"hero fundraising-hero\" style=\"background-image: url(https:\/\/www.canadahelps.org\/media\/online-fundraising.tdc_fund_hero_image.png);background-color: #f7f8fa;\">\n<div class=\"container\">\n<div class=\"row\">\n<div class=\"col-md-8\">\n<h1 style=\"color: #687281; text-align: left;\">Collectez plus pour votre organisme de bienfaisance <\/h1>\n<div class=\"hero-short-description\" style=\"color: #687281\">\nAugmentez vos dons et gagnez du temps gr\u00e2ce \u00e0 nos formulaires de don personnalisables efficaces et faciles \u00e0 utiliser, nos \u00e9v\u00e9nements \u00e0 billets et notre solution de campagne entre pairs. Reconnue par plus de 30 000 organismes de bienfaisance, notre \u00e9quipe est l\u00e0 pour vous aider \u00e0 chaque \u00e9tape du processus afin de vous assurer d&#8217;atteindre vos objectifs de collecte de fonds.\n<\/div>\n<p>&nbsp;<\/p>\n<div class=\"request-demo-controls\">\n<a href=\"https:\/\/www.canadahelps.org\/fr\/charityupgrade\/cdf\" class=\"btn-dwn\">Faites la mise \u00e0 jour gratuitement<\/a> <a href=\"https:\/\/www.canadahelps.org\/fr\/bienvenue-reservez-un-demo\/\" class=\"secondary-btn\" data-toggle=\"modal\">R\u00e9server un d\u00e9mo<\/a>\n<\/div>\n<\/div>\n<\/div>\n<p> <!-- .row --> <\/div>\n<\/div>\n<\/div>\n<\/div>\n<p><!-- .col-md-12 --><\/p>\n<div style=\"clear:both;\"><\/div>\n<div class=\"claim-charity-container\">\n<div class=\"tdc-charities-alt-row-outer alt-row-odd\" style=\"margin: 30px auto;\">\n<div class=\"alt-side-content-container\">\n<div class=\"alt-side-content-wrapper\">\n<div class=\"tdc-content-heading\" style=\"color: #4a4a4a;\">Formulaires de don personnalisables<\/div>\n<div class=\"tdc-content-text\" style=\"color: #374252;\">Commencez en quelques minutes. Aucune connaissance de codage ou de conception requise.<\/p>\n<ul>\n<li>Collectez des dons directement sur votre site Web.<\/li>\n<li>Cr\u00e9ez et personnalisez un nombre illimit\u00e9 de formulaires, en choisissant entre le formulaire int\u00e9gral (classique) et le nouveau formulaire multi-\u00e9tapes.<\/li>\n<li>Mettez votre marque en \u00e9vidence : personnalisez votre page, vos courriels de remerciement et vos re\u00e7us fiscaux!<\/li>\n<li>Am\u00e9liorez votre arsenal de collecte de fonds avec un formulaire de don personnalisable pour les valeurs mobili\u00e8res, telles que des actions our des fonds communs de placement.<\/li>\n<li>Offrez plus de fa\u00e7ons de donner gr\u00e2ce aux formulaires de dons mensuels et de dons en hommage.<\/li>\n<\/ul>\n<\/div>\n<p>&nbsp;<\/p>\n<div class=\"tdc-content-button-wrapper\"><a href=\"https:\/\/www.canadahelps.org\/fr\/charityupgrade\/cdf\" class=\"btn-dwn\" target=\"_blank\" rel=\"noopener noreferrer\">Mise \u00e0 jour<\/a><\/div>\n<\/div>\n<p> <!-- .alt-side-content-wrapper --> <\/div>\n<p> <!-- .alt-side-content-container --><\/p>\n<div class=\"alt-side-image-container\">\n<div class=\"alt-side-image-wrapper\">\n<img decoding=\"async\" src=\"https:\/\/www.canadahelps.org\/media\/20201207_full-embed-form-on-ipad-FR-01.png\" alt=\"\" \/>\n<\/div>\n<\/div>\n<\/div>\n<p> <!-- .tdc-charities-alt-row-outer --><\/p>\n<div class=\"tdc-charities-alt-row-outer alt-row-even\" style=\"margin: 30px auto;\"><!-- IMAGE ON LEFT--><\/p>\n<div class=\"alt-side-image-container\">\n<div class=\"alt-side-image-wrapper\">\n<img decoding=\"async\" src=\"https:\/\/www.canadahelps.org\/media\/20201202_fr-p2p-mock-ipad.png\" alt=\"\" \/>\n<\/div>\n<\/div>\n<div class=\"alt-side-content-container\">\n<div class=\"alt-side-content-wrapper\">\n<div class=\"tdc-content-heading\" style=\"color: #4a4a4a;\">Campagnes sociales de crowdfunding et entre pairs\n<\/div>\n<div class=\"tdc-content-text\" style=\"color: #374252;\">C&#8217;est facile! Maintenant, tous les organismes de bienfaisance peuvent transformer leurs partisans en collecteurs de fonds accomplis. Obtenez l&#8217;avantage de deux solutions puissantes en une: op\u00e9rez vos courses, promenades et \u00abthons\u00bb caritatifs; de plus, profitez des collectes de fonds de tiers pour soutenir votre organisme de bienfaisance.<\/p>\n<ul>\n<li>Prenez le plein contr\u00f4le: de nombreuses options pour l&#8217;image de marque, les conditions d&#8217;inscription et la gestion d&#8217;\u00e9quipe sont simples \u00e0 utiliser.<\/li>\n<li>Assurez une participation et un engagement maximum: comprend une inscription simple des participants, un partage social int\u00e9gr\u00e9, des outils de courrier \u00e9lectronique, des thermom\u00e8tres de collecte de fonds, des murs de soutien et plus encore.<\/li>\n<li>Am\u00e9liorez vos r\u00e9sultats avec des outils de gestion et de rapports robustes.<\/li>\n<\/ul>\n<\/div>\n<p>&nbsp;<\/p>\n<div class=\"tdc-content-button-wrapper\"><a href=\"https:\/\/www.canadahelps.org\/fr\/charityupgrade\/p2p\" class=\"btn-dwn\" target=\"_blank\" rel=\"noopener noreferrer\">Mise&nbsp;\u00e0&nbsp;jour<\/a><\/div>\n<\/div>\n<p> <!-- .alt-side-content-wrapper --> <\/div>\n<p> <!-- .alt-side-content-container --> <\/div>\n<p> <!-- .tdc-charities-alt-row-outer --><\/p>\n<div class=\"rc-blue-banner\">\n<div>Pas de frais initiaux. Pas de minimum mensuel. N&#8217;utilisez que ce dont vous avez besoin.<br \/>\n<span style=\"font-size:14px\">Qu\u2019un seul bas frais de transaction de 2,0 \u00e0 5,5% (selon le service), y compris tous les frais de carte de cr\u00e9dit.<\/span><\/div>\n<div>\n<a href=\"https:\/\/www.canadahelps.org\/fr\/bienvenue-reservez-un-demo\/\" class=\"btn-gray\" target=\"_blank\" rel=\"noopener noreferrer\">R\u00e9server un d\u00e9mo<\/a><\/div>\n<\/div>\n<\/div>\n<div class=\"tdc-charities-alt-row-outer alt-row-odd\" style=\"margin: 30px auto;\"><!-- IMAGE ON RIGHT--><\/p>\n<div class=\"alt-side-content-container\">\n<div class=\"alt-side-content-wrapper\">\n<div class=\"tdc-content-heading\" style=\"color: #4a4a4a;\">\u00c9v\u00e9nements \u00e0 billets<\/div>\n<div class=\"tdc-content-text\" style=\"color: #374252;\">\n<p>    Tout ce dont votre organisme de bienfaisance a besoin, plus le fractionnement des re\u00e7us, en un seul endroit.<\/p>\n<ul>\n<li>Gagnez du temps et de l&#8217;argent &#8211; organisez des \u00e9v\u00e9nements caritatifs gratuits et payants en toute simplicit\u00e9.<\/li>\n<li>Recueillez davantage gr\u00e2ce aux fonctionnalit\u00e9s int\u00e9gr\u00e9es : vente de billets en ligne, plusieurs types de billets, option fractionnement des re\u00e7us, etc.<\/li>\n<li>B\u00e9n\u00e9ficiez de rapports de ventes en temps r\u00e9el, de rappels automatis\u00e9s d&#8217;\u00e9v\u00e9nements, d&#8217;enregistrement des participants \u00e0 l&#8217;\u00e9v\u00e9nement, de re\u00e7us d&#8217;imp\u00f4ts automatis\u00e9s et plus encore.<\/li>\n<li>Rejoignez un plus grand nombre de sympathisants, vendez plus de billets, et augmentez les r\u00e9sultats de vos collectes de fonds.<\/li>\n<\/ul><\/div>\n<p>    &nbsp;<\/p>\n<div class=\"tdc-content-button-wrapper\"><a href=\"https:\/\/www.canadahelps.org\/fr\/charityupgrade\/events\" class=\"btn-dwn\" target=\"_blank\" rel=\"noopener noreferrer\">Mise \u00e0 jour<\/a><\/div>\n<\/p><\/div>\n<p> <!-- .alt-side-content-wrapper --> <\/div>\n<p> <!-- .alt-side-content-container --><\/p>\n<div class=\"alt-side-image-container\">\n<div class=\"alt-side-image-wrapper\">\n    <img decoding=\"async\" src=\"https:\/\/www.canadahelps.org\/media\/evenements-a-billets.tdc_alt_content_rows.1.tdc_alt_content_image.1-1.png\" alt=\"\" \/>\n    <\/div>\n<\/div>\n<\/div>\n<p> <!-- .tdc-charities-alt-row-outer --><\/p>\n<div class=\"tdc-charities-alt-row-outer alt-row-even\" style=\"margin: 30px auto;\"><!-- IMAGE ON LEFT--><\/p>\n<div class=\"alt-side-image-container\">\n<div class=\"alt-side-image-wrapper\">\n    <img decoding=\"async\" src=\"https:\/\/www.canadahelps.org\/media\/evenements-a-billets.tdc_alt_content_rows.4.tdc_alt_content_image.1-1.png\" alt=\"\" \/>\n    <\/div>\n<\/p><\/div>\n<div class=\"alt-side-content-container\">\n<div class=\"alt-side-content-wrapper\">\n<div class=\"tdc-content-heading\" style=\"color: #4a4a4a;\">Gestion des donateurs et des rapports<\/div>\n<div class=\"tdc-content-text\" style=\"color: #374252;\">Fid\u00e9lisez vos donateurs tout au long de leur parcours.<\/p>\n<ul>\n<li>Acc\u00e9dez en tout temps aux informations compl\u00e8tes sur les donateurs et aux rapports personnalis\u00e9s.<\/li>\n<li>Importez facilement vos donn\u00e9es sur les dons par l\u2019entremise de CanaDon dans votre outil de gestion (CRM).<\/li>\n<\/ul><\/div>\n<p>    &nbsp;<\/p>\n<div class=\"tdc-content-button-wrapper\"><a href=\"https:\/\/www.canadahelps.org\/fr\/charityupgrade\/cdf\" class=\"btn-dwn\" target=\"_blank\" rel=\"noopener noreferrer\">Mise \u00e0 jour<\/a><\/div>\n<\/p><\/div>\n<p> <!-- .alt-side-content-wrapper --> <\/div>\n<p> <!-- .alt-side-content-container --> <\/div>\n<p> <!-- .tdc-charities-alt-row-outer --><\/p>\n<div class=\"request-demo-container\" style=\"max-width: 1280px; width: 100%; background-image: url(https:\/\/www.canadahelps.org\/media\/online-fundraising.tdc_demo_tile_bgimage.png); background-size: auto 150px; background-position: left bottom; background-repeat: no-repeat;\">\n<div class=\"request-demo-wrapper tdc-content-container\">\n<div class=\"request-demo-heading tdc-content-heading\">Lancez vos collectes de fonds avec assurance<\/div>\n<div class=\"request-demo-text tdc-content-text\">Nos outils tout-en-un pour la collecte de fonds aideront votre organisme \u00e0 recueillir plus d\u2019argent et \u00e0 travailler de mani\u00e8re plus efficiente. Vous aurez ainsi plus de temps et d\u2019argent afin de r\u00e9aliser votre mission.<\/div>\n<div class=\"request-demo-controls\">\n<a href=\"https:\/\/www.canadahelps.org\/fr\/charityupgrade\/cdf\" class=\"default-btn\" target=\"_blank\" rel=\"noopener noreferrer\">Commencez maintenant<\/a> <a href=\"https:\/\/www.canadahelps.org\/fr\/bienvenue-reservez-un-demo\/\" class=\"secondary-btn\" target=\"_blank\" rel=\"noopener noreferrer\">R\u00e9server un d\u00e9mo<\/a><\/div>\n<\/div>\n<\/div>\n","protected":false},"excerpt":{"rendered":"<p>Collectez plus pour votre organisme de bienfaisance Augmentez vos dons et gagnez du temps gr\u00e2ce \u00e0 nos formulaires de don personnalisables efficaces et faciles \u00e0 &#8230; <a href=\"https:\/\/www.canadahelps.org\/fr\/mettre-a-jour-votre-compte\/\" id=\"canadahelp-blog-meta\">Voir plus<\/a><\/p>\n","protected":false},"author":30,"featured_media":0,"parent":0,"menu_order":0,"comment_status":"closed","ping_status":"closed","template":"template-fullwidth-page.php","meta":{"footnotes":""},"class_list":["post-37390","page","type-page","status-publish","hentry"],"acf":{"meta_description":"","use_toc_layout":false,"additional_body_css_classes":"","row_settings":false,"hide_page_title":false,"insert_spotlight_boxes":false,"use_biography_grid":false},"yoast_head":"<!-- This site is optimized with the Yoast SEO plugin v26.0 - https:\/\/yoast.com\/wordpress\/plugins\/seo\/ -->\n<title>Mettre a jour votre compte | CanaDon - Faites des dons \u00e0 un organisme de bienfaisance au Canada<\/title>\n<meta name=\"robots\" content=\"index, follow, max-snippet:-1, max-image-preview:large, max-video-preview:-1\" \/>\n<link rel=\"canonical\" href=\"https:\/\/www.canadahelps.org\/fr\/mettre-a-jour-votre-compte\/\" \/>\n<meta property=\"og:locale\" content=\"fr_FR\" \/>\n<meta property=\"og:type\" content=\"article\" \/>\n<meta property=\"og:title\" content=\"Mettre a jour votre compte | CanaDon - Faites des dons \u00e0 un organisme de bienfaisance au Canada\" \/>\n<meta property=\"og:description\" content=\"Collectez plus pour votre organisme de bienfaisance Augmentez vos dons et gagnez du temps gr\u00e2ce \u00e0 nos formulaires de don personnalisables efficaces et faciles \u00e0 ... Voir plus\" \/>\n<meta property=\"og:url\" content=\"https:\/\/www.canadahelps.org\/fr\/mettre-a-jour-votre-compte\/\" \/>\n<meta property=\"og:site_name\" content=\"CanaDon - Faites des dons \u00e0 un organisme de bienfaisance au Canada\" \/>\n<meta property=\"article:modified_time\" content=\"2020-12-08T21:05:41+00:00\" \/>\n<meta property=\"og:image\" content=\"https:\/\/www.canadahelps.org\/media\/20201207_full-embed-form-on-ipad-FR-01.png\" \/>\n<meta name=\"twitter:card\" content=\"summary_large_image\" \/>\n<meta name=\"twitter:label1\" content=\"Est. reading time\" \/>\n\t<meta name=\"twitter:data1\" content=\"3 minutes\" \/>\n<script type=\"application\/ld+json\" class=\"yoast-schema-graph\">{\"@context\":\"https:\/\/schema.org\",\"@graph\":[{\"@type\":\"WebPage\",\"@id\":\"https:\/\/www.canadahelps.org\/fr\/mettre-a-jour-votre-compte\/\",\"url\":\"https:\/\/www.canadahelps.org\/fr\/mettre-a-jour-votre-compte\/\",\"name\":\"Mettre a jour votre compte | CanaDon - Faites des dons \u00e0 un organisme de bienfaisance au Canada\",\"isPartOf\":{\"@id\":\"https:\/\/www.canadahelps.org\/fr\/#website\"},\"primaryImageOfPage\":{\"@id\":\"https:\/\/www.canadahelps.org\/fr\/mettre-a-jour-votre-compte\/#primaryimage\"},\"image\":{\"@id\":\"https:\/\/www.canadahelps.org\/fr\/mettre-a-jour-votre-compte\/#primaryimage\"},\"thumbnailUrl\":\"https:\/\/www.canadahelps.org\/media\/20201207_full-embed-form-on-ipad-FR-01.png\",\"datePublished\":\"2020-11-27T13:52:12+00:00\",\"dateModified\":\"2020-12-08T21:05:41+00:00\",\"breadcrumb\":{\"@id\":\"https:\/\/www.canadahelps.org\/fr\/mettre-a-jour-votre-compte\/#breadcrumb\"},\"inLanguage\":\"fr\",\"potentialAction\":[{\"@type\":\"ReadAction\",\"target\":[\"https:\/\/www.canadahelps.org\/fr\/mettre-a-jour-votre-compte\/\"]}]},{\"@type\":\"ImageObject\",\"inLanguage\":\"fr\",\"@id\":\"https:\/\/www.canadahelps.org\/fr\/mettre-a-jour-votre-compte\/#primaryimage\",\"url\":\"https:\/\/www.canadahelps.org\/media\/20201207_full-embed-form-on-ipad-FR-01.png\",\"contentUrl\":\"https:\/\/www.canadahelps.org\/media\/20201207_full-embed-form-on-ipad-FR-01.png\"},{\"@type\":\"BreadcrumbList\",\"@id\":\"https:\/\/www.canadahelps.org\/fr\/mettre-a-jour-votre-compte\/#breadcrumb\",\"itemListElement\":[{\"@type\":\"ListItem\",\"position\":1,\"name\":\"Home\",\"item\":\"https:\/\/www.canadahelps.org\/fr\/\"},{\"@type\":\"ListItem\",\"position\":2,\"name\":\"Mettre a jour votre compte\"}]},{\"@type\":\"WebSite\",\"@id\":\"https:\/\/www.canadahelps.org\/fr\/#website\",\"url\":\"https:\/\/www.canadahelps.org\/fr\/\",\"name\":\"CanadaHelps - Donate to any charity in Canada\",\"description\":\"Le don en toute simplicit\u00e9\",\"publisher\":{\"@id\":\"https:\/\/www.canadahelps.org\/fr\/#organization\"},\"potentialAction\":[{\"@type\":\"SearchAction\",\"target\":{\"@type\":\"EntryPoint\",\"urlTemplate\":\"https:\/\/www.canadahelps.org\/fr\/?s={search_term_string}\"},\"query-input\":{\"@type\":\"PropertyValueSpecification\",\"valueRequired\":true,\"valueName\":\"search_term_string\"}}],\"inLanguage\":\"fr\"},{\"@type\":\"Organization\",\"@id\":\"https:\/\/www.canadahelps.org\/fr\/#organization\",\"name\":\"CanadaHelps\",\"url\":\"https:\/\/www.canadahelps.org\/fr\/\",\"logo\":{\"@type\":\"ImageObject\",\"inLanguage\":\"fr\",\"@id\":\"https:\/\/www.canadahelps.org\/fr\/#\/schema\/logo\/image\/\",\"url\":\"https:\/\/www.canadahelps.org\/media\/canadahelps-en.jpg\",\"contentUrl\":\"https:\/\/www.canadahelps.org\/media\/canadahelps-en.jpg\",\"width\":131,\"height\":72,\"caption\":\"CanadaHelps\"},\"image\":{\"@id\":\"https:\/\/www.canadahelps.org\/fr\/#\/schema\/logo\/image\/\"}}]}<\/script>\n<!-- \/ Yoast SEO plugin. -->","yoast_head_json":{"title":"Mettre a jour votre compte | CanaDon - Faites des dons \u00e0 un organisme de bienfaisance au Canada","robots":{"index":"index","follow":"follow","max-snippet":"max-snippet:-1","max-image-preview":"max-image-preview:large","max-video-preview":"max-video-preview:-1"},"canonical":"https:\/\/www.canadahelps.org\/fr\/mettre-a-jour-votre-compte\/","og_locale":"fr_FR","og_type":"article","og_title":"Mettre a jour votre compte | CanaDon - Faites des dons \u00e0 un organisme de bienfaisance au Canada","og_description":"Collectez plus pour votre organisme de bienfaisance Augmentez vos dons et gagnez du temps gr\u00e2ce \u00e0 nos formulaires de don personnalisables efficaces et faciles \u00e0 ... Voir plus","og_url":"https:\/\/www.canadahelps.org\/fr\/mettre-a-jour-votre-compte\/","og_site_name":"CanaDon - Faites des dons \u00e0 un organisme de bienfaisance au Canada","article_modified_time":"2020-12-08T21:05:41+00:00","og_image":[{"url":"https:\/\/www.canadahelps.org\/media\/20201207_full-embed-form-on-ipad-FR-01.png","type":"","width":"","height":""}],"twitter_card":"summary_large_image","twitter_misc":{"Est. reading time":"3 minutes"},"schema":{"@context":"https:\/\/schema.org","@graph":[{"@type":"WebPage","@id":"https:\/\/www.canadahelps.org\/fr\/mettre-a-jour-votre-compte\/","url":"https:\/\/www.canadahelps.org\/fr\/mettre-a-jour-votre-compte\/","name":"Mettre a jour votre compte | CanaDon - Faites des dons \u00e0 un organisme de bienfaisance au Canada","isPartOf":{"@id":"https:\/\/www.canadahelps.org\/fr\/#website"},"primaryImageOfPage":{"@id":"https:\/\/www.canadahelps.org\/fr\/mettre-a-jour-votre-compte\/#primaryimage"},"image":{"@id":"https:\/\/www.canadahelps.org\/fr\/mettre-a-jour-votre-compte\/#primaryimage"},"thumbnailUrl":"https:\/\/www.canadahelps.org\/media\/20201207_full-embed-form-on-ipad-FR-01.png","datePublished":"2020-11-27T13:52:12+00:00","dateModified":"2020-12-08T21:05:41+00:00","breadcrumb":{"@id":"https:\/\/www.canadahelps.org\/fr\/mettre-a-jour-votre-compte\/#breadcrumb"},"inLanguage":"fr","potentialAction":[{"@type":"ReadAction","target":["https:\/\/www.canadahelps.org\/fr\/mettre-a-jour-votre-compte\/"]}]},{"@type":"ImageObject","inLanguage":"fr","@id":"https:\/\/www.canadahelps.org\/fr\/mettre-a-jour-votre-compte\/#primaryimage","url":"https:\/\/www.canadahelps.org\/media\/20201207_full-embed-form-on-ipad-FR-01.png","contentUrl":"https:\/\/www.canadahelps.org\/media\/20201207_full-embed-form-on-ipad-FR-01.png"},{"@type":"BreadcrumbList","@id":"https:\/\/www.canadahelps.org\/fr\/mettre-a-jour-votre-compte\/#breadcrumb","itemListElement":[{"@type":"ListItem","position":1,"name":"Home","item":"https:\/\/www.canadahelps.org\/fr\/"},{"@type":"ListItem","position":2,"name":"Mettre a jour votre compte"}]},{"@type":"WebSite","@id":"https:\/\/www.canadahelps.org\/fr\/#website","url":"https:\/\/www.canadahelps.org\/fr\/","name":"CanadaHelps - Donate to any charity in Canada","description":"Le don en toute simplicit\u00e9","publisher":{"@id":"https:\/\/www.canadahelps.org\/fr\/#organization"},"potentialAction":[{"@type":"SearchAction","target":{"@type":"EntryPoint","urlTemplate":"https:\/\/www.canadahelps.org\/fr\/?s={search_term_string}"},"query-input":{"@type":"PropertyValueSpecification","valueRequired":true,"valueName":"search_term_string"}}],"inLanguage":"fr"},{"@type":"Organization","@id":"https:\/\/www.canadahelps.org\/fr\/#organization","name":"CanadaHelps","url":"https:\/\/www.canadahelps.org\/fr\/","logo":{"@type":"ImageObject","inLanguage":"fr","@id":"https:\/\/www.canadahelps.org\/fr\/#\/schema\/logo\/image\/","url":"https:\/\/www.canadahelps.org\/media\/canadahelps-en.jpg","contentUrl":"https:\/\/www.canadahelps.org\/media\/canadahelps-en.jpg","width":131,"height":72,"caption":"CanadaHelps"},"image":{"@id":"https:\/\/www.canadahelps.org\/fr\/#\/schema\/logo\/image\/"}}]}},"_links":{"self":[{"href":"https:\/\/www.canadahelps.org\/fr\/wp-json\/wp\/v2\/pages\/37390","targetHints":{"allow":["GET"]}}],"collection":[{"href":"https:\/\/www.canadahelps.org\/fr\/wp-json\/wp\/v2\/pages"}],"about":[{"href":"https:\/\/www.canadahelps.org\/fr\/wp-json\/wp\/v2\/types\/page"}],"author":[{"embeddable":true,"href":"https:\/\/www.canadahelps.org\/fr\/wp-json\/wp\/v2\/users\/30"}],"replies":[{"embeddable":true,"href":"https:\/\/www.canadahelps.org\/fr\/wp-json\/wp\/v2\/comments?post=37390"}],"version-history":[{"count":6,"href":"https:\/\/www.canadahelps.org\/fr\/wp-json\/wp\/v2\/pages\/37390\/revisions"}],"predecessor-version":[{"id":37626,"href":"https:\/\/www.canadahelps.org\/fr\/wp-json\/wp\/v2\/pages\/37390\/revisions\/37626"}],"wp:attachment":[{"href":"https:\/\/www.canadahelps.org\/fr\/wp-json\/wp\/v2\/media?parent=37390"}],"curies":[{"name":"wp","href":"https:\/\/api.w.org\/{rel}","templated":true}]}}