{"id":38612,"date":"2019-05-06T13:19:34","date_gmt":"2019-05-06T17:19:34","guid":{"rendered":"https:\/\/www.canadahelps.org\/?page_id=38612"},"modified":"2021-01-25T10:53:13","modified_gmt":"2021-01-25T15:53:13","slug":"faites-un-don-a-des-organismes-de-bienfaisance-en-sante-mentale","status":"publish","type":"page","link":"https:\/\/www.canadahelps.org\/fr\/faites-un-don-a-des-organismes-de-bienfaisance-en-sante-mentale\/","title":{"rendered":"Faites un don \u00e0 des organismes de bienfaisance en sant\u00e9 mentale"},"content":{"rendered":"<p>R\u00e9f\u00e9rences: 1. <a href=\"https:\/\/cmha.ca\/fr\/news\/le-desespoir-et-les-pensees-suicidaires-samplifient-a-mesure-que-progresse-la-pandemie\" target=\"_blank\" rel=\"noopener noreferrer\">Le d\u00e9sespoir et les pens\u00e9es suicidaires s\u2019amplifient \u00e0 mesure que progresse la pand\u00e9mie, ACSM<\/a><\/p>\n","protected":false},"excerpt":{"rendered":"<p>R\u00e9f\u00e9rences: 1. Le d\u00e9sespoir et les pens\u00e9es suicidaires s\u2019amplifient \u00e0 mesure que progresse la pand\u00e9mie, ACSM<\/p>\n","protected":false},"author":30,"featured_media":0,"parent":0,"menu_order":0,"comment_status":"closed","ping_status":"closed","template":"template-merchandise-page.php","meta":{"footnotes":""},"class_list":["post-38612","page","type-page","status-publish","hentry"],"acf":{"meta_description":"","use_toc_layout":false,"additional_body_css_classes":"","hide_page_title":false,"min_banner_height":"280","header_title":"<p>Aidez \u00e0 am\u00e9liorer la sant\u00e9 mentale partout au Canada<\/p>\n","explanatory_text":"<p>L&#8217;incertitude et le traumatisme de la COVID-19 ont conduit \u00e0 une d\u00e9pression et \u00e0 une anxi\u00e9t\u00e9 accrues pour beaucoup. Apr\u00e8s six mois de pand\u00e9mie, 1 Canadien sur 10 a d\u00e9clar\u00e9 avoir r\u00e9cemment eu des pens\u00e9es ou des sentiments de suicide, en plus de 40% des Canadiens qui ont signal\u00e9 une d\u00e9t\u00e9rioration de leur sant\u00e9 mentale. Les organismes de bienfaisance canadiens sont en premi\u00e8re ligne pour offrir des services de counseling, de traitement, de recherche, de promotion de la sant\u00e9 mentale et d&#8217;\u00e9ducation en sant\u00e9 mentale au nom des personnes atteintes de maladie mentale. Vous pouvez faire une diff\u00e9rence en finan\u00e7ant des travaux essentiels pour vous assurer que ceux qui ont besoin d&#8217;aide peuvent acc\u00e9der au soutien dont ils ont besoin. Parcourez les organismes de bienfaisance en sant\u00e9 mentale auxquels vous pouvez faire un don et aidez \u00e0 am\u00e9liorer la sant\u00e9 mentale partout au Canada d\u00e8s aujourd&#8217;hui!<\/p>\n","button_text":"","button_link":"","row_settings":[{"row_header":"Soutenez des organismes de bienfaisance qui financent la recherche en sant\u00e9 mentale qui change des vies!","row_link_text":"","row_link_url":"","trigger_masonry_layout":true,"text_before_row":"","text_after_row":"","text_after_row_header":"","card_settings":[{"card_name":"Mental Health Research Canada","card_type":"charity","id":"113445","display_categories":true,"display_image":true,"display_address":true,"display_summary":true,"display_campaign_types":true,"display_progress":true,"link_or_button":"button","card_link_text":"FAITES UN DON MAINTENANT"},{"card_name":"MOOD DISORDERS SOCIETY OF CANADA ","card_type":"charity","id":"78513","display_categories":true,"display_image":true,"display_address":true,"display_summary":true,"display_campaign_types":true,"display_progress":true,"link_or_button":"button","card_link_text":"FAITES UN DON MAINTENANT"},{"card_name":"Brain Canada Foundation","card_type":"charity","id":"68649","display_categories":true,"display_image":true,"display_address":true,"display_summary":true,"display_campaign_types":true,"display_progress":true,"link_or_button":"button","card_link_text":"FAITES UN DON MAINTENANT"}]},{"row_header":"Soutenez des organismes de bienfaisance qui aident les enfants et les jeunes aux prises avec une maladie mentale!","row_link_text":"","row_link_url":"","trigger_masonry_layout":true,"text_before_row":"","text_after_row":"","text_after_row_header":"","card_settings":[{"card_name":"PEEL CHILDREN'S CENTRE","card_type":"charity","id":"25374","display_categories":true,"display_image":true,"display_address":true,"display_summary":true,"display_campaign_types":true,"display_progress":true,"link_or_button":"button","card_link_text":"FAITES UN DON MAINTENANT"},{"card_name":"Wood\u2019s Homes","card_type":"charity","id":"71036","display_categories":true,"display_image":true,"display_address":true,"display_summary":true,"display_campaign_types":true,"display_progress":true,"link_or_button":"button","card_link_text":"FAITES UN DON MAINTENANT"},{"card_name":"Jack.org","card_type":"charity","id":"107602","display_categories":true,"display_image":true,"display_address":true,"display_summary":true,"display_campaign_types":true,"display_progress":true,"link_or_button":"button","card_link_text":"FAITES UN DON MAINTENANT"},{"card_name":"Kids Help Phone","card_type":"charity","id":"78352","display_categories":true,"display_image":true,"display_address":true,"display_summary":true,"display_campaign_types":true,"display_progress":true,"link_or_button":"button","card_link_text":"FAITES UN DON MAINTENANT"},{"card_name":"The Sandbox Project","card_type":"charity","id":"103561","display_categories":true,"display_image":true,"display_address":true,"display_summary":true,"display_campaign_types":true,"display_progress":true,"link_or_button":"button","card_link_text":"FAITES UN DON MAINTENANT"}]},{"row_header":"Soutenez des organismes de bienfaisance en am\u00e9liorant l'acc\u00e8s aux ressources de counseling et de sant\u00e9 mentale!","row_link_text":"","row_link_url":"","trigger_masonry_layout":true,"text_before_row":"","text_after_row":"","text_after_row_header":"","card_settings":[{"card_name":"Eating Disorders Foundation of Canada","card_type":"charity","id":"75264","display_categories":true,"display_image":true,"display_address":true,"display_summary":true,"display_campaign_types":true,"display_progress":true,"link_or_button":"button","card_link_text":"FAITES UN DON MAINTENANT"},{"card_name":"Mood Disorders Society of Canada","card_type":"charity","id":"78513","display_categories":true,"display_image":true,"display_address":true,"display_summary":true,"display_campaign_types":true,"display_progress":true,"link_or_button":"button","card_link_text":"FAITES UN DON MAINTENANT"},{"card_name":"Crisis Services Canada","card_type":"charity","id":"117810","display_categories":true,"display_image":true,"display_address":true,"display_summary":true,"display_campaign_types":true,"display_progress":true,"link_or_button":"button","card_link_text":"FAITES UN DON MAINTENANT"},{"card_name":"Chimo Helpline","card_type":"charity","id":"16063","display_categories":true,"display_image":true,"display_address":true,"display_summary":true,"display_campaign_types":true,"display_progress":true,"link_or_button":"button","card_link_text":"FAITES UN DON MAINTENANT"}]},{"row_header":"Aidez \u00e0 am\u00e9liorer la sensibilisation \u00e0 la sant\u00e9 mentale au Canada et \u00e0 d\u00e9stigmatiser la maladie mentale!","row_link_text":"","row_link_url":"","trigger_masonry_layout":true,"text_before_row":"","text_after_row":"<p><a href=\"https:\/\/www.canadahelps.org\/fr\/explore\/charities\/category\/health\/sub-category\/mental-health\/\"><strong>Parcourir d&#8217;autres organismes de bienfaisance en sant\u00e9 mentale &gt;&gt;<\/strong><\/a><\/p>\n","text_after_row_header":"","card_settings":[{"card_name":"Canadian Association for Suicide Prevention","card_type":"charity","id":"14994","display_categories":true,"display_image":true,"display_address":true,"display_summary":true,"display_campaign_types":true,"display_progress":true,"link_or_button":"button","card_link_text":"FAITES UN DON MAINTENANT"}]}],"insert_spotlight_boxes":false,"use_biography_grid":false},"yoast_head":"<!-- This site is optimized with the Yoast SEO plugin v26.0 - https:\/\/yoast.com\/wordpress\/plugins\/seo\/ -->\n<title>Faites un don \u00e0 des organismes de bienfaisance en sant\u00e9 mentale | CanadaHelps - Donate to any charity in Canada<\/title>\n<meta name=\"robots\" content=\"index, follow, max-snippet:-1, max-image-preview:large, max-video-preview:-1\" \/>\n<link rel=\"canonical\" href=\"https:\/\/www.canadahelps.org\/fr\/faites-un-don-a-des-organismes-de-bienfaisance-en-sante-mentale\/\" \/>\n<meta property=\"og:locale\" content=\"fr_FR\" \/>\n<meta property=\"og:type\" content=\"article\" \/>\n<meta property=\"og:title\" content=\"Faites un don \u00e0 des organismes de bienfaisance en sant\u00e9 mentale | CanadaHelps - Donate to any charity in Canada\" \/>\n<meta property=\"og:description\" content=\"R\u00e9f\u00e9rences: 1. Le d\u00e9sespoir et les pens\u00e9es suicidaires s\u2019amplifient \u00e0 mesure que progresse la pand\u00e9mie, ACSM\" \/>\n<meta property=\"og:url\" content=\"https:\/\/www.canadahelps.org\/fr\/faites-un-don-a-des-organismes-de-bienfaisance-en-sante-mentale\/\" \/>\n<meta property=\"og:site_name\" content=\"CanadaHelps - Donate to any charity in Canada\" \/>\n<meta property=\"article:modified_time\" content=\"2021-01-25T15:53:13+00:00\" \/>\n<meta name=\"twitter:card\" content=\"summary_large_image\" \/>\n<script type=\"application\/ld+json\" class=\"yoast-schema-graph\">{\"@context\":\"https:\/\/schema.org\",\"@graph\":[{\"@type\":\"WebPage\",\"@id\":\"https:\/\/www.canadahelps.org\/fr\/faites-un-don-a-des-organismes-de-bienfaisance-en-sante-mentale\/\",\"url\":\"https:\/\/www.canadahelps.org\/fr\/faites-un-don-a-des-organismes-de-bienfaisance-en-sante-mentale\/\",\"name\":\"Faites un don \u00e0 des organismes de bienfaisance en sant\u00e9 mentale | CanadaHelps - Donate to any charity in Canada\",\"isPartOf\":{\"@id\":\"https:\/\/www.canadahelps.org\/fr\/#website\"},\"datePublished\":\"2019-05-06T17:19:34+00:00\",\"dateModified\":\"2021-01-25T15:53:13+00:00\",\"breadcrumb\":{\"@id\":\"https:\/\/www.canadahelps.org\/fr\/faites-un-don-a-des-organismes-de-bienfaisance-en-sante-mentale\/#breadcrumb\"},\"inLanguage\":\"fr\",\"potentialAction\":[{\"@type\":\"ReadAction\",\"target\":[\"https:\/\/www.canadahelps.org\/fr\/faites-un-don-a-des-organismes-de-bienfaisance-en-sante-mentale\/\"]}]},{\"@type\":\"BreadcrumbList\",\"@id\":\"https:\/\/www.canadahelps.org\/fr\/faites-un-don-a-des-organismes-de-bienfaisance-en-sante-mentale\/#breadcrumb\",\"itemListElement\":[{\"@type\":\"ListItem\",\"position\":1,\"name\":\"Home\",\"item\":\"https:\/\/www.canadahelps.org\/fr\/\"},{\"@type\":\"ListItem\",\"position\":2,\"name\":\"Faites un don \u00e0 des organismes de bienfaisance en sant\u00e9 mentale\"}]},{\"@type\":\"WebSite\",\"@id\":\"https:\/\/www.canadahelps.org\/fr\/#website\",\"url\":\"https:\/\/www.canadahelps.org\/fr\/\",\"name\":\"CanadaHelps - Donate to any charity in Canada\",\"description\":\"Giving Made Simple\",\"publisher\":{\"@id\":\"https:\/\/www.canadahelps.org\/fr\/#organization\"},\"potentialAction\":[{\"@type\":\"SearchAction\",\"target\":{\"@type\":\"EntryPoint\",\"urlTemplate\":\"https:\/\/www.canadahelps.org\/fr\/?s={search_term_string}\"},\"query-input\":{\"@type\":\"PropertyValueSpecification\",\"valueRequired\":true,\"valueName\":\"search_term_string\"}}],\"inLanguage\":\"fr\"},{\"@type\":\"Organization\",\"@id\":\"https:\/\/www.canadahelps.org\/fr\/#organization\",\"name\":\"CanadaHelps\",\"url\":\"https:\/\/www.canadahelps.org\/fr\/\",\"logo\":{\"@type\":\"ImageObject\",\"inLanguage\":\"fr\",\"@id\":\"https:\/\/www.canadahelps.org\/fr\/#\/schema\/logo\/image\/\",\"url\":\"https:\/\/www.canadahelps.org\/media\/canadahelps-en.jpg\",\"contentUrl\":\"https:\/\/www.canadahelps.org\/media\/canadahelps-en.jpg\",\"width\":131,\"height\":72,\"caption\":\"CanadaHelps\"},\"image\":{\"@id\":\"https:\/\/www.canadahelps.org\/fr\/#\/schema\/logo\/image\/\"}}]}<\/script>\n<!-- \/ Yoast SEO plugin. -->","yoast_head_json":{"title":"Faites un don \u00e0 des organismes de bienfaisance en sant\u00e9 mentale | CanadaHelps - Donate to any charity in Canada","robots":{"index":"index","follow":"follow","max-snippet":"max-snippet:-1","max-image-preview":"max-image-preview:large","max-video-preview":"max-video-preview:-1"},"canonical":"https:\/\/www.canadahelps.org\/fr\/faites-un-don-a-des-organismes-de-bienfaisance-en-sante-mentale\/","og_locale":"fr_FR","og_type":"article","og_title":"Faites un don \u00e0 des organismes de bienfaisance en sant\u00e9 mentale | CanadaHelps - Donate to any charity in Canada","og_description":"R\u00e9f\u00e9rences: 1. Le d\u00e9sespoir et les pens\u00e9es suicidaires s\u2019amplifient \u00e0 mesure que progresse la pand\u00e9mie, ACSM","og_url":"https:\/\/www.canadahelps.org\/fr\/faites-un-don-a-des-organismes-de-bienfaisance-en-sante-mentale\/","og_site_name":"CanadaHelps - Donate to any charity in Canada","article_modified_time":"2021-01-25T15:53:13+00:00","twitter_card":"summary_large_image","schema":{"@context":"https:\/\/schema.org","@graph":[{"@type":"WebPage","@id":"https:\/\/www.canadahelps.org\/fr\/faites-un-don-a-des-organismes-de-bienfaisance-en-sante-mentale\/","url":"https:\/\/www.canadahelps.org\/fr\/faites-un-don-a-des-organismes-de-bienfaisance-en-sante-mentale\/","name":"Faites un don \u00e0 des organismes de bienfaisance en sant\u00e9 mentale | CanadaHelps - Donate to any charity in Canada","isPartOf":{"@id":"https:\/\/www.canadahelps.org\/fr\/#website"},"datePublished":"2019-05-06T17:19:34+00:00","dateModified":"2021-01-25T15:53:13+00:00","breadcrumb":{"@id":"https:\/\/www.canadahelps.org\/fr\/faites-un-don-a-des-organismes-de-bienfaisance-en-sante-mentale\/#breadcrumb"},"inLanguage":"fr","potentialAction":[{"@type":"ReadAction","target":["https:\/\/www.canadahelps.org\/fr\/faites-un-don-a-des-organismes-de-bienfaisance-en-sante-mentale\/"]}]},{"@type":"BreadcrumbList","@id":"https:\/\/www.canadahelps.org\/fr\/faites-un-don-a-des-organismes-de-bienfaisance-en-sante-mentale\/#breadcrumb","itemListElement":[{"@type":"ListItem","position":1,"name":"Home","item":"https:\/\/www.canadahelps.org\/fr\/"},{"@type":"ListItem","position":2,"name":"Faites un don \u00e0 des organismes de bienfaisance en sant\u00e9 mentale"}]},{"@type":"WebSite","@id":"https:\/\/www.canadahelps.org\/fr\/#website","url":"https:\/\/www.canadahelps.org\/fr\/","name":"CanadaHelps - Donate to any charity in Canada","description":"Giving Made Simple","publisher":{"@id":"https:\/\/www.canadahelps.org\/fr\/#organization"},"potentialAction":[{"@type":"SearchAction","target":{"@type":"EntryPoint","urlTemplate":"https:\/\/www.canadahelps.org\/fr\/?s={search_term_string}"},"query-input":{"@type":"PropertyValueSpecification","valueRequired":true,"valueName":"search_term_string"}}],"inLanguage":"fr"},{"@type":"Organization","@id":"https:\/\/www.canadahelps.org\/fr\/#organization","name":"CanadaHelps","url":"https:\/\/www.canadahelps.org\/fr\/","logo":{"@type":"ImageObject","inLanguage":"fr","@id":"https:\/\/www.canadahelps.org\/fr\/#\/schema\/logo\/image\/","url":"https:\/\/www.canadahelps.org\/media\/canadahelps-en.jpg","contentUrl":"https:\/\/www.canadahelps.org\/media\/canadahelps-en.jpg","width":131,"height":72,"caption":"CanadaHelps"},"image":{"@id":"https:\/\/www.canadahelps.org\/fr\/#\/schema\/logo\/image\/"}}]}},"_links":{"self":[{"href":"https:\/\/www.canadahelps.org\/fr\/wp-json\/wp\/v2\/pages\/38612","targetHints":{"allow":["GET"]}}],"collection":[{"href":"https:\/\/www.canadahelps.org\/fr\/wp-json\/wp\/v2\/pages"}],"about":[{"href":"https:\/\/www.canadahelps.org\/fr\/wp-json\/wp\/v2\/types\/page"}],"author":[{"embeddable":true,"href":"https:\/\/www.canadahelps.org\/fr\/wp-json\/wp\/v2\/users\/30"}],"replies":[{"embeddable":true,"href":"https:\/\/www.canadahelps.org\/fr\/wp-json\/wp\/v2\/comments?post=38612"}],"version-history":[{"count":9,"href":"https:\/\/www.canadahelps.org\/fr\/wp-json\/wp\/v2\/pages\/38612\/revisions"}],"predecessor-version":[{"id":38661,"href":"https:\/\/www.canadahelps.org\/fr\/wp-json\/wp\/v2\/pages\/38612\/revisions\/38661"}],"wp:attachment":[{"href":"https:\/\/www.canadahelps.org\/fr\/wp-json\/wp\/v2\/media?parent=38612"}],"curies":[{"name":"wp","href":"https:\/\/api.w.org\/{rel}","templated":true}]}}