{"id":39520,"date":"2021-03-01T11:18:16","date_gmt":"2021-03-01T16:18:16","guid":{"rendered":"https:\/\/www.canadahelps.org\/?page_id=39520"},"modified":"2021-03-10T18:46:26","modified_gmt":"2021-03-10T23:46:26","slug":"faites-un-don-aux-organismes-caritatifs-pour-les-femmes-au-canada","status":"publish","type":"page","link":"https:\/\/www.canadahelps.org\/fr\/faites-un-don-aux-organismes-caritatifs-pour-les-femmes-au-canada\/","title":{"rendered":"Faites un don aux organismes caritatifs pour les femmes au Canada"},"content":{"rendered":"<p>R\u00e9f\u00e9rences :<\/p>\n<ol>\n<li style=\"font-weight: 400;\" aria-level=\"1\"><a href=\"https:\/\/canadianwomen.org\/the-facts\/gender-based-violence\/\" target=\"_blank\" rel=\"noopener noreferrer\"><span style=\"font-weight: 400;\">The Facts about Gender-Based Violence, Canadian Women\u2019s Foundation<\/span><\/a><\/li>\n<li style=\"font-weight: 400;\" aria-level=\"1\"><a href=\"https:\/\/www.unwomen.org\/en\/news\/in-focus\/commission-on-the-status-of-women-2012\/facts-and-figures\" target=\"_blank\" rel=\"noopener noreferrer\"><span style=\"font-weight: 400;\">Facts &amp; Figures, UN Women<\/span><\/a><\/li>\n<li style=\"font-weight: 400;\" aria-level=\"1\"><a href=\"https:\/\/www.un.org\/en\/desa\/world%E2%80%99s-women-2020\" target=\"_blank\" rel=\"noopener noreferrer\"><span style=\"font-weight: 400;\">The World\u2019s Women 2020: Trends and Statistics, United Nations<\/span><\/a><\/li>\n<\/ol>\n","protected":false},"excerpt":{"rendered":"<p>R\u00e9f\u00e9rences : The Facts about Gender-Based Violence, Canadian Women\u2019s Foundation Facts &amp; Figures, UN Women The World\u2019s Women 2020: Trends and Statistics, United Nations<\/p>\n","protected":false},"author":7,"featured_media":0,"parent":0,"menu_order":0,"comment_status":"closed","ping_status":"closed","template":"template-merchandise-page.php","meta":{"footnotes":""},"class_list":["post-39520","page","type-page","status-publish","hentry"],"acf":{"meta_description":"","use_toc_layout":false,"additional_body_css_classes":"","hide_page_title":false,"min_banner_height":"280","header_title":"<p>Soutenez les femmes au Canada et dans le monde<\/p>\n","explanatory_text":"<p>Ces derni\u00e8res ann\u00e9es, des progr\u00e8s ont \u00e9t\u00e9 r\u00e9alis\u00e9s pour cr\u00e9er un monde \u00e9galitaire entre les sexes, mais il reste encore beaucoup \u00e0 faire! Tous les six jours au Canada, une femme est tu\u00e9e par son partenaire intime. \u00c0 l&#8217;\u00e9chelle mondiale, on estime que 60% des personnes sous-aliment\u00e9es sont des femmes et des filles. Seuls 28% des postes de direction sont occup\u00e9s par des femmes. Des organismes de bienfaisance canadiens travaillent d&#8217;arrache-pied pour mettre fin \u00e0 la violence faite aux femmes, soutenir des filles gr\u00e2ce \u00e0 des ressources qui changent des vies, \u00e9liminer les obstacles aux soins m\u00e9dicaux, r\u00e9duire la pauvret\u00e9, b\u00e2tir un leadership inclusif, et bien plus encore.<\/p>\n<p>Vous pouvez changer des vies et autonomiser des femmes! Faites un don \u00e0 organismes de bienfaisance pour les femmes au Canada et dans le monde aujourd&#8217;hui.<\/p>\n","button_text":"","button_link":"","row_settings":[{"row_header":"Aidez \u00e0 fournir de l'\u00e9ducation, de l'aide m\u00e9dicale vitale et plus encore aux femmes du monde entier!","row_link_text":"","row_link_url":"","trigger_masonry_layout":true,"text_before_row":"","text_after_row":"","text_after_row_header":"","card_settings":[{"card_name":"Foundation Senegal Sante Mobile","card_type":"charity","id":"99449","display_categories":true,"display_image":true,"display_address":true,"display_summary":true,"display_campaign_types":true,"display_progress":true,"link_or_button":"button","card_link_text":"FAITES UN DON"},{"card_name":"Her International","card_type":"charity","id":"89860","display_categories":true,"display_image":true,"display_address":true,"display_summary":true,"display_campaign_types":true,"display_progress":true,"link_or_button":"button","card_link_text":"FAITES UN DON"},{"card_name":"Canadian Women for Women in Afghanistan","card_type":"charity","id":"98160","display_categories":true,"display_image":true,"display_address":true,"display_summary":true,"display_campaign_types":true,"display_progress":true,"link_or_button":"button","card_link_text":"FAITES UN DON"}]},{"row_header":"Autonomisez des femmes partout au Canada gr\u00e2ce \u00e0 l'acc\u00e8s \u00e0 l'\u00e9ducation, aux programmes essentiels et aux services essentiels!","row_link_text":"","row_link_url":"","trigger_masonry_layout":true,"text_before_row":"","text_after_row":"","text_after_row_header":"","card_settings":[{"card_name":"SOCIETY FOR CANADIAN WOMEN IN SCIENCE AND TECHNOLOGY","card_type":"charity","id":"28253","display_categories":true,"display_image":true,"display_address":true,"display_summary":true,"display_campaign_types":true,"display_progress":true,"link_or_button":"button","card_link_text":"FAITES UN DON"},{"card_name":"YWCA Canada","card_type":"charity","id":"61956","display_categories":true,"display_image":true,"display_address":true,"display_summary":true,"display_campaign_types":true,"display_progress":true,"link_or_button":"button","card_link_text":"FAITES UN DON"},{"card_name":"Immigrant Women Services Ottawa","card_type":"charity","id":"42912","display_categories":true,"display_image":true,"display_address":true,"display_summary":true,"display_campaign_types":true,"display_progress":true,"link_or_button":"button","card_link_text":"FAITES UN DON"}]},{"row_header":"Aidez \u00e0 mettre fin \u00e0 la violence contre les femmes gr\u00e2ce \u00e0 des organisations caritatives qui fournissent du counselling, un soutien juridique, des lignes de crise et plus encore!","row_link_text":"","row_link_url":"","trigger_masonry_layout":true,"text_before_row":"","text_after_row":"","text_after_row_header":"","card_settings":[{"card_name":"Bridges for Women Society","card_type":"charity","id":"46538","display_categories":true,"display_image":true,"display_address":true,"display_summary":true,"display_campaign_types":true,"display_progress":true,"link_or_button":"button","card_link_text":"FAITES UN DON"},{"card_name":"Canadian Women\u2019s Foundation","card_type":"charity","id":"39384 ","display_categories":true,"display_image":true,"display_address":true,"display_summary":true,"display_campaign_types":true,"display_progress":true,"link_or_button":"button","card_link_text":"FAITES UN DON"},{"card_name":"Sexual Assault Centre of Edmonton","card_type":"charity","id":"9898","display_categories":true,"display_image":true,"display_address":true,"display_summary":true,"display_campaign_types":true,"display_progress":true,"link_or_button":"button","card_link_text":"FAITES UN DON"}]},{"row_header":"Assurez-vous que chaque femme a un toit au-dessus de sa t\u00eate en soutenant les refuges pour femmes partout au Canada!","row_link_text":"","row_link_url":"","trigger_masonry_layout":true,"text_before_row":"","text_after_row":"","text_after_row_header":"","card_settings":[{"card_name":"Women\u2019s Shelters Canada","card_type":"charity","id":"106040","display_categories":true,"display_image":true,"display_address":true,"display_summary":true,"display_campaign_types":true,"display_progress":true,"link_or_button":"button","card_link_text":"FAITES UN DON"},{"card_name":"Adsum for Women & Children","card_type":"charity","id":"43507","display_categories":true,"display_image":true,"display_address":true,"display_summary":true,"display_campaign_types":true,"display_progress":true,"link_or_button":"button","card_link_text":"FAITES UN DON"},{"card_name":"YWCA NWT","card_type":"charity","id":"36099","display_categories":true,"display_image":true,"display_address":true,"display_summary":true,"display_campaign_types":true,"display_progress":true,"link_or_button":"button","card_link_text":"FAITES UN DON"}]},{"row_header":"Changez la vie d\u2019une jeune fille en lui donnant acc\u00e8s \u00e0 des ressources et \u00e0 des programmes qui changent des vies!","row_link_text":"","row_link_url":"","trigger_masonry_layout":true,"text_before_row":"","text_after_row":"","text_after_row_header":"","card_settings":[{"card_name":"Girls Action Foundation","card_type":"charity","id":"90262","display_categories":true,"display_image":true,"display_address":true,"display_summary":true,"display_campaign_types":true,"display_progress":true,"link_or_button":"button","card_link_text":"FAITES UN DON"},{"card_name":"Plan International Canada","card_type":"charity","id":"19068","display_categories":true,"display_image":true,"display_address":true,"display_summary":true,"display_campaign_types":true,"display_progress":true,"link_or_button":"button","card_link_text":"FAITES UN DON"},{"card_name":"One Girl Can","card_type":"charity","id":"108630","display_categories":true,"display_image":true,"display_address":true,"display_summary":true,"display_campaign_types":true,"display_progress":true,"link_or_button":"button","card_link_text":"FAITES UN DON"}]}],"insert_spotlight_boxes":false,"use_biography_grid":false},"yoast_head":"<!-- This site is optimized with the Yoast SEO plugin v26.0 - https:\/\/yoast.com\/wordpress\/plugins\/seo\/ -->\n<title>Faites un don aux organismes caritatifs pour les femmes au Canada | CanadaHelps - Donate to any charity in Canada<\/title>\n<meta name=\"robots\" content=\"index, follow, max-snippet:-1, max-image-preview:large, max-video-preview:-1\" \/>\n<link rel=\"canonical\" href=\"https:\/\/www.canadahelps.org\/fr\/faites-un-don-aux-organismes-caritatifs-pour-les-femmes-au-canada\/\" \/>\n<meta property=\"og:locale\" content=\"fr_FR\" \/>\n<meta property=\"og:type\" content=\"article\" \/>\n<meta property=\"og:title\" content=\"Faites un don aux organismes caritatifs pour les femmes au Canada | CanadaHelps - Donate to any charity in Canada\" \/>\n<meta property=\"og:description\" content=\"R\u00e9f\u00e9rences : The Facts about Gender-Based Violence, Canadian Women\u2019s Foundation Facts &amp; Figures, UN Women The World\u2019s Women 2020: Trends and Statistics, United Nations\" \/>\n<meta property=\"og:url\" content=\"https:\/\/www.canadahelps.org\/fr\/faites-un-don-aux-organismes-caritatifs-pour-les-femmes-au-canada\/\" \/>\n<meta property=\"og:site_name\" content=\"CanadaHelps - Donate to any charity in Canada\" \/>\n<meta property=\"article:modified_time\" content=\"2021-03-10T23:46:26+00:00\" \/>\n<meta property=\"og:image\" content=\"https:\/\/www.canadahelps.org\/media\/social-sharing-IWD-merch-page-mar-2021.png\" \/>\n<meta name=\"twitter:card\" content=\"summary_large_image\" \/>\n<meta name=\"twitter:image\" content=\"https:\/\/www.canadahelps.org\/media\/social-sharing-IWD-merch-page-mar-2021.png\" \/>\n<script type=\"application\/ld+json\" class=\"yoast-schema-graph\">{\"@context\":\"https:\/\/schema.org\",\"@graph\":[{\"@type\":\"WebPage\",\"@id\":\"https:\/\/www.canadahelps.org\/fr\/faites-un-don-aux-organismes-caritatifs-pour-les-femmes-au-canada\/\",\"url\":\"https:\/\/www.canadahelps.org\/fr\/faites-un-don-aux-organismes-caritatifs-pour-les-femmes-au-canada\/\",\"name\":\"Faites un don aux organismes caritatifs pour les femmes au Canada | CanadaHelps - Donate to any charity in Canada\",\"isPartOf\":{\"@id\":\"https:\/\/www.canadahelps.org\/fr\/#website\"},\"datePublished\":\"2021-03-01T16:18:16+00:00\",\"dateModified\":\"2021-03-10T23:46:26+00:00\",\"breadcrumb\":{\"@id\":\"https:\/\/www.canadahelps.org\/fr\/faites-un-don-aux-organismes-caritatifs-pour-les-femmes-au-canada\/#breadcrumb\"},\"inLanguage\":\"fr\",\"potentialAction\":[{\"@type\":\"ReadAction\",\"target\":[\"https:\/\/www.canadahelps.org\/fr\/faites-un-don-aux-organismes-caritatifs-pour-les-femmes-au-canada\/\"]}]},{\"@type\":\"BreadcrumbList\",\"@id\":\"https:\/\/www.canadahelps.org\/fr\/faites-un-don-aux-organismes-caritatifs-pour-les-femmes-au-canada\/#breadcrumb\",\"itemListElement\":[{\"@type\":\"ListItem\",\"position\":1,\"name\":\"Home\",\"item\":\"https:\/\/www.canadahelps.org\/fr\/\"},{\"@type\":\"ListItem\",\"position\":2,\"name\":\"Faites un don aux organismes caritatifs pour les femmes au Canada\"}]},{\"@type\":\"WebSite\",\"@id\":\"https:\/\/www.canadahelps.org\/fr\/#website\",\"url\":\"https:\/\/www.canadahelps.org\/fr\/\",\"name\":\"CanadaHelps - Donate to any charity in Canada\",\"description\":\"Giving Made Simple\",\"publisher\":{\"@id\":\"https:\/\/www.canadahelps.org\/fr\/#organization\"},\"potentialAction\":[{\"@type\":\"SearchAction\",\"target\":{\"@type\":\"EntryPoint\",\"urlTemplate\":\"https:\/\/www.canadahelps.org\/fr\/?s={search_term_string}\"},\"query-input\":{\"@type\":\"PropertyValueSpecification\",\"valueRequired\":true,\"valueName\":\"search_term_string\"}}],\"inLanguage\":\"fr\"},{\"@type\":\"Organization\",\"@id\":\"https:\/\/www.canadahelps.org\/fr\/#organization\",\"name\":\"CanadaHelps\",\"url\":\"https:\/\/www.canadahelps.org\/fr\/\",\"logo\":{\"@type\":\"ImageObject\",\"inLanguage\":\"fr\",\"@id\":\"https:\/\/www.canadahelps.org\/fr\/#\/schema\/logo\/image\/\",\"url\":\"https:\/\/www.canadahelps.org\/media\/canadahelps-en.jpg\",\"contentUrl\":\"https:\/\/www.canadahelps.org\/media\/canadahelps-en.jpg\",\"width\":131,\"height\":72,\"caption\":\"CanadaHelps\"},\"image\":{\"@id\":\"https:\/\/www.canadahelps.org\/fr\/#\/schema\/logo\/image\/\"}}]}<\/script>\n<!-- \/ Yoast SEO plugin. -->","yoast_head_json":{"title":"Faites un don aux organismes caritatifs pour les femmes au Canada | CanadaHelps - Donate to any charity in Canada","robots":{"index":"index","follow":"follow","max-snippet":"max-snippet:-1","max-image-preview":"max-image-preview:large","max-video-preview":"max-video-preview:-1"},"canonical":"https:\/\/www.canadahelps.org\/fr\/faites-un-don-aux-organismes-caritatifs-pour-les-femmes-au-canada\/","og_locale":"fr_FR","og_type":"article","og_title":"Faites un don aux organismes caritatifs pour les femmes au Canada | CanadaHelps - Donate to any charity in Canada","og_description":"R\u00e9f\u00e9rences : The Facts about Gender-Based Violence, Canadian Women\u2019s Foundation Facts &amp; Figures, UN Women The World\u2019s Women 2020: Trends and Statistics, United Nations","og_url":"https:\/\/www.canadahelps.org\/fr\/faites-un-don-aux-organismes-caritatifs-pour-les-femmes-au-canada\/","og_site_name":"CanadaHelps - Donate to any charity in Canada","article_modified_time":"2021-03-10T23:46:26+00:00","og_image":[{"url":"https:\/\/www.canadahelps.org\/media\/social-sharing-IWD-merch-page-mar-2021.png","type":"","width":"","height":""}],"twitter_card":"summary_large_image","twitter_image":"https:\/\/www.canadahelps.org\/media\/social-sharing-IWD-merch-page-mar-2021.png","schema":{"@context":"https:\/\/schema.org","@graph":[{"@type":"WebPage","@id":"https:\/\/www.canadahelps.org\/fr\/faites-un-don-aux-organismes-caritatifs-pour-les-femmes-au-canada\/","url":"https:\/\/www.canadahelps.org\/fr\/faites-un-don-aux-organismes-caritatifs-pour-les-femmes-au-canada\/","name":"Faites un don aux organismes caritatifs pour les femmes au Canada | CanadaHelps - Donate to any charity in Canada","isPartOf":{"@id":"https:\/\/www.canadahelps.org\/fr\/#website"},"datePublished":"2021-03-01T16:18:16+00:00","dateModified":"2021-03-10T23:46:26+00:00","breadcrumb":{"@id":"https:\/\/www.canadahelps.org\/fr\/faites-un-don-aux-organismes-caritatifs-pour-les-femmes-au-canada\/#breadcrumb"},"inLanguage":"fr","potentialAction":[{"@type":"ReadAction","target":["https:\/\/www.canadahelps.org\/fr\/faites-un-don-aux-organismes-caritatifs-pour-les-femmes-au-canada\/"]}]},{"@type":"BreadcrumbList","@id":"https:\/\/www.canadahelps.org\/fr\/faites-un-don-aux-organismes-caritatifs-pour-les-femmes-au-canada\/#breadcrumb","itemListElement":[{"@type":"ListItem","position":1,"name":"Home","item":"https:\/\/www.canadahelps.org\/fr\/"},{"@type":"ListItem","position":2,"name":"Faites un don aux organismes caritatifs pour les femmes au Canada"}]},{"@type":"WebSite","@id":"https:\/\/www.canadahelps.org\/fr\/#website","url":"https:\/\/www.canadahelps.org\/fr\/","name":"CanadaHelps - Donate to any charity in Canada","description":"Giving Made Simple","publisher":{"@id":"https:\/\/www.canadahelps.org\/fr\/#organization"},"potentialAction":[{"@type":"SearchAction","target":{"@type":"EntryPoint","urlTemplate":"https:\/\/www.canadahelps.org\/fr\/?s={search_term_string}"},"query-input":{"@type":"PropertyValueSpecification","valueRequired":true,"valueName":"search_term_string"}}],"inLanguage":"fr"},{"@type":"Organization","@id":"https:\/\/www.canadahelps.org\/fr\/#organization","name":"CanadaHelps","url":"https:\/\/www.canadahelps.org\/fr\/","logo":{"@type":"ImageObject","inLanguage":"fr","@id":"https:\/\/www.canadahelps.org\/fr\/#\/schema\/logo\/image\/","url":"https:\/\/www.canadahelps.org\/media\/canadahelps-en.jpg","contentUrl":"https:\/\/www.canadahelps.org\/media\/canadahelps-en.jpg","width":131,"height":72,"caption":"CanadaHelps"},"image":{"@id":"https:\/\/www.canadahelps.org\/fr\/#\/schema\/logo\/image\/"}}]}},"_links":{"self":[{"href":"https:\/\/www.canadahelps.org\/fr\/wp-json\/wp\/v2\/pages\/39520","targetHints":{"allow":["GET"]}}],"collection":[{"href":"https:\/\/www.canadahelps.org\/fr\/wp-json\/wp\/v2\/pages"}],"about":[{"href":"https:\/\/www.canadahelps.org\/fr\/wp-json\/wp\/v2\/types\/page"}],"author":[{"embeddable":true,"href":"https:\/\/www.canadahelps.org\/fr\/wp-json\/wp\/v2\/users\/7"}],"replies":[{"embeddable":true,"href":"https:\/\/www.canadahelps.org\/fr\/wp-json\/wp\/v2\/comments?post=39520"}],"version-history":[{"count":7,"href":"https:\/\/www.canadahelps.org\/fr\/wp-json\/wp\/v2\/pages\/39520\/revisions"}],"predecessor-version":[{"id":39527,"href":"https:\/\/www.canadahelps.org\/fr\/wp-json\/wp\/v2\/pages\/39520\/revisions\/39527"}],"wp:attachment":[{"href":"https:\/\/www.canadahelps.org\/fr\/wp-json\/wp\/v2\/media?parent=39520"}],"curies":[{"name":"wp","href":"https:\/\/api.w.org\/{rel}","templated":true}]}}