{"id":39862,"date":"2021-03-24T15:31:13","date_gmt":"2021-03-24T19:31:13","guid":{"rendered":"https:\/\/www.canadahelps.org\/?page_id=39862"},"modified":"2021-05-12T15:46:03","modified_gmt":"2021-05-12T19:46:03","slug":"luttez-contre-le-racisme-au-canada","status":"publish","type":"page","link":"https:\/\/www.canadahelps.org\/fr\/luttez-contre-le-racisme-au-canada\/","title":{"rendered":"Fonds Lutte contre le racisme"},"content":{"rendered":"<style>html{background-color:#fff!important}#fcr-header{width:100%;background:#000}#fcr-banner{height:400px;max-width:1280px;margin:0 auto;padding:60px 0 0 0}#fcr-banner-grid{display:flex;flex-direction:row;justify-content:flex-start;align-items:flex-start;width:80%;max-width:960px;margin:0 auto}.fcr-banner-item{color:#fff;text-align:left}.fcr-banner-item h1{color:#fff;font-size:34px;padding-top:0;margin:0}.fcr-banner-item h2{font-size:24px;color:#fff}.fcr-banner-arrow{width:35px}.fcr-banner-item:first-child{padding-right:30px}#fcr-logos{display:flex;flex-direction:row;justify-content:center;align-items:flex-start;flex-wrap:wrap;width:70%;margin:0 auto}.fcr-logos-item{padding:10px;width:20%;text-align:center}.fcr-logos-item img{width:100px}.allfunds{width:180px}h2.blue{color:#1466a9;text-align:center}h3{margin-bottom:25px}.w960{width:100%;max-width:960px;padding:0 10px}.text-container{margin:20px auto}.text-container p{margin-bottom:25px}.w960-container{background:#fff;padding-bottom:20px;max-width:960px;margin:0 auto}.spacer1{padding:50px 0 0;background:#fff}.spacer2 .text-container,.spacer2 .text-container p{margin-bottom:0}.cp-grid-container{display:grid;grid-gap:20px;grid-template-columns:1fr 1fr;grid-auto-flow:column;padding:10px;max-width:600px;margin:0 auto}.cp-grid-item{text-align:center;text-transform:uppercase}.cp-grid-item a{color:#0070af;text-decoration:none;display:block;margin:0;padding:0}.cp-grid-item p{margin:0 auto;width:auto}.fcr-sponsor-banner{background-color:#fff;padding:10px;border-bottom:2px solid #000}.fcr-sponsor-grid{display:grid;grid-template-columns:1fr 3fr;grid-auto-flow:column;max-width:960px;margin:0 auto}.fcr-sponsor-grid-item:first-child{border-right:1px solid #aaa}.fcr-sponsor-grid-item:nth-child(2){padding-left:30px}.fcr-sponsor-grid-item{display:grid;grid-auto-flow:column;padding:10px}.fcr-sponsor-grid-item img{padding:10px;margin:10px 40px 0 0;width:125px}.fcr-sponsor-grid-item p{color:#000;text-align:left;font-size:24px;font-weight:900;margin-top:30px;text-transform:uppercase}#asian-solidarity{width:239px;height:208px;background:url(https:\/\/www.canadahelps.org\/media\/20210512_Asian-Solidarity-Fund_Hero-Graphic_FR.png) no-repeat;display:inline-block;background-size:239px 208px}#asian-solidarity:hover{background:url(https:\/\/www.canadahelps.org\/media\/20210512_Asian-Solidarity-Fund_Hero-Graphic_FR_Hover.png) no-repeat;background-size:239px 208px}#against-racism{width:239px;height:208px;background:url(https:\/\/www.canadahelps.org\/media\/20210325_Against_Racism_Fund_FR_Normal.png) no-repeat;display:inline-block;background-size:239px 208px}#against-racism:hover{background:url(https:\/\/www.canadahelps.org\/media\/20210325_Against_Racism_Fund_FR_Hover.png) no-repeat;background-size:239px 208px}.headline{display:inline-flex;flex-direction:row;justify-content:flex-start;align-items:flex-start;margin-bottom:20px}.headline p{margin:0;padding:0;display:none}.flex-item{padding:0 20px 0 0;align-self:flex-start}@media all and (-ms-high-contrast:none),(-ms-high-contrast:active){.cp-grid-container{display:table}.cp-grid-item{display:table-cell;padding:30px}.ftr-wave-grid-container{display:table;margin:0 auto}.ftr-wave-item{display:table-cell}}@media all and (max-width:1300px){.banner-item{max-width:600px}}@media screen and (max-width:640px){.w1280{width:100%}.w960{width:100%}#fcr-banner{padding:10px 0 0 0;margin-bottom:0;height:auto}.fcr-sponsor-grid{grid-template-columns:1fr;grid-auto-flow:row;padding:10px}.fcr-sponsor-grid-item p{color:#000;text-align:center;text-transform:uppercase}.fcr-sponsor-grid-item img{padding:10px;margin:0 auto}.fcr-sponsor-grid-item:first-child{border-right:none}.fcr-sponsor-grid-item:nth-child(2){padding-left:0}#cp-hero-txt{width:100%;margin:0 auto;text-align:center}.allfunds{margin-top:30px}.cp-grid-container{grid-template-columns:1fr;grid-auto-flow:row;padding:10px}.cp-ftr-container{grid-gap:20px;grid-template-columns:1fr;grid-auto-flow:row;padding:10px 50px}}@media screen and (max-width:768px){#fcr-banner{padding:10px 0 0 0;margin-bottom:0}#fcr-banner-grid{display:flex;flex-direction:column;justify-content:flex-start;align-items:flex-start;width:80%;max-width:960px;margin:0 auto}.fcr-banner-item{margin:0;width:100%;text-align:left}.fcr-banner-item h1{color:#fff;font-size:24px;text-align:left}.fcr-banner-item h2{font-size:16px;color:#fff}#fcr-logos{width:70%}.fcr-logos-item{padding:5px;width:50%}.fcr-logos-item img{width:75px}.arrow-container{text-align:center}}<\/style>\n<div id=\"fcr-header\">\n<div class=\"w1920\">\n<div id=\"fcr-banner\" title=\"Luttez contre le racisme au Canada\">\n<div id=\"fcr-banner-grid\">\n<div class=\"fcr-banner-item\">\n<p>    <img decoding=\"async\" title=\"Luttez contre le racisme au Canada\" src=\"https:\/\/www.canadahelps.org\/media\/Matching-Icon_Bright.png\" alt=\"Luttez contre le racisme au Canada\" \/><\/div>\n<div class=\"fcr-banner-item\">\n    <img decoding=\"async\" class=\"allfunds\" src=\"https:\/\/www.canadahelps.org\/media\/Cause-Funds_Asian-Solidarity-Fund_FR_Matching-Badge.png\" alt=\"Tous les dons seront jumel\u00e9s\"><\/p>\n<h1>TOUS LES DONS SONT JUMEL\u00c9S : PRENEZ POSITION CONTRE LE RACISME AU CANADA ET VOTRE DON SERA \u00c9GAL\u00c9 3 FOIS!*<\/h1>\n<h2>Soutenez, avec un seul don, un \u00e9ventail d\u2019initiatives antiracistes.<\/h2>\n<p>    <img decoding=\"async\" class=\"fcr-banner-arrow\" src=\"https:\/\/www.canadahelps.org\/media\/chevron-down@2x.png\" alt=\"\">\n    <\/div>\n<\/p><\/div>\n<\/p><\/div>\n<div class=\"fcr-sponsor-banner\">\n<div class=\"fcr-sponsor-grid\">\n<div class=\"fcr-sponsor-grid-item\"><img decoding=\"async\" src=\"https:\/\/www.canadahelps.org\/media\/20200610_P_G-Canada.png\" alt=\"P&#038;G\" \/><\/div>\n<div class=\"fcr-sponsor-grid-item\">\n<p>    Jusqu\u2019\u00e0 800&nbsp;000&nbsp;$ en dons de contrepartie offerts par P&amp;G&nbsp;Canada.*<\/p><\/div>\n<\/p><\/div>\n<\/p><\/div>\n<\/p><\/div>\n<\/p><\/div>\n<div class=\"spacer1\">\n<div class=\"w960-container\">\n<h2 class=\"blue\">Soutenez les organismes de bienfaisance qui luttent contre le racisme au Canada en faisant un don \u00e0 un Fonds pour une cause d\u00e8s aujourd&#8217;hui!<\/h2>\n<div class=\"text-container w960\">\n<div class=\"cp-grid-container\">\n<div class=\"cp-grid-item\">\n    <a href=\"https:\/\/www.canadahelps.org\/fr\/fonds-de-solidarite-pour-la-communaute-asiatique\/\"><\/p>\n<div id=\"asian-solidarity\"><\/div>\n<p>    <strong>Le Fonds de solidarit\u00e9 pour la communaut\u00e9 asiatique<\/strong><br \/>\n    <\/a>\n    <\/div>\n<div class=\"cp-grid-item\">\n    <a href=\"https:\/\/www.canadahelps.org\/fr\/fonds-antiracisme\/\"><\/p>\n<div id=\"against-racism\"><\/div>\n<p>    <strong>Fonds Antiracisme<\/strong><br \/>\n    <\/a>\n    <\/div>\n<\/p><\/div>\n<\/p><\/div>\n<\/p><\/div>\n<\/p><\/div>\n<p>    &nbsp;<\/p>\n<div class=\"w960\">\n<h2 style=\"text-align: center;\">Merci \u00e0 P&#038;G Canada et \u00e0 leurs marques pour leur soutien!<\/h2>\n<p>    &nbsp;<\/p>\n<div id=\"fcr-logos\">\n<div class=\"fcr-logos-item\"><img decoding=\"async\" src=\"https:\/\/www.canadahelps.org\/media\/20200610_Tide.png\" alt=\"Tide\" \/><\/div>\n<div class=\"fcr-logos-item\"><img decoding=\"async\" src=\"https:\/\/www.canadahelps.org\/media\/20200610_Downy.png\" alt=\"Downy\" \/><\/div>\n<div class=\"fcr-logos-item\"><img decoding=\"async\" src=\"https:\/\/www.canadahelps.org\/media\/20200611_Dawn.jpg\" alt=\"Dawn\" \/><\/div>\n<div class=\"fcr-logos-item\" style=\"padding-top:30px;\"><img decoding=\"async\" src=\"https:\/\/www.canadahelps.org\/media\/20210324_Swiffer.jpg\" alt=\"Swiffer\" style=\"width:125px;\" \/><\/div>\n<div class=\"fcr-logos-item\"><img decoding=\"async\" src=\"https:\/\/www.canadahelps.org\/media\/20210325_Bounty.jpg\" alt=\"Bounty\" style=\"margin-top:10px\" \/><\/div>\n<div class=\"fcr-logos-item\"><img decoding=\"async\" src=\"https:\/\/www.canadahelps.org\/media\/20200610_OLAY.png\" alt=\"OLAY\" \/><\/div>\n<div class=\"fcr-logos-item\"><img decoding=\"async\" src=\"https:\/\/www.canadahelps.org\/media\/20200610_PANTENE.png\" alt=\"Pantene\" \/><\/div>\n<div class=\"fcr-logos-item\" style=\"padding-top:20px\"><img decoding=\"async\" src=\"https:\/\/www.canadahelps.org\/media\/20210324_Head-and-Shoulders.jpg\" alt=\"Head and Shoulders\" \/><\/div>\n<div class=\"fcr-logos-item\"><img decoding=\"async\" src=\"https:\/\/www.canadahelps.org\/media\/20200610_Charmin.png\" alt=\"Charmin\" \/><\/div>\n<\/p><\/div>\n<p>    &nbsp;<\/p>\n<p>    <strong>\u00c0 propos de P&amp;G&nbsp;:<\/strong> Chez P&amp;G, la promotion de l&#8217;\u00e9galit\u00e9 et de l&#8217;inclusion, le soutien de nos communaut\u00e9s et la protection de la plan\u00e8te font partie int\u00e9grante de notre fa\u00e7on de faire des affaires. Nous croyons que nous avons la responsabilit\u00e9 de rendre le monde meilleur &#8211; \u00e0 travers les produits que nous cr\u00e9ons et l&#8217;impact positif que nos marques et notre soci\u00e9t\u00e9 peuvent avoir. Dans le cadre de notre campagne <a href=\"https:\/\/pg.ca\/blogs\/2021-acts-of-good-in-2021\/\" target=\"_blank\" style=\"text-decoration: underline;\" rel=\"noopener noreferrer\">Lead with Love<\/a> (en anglais seulement), P&#038;G et ses marques se sont engag\u00e9s \u00e0 r\u00e9aliser 2&nbsp;021 bonne actions cette ann\u00e9e. Les consommateurs peuvent faire encore plus gr\u00e2ce \u00e0 <a href=\"https:\/\/www.pggoodeveryday.ca\/fr\/?utm_source=pggeca-fr-internalcomm&#038;utm_medium=email&#038;utm_campaign=canada_helps\" target=\"_blank\" style=\"text-decoration: underline;\" rel=\"noopener noreferrer\">https:\/\/www.pggoodeveryday.ca\/fr\/<\/a>, un nouveau programme de r\u00e9compenses pour les consommateurs qui aide \u00e0 transformer leurs actions quotidiennes en bonnes actions. L&#8217;activit\u00e9 sur le site Web rapporte des points qui peuvent \u00eatre \u00e9chang\u00e9s contre des r\u00e9compenses et P&#038;G fait des dons \u00e0 des causes qui int\u00e9ressent les consommateurs. <\/p>\n<p>    &nbsp;<\/p>\n<hr class=\"grey\">\n<p>    &nbsp;<\/p>\n<p>    <strong>Termes et conditions&nbsp;:<\/strong><\/p>\n<p>    *P&amp;G Canada jumellera chaque don de 3&nbsp;$ ou plus au Fonds de solidarit\u00e9 pour la communaut\u00e9 asiatique et au Fonds Antiracisme \u2014 fonds \u00e9tablis par CanaDon \u2014 entre le 24 mars 2021 \u00e0 00&nbsp;h&nbsp;01 (HAE) et le 30 juin 2021 \u00e0 23 h 59 (HAE), jusqu\u2019\u00e0 un montant maximum de 400 000 $ CA pour chaque Fonds (ce qui comprend l\u2019offre initiale de P&#038;G de doubler les dons jusqu\u2019au 10 mai 2021, et l\u2019offre de tripler les dons jusqu\u2019au 30 juin 2021. L\u2019argent recueilli pour le Fonds de solidarit\u00e9 pour la communaut\u00e9 asiatique sera distribu\u00e9 par CanaDon aux organismes de bienfaisance qui soutiennent les Canadiens asiatiques, tandis que l\u2019argent recueilli pour le Fonds Antiracisme sera distribu\u00e9 par CanaDon aux organismes de bienfaisance qui m\u00e8nent des initiatives antiracistes, selon ce qui sera d\u00e9termin\u00e9 par CanaDon et par P&amp;G.<\/p>\n<p>    CanaDon d\u00e9livrera des re\u00e7us fiscaux pour tous les dons faits via canadon.org. L\u2019offre est valide uniquement pour les dons au Fonds de solidarit\u00e9 pour la communaut\u00e9 asiatique et au Fonds Antiracisme, \u00e9tablis par CanaDon, et ne vise pas les dons faits \u00e0 des organismes de bienfaisance individuels ou \u00e0 des campagnes caritatives, le don de titres, les campagnes entre particuliers ou men\u00e9es par des tiers, les dons par API, et l\u2019achat et l\u2019\u00e9change de cartes-cadeaux de bienfaisance. <\/p><\/div>\n<p>    &nbsp;<\/p>\n","protected":false},"excerpt":{"rendered":"<p>TOUS LES DONS SONT JUMEL\u00c9S : PRENEZ POSITION CONTRE LE RACISME AU CANADA ET VOTRE DON SERA \u00c9GAL\u00c9 3 FOIS!* Soutenez, avec un seul don, &#8230; <a href=\"https:\/\/www.canadahelps.org\/fr\/luttez-contre-le-racisme-au-canada\/\" id=\"canadahelp-blog-meta\">Voir plus<\/a><\/p>\n","protected":false},"author":30,"featured_media":0,"parent":0,"menu_order":0,"comment_status":"closed","ping_status":"closed","template":"template-fullwidth-page.php","meta":{"footnotes":""},"class_list":["post-39862","page","type-page","status-publish","hentry"],"acf":{"meta_description":"","use_toc_layout":false,"additional_body_css_classes":"","row_settings":false,"hide_page_title":false,"insert_spotlight_boxes":false,"use_biography_grid":false},"yoast_head":"<!-- This site is optimized with the Yoast SEO plugin v26.0 - https:\/\/yoast.com\/wordpress\/plugins\/seo\/ -->\n<title>Fonds Lutte contre le racisme | CanadaHelps - Donate to any charity in Canada<\/title>\n<meta name=\"description\" content=\"Luttez contre le racisme au Canada. Soutenez les initiatives entourant la recherche, la sensibilisation et l\u2019\u00e9ducation. Votre don aidera \u00e0 combattre le racisme contre toutes les personnes de couleur, y compris le racisme anti-Noirs, anti-Autochtones et anti-Asiatiques. Les organismes de bienfaisance qui luttent contre le racisme ont besoin de votre aide. Faites un don aujourd\u2019hui!\" \/>\n<meta name=\"robots\" content=\"index, follow, max-snippet:-1, max-image-preview:large, max-video-preview:-1\" \/>\n<link rel=\"canonical\" href=\"https:\/\/www.canadahelps.org\/fr\/luttez-contre-le-racisme-au-canada\/\" \/>\n<meta property=\"og:locale\" content=\"fr_FR\" \/>\n<meta property=\"og:type\" content=\"article\" \/>\n<meta property=\"og:title\" content=\"TOUS LES DONS SERONT JUMEL\u00c9S : Prenez position contre le racisme au Canada. Donnez aujourd\u2019hui!*\" \/>\n<meta property=\"og:description\" content=\"Luttez contre le racisme au Canada. Faites un don au Fonds Lutte contre le racisme, afin de soutenir la sensibilisation, la recherche, l\u2019\u00e9ducation, etc.\" \/>\n<meta property=\"og:url\" content=\"https:\/\/www.canadahelps.org\/fr\/luttez-contre-le-racisme-au-canada\/\" \/>\n<meta property=\"og:site_name\" content=\"CanadaHelps - Donate to any charity in Canada\" \/>\n<meta property=\"article:modified_time\" content=\"2021-05-12T19:46:03+00:00\" \/>\n<meta property=\"og:image\" content=\"https:\/\/www.canadahelps.org\/media\/Cause-Funds_Asian-Solidarity-Fund_Graphics_FR.png\" \/>\n\t<meta property=\"og:image:width\" content=\"1200\" \/>\n\t<meta property=\"og:image:height\" content=\"630\" \/>\n\t<meta property=\"og:image:type\" content=\"image\/png\" \/>\n<meta name=\"twitter:card\" content=\"summary_large_image\" \/>\n<meta name=\"twitter:title\" content=\"TOUS LES DONS SERONT JUMEL\u00c9S : Prenez position contre le racisme au Canada. Donnez aujourd\u2019hui!*\" \/>\n<meta name=\"twitter:description\" content=\"Luttez contre le racisme au Canada. Faites un don au Fonds Lutte contre le racisme, afin de soutenir la sensibilisation, la recherche, l\u2019\u00e9ducation, etc.\" \/>\n<meta name=\"twitter:image\" content=\"https:\/\/www.canadahelps.org\/media\/Cause-Funds_Asian-Solidarity-Fund_Graphics_FR.png\" \/>\n<meta name=\"twitter:label1\" content=\"Est. reading time\" \/>\n\t<meta name=\"twitter:data1\" content=\"2 minutes\" \/>\n<script type=\"application\/ld+json\" class=\"yoast-schema-graph\">{\"@context\":\"https:\/\/schema.org\",\"@graph\":[{\"@type\":\"WebPage\",\"@id\":\"https:\/\/www.canadahelps.org\/fr\/luttez-contre-le-racisme-au-canada\/\",\"url\":\"https:\/\/www.canadahelps.org\/fr\/luttez-contre-le-racisme-au-canada\/\",\"name\":\"Fonds Lutte contre le racisme | CanadaHelps - Donate to any charity in Canada\",\"isPartOf\":{\"@id\":\"https:\/\/www.canadahelps.org\/fr\/#website\"},\"primaryImageOfPage\":{\"@id\":\"https:\/\/www.canadahelps.org\/fr\/luttez-contre-le-racisme-au-canada\/#primaryimage\"},\"image\":{\"@id\":\"https:\/\/www.canadahelps.org\/fr\/luttez-contre-le-racisme-au-canada\/#primaryimage\"},\"thumbnailUrl\":\"https:\/\/www.canadahelps.org\/media\/Matching-Icon_Bright.png\",\"datePublished\":\"2021-03-24T19:31:13+00:00\",\"dateModified\":\"2021-05-12T19:46:03+00:00\",\"description\":\"Luttez contre le racisme au Canada. Soutenez les initiatives entourant la recherche, la sensibilisation et l\u2019\u00e9ducation. Votre don aidera \u00e0 combattre le racisme contre toutes les personnes de couleur, y compris le racisme anti-Noirs, anti-Autochtones et anti-Asiatiques. Les organismes de bienfaisance qui luttent contre le racisme ont besoin de votre aide. Faites un don aujourd\u2019hui!\",\"breadcrumb\":{\"@id\":\"https:\/\/www.canadahelps.org\/fr\/luttez-contre-le-racisme-au-canada\/#breadcrumb\"},\"inLanguage\":\"fr\",\"potentialAction\":[{\"@type\":\"ReadAction\",\"target\":[\"https:\/\/www.canadahelps.org\/fr\/luttez-contre-le-racisme-au-canada\/\"]}]},{\"@type\":\"ImageObject\",\"inLanguage\":\"fr\",\"@id\":\"https:\/\/www.canadahelps.org\/fr\/luttez-contre-le-racisme-au-canada\/#primaryimage\",\"url\":\"https:\/\/www.canadahelps.org\/media\/Matching-Icon_Bright.png\",\"contentUrl\":\"https:\/\/www.canadahelps.org\/media\/Matching-Icon_Bright.png\"},{\"@type\":\"BreadcrumbList\",\"@id\":\"https:\/\/www.canadahelps.org\/fr\/luttez-contre-le-racisme-au-canada\/#breadcrumb\",\"itemListElement\":[{\"@type\":\"ListItem\",\"position\":1,\"name\":\"Home\",\"item\":\"https:\/\/www.canadahelps.org\/fr\/\"},{\"@type\":\"ListItem\",\"position\":2,\"name\":\"Fonds Lutte contre le racisme\"}]},{\"@type\":\"WebSite\",\"@id\":\"https:\/\/www.canadahelps.org\/fr\/#website\",\"url\":\"https:\/\/www.canadahelps.org\/fr\/\",\"name\":\"CanadaHelps - Donate to any charity in Canada\",\"description\":\"Giving Made Simple\",\"publisher\":{\"@id\":\"https:\/\/www.canadahelps.org\/fr\/#organization\"},\"potentialAction\":[{\"@type\":\"SearchAction\",\"target\":{\"@type\":\"EntryPoint\",\"urlTemplate\":\"https:\/\/www.canadahelps.org\/fr\/?s={search_term_string}\"},\"query-input\":{\"@type\":\"PropertyValueSpecification\",\"valueRequired\":true,\"valueName\":\"search_term_string\"}}],\"inLanguage\":\"fr\"},{\"@type\":\"Organization\",\"@id\":\"https:\/\/www.canadahelps.org\/fr\/#organization\",\"name\":\"CanadaHelps\",\"url\":\"https:\/\/www.canadahelps.org\/fr\/\",\"logo\":{\"@type\":\"ImageObject\",\"inLanguage\":\"fr\",\"@id\":\"https:\/\/www.canadahelps.org\/fr\/#\/schema\/logo\/image\/\",\"url\":\"https:\/\/www.canadahelps.org\/media\/canadahelps-en.jpg\",\"contentUrl\":\"https:\/\/www.canadahelps.org\/media\/canadahelps-en.jpg\",\"width\":131,\"height\":72,\"caption\":\"CanadaHelps\"},\"image\":{\"@id\":\"https:\/\/www.canadahelps.org\/fr\/#\/schema\/logo\/image\/\"}}]}<\/script>\n<!-- \/ Yoast SEO plugin. -->","yoast_head_json":{"title":"Fonds Lutte contre le racisme | CanadaHelps - Donate to any charity in Canada","description":"Luttez contre le racisme au Canada. Soutenez les initiatives entourant la recherche, la sensibilisation et l\u2019\u00e9ducation. Votre don aidera \u00e0 combattre le racisme contre toutes les personnes de couleur, y compris le racisme anti-Noirs, anti-Autochtones et anti-Asiatiques. Les organismes de bienfaisance qui luttent contre le racisme ont besoin de votre aide. Faites un don aujourd\u2019hui!","robots":{"index":"index","follow":"follow","max-snippet":"max-snippet:-1","max-image-preview":"max-image-preview:large","max-video-preview":"max-video-preview:-1"},"canonical":"https:\/\/www.canadahelps.org\/fr\/luttez-contre-le-racisme-au-canada\/","og_locale":"fr_FR","og_type":"article","og_title":"TOUS LES DONS SERONT JUMEL\u00c9S : Prenez position contre le racisme au Canada. Donnez aujourd\u2019hui!*","og_description":"Luttez contre le racisme au Canada. Faites un don au Fonds Lutte contre le racisme, afin de soutenir la sensibilisation, la recherche, l\u2019\u00e9ducation, etc.","og_url":"https:\/\/www.canadahelps.org\/fr\/luttez-contre-le-racisme-au-canada\/","og_site_name":"CanadaHelps - Donate to any charity in Canada","article_modified_time":"2021-05-12T19:46:03+00:00","og_image":[{"width":1200,"height":630,"url":"https:\/\/www.canadahelps.org\/media\/Cause-Funds_Asian-Solidarity-Fund_Graphics_FR.png","type":"image\/png"}],"twitter_card":"summary_large_image","twitter_title":"TOUS LES DONS SERONT JUMEL\u00c9S : Prenez position contre le racisme au Canada. Donnez aujourd\u2019hui!*","twitter_description":"Luttez contre le racisme au Canada. Faites un don au Fonds Lutte contre le racisme, afin de soutenir la sensibilisation, la recherche, l\u2019\u00e9ducation, etc.","twitter_image":"https:\/\/www.canadahelps.org\/media\/Cause-Funds_Asian-Solidarity-Fund_Graphics_FR.png","twitter_misc":{"Est. reading time":"2 minutes"},"schema":{"@context":"https:\/\/schema.org","@graph":[{"@type":"WebPage","@id":"https:\/\/www.canadahelps.org\/fr\/luttez-contre-le-racisme-au-canada\/","url":"https:\/\/www.canadahelps.org\/fr\/luttez-contre-le-racisme-au-canada\/","name":"Fonds Lutte contre le racisme | CanadaHelps - Donate to any charity in Canada","isPartOf":{"@id":"https:\/\/www.canadahelps.org\/fr\/#website"},"primaryImageOfPage":{"@id":"https:\/\/www.canadahelps.org\/fr\/luttez-contre-le-racisme-au-canada\/#primaryimage"},"image":{"@id":"https:\/\/www.canadahelps.org\/fr\/luttez-contre-le-racisme-au-canada\/#primaryimage"},"thumbnailUrl":"https:\/\/www.canadahelps.org\/media\/Matching-Icon_Bright.png","datePublished":"2021-03-24T19:31:13+00:00","dateModified":"2021-05-12T19:46:03+00:00","description":"Luttez contre le racisme au Canada. Soutenez les initiatives entourant la recherche, la sensibilisation et l\u2019\u00e9ducation. Votre don aidera \u00e0 combattre le racisme contre toutes les personnes de couleur, y compris le racisme anti-Noirs, anti-Autochtones et anti-Asiatiques. Les organismes de bienfaisance qui luttent contre le racisme ont besoin de votre aide. Faites un don aujourd\u2019hui!","breadcrumb":{"@id":"https:\/\/www.canadahelps.org\/fr\/luttez-contre-le-racisme-au-canada\/#breadcrumb"},"inLanguage":"fr","potentialAction":[{"@type":"ReadAction","target":["https:\/\/www.canadahelps.org\/fr\/luttez-contre-le-racisme-au-canada\/"]}]},{"@type":"ImageObject","inLanguage":"fr","@id":"https:\/\/www.canadahelps.org\/fr\/luttez-contre-le-racisme-au-canada\/#primaryimage","url":"https:\/\/www.canadahelps.org\/media\/Matching-Icon_Bright.png","contentUrl":"https:\/\/www.canadahelps.org\/media\/Matching-Icon_Bright.png"},{"@type":"BreadcrumbList","@id":"https:\/\/www.canadahelps.org\/fr\/luttez-contre-le-racisme-au-canada\/#breadcrumb","itemListElement":[{"@type":"ListItem","position":1,"name":"Home","item":"https:\/\/www.canadahelps.org\/fr\/"},{"@type":"ListItem","position":2,"name":"Fonds Lutte contre le racisme"}]},{"@type":"WebSite","@id":"https:\/\/www.canadahelps.org\/fr\/#website","url":"https:\/\/www.canadahelps.org\/fr\/","name":"CanadaHelps - Donate to any charity in Canada","description":"Giving Made Simple","publisher":{"@id":"https:\/\/www.canadahelps.org\/fr\/#organization"},"potentialAction":[{"@type":"SearchAction","target":{"@type":"EntryPoint","urlTemplate":"https:\/\/www.canadahelps.org\/fr\/?s={search_term_string}"},"query-input":{"@type":"PropertyValueSpecification","valueRequired":true,"valueName":"search_term_string"}}],"inLanguage":"fr"},{"@type":"Organization","@id":"https:\/\/www.canadahelps.org\/fr\/#organization","name":"CanadaHelps","url":"https:\/\/www.canadahelps.org\/fr\/","logo":{"@type":"ImageObject","inLanguage":"fr","@id":"https:\/\/www.canadahelps.org\/fr\/#\/schema\/logo\/image\/","url":"https:\/\/www.canadahelps.org\/media\/canadahelps-en.jpg","contentUrl":"https:\/\/www.canadahelps.org\/media\/canadahelps-en.jpg","width":131,"height":72,"caption":"CanadaHelps"},"image":{"@id":"https:\/\/www.canadahelps.org\/fr\/#\/schema\/logo\/image\/"}}]}},"_links":{"self":[{"href":"https:\/\/www.canadahelps.org\/fr\/wp-json\/wp\/v2\/pages\/39862","targetHints":{"allow":["GET"]}}],"collection":[{"href":"https:\/\/www.canadahelps.org\/fr\/wp-json\/wp\/v2\/pages"}],"about":[{"href":"https:\/\/www.canadahelps.org\/fr\/wp-json\/wp\/v2\/types\/page"}],"author":[{"embeddable":true,"href":"https:\/\/www.canadahelps.org\/fr\/wp-json\/wp\/v2\/users\/30"}],"replies":[{"embeddable":true,"href":"https:\/\/www.canadahelps.org\/fr\/wp-json\/wp\/v2\/comments?post=39862"}],"version-history":[{"count":26,"href":"https:\/\/www.canadahelps.org\/fr\/wp-json\/wp\/v2\/pages\/39862\/revisions"}],"predecessor-version":[{"id":41416,"href":"https:\/\/www.canadahelps.org\/fr\/wp-json\/wp\/v2\/pages\/39862\/revisions\/41416"}],"wp:attachment":[{"href":"https:\/\/www.canadahelps.org\/fr\/wp-json\/wp\/v2\/media?parent=39862"}],"curies":[{"name":"wp","href":"https:\/\/api.w.org\/{rel}","templated":true}]}}