{"id":42137,"date":"2021-06-21T16:40:02","date_gmt":"2021-06-21T20:40:02","guid":{"rendered":"https:\/\/www.canadahelps.org\/?page_id=42137"},"modified":"2021-06-21T16:46:34","modified_gmt":"2021-06-21T20:46:34","slug":"campagne-entre-pairs","status":"publish","type":"page","link":"https:\/\/www.canadahelps.org\/fr\/campagne-entre-pairs\/","title":{"rendered":"Campagne entre Pairs"},"content":{"rendered":"<h2 class=\"text-oversize\"><span style=\"color: #96174b;\">Livre blanc gratuit: Lancez votre premi\u00e8re campagne entre pairs : une collecte de fonds entre particuliers \u00e0 des fins sociales<\/span><\/h2>\n<p><img decoding=\"async\" src=\"https:\/\/www.canadahelps.org\/media\/LancezP2P.jpg\" alt=\"Lancez votre premiere campagne\" width=\"300\" class=\"size-full wp-image-21781 alignright\" style=\"border:1px solid #626366\" \/><\/p>\n<p>T\u00e9l\u00e9chargez instantan\u00e9ment cette ressource GRATUITE pour obtenir les conseils et connaissances dont vous avez besoin pour lancer votre premier \u00e9v\u00e9nement de collecte de fonds entre pairs. Les \u00e9v\u00e9nements &#8220;thon&#8221; peuvent \u00eatre co\u00fbteux et difficiles \u00e0 g\u00e9rer, mais ils n&#8217;ont pas besoin de l&#8217;\u00eatre! Cette ressource vous donnera une excellente compr\u00e9hension des exigences de la planification et des obstacles potentiels.<\/p>\n<p><b>Apprenez-en plus: <\/b><\/p>\n<ul>\n<li>Mobiliser vos collecteurs de fonds<\/li>\n<li>Travailler avec un petit budget<\/li>\n<li>Choisir un th\u00e8me de campagne<\/li>\n<li>Atteindre votre objectif de collecte de fonds<\/li>\n<li>Commercialiser votre \u00e9v\u00e9nement<\/li>\n<li>S\u00e9curiser des partenaires et commanditaires<\/li>\n<li>Gestion de la logistique des \u00e9v\u00e9nements<\/li>\n<li>Et beaucoup plus<\/li>\n<\/ul>\n<p><b>Soumettez le formulaire ci-dessous et vous serez imm\u00e9diatement redirig\u00e9 vers une page contenant votre lien de t\u00e9l\u00e9chargement du livre blanc.<\/b><\/p>\n<div class=\"row\">\n<div class=\"col-sm-6\">\n<div class=\"panel panel-info\" style=\"margin: 20px 0;\">\n<div class=\"panel-heading\">\n<h2 class=\"text-center\">T\u00e9l\u00e9chargez le Livre blanc gratuit!<\/h2>\n<\/div>\n<div class=\"panel-body\"><script type=\"text\/javascript\">var gform;gform||(document.addEventListener(\"gform_main_scripts_loaded\",function(){gform.scriptsLoaded=!0}),window.addEventListener(\"DOMContentLoaded\",function(){gform.domLoaded=!0}),gform={domLoaded:!1,scriptsLoaded:!1,initializeOnLoaded:function(o){gform.domLoaded&&gform.scriptsLoaded?o():!gform.domLoaded&&gform.scriptsLoaded?window.addEventListener(\"DOMContentLoaded\",o):document.addEventListener(\"gform_main_scripts_loaded\",o)},hooks:{action:{},filter:{}},addAction:function(o,n,r,t){gform.addHook(\"action\",o,n,r,t)},addFilter:function(o,n,r,t){gform.addHook(\"filter\",o,n,r,t)},doAction:function(o){gform.doHook(\"action\",o,arguments)},applyFilters:function(o){return gform.doHook(\"filter\",o,arguments)},removeAction:function(o,n){gform.removeHook(\"action\",o,n)},removeFilter:function(o,n,r){gform.removeHook(\"filter\",o,n,r)},addHook:function(o,n,r,t,i){null==gform.hooks[o][n]&&(gform.hooks[o][n]=[]);var e=gform.hooks[o][n];null==i&&(i=n+\"_\"+e.length),gform.hooks[o][n].push({tag:i,callable:r,priority:t=null==t?10:t})},doHook:function(n,o,r){var t;if(r=Array.prototype.slice.call(r,1),null!=gform.hooks[n][o]&&((o=gform.hooks[n][o]).sort(function(o,n){return o.priority-n.priority}),o.forEach(function(o){\"function\"!=typeof(t=o.callable)&&(t=window[t]),\"action\"==n?t.apply(null,r):r[0]=t.apply(null,r)})),\"filter\"==n)return r[0]},removeHook:function(o,n,t,i){var r;null!=gform.hooks[o][n]&&(r=(r=gform.hooks[o][n]).filter(function(o,n,r){return!!(null!=i&&i!=o.tag||null!=t&&t!=o.priority)}),gform.hooks[o][n]=r)}});<\/script>\n                <div class='gf_browser_gecko gform_wrapper gform_legacy_markup_wrapper gform-theme--no-framework' data-form-theme='legacy' data-form-index='0' id='gform_wrapper_46' ><div id='gf_46' class='gform_anchor' tabindex='-1'><\/div><form method='post' enctype='multipart\/form-data' target='gform_ajax_frame_46' id='gform_46'  action='\/fr\/wp-json\/wp\/v2\/pages\/42137#gf_46' data-formid='46' novalidate>\n                        <div class='gform-body gform_body'><ul id='gform_fields_46' class='gform_fields top_label form_sublabel_below description_below validation_below'><li id=\"field_46_18\" class=\"gfield gfield--type-text gfield_contains_required field_sublabel_below gfield--no-description field_description_below field_validation_below gfield_visibility_visible\"  data-js-reload=\"field_46_18\" ><label class='gfield_label gform-field-label' for='input_46_18'>Pr\u00e9nom<span class=\"gfield_required\"><span class=\"gfield_required gfield_required_asterisk\">*<\/span><\/span><\/label><div class='ginput_container ginput_container_text'><input name='input_18' id='input_46_18' type='text' value='' class='medium'     aria-required=\"true\" aria-invalid=\"false\"   \/> <\/div><\/li><li id=\"field_46_17\" class=\"gfield gfield--type-text gfield_contains_required field_sublabel_below gfield--no-description field_description_below field_validation_below gfield_visibility_visible\"  data-js-reload=\"field_46_17\" ><label class='gfield_label gform-field-label' for='input_46_17'>Nom<span class=\"gfield_required\"><span class=\"gfield_required gfield_required_asterisk\">*<\/span><\/span><\/label><div class='ginput_container ginput_container_text'><input name='input_17' id='input_46_17' type='text' value='' class='medium'     aria-required=\"true\" aria-invalid=\"false\"   \/> <\/div><\/li><li id=\"field_46_2\" class=\"gfield gfield--type-text gfield_contains_required field_sublabel_below gfield--no-description field_description_below field_validation_below gfield_visibility_visible\"  data-js-reload=\"field_46_2\" ><label class='gfield_label gform-field-label' for='input_46_2'>Nom de votre organisme<span class=\"gfield_required\"><span class=\"gfield_required gfield_required_asterisk\">*<\/span><\/span><\/label><div class='ginput_container ginput_container_text'><input name='input_2' id='input_46_2' type='text' value='' class='small' maxlength='50'    aria-required=\"true\" aria-invalid=\"false\"   \/> <\/div><\/li><li id=\"field_46_12\" class=\"gfield gfield--type-text gfield_contains_required field_sublabel_below gfield--no-description field_description_below field_validation_below gfield_visibility_visible\"  data-js-reload=\"field_46_12\" ><label class='gfield_label gform-field-label' for='input_46_12'>Votre r\u00f4le au sein de l\u2019organisme<span class=\"gfield_required\"><span class=\"gfield_required gfield_required_asterisk\">*<\/span><\/span><\/label><div class='ginput_container ginput_container_text'><input name='input_12' id='input_46_12' type='text' value='' class='small' maxlength='50'    aria-required=\"true\" aria-invalid=\"false\"   \/> <\/div><\/li><li id=\"field_46_10\" class=\"gfield gfield--type-text gfield_contains_required field_sublabel_below gfield--no-description field_description_below field_validation_below gfield_visibility_visible\"  data-js-reload=\"field_46_10\" ><label class='gfield_label gform-field-label' for='input_46_10'>Province\/\u00c9tat<span class=\"gfield_required\"><span class=\"gfield_required gfield_required_asterisk\">*<\/span><\/span><\/label><div class='ginput_container ginput_container_text'><input name='input_10' id='input_46_10' type='text' value='' class='small' maxlength='50'    aria-required=\"true\" aria-invalid=\"false\"   \/> <\/div><\/li><li id=\"field_46_5\" class=\"gfield gfield--type-email gfield_contains_required field_sublabel_below gfield--no-description field_description_below field_validation_below gfield_visibility_visible\"  data-js-reload=\"field_46_5\" ><label class='gfield_label gform-field-label' for='input_46_5'>Adresse courriel<span class=\"gfield_required\"><span class=\"gfield_required gfield_required_asterisk\">*<\/span><\/span><\/label><div class='ginput_container ginput_container_email'>\n                            <input name='input_5' id='input_46_5' type='email' value='' class='medium'    aria-required=\"true\" aria-invalid=\"false\"  \/>\n                        <\/div><\/li><li id=\"field_46_15\" class=\"gfield gfield--type-checkbox gfield--type-choice gt-publicity-field field_sublabel_below gfield--no-description field_description_below field_validation_below gfield_visibility_visible\"  data-js-reload=\"field_46_15\" ><label class='gfield_label gform-field-label screen-reader-text gfield_label_before_complex' ><\/label><div class='ginput_container ginput_container_checkbox'><ul class='gfield_checkbox' id='input_46_15'><li class='gchoice gchoice_46_15_1'>\n\t\t\t\t\t\t\t\t<input class='gfield-choice-input' name='input_15.1' type='checkbox'  value='1'  id='choice_46_15_1'   \/>\n\t\t\t\t\t\t\t\t<label for='choice_46_15_1' id='label_46_15_1' class='gform-field-label gform-field-label--type-inline'>Oui, envoyez-moi le cyberbulletin gratuit de CanaDon pour les organismes de bienfaisance<\/label>\n\t\t\t\t\t\t\t<\/li><\/ul><\/div><\/li><li id=\"field_46_7\" class=\"gfield gfield--type-captcha field_sublabel_below gfield--no-description field_description_below field_validation_below gfield_visibility_visible\"  data-js-reload=\"field_46_7\" ><label class='gfield_label gform-field-label' for='input_46_7'>CAPTCHA<\/label><div id='input_46_7' class='ginput_container ginput_recaptcha' data-sitekey='6Lf1GWwUAAAAALMrmKvSiyo-U6ovlp_JUaA5cjkK'  data-theme='light' data-tabindex='0'  data-badge=''><\/div><\/li><li id=\"field_46_16\" class=\"gfield gfield--type-hidden gform_hidden field_sublabel_below gfield--no-description field_description_below field_validation_below gfield_visibility_visible\"  data-js-reload=\"field_46_16\" ><div class='ginput_container ginput_container_text'><input name='input_16' id='input_46_16' type='hidden' class='gform_hidden'  aria-invalid=\"false\" value='Livre blanc' \/><\/div><\/li><\/ul><\/div>\n        <div class='gform_footer top_label'> <input type='submit' id='gform_submit_button_46' class='gform_button button' value='Obtenez le Livre blanc gratuit!'  onclick='if(window[\"gf_submitting_46\"]){return false;}  if( !jQuery(\"#gform_46\")[0].checkValidity || jQuery(\"#gform_46\")[0].checkValidity()){window[\"gf_submitting_46\"]=true;}  ' onkeypress='if( event.keyCode == 13 ){ if(window[\"gf_submitting_46\"]){return false;} if( !jQuery(\"#gform_46\")[0].checkValidity || jQuery(\"#gform_46\")[0].checkValidity()){window[\"gf_submitting_46\"]=true;}  jQuery(\"#gform_46\").trigger(\"submit\",[true]); }' \/> <input type='hidden' name='gform_ajax' value='form_id=46&amp;title=&amp;description=&amp;tabindex=0&amp;theme=legacy' \/>\n            <input type='hidden' class='gform_hidden' name='is_submit_46' value='1' \/>\n            <input type='hidden' class='gform_hidden' name='gform_submit' value='46' \/>\n            \n            <input type='hidden' class='gform_hidden' name='gform_unique_id' value='' \/>\n            <input type='hidden' class='gform_hidden' name='state_46' value='WyJbXSIsIjdjM2Q1N2FlNjcwMTE5ZThlYmJiYjFkMjNiZGIwMWQxIl0=' \/>\n            <input type='hidden' class='gform_hidden' name='gform_target_page_number_46' id='gform_target_page_number_46' value='0' \/>\n            <input type='hidden' class='gform_hidden' name='gform_source_page_number_46' id='gform_source_page_number_46' value='1' \/>\n            <input type='hidden' name='gform_field_values' value='' \/>\n            \n        <\/div>\n                        <p style=\"display: none !important;\" class=\"akismet-fields-container\" data-prefix=\"ak_\"><label>&#916;<textarea name=\"ak_hp_textarea\" cols=\"45\" rows=\"8\" maxlength=\"100\"><\/textarea><\/label><input type=\"hidden\" id=\"ak_js_1\" name=\"ak_js\" value=\"37\"\/><script>document.getElementById( \"ak_js_1\" ).setAttribute( \"value\", ( new Date() ).getTime() );<\/script><\/p><\/form>\n                        <\/div>\n\t\t                <iframe style='display:none;width:0px;height:0px;' src='about:blank' name='gform_ajax_frame_46' id='gform_ajax_frame_46' title='This iframe contains the logic required to handle Ajax powered Gravity Forms.'><\/iframe>\n\t\t                <script type=\"text\/javascript\">\n\/* <![CDATA[ *\/\n gform.initializeOnLoaded( function() {gformInitSpinner( 46, 'https:\/\/www.canadahelps.org\/wp-content\/plugins\/gravityforms\/images\/spinner.svg', true );jQuery('#gform_ajax_frame_46').on('load',function(){var contents = jQuery(this).contents().find('*').html();var is_postback = contents.indexOf('GF_AJAX_POSTBACK') >= 0;if(!is_postback){return;}var form_content = jQuery(this).contents().find('#gform_wrapper_46');var is_confirmation = jQuery(this).contents().find('#gform_confirmation_wrapper_46').length > 0;var is_redirect = contents.indexOf('gformRedirect(){') >= 0;var is_form = form_content.length > 0 && ! is_redirect && ! is_confirmation;var mt = parseInt(jQuery('html').css('margin-top'), 10) + parseInt(jQuery('body').css('margin-top'), 10) + 100;if(is_form){jQuery('#gform_wrapper_46').html(form_content.html());if(form_content.hasClass('gform_validation_error')){jQuery('#gform_wrapper_46').addClass('gform_validation_error');} else {jQuery('#gform_wrapper_46').removeClass('gform_validation_error');}setTimeout( function() { \/* delay the scroll by 50 milliseconds to fix a bug in chrome *\/ jQuery(document).scrollTop(jQuery('#gform_wrapper_46').offset().top - mt); }, 50 );if(window['gformInitDatepicker']) {gformInitDatepicker();}if(window['gformInitPriceFields']) {gformInitPriceFields();}var current_page = jQuery('#gform_source_page_number_46').val();gformInitSpinner( 46, 'https:\/\/www.canadahelps.org\/wp-content\/plugins\/gravityforms\/images\/spinner.svg', true );jQuery(document).trigger('gform_page_loaded', [46, current_page]);window['gf_submitting_46'] = false;}else if(!is_redirect){var confirmation_content = jQuery(this).contents().find('.GF_AJAX_POSTBACK').html();if(!confirmation_content){confirmation_content = contents;}jQuery('#gform_wrapper_46').replaceWith(confirmation_content);jQuery(document).scrollTop(jQuery('#gf_46').offset().top - mt);jQuery(document).trigger('gform_confirmation_loaded', [46]);window['gf_submitting_46'] = false;wp.a11y.speak(jQuery('#gform_confirmation_message_46').text());}else{jQuery('#gform_46').append(contents);if(window['gformRedirect']) {gformRedirect();}}jQuery(document).trigger(\"gform_pre_post_render\", [{ formId: \"46\", currentPage: \"current_page\", abort: function() { this.preventDefault(); } }]);                if (event && event.defaultPrevented) {                return;         }        const gformWrapperDiv = document.getElementById( \"gform_wrapper_46\" );        if ( gformWrapperDiv ) {            const visibilitySpan = document.createElement( \"span\" );            visibilitySpan.id = \"gform_visibility_test_46\";            gformWrapperDiv.insertAdjacentElement( \"afterend\", visibilitySpan );        }        const visibilityTestDiv = document.getElementById( \"gform_visibility_test_46\" );        let postRenderFired = false;                function triggerPostRender() {            if ( postRenderFired ) {                return;            }            postRenderFired = true;            jQuery( document ).trigger( 'gform_post_render', [46, current_page] );            gform.utils.trigger( { event: 'gform\/postRender', native: false, data: { formId: 46, currentPage: current_page } } );            if ( visibilityTestDiv ) {                visibilityTestDiv.parentNode.removeChild( visibilityTestDiv );            }        }        function debounce( func, wait, immediate ) {            var timeout;            return function() {                var context = this, args = arguments;                var later = function() {                    timeout = null;                    if ( !immediate ) func.apply( context, args );                };                var callNow = immediate && !timeout;                clearTimeout( timeout );                timeout = setTimeout( later, wait );                if ( callNow ) func.apply( context, args );            };        }        const debouncedTriggerPostRender = debounce( function() {            triggerPostRender();        }, 200 );        if ( visibilityTestDiv && visibilityTestDiv.offsetParent === null ) {            const observer = new MutationObserver( ( mutations ) => {                mutations.forEach( ( mutation ) => {                    if ( mutation.type === 'attributes' && visibilityTestDiv.offsetParent !== null ) {                        debouncedTriggerPostRender();                        observer.disconnect();                    }                });            });            observer.observe( document.body, {                attributes: true,                childList: false,                subtree: true,                attributeFilter: [ 'style', 'class' ],            });        } else {            triggerPostRender();        }    } );} ); \n\/* ]]> *\/\n<\/script>\n<\/div>\n<\/div>\n<\/div>\n<p><a name=\"section-1\"><\/a><\/p>\n<div class=\"col-sm-offset-1 col-sm-5\"><\/div>\n<\/div>\n","protected":false},"excerpt":{"rendered":"<p>Livre blanc gratuit: Lancez votre premi\u00e8re campagne entre pairs : une collecte de fonds entre particuliers \u00e0 des fins sociales T\u00e9l\u00e9chargez instantan\u00e9ment cette ressource GRATUITE &#8230; <a href=\"https:\/\/www.canadahelps.org\/fr\/campagne-entre-pairs\/\" id=\"canadahelp-blog-meta\">Voir plus<\/a><\/p>\n","protected":false},"author":30,"featured_media":0,"parent":0,"menu_order":0,"comment_status":"closed","ping_status":"closed","template":"template-custom.php","meta":{"footnotes":""},"class_list":["post-42137","page","type-page","status-publish","hentry"],"acf":{"use_toc_layout":false,"meta_description":"","additional_body_css_classes":"","row_settings":false,"hide_page_title":false,"insert_spotlight_boxes":false,"use_biography_grid":false,"footer_panels":false,"header_banner_colour":"#748E09"},"yoast_head":"<!-- This site is optimized with the Yoast SEO plugin v26.0 - https:\/\/yoast.com\/wordpress\/plugins\/seo\/ -->\n<title>Campagne entre Pairs | CanadaHelps - Donate to any charity in Canada<\/title>\n<meta name=\"robots\" content=\"index, follow, max-snippet:-1, max-image-preview:large, max-video-preview:-1\" \/>\n<link rel=\"canonical\" href=\"https:\/\/www.canadahelps.org\/fr\/campagne-entre-pairs\/\" \/>\n<meta property=\"og:locale\" content=\"fr_FR\" \/>\n<meta property=\"og:type\" content=\"article\" \/>\n<meta property=\"og:title\" content=\"Campagne entre Pairs | CanadaHelps - Donate to any charity in Canada\" \/>\n<meta property=\"og:description\" content=\"Livre blanc gratuit: Lancez votre premi\u00e8re campagne entre pairs : une collecte de fonds entre particuliers \u00e0 des fins sociales T\u00e9l\u00e9chargez instantan\u00e9ment cette ressource GRATUITE ... Voir plus\" \/>\n<meta property=\"og:url\" content=\"https:\/\/www.canadahelps.org\/fr\/campagne-entre-pairs\/\" \/>\n<meta property=\"og:site_name\" content=\"CanadaHelps - Donate to any charity in Canada\" \/>\n<meta property=\"article:modified_time\" content=\"2021-06-21T20:46:34+00:00\" \/>\n<meta property=\"og:image\" content=\"https:\/\/www.canadahelps.org\/media\/LancezP2P.jpg\" \/>\n<meta name=\"twitter:card\" content=\"summary_large_image\" \/>\n<meta name=\"twitter:label1\" content=\"Est. reading time\" \/>\n\t<meta name=\"twitter:data1\" content=\"1 minute\" \/>\n<script type=\"application\/ld+json\" class=\"yoast-schema-graph\">{\"@context\":\"https:\/\/schema.org\",\"@graph\":[{\"@type\":\"WebPage\",\"@id\":\"https:\/\/www.canadahelps.org\/fr\/campagne-entre-pairs\/\",\"url\":\"https:\/\/www.canadahelps.org\/fr\/campagne-entre-pairs\/\",\"name\":\"Campagne entre Pairs | CanadaHelps - Donate to any charity in Canada\",\"isPartOf\":{\"@id\":\"https:\/\/www.canadahelps.org\/fr\/#website\"},\"primaryImageOfPage\":{\"@id\":\"https:\/\/www.canadahelps.org\/fr\/campagne-entre-pairs\/#primaryimage\"},\"image\":{\"@id\":\"https:\/\/www.canadahelps.org\/fr\/campagne-entre-pairs\/#primaryimage\"},\"thumbnailUrl\":\"https:\/\/www.canadahelps.org\/media\/LancezP2P.jpg\",\"datePublished\":\"2021-06-21T20:40:02+00:00\",\"dateModified\":\"2021-06-21T20:46:34+00:00\",\"breadcrumb\":{\"@id\":\"https:\/\/www.canadahelps.org\/fr\/campagne-entre-pairs\/#breadcrumb\"},\"inLanguage\":\"fr\",\"potentialAction\":[{\"@type\":\"ReadAction\",\"target\":[\"https:\/\/www.canadahelps.org\/fr\/campagne-entre-pairs\/\"]}]},{\"@type\":\"ImageObject\",\"inLanguage\":\"fr\",\"@id\":\"https:\/\/www.canadahelps.org\/fr\/campagne-entre-pairs\/#primaryimage\",\"url\":\"https:\/\/www.canadahelps.org\/media\/LancezP2P.jpg\",\"contentUrl\":\"https:\/\/www.canadahelps.org\/media\/LancezP2P.jpg\"},{\"@type\":\"BreadcrumbList\",\"@id\":\"https:\/\/www.canadahelps.org\/fr\/campagne-entre-pairs\/#breadcrumb\",\"itemListElement\":[{\"@type\":\"ListItem\",\"position\":1,\"name\":\"Home\",\"item\":\"https:\/\/www.canadahelps.org\/fr\/\"},{\"@type\":\"ListItem\",\"position\":2,\"name\":\"Campagne entre Pairs\"}]},{\"@type\":\"WebSite\",\"@id\":\"https:\/\/www.canadahelps.org\/fr\/#website\",\"url\":\"https:\/\/www.canadahelps.org\/fr\/\",\"name\":\"CanadaHelps - Donate to any charity in Canada\",\"description\":\"Giving Made Simple\",\"publisher\":{\"@id\":\"https:\/\/www.canadahelps.org\/fr\/#organization\"},\"potentialAction\":[{\"@type\":\"SearchAction\",\"target\":{\"@type\":\"EntryPoint\",\"urlTemplate\":\"https:\/\/www.canadahelps.org\/fr\/?s={search_term_string}\"},\"query-input\":{\"@type\":\"PropertyValueSpecification\",\"valueRequired\":true,\"valueName\":\"search_term_string\"}}],\"inLanguage\":\"fr\"},{\"@type\":\"Organization\",\"@id\":\"https:\/\/www.canadahelps.org\/fr\/#organization\",\"name\":\"CanadaHelps\",\"url\":\"https:\/\/www.canadahelps.org\/fr\/\",\"logo\":{\"@type\":\"ImageObject\",\"inLanguage\":\"fr\",\"@id\":\"https:\/\/www.canadahelps.org\/fr\/#\/schema\/logo\/image\/\",\"url\":\"https:\/\/www.canadahelps.org\/media\/canadahelps-en.jpg\",\"contentUrl\":\"https:\/\/www.canadahelps.org\/media\/canadahelps-en.jpg\",\"width\":131,\"height\":72,\"caption\":\"CanadaHelps\"},\"image\":{\"@id\":\"https:\/\/www.canadahelps.org\/fr\/#\/schema\/logo\/image\/\"}}]}<\/script>\n<!-- \/ Yoast SEO plugin. -->","yoast_head_json":{"title":"Campagne entre Pairs | CanadaHelps - Donate to any charity in Canada","robots":{"index":"index","follow":"follow","max-snippet":"max-snippet:-1","max-image-preview":"max-image-preview:large","max-video-preview":"max-video-preview:-1"},"canonical":"https:\/\/www.canadahelps.org\/fr\/campagne-entre-pairs\/","og_locale":"fr_FR","og_type":"article","og_title":"Campagne entre Pairs | CanadaHelps - Donate to any charity in Canada","og_description":"Livre blanc gratuit: Lancez votre premi\u00e8re campagne entre pairs : une collecte de fonds entre particuliers \u00e0 des fins sociales T\u00e9l\u00e9chargez instantan\u00e9ment cette ressource GRATUITE ... Voir plus","og_url":"https:\/\/www.canadahelps.org\/fr\/campagne-entre-pairs\/","og_site_name":"CanadaHelps - Donate to any charity in Canada","article_modified_time":"2021-06-21T20:46:34+00:00","og_image":[{"url":"https:\/\/www.canadahelps.org\/media\/LancezP2P.jpg","type":"","width":"","height":""}],"twitter_card":"summary_large_image","twitter_misc":{"Est. reading time":"1 minute"},"schema":{"@context":"https:\/\/schema.org","@graph":[{"@type":"WebPage","@id":"https:\/\/www.canadahelps.org\/fr\/campagne-entre-pairs\/","url":"https:\/\/www.canadahelps.org\/fr\/campagne-entre-pairs\/","name":"Campagne entre Pairs | CanadaHelps - Donate to any charity in Canada","isPartOf":{"@id":"https:\/\/www.canadahelps.org\/fr\/#website"},"primaryImageOfPage":{"@id":"https:\/\/www.canadahelps.org\/fr\/campagne-entre-pairs\/#primaryimage"},"image":{"@id":"https:\/\/www.canadahelps.org\/fr\/campagne-entre-pairs\/#primaryimage"},"thumbnailUrl":"https:\/\/www.canadahelps.org\/media\/LancezP2P.jpg","datePublished":"2021-06-21T20:40:02+00:00","dateModified":"2021-06-21T20:46:34+00:00","breadcrumb":{"@id":"https:\/\/www.canadahelps.org\/fr\/campagne-entre-pairs\/#breadcrumb"},"inLanguage":"fr","potentialAction":[{"@type":"ReadAction","target":["https:\/\/www.canadahelps.org\/fr\/campagne-entre-pairs\/"]}]},{"@type":"ImageObject","inLanguage":"fr","@id":"https:\/\/www.canadahelps.org\/fr\/campagne-entre-pairs\/#primaryimage","url":"https:\/\/www.canadahelps.org\/media\/LancezP2P.jpg","contentUrl":"https:\/\/www.canadahelps.org\/media\/LancezP2P.jpg"},{"@type":"BreadcrumbList","@id":"https:\/\/www.canadahelps.org\/fr\/campagne-entre-pairs\/#breadcrumb","itemListElement":[{"@type":"ListItem","position":1,"name":"Home","item":"https:\/\/www.canadahelps.org\/fr\/"},{"@type":"ListItem","position":2,"name":"Campagne entre Pairs"}]},{"@type":"WebSite","@id":"https:\/\/www.canadahelps.org\/fr\/#website","url":"https:\/\/www.canadahelps.org\/fr\/","name":"CanadaHelps - Donate to any charity in Canada","description":"Giving Made Simple","publisher":{"@id":"https:\/\/www.canadahelps.org\/fr\/#organization"},"potentialAction":[{"@type":"SearchAction","target":{"@type":"EntryPoint","urlTemplate":"https:\/\/www.canadahelps.org\/fr\/?s={search_term_string}"},"query-input":{"@type":"PropertyValueSpecification","valueRequired":true,"valueName":"search_term_string"}}],"inLanguage":"fr"},{"@type":"Organization","@id":"https:\/\/www.canadahelps.org\/fr\/#organization","name":"CanadaHelps","url":"https:\/\/www.canadahelps.org\/fr\/","logo":{"@type":"ImageObject","inLanguage":"fr","@id":"https:\/\/www.canadahelps.org\/fr\/#\/schema\/logo\/image\/","url":"https:\/\/www.canadahelps.org\/media\/canadahelps-en.jpg","contentUrl":"https:\/\/www.canadahelps.org\/media\/canadahelps-en.jpg","width":131,"height":72,"caption":"CanadaHelps"},"image":{"@id":"https:\/\/www.canadahelps.org\/fr\/#\/schema\/logo\/image\/"}}]}},"_links":{"self":[{"href":"https:\/\/www.canadahelps.org\/fr\/wp-json\/wp\/v2\/pages\/42137","targetHints":{"allow":["GET"]}}],"collection":[{"href":"https:\/\/www.canadahelps.org\/fr\/wp-json\/wp\/v2\/pages"}],"about":[{"href":"https:\/\/www.canadahelps.org\/fr\/wp-json\/wp\/v2\/types\/page"}],"author":[{"embeddable":true,"href":"https:\/\/www.canadahelps.org\/fr\/wp-json\/wp\/v2\/users\/30"}],"replies":[{"embeddable":true,"href":"https:\/\/www.canadahelps.org\/fr\/wp-json\/wp\/v2\/comments?post=42137"}],"version-history":[{"count":1,"href":"https:\/\/www.canadahelps.org\/fr\/wp-json\/wp\/v2\/pages\/42137\/revisions"}],"predecessor-version":[{"id":42138,"href":"https:\/\/www.canadahelps.org\/fr\/wp-json\/wp\/v2\/pages\/42137\/revisions\/42138"}],"wp:attachment":[{"href":"https:\/\/www.canadahelps.org\/fr\/wp-json\/wp\/v2\/media?parent=42137"}],"curies":[{"name":"wp","href":"https:\/\/api.w.org\/{rel}","templated":true}]}}