{"id":42726,"date":"2021-08-16T14:46:34","date_gmt":"2021-08-16T18:46:34","guid":{"rendered":"https:\/\/www.canadahelps.org\/?page_id=42726"},"modified":"2021-10-26T16:23:30","modified_gmt":"2021-10-26T20:23:30","slug":"faire-un-don-pour-les-secours-pour-le-tremblement-de-terre-en-haiti","status":"publish","type":"page","link":"https:\/\/www.canadahelps.org\/fr\/faire-un-don-pour-les-secours-pour-le-tremblement-de-terre-en-haiti\/","title":{"rendered":"Faire un don pour les secours pour le tremblement de terre en Ha\u00efti"},"content":{"rendered":"<p><a class=\"btn btn--large btn--primary\" href=\"https:\/\/www.canadahelps.org\/fr\/reponse-au-haiti\/\">Pour ajouter votre organisme \u00e0 cette liste, veuiller cliquer ici<\/a><\/p>\n","protected":false},"excerpt":{"rendered":"<p>Pour ajouter votre organisme \u00e0 cette liste, veuiller cliquer ici<\/p>\n","protected":false},"author":7,"featured_media":0,"parent":0,"menu_order":0,"comment_status":"closed","ping_status":"closed","template":"template-merchandise-page.php","meta":{"_acf_changed":false,"footnotes":""},"class_list":["post-42726","page","type-page","status-publish","hentry"],"acf":{"use_toc_layout":false,"meta_description":"","additional_body_css_classes":"","min_banner_height":"280","header_title":"<p>Faire un don pour les secours pour le tremblement de terre en Ha\u00efti<\/p>\n","explanatory_text":"<p>Ha\u00efti est en \u00e9tat d&#8217;urgence apr\u00e8s le tremblement de terre du 14 ao\u00fbt 2021. Plus de 1 200 personnes sont mortes, plus de 5 000 personnes sont bless\u00e9es et des milliers d&#8217;autres sont d\u00e9plac\u00e9es de leurs foyers. Beaucoup n&#8217;ont pas les n\u00e9cessit\u00e9s de base telles que la nourriture, l&#8217;eau potable, un abri et des articles d&#8217;hygi\u00e8ne. Alors que les pr\u00e9visions de temp\u00eates tropicales et de r\u00e9pliques continuent de menacer le pays, la fin de cette crise n&#8217;est pas en vue. Votre aide est urgente, faites un don d\u00e8s aujourd&#8217;hui !<\/p>\n","button_text":"","button_link":"","hide_page_title":false,"row_settings":[{"row_header":"Faire un don pour les secours pour le tremblement de terre en Ha\u00efti","row_link_text":"","row_link_url":"","trigger_masonry_layout":false,"text_before_row":"","text_after_row":"","text_after_row_header":"","card_settings":[{"card_name":"CANADIAN JESUITS INTERNATIONAL","card_type":"campaign","id":"19474","display_categories":true,"display_image":true,"display_address":true,"display_summary":true,"display_campaign_types":true,"display_progress":true,"link_or_button":"button","card_link_text":"FAITES UN DON MAINTENANT"},{"card_name":"MEDECINS DU MONDE CANADA","card_type":"campaign","id":"19471","display_categories":true,"display_image":true,"display_address":true,"display_summary":true,"display_campaign_types":true,"display_progress":true,"link_or_button":"button","card_link_text":"FAITES UN DON MAINTENANT"},{"card_name":"CANADIAN RED CROSS","card_type":"campaign","id":"19461","display_categories":true,"display_image":true,"display_address":true,"display_summary":true,"display_campaign_types":true,"display_progress":true,"link_or_button":"button","card_link_text":"FAITES UN DON MAINTENANT"},{"card_name":"Humanity & Inclusion Canada - Handicap International","card_type":"campaign","id":"19459","display_categories":true,"display_image":true,"display_address":true,"display_summary":true,"display_campaign_types":true,"display_progress":true,"link_or_button":"button","card_link_text":"FAITES UN DON MAINTENANT"},{"card_name":"UNICEF CANADA","card_type":"campaign","id":"19455","display_categories":true,"display_image":true,"display_address":true,"display_summary":true,"display_campaign_types":true,"display_progress":true,"link_or_button":"button","card_link_text":"FAITES UN DON MAINTENANT"},{"card_name":"GLOBALMEDIC","card_type":"campaign","id":"19444","display_categories":true,"display_image":true,"display_address":true,"display_summary":true,"display_campaign_types":true,"display_progress":true,"link_or_button":"button","card_link_text":"FAITES UN DON MAINTENANT"},{"card_name":"CMAT Canadian Medical Assistance Teams","card_type":"campaign","id":"19442","display_categories":true,"display_image":true,"display_address":true,"display_summary":true,"display_campaign_types":true,"display_progress":true,"link_or_button":"button","card_link_text":"FAITES UN DON MAINTENANT"},{"card_name":"Kids Against Hunger Canada","card_type":"campaign","id":"19483","display_categories":true,"display_image":true,"display_address":true,"display_summary":true,"display_campaign_types":true,"display_progress":true,"link_or_button":"button","card_link_text":"FAITES UN DON MAINTENANT"},{"card_name":"Development and Peace \u2014 Caritas Canada","card_type":"campaign","id":"19488","display_categories":true,"display_image":true,"display_address":true,"display_summary":true,"display_campaign_types":true,"display_progress":true,"link_or_button":"button","card_link_text":"FAITES UN DON MAINTENANT"},{"card_name":"CMAT Canadian Medical Assistance Teams","card_type":"campaign","id":"19442\t","display_categories":true,"display_image":true,"display_address":true,"display_summary":true,"display_campaign_types":true,"display_progress":true,"link_or_button":"button","card_link_text":"FAITES UN DON MAINTENANT"},{"card_name":"CARE Canada","card_type":"campaign","id":"19478","display_categories":true,"display_image":true,"display_address":true,"display_summary":true,"display_campaign_types":true,"display_progress":true,"link_or_button":"button","card_link_text":"FAITES UN DON MAINTENANT"},{"card_name":"The United Church of Canada","card_type":"campaign","id":"19495","display_categories":true,"display_image":true,"display_address":true,"display_summary":true,"display_campaign_types":true,"display_progress":true,"link_or_button":"button","card_link_text":"FAITES UN DON MAINTENANT"}]}],"insert_spotlight_boxes":false,"use_biography_grid":false},"yoast_head":"<!-- This site is optimized with the Yoast SEO plugin v26.0 - https:\/\/yoast.com\/wordpress\/plugins\/seo\/ -->\n<title>Faire un don pour les secours pour le tremblement de terre en Ha\u00efti | CanadaHelps - Donate to any charity in Canada<\/title>\n<meta name=\"robots\" content=\"index, follow, max-snippet:-1, max-image-preview:large, max-video-preview:-1\" \/>\n<link rel=\"canonical\" href=\"https:\/\/www.canadahelps.org\/fr\/faire-un-don-pour-les-secours-pour-le-tremblement-de-terre-en-haiti\/\" \/>\n<meta property=\"og:locale\" content=\"fr_FR\" \/>\n<meta property=\"og:type\" content=\"article\" \/>\n<meta property=\"og:title\" content=\"Faire un don pour les secours pour le tremblement de terre en Ha\u00efti | CanadaHelps - Donate to any charity in Canada\" \/>\n<meta property=\"og:description\" content=\"Pour ajouter votre organisme \u00e0 cette liste, veuiller cliquer ici\" \/>\n<meta property=\"og:url\" content=\"https:\/\/www.canadahelps.org\/fr\/faire-un-don-pour-les-secours-pour-le-tremblement-de-terre-en-haiti\/\" \/>\n<meta property=\"og:site_name\" content=\"CanadaHelps - Donate to any charity in Canada\" \/>\n<meta property=\"article:modified_time\" content=\"2021-10-26T20:23:30+00:00\" \/>\n<meta name=\"twitter:card\" content=\"summary_large_image\" \/>\n<script type=\"application\/ld+json\" class=\"yoast-schema-graph\">{\"@context\":\"https:\/\/schema.org\",\"@graph\":[{\"@type\":\"WebPage\",\"@id\":\"https:\/\/www.canadahelps.org\/fr\/faire-un-don-pour-les-secours-pour-le-tremblement-de-terre-en-haiti\/\",\"url\":\"https:\/\/www.canadahelps.org\/fr\/faire-un-don-pour-les-secours-pour-le-tremblement-de-terre-en-haiti\/\",\"name\":\"Faire un don pour les secours pour le tremblement de terre en Ha\u00efti | CanadaHelps - Donate to any charity in Canada\",\"isPartOf\":{\"@id\":\"https:\/\/www.canadahelps.org\/fr\/#website\"},\"datePublished\":\"2021-08-16T18:46:34+00:00\",\"dateModified\":\"2021-10-26T20:23:30+00:00\",\"breadcrumb\":{\"@id\":\"https:\/\/www.canadahelps.org\/fr\/faire-un-don-pour-les-secours-pour-le-tremblement-de-terre-en-haiti\/#breadcrumb\"},\"inLanguage\":\"fr\",\"potentialAction\":[{\"@type\":\"ReadAction\",\"target\":[\"https:\/\/www.canadahelps.org\/fr\/faire-un-don-pour-les-secours-pour-le-tremblement-de-terre-en-haiti\/\"]}]},{\"@type\":\"BreadcrumbList\",\"@id\":\"https:\/\/www.canadahelps.org\/fr\/faire-un-don-pour-les-secours-pour-le-tremblement-de-terre-en-haiti\/#breadcrumb\",\"itemListElement\":[{\"@type\":\"ListItem\",\"position\":1,\"name\":\"Home\",\"item\":\"https:\/\/www.canadahelps.org\/fr\/\"},{\"@type\":\"ListItem\",\"position\":2,\"name\":\"Faire un don pour les secours pour le tremblement de terre en Ha\u00efti\"}]},{\"@type\":\"WebSite\",\"@id\":\"https:\/\/www.canadahelps.org\/fr\/#website\",\"url\":\"https:\/\/www.canadahelps.org\/fr\/\",\"name\":\"CanadaHelps - Donate to any charity in Canada\",\"description\":\"Giving Made Simple\",\"publisher\":{\"@id\":\"https:\/\/www.canadahelps.org\/fr\/#organization\"},\"potentialAction\":[{\"@type\":\"SearchAction\",\"target\":{\"@type\":\"EntryPoint\",\"urlTemplate\":\"https:\/\/www.canadahelps.org\/fr\/?s={search_term_string}\"},\"query-input\":{\"@type\":\"PropertyValueSpecification\",\"valueRequired\":true,\"valueName\":\"search_term_string\"}}],\"inLanguage\":\"fr\"},{\"@type\":\"Organization\",\"@id\":\"https:\/\/www.canadahelps.org\/fr\/#organization\",\"name\":\"CanadaHelps\",\"url\":\"https:\/\/www.canadahelps.org\/fr\/\",\"logo\":{\"@type\":\"ImageObject\",\"inLanguage\":\"fr\",\"@id\":\"https:\/\/www.canadahelps.org\/fr\/#\/schema\/logo\/image\/\",\"url\":\"https:\/\/www.canadahelps.org\/media\/canadahelps-en.jpg\",\"contentUrl\":\"https:\/\/www.canadahelps.org\/media\/canadahelps-en.jpg\",\"width\":131,\"height\":72,\"caption\":\"CanadaHelps\"},\"image\":{\"@id\":\"https:\/\/www.canadahelps.org\/fr\/#\/schema\/logo\/image\/\"}}]}<\/script>\n<!-- \/ Yoast SEO plugin. -->","yoast_head_json":{"title":"Faire un don pour les secours pour le tremblement de terre en Ha\u00efti | CanadaHelps - Donate to any charity in Canada","robots":{"index":"index","follow":"follow","max-snippet":"max-snippet:-1","max-image-preview":"max-image-preview:large","max-video-preview":"max-video-preview:-1"},"canonical":"https:\/\/www.canadahelps.org\/fr\/faire-un-don-pour-les-secours-pour-le-tremblement-de-terre-en-haiti\/","og_locale":"fr_FR","og_type":"article","og_title":"Faire un don pour les secours pour le tremblement de terre en Ha\u00efti | CanadaHelps - Donate to any charity in Canada","og_description":"Pour ajouter votre organisme \u00e0 cette liste, veuiller cliquer ici","og_url":"https:\/\/www.canadahelps.org\/fr\/faire-un-don-pour-les-secours-pour-le-tremblement-de-terre-en-haiti\/","og_site_name":"CanadaHelps - Donate to any charity in Canada","article_modified_time":"2021-10-26T20:23:30+00:00","twitter_card":"summary_large_image","schema":{"@context":"https:\/\/schema.org","@graph":[{"@type":"WebPage","@id":"https:\/\/www.canadahelps.org\/fr\/faire-un-don-pour-les-secours-pour-le-tremblement-de-terre-en-haiti\/","url":"https:\/\/www.canadahelps.org\/fr\/faire-un-don-pour-les-secours-pour-le-tremblement-de-terre-en-haiti\/","name":"Faire un don pour les secours pour le tremblement de terre en Ha\u00efti | CanadaHelps - Donate to any charity in Canada","isPartOf":{"@id":"https:\/\/www.canadahelps.org\/fr\/#website"},"datePublished":"2021-08-16T18:46:34+00:00","dateModified":"2021-10-26T20:23:30+00:00","breadcrumb":{"@id":"https:\/\/www.canadahelps.org\/fr\/faire-un-don-pour-les-secours-pour-le-tremblement-de-terre-en-haiti\/#breadcrumb"},"inLanguage":"fr","potentialAction":[{"@type":"ReadAction","target":["https:\/\/www.canadahelps.org\/fr\/faire-un-don-pour-les-secours-pour-le-tremblement-de-terre-en-haiti\/"]}]},{"@type":"BreadcrumbList","@id":"https:\/\/www.canadahelps.org\/fr\/faire-un-don-pour-les-secours-pour-le-tremblement-de-terre-en-haiti\/#breadcrumb","itemListElement":[{"@type":"ListItem","position":1,"name":"Home","item":"https:\/\/www.canadahelps.org\/fr\/"},{"@type":"ListItem","position":2,"name":"Faire un don pour les secours pour le tremblement de terre en Ha\u00efti"}]},{"@type":"WebSite","@id":"https:\/\/www.canadahelps.org\/fr\/#website","url":"https:\/\/www.canadahelps.org\/fr\/","name":"CanadaHelps - Donate to any charity in Canada","description":"Giving Made Simple","publisher":{"@id":"https:\/\/www.canadahelps.org\/fr\/#organization"},"potentialAction":[{"@type":"SearchAction","target":{"@type":"EntryPoint","urlTemplate":"https:\/\/www.canadahelps.org\/fr\/?s={search_term_string}"},"query-input":{"@type":"PropertyValueSpecification","valueRequired":true,"valueName":"search_term_string"}}],"inLanguage":"fr"},{"@type":"Organization","@id":"https:\/\/www.canadahelps.org\/fr\/#organization","name":"CanadaHelps","url":"https:\/\/www.canadahelps.org\/fr\/","logo":{"@type":"ImageObject","inLanguage":"fr","@id":"https:\/\/www.canadahelps.org\/fr\/#\/schema\/logo\/image\/","url":"https:\/\/www.canadahelps.org\/media\/canadahelps-en.jpg","contentUrl":"https:\/\/www.canadahelps.org\/media\/canadahelps-en.jpg","width":131,"height":72,"caption":"CanadaHelps"},"image":{"@id":"https:\/\/www.canadahelps.org\/fr\/#\/schema\/logo\/image\/"}}]}},"_links":{"self":[{"href":"https:\/\/www.canadahelps.org\/fr\/wp-json\/wp\/v2\/pages\/42726","targetHints":{"allow":["GET"]}}],"collection":[{"href":"https:\/\/www.canadahelps.org\/fr\/wp-json\/wp\/v2\/pages"}],"about":[{"href":"https:\/\/www.canadahelps.org\/fr\/wp-json\/wp\/v2\/types\/page"}],"author":[{"embeddable":true,"href":"https:\/\/www.canadahelps.org\/fr\/wp-json\/wp\/v2\/users\/7"}],"replies":[{"embeddable":true,"href":"https:\/\/www.canadahelps.org\/fr\/wp-json\/wp\/v2\/comments?post=42726"}],"version-history":[{"count":20,"href":"https:\/\/www.canadahelps.org\/fr\/wp-json\/wp\/v2\/pages\/42726\/revisions"}],"predecessor-version":[{"id":43533,"href":"https:\/\/www.canadahelps.org\/fr\/wp-json\/wp\/v2\/pages\/42726\/revisions\/43533"}],"wp:attachment":[{"href":"https:\/\/www.canadahelps.org\/fr\/wp-json\/wp\/v2\/media?parent=42726"}],"curies":[{"name":"wp","href":"https:\/\/api.w.org\/{rel}","templated":true}]}}