{"id":42864,"date":"2021-08-26T12:56:07","date_gmt":"2021-08-26T16:56:07","guid":{"rendered":"https:\/\/www.canadahelps.org\/?page_id=42864"},"modified":"2021-08-26T13:00:20","modified_gmt":"2021-08-26T17:00:20","slug":"reponse-au-haiti","status":"publish","type":"page","link":"https:\/\/www.canadahelps.org\/fr\/reponse-au-haiti\/","title":{"rendered":"R\u00e9ponse au Haiti"},"content":{"rendered":"<p>Merci de votre int\u00e9r\u00eat envers l&#8217;ajout de votre organisme de bienfaisance \u00e0 notre liste d&#8217;efforts de r\u00e9ponse pour Ha\u00efti. Pour \u00eatre ajout\u00e9 \u00e0 <a href=\"https:\/\/www.canadahelps.org\/fr\/faire-un-don-pour-les-secours-pour-le-tremblement-de-terre-en-haiti\/\"><strong>notre liste d&#8217;organismes de bienfaisance qui r\u00e9pondent \u00e0 la crise<\/strong><\/a>, veuillez proc\u00e9der comme suit :<\/p>\n<ol>\n<li>Cr\u00e9ez une page de campagne dans votre compte CanaDon. Veuillez <a href=\"https:\/\/www.canadahelps.org\/fr\/SignIn.aspx?next=%2fen%2fcharities%2fid%2f76503%2fedit%2f%3ftab%3dcampaigns\"><strong>ouvrir une session<\/strong><\/a> de votre compte et cr\u00e9er une campagne sur CanaDon.org qui explique ce que votre organisme de bienfaisance fait pour r\u00e9pondre \u00e0 Ha\u00efti. Pour plus d&#8217;informations sur la cr\u00e9ation d&#8217;une page de campagne, veuillez cliquer <a href=\"https:\/\/www.canadahelps.org\/fr\/comment-creer-une-page-de-campagne-sur-canadon\/\"><strong>ici<\/strong><\/a>.\n<p><strong>REMARQUE:<\/strong> veuillez \u00eatre pr\u00e9cis dans la description de votre campagne pour expliquer comment votre organisme de bienfaisance r\u00e9pond \u00e0 Ha\u00efti. Expliquez aux donateurs potentiels et \u00e0 CanaDon comment la situation a chang\u00e9 pour votre organisme de bienfaisance, les demandes suppl\u00e9mentaires auxquelles vous \u00eates confront\u00e9s, comment vous r\u00e9agissez pour aider les personnes touch\u00e9es par Ha\u00efti et l&#8217;impact que vous aurez.<\/li>\n<li>Une fois votre campagne lanc\u00e9e, veuillez remplir le formulaire suivant.<\/li>\n<\/ol>\n<div style=\"display: block; width: 50%; margin: 0 auto;\"><script type=\"text\/javascript\">\n\/* <![CDATA[ *\/\nvar gform;gform||(document.addEventListener(\"gform_main_scripts_loaded\",function(){gform.scriptsLoaded=!0}),document.addEventListener(\"gform\/theme\/scripts_loaded\",function(){gform.themeScriptsLoaded=!0}),window.addEventListener(\"DOMContentLoaded\",function(){gform.domLoaded=!0}),gform={domLoaded:!1,scriptsLoaded:!1,themeScriptsLoaded:!1,isFormEditor:()=>\"function\"==typeof InitializeEditor,callIfLoaded:function(o){return!(!gform.domLoaded||!gform.scriptsLoaded||!gform.themeScriptsLoaded&&!gform.isFormEditor()||(gform.isFormEditor()&&console.warn(\"The use of gform.initializeOnLoaded() is deprecated in the form editor context and will be removed in Gravity Forms 3.1.\"),o(),0))},initializeOnLoaded:function(o){gform.callIfLoaded(o)||(document.addEventListener(\"gform_main_scripts_loaded\",()=>{gform.scriptsLoaded=!0,gform.callIfLoaded(o)}),document.addEventListener(\"gform\/theme\/scripts_loaded\",()=>{gform.themeScriptsLoaded=!0,gform.callIfLoaded(o)}),window.addEventListener(\"DOMContentLoaded\",()=>{gform.domLoaded=!0,gform.callIfLoaded(o)}))},hooks:{action:{},filter:{}},addAction:function(o,r,e,t){gform.addHook(\"action\",o,r,e,t)},addFilter:function(o,r,e,t){gform.addHook(\"filter\",o,r,e,t)},doAction:function(o){gform.doHook(\"action\",o,arguments)},applyFilters:function(o){return gform.doHook(\"filter\",o,arguments)},removeAction:function(o,r){gform.removeHook(\"action\",o,r)},removeFilter:function(o,r,e){gform.removeHook(\"filter\",o,r,e)},addHook:function(o,r,e,t,n){null==gform.hooks[o][r]&&(gform.hooks[o][r]=[]);var d=gform.hooks[o][r];null==n&&(n=r+\"_\"+d.length),gform.hooks[o][r].push({tag:n,callable:e,priority:t=null==t?10:t})},doHook:function(r,o,e){var t;if(e=Array.prototype.slice.call(e,1),null!=gform.hooks[r][o]&&((o=gform.hooks[r][o]).sort(function(o,r){return o.priority-r.priority}),o.forEach(function(o){\"function\"!=typeof(t=o.callable)&&(t=window[t]),\"action\"==r?t.apply(null,e):e[0]=t.apply(null,e)})),\"filter\"==r)return e[0]},removeHook:function(o,r,t,n){var e;null!=gform.hooks[o][r]&&(e=(e=gform.hooks[o][r]).filter(function(o,r,e){return!!(null!=n&&n!=o.tag||null!=t&&t!=o.priority)}),gform.hooks[o][r]=e)}});\n\/* ]]> *\/\n<\/script>\n\n                <div class='gf_browser_gecko gform_wrapper gform_legacy_markup_wrapper gform-theme--no-framework' data-form-theme='legacy' data-form-index='0' id='gform_wrapper_145' >\n                        <div class='gform_heading'>\n                            <p class='gform_description'><\/p>\n                        <\/div><form method='post' enctype='multipart\/form-data'  id='gform_145'  action='\/fr\/wp-json\/wp\/v2\/pages\/42864' data-formid='145' novalidate>\n                        <div class='gform-body gform_body'><ul id='gform_fields_145' class='gform_fields left_label form_sublabel_below description_below validation_below'><li id=\"field_145_2\" class=\"gfield gfield--type-text gfield_contains_required field_sublabel_below gfield--no-description field_description_below field_validation_below gfield_visibility_visible\"  ><label class='gfield_label gform-field-label' for='input_145_2'>Nom de l&#039;organisme<span class=\"gfield_required\"><span class=\"gfield_required gfield_required_asterisk\">*<\/span><\/span><\/label><div class='ginput_container ginput_container_text'><input name='input_2' id='input_145_2' type='text' value='' class='medium'     aria-required=\"true\" aria-invalid=\"false\"   \/><\/div><\/li><li id=\"field_145_3\" class=\"gfield gfield--type-text gfield_contains_required field_sublabel_below gfield--no-description field_description_below field_validation_below gfield_visibility_visible\"  ><label class='gfield_label gform-field-label' for='input_145_3'>Num\u00e9ro d&#039;enregistrement<span class=\"gfield_required\"><span class=\"gfield_required gfield_required_asterisk\">*<\/span><\/span><\/label><div class='ginput_container ginput_container_text'><input name='input_3' id='input_145_3' type='text' value='' class='medium'     aria-required=\"true\" aria-invalid=\"false\"   \/><\/div><\/li><li id=\"field_145_4\" class=\"gfield gfield--type-text gfield_contains_required field_sublabel_below gfield--no-description field_description_below field_validation_below gfield_visibility_visible\"  ><label class='gfield_label gform-field-label' for='input_145_4'>Nom du contact<span class=\"gfield_required\"><span class=\"gfield_required gfield_required_asterisk\">*<\/span><\/span><\/label><div class='ginput_container ginput_container_text'><input name='input_4' id='input_145_4' type='text' value='' class='medium'     aria-required=\"true\" aria-invalid=\"false\"   \/><\/div><\/li><li id=\"field_145_6\" class=\"gfield gfield--type-email gfield_contains_required field_sublabel_below gfield--no-description field_description_below field_validation_below gfield_visibility_visible\"  ><label class='gfield_label gform-field-label' for='input_145_6'>Courriel du contact<span class=\"gfield_required\"><span class=\"gfield_required gfield_required_asterisk\">*<\/span><\/span><\/label><div class='ginput_container ginput_container_email'>\n                            <input name='input_6' id='input_145_6' type='email' value='' class='medium'    aria-required=\"true\" aria-invalid=\"false\"  \/>\n                        <\/div><\/li><li id=\"field_145_14\" class=\"gfield gfield--type-text gfield_contains_required field_sublabel_below gfield--no-description field_description_below field_validation_below gfield_visibility_visible\"  ><label class='gfield_label gform-field-label' for='input_145_14'>URL de la campagne:<span class=\"gfield_required\"><span class=\"gfield_required gfield_required_asterisk\">*<\/span><\/span><\/label><div class='ginput_container ginput_container_text'><input name='input_14' id='input_145_14' type='text' value='' class='medium'     aria-required=\"true\" aria-invalid=\"false\"   \/><\/div><\/li><li id=\"field_145_12\" class=\"gfield gfield--type-radio gfield--type-choice gfield_contains_required field_sublabel_below gfield--no-description field_description_below field_validation_below gfield_visibility_visible\"  ><label class='gfield_label gform-field-label' >Sur quel type de support votre campagne se concentre-t-elle? Cela nous aidera \u00e0 classer votre campagne afin que les donateurs puissent la trouver. *<span class=\"gfield_required\"><span class=\"gfield_required gfield_required_asterisk\">*<\/span><\/span><\/label><div class='ginput_container ginput_container_radio'><ul class='gfield_radio' id='input_145_12'>\n\t\t\t<li class='gchoice gchoice_145_12_0'>\n\t\t\t\t<input name='input_12' type='radio' value='H\u00f4pitaux et services de sant\u00e9 de premi\u00e8re ligne'  id='choice_145_12_0'    \/>\n\t\t\t\t<label for='choice_145_12_0' id='label_145_12_0' class='gform-field-label gform-field-label--type-inline'>H\u00f4pitaux et services de sant\u00e9 de premi\u00e8re ligne<\/label>\n\t\t\t<\/li>\n\t\t\t<li class='gchoice gchoice_145_12_1'>\n\t\t\t\t<input name='input_12' type='radio' value='Banques alimentaires, la s\u00e9curit\u00e9 alimentaire, autres programmes pour l&#039;alimentation'  id='choice_145_12_1'    \/>\n\t\t\t\t<label for='choice_145_12_1' id='label_145_12_1' class='gform-field-label gform-field-label--type-inline'>Banques alimentaires, la s\u00e9curit\u00e9 alimentaire, autres programmes pour l'alimentation<\/label>\n\t\t\t<\/li>\n\t\t\t<li class='gchoice gchoice_145_12_2'>\n\t\t\t\t<input name='input_12' type='radio' value='Aide en sant\u00e9 mentale'  id='choice_145_12_2'    \/>\n\t\t\t\t<label for='choice_145_12_2' id='label_145_12_2' class='gform-field-label gform-field-label--type-inline'>Aide en sant\u00e9 mentale<\/label>\n\t\t\t<\/li>\n\t\t\t<li class='gchoice gchoice_145_12_3'>\n\t\t\t\t<input name='input_12' type='radio' value='Appui pour les a\u00een\u00e9s'  id='choice_145_12_3'    \/>\n\t\t\t\t<label for='choice_145_12_3' id='label_145_12_3' class='gform-field-label gform-field-label--type-inline'>Appui pour les a\u00een\u00e9s<\/label>\n\t\t\t<\/li>\n\t\t\t<li class='gchoice gchoice_145_12_4'>\n\t\t\t\t<input name='input_12' type='radio' value='Les refuges, de l&#039;appui pour les gens sans abri'  id='choice_145_12_4'    \/>\n\t\t\t\t<label for='choice_145_12_4' id='label_145_12_4' class='gform-field-label gform-field-label--type-inline'>Les refuges, de l'appui pour les gens sans abri<\/label>\n\t\t\t<\/li>\n\t\t\t<li class='gchoice gchoice_145_12_5'>\n\t\t\t\t<input name='input_12' type='radio' value='Soutien international ou des efforts \u00e0 l&#039;ext\u00e9rieur du Canada'  id='choice_145_12_5'    \/>\n\t\t\t\t<label for='choice_145_12_5' id='label_145_12_5' class='gform-field-label gform-field-label--type-inline'>Soutien international ou des efforts \u00e0 l'ext\u00e9rieur du Canada<\/label>\n\t\t\t<\/li>\n\t\t\t<li class='gchoice gchoice_145_12_6'>\n\t\t\t\t<input name='input_12' type='radio' value='Rien de ce qui pr\u00e9c\u00e8de, ma campagne aide plusieurs des groupes ci-dessu ou se concentre sur un autre domaine'  id='choice_145_12_6'    \/>\n\t\t\t\t<label for='choice_145_12_6' id='label_145_12_6' class='gform-field-label gform-field-label--type-inline'>Rien de ce qui pr\u00e9c\u00e8de, ma campagne aide plusieurs des groupes ci-dessu ou se concentre sur un autre domaine<\/label>\n\t\t\t<\/li><\/ul><\/div><\/li><li id=\"field_145_8\" class=\"gfield gfield--type-captcha field_sublabel_below gfield--no-description field_description_below field_validation_below gfield_visibility_visible\"  ><label class='gfield_label gform-field-label' for='input_145_8'>CAPTCHA<\/label><div id='input_145_8' class='ginput_container ginput_recaptcha' data-sitekey='6Lf1GWwUAAAAALMrmKvSiyo-U6ovlp_JUaA5cjkK'  data-theme='light' data-tabindex='0'  data-badge=''><\/div><\/li><\/ul><\/div>\n        <div class='gform-footer gform_footer left_label'> <input type='submit' id='gform_submit_button_145' class='gform_button button' onclick='gform.submission.handleButtonClick(this);' data-submission-type='submit' value='Soumettre'  \/> \n            <input type='hidden' class='gform_hidden' name='gform_submission_method' data-js='gform_submission_method_145' value='postback' \/>\n            <input type='hidden' class='gform_hidden' name='gform_theme' data-js='gform_theme_145' id='gform_theme_145' value='legacy' \/>\n            <input type='hidden' class='gform_hidden' name='gform_style_settings' data-js='gform_style_settings_145' id='gform_style_settings_145' value='[]' \/>\n            <input type='hidden' class='gform_hidden' name='is_submit_145' value='1' \/>\n            <input type='hidden' class='gform_hidden' name='gform_submit' value='145' \/>\n            \n            <input type='hidden' class='gform_hidden' name='gform_currency' data-currency='CAD' value='mk3n08zeL8ElvX4R39c0NSJLkpjHTfkxZRVOAzdeZsKatIC2g7Klz8IFBlL8LV26T0jGSQVPDm\/\/KOf6P3jmyS\/yV6A8lH8qbsNBRYUgcdAadF4=' \/>\n            <input type='hidden' class='gform_hidden' name='gform_unique_id' value='' \/>\n            <input type='hidden' class='gform_hidden' name='state_145' value='WyJbXSIsIjdjM2Q1N2FlNjcwMTE5ZThlYmJiYjFkMjNiZGIwMWQxIl0=' \/>\n            <input type='hidden' autocomplete='off' class='gform_hidden' name='gform_target_page_number_145' id='gform_target_page_number_145' value='0' \/>\n            <input type='hidden' autocomplete='off' class='gform_hidden' name='gform_source_page_number_145' id='gform_source_page_number_145' value='1' \/>\n            <input type='hidden' name='gform_field_values' value='' \/>\n            \n        <\/div>\n                        <p style=\"display: none !important;\" class=\"akismet-fields-container\" data-prefix=\"ak_\"><label>&#916;<textarea name=\"ak_hp_textarea\" cols=\"45\" rows=\"8\" maxlength=\"100\"><\/textarea><\/label><input type=\"hidden\" id=\"ak_js_1\" name=\"ak_js\" value=\"57\"\/><script>document.getElementById( \"ak_js_1\" ).setAttribute( \"value\", ( new Date() ).getTime() );<\/script><\/p><\/form>\n                        <\/div><script type=\"text\/javascript\">\n\/* <![CDATA[ *\/\n gform.initializeOnLoaded( function() {gformInitSpinner( 145, 'https:\/\/www.canadahelps.org\/wp-content\/plugins\/gravityforms\/images\/spinner.svg', true );jQuery('#gform_ajax_frame_145').on('load',function(){var contents = jQuery(this).contents().find('*').html();var is_postback = contents.indexOf('GF_AJAX_POSTBACK') >= 0;if(!is_postback){return;}var form_content = jQuery(this).contents().find('#gform_wrapper_145');var is_confirmation = jQuery(this).contents().find('#gform_confirmation_wrapper_145').length > 0;var is_redirect = contents.indexOf('gformRedirect(){') >= 0;var is_form = form_content.length > 0 && ! is_redirect && ! is_confirmation;var mt = parseInt(jQuery('html').css('margin-top'), 10) + parseInt(jQuery('body').css('margin-top'), 10) + 100;if(is_form){jQuery('#gform_wrapper_145').html(form_content.html());if(form_content.hasClass('gform_validation_error')){jQuery('#gform_wrapper_145').addClass('gform_validation_error');} else {jQuery('#gform_wrapper_145').removeClass('gform_validation_error');}setTimeout( function() { \/* delay the scroll by 50 milliseconds to fix a bug in chrome *\/  }, 50 );if(window['gformInitDatepicker']) {gformInitDatepicker();}if(window['gformInitPriceFields']) {gformInitPriceFields();}var current_page = jQuery('#gform_source_page_number_145').val();gformInitSpinner( 145, 'https:\/\/www.canadahelps.org\/wp-content\/plugins\/gravityforms\/images\/spinner.svg', true );jQuery(document).trigger('gform_page_loaded', [145, current_page]);window['gf_submitting_145'] = false;}else if(!is_redirect){var confirmation_content = jQuery(this).contents().find('.GF_AJAX_POSTBACK').html();if(!confirmation_content){confirmation_content = contents;}jQuery('#gform_wrapper_145').replaceWith(confirmation_content);jQuery(document).trigger('gform_confirmation_loaded', [145]);window['gf_submitting_145'] = false;wp.a11y.speak(jQuery('#gform_confirmation_message_145').text());}else{jQuery('#gform_145').append(contents);if(window['gformRedirect']) {gformRedirect();}}jQuery(document).trigger(\"gform_pre_post_render\", [{ formId: \"145\", currentPage: \"current_page\", abort: function() { this.preventDefault(); } }]);        if (event && event.defaultPrevented) {                return;        }        const gformWrapperDiv = document.getElementById( \"gform_wrapper_145\" );        if ( gformWrapperDiv ) {            const visibilitySpan = document.createElement( \"span\" );            visibilitySpan.id = \"gform_visibility_test_145\";            gformWrapperDiv.insertAdjacentElement( \"afterend\", visibilitySpan );        }        const visibilityTestDiv = document.getElementById( \"gform_visibility_test_145\" );        let postRenderFired = false;        function triggerPostRender() {            if ( postRenderFired ) {                return;            }            postRenderFired = true;            gform.core.triggerPostRenderEvents( 145, current_page );            if ( visibilityTestDiv ) {                visibilityTestDiv.parentNode.removeChild( visibilityTestDiv );            }        }        function debounce( func, wait, immediate ) {            var timeout;            return function() {                var context = this, args = arguments;                var later = function() {                    timeout = null;                    if ( !immediate ) func.apply( context, args );                };                var callNow = immediate && !timeout;                clearTimeout( timeout );                timeout = setTimeout( later, wait );                if ( callNow ) func.apply( context, args );            };        }        const debouncedTriggerPostRender = debounce( function() {            triggerPostRender();        }, 200 );        if ( visibilityTestDiv && visibilityTestDiv.offsetParent === null ) {            const observer = new MutationObserver( ( mutations ) => {                mutations.forEach( ( mutation ) => {                    if ( mutation.type === 'attributes' && visibilityTestDiv.offsetParent !== null ) {                        debouncedTriggerPostRender();                        observer.disconnect();                    }                });            });            observer.observe( document.body, {                attributes: true,                childList: false,                subtree: true,                attributeFilter: [ 'style', 'class' ],            });        } else {            triggerPostRender();        }    } );} ); \n\/* ]]> *\/\n<\/script>\n<\/div>\n","protected":false},"excerpt":{"rendered":"<p>Merci de votre int\u00e9r\u00eat envers l&#8217;ajout de votre organisme de bienfaisance \u00e0 notre liste d&#8217;efforts de r\u00e9ponse pour Ha\u00efti. Pour \u00eatre ajout\u00e9 \u00e0 notre liste &#8230; <a href=\"https:\/\/www.canadahelps.org\/fr\/reponse-au-haiti\/\" id=\"canadahelp-blog-meta\">Voir plus<\/a><\/p>\n","protected":false},"author":30,"featured_media":0,"parent":0,"menu_order":0,"comment_status":"closed","ping_status":"closed","template":"template-custom.php","meta":{"_acf_changed":false,"footnotes":""},"class_list":["post-42864","page","type-page","status-publish","hentry"],"acf":{"meta_description":"","use_toc_layout":false,"additional_body_css_classes":"","row_settings":false,"hide_page_title":false,"insert_spotlight_boxes":false,"use_biography_grid":false,"footer_panels":false,"header_banner_colour":"#f49438"},"yoast_head":"<!-- This site is optimized with the Yoast SEO plugin v26.0 - https:\/\/yoast.com\/wordpress\/plugins\/seo\/ -->\n<title>R\u00e9ponse au Haiti | CanadaHelps - Donate to any charity in Canada<\/title>\n<meta name=\"robots\" content=\"index, follow, max-snippet:-1, max-image-preview:large, max-video-preview:-1\" \/>\n<link rel=\"canonical\" href=\"https:\/\/www.canadahelps.org\/fr\/reponse-au-haiti\/\" \/>\n<meta property=\"og:locale\" content=\"fr_FR\" \/>\n<meta property=\"og:type\" content=\"article\" \/>\n<meta property=\"og:title\" content=\"R\u00e9ponse au Haiti | CanadaHelps - Donate to any charity in Canada\" \/>\n<meta property=\"og:description\" content=\"Merci de votre int\u00e9r\u00eat envers l&#8217;ajout de votre organisme de bienfaisance \u00e0 notre liste d&#8217;efforts de r\u00e9ponse pour Ha\u00efti. Pour \u00eatre ajout\u00e9 \u00e0 notre liste ... Voir plus\" \/>\n<meta property=\"og:url\" content=\"https:\/\/www.canadahelps.org\/fr\/reponse-au-haiti\/\" \/>\n<meta property=\"og:site_name\" content=\"CanadaHelps - Donate to any charity in Canada\" \/>\n<meta property=\"article:modified_time\" content=\"2021-08-26T17:00:20+00:00\" \/>\n<meta name=\"twitter:card\" content=\"summary_large_image\" \/>\n<meta name=\"twitter:label1\" content=\"Est. reading time\" \/>\n\t<meta name=\"twitter:data1\" content=\"1 minute\" \/>\n<script type=\"application\/ld+json\" class=\"yoast-schema-graph\">{\"@context\":\"https:\/\/schema.org\",\"@graph\":[{\"@type\":\"WebPage\",\"@id\":\"https:\/\/www.canadahelps.org\/fr\/reponse-au-haiti\/\",\"url\":\"https:\/\/www.canadahelps.org\/fr\/reponse-au-haiti\/\",\"name\":\"R\u00e9ponse au Haiti | CanadaHelps - Donate to any charity in Canada\",\"isPartOf\":{\"@id\":\"https:\/\/www.canadahelps.org\/fr\/#website\"},\"datePublished\":\"2021-08-26T16:56:07+00:00\",\"dateModified\":\"2021-08-26T17:00:20+00:00\",\"breadcrumb\":{\"@id\":\"https:\/\/www.canadahelps.org\/fr\/reponse-au-haiti\/#breadcrumb\"},\"inLanguage\":\"fr\",\"potentialAction\":[{\"@type\":\"ReadAction\",\"target\":[\"https:\/\/www.canadahelps.org\/fr\/reponse-au-haiti\/\"]}]},{\"@type\":\"BreadcrumbList\",\"@id\":\"https:\/\/www.canadahelps.org\/fr\/reponse-au-haiti\/#breadcrumb\",\"itemListElement\":[{\"@type\":\"ListItem\",\"position\":1,\"name\":\"Home\",\"item\":\"https:\/\/www.canadahelps.org\/fr\/\"},{\"@type\":\"ListItem\",\"position\":2,\"name\":\"R\u00e9ponse au Haiti\"}]},{\"@type\":\"WebSite\",\"@id\":\"https:\/\/www.canadahelps.org\/fr\/#website\",\"url\":\"https:\/\/www.canadahelps.org\/fr\/\",\"name\":\"CanadaHelps - Donate to any charity in Canada\",\"description\":\"Giving Made Simple\",\"publisher\":{\"@id\":\"https:\/\/www.canadahelps.org\/fr\/#organization\"},\"potentialAction\":[{\"@type\":\"SearchAction\",\"target\":{\"@type\":\"EntryPoint\",\"urlTemplate\":\"https:\/\/www.canadahelps.org\/fr\/?s={search_term_string}\"},\"query-input\":{\"@type\":\"PropertyValueSpecification\",\"valueRequired\":true,\"valueName\":\"search_term_string\"}}],\"inLanguage\":\"fr\"},{\"@type\":\"Organization\",\"@id\":\"https:\/\/www.canadahelps.org\/fr\/#organization\",\"name\":\"CanadaHelps\",\"url\":\"https:\/\/www.canadahelps.org\/fr\/\",\"logo\":{\"@type\":\"ImageObject\",\"inLanguage\":\"fr\",\"@id\":\"https:\/\/www.canadahelps.org\/fr\/#\/schema\/logo\/image\/\",\"url\":\"https:\/\/www.canadahelps.org\/media\/canadahelps-en.jpg\",\"contentUrl\":\"https:\/\/www.canadahelps.org\/media\/canadahelps-en.jpg\",\"width\":131,\"height\":72,\"caption\":\"CanadaHelps\"},\"image\":{\"@id\":\"https:\/\/www.canadahelps.org\/fr\/#\/schema\/logo\/image\/\"}}]}<\/script>\n<!-- \/ Yoast SEO plugin. -->","yoast_head_json":{"title":"R\u00e9ponse au Haiti | CanadaHelps - Donate to any charity in Canada","robots":{"index":"index","follow":"follow","max-snippet":"max-snippet:-1","max-image-preview":"max-image-preview:large","max-video-preview":"max-video-preview:-1"},"canonical":"https:\/\/www.canadahelps.org\/fr\/reponse-au-haiti\/","og_locale":"fr_FR","og_type":"article","og_title":"R\u00e9ponse au Haiti | CanadaHelps - Donate to any charity in Canada","og_description":"Merci de votre int\u00e9r\u00eat envers l&#8217;ajout de votre organisme de bienfaisance \u00e0 notre liste d&#8217;efforts de r\u00e9ponse pour Ha\u00efti. Pour \u00eatre ajout\u00e9 \u00e0 notre liste ... Voir plus","og_url":"https:\/\/www.canadahelps.org\/fr\/reponse-au-haiti\/","og_site_name":"CanadaHelps - Donate to any charity in Canada","article_modified_time":"2021-08-26T17:00:20+00:00","twitter_card":"summary_large_image","twitter_misc":{"Est. reading time":"1 minute"},"schema":{"@context":"https:\/\/schema.org","@graph":[{"@type":"WebPage","@id":"https:\/\/www.canadahelps.org\/fr\/reponse-au-haiti\/","url":"https:\/\/www.canadahelps.org\/fr\/reponse-au-haiti\/","name":"R\u00e9ponse au Haiti | CanadaHelps - Donate to any charity in Canada","isPartOf":{"@id":"https:\/\/www.canadahelps.org\/fr\/#website"},"datePublished":"2021-08-26T16:56:07+00:00","dateModified":"2021-08-26T17:00:20+00:00","breadcrumb":{"@id":"https:\/\/www.canadahelps.org\/fr\/reponse-au-haiti\/#breadcrumb"},"inLanguage":"fr","potentialAction":[{"@type":"ReadAction","target":["https:\/\/www.canadahelps.org\/fr\/reponse-au-haiti\/"]}]},{"@type":"BreadcrumbList","@id":"https:\/\/www.canadahelps.org\/fr\/reponse-au-haiti\/#breadcrumb","itemListElement":[{"@type":"ListItem","position":1,"name":"Home","item":"https:\/\/www.canadahelps.org\/fr\/"},{"@type":"ListItem","position":2,"name":"R\u00e9ponse au Haiti"}]},{"@type":"WebSite","@id":"https:\/\/www.canadahelps.org\/fr\/#website","url":"https:\/\/www.canadahelps.org\/fr\/","name":"CanadaHelps - Donate to any charity in Canada","description":"Giving Made Simple","publisher":{"@id":"https:\/\/www.canadahelps.org\/fr\/#organization"},"potentialAction":[{"@type":"SearchAction","target":{"@type":"EntryPoint","urlTemplate":"https:\/\/www.canadahelps.org\/fr\/?s={search_term_string}"},"query-input":{"@type":"PropertyValueSpecification","valueRequired":true,"valueName":"search_term_string"}}],"inLanguage":"fr"},{"@type":"Organization","@id":"https:\/\/www.canadahelps.org\/fr\/#organization","name":"CanadaHelps","url":"https:\/\/www.canadahelps.org\/fr\/","logo":{"@type":"ImageObject","inLanguage":"fr","@id":"https:\/\/www.canadahelps.org\/fr\/#\/schema\/logo\/image\/","url":"https:\/\/www.canadahelps.org\/media\/canadahelps-en.jpg","contentUrl":"https:\/\/www.canadahelps.org\/media\/canadahelps-en.jpg","width":131,"height":72,"caption":"CanadaHelps"},"image":{"@id":"https:\/\/www.canadahelps.org\/fr\/#\/schema\/logo\/image\/"}}]}},"_links":{"self":[{"href":"https:\/\/www.canadahelps.org\/fr\/wp-json\/wp\/v2\/pages\/42864","targetHints":{"allow":["GET"]}}],"collection":[{"href":"https:\/\/www.canadahelps.org\/fr\/wp-json\/wp\/v2\/pages"}],"about":[{"href":"https:\/\/www.canadahelps.org\/fr\/wp-json\/wp\/v2\/types\/page"}],"author":[{"embeddable":true,"href":"https:\/\/www.canadahelps.org\/fr\/wp-json\/wp\/v2\/users\/30"}],"replies":[{"embeddable":true,"href":"https:\/\/www.canadahelps.org\/fr\/wp-json\/wp\/v2\/comments?post=42864"}],"version-history":[{"count":5,"href":"https:\/\/www.canadahelps.org\/fr\/wp-json\/wp\/v2\/pages\/42864\/revisions"}],"predecessor-version":[{"id":42870,"href":"https:\/\/www.canadahelps.org\/fr\/wp-json\/wp\/v2\/pages\/42864\/revisions\/42870"}],"wp:attachment":[{"href":"https:\/\/www.canadahelps.org\/fr\/wp-json\/wp\/v2\/media?parent=42864"}],"curies":[{"name":"wp","href":"https:\/\/api.w.org\/{rel}","templated":true}]}}