{"id":43286,"date":"2021-10-04T09:47:40","date_gmt":"2021-10-04T13:47:40","guid":{"rendered":"https:\/\/www.canadahelps.org\/?page_id=43286"},"modified":"2021-10-07T08:06:39","modified_gmt":"2021-10-07T12:06:39","slug":"soutenez-les-banques-alimentaires-locales-de-montreal-qui-sattaquent-a-la-faim","status":"publish","type":"page","link":"https:\/\/www.canadahelps.org\/fr\/soutenez-les-banques-alimentaires-locales-de-montreal-qui-sattaquent-a-la-faim\/","title":{"rendered":"Soutenez les banques alimentaires locales de Montr\u00e9al qui s\u2019attaquent \u00e0 la faim"},"content":{"rendered":"<div style=\"font-size: 18px; margin-bottom: 20px;\">Vous voulez aider \u00e0 lutter contre la faim au pays?     <a class=\"btn btn--primary\" href=\"https:\/\/www.canadahelps.org\/fr\/mettre-fin-a-la-faim\/\">Faites un don au Fonds pour mettre fin \u00e0 la faim.<\/a><\/div>\n","protected":false},"excerpt":{"rendered":"<p>Vous voulez aider \u00e0 lutter contre la faim au pays? Faites un don au Fonds pour mettre fin \u00e0 la faim.<\/p>\n","protected":false},"author":7,"featured_media":0,"parent":0,"menu_order":0,"comment_status":"closed","ping_status":"closed","template":"template-merchandise-page.php","meta":{"footnotes":""},"class_list":["post-43286","page","type-page","status-publish","hentry"],"acf":{"use_toc_layout":false,"meta_description":"","additional_body_css_classes":"","hide_page_title":false,"row_settings":[{"row_header":"Soutenez les organismes de bienfaisance montr\u00e9alais qui fournissent de la nourriture aux personnes dans le besoin!","row_link_text":"","row_link_url":"","trigger_masonry_layout":false,"text_before_row":"","text_after_row":"","text_after_row_header":"","card_settings":[{"card_name":"L'ASSOCIATION DES POPOTES ROULANTES DU MONTREAL METROPOLITAI","card_type":"charity","id":"81515","display_categories":true,"display_image":true,"display_address":true,"display_summary":true,"display_campaign_types":true,"display_progress":true,"link_or_button":"button","card_link_text":"FAITES UN DON MAINTENANT"},{"card_name":"Carrefour alimentaire Centre-Sud","card_type":"charity","id":"65995","display_categories":true,"display_image":true,"display_address":true,"display_summary":true,"display_campaign_types":true,"display_progress":true,"link_or_button":"button","card_link_text":"FAITES UN DON MAINTENANT"},{"card_name":"Moisson Montr\u00e9al","card_type":"charity","id":"766","display_categories":true,"display_image":true,"display_address":true,"display_summary":true,"display_campaign_types":true,"display_progress":true,"link_or_button":"button","card_link_text":"FAITES UN DON MAINTENANT"},{"card_name":"Bouffe-Action de Rosemont","card_type":"charity","id":"74366","display_categories":true,"display_image":true,"display_address":true,"display_summary":true,"display_campaign_types":true,"display_progress":true,"link_or_button":"button","card_link_text":"FAITES UN DON MAINTENANT"},{"card_name":"Bread and Beyond","card_type":"charity","id":"119107","display_categories":true,"display_image":true,"display_address":true,"display_summary":true,"display_campaign_types":true,"display_progress":true,"link_or_button":"button","card_link_text":"FAITES UN DON MAINTENANT"},{"card_name":"WELCOME HALL MISSION","card_type":"charity","id":"12269","display_categories":true,"display_image":true,"display_address":true,"display_summary":true,"display_campaign_types":true,"display_progress":true,"link_or_button":"button","card_link_text":"FAITES UN DON MAINTENANT"},{"card_name":"Saint-Charles food bank","card_type":"charity","id":"4343","display_categories":true,"display_image":true,"display_address":true,"display_summary":true,"display_campaign_types":true,"display_progress":true,"link_or_button":"button","card_link_text":"FAITES UN DON MAINTENANT"},{"card_name":"LA CAFETERIA COMMUNAUTAIRE MULTI CAF","card_type":"charity","id":"44879","display_categories":true,"display_image":true,"display_address":true,"display_summary":true,"display_campaign_types":true,"display_progress":true,"link_or_button":"button","card_link_text":"FAITES UN DON MAINTENANT"},{"card_name":" PARTAGEONS L'ESPOIR","card_type":"charity","id":"39113","display_categories":true,"display_image":true,"display_address":true,"display_summary":true,"display_campaign_types":true,"display_progress":true,"link_or_button":"button","card_link_text":"FAITES UN DON MAINTENANT"}]}],"insert_spotlight_boxes":false,"use_biography_grid":false,"min_banner_height":"280","header_title":"<p>Aidez \u00e0 \u00e9liminer la faim \u00e0 Montr\u00e9al!<\/p>\n","explanatory_text":"<p><span style=\"font-weight: 400;\">Plus d\u2019un m\u00e9nage sur dix \u00e0 Montr\u00e9al est en situation d\u2019ins\u00e9curit\u00e9 alimentaire; beaucoup ne savent pas o\u00f9 ils trouveront leur prochain repas. Se nourrir est un droit humain fondamental et nous avons besoin de votre aide pour que tous les Canadiens aient acc\u00e8s \u00e0 de la nourriture. Assurez-vous que personne ne se couche le ventre vide en faisant un don d\u00e8s aujourd\u2019hui.<\/span><\/p>\n","button_text":"","button_link":""},"yoast_head":"<!-- This site is optimized with the Yoast SEO plugin v26.0 - https:\/\/yoast.com\/wordpress\/plugins\/seo\/ -->\n<title>Soutenez les banques alimentaires locales de Montr\u00e9al qui s\u2019attaquent \u00e0 la faim | CanaDon - Faites des dons \u00e0 un organisme de bienfaisance au Canada<\/title>\n<meta name=\"robots\" content=\"index, follow, max-snippet:-1, max-image-preview:large, max-video-preview:-1\" \/>\n<link rel=\"canonical\" href=\"https:\/\/www.canadahelps.org\/fr\/soutenez-les-banques-alimentaires-locales-de-montreal-qui-sattaquent-a-la-faim\/\" \/>\n<meta property=\"og:locale\" content=\"fr_FR\" \/>\n<meta property=\"og:type\" content=\"article\" \/>\n<meta property=\"og:title\" content=\"Soutenez les banques alimentaires locales de Montr\u00e9al qui s\u2019attaquent \u00e0 la faim\" \/>\n<meta property=\"og:description\" content=\"Plus d\u2019un m\u00e9nage sur dix \u00e0 Montr\u00e9al est en situation d\u2019ins\u00e9curit\u00e9 alimentaire; beaucoup ne savent pas o\u00f9 ils trouveront leur prochain repas. Se nourrir est un droit humain fondamental et nous avons besoin de votre aide pour que tous les Canadiens aient acc\u00e8s \u00e0 de la nourriture. Assurez-vous que personne ne se couche le ventre vide en faisant un don d\u00e8s aujourd\u2019hui.\" \/>\n<meta property=\"og:url\" content=\"https:\/\/www.canadahelps.org\/fr\/soutenez-les-banques-alimentaires-locales-de-montreal-qui-sattaquent-a-la-faim\/\" \/>\n<meta property=\"og:site_name\" content=\"CanaDon - Faites des dons \u00e0 un organisme de bienfaisance au Canada\" \/>\n<meta property=\"article:modified_time\" content=\"2021-10-07T12:06:39+00:00\" \/>\n<meta name=\"twitter:card\" content=\"summary_large_image\" \/>\n<meta name=\"twitter:title\" content=\"Soutenez les banques alimentaires locales de Montr\u00e9al qui s\u2019attaquent \u00e0 la faim\" \/>\n<meta name=\"twitter:description\" content=\"Plus d\u2019un m\u00e9nage sur dix \u00e0 Montr\u00e9al est en situation d\u2019ins\u00e9curit\u00e9 alimentaire; beaucoup ne savent pas o\u00f9 ils trouveront leur prochain repas. Se nourrir est un droit humain fondamental et nous avons besoin de votre aide pour que tous les Canadiens aient acc\u00e8s \u00e0 de la nourriture. Assurez-vous que personne ne se couche le ventre vide en faisant un don d\u00e8s aujourd\u2019hui.\" \/>\n<meta name=\"twitter:label1\" content=\"Est. reading time\" \/>\n\t<meta name=\"twitter:data1\" content=\"1 minute\" \/>\n<script type=\"application\/ld+json\" class=\"yoast-schema-graph\">{\"@context\":\"https:\/\/schema.org\",\"@graph\":[{\"@type\":\"WebPage\",\"@id\":\"https:\/\/www.canadahelps.org\/fr\/soutenez-les-banques-alimentaires-locales-de-montreal-qui-sattaquent-a-la-faim\/\",\"url\":\"https:\/\/www.canadahelps.org\/fr\/soutenez-les-banques-alimentaires-locales-de-montreal-qui-sattaquent-a-la-faim\/\",\"name\":\"Soutenez les banques alimentaires locales de Montr\u00e9al qui s\u2019attaquent \u00e0 la faim | CanaDon - Faites des dons \u00e0 un organisme de bienfaisance au Canada\",\"isPartOf\":{\"@id\":\"https:\/\/www.canadahelps.org\/fr\/#website\"},\"datePublished\":\"2021-10-04T13:47:40+00:00\",\"dateModified\":\"2021-10-07T12:06:39+00:00\",\"breadcrumb\":{\"@id\":\"https:\/\/www.canadahelps.org\/fr\/soutenez-les-banques-alimentaires-locales-de-montreal-qui-sattaquent-a-la-faim\/#breadcrumb\"},\"inLanguage\":\"fr\",\"potentialAction\":[{\"@type\":\"ReadAction\",\"target\":[\"https:\/\/www.canadahelps.org\/fr\/soutenez-les-banques-alimentaires-locales-de-montreal-qui-sattaquent-a-la-faim\/\"]}]},{\"@type\":\"BreadcrumbList\",\"@id\":\"https:\/\/www.canadahelps.org\/fr\/soutenez-les-banques-alimentaires-locales-de-montreal-qui-sattaquent-a-la-faim\/#breadcrumb\",\"itemListElement\":[{\"@type\":\"ListItem\",\"position\":1,\"name\":\"Home\",\"item\":\"https:\/\/www.canadahelps.org\/fr\/\"},{\"@type\":\"ListItem\",\"position\":2,\"name\":\"Soutenez les banques alimentaires locales de Montr\u00e9al qui s\u2019attaquent \u00e0 la faim\"}]},{\"@type\":\"WebSite\",\"@id\":\"https:\/\/www.canadahelps.org\/fr\/#website\",\"url\":\"https:\/\/www.canadahelps.org\/fr\/\",\"name\":\"CanadaHelps - Donate to any charity in Canada\",\"description\":\"Le don en toute simplicit\u00e9\",\"publisher\":{\"@id\":\"https:\/\/www.canadahelps.org\/fr\/#organization\"},\"potentialAction\":[{\"@type\":\"SearchAction\",\"target\":{\"@type\":\"EntryPoint\",\"urlTemplate\":\"https:\/\/www.canadahelps.org\/fr\/?s={search_term_string}\"},\"query-input\":{\"@type\":\"PropertyValueSpecification\",\"valueRequired\":true,\"valueName\":\"search_term_string\"}}],\"inLanguage\":\"fr\"},{\"@type\":\"Organization\",\"@id\":\"https:\/\/www.canadahelps.org\/fr\/#organization\",\"name\":\"CanadaHelps\",\"url\":\"https:\/\/www.canadahelps.org\/fr\/\",\"logo\":{\"@type\":\"ImageObject\",\"inLanguage\":\"fr\",\"@id\":\"https:\/\/www.canadahelps.org\/fr\/#\/schema\/logo\/image\/\",\"url\":\"https:\/\/www.canadahelps.org\/media\/canadahelps-en.jpg\",\"contentUrl\":\"https:\/\/www.canadahelps.org\/media\/canadahelps-en.jpg\",\"width\":131,\"height\":72,\"caption\":\"CanadaHelps\"},\"image\":{\"@id\":\"https:\/\/www.canadahelps.org\/fr\/#\/schema\/logo\/image\/\"}}]}<\/script>\n<!-- \/ Yoast SEO plugin. -->","yoast_head_json":{"title":"Soutenez les banques alimentaires locales de Montr\u00e9al qui s\u2019attaquent \u00e0 la faim | CanaDon - Faites des dons \u00e0 un organisme de bienfaisance au Canada","robots":{"index":"index","follow":"follow","max-snippet":"max-snippet:-1","max-image-preview":"max-image-preview:large","max-video-preview":"max-video-preview:-1"},"canonical":"https:\/\/www.canadahelps.org\/fr\/soutenez-les-banques-alimentaires-locales-de-montreal-qui-sattaquent-a-la-faim\/","og_locale":"fr_FR","og_type":"article","og_title":"Soutenez les banques alimentaires locales de Montr\u00e9al qui s\u2019attaquent \u00e0 la faim","og_description":"Plus d\u2019un m\u00e9nage sur dix \u00e0 Montr\u00e9al est en situation d\u2019ins\u00e9curit\u00e9 alimentaire; beaucoup ne savent pas o\u00f9 ils trouveront leur prochain repas. Se nourrir est un droit humain fondamental et nous avons besoin de votre aide pour que tous les Canadiens aient acc\u00e8s \u00e0 de la nourriture. Assurez-vous que personne ne se couche le ventre vide en faisant un don d\u00e8s aujourd\u2019hui.","og_url":"https:\/\/www.canadahelps.org\/fr\/soutenez-les-banques-alimentaires-locales-de-montreal-qui-sattaquent-a-la-faim\/","og_site_name":"CanaDon - Faites des dons \u00e0 un organisme de bienfaisance au Canada","article_modified_time":"2021-10-07T12:06:39+00:00","twitter_card":"summary_large_image","twitter_title":"Soutenez les banques alimentaires locales de Montr\u00e9al qui s\u2019attaquent \u00e0 la faim","twitter_description":"Plus d\u2019un m\u00e9nage sur dix \u00e0 Montr\u00e9al est en situation d\u2019ins\u00e9curit\u00e9 alimentaire; beaucoup ne savent pas o\u00f9 ils trouveront leur prochain repas. Se nourrir est un droit humain fondamental et nous avons besoin de votre aide pour que tous les Canadiens aient acc\u00e8s \u00e0 de la nourriture. Assurez-vous que personne ne se couche le ventre vide en faisant un don d\u00e8s aujourd\u2019hui.","twitter_misc":{"Est. reading time":"1 minute"},"schema":{"@context":"https:\/\/schema.org","@graph":[{"@type":"WebPage","@id":"https:\/\/www.canadahelps.org\/fr\/soutenez-les-banques-alimentaires-locales-de-montreal-qui-sattaquent-a-la-faim\/","url":"https:\/\/www.canadahelps.org\/fr\/soutenez-les-banques-alimentaires-locales-de-montreal-qui-sattaquent-a-la-faim\/","name":"Soutenez les banques alimentaires locales de Montr\u00e9al qui s\u2019attaquent \u00e0 la faim | CanaDon - Faites des dons \u00e0 un organisme de bienfaisance au Canada","isPartOf":{"@id":"https:\/\/www.canadahelps.org\/fr\/#website"},"datePublished":"2021-10-04T13:47:40+00:00","dateModified":"2021-10-07T12:06:39+00:00","breadcrumb":{"@id":"https:\/\/www.canadahelps.org\/fr\/soutenez-les-banques-alimentaires-locales-de-montreal-qui-sattaquent-a-la-faim\/#breadcrumb"},"inLanguage":"fr","potentialAction":[{"@type":"ReadAction","target":["https:\/\/www.canadahelps.org\/fr\/soutenez-les-banques-alimentaires-locales-de-montreal-qui-sattaquent-a-la-faim\/"]}]},{"@type":"BreadcrumbList","@id":"https:\/\/www.canadahelps.org\/fr\/soutenez-les-banques-alimentaires-locales-de-montreal-qui-sattaquent-a-la-faim\/#breadcrumb","itemListElement":[{"@type":"ListItem","position":1,"name":"Home","item":"https:\/\/www.canadahelps.org\/fr\/"},{"@type":"ListItem","position":2,"name":"Soutenez les banques alimentaires locales de Montr\u00e9al qui s\u2019attaquent \u00e0 la faim"}]},{"@type":"WebSite","@id":"https:\/\/www.canadahelps.org\/fr\/#website","url":"https:\/\/www.canadahelps.org\/fr\/","name":"CanadaHelps - Donate to any charity in Canada","description":"Le don en toute simplicit\u00e9","publisher":{"@id":"https:\/\/www.canadahelps.org\/fr\/#organization"},"potentialAction":[{"@type":"SearchAction","target":{"@type":"EntryPoint","urlTemplate":"https:\/\/www.canadahelps.org\/fr\/?s={search_term_string}"},"query-input":{"@type":"PropertyValueSpecification","valueRequired":true,"valueName":"search_term_string"}}],"inLanguage":"fr"},{"@type":"Organization","@id":"https:\/\/www.canadahelps.org\/fr\/#organization","name":"CanadaHelps","url":"https:\/\/www.canadahelps.org\/fr\/","logo":{"@type":"ImageObject","inLanguage":"fr","@id":"https:\/\/www.canadahelps.org\/fr\/#\/schema\/logo\/image\/","url":"https:\/\/www.canadahelps.org\/media\/canadahelps-en.jpg","contentUrl":"https:\/\/www.canadahelps.org\/media\/canadahelps-en.jpg","width":131,"height":72,"caption":"CanadaHelps"},"image":{"@id":"https:\/\/www.canadahelps.org\/fr\/#\/schema\/logo\/image\/"}}]}},"_links":{"self":[{"href":"https:\/\/www.canadahelps.org\/fr\/wp-json\/wp\/v2\/pages\/43286","targetHints":{"allow":["GET"]}}],"collection":[{"href":"https:\/\/www.canadahelps.org\/fr\/wp-json\/wp\/v2\/pages"}],"about":[{"href":"https:\/\/www.canadahelps.org\/fr\/wp-json\/wp\/v2\/types\/page"}],"author":[{"embeddable":true,"href":"https:\/\/www.canadahelps.org\/fr\/wp-json\/wp\/v2\/users\/7"}],"replies":[{"embeddable":true,"href":"https:\/\/www.canadahelps.org\/fr\/wp-json\/wp\/v2\/comments?post=43286"}],"version-history":[{"count":7,"href":"https:\/\/www.canadahelps.org\/fr\/wp-json\/wp\/v2\/pages\/43286\/revisions"}],"predecessor-version":[{"id":43300,"href":"https:\/\/www.canadahelps.org\/fr\/wp-json\/wp\/v2\/pages\/43286\/revisions\/43300"}],"wp:attachment":[{"href":"https:\/\/www.canadahelps.org\/fr\/wp-json\/wp\/v2\/media?parent=43286"}],"curies":[{"name":"wp","href":"https:\/\/api.w.org\/{rel}","templated":true}]}}