{"id":43785,"date":"2021-11-14T16:22:15","date_gmt":"2021-11-14T21:22:15","guid":{"rendered":"https:\/\/www.canadahelps.org\/?page_id=43785"},"modified":"2021-11-16T09:26:39","modified_gmt":"2021-11-16T14:26:39","slug":"offre-dun-don-supplementaire-de-2-pour-mardi-je-donne-2021","status":"publish","type":"page","link":"https:\/\/www.canadahelps.org\/fr\/offre-dun-don-supplementaire-de-2-pour-mardi-je-donne-2021\/","title":{"rendered":"Offre d\u2019un don suppl\u00e9mentaire de 2 $ pour Mardi je donne 2021"},"content":{"rendered":"<p style=\"text-align: center;\"><strong>Offre d\u2019un don suppl\u00e9mentaire de 2 $ pour Mardi je donne 2021<\/strong><\/p>\n<p>*L\u2019offre de 2 $ suppl\u00e9mentaires pour Mardi je donne 2021 est valable pour les dons d\u2019au moins 20 $ \u00e0 partir du mardi 30 novembre \u00e0 5 h 01 Heure Normale de l\u2019Est (HNE) jusqu\u2019au 30 novembre 2021, \u00e0 23 h 59 Heure Normale du Pacifique (HNP). CanaDon donnera 2 $ en plus de chaque don d\u2019au moins 20 $, jusqu\u2019\u00e0 un montant cumul\u00e9 maximum de 30 000 $ CA. Les donateurs recevront un re\u00e7u fiscal pour la valeur de leur don par l\u2019entremise de CanaDon. L\u2019offre est valable pour tous les dons uniques effectu\u00e9s au moyen de CanaDon.org ou <a href=\"http:\/\/sunirpourchanger.com\/\">SunirPourChanger.com<\/a> y compris les dons vers\u00e9s aux Fonds pour une cause, ceux aux organismes de bienfaisance par l\u2019entremise de CanaDon.org, les formulaires de don personnalis\u00e9s sur le site Web d\u2019organismes de bienfaisance partenaires ainsi que les collectes de fonds entre pairs. La promotion exclut les \u00e9v\u00e9nements de bienfaisance, les dons API, les dons de titres, les dons vers\u00e9s directement \u00e0 CanaDon et l\u2019achat et l\u2019\u00e9change de cartes-cadeaux de bienfaisance. Jusqu\u2019\u00e0 \u00e9puisement des stocks. CanaDon se r\u00e9serve le droit d\u2019arr\u00eater la promotion \u00e0 tout moment.<\/p>\n","protected":false},"excerpt":{"rendered":"<p>Offre d\u2019un don suppl\u00e9mentaire de 2 $ pour Mardi je donne 2021 *L\u2019offre de 2 $ suppl\u00e9mentaires pour Mardi je donne 2021 est valable pour &#8230; <a href=\"https:\/\/www.canadahelps.org\/fr\/offre-dun-don-supplementaire-de-2-pour-mardi-je-donne-2021\/\" id=\"canadahelp-blog-meta\">Voir plus<\/a><\/p>\n","protected":false},"author":7,"featured_media":0,"parent":0,"menu_order":0,"comment_status":"closed","ping_status":"closed","template":"template-custom.php","meta":{"footnotes":""},"class_list":["post-43785","page","type-page","status-publish","hentry"],"acf":{"meta_description":"","use_toc_layout":false,"additional_body_css_classes":"","hide_page_title":false,"row_settings":false,"insert_spotlight_boxes":false,"use_biography_grid":false,"footer_panels":false,"header_banner_colour":"#ffffff"},"yoast_head":"<!-- This site is optimized with the Yoast SEO plugin v26.0 - https:\/\/yoast.com\/wordpress\/plugins\/seo\/ -->\n<title>Offre d\u2019un don suppl\u00e9mentaire de 2 $ pour Mardi je donne 2021 | CanaDon - Faites des dons \u00e0 un organisme de bienfaisance au Canada<\/title>\n<meta name=\"robots\" content=\"index, follow, max-snippet:-1, max-image-preview:large, max-video-preview:-1\" \/>\n<link rel=\"canonical\" href=\"https:\/\/www.canadahelps.org\/fr\/offre-dun-don-supplementaire-de-2-pour-mardi-je-donne-2021\/\" \/>\n<meta property=\"og:locale\" content=\"fr_FR\" \/>\n<meta property=\"og:type\" content=\"article\" \/>\n<meta property=\"og:title\" content=\"Offre d\u2019un don suppl\u00e9mentaire de 2 $ pour Mardi je donne 2021 | CanaDon - Faites des dons \u00e0 un organisme de bienfaisance au Canada\" \/>\n<meta property=\"og:description\" content=\"Offre d\u2019un don suppl\u00e9mentaire de 2 $ pour Mardi je donne 2021 *L\u2019offre de 2 $ suppl\u00e9mentaires pour Mardi je donne 2021 est valable pour ... Voir plus\" \/>\n<meta property=\"og:url\" content=\"https:\/\/www.canadahelps.org\/fr\/offre-dun-don-supplementaire-de-2-pour-mardi-je-donne-2021\/\" \/>\n<meta property=\"og:site_name\" content=\"CanaDon - Faites des dons \u00e0 un organisme de bienfaisance au Canada\" \/>\n<meta property=\"article:modified_time\" content=\"2021-11-16T14:26:39+00:00\" \/>\n<meta name=\"twitter:card\" content=\"summary_large_image\" \/>\n<meta name=\"twitter:label1\" content=\"Est. reading time\" \/>\n\t<meta name=\"twitter:data1\" content=\"1 minute\" \/>\n<script type=\"application\/ld+json\" class=\"yoast-schema-graph\">{\"@context\":\"https:\/\/schema.org\",\"@graph\":[{\"@type\":\"WebPage\",\"@id\":\"https:\/\/www.canadahelps.org\/fr\/offre-dun-don-supplementaire-de-2-pour-mardi-je-donne-2021\/\",\"url\":\"https:\/\/www.canadahelps.org\/fr\/offre-dun-don-supplementaire-de-2-pour-mardi-je-donne-2021\/\",\"name\":\"Offre d\u2019un don suppl\u00e9mentaire de 2 $ pour Mardi je donne 2021 | CanaDon - Faites des dons \u00e0 un organisme de bienfaisance au Canada\",\"isPartOf\":{\"@id\":\"https:\/\/www.canadahelps.org\/fr\/#website\"},\"datePublished\":\"2021-11-14T21:22:15+00:00\",\"dateModified\":\"2021-11-16T14:26:39+00:00\",\"breadcrumb\":{\"@id\":\"https:\/\/www.canadahelps.org\/fr\/offre-dun-don-supplementaire-de-2-pour-mardi-je-donne-2021\/#breadcrumb\"},\"inLanguage\":\"fr\",\"potentialAction\":[{\"@type\":\"ReadAction\",\"target\":[\"https:\/\/www.canadahelps.org\/fr\/offre-dun-don-supplementaire-de-2-pour-mardi-je-donne-2021\/\"]}]},{\"@type\":\"BreadcrumbList\",\"@id\":\"https:\/\/www.canadahelps.org\/fr\/offre-dun-don-supplementaire-de-2-pour-mardi-je-donne-2021\/#breadcrumb\",\"itemListElement\":[{\"@type\":\"ListItem\",\"position\":1,\"name\":\"Home\",\"item\":\"https:\/\/www.canadahelps.org\/fr\/\"},{\"@type\":\"ListItem\",\"position\":2,\"name\":\"Offre d\u2019un don suppl\u00e9mentaire de 2 $ pour Mardi je donne 2021\"}]},{\"@type\":\"WebSite\",\"@id\":\"https:\/\/www.canadahelps.org\/fr\/#website\",\"url\":\"https:\/\/www.canadahelps.org\/fr\/\",\"name\":\"CanadaHelps - Donate to any charity in Canada\",\"description\":\"Le don en toute simplicit\u00e9\",\"publisher\":{\"@id\":\"https:\/\/www.canadahelps.org\/fr\/#organization\"},\"potentialAction\":[{\"@type\":\"SearchAction\",\"target\":{\"@type\":\"EntryPoint\",\"urlTemplate\":\"https:\/\/www.canadahelps.org\/fr\/?s={search_term_string}\"},\"query-input\":{\"@type\":\"PropertyValueSpecification\",\"valueRequired\":true,\"valueName\":\"search_term_string\"}}],\"inLanguage\":\"fr\"},{\"@type\":\"Organization\",\"@id\":\"https:\/\/www.canadahelps.org\/fr\/#organization\",\"name\":\"CanadaHelps\",\"url\":\"https:\/\/www.canadahelps.org\/fr\/\",\"logo\":{\"@type\":\"ImageObject\",\"inLanguage\":\"fr\",\"@id\":\"https:\/\/www.canadahelps.org\/fr\/#\/schema\/logo\/image\/\",\"url\":\"https:\/\/www.canadahelps.org\/media\/canadahelps-en.jpg\",\"contentUrl\":\"https:\/\/www.canadahelps.org\/media\/canadahelps-en.jpg\",\"width\":131,\"height\":72,\"caption\":\"CanadaHelps\"},\"image\":{\"@id\":\"https:\/\/www.canadahelps.org\/fr\/#\/schema\/logo\/image\/\"}}]}<\/script>\n<!-- \/ Yoast SEO plugin. -->","yoast_head_json":{"title":"Offre d\u2019un don suppl\u00e9mentaire de 2 $ pour Mardi je donne 2021 | CanaDon - Faites des dons \u00e0 un organisme de bienfaisance au Canada","robots":{"index":"index","follow":"follow","max-snippet":"max-snippet:-1","max-image-preview":"max-image-preview:large","max-video-preview":"max-video-preview:-1"},"canonical":"https:\/\/www.canadahelps.org\/fr\/offre-dun-don-supplementaire-de-2-pour-mardi-je-donne-2021\/","og_locale":"fr_FR","og_type":"article","og_title":"Offre d\u2019un don suppl\u00e9mentaire de 2 $ pour Mardi je donne 2021 | CanaDon - Faites des dons \u00e0 un organisme de bienfaisance au Canada","og_description":"Offre d\u2019un don suppl\u00e9mentaire de 2 $ pour Mardi je donne 2021 *L\u2019offre de 2 $ suppl\u00e9mentaires pour Mardi je donne 2021 est valable pour ... Voir plus","og_url":"https:\/\/www.canadahelps.org\/fr\/offre-dun-don-supplementaire-de-2-pour-mardi-je-donne-2021\/","og_site_name":"CanaDon - Faites des dons \u00e0 un organisme de bienfaisance au Canada","article_modified_time":"2021-11-16T14:26:39+00:00","twitter_card":"summary_large_image","twitter_misc":{"Est. reading time":"1 minute"},"schema":{"@context":"https:\/\/schema.org","@graph":[{"@type":"WebPage","@id":"https:\/\/www.canadahelps.org\/fr\/offre-dun-don-supplementaire-de-2-pour-mardi-je-donne-2021\/","url":"https:\/\/www.canadahelps.org\/fr\/offre-dun-don-supplementaire-de-2-pour-mardi-je-donne-2021\/","name":"Offre d\u2019un don suppl\u00e9mentaire de 2 $ pour Mardi je donne 2021 | CanaDon - Faites des dons \u00e0 un organisme de bienfaisance au Canada","isPartOf":{"@id":"https:\/\/www.canadahelps.org\/fr\/#website"},"datePublished":"2021-11-14T21:22:15+00:00","dateModified":"2021-11-16T14:26:39+00:00","breadcrumb":{"@id":"https:\/\/www.canadahelps.org\/fr\/offre-dun-don-supplementaire-de-2-pour-mardi-je-donne-2021\/#breadcrumb"},"inLanguage":"fr","potentialAction":[{"@type":"ReadAction","target":["https:\/\/www.canadahelps.org\/fr\/offre-dun-don-supplementaire-de-2-pour-mardi-je-donne-2021\/"]}]},{"@type":"BreadcrumbList","@id":"https:\/\/www.canadahelps.org\/fr\/offre-dun-don-supplementaire-de-2-pour-mardi-je-donne-2021\/#breadcrumb","itemListElement":[{"@type":"ListItem","position":1,"name":"Home","item":"https:\/\/www.canadahelps.org\/fr\/"},{"@type":"ListItem","position":2,"name":"Offre d\u2019un don suppl\u00e9mentaire de 2 $ pour Mardi je donne 2021"}]},{"@type":"WebSite","@id":"https:\/\/www.canadahelps.org\/fr\/#website","url":"https:\/\/www.canadahelps.org\/fr\/","name":"CanadaHelps - Donate to any charity in Canada","description":"Le don en toute simplicit\u00e9","publisher":{"@id":"https:\/\/www.canadahelps.org\/fr\/#organization"},"potentialAction":[{"@type":"SearchAction","target":{"@type":"EntryPoint","urlTemplate":"https:\/\/www.canadahelps.org\/fr\/?s={search_term_string}"},"query-input":{"@type":"PropertyValueSpecification","valueRequired":true,"valueName":"search_term_string"}}],"inLanguage":"fr"},{"@type":"Organization","@id":"https:\/\/www.canadahelps.org\/fr\/#organization","name":"CanadaHelps","url":"https:\/\/www.canadahelps.org\/fr\/","logo":{"@type":"ImageObject","inLanguage":"fr","@id":"https:\/\/www.canadahelps.org\/fr\/#\/schema\/logo\/image\/","url":"https:\/\/www.canadahelps.org\/media\/canadahelps-en.jpg","contentUrl":"https:\/\/www.canadahelps.org\/media\/canadahelps-en.jpg","width":131,"height":72,"caption":"CanadaHelps"},"image":{"@id":"https:\/\/www.canadahelps.org\/fr\/#\/schema\/logo\/image\/"}}]}},"_links":{"self":[{"href":"https:\/\/www.canadahelps.org\/fr\/wp-json\/wp\/v2\/pages\/43785","targetHints":{"allow":["GET"]}}],"collection":[{"href":"https:\/\/www.canadahelps.org\/fr\/wp-json\/wp\/v2\/pages"}],"about":[{"href":"https:\/\/www.canadahelps.org\/fr\/wp-json\/wp\/v2\/types\/page"}],"author":[{"embeddable":true,"href":"https:\/\/www.canadahelps.org\/fr\/wp-json\/wp\/v2\/users\/7"}],"replies":[{"embeddable":true,"href":"https:\/\/www.canadahelps.org\/fr\/wp-json\/wp\/v2\/comments?post=43785"}],"version-history":[{"count":3,"href":"https:\/\/www.canadahelps.org\/fr\/wp-json\/wp\/v2\/pages\/43785\/revisions"}],"predecessor-version":[{"id":43816,"href":"https:\/\/www.canadahelps.org\/fr\/wp-json\/wp\/v2\/pages\/43785\/revisions\/43816"}],"wp:attachment":[{"href":"https:\/\/www.canadahelps.org\/fr\/wp-json\/wp\/v2\/media?parent=43785"}],"curies":[{"name":"wp","href":"https:\/\/api.w.org\/{rel}","templated":true}]}}