{"id":44174,"date":"2021-12-13T15:34:32","date_gmt":"2021-12-13T20:34:32","guid":{"rendered":"https:\/\/www.canadahelps.org\/?page_id=44174"},"modified":"2025-06-03T11:54:55","modified_gmt":"2025-06-03T15:54:55","slug":"recus-impots","status":"publish","type":"page","link":"https:\/\/www.canadahelps.org\/fr\/recus-impots\/","title":{"rendered":"Recus Impots"},"content":{"rendered":"<style>\n.ch20-full-width-page i {\n  font-family: \"Font Awesome 6 Free\";\n}\n.tax-receipts-header, .tax-receipts-footer {\n  display: flex;\n  justify-content: space-between;\n  align-items: center;\n}\n.ch20-full-width-page .container.tax-receipts-footer {\n  margin-bottom: 0\n}\n.tax-receipts-footer > p {\n  margin: 0;\n}\n.tax-receipts-header-text {\n  width: 506px;\n}\n.receipt-links {\n  display: flex\n}\n.receipt-card {\n  display: flex;\n  flex-direction: column;\n  width: 48%;\n  border-top-left-radius: 12px;\n  border-top-right-radius: 12px;\n}\n.receipt-card-top {\n  height: 12px;\n  background: linear-gradient(90deg, #BFEFFF 0%, #EBCFFF 100%);\n  border-radius-top: 12px;\n  border-top-left-radius: 12px;\n  border-top-right-radius: 12px;\n}\n.card-content {\n  display: flex;\n  flex-direction: column;\n  justify-content: flex-start;\n  padding: 96px;\n}\n.receipt-card:first-child {\n  margin-right: 24px; \n}\ntax-receipts-footer .container.tax-receipts-footer {\n  margin-bottom: 0;\n}\n@media screen and (max-width: 768px) {\n  .tax-receipts-header, .tax-receipts-footer {\n    display: block;\n  }\n  .tax-receipts-header-text {\n    width: 100%;\n  }\n  .receipt-links {\n    flex-direction: column;\n  }\n  .receipt-card {\n    width: 100%;\n  }\n  .card-content {\n    padding: 39px 24px 24px;\n  }\n  .receipt-card:first-child {\n    margin-bottom: 24px; \n  }\n}\n@media screen and (max-width: 400px) {\n  .tax-receipts-footer img{\n    width: calc(100% - 24px);\n  }\n}\n<\/style>\n<section class=\"container tax-receipts-header\">\n<div class=\"tax-receipts-header-text\">\n<h1 class=\"header-label\">Re\u00e7us Impots<\/h1>\n<h2 class=\"header-display\">T\u00e9l\u00e9chargez vos <span class=\"header-primary ch-underline-gradient\">re\u00e7us fiscaux pour dons de bienfaisance<\/span><\/h2>\n<p>Vous pr\u00e9parez votre d\u00e9claration fiscale? Si vous avez fait un don par l\u2019entremise de CanadaHelps.org ou UniteForChange.com, ou \u00e0 l\u2019un des plus de 25\u2009000 organismes de bienfaisance canadiens qui utilisent notre technologie de collecte de fonds, vous pouvez acc\u00e9der \u00e0 vos re\u00e7us fiscaux ici m\u00eame!<\/p>\n<\/p><\/div>\n<p>  <img decoding=\"async\" src=\"https:\/\/www.canadahelps.org\/media\/tax-receipts-hero-2x.jpg\" width=\"612\" alt=\"tax receipts hero\" \/><br \/>\n<\/section>\n<section class=\"container receipt-links\">\n<div class=\"receipt-card ch-gray-section\">\n<div class=\"receipt-card-top\"><\/div>\n<div class=\"card-content\">\n<h3 class=\"header-secondary\">Vous avez un compte CanaDon?<\/h3>\n<p>Acc\u00e9dez \u00e0 vos re\u00e7us fiscaux de n\u2019importe quel ann\u00e9e dans votre compte CanaDon<\/p>\n<p>       <a class=\"btn-primary\" title=\"Connectez-vous \u00e0 votre compte\" href=\"https:\/\/www.canadahelps.org\/fr\/DonationsReceipts\/\" >Connectez-vous \u00e0 votre compte<\/a>\n     <\/div>\n<\/p><\/div>\n<div class=\"receipt-card ch-gray-section\">\n<div class=\"receipt-card-top\"><\/div>\n<div class=\"card-content\">\n<h3 class=\"header-secondary\">Pas de compte? Aucun probl\u00e8me!<\/h3>\n<p>Utilisez notre outil de t\u00e9l\u00e9chargement des re\u00e7us fiscaux et nous vous les enverrons par courriel.<\/p>\n<p>       <a class=\"btn-primary\" title=\"T\u00e9l\u00e9charger les re\u00e7us fiscaux\" href=\"https:\/\/www.canadahelps.org\/fr\/ReceiptDownload.aspx\" >T\u00e9l\u00e9charger les re\u00e7us fiscaux<\/a>\n     <\/div>\n<\/p><\/div>\n<\/section>\n<section class=\"container tax-receipts-header\">\n  <img decoding=\"async\" src=\"https:\/\/www.canadahelps.org\/media\/tax-receipt-download-tool-2x.jpg\" width=\"612\" alt=\"woman piano\" \/><\/p>\n<div class=\"tax-receipts-header-text\">\n<h3 class=\"header-secondary\">Si vous \u00e9prouvez des difficult\u00e9s pour recevoir votre re\u00e7u \u00e0 l\u2019aide de notre outil de t\u00e9l\u00e9chargement des re\u00e7us d\u2019imp\u00f4t?<\/h3>\n<p>voici quelques conseils pour vous aider :<\/p>\n<ul class=\"list-disc\">\n<li>Assurez-vous d\u2019avoir s\u00e9lectionn\u00e9 la bonne ann\u00e9e.<\/li>\n<li>V\u00e9rifiez que votre adresse courriel ne contient aucune faute de frappe.<\/li>\n<li>Assurez-vous d\u2019utiliser la m\u00eame adresse courriel que celle que vous avez utilis\u00e9e lors de votre premier don. Si vous avez plusieurs adresses courriel, essayez une autre adresse.<\/li>\n<li>Si vous faites des dons mensuellement ou avez choisi de recevoir un re\u00e7u cumulatif \u00e0 la fin de l\u2019ann\u00e9e dans votre compte, votre re\u00e7u n\u2019est peut-\u00eatre pas encore disponible. Vous pouvez toujours g\u00e9n\u00e9rer un re\u00e7u dans votre compte \u00e0 tout moment.<\/li>\n<\/ul><\/div>\n<\/section>\n<section class=\"container tax-receipts-footer\">\n<div class=\"tax-receipts-header-text\">\n<h2 class=\"header-primary\">Besoin de plus d\u2019aide?<\/h3>\n<p>Si vous n\u2019avez plus acc\u00e8s \u00e0 votre adresse courriel, ou si vous avez utilis\u00e9 la mauvaise adresse, veuillez nous contacter et nous serons heureux de vous aider!<\/p>\n<p>    <a class=\"btn-primary\" href=\"https:\/\/www.canadahelps.org\/fr\/contact-us\/\" target=\"_blank\" rel=\"noopener\">Nous Contacter<\/a>\n  <\/div>\n<p><img decoding=\"async\" src=\"https:\/\/www.canadahelps.org\/media\/need-help-woman-smiling-2x.png\" width=\"612\" alt=\"tax receipts hero\" \/><\/section>\n","protected":false},"excerpt":{"rendered":"<p>Re\u00e7us Impots T\u00e9l\u00e9chargez vos re\u00e7us fiscaux pour dons de bienfaisance Vous pr\u00e9parez votre d\u00e9claration fiscale? Si vous avez fait un don par l\u2019entremise de CanadaHelps.org &#8230; <a href=\"https:\/\/www.canadahelps.org\/fr\/recus-impots\/\" id=\"canadahelp-blog-meta\">Voir plus<\/a><\/p>\n","protected":false},"author":30,"featured_media":0,"parent":0,"menu_order":0,"comment_status":"closed","ping_status":"closed","template":"template-ch20-full-width.php","meta":{"footnotes":""},"class_list":["post-44174","page","type-page","status-publish","hentry"],"acf":{"meta_description":"","use_toc_layout":false,"additional_body_css_classes":"","row_settings":false,"hide_page_title":false,"insert_spotlight_boxes":false,"use_biography_grid":false,"blogs_posts_item":false},"yoast_head":"<!-- This site is optimized with the Yoast SEO plugin v26.0 - https:\/\/yoast.com\/wordpress\/plugins\/seo\/ -->\n<title>Recus Impots | CanaDon - Faites des dons \u00e0 un organisme de bienfaisance au Canada<\/title>\n<meta name=\"robots\" content=\"index, follow, max-snippet:-1, max-image-preview:large, max-video-preview:-1\" \/>\n<link rel=\"canonical\" href=\"https:\/\/www.canadahelps.org\/fr\/recus-impots\/\" \/>\n<meta property=\"og:locale\" content=\"fr_FR\" \/>\n<meta property=\"og:type\" content=\"article\" \/>\n<meta property=\"og:title\" content=\"Recus Impots | CanaDon - Faites des dons \u00e0 un organisme de bienfaisance au Canada\" \/>\n<meta property=\"og:description\" content=\"Re\u00e7us Impots T\u00e9l\u00e9chargez vos re\u00e7us fiscaux pour dons de bienfaisance Vous pr\u00e9parez votre d\u00e9claration fiscale? Si vous avez fait un don par l\u2019entremise de CanadaHelps.org ... Voir plus\" \/>\n<meta property=\"og:url\" content=\"https:\/\/www.canadahelps.org\/fr\/recus-impots\/\" \/>\n<meta property=\"og:site_name\" content=\"CanaDon - Faites des dons \u00e0 un organisme de bienfaisance au Canada\" \/>\n<meta property=\"article:modified_time\" content=\"2025-06-03T15:54:55+00:00\" \/>\n<meta property=\"og:image\" content=\"https:\/\/www.canadahelps.org\/media\/tax-receipts-hero-2x.jpg\" \/>\n<meta name=\"twitter:card\" content=\"summary_large_image\" \/>\n<meta name=\"twitter:label1\" content=\"Est. reading time\" \/>\n\t<meta name=\"twitter:data1\" content=\"2 minutes\" \/>\n<script type=\"application\/ld+json\" class=\"yoast-schema-graph\">{\"@context\":\"https:\/\/schema.org\",\"@graph\":[{\"@type\":\"WebPage\",\"@id\":\"https:\/\/www.canadahelps.org\/fr\/recus-impots\/\",\"url\":\"https:\/\/www.canadahelps.org\/fr\/recus-impots\/\",\"name\":\"Recus Impots | CanaDon - Faites des dons \u00e0 un organisme de bienfaisance au Canada\",\"isPartOf\":{\"@id\":\"https:\/\/www.canadahelps.org\/fr\/#website\"},\"primaryImageOfPage\":{\"@id\":\"https:\/\/www.canadahelps.org\/fr\/recus-impots\/#primaryimage\"},\"image\":{\"@id\":\"https:\/\/www.canadahelps.org\/fr\/recus-impots\/#primaryimage\"},\"thumbnailUrl\":\"https:\/\/www.canadahelps.org\/media\/tax-receipts-hero-2x.jpg\",\"datePublished\":\"2021-12-13T20:34:32+00:00\",\"dateModified\":\"2025-06-03T15:54:55+00:00\",\"breadcrumb\":{\"@id\":\"https:\/\/www.canadahelps.org\/fr\/recus-impots\/#breadcrumb\"},\"inLanguage\":\"fr\",\"potentialAction\":[{\"@type\":\"ReadAction\",\"target\":[\"https:\/\/www.canadahelps.org\/fr\/recus-impots\/\"]}]},{\"@type\":\"ImageObject\",\"inLanguage\":\"fr\",\"@id\":\"https:\/\/www.canadahelps.org\/fr\/recus-impots\/#primaryimage\",\"url\":\"https:\/\/www.canadahelps.org\/media\/tax-receipts-hero-2x.jpg\",\"contentUrl\":\"https:\/\/www.canadahelps.org\/media\/tax-receipts-hero-2x.jpg\"},{\"@type\":\"BreadcrumbList\",\"@id\":\"https:\/\/www.canadahelps.org\/fr\/recus-impots\/#breadcrumb\",\"itemListElement\":[{\"@type\":\"ListItem\",\"position\":1,\"name\":\"Home\",\"item\":\"https:\/\/www.canadahelps.org\/fr\/\"},{\"@type\":\"ListItem\",\"position\":2,\"name\":\"Recus Impots\"}]},{\"@type\":\"WebSite\",\"@id\":\"https:\/\/www.canadahelps.org\/fr\/#website\",\"url\":\"https:\/\/www.canadahelps.org\/fr\/\",\"name\":\"CanadaHelps - Donate to any charity in Canada\",\"description\":\"Le don en toute simplicit\u00e9\",\"publisher\":{\"@id\":\"https:\/\/www.canadahelps.org\/fr\/#organization\"},\"potentialAction\":[{\"@type\":\"SearchAction\",\"target\":{\"@type\":\"EntryPoint\",\"urlTemplate\":\"https:\/\/www.canadahelps.org\/fr\/?s={search_term_string}\"},\"query-input\":{\"@type\":\"PropertyValueSpecification\",\"valueRequired\":true,\"valueName\":\"search_term_string\"}}],\"inLanguage\":\"fr\"},{\"@type\":\"Organization\",\"@id\":\"https:\/\/www.canadahelps.org\/fr\/#organization\",\"name\":\"CanadaHelps\",\"url\":\"https:\/\/www.canadahelps.org\/fr\/\",\"logo\":{\"@type\":\"ImageObject\",\"inLanguage\":\"fr\",\"@id\":\"https:\/\/www.canadahelps.org\/fr\/#\/schema\/logo\/image\/\",\"url\":\"https:\/\/www.canadahelps.org\/media\/canadahelps-en.jpg\",\"contentUrl\":\"https:\/\/www.canadahelps.org\/media\/canadahelps-en.jpg\",\"width\":131,\"height\":72,\"caption\":\"CanadaHelps\"},\"image\":{\"@id\":\"https:\/\/www.canadahelps.org\/fr\/#\/schema\/logo\/image\/\"}}]}<\/script>\n<!-- \/ Yoast SEO plugin. -->","yoast_head_json":{"title":"Recus Impots | CanaDon - Faites des dons \u00e0 un organisme de bienfaisance au Canada","robots":{"index":"index","follow":"follow","max-snippet":"max-snippet:-1","max-image-preview":"max-image-preview:large","max-video-preview":"max-video-preview:-1"},"canonical":"https:\/\/www.canadahelps.org\/fr\/recus-impots\/","og_locale":"fr_FR","og_type":"article","og_title":"Recus Impots | CanaDon - Faites des dons \u00e0 un organisme de bienfaisance au Canada","og_description":"Re\u00e7us Impots T\u00e9l\u00e9chargez vos re\u00e7us fiscaux pour dons de bienfaisance Vous pr\u00e9parez votre d\u00e9claration fiscale? Si vous avez fait un don par l\u2019entremise de CanadaHelps.org ... Voir plus","og_url":"https:\/\/www.canadahelps.org\/fr\/recus-impots\/","og_site_name":"CanaDon - Faites des dons \u00e0 un organisme de bienfaisance au Canada","article_modified_time":"2025-06-03T15:54:55+00:00","og_image":[{"url":"https:\/\/www.canadahelps.org\/media\/tax-receipts-hero-2x.jpg","type":"","width":"","height":""}],"twitter_card":"summary_large_image","twitter_misc":{"Est. reading time":"2 minutes"},"schema":{"@context":"https:\/\/schema.org","@graph":[{"@type":"WebPage","@id":"https:\/\/www.canadahelps.org\/fr\/recus-impots\/","url":"https:\/\/www.canadahelps.org\/fr\/recus-impots\/","name":"Recus Impots | CanaDon - Faites des dons \u00e0 un organisme de bienfaisance au Canada","isPartOf":{"@id":"https:\/\/www.canadahelps.org\/fr\/#website"},"primaryImageOfPage":{"@id":"https:\/\/www.canadahelps.org\/fr\/recus-impots\/#primaryimage"},"image":{"@id":"https:\/\/www.canadahelps.org\/fr\/recus-impots\/#primaryimage"},"thumbnailUrl":"https:\/\/www.canadahelps.org\/media\/tax-receipts-hero-2x.jpg","datePublished":"2021-12-13T20:34:32+00:00","dateModified":"2025-06-03T15:54:55+00:00","breadcrumb":{"@id":"https:\/\/www.canadahelps.org\/fr\/recus-impots\/#breadcrumb"},"inLanguage":"fr","potentialAction":[{"@type":"ReadAction","target":["https:\/\/www.canadahelps.org\/fr\/recus-impots\/"]}]},{"@type":"ImageObject","inLanguage":"fr","@id":"https:\/\/www.canadahelps.org\/fr\/recus-impots\/#primaryimage","url":"https:\/\/www.canadahelps.org\/media\/tax-receipts-hero-2x.jpg","contentUrl":"https:\/\/www.canadahelps.org\/media\/tax-receipts-hero-2x.jpg"},{"@type":"BreadcrumbList","@id":"https:\/\/www.canadahelps.org\/fr\/recus-impots\/#breadcrumb","itemListElement":[{"@type":"ListItem","position":1,"name":"Home","item":"https:\/\/www.canadahelps.org\/fr\/"},{"@type":"ListItem","position":2,"name":"Recus Impots"}]},{"@type":"WebSite","@id":"https:\/\/www.canadahelps.org\/fr\/#website","url":"https:\/\/www.canadahelps.org\/fr\/","name":"CanadaHelps - Donate to any charity in Canada","description":"Le don en toute simplicit\u00e9","publisher":{"@id":"https:\/\/www.canadahelps.org\/fr\/#organization"},"potentialAction":[{"@type":"SearchAction","target":{"@type":"EntryPoint","urlTemplate":"https:\/\/www.canadahelps.org\/fr\/?s={search_term_string}"},"query-input":{"@type":"PropertyValueSpecification","valueRequired":true,"valueName":"search_term_string"}}],"inLanguage":"fr"},{"@type":"Organization","@id":"https:\/\/www.canadahelps.org\/fr\/#organization","name":"CanadaHelps","url":"https:\/\/www.canadahelps.org\/fr\/","logo":{"@type":"ImageObject","inLanguage":"fr","@id":"https:\/\/www.canadahelps.org\/fr\/#\/schema\/logo\/image\/","url":"https:\/\/www.canadahelps.org\/media\/canadahelps-en.jpg","contentUrl":"https:\/\/www.canadahelps.org\/media\/canadahelps-en.jpg","width":131,"height":72,"caption":"CanadaHelps"},"image":{"@id":"https:\/\/www.canadahelps.org\/fr\/#\/schema\/logo\/image\/"}}]}},"_links":{"self":[{"href":"https:\/\/www.canadahelps.org\/fr\/wp-json\/wp\/v2\/pages\/44174","targetHints":{"allow":["GET"]}}],"collection":[{"href":"https:\/\/www.canadahelps.org\/fr\/wp-json\/wp\/v2\/pages"}],"about":[{"href":"https:\/\/www.canadahelps.org\/fr\/wp-json\/wp\/v2\/types\/page"}],"author":[{"embeddable":true,"href":"https:\/\/www.canadahelps.org\/fr\/wp-json\/wp\/v2\/users\/30"}],"replies":[{"embeddable":true,"href":"https:\/\/www.canadahelps.org\/fr\/wp-json\/wp\/v2\/comments?post=44174"}],"version-history":[{"count":8,"href":"https:\/\/www.canadahelps.org\/fr\/wp-json\/wp\/v2\/pages\/44174\/revisions"}],"predecessor-version":[{"id":54456,"href":"https:\/\/www.canadahelps.org\/fr\/wp-json\/wp\/v2\/pages\/44174\/revisions\/54456"}],"wp:attachment":[{"href":"https:\/\/www.canadahelps.org\/fr\/wp-json\/wp\/v2\/media?parent=44174"}],"curies":[{"name":"wp","href":"https:\/\/api.w.org\/{rel}","templated":true}]}}