{"id":44794,"date":"2022-02-14T11:42:42","date_gmt":"2022-02-14T16:42:42","guid":{"rendered":"https:\/\/www.canadahelps.org\/?page_id=44794"},"modified":"2024-02-20T10:07:25","modified_gmt":"2024-02-20T15:07:25","slug":"conditions-generales-de-loffre-faites-le-au-mois","status":"publish","type":"page","link":"https:\/\/www.canadahelps.org\/fr\/conditions-generales-de-loffre-faites-le-au-mois\/","title":{"rendered":"Conditions g\u00e9n\u00e9rales de l\u2019offre \u00ab Faites-le au mois \u00bb"},"content":{"rendered":"<p><strong>Conditions g\u00e9n\u00e9rales de l\u2019offre \u00ab Faites-le au mois \u00bb<\/strong><\/p>\n<p><span style=\"font-weight: 400;\">*\u00ab Faites-le au mois 2024 \u00bb est un programme de don de primes dans le cadre duquel, pour chaque nouveau don mensuel d\u2019au moins 20 $, CanaDon fera un don suppl\u00e9mentaire de 20 $ \u00e0 un organisme de bienfaisance participant; et, pour les dons mensuels existants auxquels sont ajout\u00e9s au moins 10 $, CanaDon fera un don suppl\u00e9mentaire de 10 $ \u00e0 l\u2019organisme de bienfaisance participant &#8211; \u00c0 compter du 1er mars 2024 \u00e0 minuit une, heure normale de Terre-Neuve (NST) jusqu&#8217;au 31 mars 2024 \u00e0 23 h 59 Heure normale du Pacifique (HNP) jusqu&#8217;\u00e0 un montant global maximum de dons de CanaDon \u00e0 tous les organismes de bienfaisance qui participent de 50 000 $ CA.<\/span><\/p>\n<p><span style=\"font-weight: 400;\">Pour qu\u2019il soit admissible (chacun un \u00ab\u00a0Don admissible\u00a0\u00bb), (a) le premier don mensuel, conform\u00e9ment au don mensuel nouvellement programm\u00e9, doit \u00eatre trait\u00e9 au plus tard le 1er avril 2024; (b) l\u2019augmentation du don mensuel existant doit \u00eatre trait\u00e9 au plus tard le 1<\/span><span style=\"font-weight: 400;\">er<\/span><span style=\"font-weight: 400;\"> avril; (c) le don mensuel programm\u00e9 doit \u00eatre vers\u00e9 par l\u2019entremise de CanadaHelps.org\u00a0ou\u00a0de UniteforChange.com,\u00a0et les dons mensuels aux organismes de bienfaisance doivent l\u2019\u00eatre par l\u2019entremise de l\u2019outil de collecte de fonds entre pairs de CanaDon, ou les formulaires de don personnalis\u00e9s sur les sites Web des organismes de bienfaisance partenaires.<\/span><\/p>\n<p><span style=\"font-weight: 400;\">Si le montant total des fonds vers\u00e9s \u00e0 la campagne \u00ab\u00a0Faites-le au mois\u00a0\u00bb en 2024 n\u2019atteint pas l\u2019objectif de la campagne, CanaDon jumellera autant de dons admissibles disponibles que possible et r\u00e9servera le reste des fonds pour des campagnes de jumelage de dons au cours des ann\u00e9es suivantes, ou les appliquera \u00e0 d\u2019autres campagnes cette ann\u00e9e. Au cours de ces campagnes, CanaDon publiera les nouvelles conditions qui r\u00e9giront la mise en \u0153uvre du jumelage. Si le montant total des fonds recueillis gr\u00e2ce \u00e0 la campagne \u00ab\u00a0Faites-le au mois\u00a0\u00bb en 2024 d\u00e9passe le total disponible, CanaDon choisira les dons admissibles \u00e0 jumeler par un processus al\u00e9atoire d\u2019ici le 15 avril 2024, jusqu\u2019\u00e0 ce que le montant total de jumelage disponible (50 000 $ CA) soit \u00e9puis\u00e9.<\/span><\/p>\n<p><span style=\"font-weight: 400;\">Un don ne constituera pas un \u00ab\u00a0Don admissible\u00a0\u00bb s\u2019il est vers\u00e9 par un donateur qui avait un don mensuel actif existant avant le 29 f\u00e9vrier 2024 et qu\u2019il programme un nouveau don mensuel pour le m\u00eame organisme de bienfaisance en mars 2024. Un don ne constituera pas un \u00ab\u00a0Don admissible\u00a0\u00bb s\u2019il est vers\u00e9 par un donateur qui avait pr\u00e9alablement programm\u00e9 un \u00ab\u00a0Don admissible\u00a0\u00bb au m\u00eame organisme de bienfaisance, dans le cadre d\u2019une s\u00e9rie distincte de dons mensuels \u00e0 cet organisme de bienfaisance. Enfin, les dons ne sont pas admissibles, s\u2019ils sont vers\u00e9s lors d\u2019\u00e9v\u00e9nements de bienfaisance, s\u2019ils sont trait\u00e9s par le SGD (syst\u00e8me de gestion des donateurs) de CanaDon; s\u2019il s\u2019agit de dons API, de dons de valeurs mobili\u00e8res, de dons vers\u00e9s directement \u00e0 CanaDon; et il s\u2019agit de l\u2019achat et de l\u2019\u00e9change de cartes-cadeaux de bienfaisance.<\/span><\/p>\n<p><span style=\"font-weight: 400;\">CanaDon se r\u00e9serve le droit, \u00e0 sa seule discr\u00e9tion, de mettre fin, de suspendre, de r\u00e9tablir ou de modifier cette promotion, en tout ou en partie, \u00e0 tout moment et sans pr\u00e9avis et pour quelque raison que ce soit. Toutes les d\u00e9cisions de CanaDon concernant tous les aspects de cette promotion sont d\u00e9finitives et ex\u00e9cutoires \u00e0 tous les \u00e9gards. En cas de litige concernant l\u2019interpr\u00e9tation des pr\u00e9sentes conditions g\u00e9n\u00e9rales ou de toute d\u00e9cision rendue par CanaDon, la d\u00e9cision ou l\u2019interpr\u00e9tation de CanaDon pr\u00e9vaudra.\u00a0<\/span><\/p>\n<p><span style=\"font-weight: 400;\">CanaDon n\u2019est pas responsable des probl\u00e8mes techniques, des dysfonctionnements des lignes t\u00e9l\u00e9phoniques, des syst\u00e8mes informatiques, des serveurs, des fournisseurs, du mat\u00e9riel\/logiciel, des connexions r\u00e9seau perdues ou indisponibles ou des transmissions informatiques d\u00e9faillantes, incompl\u00e8tes, brouill\u00e9es ou retard\u00e9es ou de toute combinaison de ceux-ci.\u00a0<\/span><\/p>\n<p><span style=\"font-weight: 400;\">CanaDon n\u2019est pas responsable des dommages survenant dans un syst\u00e8me informatique qui r\u00e9sultent de la participation ou de l\u2019acc\u00e8s aux sites Web mentionn\u00e9s dans les pr\u00e9sentes, du versement de dons ou du t\u00e9l\u00e9chargement d\u2019informations dans le cadre de cette promotion. CanaDon n\u2019assume aucune responsabilit\u00e9 de quelque nature que ce soit dans les cas o\u00f9 l\u2019impossibilit\u00e9 de respecter cette promotion r\u00e9sulte d\u2019un \u00e9v\u00e9nement qui \u00e9chappe \u00e0 son contr\u00f4le raisonnable, y compris, sans s\u2019y limiter, tout acte de Dieu, toute gr\u00e8ve, lock-out ou autre conflit de travail, une guerre, un acte de terrorisme, ou si un virus, un ver, un bogue ou toute autre cause \u00e9chappant \u00e0 son contr\u00f4le raisonnable corrompait la s\u00e9curit\u00e9, l\u2019int\u00e9grit\u00e9 des donn\u00e9es ou la bonne administration de cette promotion.\u00a0<\/span><\/p>\n<p><span style=\"font-weight: 400;\">Cette promotion est assujettie \u00e0 toutes les lois f\u00e9d\u00e9rales, provinciales et municipales applicables et est nulle \u00e0 l\u2019ext\u00e9rieur du Canada, ou l\u00e0 o\u00f9 la loi l\u2019interdit. Tous les probl\u00e8mes et questions concernant la validit\u00e9, l\u2019interpr\u00e9tation et l\u2019applicabilit\u00e9 de ces modalit\u00e9s, ou les droits et obligations des participants et de CanaDon en relation avec cette promotion, sont r\u00e9gis et interpr\u00e9t\u00e9s conform\u00e9ment aux lois de la province de l\u2019Ontario et les lois f\u00e9d\u00e9rales du Canada qui y sont applicables, sans donner effet \u00e0 un choix de loi ou \u00e0 des r\u00e8gles ou dispositions en mati\u00e8re de conflit de lois.\u00a0<\/span><\/p>\n<p><span style=\"font-weight: 400;\">Chaque participant accepte que tous les litiges, r\u00e9clamations et recours d\u00e9coulant de ou li\u00e9s \u00e0 cette promotion soient r\u00e9solus individuellement, sans avoir recours \u00e0 aucune forme de recours collectif, et exclusivement par les tribunaux de la province de l\u2019Ontario.<\/span><\/p>\n","protected":false},"excerpt":{"rendered":"<p>Conditions g\u00e9n\u00e9rales de l\u2019offre \u00ab Faites-le au mois \u00bb *\u00ab Faites-le au mois 2024 \u00bb est un programme de don de primes dans le cadre &#8230; <a href=\"https:\/\/www.canadahelps.org\/fr\/conditions-generales-de-loffre-faites-le-au-mois\/\" id=\"canadahelp-blog-meta\">Voir plus<\/a><\/p>\n","protected":false},"author":30,"featured_media":0,"parent":0,"menu_order":0,"comment_status":"closed","ping_status":"closed","template":"template-custom.php","meta":{"footnotes":""},"class_list":["post-44794","page","type-page","status-publish","hentry"],"acf":{"meta_description":"","use_toc_layout":false,"additional_body_css_classes":"","row_settings":false,"hide_page_title":true,"insert_spotlight_boxes":false,"use_biography_grid":false,"footer_panels":false,"header_banner_colour":"#1e73be"},"yoast_head":"<!-- This site is optimized with the Yoast SEO plugin v26.0 - https:\/\/yoast.com\/wordpress\/plugins\/seo\/ -->\n<title>Conditions g\u00e9n\u00e9rales de l\u2019offre \u00ab Faites-le au mois \u00bb | CanadaHelps - Donate to any charity in Canada<\/title>\n<meta name=\"robots\" content=\"index, follow, max-snippet:-1, max-image-preview:large, max-video-preview:-1\" \/>\n<link rel=\"canonical\" href=\"https:\/\/www.canadahelps.org\/fr\/conditions-generales-de-loffre-faites-le-au-mois\/\" \/>\n<meta property=\"og:locale\" content=\"fr_FR\" \/>\n<meta property=\"og:type\" content=\"article\" \/>\n<meta property=\"og:title\" content=\"Conditions g\u00e9n\u00e9rales de l\u2019offre \u00ab Faites-le au mois \u00bb | CanadaHelps - Donate to any charity in Canada\" \/>\n<meta property=\"og:description\" content=\"Conditions g\u00e9n\u00e9rales de l\u2019offre \u00ab Faites-le au mois \u00bb *\u00ab Faites-le au mois 2024 \u00bb est un programme de don de primes dans le cadre ... Voir plus\" \/>\n<meta property=\"og:url\" content=\"https:\/\/www.canadahelps.org\/fr\/conditions-generales-de-loffre-faites-le-au-mois\/\" \/>\n<meta property=\"og:site_name\" content=\"CanadaHelps - Donate to any charity in Canada\" \/>\n<meta property=\"article:modified_time\" content=\"2024-02-20T15:07:25+00:00\" \/>\n<meta name=\"twitter:card\" content=\"summary_large_image\" \/>\n<meta name=\"twitter:label1\" content=\"Est. reading time\" \/>\n\t<meta name=\"twitter:data1\" content=\"4 minutes\" \/>\n<script type=\"application\/ld+json\" class=\"yoast-schema-graph\">{\"@context\":\"https:\/\/schema.org\",\"@graph\":[{\"@type\":\"WebPage\",\"@id\":\"https:\/\/www.canadahelps.org\/fr\/conditions-generales-de-loffre-faites-le-au-mois\/\",\"url\":\"https:\/\/www.canadahelps.org\/fr\/conditions-generales-de-loffre-faites-le-au-mois\/\",\"name\":\"Conditions g\u00e9n\u00e9rales de l\u2019offre \u00ab Faites-le au mois \u00bb | CanadaHelps - Donate to any charity in Canada\",\"isPartOf\":{\"@id\":\"https:\/\/www.canadahelps.org\/fr\/#website\"},\"datePublished\":\"2022-02-14T16:42:42+00:00\",\"dateModified\":\"2024-02-20T15:07:25+00:00\",\"breadcrumb\":{\"@id\":\"https:\/\/www.canadahelps.org\/fr\/conditions-generales-de-loffre-faites-le-au-mois\/#breadcrumb\"},\"inLanguage\":\"fr\",\"potentialAction\":[{\"@type\":\"ReadAction\",\"target\":[\"https:\/\/www.canadahelps.org\/fr\/conditions-generales-de-loffre-faites-le-au-mois\/\"]}]},{\"@type\":\"BreadcrumbList\",\"@id\":\"https:\/\/www.canadahelps.org\/fr\/conditions-generales-de-loffre-faites-le-au-mois\/#breadcrumb\",\"itemListElement\":[{\"@type\":\"ListItem\",\"position\":1,\"name\":\"Home\",\"item\":\"https:\/\/www.canadahelps.org\/fr\/\"},{\"@type\":\"ListItem\",\"position\":2,\"name\":\"Conditions g\u00e9n\u00e9rales de l\u2019offre \u00ab Faites-le au mois \u00bb\"}]},{\"@type\":\"WebSite\",\"@id\":\"https:\/\/www.canadahelps.org\/fr\/#website\",\"url\":\"https:\/\/www.canadahelps.org\/fr\/\",\"name\":\"CanadaHelps - Donate to any charity in Canada\",\"description\":\"Giving Made Simple\",\"publisher\":{\"@id\":\"https:\/\/www.canadahelps.org\/fr\/#organization\"},\"potentialAction\":[{\"@type\":\"SearchAction\",\"target\":{\"@type\":\"EntryPoint\",\"urlTemplate\":\"https:\/\/www.canadahelps.org\/fr\/?s={search_term_string}\"},\"query-input\":{\"@type\":\"PropertyValueSpecification\",\"valueRequired\":true,\"valueName\":\"search_term_string\"}}],\"inLanguage\":\"fr\"},{\"@type\":\"Organization\",\"@id\":\"https:\/\/www.canadahelps.org\/fr\/#organization\",\"name\":\"CanadaHelps\",\"url\":\"https:\/\/www.canadahelps.org\/fr\/\",\"logo\":{\"@type\":\"ImageObject\",\"inLanguage\":\"fr\",\"@id\":\"https:\/\/www.canadahelps.org\/fr\/#\/schema\/logo\/image\/\",\"url\":\"https:\/\/www.canadahelps.org\/media\/canadahelps-en.jpg\",\"contentUrl\":\"https:\/\/www.canadahelps.org\/media\/canadahelps-en.jpg\",\"width\":131,\"height\":72,\"caption\":\"CanadaHelps\"},\"image\":{\"@id\":\"https:\/\/www.canadahelps.org\/fr\/#\/schema\/logo\/image\/\"}}]}<\/script>\n<!-- \/ Yoast SEO plugin. -->","yoast_head_json":{"title":"Conditions g\u00e9n\u00e9rales de l\u2019offre \u00ab Faites-le au mois \u00bb | CanadaHelps - Donate to any charity in Canada","robots":{"index":"index","follow":"follow","max-snippet":"max-snippet:-1","max-image-preview":"max-image-preview:large","max-video-preview":"max-video-preview:-1"},"canonical":"https:\/\/www.canadahelps.org\/fr\/conditions-generales-de-loffre-faites-le-au-mois\/","og_locale":"fr_FR","og_type":"article","og_title":"Conditions g\u00e9n\u00e9rales de l\u2019offre \u00ab Faites-le au mois \u00bb | CanadaHelps - Donate to any charity in Canada","og_description":"Conditions g\u00e9n\u00e9rales de l\u2019offre \u00ab Faites-le au mois \u00bb *\u00ab Faites-le au mois 2024 \u00bb est un programme de don de primes dans le cadre ... Voir plus","og_url":"https:\/\/www.canadahelps.org\/fr\/conditions-generales-de-loffre-faites-le-au-mois\/","og_site_name":"CanadaHelps - Donate to any charity in Canada","article_modified_time":"2024-02-20T15:07:25+00:00","twitter_card":"summary_large_image","twitter_misc":{"Est. reading time":"4 minutes"},"schema":{"@context":"https:\/\/schema.org","@graph":[{"@type":"WebPage","@id":"https:\/\/www.canadahelps.org\/fr\/conditions-generales-de-loffre-faites-le-au-mois\/","url":"https:\/\/www.canadahelps.org\/fr\/conditions-generales-de-loffre-faites-le-au-mois\/","name":"Conditions g\u00e9n\u00e9rales de l\u2019offre \u00ab Faites-le au mois \u00bb | CanadaHelps - Donate to any charity in Canada","isPartOf":{"@id":"https:\/\/www.canadahelps.org\/fr\/#website"},"datePublished":"2022-02-14T16:42:42+00:00","dateModified":"2024-02-20T15:07:25+00:00","breadcrumb":{"@id":"https:\/\/www.canadahelps.org\/fr\/conditions-generales-de-loffre-faites-le-au-mois\/#breadcrumb"},"inLanguage":"fr","potentialAction":[{"@type":"ReadAction","target":["https:\/\/www.canadahelps.org\/fr\/conditions-generales-de-loffre-faites-le-au-mois\/"]}]},{"@type":"BreadcrumbList","@id":"https:\/\/www.canadahelps.org\/fr\/conditions-generales-de-loffre-faites-le-au-mois\/#breadcrumb","itemListElement":[{"@type":"ListItem","position":1,"name":"Home","item":"https:\/\/www.canadahelps.org\/fr\/"},{"@type":"ListItem","position":2,"name":"Conditions g\u00e9n\u00e9rales de l\u2019offre \u00ab Faites-le au mois \u00bb"}]},{"@type":"WebSite","@id":"https:\/\/www.canadahelps.org\/fr\/#website","url":"https:\/\/www.canadahelps.org\/fr\/","name":"CanadaHelps - Donate to any charity in Canada","description":"Giving Made Simple","publisher":{"@id":"https:\/\/www.canadahelps.org\/fr\/#organization"},"potentialAction":[{"@type":"SearchAction","target":{"@type":"EntryPoint","urlTemplate":"https:\/\/www.canadahelps.org\/fr\/?s={search_term_string}"},"query-input":{"@type":"PropertyValueSpecification","valueRequired":true,"valueName":"search_term_string"}}],"inLanguage":"fr"},{"@type":"Organization","@id":"https:\/\/www.canadahelps.org\/fr\/#organization","name":"CanadaHelps","url":"https:\/\/www.canadahelps.org\/fr\/","logo":{"@type":"ImageObject","inLanguage":"fr","@id":"https:\/\/www.canadahelps.org\/fr\/#\/schema\/logo\/image\/","url":"https:\/\/www.canadahelps.org\/media\/canadahelps-en.jpg","contentUrl":"https:\/\/www.canadahelps.org\/media\/canadahelps-en.jpg","width":131,"height":72,"caption":"CanadaHelps"},"image":{"@id":"https:\/\/www.canadahelps.org\/fr\/#\/schema\/logo\/image\/"}}]}},"_links":{"self":[{"href":"https:\/\/www.canadahelps.org\/fr\/wp-json\/wp\/v2\/pages\/44794","targetHints":{"allow":["GET"]}}],"collection":[{"href":"https:\/\/www.canadahelps.org\/fr\/wp-json\/wp\/v2\/pages"}],"about":[{"href":"https:\/\/www.canadahelps.org\/fr\/wp-json\/wp\/v2\/types\/page"}],"author":[{"embeddable":true,"href":"https:\/\/www.canadahelps.org\/fr\/wp-json\/wp\/v2\/users\/30"}],"replies":[{"embeddable":true,"href":"https:\/\/www.canadahelps.org\/fr\/wp-json\/wp\/v2\/comments?post=44794"}],"version-history":[{"count":8,"href":"https:\/\/www.canadahelps.org\/fr\/wp-json\/wp\/v2\/pages\/44794\/revisions"}],"predecessor-version":[{"id":51452,"href":"https:\/\/www.canadahelps.org\/fr\/wp-json\/wp\/v2\/pages\/44794\/revisions\/51452"}],"wp:attachment":[{"href":"https:\/\/www.canadahelps.org\/fr\/wp-json\/wp\/v2\/media?parent=44794"}],"curies":[{"name":"wp","href":"https:\/\/api.w.org\/{rel}","templated":true}]}}