{"id":45074,"date":"2022-02-24T17:13:41","date_gmt":"2022-02-24T22:13:41","guid":{"rendered":"https:\/\/www.canadahelps.org\/?page_id=45074"},"modified":"2023-08-16T10:13:46","modified_gmt":"2023-08-16T14:13:46","slug":"donnez-a-ukraine","status":"publish","type":"page","link":"https:\/\/www.canadahelps.org\/fr\/donnez-a-ukraine\/","title":{"rendered":"Fournir une aide d&#8217;urgence au peuple ukrainien"},"content":{"rendered":"<p><a href=\"https:\/\/www.canadahelps.org\/fr\/intervention-durgence-en-ukraine-demande-dorganisme-de-bienfaisance\/\">Pour ajouter votre organisme de bienfaisance \u00e0 cette liste, cliquez ici<\/a><\/p>\n","protected":false},"excerpt":{"rendered":"<p>Pour ajouter votre organisme de bienfaisance \u00e0 cette liste, cliquez ici<\/p>\n","protected":false},"author":7,"featured_media":0,"parent":0,"menu_order":0,"comment_status":"closed","ping_status":"closed","template":"template-merchandise-page.php","meta":{"footnotes":""},"class_list":["post-45074","page","type-page","status-publish","hentry"],"acf":{"meta_description":"Donnez maintenant pour aider le peuple ukrainien \u00e0 vivre dans la s\u00e9curit\u00e9 et la dignit\u00e9 qu'il m\u00e9rite.","use_toc_layout":false,"additional_body_css_classes":"","hide_page_title":false,"row_settings":[{"row_header":"Donnez \u00e0 ces organismes de bienfaisance fournissant une aide d'urgence en Ukraine.","row_link_text":"","row_link_url":"","trigger_masonry_layout":true,"text_before_row":"","text_after_row":"","text_after_row_header":"","card_settings":[{"card_name":"UNICEF Canada","card_type":"campaign","id":"20787","display_categories":true,"display_image":true,"display_address":true,"display_summary":true,"display_campaign_types":true,"display_progress":true,"link_or_button":"button","card_link_text":"FAITES UN DON"},{"card_name":"Canadian Red Cross","card_type":"campaign","id":"20876","display_categories":true,"display_image":true,"display_address":true,"display_summary":true,"display_campaign_types":true,"display_progress":true,"link_or_button":"button","card_link_text":"FAITES UN DON"},{"card_name":"World Vision Canada","card_type":"campaign","id":"20904","display_categories":true,"display_image":true,"display_address":true,"display_summary":true,"display_campaign_types":true,"display_progress":true,"link_or_button":"button","card_link_text":"FAITES UN DON"},{"card_name":"Canadians Sharing Locally and Globally","card_type":"campaign","id":"20942","display_categories":true,"display_image":true,"display_address":true,"display_summary":true,"display_campaign_types":true,"display_progress":true,"link_or_button":"button","card_link_text":"FAITES UN DON"},{"card_name":"ADRA Canada","card_type":"campaign","id":"20888","display_categories":true,"display_image":true,"display_address":true,"display_summary":true,"display_campaign_types":true,"display_progress":true,"link_or_button":"button","card_link_text":"FAITES UN DON"},{"card_name":"21038","card_type":"campaign","id":"21038","display_categories":true,"display_image":true,"display_address":true,"display_summary":true,"display_campaign_types":true,"display_progress":true,"link_or_button":"button","card_link_text":"DONATE NOW"},{"card_name":"(HPIC) Health Partners International of Canada","card_type":"campaign","id":"20960","display_categories":true,"display_image":true,"display_address":true,"display_summary":true,"display_campaign_types":true,"display_progress":true,"link_or_button":"button","card_link_text":"FAITES UN DON"},{"card_name":"Development and Peace \u2014 Caritas Canada","card_type":"campaign","id":"20909","display_categories":true,"display_image":true,"display_address":true,"display_summary":true,"display_campaign_types":true,"display_progress":true,"link_or_button":"button","card_link_text":"FAITES UN DON"},{"card_name":"United Nations Association in Canada","card_type":"campaign","id":"20965","display_categories":true,"display_image":true,"display_address":true,"display_summary":true,"display_campaign_types":true,"display_progress":true,"link_or_button":"button","card_link_text":"FAITES UN DON"},{"card_name":"Humanity & Inclusion Canada","card_type":"campaign","id":"20971","display_categories":true,"display_image":true,"display_address":true,"display_summary":true,"display_campaign_types":true,"display_progress":true,"link_or_button":"button","card_link_text":"FAITES UN DON"},{"card_name":"HelpAge Canada","card_type":"campaign","id":"20877","display_categories":true,"display_image":true,"display_address":true,"display_summary":true,"display_campaign_types":true,"display_progress":true,"link_or_button":"button","card_link_text":"FAITES UN DON"},{"card_name":"","card_type":"campaign","id":"21038","display_categories":true,"display_image":true,"display_address":true,"display_summary":true,"display_campaign_types":true,"display_progress":true,"link_or_button":"button","card_link_text":"FAITES UN DON"},{"card_name":"Veterinarians Without Borders","card_type":"campaign","id":"21416","display_categories":true,"display_image":true,"display_address":true,"display_summary":true,"display_campaign_types":true,"display_progress":true,"link_or_button":"button","card_link_text":"DONATE NOW"}]}],"insert_spotlight_boxes":false,"use_biography_grid":false,"min_banner_height":"280","header_title":"<p>Fournir une aide d&#8217;urgence au peuple ukrainien<\/p>\n","explanatory_text":"<p>La guerre en Ukraine a continu\u00e9 de s&#8217;intensifier et votre aide est plus que jamais n\u00e9cessaire. En 2023, environ 17,6 millions de personnes ont besoin d\u2019une aide humanitaire. Sans fin en vue, la population ukrainienne continue de faire face \u00e0 des p\u00e9nuries de nourriture et d\u2019eau, \u00e0 des risques de blessures physiques et \u00e0 un manque de soins m\u00e9dicaux et d\u2019abris s\u00fbrs.<\/p>\n<p>Faites un don pour aider les organismes de bienfaisance canadiens \u00e0 apporter une aide d\u2019urgence aux personnes touch\u00e9es par la guerre, y compris les r\u00e9fugi\u00e9s ukrainiens qui ont fui leur foyer avec peu de ressources. Vos dons peuvent aider les organismes de bienfaisance \u00e0 apporter l&#8217;aide essentielle n\u00e9cessaire pour surmonter cette crise humanitaire.<\/p>\n","button_text":"","button_link":""},"yoast_head":"<!-- This site is optimized with the Yoast SEO plugin v26.0 - https:\/\/yoast.com\/wordpress\/plugins\/seo\/ -->\n<title>Fournir une aide d&#039;urgence au peuple ukrainien | CanaDon - Faites des dons \u00e0 un organisme de bienfaisance au Canada<\/title>\n<meta name=\"robots\" content=\"index, follow, max-snippet:-1, max-image-preview:large, max-video-preview:-1\" \/>\n<link rel=\"canonical\" href=\"https:\/\/www.canadahelps.org\/fr\/donnez-a-ukraine\/\" \/>\n<meta property=\"og:locale\" content=\"fr_FR\" \/>\n<meta property=\"og:type\" content=\"article\" \/>\n<meta property=\"og:title\" content=\"Faites un don aux efforts de secours d&#039;urgence en Ukraine\" \/>\n<meta property=\"og:description\" content=\"Aidez \u00e0 fournir une aide d&#039;urgence aux Ukrainiens pris dans le conflit sur le terrain ou \u00e0 ceux qui fuient le pays pour chercher refuge. Aidez \u00e0 fournir de la nourriture, de l&#039;eau, un abri et d&#039;autres produits de premi\u00e8re n\u00e9cessit\u00e9.\" \/>\n<meta property=\"og:url\" content=\"https:\/\/www.canadahelps.org\/fr\/donnez-a-ukraine\/\" \/>\n<meta property=\"og:site_name\" content=\"CanaDon - Faites des dons \u00e0 un organisme de bienfaisance au Canada\" \/>\n<meta property=\"article:modified_time\" content=\"2023-08-16T14:13:46+00:00\" \/>\n<meta property=\"og:image\" content=\"https:\/\/www.canadahelps.org\/media\/Ukraine_Social_FR.png\" \/>\n\t<meta property=\"og:image:width\" content=\"1200\" \/>\n\t<meta property=\"og:image:height\" content=\"630\" \/>\n\t<meta property=\"og:image:type\" content=\"image\/png\" \/>\n<meta name=\"twitter:card\" content=\"summary_large_image\" \/>\n<meta name=\"twitter:title\" content=\"Faites un don aux efforts de secours d&#039;urgence en Ukraine\" \/>\n<meta name=\"twitter:description\" content=\"Aidez \u00e0 fournir une aide d&#039;urgence aux Ukrainiens pris dans le conflit sur le terrain ou \u00e0 ceux qui fuient le pays pour chercher refuge. Aidez \u00e0 fournir de la nourriture, de l&#039;eau, un abri et d&#039;autres produits de premi\u00e8re n\u00e9cessit\u00e9.\" \/>\n<meta name=\"twitter:image\" content=\"https:\/\/www.canadahelps.org\/media\/Ukraine_Social_FR.png\" \/>\n<meta name=\"twitter:label1\" content=\"Est. reading time\" \/>\n\t<meta name=\"twitter:data1\" content=\"1 minute\" \/>\n<script type=\"application\/ld+json\" class=\"yoast-schema-graph\">{\"@context\":\"https:\/\/schema.org\",\"@graph\":[{\"@type\":\"WebPage\",\"@id\":\"https:\/\/www.canadahelps.org\/fr\/donnez-a-ukraine\/\",\"url\":\"https:\/\/www.canadahelps.org\/fr\/donnez-a-ukraine\/\",\"name\":\"Fournir une aide d'urgence au peuple ukrainien | CanaDon - Faites des dons \u00e0 un organisme de bienfaisance au Canada\",\"isPartOf\":{\"@id\":\"https:\/\/www.canadahelps.org\/fr\/#website\"},\"datePublished\":\"2022-02-24T22:13:41+00:00\",\"dateModified\":\"2023-08-16T14:13:46+00:00\",\"breadcrumb\":{\"@id\":\"https:\/\/www.canadahelps.org\/fr\/donnez-a-ukraine\/#breadcrumb\"},\"inLanguage\":\"fr\",\"potentialAction\":[{\"@type\":\"ReadAction\",\"target\":[\"https:\/\/www.canadahelps.org\/fr\/donnez-a-ukraine\/\"]}]},{\"@type\":\"BreadcrumbList\",\"@id\":\"https:\/\/www.canadahelps.org\/fr\/donnez-a-ukraine\/#breadcrumb\",\"itemListElement\":[{\"@type\":\"ListItem\",\"position\":1,\"name\":\"Home\",\"item\":\"https:\/\/www.canadahelps.org\/fr\/\"},{\"@type\":\"ListItem\",\"position\":2,\"name\":\"Fournir une aide d&#8217;urgence au peuple ukrainien\"}]},{\"@type\":\"WebSite\",\"@id\":\"https:\/\/www.canadahelps.org\/fr\/#website\",\"url\":\"https:\/\/www.canadahelps.org\/fr\/\",\"name\":\"CanadaHelps - Donate to any charity in Canada\",\"description\":\"Le don en toute simplicit\u00e9\",\"publisher\":{\"@id\":\"https:\/\/www.canadahelps.org\/fr\/#organization\"},\"potentialAction\":[{\"@type\":\"SearchAction\",\"target\":{\"@type\":\"EntryPoint\",\"urlTemplate\":\"https:\/\/www.canadahelps.org\/fr\/?s={search_term_string}\"},\"query-input\":{\"@type\":\"PropertyValueSpecification\",\"valueRequired\":true,\"valueName\":\"search_term_string\"}}],\"inLanguage\":\"fr\"},{\"@type\":\"Organization\",\"@id\":\"https:\/\/www.canadahelps.org\/fr\/#organization\",\"name\":\"CanadaHelps\",\"url\":\"https:\/\/www.canadahelps.org\/fr\/\",\"logo\":{\"@type\":\"ImageObject\",\"inLanguage\":\"fr\",\"@id\":\"https:\/\/www.canadahelps.org\/fr\/#\/schema\/logo\/image\/\",\"url\":\"https:\/\/www.canadahelps.org\/media\/canadahelps-en.jpg\",\"contentUrl\":\"https:\/\/www.canadahelps.org\/media\/canadahelps-en.jpg\",\"width\":131,\"height\":72,\"caption\":\"CanadaHelps\"},\"image\":{\"@id\":\"https:\/\/www.canadahelps.org\/fr\/#\/schema\/logo\/image\/\"}}]}<\/script>\n<!-- \/ Yoast SEO plugin. -->","yoast_head_json":{"title":"Fournir une aide d'urgence au peuple ukrainien | CanaDon - Faites des dons \u00e0 un organisme de bienfaisance au Canada","robots":{"index":"index","follow":"follow","max-snippet":"max-snippet:-1","max-image-preview":"max-image-preview:large","max-video-preview":"max-video-preview:-1"},"canonical":"https:\/\/www.canadahelps.org\/fr\/donnez-a-ukraine\/","og_locale":"fr_FR","og_type":"article","og_title":"Faites un don aux efforts de secours d'urgence en Ukraine","og_description":"Aidez \u00e0 fournir une aide d'urgence aux Ukrainiens pris dans le conflit sur le terrain ou \u00e0 ceux qui fuient le pays pour chercher refuge. Aidez \u00e0 fournir de la nourriture, de l'eau, un abri et d'autres produits de premi\u00e8re n\u00e9cessit\u00e9.","og_url":"https:\/\/www.canadahelps.org\/fr\/donnez-a-ukraine\/","og_site_name":"CanaDon - Faites des dons \u00e0 un organisme de bienfaisance au Canada","article_modified_time":"2023-08-16T14:13:46+00:00","og_image":[{"width":1200,"height":630,"url":"https:\/\/www.canadahelps.org\/media\/Ukraine_Social_FR.png","type":"image\/png"}],"twitter_card":"summary_large_image","twitter_title":"Faites un don aux efforts de secours d'urgence en Ukraine","twitter_description":"Aidez \u00e0 fournir une aide d'urgence aux Ukrainiens pris dans le conflit sur le terrain ou \u00e0 ceux qui fuient le pays pour chercher refuge. Aidez \u00e0 fournir de la nourriture, de l'eau, un abri et d'autres produits de premi\u00e8re n\u00e9cessit\u00e9.","twitter_image":"https:\/\/www.canadahelps.org\/media\/Ukraine_Social_FR.png","twitter_misc":{"Est. reading time":"1 minute"},"schema":{"@context":"https:\/\/schema.org","@graph":[{"@type":"WebPage","@id":"https:\/\/www.canadahelps.org\/fr\/donnez-a-ukraine\/","url":"https:\/\/www.canadahelps.org\/fr\/donnez-a-ukraine\/","name":"Fournir une aide d'urgence au peuple ukrainien | CanaDon - Faites des dons \u00e0 un organisme de bienfaisance au Canada","isPartOf":{"@id":"https:\/\/www.canadahelps.org\/fr\/#website"},"datePublished":"2022-02-24T22:13:41+00:00","dateModified":"2023-08-16T14:13:46+00:00","breadcrumb":{"@id":"https:\/\/www.canadahelps.org\/fr\/donnez-a-ukraine\/#breadcrumb"},"inLanguage":"fr","potentialAction":[{"@type":"ReadAction","target":["https:\/\/www.canadahelps.org\/fr\/donnez-a-ukraine\/"]}]},{"@type":"BreadcrumbList","@id":"https:\/\/www.canadahelps.org\/fr\/donnez-a-ukraine\/#breadcrumb","itemListElement":[{"@type":"ListItem","position":1,"name":"Home","item":"https:\/\/www.canadahelps.org\/fr\/"},{"@type":"ListItem","position":2,"name":"Fournir une aide d&#8217;urgence au peuple ukrainien"}]},{"@type":"WebSite","@id":"https:\/\/www.canadahelps.org\/fr\/#website","url":"https:\/\/www.canadahelps.org\/fr\/","name":"CanadaHelps - Donate to any charity in Canada","description":"Le don en toute simplicit\u00e9","publisher":{"@id":"https:\/\/www.canadahelps.org\/fr\/#organization"},"potentialAction":[{"@type":"SearchAction","target":{"@type":"EntryPoint","urlTemplate":"https:\/\/www.canadahelps.org\/fr\/?s={search_term_string}"},"query-input":{"@type":"PropertyValueSpecification","valueRequired":true,"valueName":"search_term_string"}}],"inLanguage":"fr"},{"@type":"Organization","@id":"https:\/\/www.canadahelps.org\/fr\/#organization","name":"CanadaHelps","url":"https:\/\/www.canadahelps.org\/fr\/","logo":{"@type":"ImageObject","inLanguage":"fr","@id":"https:\/\/www.canadahelps.org\/fr\/#\/schema\/logo\/image\/","url":"https:\/\/www.canadahelps.org\/media\/canadahelps-en.jpg","contentUrl":"https:\/\/www.canadahelps.org\/media\/canadahelps-en.jpg","width":131,"height":72,"caption":"CanadaHelps"},"image":{"@id":"https:\/\/www.canadahelps.org\/fr\/#\/schema\/logo\/image\/"}}]}},"_links":{"self":[{"href":"https:\/\/www.canadahelps.org\/fr\/wp-json\/wp\/v2\/pages\/45074","targetHints":{"allow":["GET"]}}],"collection":[{"href":"https:\/\/www.canadahelps.org\/fr\/wp-json\/wp\/v2\/pages"}],"about":[{"href":"https:\/\/www.canadahelps.org\/fr\/wp-json\/wp\/v2\/types\/page"}],"author":[{"embeddable":true,"href":"https:\/\/www.canadahelps.org\/fr\/wp-json\/wp\/v2\/users\/7"}],"replies":[{"embeddable":true,"href":"https:\/\/www.canadahelps.org\/fr\/wp-json\/wp\/v2\/comments?post=45074"}],"version-history":[{"count":29,"href":"https:\/\/www.canadahelps.org\/fr\/wp-json\/wp\/v2\/pages\/45074\/revisions"}],"predecessor-version":[{"id":49541,"href":"https:\/\/www.canadahelps.org\/fr\/wp-json\/wp\/v2\/pages\/45074\/revisions\/49541"}],"wp:attachment":[{"href":"https:\/\/www.canadahelps.org\/fr\/wp-json\/wp\/v2\/media?parent=45074"}],"curies":[{"name":"wp","href":"https:\/\/api.w.org\/{rel}","templated":true}]}}