{"id":4563,"date":"2023-11-06T11:44:36","date_gmt":"2023-11-06T16:44:36","guid":{"rendered":"https:\/\/www.canadahelps.org\/?page_id=4563"},"modified":"2025-11-13T14:34:29","modified_gmt":"2025-11-13T19:34:29","slug":"guide-de-cadeaux-de-bienfaisance","status":"publish","type":"page","link":"https:\/\/www.canadahelps.org\/fr\/guide-de-cadeaux-de-bienfaisance\/","title":{"rendered":"Guide de cadeaux de bienfaisance"},"content":{"rendered":"<style>.ch20-full-width-page i{font-family:\"Font Awesome 6 Free\"}.gift-guide-header{display:flex;justify-content:space-between;align-items:center}.gift-guide-header-text{width:506px}.button-group{display:flex;justify-content:flex-start}.button-group a,.button-group button{margin-right:12px}.gift-step-container{display:flex;justify-content:space-between}.gift-step{width:31%}.gift-guide-ecard{display:flex;justify-content:space-evenly}.ch20-full-width-page h2.number-display{font-family:PT Serif,ui-sans-serif;font-size:137px;line-height:152px;margin:0}.flex-three{display:flex;flex-direction:row;justify-content:flex-start;align-items:flex-start}.flex-3-item{width:31%;margin:12px 12px 12px 0}.flx-3-img img{margin-bottom:15px;width:100%}.gift-guide-card.container{display:flex;justify-content:space-evenly;padding-top:64px}.gift-card-text{width:520px;padding-bottom:48px}.gradient-keyline{height:12px;margin-top:200px}.gift-guide-footer>.container{padding:64px 20px;margin:0 auto;position:relative}.gift-guide-footer h2{width:50%}.gift-guide-footer img{position:absolute;bottom:0;left:50%;max-height:506px}@media screen and (max-width:992px){.gift-guide-footer>.container{padding:64px 20px 500px}.gift-guide-footer h2{width:90%}.gift-guide-footer img{position:absolute;bottom:0;left:24px}}@media screen and (max-width:768px){.gift-guide-header{display:block}.gift-guide-header-text{width:100%}.gift-step-container{flex-direction:column}.gift-step{width:100%}.gift-guide-card{flex-direction:column-reverse}.gift-guide-ecard{flex-direction:column}.flex-three{flex-direction:column}.flex-3-item{width:100%}.gift-card-text{width:100%}}@media screen and (max-width:506px){.gift-guide-footer img{width:calc(100% - 24px)}}<\/style>\n<section class=\"container gift-guide-header\">\n<div class=\"gift-guide-header-text\">\n<h1 class=\"header-label\">GUIDE DE CADEAUX DES F\u00caTES 2025<\/h1>\n<h2 class=\"header-display\">Faites une diff\u00e9rence <span class=\"header-primary ch-underline-gradient\"> pour la saison des f\u00eates<\/span><\/h2>\n<p>Pour les f\u00eates, offrez bien plus qu\u2019un cadeau. D\u00e9couvrez des cadeaux qui soutiennent des causes incroyables, r\u00e9pandent la joie et font une vraie diff\u00e9rence dans le monde. Ensemble, faisons de ces f\u00eates les plus m\u00e9morables et significatives \u00e0 ce jour.<\/p>\n<div class=\"button-group\"><a class=\"btn-primary\" title=\"parcourir par prix\" href=\"#by-price\" rel=\"noopener\"> Parcourir par prix<\/a><a class=\"btn-primary\" title=\"parcourir par f\u00eate\" href=\"#by-cause\" rel=\"noopener\">Parcourir par f\u00eate<\/a><\/div>\n<\/p><\/div>\n<p>  <img decoding=\"async\" src=\"https:\/\/www.canadahelps.org\/media\/20251113_mkt_620_001.png\" width=\"638\" alt=\"deux femmes qui se serrent dans les bras\" \/><br \/>\n<\/section>\n<section class=\"container gift-step-container\">\n<div class=\"gift-step\">\n<h2 class=\"number-display\">1<\/h2>\n<h3 class=\"header-secondary\">Choisissez Un Cadeau<\/h3>\n<p>Consultez notre guide ci-dessous et envoyez un don de bienfaisance \u00e0 l\u2019aide d\u2019une carte \u00e9lectronique pour les f\u00eates. Le cadeau id\u00e9al pour la famille, les amis, les coll\u00e8gues\u2026 et toutes les autres personnes.<\/p>\n<\/p><\/div>\n<div class=\"gift-step\">\n<h2 class=\"number-display\">2<\/h2>\n<h3 class=\"header-secondary\">Personnalisez votre cadeau \u00e0 l\u2019aide d\u2019une carte \u00e9lectronique pour les f\u00eates<\/h3>\n<p>R\u00e9digez un message personnalis\u00e9 et choisissez votre motif pr\u00e9f\u00e9r\u00e9 pour les f\u00eates, ou ajoutez votre d\u00e9dicace en l\u2019honneur d\u2019un proche.<\/p>\n<\/p><\/div>\n<div class=\"gift-step\">\n<h2 class=\"number-display\">3<\/h2>\n<h3 class=\"header-secondary\">Faites une diff\u00e9rence<\/h3>\n<p>Envoyez votre carte \u00e9lectronique et faites une diff\u00e9rence tangible pour les causes qui vous tiennent \u00e0 c\u0153ur. Vous rendrez les saisons des personnes que vous touchez plus lumineuses.<\/p>\n<\/p><\/div>\n<\/section>\n<section id=\"gg2023-support\" class=\"gift-guide-ecard container\">\n  <img decoding=\"async\" src=\"https:\/\/www.canadahelps.org\/media\/cat-gift.gif\" alt=\"spcial gift\" \/><\/p>\n<div>\n<h2>Nouvelles cartes \u00e9lectroniques pour les f\u00eates<\/h2>\n<p>Pour chaque don de bienfaisance, montrez votre amour pour les f\u00eates de plus de mani\u00e8res!!<\/p>\n<p>    <a class=\"btn-primary\" title=\"Send an eCard\" href=\"https:\/\/www.canadahelps.org\/fr\/faites-un-don\/don-avec-carte-electronique\/\" target=\"_blank\" rel=\"noopener\">Envoyez une carte \u00e9lectronique pour les f\u00eates<\/a>\n  <\/div>\n<\/section>\n<section id=\"gg2023-every-budget\" class=\"container\">\n  <a class=\"anchor\" name=\"by-price\"><\/a><\/p>\n<div class=\"gg2023-headline\">\n<h2 class=\"maroon\">Magasinez des cadeaux de bienfaisance pour les f\u00eates qui font une diff\u00e9rence pour tous les budgets<\/h2>\n<p>    Les plus beaux cadeaux ne se trouvent pas en magasin. Offrez plut\u00f4t un cadeau qui repr\u00e9sente une fa\u00e7on concr\u00e8te pour les organismes de bienfaisance de faire une diff\u00e9rence pendant les f\u00eates. D\u00e9couvrez des cadeaux qui permettent d\u2019offrir de la nourriture aux personnes qui ont faim, de scolariser celles et ceux qui en ont besoin, de prot\u00e9ger et prendre soin des animaux \u2014 et bien plus encore.\n  <\/p><\/div>\n<div class=\"flex-three\">\n<div class=\"flex-3-item\">\n<section class=\"flx-3-img\">\n        <a href=\"https:\/\/www.canadahelps.org\/en\/explore\/campaigns\/campaign-type\/Charitable-Gift-Ideas-25-or-less\/\"><img decoding=\"async\" src=\"https:\/\/www.canadahelps.org\/media\/20231012_gg23_008.jpg\" \/><\/a><br \/>\n      <\/section>\n<section class=\"other-body-mid-a\">\n<h3>Cadeaux de moins de 25 $<\/h3>\n<\/section>\n<section class=\"other-body-mid-btn\">\n        <a class=\"link-ch-purple text-ch-bold link-no-underline\" href=\"https:\/\/www.canadahelps.org\/fr\/explore\/campaigns\/campaign-type\/Charitable-Gift-Ideas-25-or-less\/\">Trouvex un cadeau<i class=\"fa-solid fa-arrow-right\"><\/i><\/a><br \/>\n      <\/section>\n<\/p><\/div>\n<div class=\"flex-3-item\">\n<section class=\"flx-3-img\">\n        <a href=\"https:\/\/www.canadahelps.org\/en\/explore\/campaigns\/campaign-type\/Charitable-Gift-Ideas-26-to-100\/\" rel=\"noopener noreferrer\"><img decoding=\"async\" src=\"https:\/\/www.canadahelps.org\/media\/20231012_gg23_009.jpg\" \/><\/a><br \/>\n      <\/section>\n<section class=\"other-body-mid-a\">\n<h3>Cadeaux de moins de 100 $<\/h3>\n<\/section>\n<section class=\"other-body-mid-btn\">\n        <a class=\"link-ch-purple text-ch-bold link-no-underline\" href=\"https:\/\/www.canadahelps.org\/fr\/explore\/campaigns\/campaign-type\/Charitable-Gift-Ideas-26-to-100\/\">Trouvex un cadeau <i class=\"fa-solid fa-arrow-right\"><\/i><\/a><br \/>\n      <\/section>\n<\/p><\/div>\n<div class=\"flex-3-item\">\n<section class=\"flx-3-img\">\n        <a href=\"https:\/\/www.canadahelps.org\/en\/explore\/campaigns\/campaign-type\/Charitable-Gift-Ideas-101-to-250\/\" rel=\"noopener noreferrer\"><img decoding=\"async\" src=\"https:\/\/www.canadahelps.org\/media\/20231012_gg23_010.jpg\" \/><\/a><br \/>\n      <\/section>\n<section class=\"other-body-mid-a\">\n<h3>Cadeaux de moins de 250 $<\/h3>\n<\/section>\n<section class=\"other-body-mid-btn\">\n        <a class=\"link-ch-purple text-ch-bold link-no-underline\" href=\"https:\/\/www.canadahelps.org\/fr\/explore\/campaigns\/campaign-type\/Charitable-Gift-Ideas-101-to-250\/\">Trouvex un cadeau <i class=\"fa-solid fa-arrow-right\"><\/i><\/a><br \/>\n      <\/section>\n<\/p><\/div>\n<\/p><\/div>\n<\/section>\n<section class=\"ch-gray-section\">\n<div id=\"gg2023-cant-decide\" class=\"container gift-guide-card\">\n    <img loading=\"lazy\" decoding=\"async\" src=\"https:\/\/www.canadahelps.org\/media\/woman-charity-gift-card-2x.png\" height=\"504\" width=\"504\" alt=\"spcial gift\" \/><\/p>\n<div class=\"gift-card-text\">\n<h2>Vous n\u2019arrivez pas \u00e0 vous d\u00e9cider? Offrez le cadeau de votre choix avec une carte-cadeau de bienfaisance<\/h2>\n<p>Vous avez oubli\u00e9 quelqu\u2019un sur votre liste? \u00c7a arrive aux meilleurs d\u2019entre nous! Pour nous, m\u00eame les cadeaux de derni\u00e8re minute peuvent \u00eatre porteurs de sens. Nos cartes-cadeaux vous permettent d\u2019envoyer instantan\u00e9ment votre cadeau \u00e0 n\u2019importe qui, partout dans le monde, sans vous soucier des d\u00e9lais de livraison de Postes Canada.<\/p>\n<p>Choisissez le motif et la valeur de la carte-cadeau, et le destinataire pourra s\u00e9lectionner un ou plusieurs organismes de bienfaisance \u00e0 soutenir.<\/p>\n<p>      <a class=\"btn-primary\" title=\"Envoyez une Carte-Cadeau\" href=\"https:\/\/www.canadahelps.org\/fr\/cartes-cadeaux\/orders\/\">Envoyez une Carte-Cadeau<\/a>\n    <\/div>\n<\/p><\/div>\n<\/section>\n<section id=\"gg2023-faq\" class=\"container-sm gift-guid-faq\">\n<div class=\"gg2023-headline\">\n<h2 class=\"header-primary\">FAQ<\/h2>\n<\/p><\/div>\n<section id=\"gg2023-faq-accordion\">\n<details class=\"faq-accordion ch-gray-section\">\n<summary><strong>Les dons de bienfaisance sont-ils disponibles toute l\u2019ann\u00e9e?<\/strong><i class=\"fa-solid\"><\/i><\/summary>\n<div class=\"faq-accordion-content\">Oui! Ils sont disponibles pour n\u2019importe quelle occasion. Que ce soit pour une remise de dipl\u00f4me, un anniversaire, un d\u00e9part \u00e0 la retraite, un mariage, un retour \u00e0 l\u2019\u00e9cole\u2026 ou tout simplement parce que vous le pouvez.<\/div>\n<\/details>\n<details class=\"faq-accordion ch-gray-section\">\n<summary><strong>Est-ce que je recevrai un re\u00e7u fiscal en \u00e9change de mon dons de bienfaisance?<\/strong><i class=\"fa-solid\"><\/i><\/summary>\n<div class=\"faq-accordion-content\">\n<p>Oui. Chaque don de bienfaisance, carte \u00e9lectronique ou carte-cadeau s\u2019accompagne d\u2019un re\u00e7u fiscal qui est instantan\u00e9ment envoy\u00e9.<\/p>\n<p>Remarque&nbsp;: la personne qui a achet\u00e9 la carte-cadeau recevra le re\u00e7u fiscal au moment de l\u2019achat. Le destinataire de la carte-cadeau ne recevra pas de re\u00e7u fiscal suppl\u00e9mentaire.<\/p>\n<\/p><\/div>\n<\/details>\n<details class=\"faq-accordion ch-gray-section\">\n<summary><strong>Qu\u2019est-ce qu\u2019une carte-cadeau de bienfaisance?<\/strong><i class=\"fa-solid\"><\/i><\/summary>\n<div class=\"faq-accordion-content\">\n<p>Parfaite pour toute occasion sp\u00e9ciale ou comme une belle mani\u00e8re de rendre hommage \u00e0 un proche, vous pouvez envoyer une carte-cadeau de bienfaisance personnalis\u00e9e de CanaDon de la valeur de votre choix. La personne \u00e0 qui vous l\u2019offrez peut ensuite choisir l\u2019organisme de bienfaisance qui recevra les fonds.<\/p>\n<p>Remarque&nbsp;: la personne qui a achet\u00e9 la carte-cadeau recevra le re\u00e7u fiscal au moment de l\u2019achat. Le destinataire de la carte-cadeau ne recevra pas de re\u00e7u fiscal suppl\u00e9mentaire.<\/p>\n<\/p><\/div>\n<\/details>\n<\/section>\n<\/section>\n<div class=\"gg2023-headline container-sm\">Plus de questions? <a href=\"https:\/\/help.canadahelps.org\/s\/?language=fr\">Parcourez notre FAQ ici.<\/a>.<\/div>\n<div class=\"gradient-keyline\"><\/div>\n<section id=\"gg2023-footer-container\" class=\"gift-guide-footer ch-purple-section\">\n<div id=\"gg2023-footer-text\" class=\"container\">\n<h2 class=\"header-primary text-white\">De la part de nous tous \u00e0 CanaDon, joyeuses f\u00eates!<\/h2>\n<p>    <img decoding=\"async\" src=\"https:\/\/www.canadahelps.org\/media\/smiling-manin-suit.png\" alt=\"Man smiling\" \/>\n  <\/div>\n<\/section>\n","protected":false},"excerpt":{"rendered":"<p>GUIDE DE CADEAUX DES F\u00caTES 2025 Faites une diff\u00e9rence pour la saison des f\u00eates Pour les f\u00eates, offrez bien plus qu\u2019un cadeau. D\u00e9couvrez des cadeaux &#8230; <a href=\"https:\/\/www.canadahelps.org\/fr\/guide-de-cadeaux-de-bienfaisance\/\" id=\"canadahelp-blog-meta\">Voir plus<\/a><\/p>\n","protected":false},"author":7,"featured_media":0,"parent":0,"menu_order":0,"comment_status":"open","ping_status":"open","template":"template-ch20-full-width.php","meta":{"footnotes":""},"class_list":["post-4563","page","type-page","status-publish","hentry"],"acf":{"meta_description":"","use_toc_layout":false,"insert_spotlight_boxes":false,"use_biography_grid":false,"header_banner_colour":"#748E09","additional_body_css_classes":"","footer_panels":false,"hide_page_title":false,"row_settings":false,"blogs_posts_item":false},"yoast_head":"<!-- This site is optimized with the Yoast SEO plugin v26.0 - https:\/\/yoast.com\/wordpress\/plugins\/seo\/ -->\n<title>Guide canadien des cadeaux de bienfaisance 2025 | CanaDon \u2013 La g\u00e9n\u00e9rosit\u00e9 est ici<\/title>\n<meta name=\"description\" content=\"Votre guide des cadeaux de bienfaisance 2025 est arriv\u00e9. Trouvez plus de 50 id\u00e9es de cadeaux \ud83c\udf81pour toutes les personnes figurant sur votre liste.\" \/>\n<meta name=\"robots\" content=\"index, follow, max-snippet:-1, max-image-preview:large, max-video-preview:-1\" \/>\n<link rel=\"canonical\" href=\"https:\/\/www.canadahelps.org\/fr\/guide-de-cadeaux-de-bienfaisance\/\" \/>\n<meta property=\"og:locale\" content=\"fr_FR\" \/>\n<meta property=\"og:type\" content=\"article\" \/>\n<meta property=\"og:title\" content=\"Ce guide comporte un cadeau plein de sens, parfait pour n\u2019importe quelle occasion\" \/>\n<meta property=\"og:description\" content=\"Offrez des cadeaux qui repr\u00e9sentent des actions concr\u00e8tes des organismes de bienfaisance pour changer les choses. Trouvez des dons de bienfaisance pour nourrir des gens dans le besoin, donner une \u00e9ducation, prot\u00e9ger et soigner des animaux, etc. !\" \/>\n<meta property=\"og:url\" content=\"https:\/\/www.canadahelps.org\/fr\/guide-de-cadeaux-de-bienfaisance\/\" \/>\n<meta property=\"og:site_name\" content=\"CanaDon - Faites des dons \u00e0 un organisme de bienfaisance au Canada\" \/>\n<meta property=\"article:modified_time\" content=\"2025-11-13T19:34:29+00:00\" \/>\n<meta property=\"og:image\" content=\"https:\/\/www.canadahelps.org\/media\/Gift-Guide_Social-Sharing_November-2020.png\" \/>\n\t<meta property=\"og:image:width\" content=\"1200\" \/>\n\t<meta property=\"og:image:height\" content=\"630\" \/>\n\t<meta property=\"og:image:type\" content=\"image\/png\" \/>\n<meta name=\"twitter:card\" content=\"summary_large_image\" \/>\n<meta name=\"twitter:title\" content=\"Ce guide comporte un cadeau plein de sens, parfait pour n\u2019importe quelle occasion\" \/>\n<meta name=\"twitter:description\" content=\"Offrez des cadeaux qui repr\u00e9sentent des actions concr\u00e8tes des organismes de bienfaisance pour changer les choses. Trouvez des dons de bienfaisance pour nourrir des gens dans le besoin, donner une \u00e9ducation, prot\u00e9ger et soigner des animaux, etc. !\" \/>\n<meta name=\"twitter:image\" content=\"https:\/\/www.canadahelps.org\/media\/20191202_Gift-guide-landing-page.jpg\" \/>\n<meta name=\"twitter:label1\" content=\"Est. reading time\" \/>\n\t<meta name=\"twitter:data1\" content=\"5 minutes\" \/>\n<script type=\"application\/ld+json\" class=\"yoast-schema-graph\">{\"@context\":\"https:\/\/schema.org\",\"@graph\":[{\"@type\":\"WebPage\",\"@id\":\"https:\/\/www.canadahelps.org\/fr\/guide-de-cadeaux-de-bienfaisance\/\",\"url\":\"https:\/\/www.canadahelps.org\/fr\/guide-de-cadeaux-de-bienfaisance\/\",\"name\":\"Guide canadien des cadeaux de bienfaisance 2025 | CanaDon \u2013 La g\u00e9n\u00e9rosit\u00e9 est ici\",\"isPartOf\":{\"@id\":\"https:\/\/www.canadahelps.org\/fr\/#website\"},\"primaryImageOfPage\":{\"@id\":\"https:\/\/www.canadahelps.org\/fr\/guide-de-cadeaux-de-bienfaisance\/#primaryimage\"},\"image\":{\"@id\":\"https:\/\/www.canadahelps.org\/fr\/guide-de-cadeaux-de-bienfaisance\/#primaryimage\"},\"thumbnailUrl\":\"https:\/\/www.canadahelps.org\/media\/20251113_mkt_620_001.png\",\"datePublished\":\"2023-11-06T16:44:36+00:00\",\"dateModified\":\"2025-11-13T19:34:29+00:00\",\"description\":\"Votre guide des cadeaux de bienfaisance 2025 est arriv\u00e9. Trouvez plus de 50 id\u00e9es de cadeaux \ud83c\udf81pour toutes les personnes figurant sur votre liste.\",\"breadcrumb\":{\"@id\":\"https:\/\/www.canadahelps.org\/fr\/guide-de-cadeaux-de-bienfaisance\/#breadcrumb\"},\"inLanguage\":\"fr\",\"potentialAction\":[{\"@type\":\"ReadAction\",\"target\":[\"https:\/\/www.canadahelps.org\/fr\/guide-de-cadeaux-de-bienfaisance\/\"]}]},{\"@type\":\"ImageObject\",\"inLanguage\":\"fr\",\"@id\":\"https:\/\/www.canadahelps.org\/fr\/guide-de-cadeaux-de-bienfaisance\/#primaryimage\",\"url\":\"https:\/\/www.canadahelps.org\/media\/20251113_mkt_620_001.png\",\"contentUrl\":\"https:\/\/www.canadahelps.org\/media\/20251113_mkt_620_001.png\"},{\"@type\":\"BreadcrumbList\",\"@id\":\"https:\/\/www.canadahelps.org\/fr\/guide-de-cadeaux-de-bienfaisance\/#breadcrumb\",\"itemListElement\":[{\"@type\":\"ListItem\",\"position\":1,\"name\":\"Home\",\"item\":\"https:\/\/www.canadahelps.org\/fr\/\"},{\"@type\":\"ListItem\",\"position\":2,\"name\":\"Guide de cadeaux de bienfaisance\"}]},{\"@type\":\"WebSite\",\"@id\":\"https:\/\/www.canadahelps.org\/fr\/#website\",\"url\":\"https:\/\/www.canadahelps.org\/fr\/\",\"name\":\"CanadaHelps - Donate to any charity in Canada\",\"description\":\"Le don en toute simplicit\u00e9\",\"publisher\":{\"@id\":\"https:\/\/www.canadahelps.org\/fr\/#organization\"},\"potentialAction\":[{\"@type\":\"SearchAction\",\"target\":{\"@type\":\"EntryPoint\",\"urlTemplate\":\"https:\/\/www.canadahelps.org\/fr\/?s={search_term_string}\"},\"query-input\":{\"@type\":\"PropertyValueSpecification\",\"valueRequired\":true,\"valueName\":\"search_term_string\"}}],\"inLanguage\":\"fr\"},{\"@type\":\"Organization\",\"@id\":\"https:\/\/www.canadahelps.org\/fr\/#organization\",\"name\":\"CanadaHelps\",\"url\":\"https:\/\/www.canadahelps.org\/fr\/\",\"logo\":{\"@type\":\"ImageObject\",\"inLanguage\":\"fr\",\"@id\":\"https:\/\/www.canadahelps.org\/fr\/#\/schema\/logo\/image\/\",\"url\":\"https:\/\/www.canadahelps.org\/media\/canadahelps-en.jpg\",\"contentUrl\":\"https:\/\/www.canadahelps.org\/media\/canadahelps-en.jpg\",\"width\":131,\"height\":72,\"caption\":\"CanadaHelps\"},\"image\":{\"@id\":\"https:\/\/www.canadahelps.org\/fr\/#\/schema\/logo\/image\/\"}}]}<\/script>\n<!-- \/ Yoast SEO plugin. -->","yoast_head_json":{"title":"Guide canadien des cadeaux de bienfaisance 2025 | CanaDon \u2013 La g\u00e9n\u00e9rosit\u00e9 est ici","description":"Votre guide des cadeaux de bienfaisance 2025 est arriv\u00e9. Trouvez plus de 50 id\u00e9es de cadeaux \ud83c\udf81pour toutes les personnes figurant sur votre liste.","robots":{"index":"index","follow":"follow","max-snippet":"max-snippet:-1","max-image-preview":"max-image-preview:large","max-video-preview":"max-video-preview:-1"},"canonical":"https:\/\/www.canadahelps.org\/fr\/guide-de-cadeaux-de-bienfaisance\/","og_locale":"fr_FR","og_type":"article","og_title":"Ce guide comporte un cadeau plein de sens, parfait pour n\u2019importe quelle occasion","og_description":"Offrez des cadeaux qui repr\u00e9sentent des actions concr\u00e8tes des organismes de bienfaisance pour changer les choses. Trouvez des dons de bienfaisance pour nourrir des gens dans le besoin, donner une \u00e9ducation, prot\u00e9ger et soigner des animaux, etc. !","og_url":"https:\/\/www.canadahelps.org\/fr\/guide-de-cadeaux-de-bienfaisance\/","og_site_name":"CanaDon - Faites des dons \u00e0 un organisme de bienfaisance au Canada","article_modified_time":"2025-11-13T19:34:29+00:00","og_image":[{"width":1200,"height":630,"url":"https:\/\/www.canadahelps.org\/media\/Gift-Guide_Social-Sharing_November-2020.png","type":"image\/png"}],"twitter_card":"summary_large_image","twitter_title":"Ce guide comporte un cadeau plein de sens, parfait pour n\u2019importe quelle occasion","twitter_description":"Offrez des cadeaux qui repr\u00e9sentent des actions concr\u00e8tes des organismes de bienfaisance pour changer les choses. Trouvez des dons de bienfaisance pour nourrir des gens dans le besoin, donner une \u00e9ducation, prot\u00e9ger et soigner des animaux, etc. !","twitter_image":"https:\/\/www.canadahelps.org\/media\/20191202_Gift-guide-landing-page.jpg","twitter_misc":{"Est. reading time":"5 minutes"},"schema":{"@context":"https:\/\/schema.org","@graph":[{"@type":"WebPage","@id":"https:\/\/www.canadahelps.org\/fr\/guide-de-cadeaux-de-bienfaisance\/","url":"https:\/\/www.canadahelps.org\/fr\/guide-de-cadeaux-de-bienfaisance\/","name":"Guide canadien des cadeaux de bienfaisance 2025 | CanaDon \u2013 La g\u00e9n\u00e9rosit\u00e9 est ici","isPartOf":{"@id":"https:\/\/www.canadahelps.org\/fr\/#website"},"primaryImageOfPage":{"@id":"https:\/\/www.canadahelps.org\/fr\/guide-de-cadeaux-de-bienfaisance\/#primaryimage"},"image":{"@id":"https:\/\/www.canadahelps.org\/fr\/guide-de-cadeaux-de-bienfaisance\/#primaryimage"},"thumbnailUrl":"https:\/\/www.canadahelps.org\/media\/20251113_mkt_620_001.png","datePublished":"2023-11-06T16:44:36+00:00","dateModified":"2025-11-13T19:34:29+00:00","description":"Votre guide des cadeaux de bienfaisance 2025 est arriv\u00e9. Trouvez plus de 50 id\u00e9es de cadeaux \ud83c\udf81pour toutes les personnes figurant sur votre liste.","breadcrumb":{"@id":"https:\/\/www.canadahelps.org\/fr\/guide-de-cadeaux-de-bienfaisance\/#breadcrumb"},"inLanguage":"fr","potentialAction":[{"@type":"ReadAction","target":["https:\/\/www.canadahelps.org\/fr\/guide-de-cadeaux-de-bienfaisance\/"]}]},{"@type":"ImageObject","inLanguage":"fr","@id":"https:\/\/www.canadahelps.org\/fr\/guide-de-cadeaux-de-bienfaisance\/#primaryimage","url":"https:\/\/www.canadahelps.org\/media\/20251113_mkt_620_001.png","contentUrl":"https:\/\/www.canadahelps.org\/media\/20251113_mkt_620_001.png"},{"@type":"BreadcrumbList","@id":"https:\/\/www.canadahelps.org\/fr\/guide-de-cadeaux-de-bienfaisance\/#breadcrumb","itemListElement":[{"@type":"ListItem","position":1,"name":"Home","item":"https:\/\/www.canadahelps.org\/fr\/"},{"@type":"ListItem","position":2,"name":"Guide de cadeaux de bienfaisance"}]},{"@type":"WebSite","@id":"https:\/\/www.canadahelps.org\/fr\/#website","url":"https:\/\/www.canadahelps.org\/fr\/","name":"CanadaHelps - Donate to any charity in Canada","description":"Le don en toute simplicit\u00e9","publisher":{"@id":"https:\/\/www.canadahelps.org\/fr\/#organization"},"potentialAction":[{"@type":"SearchAction","target":{"@type":"EntryPoint","urlTemplate":"https:\/\/www.canadahelps.org\/fr\/?s={search_term_string}"},"query-input":{"@type":"PropertyValueSpecification","valueRequired":true,"valueName":"search_term_string"}}],"inLanguage":"fr"},{"@type":"Organization","@id":"https:\/\/www.canadahelps.org\/fr\/#organization","name":"CanadaHelps","url":"https:\/\/www.canadahelps.org\/fr\/","logo":{"@type":"ImageObject","inLanguage":"fr","@id":"https:\/\/www.canadahelps.org\/fr\/#\/schema\/logo\/image\/","url":"https:\/\/www.canadahelps.org\/media\/canadahelps-en.jpg","contentUrl":"https:\/\/www.canadahelps.org\/media\/canadahelps-en.jpg","width":131,"height":72,"caption":"CanadaHelps"},"image":{"@id":"https:\/\/www.canadahelps.org\/fr\/#\/schema\/logo\/image\/"}}]}},"_links":{"self":[{"href":"https:\/\/www.canadahelps.org\/fr\/wp-json\/wp\/v2\/pages\/4563","targetHints":{"allow":["GET"]}}],"collection":[{"href":"https:\/\/www.canadahelps.org\/fr\/wp-json\/wp\/v2\/pages"}],"about":[{"href":"https:\/\/www.canadahelps.org\/fr\/wp-json\/wp\/v2\/types\/page"}],"author":[{"embeddable":true,"href":"https:\/\/www.canadahelps.org\/fr\/wp-json\/wp\/v2\/users\/7"}],"replies":[{"embeddable":true,"href":"https:\/\/www.canadahelps.org\/fr\/wp-json\/wp\/v2\/comments?post=4563"}],"version-history":[{"count":68,"href":"https:\/\/www.canadahelps.org\/fr\/wp-json\/wp\/v2\/pages\/4563\/revisions"}],"predecessor-version":[{"id":56936,"href":"https:\/\/www.canadahelps.org\/fr\/wp-json\/wp\/v2\/pages\/4563\/revisions\/56936"}],"wp:attachment":[{"href":"https:\/\/www.canadahelps.org\/fr\/wp-json\/wp\/v2\/media?parent=4563"}],"curies":[{"name":"wp","href":"https:\/\/api.w.org\/{rel}","templated":true}]}}