{"id":46000,"date":"2019-04-26T13:57:27","date_gmt":"2019-04-26T17:57:27","guid":{"rendered":"https:\/\/www.canadahelps.org\/?page_id=46000"},"modified":"2023-04-27T11:54:24","modified_gmt":"2023-04-27T15:54:24","slug":"le-guide-des-dons-de-bienfaisance-pour-la-fete-des-meres","status":"publish","type":"page","link":"https:\/\/www.canadahelps.org\/fr\/le-guide-des-dons-de-bienfaisance-pour-la-fete-des-meres\/","title":{"rendered":"Le guide des dons de bienfaisance pour la f\u00eate des M\u00e8res"},"content":{"rendered":"<style><span data-mce-type=\"bookmark\" style=\"display: inline-block; width: 0px; overflow: hidden; line-height: 0;\" class=\"mce_SELRES_start\">\ufeff<\/span>a.anchor {display: block;position: relative; top: -100px; visibility: hidden;}#flexer{display:flex; flex-direction: row;  justify-content: center;}.flexer-item {width:45%; text-align:center; margin:0px 20px;} .white-box{ background:#fff; padding:20px; text-align:left}.wb{background:#fff; margin:0; padding:0; color:#374252;}@media (max-width:620px){#flexer {flex-direction: column;  justify-content: center;}.flexer-item {width:90%;}}<\/style>\n<h2><strong>Plus de mani\u00e8res d\u2019honorer votre maman<\/strong><\/h2>\n<div id=\"flexer\">\n<div class=\"flexer-item\">\n<p><a href=\"https:\/\/www.canadahelps.org\/fr\/faites-un-don\/\"><img decoding=\"async\" class=\"alignnone wp-image-46141\" style=\"border-radius: 3px;\" src=\"https:\/\/www.canadahelps.org\/media\/mothers-day_gift-guide.jpg\" alt=\"\" width=\"100%\" srcset=\"https:\/\/www.canadahelps.org\/media\/mothers-day_gift-guide.jpg 574w, https:\/\/www.canadahelps.org\/media\/mothers-day_gift-guide-300x216.jpg 300w\" sizes=\"(max-width: 574px) 100vw, 574px\" \/><\/a><\/p>\n<div class=\"white-box\">\n<p><strong>Faites un don en l\u2019honneur de votre maman<\/strong><\/p>\n<p>Faites un don \u00e0 l&#8217;organisme de bienfaisance pr\u00e9f\u00e9r\u00e9 de votre m\u00e8re en son honneur ou \u00e0 sa m\u00e9moire. Plus de 86 000 organismes de bienfaisance auxquels donner sur CanaDon!<strong><br \/>\n<\/strong><\/p>\n<p class=\"wb\"><a class=\"btn\" style=\"text-decoration: none; color: #ffffff; background: #0070af;\" href=\"https:\/\/www.canadahelps.org\/fr\/faites-un-don\/\">Trouvez un organisme de bienfaisance<\/a><\/p>\n<\/div>\n<\/div>\n<div class=\"flexer-item\">\n<p><a href=\"https:\/\/www.canadahelps.org\/fr\/cartes-cadeaux\/orders\/?amount=50&amp;category=0\" target=\"_blank\" rel=\"noopener noreferrer\"><img decoding=\"async\" class=\"alignnone size-full wp-image-24726\" style=\"border-radius: 3px;\" src=\"https:\/\/www.canadahelps.org\/media\/mothers-day_gift-cards_FR.png\" alt=\"\" width=\"100%\" \/><\/a><\/p>\n<div class=\"white-box\">\n<p><strong>Offrez une carte-cadeau de bienfaisance<\/strong><\/p>\n<p>Avec une carte-cadeau CanaDon, vous choisissez le design et la valeur, et maman remet les fonds \u00e0 son organisme de bienfaisance pr\u00e9f\u00e9r\u00e9.<\/p>\n<p class=\"wb\"><a class=\"btn\" style=\"text-decoration: none; color: #ffffff; background: #0070af;\" href=\"https:\/\/www.canadahelps.org\/fr\/cartes-cadeaux\/orders\/?amount=50&amp;category=0\" target=\"_blank\" rel=\"noopener noreferrer\">Offrez une carte-cadeau de bienfaisance<\/a><\/p>\n<\/div>\n<\/div>\n<\/div>\n","protected":false},"excerpt":{"rendered":"<p>Plus de mani\u00e8res d\u2019honorer votre maman Faites un don en l\u2019honneur de votre maman Faites un don \u00e0 l&#8217;organisme de bienfaisance pr\u00e9f\u00e9r\u00e9 de votre m\u00e8re &#8230; <a href=\"https:\/\/www.canadahelps.org\/fr\/le-guide-des-dons-de-bienfaisance-pour-la-fete-des-meres\/\" id=\"canadahelp-blog-meta\">Voir plus<\/a><\/p>\n","protected":false},"author":67,"featured_media":46011,"parent":0,"menu_order":0,"comment_status":"closed","ping_status":"closed","template":"template-merchandise-page.php","meta":{"footnotes":""},"class_list":["post-46000","page","type-page","status-publish","has-post-thumbnail","hentry"],"acf":{"meta_description":"","use_toc_layout":false,"additional_body_css_classes":"","hide_page_title":false,"row_settings":[{"row_header":"Faites un don de bienfaisance qui soutient les m\u00e8res au Canada et partout dans le monde.  <a class=\"anchor\" name=\"pour-les-meres\"><\/a>","row_link_text":"","row_link_url":"","trigger_masonry_layout":true,"text_before_row":"","text_after_row":"","text_after_row_header":"<p>Ces dons permettent d\u2019offrir des services de garde d\u2019enfants, de soins pr\u00e9nataux, du lait maternis\u00e9 et bien d\u2019autres choses aux mamans dans le besoin.<\/p>\n","card_settings":[{"card_name":"Altitude Project Community Support Foundation","card_type":"campaign","id":"12430","display_categories":true,"display_image":true,"display_address":true,"display_summary":true,"display_campaign_types":true,"display_progress":true,"link_or_button":"button","card_link_text":"FAITES UN DON"},{"card_name":"Care Canada","card_type":"campaign","id":"7834","display_categories":true,"display_image":true,"display_address":true,"display_summary":true,"display_campaign_types":true,"display_progress":true,"link_or_button":"button","card_link_text":"FAITES UN DON"},{"card_name":"Fondation Senegal Sante Mobile","card_type":"campaign","id":"887","display_categories":true,"display_image":true,"display_address":true,"display_summary":true,"display_campaign_types":true,"display_progress":true,"link_or_button":"button","card_link_text":"FAITES UN DON"}]},{"row_header":"Faites un don de bienfaisance qui a un impact mondial \u00e0 l\u2019occasion de la f\u00eate des m\u00e8res. ","row_link_text":"","row_link_url":"","trigger_masonry_layout":true,"text_before_row":"","text_after_row":"","text_after_row_header":"<p>Honorez les mamans en faisant un don de bienfaisance qui permet d\u2019offrir une aide humanitaire dans le monde entier, y compris des refuges, de la nourriture et des soins m\u00e9dicaux. <a class=\"anchor\" name=\"mondiale\"><\/a><\/p>\n","card_settings":[{"card_name":"Canadian Women for Women in Afghanistan Inc.","card_type":"campaign","id":"838","display_categories":true,"display_image":true,"display_address":true,"display_summary":true,"display_campaign_types":true,"display_progress":true,"link_or_button":"button","card_link_text":"FAITES UN DON"},{"card_name":"Care Canada","card_type":"campaign","id":"7828","display_categories":true,"display_image":true,"display_address":true,"display_summary":true,"display_campaign_types":true,"display_progress":true,"link_or_button":"button","card_link_text":"FAITES UN DON"},{"card_name":"ShelterBox","card_type":"campaign","id":"7840","display_categories":true,"display_image":true,"display_address":true,"display_summary":true,"display_campaign_types":true,"display_progress":true,"link_or_button":"button","card_link_text":"FAITES UN DON"},{"card_name":"LifeWater Canada","card_type":"campaign","id":"7895","display_categories":true,"display_image":true,"display_address":true,"display_summary":true,"display_campaign_types":true,"display_progress":true,"link_or_button":"button","card_link_text":"FAITES UN DON"}]},{"row_header":"Faites un don de bienfaisance pour les mamans passionn\u00e9es par les animaux.","row_link_text":"","row_link_url":"","trigger_masonry_layout":true,"text_before_row":"","text_after_row":"","text_after_row_header":"<p>Ces organismes aident \u00e0 sauver, r\u00e9habiliter et fournir un abri aux animaux abandonn\u00e9s, aux animaux sauvages bless\u00e9s et bien plus encore. <a class=\"anchor\" name=\"animaux\"><\/a><\/p>\n","card_settings":[{"card_name":"Horse Protection Society of British Columbia","card_type":"campaign","id":"1003","display_categories":true,"display_image":true,"display_address":true,"display_summary":true,"display_campaign_types":true,"display_progress":true,"link_or_button":"button","card_link_text":"FAITES UN DON"},{"card_name":"Ecomuseum Zoo","card_type":"campaign","id":"12199\t ","display_categories":true,"display_image":true,"display_address":true,"display_summary":true,"display_campaign_types":true,"display_progress":true,"link_or_button":"button","card_link_text":"FAITES UN DON"},{"card_name":"British Columbia Chihuahua Rescue","card_type":"campaign","id":"1178","display_categories":true,"display_image":true,"display_address":true,"display_summary":true,"display_campaign_types":true,"display_progress":true,"link_or_button":"button","card_link_text":"FAITES UN DON"},{"card_name":"North Island Wildlife Recovery Centre","card_type":"campaign","id":"1027","display_categories":true,"display_image":true,"display_address":true,"display_summary":true,"display_campaign_types":true,"display_progress":true,"link_or_button":"button","card_link_text":"FAITES UN DON"}]},{"row_header":"Faites un don de bienfaisance pour les mamans qui aide \u00e0 sauver la sant\u00e9 de notre plan\u00e8te! ","row_link_text":"","row_link_url":"","trigger_masonry_layout":true,"text_before_row":"","text_after_row":"","text_after_row_header":"<p>Choisissez un don qui permet de lutter contre le changement climatique en pr\u00e9servant les habitats naturels, en plantant des arbres et bien plus encore. <a class=\"anchor\" name=\"planete\"><\/a><\/p>\n","card_settings":[{"card_name":"Tree Canada","card_type":"campaign","id":"16488","display_categories":true,"display_image":true,"display_address":true,"display_summary":true,"display_campaign_types":true,"display_progress":true,"link_or_button":"button","card_link_text":"FAITES UN DON"}]},{"row_header":"Faites un don de bienfaisance pour les mamans qui aide les enfants dans le besoin dans le monde entier.","row_link_text":"","row_link_url":"","trigger_masonry_layout":true,"text_before_row":"","text_after_row":"","text_after_row_header":"<p><span style=\"font-weight: 400;\">Les dons permettent d\u2019offrir \u00e0 manger aux enfants, leur donner acc\u00e8s \u00e0 l\u2019\u00e9ducation et bien plus encore.<\/span><a class=\"anchor\" name=\"manger\"><\/a><\/p>\n","card_settings":[{"card_name":"Panier d'alimentation","card_type":"campaign","id":"8959","display_categories":true,"display_image":true,"display_address":true,"display_summary":true,"display_campaign_types":true,"display_progress":true,"link_or_button":"button","card_link_text":"DONATE NOW"},{"card_name":"60 Million Girls","card_type":"campaign","id":"20047","display_categories":true,"display_image":true,"display_address":true,"display_summary":true,"display_campaign_types":true,"display_progress":true,"link_or_button":"button","card_link_text":"FAITES UN DON"},{"card_name":"Boys and Girls Club of Kamloops","card_type":"campaign","id":"7668","display_categories":true,"display_image":true,"display_address":true,"display_summary":true,"display_campaign_types":true,"display_progress":true,"link_or_button":"button","card_link_text":"FAITES UN DON"},{"card_name":"Dekpor School Development Organisation","card_type":"campaign","id":"2263","display_categories":true,"display_image":true,"display_address":true,"display_summary":true,"display_campaign_types":true,"display_progress":true,"link_or_button":"button","card_link_text":"FAITES UN DON"},{"card_name":"Rainbow Songs Foundation","card_type":"campaign","id":"7732","display_categories":true,"display_image":true,"display_address":true,"display_summary":true,"display_campaign_types":true,"display_progress":true,"link_or_button":"button","card_link_text":"FAITES UN DON"},{"card_name":"Amref Health Africa in Canada","card_type":"campaign","id":"10380","display_categories":true,"display_image":true,"display_address":true,"display_summary":true,"display_campaign_types":true,"display_progress":true,"link_or_button":"button","card_link_text":"FAITES UN DON"}]}],"insert_spotlight_boxes":false,"use_biography_grid":false,"min_banner_height":"280","header_title":"<p>Donnez \u00e0 l&#8217;occasion de la f\u00eate des M\u00e8res. Consultez notre guide des dons de bienfaisance!<\/p>\n","explanatory_text":"<p><span style=\"font-weight: 400;\">Pour cette f\u00eate des M\u00e8res, offrez un cadeau unique qui aura un impact. On ne trouve pas les meilleurs cadeaux dans les magasins et c&#8217;est exactement pourquoi un don de bienfaisance est un cadeau parfait. Soutenez une cause qui la passionne, quel que soit votre budget. Qu&#8217;il s&#8217;agisse d&#8217;un don pour une cause humanitaire, pour prendre soin des animaux, aider des enfants vuln\u00e9rables ou pour redonner aux mamans du monde entier, vous \u00eates s\u00fbr de toucher son c\u0153ur avec ce geste attentionn\u00e9.<\/span><\/p>\n<p><span style=\"font-weight: 400;\">Choisissez parmi 20 des meilleurs dons de bienfaisance pour la f\u00eate des M\u00e8res.<\/span><\/p>\n","button_text":"","button_link":""},"yoast_head":"<!-- This site is optimized with the Yoast SEO plugin v26.0 - https:\/\/yoast.com\/wordpress\/plugins\/seo\/ -->\n<title>Le guide des dons de bienfaisance pour la f\u00eate des M\u00e8res | CanaDon - Faites des dons \u00e0 un organisme de bienfaisance au Canada<\/title>\n<meta name=\"description\" content=\"Pour cette f\u00eate des M\u00e8res, offrez un cadeau unique qui aura un impact. On ne trouve pas les meilleurs cadeaux dans les magasins et c&#039;est exactement pourquoi un don de bienfaisance est un cadeau parfait.\" \/>\n<meta name=\"robots\" content=\"index, follow, max-snippet:-1, max-image-preview:large, max-video-preview:-1\" \/>\n<link rel=\"canonical\" href=\"https:\/\/www.canadahelps.org\/fr\/le-guide-des-dons-de-bienfaisance-pour-la-fete-des-meres\/\" \/>\n<meta property=\"og:locale\" content=\"fr_FR\" \/>\n<meta property=\"og:type\" content=\"article\" \/>\n<meta property=\"og:title\" content=\"Le guide des dons de bienfaisance pour la f\u00eate des M\u00e8res | CanaDon - Faites des dons \u00e0 un organisme de bienfaisance au Canada\" \/>\n<meta property=\"og:description\" content=\"Pour cette f\u00eate des M\u00e8res, offrez un cadeau unique qui aura un impact. On ne trouve pas les meilleurs cadeaux dans les magasins et c&#039;est exactement pourquoi un don de bienfaisance est un cadeau parfait.\" \/>\n<meta property=\"og:url\" content=\"https:\/\/www.canadahelps.org\/fr\/le-guide-des-dons-de-bienfaisance-pour-la-fete-des-meres\/\" \/>\n<meta property=\"og:site_name\" content=\"CanaDon - Faites des dons \u00e0 un organisme de bienfaisance au Canada\" \/>\n<meta property=\"article:modified_time\" content=\"2023-04-27T15:54:24+00:00\" \/>\n<meta property=\"og:image\" content=\"https:\/\/www.canadahelps.org\/media\/mothersday_featured-image.png\" \/>\n\t<meta property=\"og:image:width\" content=\"2560\" \/>\n\t<meta property=\"og:image:height\" content=\"1625\" \/>\n\t<meta property=\"og:image:type\" content=\"image\/png\" \/>\n<meta name=\"twitter:card\" content=\"summary_large_image\" \/>\n<meta name=\"twitter:label1\" content=\"Est. reading time\" \/>\n\t<meta name=\"twitter:data1\" content=\"1 minute\" \/>\n<script type=\"application\/ld+json\" class=\"yoast-schema-graph\">{\"@context\":\"https:\/\/schema.org\",\"@graph\":[{\"@type\":\"WebPage\",\"@id\":\"https:\/\/www.canadahelps.org\/fr\/le-guide-des-dons-de-bienfaisance-pour-la-fete-des-meres\/\",\"url\":\"https:\/\/www.canadahelps.org\/fr\/le-guide-des-dons-de-bienfaisance-pour-la-fete-des-meres\/\",\"name\":\"Le guide des dons de bienfaisance pour la f\u00eate des M\u00e8res | CanaDon - Faites des dons \u00e0 un organisme de bienfaisance au Canada\",\"isPartOf\":{\"@id\":\"https:\/\/www.canadahelps.org\/fr\/#website\"},\"primaryImageOfPage\":{\"@id\":\"https:\/\/www.canadahelps.org\/fr\/le-guide-des-dons-de-bienfaisance-pour-la-fete-des-meres\/#primaryimage\"},\"image\":{\"@id\":\"https:\/\/www.canadahelps.org\/fr\/le-guide-des-dons-de-bienfaisance-pour-la-fete-des-meres\/#primaryimage\"},\"thumbnailUrl\":\"https:\/\/www.canadahelps.org\/media\/mothersday_featured-image.png\",\"datePublished\":\"2019-04-26T17:57:27+00:00\",\"dateModified\":\"2023-04-27T15:54:24+00:00\",\"description\":\"Pour cette f\u00eate des M\u00e8res, offrez un cadeau unique qui aura un impact. On ne trouve pas les meilleurs cadeaux dans les magasins et c'est exactement pourquoi un don de bienfaisance est un cadeau parfait.\",\"breadcrumb\":{\"@id\":\"https:\/\/www.canadahelps.org\/fr\/le-guide-des-dons-de-bienfaisance-pour-la-fete-des-meres\/#breadcrumb\"},\"inLanguage\":\"fr\",\"potentialAction\":[{\"@type\":\"ReadAction\",\"target\":[\"https:\/\/www.canadahelps.org\/fr\/le-guide-des-dons-de-bienfaisance-pour-la-fete-des-meres\/\"]}]},{\"@type\":\"ImageObject\",\"inLanguage\":\"fr\",\"@id\":\"https:\/\/www.canadahelps.org\/fr\/le-guide-des-dons-de-bienfaisance-pour-la-fete-des-meres\/#primaryimage\",\"url\":\"https:\/\/www.canadahelps.org\/media\/mothersday_featured-image.png\",\"contentUrl\":\"https:\/\/www.canadahelps.org\/media\/mothersday_featured-image.png\",\"width\":2560,\"height\":1625},{\"@type\":\"BreadcrumbList\",\"@id\":\"https:\/\/www.canadahelps.org\/fr\/le-guide-des-dons-de-bienfaisance-pour-la-fete-des-meres\/#breadcrumb\",\"itemListElement\":[{\"@type\":\"ListItem\",\"position\":1,\"name\":\"Home\",\"item\":\"https:\/\/www.canadahelps.org\/fr\/\"},{\"@type\":\"ListItem\",\"position\":2,\"name\":\"Le guide des dons de bienfaisance pour la f\u00eate des M\u00e8res\"}]},{\"@type\":\"WebSite\",\"@id\":\"https:\/\/www.canadahelps.org\/fr\/#website\",\"url\":\"https:\/\/www.canadahelps.org\/fr\/\",\"name\":\"CanadaHelps - Donate to any charity in Canada\",\"description\":\"Le don en toute simplicit\u00e9\",\"publisher\":{\"@id\":\"https:\/\/www.canadahelps.org\/fr\/#organization\"},\"potentialAction\":[{\"@type\":\"SearchAction\",\"target\":{\"@type\":\"EntryPoint\",\"urlTemplate\":\"https:\/\/www.canadahelps.org\/fr\/?s={search_term_string}\"},\"query-input\":{\"@type\":\"PropertyValueSpecification\",\"valueRequired\":true,\"valueName\":\"search_term_string\"}}],\"inLanguage\":\"fr\"},{\"@type\":\"Organization\",\"@id\":\"https:\/\/www.canadahelps.org\/fr\/#organization\",\"name\":\"CanadaHelps\",\"url\":\"https:\/\/www.canadahelps.org\/fr\/\",\"logo\":{\"@type\":\"ImageObject\",\"inLanguage\":\"fr\",\"@id\":\"https:\/\/www.canadahelps.org\/fr\/#\/schema\/logo\/image\/\",\"url\":\"https:\/\/www.canadahelps.org\/media\/canadahelps-en.jpg\",\"contentUrl\":\"https:\/\/www.canadahelps.org\/media\/canadahelps-en.jpg\",\"width\":131,\"height\":72,\"caption\":\"CanadaHelps\"},\"image\":{\"@id\":\"https:\/\/www.canadahelps.org\/fr\/#\/schema\/logo\/image\/\"}}]}<\/script>\n<!-- \/ Yoast SEO plugin. -->","yoast_head_json":{"title":"Le guide des dons de bienfaisance pour la f\u00eate des M\u00e8res | CanaDon - Faites des dons \u00e0 un organisme de bienfaisance au Canada","description":"Pour cette f\u00eate des M\u00e8res, offrez un cadeau unique qui aura un impact. On ne trouve pas les meilleurs cadeaux dans les magasins et c'est exactement pourquoi un don de bienfaisance est un cadeau parfait.","robots":{"index":"index","follow":"follow","max-snippet":"max-snippet:-1","max-image-preview":"max-image-preview:large","max-video-preview":"max-video-preview:-1"},"canonical":"https:\/\/www.canadahelps.org\/fr\/le-guide-des-dons-de-bienfaisance-pour-la-fete-des-meres\/","og_locale":"fr_FR","og_type":"article","og_title":"Le guide des dons de bienfaisance pour la f\u00eate des M\u00e8res | CanaDon - Faites des dons \u00e0 un organisme de bienfaisance au Canada","og_description":"Pour cette f\u00eate des M\u00e8res, offrez un cadeau unique qui aura un impact. On ne trouve pas les meilleurs cadeaux dans les magasins et c'est exactement pourquoi un don de bienfaisance est un cadeau parfait.","og_url":"https:\/\/www.canadahelps.org\/fr\/le-guide-des-dons-de-bienfaisance-pour-la-fete-des-meres\/","og_site_name":"CanaDon - Faites des dons \u00e0 un organisme de bienfaisance au Canada","article_modified_time":"2023-04-27T15:54:24+00:00","og_image":[{"width":2560,"height":1625,"url":"https:\/\/www.canadahelps.org\/media\/mothersday_featured-image.png","type":"image\/png"}],"twitter_card":"summary_large_image","twitter_misc":{"Est. reading time":"1 minute"},"schema":{"@context":"https:\/\/schema.org","@graph":[{"@type":"WebPage","@id":"https:\/\/www.canadahelps.org\/fr\/le-guide-des-dons-de-bienfaisance-pour-la-fete-des-meres\/","url":"https:\/\/www.canadahelps.org\/fr\/le-guide-des-dons-de-bienfaisance-pour-la-fete-des-meres\/","name":"Le guide des dons de bienfaisance pour la f\u00eate des M\u00e8res | CanaDon - Faites des dons \u00e0 un organisme de bienfaisance au Canada","isPartOf":{"@id":"https:\/\/www.canadahelps.org\/fr\/#website"},"primaryImageOfPage":{"@id":"https:\/\/www.canadahelps.org\/fr\/le-guide-des-dons-de-bienfaisance-pour-la-fete-des-meres\/#primaryimage"},"image":{"@id":"https:\/\/www.canadahelps.org\/fr\/le-guide-des-dons-de-bienfaisance-pour-la-fete-des-meres\/#primaryimage"},"thumbnailUrl":"https:\/\/www.canadahelps.org\/media\/mothersday_featured-image.png","datePublished":"2019-04-26T17:57:27+00:00","dateModified":"2023-04-27T15:54:24+00:00","description":"Pour cette f\u00eate des M\u00e8res, offrez un cadeau unique qui aura un impact. On ne trouve pas les meilleurs cadeaux dans les magasins et c'est exactement pourquoi un don de bienfaisance est un cadeau parfait.","breadcrumb":{"@id":"https:\/\/www.canadahelps.org\/fr\/le-guide-des-dons-de-bienfaisance-pour-la-fete-des-meres\/#breadcrumb"},"inLanguage":"fr","potentialAction":[{"@type":"ReadAction","target":["https:\/\/www.canadahelps.org\/fr\/le-guide-des-dons-de-bienfaisance-pour-la-fete-des-meres\/"]}]},{"@type":"ImageObject","inLanguage":"fr","@id":"https:\/\/www.canadahelps.org\/fr\/le-guide-des-dons-de-bienfaisance-pour-la-fete-des-meres\/#primaryimage","url":"https:\/\/www.canadahelps.org\/media\/mothersday_featured-image.png","contentUrl":"https:\/\/www.canadahelps.org\/media\/mothersday_featured-image.png","width":2560,"height":1625},{"@type":"BreadcrumbList","@id":"https:\/\/www.canadahelps.org\/fr\/le-guide-des-dons-de-bienfaisance-pour-la-fete-des-meres\/#breadcrumb","itemListElement":[{"@type":"ListItem","position":1,"name":"Home","item":"https:\/\/www.canadahelps.org\/fr\/"},{"@type":"ListItem","position":2,"name":"Le guide des dons de bienfaisance pour la f\u00eate des M\u00e8res"}]},{"@type":"WebSite","@id":"https:\/\/www.canadahelps.org\/fr\/#website","url":"https:\/\/www.canadahelps.org\/fr\/","name":"CanadaHelps - Donate to any charity in Canada","description":"Le don en toute simplicit\u00e9","publisher":{"@id":"https:\/\/www.canadahelps.org\/fr\/#organization"},"potentialAction":[{"@type":"SearchAction","target":{"@type":"EntryPoint","urlTemplate":"https:\/\/www.canadahelps.org\/fr\/?s={search_term_string}"},"query-input":{"@type":"PropertyValueSpecification","valueRequired":true,"valueName":"search_term_string"}}],"inLanguage":"fr"},{"@type":"Organization","@id":"https:\/\/www.canadahelps.org\/fr\/#organization","name":"CanadaHelps","url":"https:\/\/www.canadahelps.org\/fr\/","logo":{"@type":"ImageObject","inLanguage":"fr","@id":"https:\/\/www.canadahelps.org\/fr\/#\/schema\/logo\/image\/","url":"https:\/\/www.canadahelps.org\/media\/canadahelps-en.jpg","contentUrl":"https:\/\/www.canadahelps.org\/media\/canadahelps-en.jpg","width":131,"height":72,"caption":"CanadaHelps"},"image":{"@id":"https:\/\/www.canadahelps.org\/fr\/#\/schema\/logo\/image\/"}}]}},"_links":{"self":[{"href":"https:\/\/www.canadahelps.org\/fr\/wp-json\/wp\/v2\/pages\/46000","targetHints":{"allow":["GET"]}}],"collection":[{"href":"https:\/\/www.canadahelps.org\/fr\/wp-json\/wp\/v2\/pages"}],"about":[{"href":"https:\/\/www.canadahelps.org\/fr\/wp-json\/wp\/v2\/types\/page"}],"author":[{"embeddable":true,"href":"https:\/\/www.canadahelps.org\/fr\/wp-json\/wp\/v2\/users\/67"}],"replies":[{"embeddable":true,"href":"https:\/\/www.canadahelps.org\/fr\/wp-json\/wp\/v2\/comments?post=46000"}],"version-history":[{"count":45,"href":"https:\/\/www.canadahelps.org\/fr\/wp-json\/wp\/v2\/pages\/46000\/revisions"}],"predecessor-version":[{"id":49011,"href":"https:\/\/www.canadahelps.org\/fr\/wp-json\/wp\/v2\/pages\/46000\/revisions\/49011"}],"wp:featuredmedia":[{"embeddable":true,"href":"https:\/\/www.canadahelps.org\/fr\/wp-json\/wp\/v2\/media\/46011"}],"wp:attachment":[{"href":"https:\/\/www.canadahelps.org\/fr\/wp-json\/wp\/v2\/media?parent=46000"}],"curies":[{"name":"wp","href":"https:\/\/api.w.org\/{rel}","templated":true}]}}