{"id":46179,"date":"2022-05-05T10:29:21","date_gmt":"2022-05-05T14:29:21","guid":{"rendered":"https:\/\/www.canadahelps.org\/?page_id=46179"},"modified":"2024-01-24T10:41:45","modified_gmt":"2024-01-24T15:41:45","slug":"cryptomonnaie","status":"publish","type":"page","link":"https:\/\/www.canadahelps.org\/fr\/faites-un-don\/cryptomonnaie\/","title":{"rendered":"Faites don de cryptomonnaie : Bitcoin et Ether"},"content":{"rendered":"<style>html{background:#fff}#banner{background-color:#1566a9}#header{display:flex;align-items:center;max-width:1280px;background-color:#f9f9fc;background-image:url(https:\/\/www.canadahelps.org\/media\/20230214_Crypto_Hero.png);background-repeat:no-repeat;height:358px;margin:0 auto;padding:60px 40px}.grid-two-header .grid-item h1{color:#fff;margin-top:-20px}.grid-two-header .grid-item{color:#fff;font-size:16px}#crpt-intro{background-color:#f9f9fc;padding:50px;margin-bottom:70px}#crpt-intro-text{margin:0 auto;max-width:650px;text-align:center}#crpt-intro-text h2{color:#1466a9}.crpt-headline{max-width:960px;margin:30px auto;text-align:center}#crpt-whydonate h2{color:#96174a}#crpt-why-flexbox{display:flex;max-width:960px;margin:50px auto}.crpt-why-flex-item{width:25%;margin:10px}.cwfi-image{width:100%;text-align:center}.cwfi-headline{font-weight:700;text-align:center;padding:25px 0 0 0;min-height:80px}.cwfi-text{padding:20px 0;text-align:center}#crpt-video-section{display:flex;margin-top:85px}.crpt-video-item{width:50%;margin:0}.crpt-video-item img{width:100%;margin:0 auto}#crpt-testimonial{background:#f9f9fc;margin-top:-2px}#crpt-testimonial-content{max-width:960px;margin:0 auto;padding:20px 0}#crpt-testimonial-content h2{color:#1466a9}#crpt-testimonial-wave img{width:100%}#crpt-howto{background:#f9f9fc;padding:70px 0}#crpt-howto h2{color:#1466a9}#crpt-howto-content{display:flex;max-width:960px;margin:0 auto}.crpthowto-item-left{width:50%;text-align:center;padding:20px}.crpthowto-item-left img{width:100%}.crpthowto-item-right{padding:0 30px}.crpthowto-item-right-text-item{display:flex;flex-direction:row;width:100%;margin:30px 0}.crpthowto-item-right-text-item div{margin:0 30px 0 0}#crpt-howto-bottom-wave img{width:100%}.crpt-hide{display:none}#crpt-didyouknow{max-width:680px;margin:0 auto;padding:70px 0}#crpt-didyouknow-flex{display:flex}#crpt-didyouknow-flex>div{margin:0 30px;color:#96174a}#crpt-faq{background:#f9fafc;padding:70px 0}#crpt-faq h2{color:#1466a9}#crpt-faq-button{text-align:center}#crpt-footer h2{color:#fff}#crpt-footer-text{background:#1466a9;text-align:center;color:#fff;padding:70px 0}.crpt-btn-space{margin-top:40px}#crpt-faq-accordion{max-width:960px;margin:50px auto 0 auto}.crpt-drop-down{border-bottom:1px solid #eee}.crpt-drop-down-headline{display:flex;flex-direction:row;margin:0;padding:10px 0}.crpt-drop-down-item{width:100%;margin:0;padding:0}.toggled-btn-on{background:url(https:\/\/www.canadahelps.org\/media\/20220418_DownArrow.png);background-repeat:no-repeat;background-position:center;width:40px}.toggled-btn-off{background:url(https:\/\/www.canadahelps.org\/media\/20220418_PointLeftArrow.png);background-repeat:no-repeat}.toggled-element{padding:0 0 30px 0}#faq-four-btn,#faq-one-btn,#faq-three-btn,#faq-two-btn{font-size:20px;color:#666b71;border:none}.btn{display:inline-block;box-shadow:inset 0 1px 0 1px rgba(255,255,255,.06),0 1px 0 0 rgba(25,32,43,.1);border-radius:3px;padding:11px 16px;font-size:14px;font-weight:700;text-decoration:none;text-align:center;line-height:1.25;cursor:pointer}.btn:hover{text-decoration:none}.btn:focus{outline:0}.btn--disabled,.btn:disabled{opacity:.5;cursor:not-allowed}.btn--primary,.btn--primary.btn--disabled:active,.btn--primary.btn--disabled:focus,.btn--primary.btn--disabled:hover,.btn--primary:disabled,.btn--primary:focus,.btn--primary:hover{color:#fff}.btn--primary,.btn--primary.btn--disabled:active,.btn--primary.btn--disabled:focus,.btn--primary.btn--disabled:hover,.btn--primary:disabled{border:1px solid #0d4878;background:#1466a9}.btn--primary:hover{background:linear-gradient(180deg,#1466a9 0,#0d4878 100%)}.btn--primary:focus{border:2px solid #0d4878;padding:10px 15px}.btn--primary:active{box-shadow:inset 0 2px 3px 0 #0d4878,0 1px 0 0 rgba(55,66,82,.1)}.btn--call-to-action,.btn--call-to-action.btn--disabled:active,.btn--call-to-action.btn--disabled:focus,.btn--call-to-action.btn--disabled:hover,.btn--call-to-action:disabled,.btn--ch-magenta,.btn--ch-magenta.btn--disabled:active,.btn--ch-magenta.btn--disabled:focus,.btn--ch-magenta.btn--disabled:hover,.btn--ch-magenta:disabled{background:#96164a;border:1px solid #75123a;color:#fff}.btn--call-to-action:hover,.btn--ch-magenta:hover{background:linear-gradient(180deg,#96164a 0,#75123a 100%);color:#fff}.btn--call-to-action:focus,.btn--ch-magenta:focus{border:2px solid #75123a;padding:10px 15px;outline:0}.btn--call-to-action:active,.btn--ch-magenta:active{box-shadow:inset 0 2px 3px 0 rgba(55,66,82,.5),0 1px 0 0 rgba(25,32,43,.1)}.crpt-testimonial-slide{display:flex;flex-direction:row;width:100%;margin:0 auto}.crpt-testimonal-slide-left{width:50%;padding:50px}.crpt-testimonal-slide-right{display:flex;flex-direction:row;width:100%}.crpt-test-slide-right-icon{margin:0;padding:50px 0 0 0}.crpt-test-slide-right-icon img{width:70px!important}.crpt-test-slide-right-text{padding:90px 0 0 20px;width:100%}@media screen and (max-width:640px){#header{background-image:url(https:\/\/www.canadahelps.org\/media\/20220513_Mobile-Hero_Crypto.png);background-size:cover;height:auto;padding:25px 40px}.crpt-headline{max-width:95%}#crpt-why-flexbox{flex-direction:column;max-width:95%}.crpt-why-flex-item{width:100%}#crpt-testimonial-content{max-width:90%}.crpt-testimonial-slide{flex-direction:column}.crpt-testimonal-slide-left{width:100%;text-align:center;padding:50px 0 0 0}#crpt-howto-content{flex-direction:column;max-width:95%}.crpthowto-item-left{width:100%}.crpthowto-item-left img{width:50%}#crpt-didyouknow{max-width:95%}#crpt-didyouknow-flex{flex-direction:column}#crpt-didyouknow-flex>div{margin:30px 0;text-align:center}#crpt-faq-accordion{max-width:90%}#crpt-video-section{flex-direction:column;margin-top:30px}.crpt-video-item{width:100%}}<\/style>\n<div id=\"banner\">\n<div id=\"header\">\n<div class=\"grid-two-header\">\n<div class=\"grid-item\">\n<h1>Faites un don de Bitcoin ou d\u2019Ether<\/h1>\n<p>Faites une diff\u00e9rence importante en versant un don de<br \/>\n        cryptomonnaie \u00e0 votre organisme de bienfaisance pr\u00e9f\u00e9r\u00e9.<\/p>\n<\/p><\/div>\n<\/p><\/div>\n<\/p><\/div>\n<\/div>\n<section id=\"crpt-intro\">\n<div id=\"crpt-intro-text\">\n<div class=\"crpt-headline\">\n<h2>MISE \u00c0 JOUR &#8211; JANVIER 2024 : Interruption des dons de cryptomonnaie<\/h2>\n<\/div>\n<p>En raison de changements impr\u00e9vus avec notre ancien partenaire de cryptomonnaie, nous n&#8217;acceptons plus les dons de cryptomonnaie sur CanaDon jusqu&#8217;\u00e0 nouvel ordre.<\/p>\n<p>En attendant, vous pouvez soutenir vos organismes de bienfaisance ou causes pr\u00e9f\u00e9r\u00e9s en encaissant des cryptomonnaies et en faisant un don via l&#8217;une de nos nombreuses autres fa\u00e7ons de donner. Si vous avez des questions, veuillez contacter notre \u00e9quipe \u00e0 <a href=\"mailto:info@canadon.org\">info@canadon.org<\/a>.<\/p>\n<p class=\"crpt-btn-space\"><a href=https:\/\/www.canadahelps.org\/fr\/faites-un-don\/cryptomonnaie\/\" class=\"btn btn--primary\">EXPLOREZ LES FA\u00c7ONS DE DONNER<\/a><\/p>\n<\/p><\/div>\n<\/section>\n<section id=\"crpt-footer\">\n<div id=\"crpt-footer-wave-top\">\n<img decoding=\"async\" src=\"https:\/\/www.canadahelps.org\/media\/20211018_WaveTop.png\" width=\"100%\" alt=\"\"><\/div>\n<div id=\"crpt-footer-text\">\n<h2>Des questions sur le don de cryptomonnaie&nbsp;?<\/h2>\n<p>    Nous contacter \u00e0 <a href=\"mailto:info@canadahelps.org\" rel=\"noopener\" target=\"_blank\" style=\"color:#fff\">info@canadahelps.org<\/a><\/p>\n<p>* Pour plus d&#8217;informations sur nos politiques concernant les dons de cryptomonnaie, veuillez lire notre <a href=\"https:\/\/www.canadahelps.org\/fr\/politique-sur-les-dons-de-cryptomonnaies\/\" style=\"color:#fff; text-decoration:underline;\">Politique sur les dons de cryptomonnaie<\/a>.\n<\/div>\n<p><script>function toggleElement(e,t){let n=document.getElementById(e),i=document.getElementById(t);n.classList.contains(\"crpt-hide\")?(n.classList.remove(\"crpt-hide\"),i.classList.replace(\"toggled-btn-off\",\"toggled-btn-on\")):(n.classList.add(\"crpt-hide\"),i.classList.replace(\"toggled-btn-on\",\"toggled-btn-off\"))}<\/script><\/section>\n","protected":false},"excerpt":{"rendered":"<p>Faites un don de Bitcoin ou d\u2019Ether Faites une diff\u00e9rence importante en versant un don de cryptomonnaie \u00e0 votre organisme de bienfaisance pr\u00e9f\u00e9r\u00e9. MISE \u00c0 &#8230; <a href=\"https:\/\/www.canadahelps.org\/fr\/faites-un-don\/cryptomonnaie\/\" id=\"canadahelp-blog-meta\">Voir plus<\/a><\/p>\n","protected":false},"author":30,"featured_media":0,"parent":1037,"menu_order":0,"comment_status":"closed","ping_status":"closed","template":"template-fullwidth-page.php","meta":{"footnotes":""},"class_list":["post-46179","page","type-page","status-publish","hentry"],"acf":{"meta_description":"","use_toc_layout":false,"additional_body_css_classes":"","row_settings":false,"hide_page_title":false,"insert_spotlight_boxes":false,"use_biography_grid":false},"yoast_head":"<!-- This site is optimized with the Yoast SEO plugin v26.0 - https:\/\/yoast.com\/wordpress\/plugins\/seo\/ -->\n<title>Faites un don de cryptomonnaie : Bitcoin et Ether | CanaDon - Faites des dons \u00e0 un organisme de bienfaisance au Canada<\/title>\n<meta name=\"description\" content=\"Soutenez n&#039;importe quel organisme de bienfaisance canadien en faisant un don de cryptomonnaie. Le don de bitcoin et d&#039;\u00e9ther, c\u2019est facile, rapide et s\u00e9curis\u00e9.\" \/>\n<meta name=\"robots\" content=\"index, follow, max-snippet:-1, max-image-preview:large, max-video-preview:-1\" \/>\n<link rel=\"canonical\" href=\"https:\/\/www.canadahelps.org\/fr\/faites-un-don\/cryptomonnaie\/\" \/>\n<meta property=\"og:locale\" content=\"fr_FR\" \/>\n<meta property=\"og:type\" content=\"article\" \/>\n<meta property=\"og:title\" content=\"Faites un don de cryptomonnaie : Bitcoin et Ether | CanaDon - Faites des dons \u00e0 un organisme de bienfaisance au Canada\" \/>\n<meta property=\"og:description\" content=\"Soutenez n&#039;importe quel organisme de bienfaisance canadien en faisant un don de cryptomonnaie. Le don de bitcoin et d&#039;\u00e9ther, c\u2019est facile, rapide et s\u00e9curis\u00e9.\" \/>\n<meta property=\"og:url\" content=\"https:\/\/www.canadahelps.org\/fr\/faites-un-don\/cryptomonnaie\/\" \/>\n<meta property=\"og:site_name\" content=\"CanaDon - Faites des dons \u00e0 un organisme de bienfaisance au Canada\" \/>\n<meta property=\"article:modified_time\" content=\"2024-01-24T15:41:45+00:00\" \/>\n<meta property=\"og:image\" content=\"https:\/\/www.canadahelps.org\/media\/20211018_WaveTop.png\" \/>\n<meta name=\"twitter:card\" content=\"summary_large_image\" \/>\n<meta name=\"twitter:description\" content=\"Soutenez n&#039;importe quel organisme de bienfaisance canadien en faisant un don de cryptomonnaie. Le don de bitcoin et d&#039;\u00e9ther, c\u2019est facile, rapide et s\u00e9curis\u00e9.\" \/>\n<meta name=\"twitter:label1\" content=\"Est. reading time\" \/>\n\t<meta name=\"twitter:data1\" content=\"8 minutes\" \/>\n<script type=\"application\/ld+json\" class=\"yoast-schema-graph\">{\"@context\":\"https:\/\/schema.org\",\"@graph\":[{\"@type\":\"WebPage\",\"@id\":\"https:\/\/www.canadahelps.org\/fr\/faites-un-don\/cryptomonnaie\/\",\"url\":\"https:\/\/www.canadahelps.org\/fr\/faites-un-don\/cryptomonnaie\/\",\"name\":\"Faites un don de cryptomonnaie : Bitcoin et Ether | CanaDon - Faites des dons \u00e0 un organisme de bienfaisance au Canada\",\"isPartOf\":{\"@id\":\"https:\/\/www.canadahelps.org\/fr\/#website\"},\"primaryImageOfPage\":{\"@id\":\"https:\/\/www.canadahelps.org\/fr\/faites-un-don\/cryptomonnaie\/#primaryimage\"},\"image\":{\"@id\":\"https:\/\/www.canadahelps.org\/fr\/faites-un-don\/cryptomonnaie\/#primaryimage\"},\"thumbnailUrl\":\"https:\/\/www.canadahelps.org\/media\/20211018_WaveTop.png\",\"datePublished\":\"2022-05-05T14:29:21+00:00\",\"dateModified\":\"2024-01-24T15:41:45+00:00\",\"description\":\"Soutenez n'importe quel organisme de bienfaisance canadien en faisant un don de cryptomonnaie. Le don de bitcoin et d'\u00e9ther, c\u2019est facile, rapide et s\u00e9curis\u00e9.\",\"breadcrumb\":{\"@id\":\"https:\/\/www.canadahelps.org\/fr\/faites-un-don\/cryptomonnaie\/#breadcrumb\"},\"inLanguage\":\"fr\",\"potentialAction\":[{\"@type\":\"ReadAction\",\"target\":[\"https:\/\/www.canadahelps.org\/fr\/faites-un-don\/cryptomonnaie\/\"]}]},{\"@type\":\"ImageObject\",\"inLanguage\":\"fr\",\"@id\":\"https:\/\/www.canadahelps.org\/fr\/faites-un-don\/cryptomonnaie\/#primaryimage\",\"url\":\"https:\/\/www.canadahelps.org\/media\/20211018_WaveTop.png\",\"contentUrl\":\"https:\/\/www.canadahelps.org\/media\/20211018_WaveTop.png\"},{\"@type\":\"BreadcrumbList\",\"@id\":\"https:\/\/www.canadahelps.org\/fr\/faites-un-don\/cryptomonnaie\/#breadcrumb\",\"itemListElement\":[{\"@type\":\"ListItem\",\"position\":1,\"name\":\"Home\",\"item\":\"https:\/\/www.canadahelps.org\/fr\/\"},{\"@type\":\"ListItem\",\"position\":2,\"name\":\"Faites un don\",\"item\":\"https:\/\/www.canadahelps.org\/fr\/faites-un-don\/\"},{\"@type\":\"ListItem\",\"position\":3,\"name\":\"Faites don de cryptomonnaie : Bitcoin et Ether\"}]},{\"@type\":\"WebSite\",\"@id\":\"https:\/\/www.canadahelps.org\/fr\/#website\",\"url\":\"https:\/\/www.canadahelps.org\/fr\/\",\"name\":\"CanadaHelps - Donate to any charity in Canada\",\"description\":\"Le don en toute simplicit\u00e9\",\"publisher\":{\"@id\":\"https:\/\/www.canadahelps.org\/fr\/#organization\"},\"potentialAction\":[{\"@type\":\"SearchAction\",\"target\":{\"@type\":\"EntryPoint\",\"urlTemplate\":\"https:\/\/www.canadahelps.org\/fr\/?s={search_term_string}\"},\"query-input\":{\"@type\":\"PropertyValueSpecification\",\"valueRequired\":true,\"valueName\":\"search_term_string\"}}],\"inLanguage\":\"fr\"},{\"@type\":\"Organization\",\"@id\":\"https:\/\/www.canadahelps.org\/fr\/#organization\",\"name\":\"CanadaHelps\",\"url\":\"https:\/\/www.canadahelps.org\/fr\/\",\"logo\":{\"@type\":\"ImageObject\",\"inLanguage\":\"fr\",\"@id\":\"https:\/\/www.canadahelps.org\/fr\/#\/schema\/logo\/image\/\",\"url\":\"https:\/\/www.canadahelps.org\/media\/canadahelps-en.jpg\",\"contentUrl\":\"https:\/\/www.canadahelps.org\/media\/canadahelps-en.jpg\",\"width\":131,\"height\":72,\"caption\":\"CanadaHelps\"},\"image\":{\"@id\":\"https:\/\/www.canadahelps.org\/fr\/#\/schema\/logo\/image\/\"}}]}<\/script>\n<!-- \/ Yoast SEO plugin. -->","yoast_head_json":{"title":"Faites un don de cryptomonnaie : Bitcoin et Ether | CanaDon - Faites des dons \u00e0 un organisme de bienfaisance au Canada","description":"Soutenez n'importe quel organisme de bienfaisance canadien en faisant un don de cryptomonnaie. Le don de bitcoin et d'\u00e9ther, c\u2019est facile, rapide et s\u00e9curis\u00e9.","robots":{"index":"index","follow":"follow","max-snippet":"max-snippet:-1","max-image-preview":"max-image-preview:large","max-video-preview":"max-video-preview:-1"},"canonical":"https:\/\/www.canadahelps.org\/fr\/faites-un-don\/cryptomonnaie\/","og_locale":"fr_FR","og_type":"article","og_title":"Faites un don de cryptomonnaie : Bitcoin et Ether | CanaDon - Faites des dons \u00e0 un organisme de bienfaisance au Canada","og_description":"Soutenez n'importe quel organisme de bienfaisance canadien en faisant un don de cryptomonnaie. Le don de bitcoin et d'\u00e9ther, c\u2019est facile, rapide et s\u00e9curis\u00e9.","og_url":"https:\/\/www.canadahelps.org\/fr\/faites-un-don\/cryptomonnaie\/","og_site_name":"CanaDon - Faites des dons \u00e0 un organisme de bienfaisance au Canada","article_modified_time":"2024-01-24T15:41:45+00:00","og_image":[{"url":"https:\/\/www.canadahelps.org\/media\/20211018_WaveTop.png","type":"","width":"","height":""}],"twitter_card":"summary_large_image","twitter_description":"Soutenez n'importe quel organisme de bienfaisance canadien en faisant un don de cryptomonnaie. Le don de bitcoin et d'\u00e9ther, c\u2019est facile, rapide et s\u00e9curis\u00e9.","twitter_misc":{"Est. reading time":"8 minutes"},"schema":{"@context":"https:\/\/schema.org","@graph":[{"@type":"WebPage","@id":"https:\/\/www.canadahelps.org\/fr\/faites-un-don\/cryptomonnaie\/","url":"https:\/\/www.canadahelps.org\/fr\/faites-un-don\/cryptomonnaie\/","name":"Faites un don de cryptomonnaie : Bitcoin et Ether | CanaDon - Faites des dons \u00e0 un organisme de bienfaisance au Canada","isPartOf":{"@id":"https:\/\/www.canadahelps.org\/fr\/#website"},"primaryImageOfPage":{"@id":"https:\/\/www.canadahelps.org\/fr\/faites-un-don\/cryptomonnaie\/#primaryimage"},"image":{"@id":"https:\/\/www.canadahelps.org\/fr\/faites-un-don\/cryptomonnaie\/#primaryimage"},"thumbnailUrl":"https:\/\/www.canadahelps.org\/media\/20211018_WaveTop.png","datePublished":"2022-05-05T14:29:21+00:00","dateModified":"2024-01-24T15:41:45+00:00","description":"Soutenez n'importe quel organisme de bienfaisance canadien en faisant un don de cryptomonnaie. Le don de bitcoin et d'\u00e9ther, c\u2019est facile, rapide et s\u00e9curis\u00e9.","breadcrumb":{"@id":"https:\/\/www.canadahelps.org\/fr\/faites-un-don\/cryptomonnaie\/#breadcrumb"},"inLanguage":"fr","potentialAction":[{"@type":"ReadAction","target":["https:\/\/www.canadahelps.org\/fr\/faites-un-don\/cryptomonnaie\/"]}]},{"@type":"ImageObject","inLanguage":"fr","@id":"https:\/\/www.canadahelps.org\/fr\/faites-un-don\/cryptomonnaie\/#primaryimage","url":"https:\/\/www.canadahelps.org\/media\/20211018_WaveTop.png","contentUrl":"https:\/\/www.canadahelps.org\/media\/20211018_WaveTop.png"},{"@type":"BreadcrumbList","@id":"https:\/\/www.canadahelps.org\/fr\/faites-un-don\/cryptomonnaie\/#breadcrumb","itemListElement":[{"@type":"ListItem","position":1,"name":"Home","item":"https:\/\/www.canadahelps.org\/fr\/"},{"@type":"ListItem","position":2,"name":"Faites un don","item":"https:\/\/www.canadahelps.org\/fr\/faites-un-don\/"},{"@type":"ListItem","position":3,"name":"Faites don de cryptomonnaie : Bitcoin et Ether"}]},{"@type":"WebSite","@id":"https:\/\/www.canadahelps.org\/fr\/#website","url":"https:\/\/www.canadahelps.org\/fr\/","name":"CanadaHelps - Donate to any charity in Canada","description":"Le don en toute simplicit\u00e9","publisher":{"@id":"https:\/\/www.canadahelps.org\/fr\/#organization"},"potentialAction":[{"@type":"SearchAction","target":{"@type":"EntryPoint","urlTemplate":"https:\/\/www.canadahelps.org\/fr\/?s={search_term_string}"},"query-input":{"@type":"PropertyValueSpecification","valueRequired":true,"valueName":"search_term_string"}}],"inLanguage":"fr"},{"@type":"Organization","@id":"https:\/\/www.canadahelps.org\/fr\/#organization","name":"CanadaHelps","url":"https:\/\/www.canadahelps.org\/fr\/","logo":{"@type":"ImageObject","inLanguage":"fr","@id":"https:\/\/www.canadahelps.org\/fr\/#\/schema\/logo\/image\/","url":"https:\/\/www.canadahelps.org\/media\/canadahelps-en.jpg","contentUrl":"https:\/\/www.canadahelps.org\/media\/canadahelps-en.jpg","width":131,"height":72,"caption":"CanadaHelps"},"image":{"@id":"https:\/\/www.canadahelps.org\/fr\/#\/schema\/logo\/image\/"}}]}},"_links":{"self":[{"href":"https:\/\/www.canadahelps.org\/fr\/wp-json\/wp\/v2\/pages\/46179","targetHints":{"allow":["GET"]}}],"collection":[{"href":"https:\/\/www.canadahelps.org\/fr\/wp-json\/wp\/v2\/pages"}],"about":[{"href":"https:\/\/www.canadahelps.org\/fr\/wp-json\/wp\/v2\/types\/page"}],"author":[{"embeddable":true,"href":"https:\/\/www.canadahelps.org\/fr\/wp-json\/wp\/v2\/users\/30"}],"replies":[{"embeddable":true,"href":"https:\/\/www.canadahelps.org\/fr\/wp-json\/wp\/v2\/comments?post=46179"}],"version-history":[{"count":36,"href":"https:\/\/www.canadahelps.org\/fr\/wp-json\/wp\/v2\/pages\/46179\/revisions"}],"predecessor-version":[{"id":51264,"href":"https:\/\/www.canadahelps.org\/fr\/wp-json\/wp\/v2\/pages\/46179\/revisions\/51264"}],"up":[{"embeddable":true,"href":"https:\/\/www.canadahelps.org\/fr\/wp-json\/wp\/v2\/pages\/1037"}],"wp:attachment":[{"href":"https:\/\/www.canadahelps.org\/fr\/wp-json\/wp\/v2\/media?parent=46179"}],"curies":[{"name":"wp","href":"https:\/\/api.w.org\/{rel}","templated":true}]}}