{"id":46186,"date":"2022-05-05T10:58:25","date_gmt":"2022-05-05T14:58:25","guid":{"rendered":"https:\/\/www.canadahelps.org\/?page_id=46186"},"modified":"2024-02-26T15:28:09","modified_gmt":"2024-02-26T20:28:09","slug":"politique-sur-les-dons-de-cryptomonnaies","status":"publish","type":"page","link":"https:\/\/www.canadahelps.org\/fr\/politique-sur-les-dons-de-cryptomonnaies\/","title":{"rendered":"POLITIQUE SUR LES DONS DE CRYPTOMONNAIES"},"content":{"rendered":"<style>html {background-color:#fff;}#charity-terms-conditions-panel{margin-top:50px; background:#fff}.ch-panel{background:#fff}.inner{border:0px !important}<\/style>\n<div id=\"charity-terms-conditions-panel\">\n<div class=\"ch-panel\">\n<div class=\"inner\">\n<div class=\"tab-content ch-tab-content\">\n<style>ol > li {margin-bottom: 20px;}table {margin-bottom: 30px}td{ padding: 0px 10px 0px 10px;} h1, h2 {text-transform: uppercase;}<\/style>\n<h1 style=\"text-align: center; margin-top: -50px;\">POLITIQUE SUR LES DONS DE CRYPTOMONNAIES<\/h1>\n<p style=\"text-align: center;\">(Last updated: 17 mai 2022)<\/p>\n<p>    CanaDon n&#8217;accepte que les Bitcoins ou les cryptomonnaies Ether. Seules les promesses de don d\u2019un minimum de 100 $ seront accept\u00e9es.<\/p>\n<p>    CanaDon n&#8217;est pas responsable des frais de transaction associ\u00e9s \u00e0 l&#8217;envoi de cryptomonnaies \u00e0 CanaDon.<\/p>\n<p>    CanaDon ne conserve pas de cryptomonnaie&nbsp;: nous vendons toutes les cryptomonnaies re\u00e7ues imm\u00e9diatement ou le plus rapidement possible.<\/p>\n<p>    CanaDon n&#8217;est pas responsable des fluctuations de la valeur d&#8217;une cryptomonnaie en sa possession.<\/p>\n<p>    CanaDon ne re\u00e7oit pas ou n&#8217;agit pas sur des instructions non sollicit\u00e9es de tiers en termes de d\u00e9tention ou de vente de cryptomonnaies. CanaDon n&#8217;est pas responsable des pertes induites par des commandes de transaction mal saisies ou mal plac\u00e9es.<\/p>\n<p>    L&#8217;\u00e9valuation des cryptomonnaies aux fins des re\u00e7us fiscaux sera d\u00e9termin\u00e9e par le taux de change avec le dollar canadien pour la cryptomonnaie donn\u00e9e au moment o\u00f9 celle-ci est vendue par CanaDon. Si la valeur d\u2019une cryptomonnaie augmente ou diminue entre le moment o\u00f9 vous faites un don et le moment o\u00f9 nous la vendons, votre re\u00e7u refl\u00e9tera le prix au moment de la vente. Les donateurs acceptent le risque de fluctuations de prix qui se produisent avant le moment de la vente.<\/p>\n<p>    CanaDon se r\u00e9serve le droit, \u00e0 tout moment, de refuser de traiter tout don en cryptomonnaie effectu\u00e9, ou toute tentative de don de cryptomonnaie, pour quelque raison que ce soit, notamment&nbsp;: <\/p>\n<ul>\n<li>pour pr\u00e9venir les risques de r\u00e9putation li\u00e9s \u00e0 la transaction ou au donateur;<\/li>\n<li>si la loi applicable, toute ordonnance d&#8217;un tribunal ou la demande d&#8217;une autorit\u00e9 gouvernementale l&#8217;exige;<\/li>\n<li>\u00e0 des fins de criminalit\u00e9 financi\u00e8re;<\/li>\n<li>\u00e0 des fins de s\u00fbret\u00e9, de s\u00e9curit\u00e9 et de pr\u00e9vention des fraudes; ou alors<\/li>\n<li>pour pr\u00e9server l&#8217;int\u00e9grit\u00e9 de nos syst\u00e8mes informatiques.<\/li>\n<\/ul><\/div>\n<\/p><\/div>\n<\/p><\/div>\n<\/p><\/div>\n","protected":false},"excerpt":{"rendered":"<p>POLITIQUE SUR LES DONS DE CRYPTOMONNAIES (Last updated: 17 mai 2022) CanaDon n&#8217;accepte que les Bitcoins ou les cryptomonnaies Ether. Seules les promesses de don &#8230; <a href=\"https:\/\/www.canadahelps.org\/fr\/politique-sur-les-dons-de-cryptomonnaies\/\" id=\"canadahelp-blog-meta\">Voir plus<\/a><\/p>\n","protected":false},"author":30,"featured_media":0,"parent":0,"menu_order":0,"comment_status":"closed","ping_status":"closed","template":"template-fullwidth-page.php","meta":{"footnotes":""},"class_list":["post-46186","page","type-page","status-publish","hentry"],"acf":{"meta_description":"","use_toc_layout":false,"additional_body_css_classes":"","row_settings":false,"hide_page_title":false,"insert_spotlight_boxes":false,"use_biography_grid":false},"yoast_head":"<!-- This site is optimized with the Yoast SEO plugin v26.0 - https:\/\/yoast.com\/wordpress\/plugins\/seo\/ -->\n<title>POLITIQUE SUR LES DONS DE CRYPTOMONNAIES | CanaDon - Faites des dons \u00e0 un organisme de bienfaisance au Canada<\/title>\n<meta name=\"robots\" content=\"index, follow, max-snippet:-1, max-image-preview:large, max-video-preview:-1\" \/>\n<link rel=\"canonical\" href=\"https:\/\/www.canadahelps.org\/fr\/politique-sur-les-dons-de-cryptomonnaies\/\" \/>\n<meta property=\"og:locale\" content=\"fr_FR\" \/>\n<meta property=\"og:type\" content=\"article\" \/>\n<meta property=\"og:title\" content=\"POLITIQUE SUR LES DONS DE CRYPTOMONNAIES | CanaDon - Faites des dons \u00e0 un organisme de bienfaisance au Canada\" \/>\n<meta property=\"og:description\" content=\"POLITIQUE SUR LES DONS DE CRYPTOMONNAIES (Last updated: 17 mai 2022) CanaDon n&#8217;accepte que les Bitcoins ou les cryptomonnaies Ether. Seules les promesses de don ... Voir plus\" \/>\n<meta property=\"og:url\" content=\"https:\/\/www.canadahelps.org\/fr\/politique-sur-les-dons-de-cryptomonnaies\/\" \/>\n<meta property=\"og:site_name\" content=\"CanaDon - Faites des dons \u00e0 un organisme de bienfaisance au Canada\" \/>\n<meta property=\"article:modified_time\" content=\"2024-02-26T20:28:09+00:00\" \/>\n<meta name=\"twitter:card\" content=\"summary_large_image\" \/>\n<meta name=\"twitter:label1\" content=\"Est. reading time\" \/>\n\t<meta name=\"twitter:data1\" content=\"2 minutes\" \/>\n<script type=\"application\/ld+json\" class=\"yoast-schema-graph\">{\"@context\":\"https:\/\/schema.org\",\"@graph\":[{\"@type\":\"WebPage\",\"@id\":\"https:\/\/www.canadahelps.org\/fr\/politique-sur-les-dons-de-cryptomonnaies\/\",\"url\":\"https:\/\/www.canadahelps.org\/fr\/politique-sur-les-dons-de-cryptomonnaies\/\",\"name\":\"POLITIQUE SUR LES DONS DE CRYPTOMONNAIES | CanaDon - Faites des dons \u00e0 un organisme de bienfaisance au Canada\",\"isPartOf\":{\"@id\":\"https:\/\/www.canadahelps.org\/fr\/#website\"},\"datePublished\":\"2022-05-05T14:58:25+00:00\",\"dateModified\":\"2024-02-26T20:28:09+00:00\",\"breadcrumb\":{\"@id\":\"https:\/\/www.canadahelps.org\/fr\/politique-sur-les-dons-de-cryptomonnaies\/#breadcrumb\"},\"inLanguage\":\"fr\",\"potentialAction\":[{\"@type\":\"ReadAction\",\"target\":[\"https:\/\/www.canadahelps.org\/fr\/politique-sur-les-dons-de-cryptomonnaies\/\"]}]},{\"@type\":\"BreadcrumbList\",\"@id\":\"https:\/\/www.canadahelps.org\/fr\/politique-sur-les-dons-de-cryptomonnaies\/#breadcrumb\",\"itemListElement\":[{\"@type\":\"ListItem\",\"position\":1,\"name\":\"Home\",\"item\":\"https:\/\/www.canadahelps.org\/fr\/\"},{\"@type\":\"ListItem\",\"position\":2,\"name\":\"POLITIQUE SUR LES DONS DE CRYPTOMONNAIES\"}]},{\"@type\":\"WebSite\",\"@id\":\"https:\/\/www.canadahelps.org\/fr\/#website\",\"url\":\"https:\/\/www.canadahelps.org\/fr\/\",\"name\":\"CanadaHelps - Donate to any charity in Canada\",\"description\":\"Le don en toute simplicit\u00e9\",\"publisher\":{\"@id\":\"https:\/\/www.canadahelps.org\/fr\/#organization\"},\"potentialAction\":[{\"@type\":\"SearchAction\",\"target\":{\"@type\":\"EntryPoint\",\"urlTemplate\":\"https:\/\/www.canadahelps.org\/fr\/?s={search_term_string}\"},\"query-input\":{\"@type\":\"PropertyValueSpecification\",\"valueRequired\":true,\"valueName\":\"search_term_string\"}}],\"inLanguage\":\"fr\"},{\"@type\":\"Organization\",\"@id\":\"https:\/\/www.canadahelps.org\/fr\/#organization\",\"name\":\"CanadaHelps\",\"url\":\"https:\/\/www.canadahelps.org\/fr\/\",\"logo\":{\"@type\":\"ImageObject\",\"inLanguage\":\"fr\",\"@id\":\"https:\/\/www.canadahelps.org\/fr\/#\/schema\/logo\/image\/\",\"url\":\"https:\/\/www.canadahelps.org\/media\/canadahelps-en.jpg\",\"contentUrl\":\"https:\/\/www.canadahelps.org\/media\/canadahelps-en.jpg\",\"width\":131,\"height\":72,\"caption\":\"CanadaHelps\"},\"image\":{\"@id\":\"https:\/\/www.canadahelps.org\/fr\/#\/schema\/logo\/image\/\"}}]}<\/script>\n<!-- \/ Yoast SEO plugin. -->","yoast_head_json":{"title":"POLITIQUE SUR LES DONS DE CRYPTOMONNAIES | CanaDon - Faites des dons \u00e0 un organisme de bienfaisance au Canada","robots":{"index":"index","follow":"follow","max-snippet":"max-snippet:-1","max-image-preview":"max-image-preview:large","max-video-preview":"max-video-preview:-1"},"canonical":"https:\/\/www.canadahelps.org\/fr\/politique-sur-les-dons-de-cryptomonnaies\/","og_locale":"fr_FR","og_type":"article","og_title":"POLITIQUE SUR LES DONS DE CRYPTOMONNAIES | CanaDon - Faites des dons \u00e0 un organisme de bienfaisance au Canada","og_description":"POLITIQUE SUR LES DONS DE CRYPTOMONNAIES (Last updated: 17 mai 2022) CanaDon n&#8217;accepte que les Bitcoins ou les cryptomonnaies Ether. Seules les promesses de don ... Voir plus","og_url":"https:\/\/www.canadahelps.org\/fr\/politique-sur-les-dons-de-cryptomonnaies\/","og_site_name":"CanaDon - Faites des dons \u00e0 un organisme de bienfaisance au Canada","article_modified_time":"2024-02-26T20:28:09+00:00","twitter_card":"summary_large_image","twitter_misc":{"Est. reading time":"2 minutes"},"schema":{"@context":"https:\/\/schema.org","@graph":[{"@type":"WebPage","@id":"https:\/\/www.canadahelps.org\/fr\/politique-sur-les-dons-de-cryptomonnaies\/","url":"https:\/\/www.canadahelps.org\/fr\/politique-sur-les-dons-de-cryptomonnaies\/","name":"POLITIQUE SUR LES DONS DE CRYPTOMONNAIES | CanaDon - Faites des dons \u00e0 un organisme de bienfaisance au Canada","isPartOf":{"@id":"https:\/\/www.canadahelps.org\/fr\/#website"},"datePublished":"2022-05-05T14:58:25+00:00","dateModified":"2024-02-26T20:28:09+00:00","breadcrumb":{"@id":"https:\/\/www.canadahelps.org\/fr\/politique-sur-les-dons-de-cryptomonnaies\/#breadcrumb"},"inLanguage":"fr","potentialAction":[{"@type":"ReadAction","target":["https:\/\/www.canadahelps.org\/fr\/politique-sur-les-dons-de-cryptomonnaies\/"]}]},{"@type":"BreadcrumbList","@id":"https:\/\/www.canadahelps.org\/fr\/politique-sur-les-dons-de-cryptomonnaies\/#breadcrumb","itemListElement":[{"@type":"ListItem","position":1,"name":"Home","item":"https:\/\/www.canadahelps.org\/fr\/"},{"@type":"ListItem","position":2,"name":"POLITIQUE SUR LES DONS DE CRYPTOMONNAIES"}]},{"@type":"WebSite","@id":"https:\/\/www.canadahelps.org\/fr\/#website","url":"https:\/\/www.canadahelps.org\/fr\/","name":"CanadaHelps - Donate to any charity in Canada","description":"Le don en toute simplicit\u00e9","publisher":{"@id":"https:\/\/www.canadahelps.org\/fr\/#organization"},"potentialAction":[{"@type":"SearchAction","target":{"@type":"EntryPoint","urlTemplate":"https:\/\/www.canadahelps.org\/fr\/?s={search_term_string}"},"query-input":{"@type":"PropertyValueSpecification","valueRequired":true,"valueName":"search_term_string"}}],"inLanguage":"fr"},{"@type":"Organization","@id":"https:\/\/www.canadahelps.org\/fr\/#organization","name":"CanadaHelps","url":"https:\/\/www.canadahelps.org\/fr\/","logo":{"@type":"ImageObject","inLanguage":"fr","@id":"https:\/\/www.canadahelps.org\/fr\/#\/schema\/logo\/image\/","url":"https:\/\/www.canadahelps.org\/media\/canadahelps-en.jpg","contentUrl":"https:\/\/www.canadahelps.org\/media\/canadahelps-en.jpg","width":131,"height":72,"caption":"CanadaHelps"},"image":{"@id":"https:\/\/www.canadahelps.org\/fr\/#\/schema\/logo\/image\/"}}]}},"_links":{"self":[{"href":"https:\/\/www.canadahelps.org\/fr\/wp-json\/wp\/v2\/pages\/46186","targetHints":{"allow":["GET"]}}],"collection":[{"href":"https:\/\/www.canadahelps.org\/fr\/wp-json\/wp\/v2\/pages"}],"about":[{"href":"https:\/\/www.canadahelps.org\/fr\/wp-json\/wp\/v2\/types\/page"}],"author":[{"embeddable":true,"href":"https:\/\/www.canadahelps.org\/fr\/wp-json\/wp\/v2\/users\/30"}],"replies":[{"embeddable":true,"href":"https:\/\/www.canadahelps.org\/fr\/wp-json\/wp\/v2\/comments?post=46186"}],"version-history":[{"count":2,"href":"https:\/\/www.canadahelps.org\/fr\/wp-json\/wp\/v2\/pages\/46186\/revisions"}],"predecessor-version":[{"id":51503,"href":"https:\/\/www.canadahelps.org\/fr\/wp-json\/wp\/v2\/pages\/46186\/revisions\/51503"}],"wp:attachment":[{"href":"https:\/\/www.canadahelps.org\/fr\/wp-json\/wp\/v2\/media?parent=46186"}],"curies":[{"name":"wp","href":"https:\/\/api.w.org\/{rel}","templated":true}]}}