{"id":46527,"date":"2022-06-02T16:25:47","date_gmt":"2022-06-02T20:25:47","guid":{"rendered":"https:\/\/www.canadahelps.org\/?page_id=46527"},"modified":"2022-07-01T09:24:44","modified_gmt":"2022-07-01T13:24:44","slug":"la-fete-des-peres","status":"publish","type":"page","link":"https:\/\/www.canadahelps.org\/fr\/la-fete-des-peres\/","title":{"rendered":"La fete des Peres"},"content":{"rendered":"","protected":false},"excerpt":{"rendered":"","protected":false},"author":30,"featured_media":0,"parent":0,"menu_order":0,"comment_status":"closed","ping_status":"closed","template":"template-merchandise-page.php","meta":{"footnotes":""},"class_list":["post-46527","page","type-page","status-publish","hentry"],"acf":{"meta_description":"","use_toc_layout":false,"additional_body_css_classes":"","row_settings":[{"row_header":"Offrez \u00e0 votre p\u00e8re un cadeau de bienfaisance qui a un impact mondial! Ces cadeaux permettent d\u2019offrir de la nourriture, de l\u2019eau potable, un refuge, des traitements m\u00e9dicaux, un soutien pour les r\u00e9fugi\u00e9s et bien plus encore. ","row_link_text":"","row_link_url":"","trigger_masonry_layout":true,"text_before_row":"","text_after_row":"<p><a style=\"font-weight: bold;\" href=\"https:\/\/www.canadahelps.org\/fr\/guide-de-cadeaux-de-bienfaisance\/\"><br \/>\nParcourez l\u2019int\u00e9gralit\u00e9 du Guide de cadeaux de bienfaisance de CanaDon &gt;&gt;<\/a><\/p>\n","text_after_row_header":"<p><a class=\"anchor\" name=\"mondial\"><\/a><\/p>\n","card_settings":[{"card_name":"Good Neighbours Canada","card_type":"campaign","id":"21394","display_categories":true,"display_image":true,"display_address":true,"display_summary":true,"display_campaign_types":true,"display_progress":true,"link_or_button":"button","card_link_text":"FAITES UN DON"},{"card_name":"Care Canada","card_type":"campaign","id":"7828","display_categories":true,"display_image":true,"display_address":true,"display_summary":true,"display_campaign_types":true,"display_progress":true,"link_or_button":"button","card_link_text":"FAITES UN DON"},{"card_name":"Canadian Women for Women in Afghanistan Inc.","card_type":"campaign","id":"838","display_categories":true,"display_image":true,"display_address":true,"display_summary":true,"display_campaign_types":true,"display_progress":true,"link_or_button":"button","card_link_text":"FAITES UN DON"},{"card_name":"UNICEF Canada","card_type":"campaign","id":"7050","display_categories":true,"display_image":true,"display_address":true,"display_summary":true,"display_campaign_types":true,"display_progress":true,"link_or_button":"button","card_link_text":"FAITES UN DON"},{"card_name":"Shelterbox Canada","card_type":"campaign","id":"7840","display_categories":true,"display_image":true,"display_address":true,"display_summary":true,"display_campaign_types":true,"display_progress":true,"link_or_button":"button","card_link_text":"FAITES UN DON"},{"card_name":"LifeWater Canada","card_type":"campaign","id":"7895","display_categories":true,"display_image":true,"display_address":true,"display_summary":true,"display_campaign_types":true,"display_progress":true,"link_or_button":"button","card_link_text":"FAITES UN DON"}]},{"row_header":"D\u00e9couvrez des cadeaux parfaits pour n\u2019importe quel amoureux des animaux. Faites un don pour votre p\u00e8re pour secourir, r\u00e9habiliter et abriter des animaux abandonn\u00e9s ou bless\u00e9s, et bien plus encore.","row_link_text":"","row_link_url":"","trigger_masonry_layout":true,"text_before_row":"","text_after_row":"<p><a style=\"font-weight: bold;\" href=\"https:\/\/www.canadahelps.org\/fr\/guide-de-cadeaux-de-bienfaisance\/\"><br \/>\nParcourez l\u2019int\u00e9gralit\u00e9 du Guide de cadeaux de bienfaisance de CanaDon &gt;&gt;<\/a><\/p>\n","text_after_row_header":"<p><a class=\"anchor\" name=\"animaux\"><\/a><\/p>\n","card_settings":[{"card_name":"British Columbia Chihuahua Rescue","card_type":"campaign","id":"1178","display_categories":true,"display_image":true,"display_address":true,"display_summary":true,"display_campaign_types":true,"display_progress":true,"link_or_button":"button","card_link_text":"FAITES UN DON"},{"card_name":"Ecomuseum Zoo","card_type":"campaign","id":"12199\t ","display_categories":true,"display_image":true,"display_address":true,"display_summary":true,"display_campaign_types":true,"display_progress":true,"link_or_button":"button","card_link_text":"FAITES UN DON"},{"card_name":"Veterinarians Without Borders","card_type":"campaign","id":"21416","display_categories":true,"display_image":true,"display_address":true,"display_summary":true,"display_campaign_types":true,"display_progress":true,"link_or_button":"button","card_link_text":"FAITES UN DON"},{"card_name":"North Island Wildlife Recovery Centre","card_type":"campaign","id":"1027","display_categories":true,"display_image":true,"display_address":true,"display_summary":true,"display_campaign_types":true,"display_progress":true,"link_or_button":"button","card_link_text":"FAITES UN DON"},{"card_name":"Lions Foundation of Canada Dog Guides ","card_type":"campaign","id":"16817","display_categories":true,"display_image":true,"display_address":true,"display_summary":true,"display_campaign_types":true,"display_progress":true,"link_or_button":"button","card_link_text":"FAITES UN DON"},{"card_name":"Horse Protection Society of British Columbia","card_type":"campaign","id":"1003","display_categories":true,"display_image":true,"display_address":true,"display_summary":true,"display_campaign_types":true,"display_progress":true,"link_or_button":"button","card_link_text":"FAITES UN DON"}]},{"row_header":"D\u00e9couvrez des cadeaux parfaits pour n\u2019importe quel p\u00e8re soucieux de l\u2019environnement. Choisissez parmi des cadeaux qui permettent de sauver la plan\u00e8te, gr\u00e2ce \u00e0 la pr\u00e9servation des habitats naturels et la plantation d\u2019arbres, et qui suscitent des passions pour la nature, et bien plus encore!","row_link_text":"","row_link_url":"","trigger_masonry_layout":true,"text_before_row":"","text_after_row":"<p><a style=\"font-weight: bold;\" href=\"https:\/\/www.canadahelps.org\/fr\/guide-de-cadeaux-de-bienfaisance\/\"><br \/>\nParcourez l\u2019int\u00e9gralit\u00e9 du Guide de cadeaux de bienfaisance de CanaDon &gt;&gt;<\/a><\/p>\n","text_after_row_header":"<p><a class=\"anchor\" name=\"planete\"><\/a><\/p>\n","card_settings":[{"card_name":"F\u00eate des p\u00e8res - Parrainez un \u00e9tudiant ou un agriculteur namibien","card_type":"campaign","id":"21593","display_categories":true,"display_image":true,"display_address":true,"display_summary":true,"display_campaign_types":true,"display_progress":true,"link_or_button":"button","card_link_text":"FAITES UN DON"},{"card_name":"World Vision","card_type":"campaign","id":"16577","display_categories":true,"display_image":true,"display_address":true,"display_summary":true,"display_campaign_types":true,"display_progress":true,"link_or_button":"button","card_link_text":"FAITES UN DON"},{"card_name":"Tree Canada","card_type":"campaign","id":"16488","display_categories":true,"display_image":true,"display_address":true,"display_summary":true,"display_campaign_types":true,"display_progress":true,"link_or_button":"button","card_link_text":"FAITES UN DON"},{"card_name":"Young Naturalists Club","card_type":"campaign","id":"4693","display_categories":true,"display_image":true,"display_address":true,"display_summary":true,"display_campaign_types":true,"display_progress":true,"link_or_button":"button","card_link_text":"FAITES UN DON"}]},{"row_header":"Offrez \u00e0 votre p\u00e8re un cadeau de bienfaisance qui aide les enfants du monde entier \u00e0 acc\u00e9der \u00e0 des programmes d\u2019\u00e9ducation. Ces cadeaux offrent aux jeunes les outils n\u00e9cessaires pour s\u2019autonomiser et autonomiser leur communaut\u00e9 au moyen de l\u2019apprentissage. ","row_link_text":"","row_link_url":"","trigger_masonry_layout":true,"text_before_row":"","text_after_row":"<p><a style=\"font-weight: bold;\" href=\"https:\/\/www.canadahelps.org\/fr\/guide-de-cadeaux-de-bienfaisance\/\"><br \/>\nParcourez l\u2019int\u00e9gralit\u00e9 du Guide de cadeaux de bienfaisance de CanaDon &gt;&gt;<\/a><\/p>\n","text_after_row_header":"<p><a class=\"anchor\" name=\"education\"><\/a><\/p>\n","card_settings":[{"card_name":"Beautiful World Canada","card_type":"campaign","id":"7822","display_categories":true,"display_image":true,"display_address":true,"display_summary":true,"display_campaign_types":true,"display_progress":true,"link_or_button":"button","card_link_text":"FAITES UN DON"},{"card_name":"Pathways to Education Canada","card_type":"campaign","id":"12988","display_categories":true,"display_image":true,"display_address":true,"display_summary":true,"display_campaign_types":true,"display_progress":true,"link_or_button":"button","card_link_text":"FAITES UN DON"},{"card_name":"60 Million Girls","card_type":"campaign","id":"20047","display_categories":true,"display_image":true,"display_address":true,"display_summary":true,"display_campaign_types":true,"display_progress":true,"link_or_button":"button","card_link_text":"FAITES UN DON"},{"card_name":"UNICEF Canada","card_type":"campaign","id":"16409","display_categories":true,"display_image":true,"display_address":true,"display_summary":true,"display_campaign_types":true,"display_progress":true,"link_or_button":"button","card_link_text":"FAITES UN DON"},{"card_name":"Amref Health Africa in Canada","card_type":"campaign","id":"10380","display_categories":true,"display_image":true,"display_address":true,"display_summary":true,"display_campaign_types":true,"display_progress":true,"link_or_button":"button","card_link_text":"FAITES UN DON"}]},{"row_header":"D\u00e9couvrez des cadeaux de bienfaisance qui offrent de la nourriture aux personnes dans le besoin. Le cadeau que vous faites \u00e0 votre p\u00e8re aidera les enfants vuln\u00e9rables, les a\u00een\u00e9s et les adultes du monde entier \u00e0 se nourrir. ","row_link_text":"","row_link_url":"","trigger_masonry_layout":false,"text_before_row":"","text_after_row":"<p><strong>Magasinez encore plus de cadeaux de bienfaisance pour la f\u00eate des P\u00e8res!<\/strong><br \/>\n<a style=\"font-weight: bold;\" href=\"https:\/\/www.canadahelps.org\/fr\/guide-de-cadeaux-de-bienfaisance\/\">Parcourez l\u2019int\u00e9gralit\u00e9 du Guide de cadeaux de bienfaisance de CanaDon &gt;&gt;<\/a><\/p>\n","text_after_row_header":"<p><a class=\"anchor\" name=\"nourrir\"><\/a><\/p>\n","card_settings":[{"card_name":"Emergency Food Fund For India","card_type":"campaign","id":"20517","display_categories":true,"display_image":true,"display_address":true,"display_summary":true,"display_campaign_types":true,"display_progress":true,"link_or_button":"button","card_link_text":"FAITES UN DON"},{"card_name":"Food For The Hungry","card_type":"campaign","id":"8080","display_categories":true,"display_image":true,"display_address":true,"display_summary":true,"display_campaign_types":true,"display_progress":true,"link_or_button":"button","card_link_text":"FAITES UN DON"},{"card_name":"Petro-Canada Caremakers Foundation","card_type":"campaign","id":"20545","display_categories":true,"display_image":true,"display_address":true,"display_summary":true,"display_campaign_types":true,"display_progress":true,"link_or_button":"button","card_link_text":"FAITES UN DON"},{"card_name":"BOYS AND GIRLS CLUB OF KAMLOOPS","card_type":"campaign","id":"7668","display_categories":true,"display_image":true,"display_address":true,"display_summary":true,"display_campaign_types":true,"display_progress":true,"link_or_button":"button","card_link_text":"FAITES UN DON"},{"card_name":"Students for Education Empowerment and Developments (SEED)","card_type":"campaign","id":"20618","display_categories":true,"display_image":true,"display_address":true,"display_summary":true,"display_campaign_types":true,"display_progress":true,"link_or_button":"button","card_link_text":"FAITES UN DON"},{"card_name":"Altitude Project","card_type":"campaign","id":"12459","display_categories":true,"display_image":true,"display_address":true,"display_summary":true,"display_campaign_types":true,"display_progress":true,"link_or_button":"button","card_link_text":"FAITES UN DON"}]}],"hide_page_title":false,"insert_spotlight_boxes":false,"use_biography_grid":false,"min_banner_height":"280","header_title":"<p>Cette f\u00eate des P\u00e8res, honorez-le en faisant un cadeau qui donne en retour<\/p>\n","explanatory_text":"<p>\u00c0 l\u2019occasion de la f\u00eate des P\u00e8res, offrez un cadeau qui vient du c\u0153ur. Un don de bienfaisance est un cadeau unique qui a un \u00e9norme impact. Surprenez votre p\u00e8re ou figure paternelle dans votre vie en faisant un don qui soutient sa cause pr\u00e9f\u00e9r\u00e9e. Qu\u2019il s\u2019agisse d\u2019un don qui apporte une aide mondiale, aide les animaux ou fournit de la nourriture aux personnes dans le besoin, ensoleillez sa journ\u00e9e avec ce geste attentionn\u00e9.<\/p>\n<p>Choisissez parmi les meilleurs cadeaux de bienfaisance pour la f\u00eate des P\u00e8res\u2026 \u00e0 partir de 10 $.<\/p>\n","button_text":"","button_link":""},"yoast_head":"<!-- This site is optimized with the Yoast SEO plugin v26.0 - https:\/\/yoast.com\/wordpress\/plugins\/seo\/ -->\n<title>La fete des Peres | CanadaHelps - Donate to any charity in Canada<\/title>\n<meta name=\"description\" content=\"\u00c0 l\u2019occasion de la f\u00eate des P\u00e8res, offrez un cadeau qui vient du c\u0153ur. Un don de bienfaisance est un cadeau unique qui a un \u00e9norme impact.\" \/>\n<meta name=\"robots\" content=\"index, follow, max-snippet:-1, max-image-preview:large, max-video-preview:-1\" \/>\n<link rel=\"canonical\" href=\"https:\/\/www.canadahelps.org\/fr\/la-fete-des-peres\/\" \/>\n<meta property=\"og:locale\" content=\"fr_FR\" \/>\n<meta property=\"og:type\" content=\"article\" \/>\n<meta property=\"og:title\" content=\"Offrez un cadeau qui donne en retour \u00e0 l\u2019occasion de cette f\u00eate des P\u00e8res. Magasinez \u00e0 l\u2019aide de notre Guide de cadeaux de bienfaisance!\" \/>\n<meta property=\"og:description\" content=\"Pour cette f\u00eate des P\u00e8res, offrez \u00e0 votre p\u00e8re ou figure paternelle un cadeau qui vient du c\u0153ur. Un don de bienfaisance est un cadeau unique qui a un \u00e9norme impact. Soutenez une cause qui passionne votre p\u00e8re\u2026 avec n\u2019importe quel budget. Qu\u2019il s\u2019agisse d\u2019un don qui apporte une aide mondiale, aide les animaux ou fournit de la nourriture aux personnes dans le besoin, ensoleillez sa journ\u00e9e avec ce geste attentionn\u00e9.\" \/>\n<meta property=\"og:url\" content=\"https:\/\/www.canadahelps.org\/fr\/la-fete-des-peres\/\" \/>\n<meta property=\"og:site_name\" content=\"CanadaHelps - Donate to any charity in Canada\" \/>\n<meta property=\"article:modified_time\" content=\"2022-07-01T13:24:44+00:00\" \/>\n<meta property=\"og:image\" content=\"https:\/\/www.canadahelps.org\/media\/Social-Sharing-Image_FathersDay.png\" \/>\n<meta name=\"twitter:card\" content=\"summary_large_image\" \/>\n<meta name=\"twitter:title\" content=\"Offrez un cadeau qui donne en retour \u00e0 l\u2019occasion de cette f\u00eate des P\u00e8res. Magasinez \u00e0 l\u2019aide de notre Guide de cadeaux de bienfaisance!\" \/>\n<meta name=\"twitter:description\" content=\"Pour cette f\u00eate des P\u00e8res, offrez \u00e0 votre p\u00e8re ou figure paternelle un cadeau qui vient du c\u0153ur. Un don de bienfaisance est un cadeau unique qui a un \u00e9norme impact. Soutenez une cause qui passionne votre p\u00e8re\u2026 avec n\u2019importe quel budget. Qu\u2019il s\u2019agisse d\u2019un don qui apporte une aide mondiale, aide les animaux ou fournit de la nourriture aux personnes dans le besoin, ensoleillez sa journ\u00e9e avec ce geste attentionn\u00e9.\" \/>\n<meta name=\"twitter:image\" content=\"https:\/\/www.canadahelps.org\/media\/Social-Sharing-Image_FathersDay.png\" \/>\n<script type=\"application\/ld+json\" class=\"yoast-schema-graph\">{\"@context\":\"https:\/\/schema.org\",\"@graph\":[{\"@type\":\"WebPage\",\"@id\":\"https:\/\/www.canadahelps.org\/fr\/la-fete-des-peres\/\",\"url\":\"https:\/\/www.canadahelps.org\/fr\/la-fete-des-peres\/\",\"name\":\"La fete des Peres | CanadaHelps - Donate to any charity in Canada\",\"isPartOf\":{\"@id\":\"https:\/\/www.canadahelps.org\/fr\/#website\"},\"datePublished\":\"2022-06-02T20:25:47+00:00\",\"dateModified\":\"2022-07-01T13:24:44+00:00\",\"description\":\"\u00c0 l\u2019occasion de la f\u00eate des P\u00e8res, offrez un cadeau qui vient du c\u0153ur. Un don de bienfaisance est un cadeau unique qui a un \u00e9norme impact.\",\"breadcrumb\":{\"@id\":\"https:\/\/www.canadahelps.org\/fr\/la-fete-des-peres\/#breadcrumb\"},\"inLanguage\":\"fr\",\"potentialAction\":[{\"@type\":\"ReadAction\",\"target\":[\"https:\/\/www.canadahelps.org\/fr\/la-fete-des-peres\/\"]}]},{\"@type\":\"BreadcrumbList\",\"@id\":\"https:\/\/www.canadahelps.org\/fr\/la-fete-des-peres\/#breadcrumb\",\"itemListElement\":[{\"@type\":\"ListItem\",\"position\":1,\"name\":\"Home\",\"item\":\"https:\/\/www.canadahelps.org\/fr\/\"},{\"@type\":\"ListItem\",\"position\":2,\"name\":\"La fete des Peres\"}]},{\"@type\":\"WebSite\",\"@id\":\"https:\/\/www.canadahelps.org\/fr\/#website\",\"url\":\"https:\/\/www.canadahelps.org\/fr\/\",\"name\":\"CanadaHelps - Donate to any charity in Canada\",\"description\":\"Giving Made Simple\",\"publisher\":{\"@id\":\"https:\/\/www.canadahelps.org\/fr\/#organization\"},\"potentialAction\":[{\"@type\":\"SearchAction\",\"target\":{\"@type\":\"EntryPoint\",\"urlTemplate\":\"https:\/\/www.canadahelps.org\/fr\/?s={search_term_string}\"},\"query-input\":{\"@type\":\"PropertyValueSpecification\",\"valueRequired\":true,\"valueName\":\"search_term_string\"}}],\"inLanguage\":\"fr\"},{\"@type\":\"Organization\",\"@id\":\"https:\/\/www.canadahelps.org\/fr\/#organization\",\"name\":\"CanadaHelps\",\"url\":\"https:\/\/www.canadahelps.org\/fr\/\",\"logo\":{\"@type\":\"ImageObject\",\"inLanguage\":\"fr\",\"@id\":\"https:\/\/www.canadahelps.org\/fr\/#\/schema\/logo\/image\/\",\"url\":\"https:\/\/www.canadahelps.org\/media\/canadahelps-en.jpg\",\"contentUrl\":\"https:\/\/www.canadahelps.org\/media\/canadahelps-en.jpg\",\"width\":131,\"height\":72,\"caption\":\"CanadaHelps\"},\"image\":{\"@id\":\"https:\/\/www.canadahelps.org\/fr\/#\/schema\/logo\/image\/\"}}]}<\/script>\n<!-- \/ Yoast SEO plugin. -->","yoast_head_json":{"title":"La fete des Peres | CanadaHelps - Donate to any charity in Canada","description":"\u00c0 l\u2019occasion de la f\u00eate des P\u00e8res, offrez un cadeau qui vient du c\u0153ur. Un don de bienfaisance est un cadeau unique qui a un \u00e9norme impact.","robots":{"index":"index","follow":"follow","max-snippet":"max-snippet:-1","max-image-preview":"max-image-preview:large","max-video-preview":"max-video-preview:-1"},"canonical":"https:\/\/www.canadahelps.org\/fr\/la-fete-des-peres\/","og_locale":"fr_FR","og_type":"article","og_title":"Offrez un cadeau qui donne en retour \u00e0 l\u2019occasion de cette f\u00eate des P\u00e8res. Magasinez \u00e0 l\u2019aide de notre Guide de cadeaux de bienfaisance!","og_description":"Pour cette f\u00eate des P\u00e8res, offrez \u00e0 votre p\u00e8re ou figure paternelle un cadeau qui vient du c\u0153ur. Un don de bienfaisance est un cadeau unique qui a un \u00e9norme impact. Soutenez une cause qui passionne votre p\u00e8re\u2026 avec n\u2019importe quel budget. Qu\u2019il s\u2019agisse d\u2019un don qui apporte une aide mondiale, aide les animaux ou fournit de la nourriture aux personnes dans le besoin, ensoleillez sa journ\u00e9e avec ce geste attentionn\u00e9.","og_url":"https:\/\/www.canadahelps.org\/fr\/la-fete-des-peres\/","og_site_name":"CanadaHelps - Donate to any charity in Canada","article_modified_time":"2022-07-01T13:24:44+00:00","og_image":[{"url":"https:\/\/www.canadahelps.org\/media\/Social-Sharing-Image_FathersDay.png","type":"","width":"","height":""}],"twitter_card":"summary_large_image","twitter_title":"Offrez un cadeau qui donne en retour \u00e0 l\u2019occasion de cette f\u00eate des P\u00e8res. Magasinez \u00e0 l\u2019aide de notre Guide de cadeaux de bienfaisance!","twitter_description":"Pour cette f\u00eate des P\u00e8res, offrez \u00e0 votre p\u00e8re ou figure paternelle un cadeau qui vient du c\u0153ur. Un don de bienfaisance est un cadeau unique qui a un \u00e9norme impact. Soutenez une cause qui passionne votre p\u00e8re\u2026 avec n\u2019importe quel budget. Qu\u2019il s\u2019agisse d\u2019un don qui apporte une aide mondiale, aide les animaux ou fournit de la nourriture aux personnes dans le besoin, ensoleillez sa journ\u00e9e avec ce geste attentionn\u00e9.","twitter_image":"https:\/\/www.canadahelps.org\/media\/Social-Sharing-Image_FathersDay.png","schema":{"@context":"https:\/\/schema.org","@graph":[{"@type":"WebPage","@id":"https:\/\/www.canadahelps.org\/fr\/la-fete-des-peres\/","url":"https:\/\/www.canadahelps.org\/fr\/la-fete-des-peres\/","name":"La fete des Peres | CanadaHelps - Donate to any charity in Canada","isPartOf":{"@id":"https:\/\/www.canadahelps.org\/fr\/#website"},"datePublished":"2022-06-02T20:25:47+00:00","dateModified":"2022-07-01T13:24:44+00:00","description":"\u00c0 l\u2019occasion de la f\u00eate des P\u00e8res, offrez un cadeau qui vient du c\u0153ur. Un don de bienfaisance est un cadeau unique qui a un \u00e9norme impact.","breadcrumb":{"@id":"https:\/\/www.canadahelps.org\/fr\/la-fete-des-peres\/#breadcrumb"},"inLanguage":"fr","potentialAction":[{"@type":"ReadAction","target":["https:\/\/www.canadahelps.org\/fr\/la-fete-des-peres\/"]}]},{"@type":"BreadcrumbList","@id":"https:\/\/www.canadahelps.org\/fr\/la-fete-des-peres\/#breadcrumb","itemListElement":[{"@type":"ListItem","position":1,"name":"Home","item":"https:\/\/www.canadahelps.org\/fr\/"},{"@type":"ListItem","position":2,"name":"La fete des Peres"}]},{"@type":"WebSite","@id":"https:\/\/www.canadahelps.org\/fr\/#website","url":"https:\/\/www.canadahelps.org\/fr\/","name":"CanadaHelps - Donate to any charity in Canada","description":"Giving Made Simple","publisher":{"@id":"https:\/\/www.canadahelps.org\/fr\/#organization"},"potentialAction":[{"@type":"SearchAction","target":{"@type":"EntryPoint","urlTemplate":"https:\/\/www.canadahelps.org\/fr\/?s={search_term_string}"},"query-input":{"@type":"PropertyValueSpecification","valueRequired":true,"valueName":"search_term_string"}}],"inLanguage":"fr"},{"@type":"Organization","@id":"https:\/\/www.canadahelps.org\/fr\/#organization","name":"CanadaHelps","url":"https:\/\/www.canadahelps.org\/fr\/","logo":{"@type":"ImageObject","inLanguage":"fr","@id":"https:\/\/www.canadahelps.org\/fr\/#\/schema\/logo\/image\/","url":"https:\/\/www.canadahelps.org\/media\/canadahelps-en.jpg","contentUrl":"https:\/\/www.canadahelps.org\/media\/canadahelps-en.jpg","width":131,"height":72,"caption":"CanadaHelps"},"image":{"@id":"https:\/\/www.canadahelps.org\/fr\/#\/schema\/logo\/image\/"}}]}},"_links":{"self":[{"href":"https:\/\/www.canadahelps.org\/fr\/wp-json\/wp\/v2\/pages\/46527","targetHints":{"allow":["GET"]}}],"collection":[{"href":"https:\/\/www.canadahelps.org\/fr\/wp-json\/wp\/v2\/pages"}],"about":[{"href":"https:\/\/www.canadahelps.org\/fr\/wp-json\/wp\/v2\/types\/page"}],"author":[{"embeddable":true,"href":"https:\/\/www.canadahelps.org\/fr\/wp-json\/wp\/v2\/users\/30"}],"replies":[{"embeddable":true,"href":"https:\/\/www.canadahelps.org\/fr\/wp-json\/wp\/v2\/comments?post=46527"}],"version-history":[{"count":30,"href":"https:\/\/www.canadahelps.org\/fr\/wp-json\/wp\/v2\/pages\/46527\/revisions"}],"predecessor-version":[{"id":46835,"href":"https:\/\/www.canadahelps.org\/fr\/wp-json\/wp\/v2\/pages\/46527\/revisions\/46835"}],"wp:attachment":[{"href":"https:\/\/www.canadahelps.org\/fr\/wp-json\/wp\/v2\/media?parent=46527"}],"curies":[{"name":"wp","href":"https:\/\/api.w.org\/{rel}","templated":true}]}}