{"id":46978,"date":"2021-08-13T15:35:51","date_gmt":"2021-08-13T19:35:51","guid":{"rendered":"https:\/\/www.canadahelps.org\/?page_id=46978"},"modified":"2023-08-14T10:56:53","modified_gmt":"2023-08-14T14:56:53","slug":"faites-un-don-a-des-organismes-de-bienfaisance-humanitaires","status":"publish","type":"page","link":"https:\/\/www.canadahelps.org\/fr\/faites-un-don-a-des-organismes-de-bienfaisance-humanitaires\/","title":{"rendered":"Faites un don \u00e0 des organismes de bienfaisance humanitaires"},"content":{"rendered":"","protected":false},"excerpt":{"rendered":"","protected":false},"author":67,"featured_media":0,"parent":0,"menu_order":0,"comment_status":"closed","ping_status":"closed","template":"template-merchandise-page.php","meta":{"footnotes":""},"class_list":["post-46978","page","type-page","status-publish","hentry"],"acf":{"meta_description":"","use_toc_layout":false,"additional_body_css_classes":"","hide_page_title":false,"row_settings":[{"row_header":"Soutenez les organismes de bienfaisance qui \u0153uvrent pour mettre fin \u00e0 la pauvret\u00e9 dans le monde et \u00e0 ses cons\u00e9quences, notamment la famine, l'exploitation, etc.","row_link_text":"","row_link_url":"","trigger_masonry_layout":true,"text_before_row":"","text_after_row":"","text_after_row_header":"","card_settings":[{"card_name":"CARE Canada","card_type":"charity","id":"15411","display_categories":true,"display_image":true,"display_address":true,"display_summary":true,"display_campaign_types":true,"display_progress":true,"link_or_button":"button","card_link_text":"FAITES UN DON"},{"card_name":"Food For The Poor Canada","card_type":"charity","id":"67546","display_categories":true,"display_image":true,"display_address":true,"display_summary":true,"display_campaign_types":true,"display_progress":true,"link_or_button":"button","card_link_text":"FAITES UN DON"},{"card_name":"Action Against Hunger Canada","card_type":"charity","id":"90581","display_categories":true,"display_image":true,"display_address":true,"display_summary":true,"display_campaign_types":true,"display_progress":true,"link_or_button":"button","card_link_text":"FAITES UN DON"}]},{"row_header":"Soutenez les organismes de bienfaisance qui se consacrent \u00e0 fournir aux enfants touch\u00e9s par la guerre et la pauvret\u00e9 un acc\u00e8s \u00e0 l'\u00e9ducation, \u00e0 la s\u00e9curit\u00e9 et plus encore.","row_link_text":"","row_link_url":"","trigger_masonry_layout":true,"text_before_row":"","text_after_row":"","text_after_row_header":"","card_settings":[{"card_name":"Project HOPE - Humanitarian Opportunities for Peace and Education.","card_type":"charity","id":"100704","display_categories":true,"display_image":true,"display_address":true,"display_summary":true,"display_campaign_types":true,"display_progress":true,"link_or_button":"button","card_link_text":"FAITES UN DON"},{"card_name":"Education without Borders Foundation","card_type":"charity","id":"83035","display_categories":true,"display_image":true,"display_address":true,"display_summary":true,"display_campaign_types":true,"display_progress":true,"link_or_button":"button","card_link_text":"FAITES UN DON"},{"card_name":"War Child","card_type":"charity","id":"54498","display_categories":true,"display_image":true,"display_address":true,"display_summary":true,"display_campaign_types":true,"display_progress":true,"link_or_button":"button","card_link_text":"FAITES UN DON"},{"card_name":"ACCESO International","card_type":"charity","id":"87845","display_categories":true,"display_image":true,"display_address":true,"display_summary":true,"display_campaign_types":true,"display_progress":true,"link_or_button":"button","card_link_text":"FAITES UN DON"},{"card_name":"Plan International Canada","card_type":"charity","id":"19068","display_categories":true,"display_image":true,"display_address":true,"display_summary":true,"display_campaign_types":true,"display_progress":true,"link_or_button":"button","card_link_text":"FAITES UN DON"}]},{"row_header":"Soutenez les organismes de bienfaisance qui r\u00e9pondent aux catastrophes et aux crises mondiales en fournissant de la nourriture, des soins m\u00e9dicaux, un abri, etc.","row_link_text":"","row_link_url":"","trigger_masonry_layout":true,"text_before_row":"","text_after_row":"<ol>\n<li>Global Humanitarian Overview 2022, April Update (Snapshot as of 13 May 2022) https:\/\/reliefweb.int\/report\/world\/global-humanitarian-overview-2022-april-update-snapshot-13-may-2022#:~:text=The%20GHO%202022%2C%20launched%20on,in%20need%20around%20the%20world.<\/li>\n<\/ol>\n","text_after_row_header":"","card_settings":[{"card_name":"Canadian Red Cross","card_type":"charity","id":"30567","display_categories":true,"display_image":true,"display_address":true,"display_summary":true,"display_campaign_types":true,"display_progress":true,"link_or_button":"button","card_link_text":"DONATE NOW"},{"card_name":"GLOBALMEDIC","card_type":"charity","id":"81364","display_categories":true,"display_image":true,"display_address":true,"display_summary":true,"display_campaign_types":true,"display_progress":true,"link_or_button":"button","card_link_text":"DONATE NOW"},{"card_name":"Doctors Without Borders","card_type":"charity","id":"46140","display_categories":true,"display_image":true,"display_address":true,"display_summary":true,"display_campaign_types":true,"display_progress":true,"link_or_button":"button","card_link_text":"DONATE NOW"},{"card_name":"UNICEF Canada","card_type":"charity","id":"37110","display_categories":true,"display_image":true,"display_address":true,"display_summary":true,"display_campaign_types":true,"display_progress":true,"link_or_button":"button","card_link_text":"DONATE NOW"},{"card_name":"Humanitarian Coalition","card_type":"charity","id":"100392","display_categories":true,"display_image":true,"display_address":true,"display_summary":true,"display_campaign_types":true,"display_progress":true,"link_or_button":"button","card_link_text":"DONATE NOW"},{"card_name":"ShelterBox","card_type":"charity","id":"102825","display_categories":true,"display_image":true,"display_address":true,"display_summary":true,"display_campaign_types":true,"display_progress":true,"link_or_button":"button","card_link_text":"DONATE NOW"}]}],"insert_spotlight_boxes":false,"use_biography_grid":false,"min_banner_height":"280","header_title":"<p>Faites un don \u00e0 des organismes de bienfaisance humanitaires<\/p>\n","explanatory_text":"<p>En 2022, plus de 300 millions de personnes auront besoin d\u2019une aide humanitaire et de protection dans le monde <sup>1<\/sup>. Alors que les catastrophes naturelles et celles caus\u00e9es par l&#8217;homme continuent d&#8217;augmenter, de nombreux pays s&#8217;appuieront sur des op\u00e9rations humanitaires coordonn\u00e9es pour venir en aide aux communaut\u00e9s vuln\u00e9rables. Votre don soutiendra l&#8217;aide humanitaire dans les pays touch\u00e9s par la guerre, la famine, les p\u00e9nuries alimentaires mondiales, les troubles civils, les \u00e9pid\u00e9mies, les catastrophes naturelles et la marginalisation sociale. Aidez les organisations caritatives \u00e0 fournir des secours en cas de catastrophe, une \u00e9ducation, des soins m\u00e9dicaux, de l&#8217;eau potable, la s\u00e9curit\u00e9 alimentaire et bien plus encore aux personnes dans le besoin.<\/p>\n<p>&nbsp;<\/p>\n","button_text":"","button_link":""},"yoast_head":"<!-- This site is optimized with the Yoast SEO plugin v26.0 - https:\/\/yoast.com\/wordpress\/plugins\/seo\/ -->\n<title>Faites un don \u00e0 des organismes de bienfaisance humanitaires | CanadaHelps - Donate to any charity in Canada<\/title>\n<meta name=\"robots\" content=\"index, follow, max-snippet:-1, max-image-preview:large, max-video-preview:-1\" \/>\n<link rel=\"canonical\" href=\"https:\/\/www.canadahelps.org\/fr\/faites-un-don-a-des-organismes-de-bienfaisance-humanitaires\/\" \/>\n<meta property=\"og:locale\" content=\"fr_FR\" \/>\n<meta property=\"og:type\" content=\"article\" \/>\n<meta property=\"og:title\" content=\"Faites un don \u00e0 des organismes de bienfaisance humanitaires | CanadaHelps - Donate to any charity in Canada\" \/>\n<meta property=\"og:url\" content=\"https:\/\/www.canadahelps.org\/fr\/faites-un-don-a-des-organismes-de-bienfaisance-humanitaires\/\" \/>\n<meta property=\"og:site_name\" content=\"CanadaHelps - Donate to any charity in Canada\" \/>\n<meta property=\"article:modified_time\" content=\"2023-08-14T14:56:53+00:00\" \/>\n<meta property=\"og:image\" content=\"https:\/\/www.canadahelps.org\/media\/Humanitarianrelief_sharing.png\" \/>\n\t<meta property=\"og:image:width\" content=\"1200\" \/>\n\t<meta property=\"og:image:height\" content=\"630\" \/>\n\t<meta property=\"og:image:type\" content=\"image\/png\" \/>\n<meta name=\"twitter:card\" content=\"summary_large_image\" \/>\n<meta name=\"twitter:image\" content=\"https:\/\/www.canadahelps.org\/media\/Humanitarianrelief_sharing.png\" \/>\n<script type=\"application\/ld+json\" class=\"yoast-schema-graph\">{\"@context\":\"https:\/\/schema.org\",\"@graph\":[{\"@type\":\"WebPage\",\"@id\":\"https:\/\/www.canadahelps.org\/fr\/faites-un-don-a-des-organismes-de-bienfaisance-humanitaires\/\",\"url\":\"https:\/\/www.canadahelps.org\/fr\/faites-un-don-a-des-organismes-de-bienfaisance-humanitaires\/\",\"name\":\"Faites un don \u00e0 des organismes de bienfaisance humanitaires | CanadaHelps - Donate to any charity in Canada\",\"isPartOf\":{\"@id\":\"https:\/\/www.canadahelps.org\/fr\/#website\"},\"datePublished\":\"2021-08-13T19:35:51+00:00\",\"dateModified\":\"2023-08-14T14:56:53+00:00\",\"breadcrumb\":{\"@id\":\"https:\/\/www.canadahelps.org\/fr\/faites-un-don-a-des-organismes-de-bienfaisance-humanitaires\/#breadcrumb\"},\"inLanguage\":\"fr\",\"potentialAction\":[{\"@type\":\"ReadAction\",\"target\":[\"https:\/\/www.canadahelps.org\/fr\/faites-un-don-a-des-organismes-de-bienfaisance-humanitaires\/\"]}]},{\"@type\":\"BreadcrumbList\",\"@id\":\"https:\/\/www.canadahelps.org\/fr\/faites-un-don-a-des-organismes-de-bienfaisance-humanitaires\/#breadcrumb\",\"itemListElement\":[{\"@type\":\"ListItem\",\"position\":1,\"name\":\"Home\",\"item\":\"https:\/\/www.canadahelps.org\/fr\/\"},{\"@type\":\"ListItem\",\"position\":2,\"name\":\"Faites un don \u00e0 des organismes de bienfaisance humanitaires\"}]},{\"@type\":\"WebSite\",\"@id\":\"https:\/\/www.canadahelps.org\/fr\/#website\",\"url\":\"https:\/\/www.canadahelps.org\/fr\/\",\"name\":\"CanadaHelps - Donate to any charity in Canada\",\"description\":\"Giving Made Simple\",\"publisher\":{\"@id\":\"https:\/\/www.canadahelps.org\/fr\/#organization\"},\"potentialAction\":[{\"@type\":\"SearchAction\",\"target\":{\"@type\":\"EntryPoint\",\"urlTemplate\":\"https:\/\/www.canadahelps.org\/fr\/?s={search_term_string}\"},\"query-input\":{\"@type\":\"PropertyValueSpecification\",\"valueRequired\":true,\"valueName\":\"search_term_string\"}}],\"inLanguage\":\"fr\"},{\"@type\":\"Organization\",\"@id\":\"https:\/\/www.canadahelps.org\/fr\/#organization\",\"name\":\"CanadaHelps\",\"url\":\"https:\/\/www.canadahelps.org\/fr\/\",\"logo\":{\"@type\":\"ImageObject\",\"inLanguage\":\"fr\",\"@id\":\"https:\/\/www.canadahelps.org\/fr\/#\/schema\/logo\/image\/\",\"url\":\"https:\/\/www.canadahelps.org\/media\/canadahelps-en.jpg\",\"contentUrl\":\"https:\/\/www.canadahelps.org\/media\/canadahelps-en.jpg\",\"width\":131,\"height\":72,\"caption\":\"CanadaHelps\"},\"image\":{\"@id\":\"https:\/\/www.canadahelps.org\/fr\/#\/schema\/logo\/image\/\"}}]}<\/script>\n<!-- \/ Yoast SEO plugin. -->","yoast_head_json":{"title":"Faites un don \u00e0 des organismes de bienfaisance humanitaires | CanadaHelps - Donate to any charity in Canada","robots":{"index":"index","follow":"follow","max-snippet":"max-snippet:-1","max-image-preview":"max-image-preview:large","max-video-preview":"max-video-preview:-1"},"canonical":"https:\/\/www.canadahelps.org\/fr\/faites-un-don-a-des-organismes-de-bienfaisance-humanitaires\/","og_locale":"fr_FR","og_type":"article","og_title":"Faites un don \u00e0 des organismes de bienfaisance humanitaires | CanadaHelps - Donate to any charity in Canada","og_url":"https:\/\/www.canadahelps.org\/fr\/faites-un-don-a-des-organismes-de-bienfaisance-humanitaires\/","og_site_name":"CanadaHelps - Donate to any charity in Canada","article_modified_time":"2023-08-14T14:56:53+00:00","og_image":[{"width":1200,"height":630,"url":"https:\/\/www.canadahelps.org\/media\/Humanitarianrelief_sharing.png","type":"image\/png"}],"twitter_card":"summary_large_image","twitter_image":"https:\/\/www.canadahelps.org\/media\/Humanitarianrelief_sharing.png","schema":{"@context":"https:\/\/schema.org","@graph":[{"@type":"WebPage","@id":"https:\/\/www.canadahelps.org\/fr\/faites-un-don-a-des-organismes-de-bienfaisance-humanitaires\/","url":"https:\/\/www.canadahelps.org\/fr\/faites-un-don-a-des-organismes-de-bienfaisance-humanitaires\/","name":"Faites un don \u00e0 des organismes de bienfaisance humanitaires | CanadaHelps - Donate to any charity in Canada","isPartOf":{"@id":"https:\/\/www.canadahelps.org\/fr\/#website"},"datePublished":"2021-08-13T19:35:51+00:00","dateModified":"2023-08-14T14:56:53+00:00","breadcrumb":{"@id":"https:\/\/www.canadahelps.org\/fr\/faites-un-don-a-des-organismes-de-bienfaisance-humanitaires\/#breadcrumb"},"inLanguage":"fr","potentialAction":[{"@type":"ReadAction","target":["https:\/\/www.canadahelps.org\/fr\/faites-un-don-a-des-organismes-de-bienfaisance-humanitaires\/"]}]},{"@type":"BreadcrumbList","@id":"https:\/\/www.canadahelps.org\/fr\/faites-un-don-a-des-organismes-de-bienfaisance-humanitaires\/#breadcrumb","itemListElement":[{"@type":"ListItem","position":1,"name":"Home","item":"https:\/\/www.canadahelps.org\/fr\/"},{"@type":"ListItem","position":2,"name":"Faites un don \u00e0 des organismes de bienfaisance humanitaires"}]},{"@type":"WebSite","@id":"https:\/\/www.canadahelps.org\/fr\/#website","url":"https:\/\/www.canadahelps.org\/fr\/","name":"CanadaHelps - Donate to any charity in Canada","description":"Giving Made Simple","publisher":{"@id":"https:\/\/www.canadahelps.org\/fr\/#organization"},"potentialAction":[{"@type":"SearchAction","target":{"@type":"EntryPoint","urlTemplate":"https:\/\/www.canadahelps.org\/fr\/?s={search_term_string}"},"query-input":{"@type":"PropertyValueSpecification","valueRequired":true,"valueName":"search_term_string"}}],"inLanguage":"fr"},{"@type":"Organization","@id":"https:\/\/www.canadahelps.org\/fr\/#organization","name":"CanadaHelps","url":"https:\/\/www.canadahelps.org\/fr\/","logo":{"@type":"ImageObject","inLanguage":"fr","@id":"https:\/\/www.canadahelps.org\/fr\/#\/schema\/logo\/image\/","url":"https:\/\/www.canadahelps.org\/media\/canadahelps-en.jpg","contentUrl":"https:\/\/www.canadahelps.org\/media\/canadahelps-en.jpg","width":131,"height":72,"caption":"CanadaHelps"},"image":{"@id":"https:\/\/www.canadahelps.org\/fr\/#\/schema\/logo\/image\/"}}]}},"_links":{"self":[{"href":"https:\/\/www.canadahelps.org\/fr\/wp-json\/wp\/v2\/pages\/46978","targetHints":{"allow":["GET"]}}],"collection":[{"href":"https:\/\/www.canadahelps.org\/fr\/wp-json\/wp\/v2\/pages"}],"about":[{"href":"https:\/\/www.canadahelps.org\/fr\/wp-json\/wp\/v2\/types\/page"}],"author":[{"embeddable":true,"href":"https:\/\/www.canadahelps.org\/fr\/wp-json\/wp\/v2\/users\/67"}],"replies":[{"embeddable":true,"href":"https:\/\/www.canadahelps.org\/fr\/wp-json\/wp\/v2\/comments?post=46978"}],"version-history":[{"count":11,"href":"https:\/\/www.canadahelps.org\/fr\/wp-json\/wp\/v2\/pages\/46978\/revisions"}],"predecessor-version":[{"id":49524,"href":"https:\/\/www.canadahelps.org\/fr\/wp-json\/wp\/v2\/pages\/46978\/revisions\/49524"}],"wp:attachment":[{"href":"https:\/\/www.canadahelps.org\/fr\/wp-json\/wp\/v2\/media?parent=46978"}],"curies":[{"name":"wp","href":"https:\/\/api.w.org\/{rel}","templated":true}]}}