{"id":47074,"date":"2022-08-30T16:42:55","date_gmt":"2022-08-30T20:42:55","guid":{"rendered":"https:\/\/www.canadahelps.org\/?page_id=47074"},"modified":"2022-12-28T15:20:07","modified_gmt":"2022-12-28T20:20:07","slug":"appel-durgence-les-inondations-au-pakistan","status":"publish","type":"page","link":"https:\/\/www.canadahelps.org\/fr\/appel-durgence-les-inondations-au-pakistan\/","title":{"rendered":"Appel d&#8217;urgence : Les inondations au Pakistan"},"content":{"rendered":"","protected":false},"excerpt":{"rendered":"","protected":false},"author":67,"featured_media":47078,"parent":0,"menu_order":0,"comment_status":"closed","ping_status":"closed","template":"template-merchandise-page.php","meta":{"footnotes":""},"class_list":["post-47074","page","type-page","status-publish","has-post-thumbnail","hentry"],"acf":{"meta_description":"","use_toc_layout":false,"additional_body_css_classes":"","hide_page_title":false,"row_settings":[{"row_header":"Envoyer des secours d'urgence aux victimes des inondations au Pakistan.","row_link_text":"","row_link_url":"","trigger_masonry_layout":true,"text_before_row":"","text_after_row":"<p>Sources:<\/p>\n<ol>\n<li>Reuters:\u00a0<a href=\"https:\/\/www.reuters.com\/world\/asia-pacific\/pakistan-floods-have-affected-over-30-million-people-climate-change-minister-2022-08-25\/\">Pakistan floods have affected over 30 million people: climate change minister<\/a><\/li>\n<li>BBC News:<a href=\"https:\/\/www.cnn.com\/2022\/08\/29\/asia\/pakistan-floods-rescue-devastation-intl-hnk\/index.html\">\u00a0Pakistan pleads for international help as parts of country \u2018resemble a small ocean\u2019<\/a><\/li>\n<li>Al Jazeera:\u00a0<a href=\"https:\/\/www.aljazeera.com\/news\/2022\/8\/29\/catastrophic-flooding-overwhelms-pakistan\">Millions in need of aid as \u2018unprecedented\u2019 floods hit Pakistan<\/a><\/li>\n<li>CNN:\u00a0<a href=\"https:\/\/www.cnn.com\/2022\/08\/29\/asia\/pakistan-flood-damage-imf-bailout-intl-hnk\/index.html\">Pakistan floods caused by \u2018monsoon on steroids,\u2019 says UN chief in urgent appeal<\/a><\/li>\n<\/ol>\n<p>&nbsp;<\/p>\n<p>Pour ajouter votre organisme de bienfaisance r\u00e9pondant \u00e0 la crise des inondations au Pakistan \u00e0 cette liste, veuillez envoyer un courriel \u00e0 <a href=\"mailto:marketing@canadahelps.org\">marketing@canadahelps.org<\/a><\/p>\n","text_after_row_header":"","card_settings":[{"card_name":"UNITED NATIONS HIGH COMISSIONER FOR REFUGEES CANADA","card_type":"campaign","id":"21914","display_categories":true,"display_image":true,"display_address":true,"display_summary":true,"display_campaign_types":true,"display_progress":true,"link_or_button":"button","card_link_text":"FAITES UN DON"},{"card_name":"CANADIAN RED CROSS","card_type":"campaign","id":"21929","display_categories":true,"display_image":true,"display_address":true,"display_summary":true,"display_campaign_types":true,"display_progress":true,"link_or_button":"button","card_link_text":"FAITES UN DON"},{"card_name":"Humanity & Inclusion Canada - Handicap International","card_type":"campaign","id":"21956","display_categories":true,"display_image":true,"display_address":true,"display_summary":true,"display_campaign_types":true,"display_progress":true,"link_or_button":"button","card_link_text":"FAITES UN DON"},{"card_name":"UNICEF Canada","card_type":"campaign","id":"21951","display_categories":true,"display_image":true,"display_address":true,"display_summary":true,"display_campaign_types":true,"display_progress":true,"link_or_button":"button","card_link_text":"FAITES UN DON"},{"card_name":"CARE Canada","card_type":"campaign","id":"21965","display_categories":true,"display_image":true,"display_address":true,"display_summary":true,"display_campaign_types":true,"display_progress":true,"link_or_button":"button","card_link_text":"FAITES UN DON"},{"card_name":"VETERINARIANS WITHOUT BORDERS \/ VETERINAIRES SANS FRONTIERES","card_type":"campaign","id":"21993","display_categories":true,"display_image":true,"display_address":true,"display_summary":true,"display_campaign_types":true,"display_progress":true,"link_or_button":"button","card_link_text":"FAITES UN DON"},{"card_name":"World Animal Protection","card_type":"campaign","id":"22034","display_categories":true,"display_image":true,"display_address":true,"display_summary":true,"display_campaign_types":true,"display_progress":true,"link_or_button":"button","card_link_text":"FAITES UN DON"}]}],"insert_spotlight_boxes":false,"use_biography_grid":false,"min_banner_height":"280","header_title":"<p>Envoyez une aide d&#8217;urgence pour appuyer les efforts de secours en cas d&#8217;inondation au Pakistan<\/p>\n<p>&nbsp;<\/p>\n","explanatory_text":"<p>Alors que des inondations meurtri\u00e8res continuent de frapper le Pakistan depuis la mi-juin, 33 millions de personnes ont \u00e9t\u00e9 d\u00e9plac\u00e9es, 495 000 maisons d\u00e9truites, 4 millions d&#8217;acres de cultures endommag\u00e9es et 800 000 t\u00eates de b\u00e9tail tu\u00e9es. Le Pakistan a connu des pr\u00e9cipitations pr\u00e8s de trois fois sup\u00e9rieures \u00e0 la quantit\u00e9 moyenne du pays au cours des 3 derniers mois seulement. Avec les inondations incessantes et les pr\u00e9cipitations qui n\u2019en finissent plus, on s\u2019attend \u00e0 une augmentation du nombre de vies touch\u00e9es par cette catastrophe climatique.<\/p>\n<p>Les enfants et les familles au Pakistan ont besoin de fournitures vitales, comme de la nourriture, des produits d\u2019hygi\u00e8ne, des tentes, des m\u00e9dicaments et de l\u2019eau potable. Dans un pays qui conna\u00eet d\u00e9j\u00e0 des p\u00e9nuries alimentaires (l&#8217;un des pires effets du changement climatique), les inondations ont aggrav\u00e9 une situation d\u00e9j\u00e0 grave. Un risque accru de maladies d\u00fb au manque d&#8217;installations d&#8217;hygi\u00e8ne et d&#8217;eau potable menace les r\u00e9gions les plus durement touch\u00e9es par les inondations.<\/p>\n<p>Sans soutien international, le Pakistan aura du mal \u00e0 surmonter cet \u00e9v\u00e9nement catastrophique. Contribuez \u00e0 envoyer une aide d&#8217;urgence aujourd&#8217;hui.<\/p>\n","button_text":"","button_link":""},"yoast_head":"<!-- This site is optimized with the Yoast SEO plugin v26.0 - https:\/\/yoast.com\/wordpress\/plugins\/seo\/ -->\n<title>Appel d&#039;urgence : Les inondations au Pakistan | CanadaHelps - Donate to any charity in Canada<\/title>\n<meta name=\"description\" content=\"Le Pakistan conna\u00eet une saison de la mousson meurtri\u00e8re avec des pr\u00e9cipitations et des inondations sans pr\u00e9c\u00e9dent. Aidez \u00e0 envoyer un soutien vital, y compris de la nourriture, de l&#039;eau, des tentes et bien plus encore.\" \/>\n<meta name=\"robots\" content=\"index, follow, max-snippet:-1, max-image-preview:large, max-video-preview:-1\" \/>\n<link rel=\"canonical\" href=\"https:\/\/www.canadahelps.org\/fr\/appel-durgence-les-inondations-au-pakistan\/\" \/>\n<meta property=\"og:locale\" content=\"fr_FR\" \/>\n<meta property=\"og:type\" content=\"article\" \/>\n<meta property=\"og:title\" content=\"Appel d&#039;urgence : Les inondations au Pakistan | CanadaHelps - Donate to any charity in Canada\" \/>\n<meta property=\"og:description\" content=\"Le Pakistan conna\u00eet une saison de la mousson meurtri\u00e8re avec des pr\u00e9cipitations et des inondations sans pr\u00e9c\u00e9dent. Aidez \u00e0 envoyer un soutien vital, y compris de la nourriture, de l&#039;eau, des tentes et bien plus encore.\" \/>\n<meta property=\"og:url\" content=\"https:\/\/www.canadahelps.org\/fr\/appel-durgence-les-inondations-au-pakistan\/\" \/>\n<meta property=\"og:site_name\" content=\"CanadaHelps - Donate to any charity in Canada\" \/>\n<meta property=\"article:modified_time\" content=\"2022-12-28T20:20:07+00:00\" \/>\n<meta property=\"og:image\" content=\"https:\/\/www.canadahelps.org\/media\/Rotator-Pakistan-FR.jpg\" \/>\n\t<meta property=\"og:image:width\" content=\"886\" \/>\n\t<meta property=\"og:image:height\" content=\"584\" \/>\n\t<meta property=\"og:image:type\" content=\"image\/jpeg\" \/>\n<meta name=\"twitter:card\" content=\"summary_large_image\" \/>\n<meta name=\"twitter:image\" content=\"https:\/\/www.canadahelps.org\/media\/Rotator-Pakistan-EN-1.jpg\" \/>\n<script type=\"application\/ld+json\" class=\"yoast-schema-graph\">{\"@context\":\"https:\/\/schema.org\",\"@graph\":[{\"@type\":\"WebPage\",\"@id\":\"https:\/\/www.canadahelps.org\/fr\/appel-durgence-les-inondations-au-pakistan\/\",\"url\":\"https:\/\/www.canadahelps.org\/fr\/appel-durgence-les-inondations-au-pakistan\/\",\"name\":\"Appel d'urgence : Les inondations au Pakistan | CanadaHelps - Donate to any charity in Canada\",\"isPartOf\":{\"@id\":\"https:\/\/www.canadahelps.org\/fr\/#website\"},\"primaryImageOfPage\":{\"@id\":\"https:\/\/www.canadahelps.org\/fr\/appel-durgence-les-inondations-au-pakistan\/#primaryimage\"},\"image\":{\"@id\":\"https:\/\/www.canadahelps.org\/fr\/appel-durgence-les-inondations-au-pakistan\/#primaryimage\"},\"thumbnailUrl\":\"https:\/\/www.canadahelps.org\/media\/Rotator-Pakistan-FR.jpg\",\"datePublished\":\"2022-08-30T20:42:55+00:00\",\"dateModified\":\"2022-12-28T20:20:07+00:00\",\"description\":\"Le Pakistan conna\u00eet une saison de la mousson meurtri\u00e8re avec des pr\u00e9cipitations et des inondations sans pr\u00e9c\u00e9dent. Aidez \u00e0 envoyer un soutien vital, y compris de la nourriture, de l'eau, des tentes et bien plus encore.\",\"breadcrumb\":{\"@id\":\"https:\/\/www.canadahelps.org\/fr\/appel-durgence-les-inondations-au-pakistan\/#breadcrumb\"},\"inLanguage\":\"fr\",\"potentialAction\":[{\"@type\":\"ReadAction\",\"target\":[\"https:\/\/www.canadahelps.org\/fr\/appel-durgence-les-inondations-au-pakistan\/\"]}]},{\"@type\":\"ImageObject\",\"inLanguage\":\"fr\",\"@id\":\"https:\/\/www.canadahelps.org\/fr\/appel-durgence-les-inondations-au-pakistan\/#primaryimage\",\"url\":\"https:\/\/www.canadahelps.org\/media\/Rotator-Pakistan-FR.jpg\",\"contentUrl\":\"https:\/\/www.canadahelps.org\/media\/Rotator-Pakistan-FR.jpg\",\"width\":886,\"height\":584,\"caption\":\"Donate to Pakistan flood victims\"},{\"@type\":\"BreadcrumbList\",\"@id\":\"https:\/\/www.canadahelps.org\/fr\/appel-durgence-les-inondations-au-pakistan\/#breadcrumb\",\"itemListElement\":[{\"@type\":\"ListItem\",\"position\":1,\"name\":\"Home\",\"item\":\"https:\/\/www.canadahelps.org\/fr\/\"},{\"@type\":\"ListItem\",\"position\":2,\"name\":\"Appel d&#8217;urgence : Les inondations au Pakistan\"}]},{\"@type\":\"WebSite\",\"@id\":\"https:\/\/www.canadahelps.org\/fr\/#website\",\"url\":\"https:\/\/www.canadahelps.org\/fr\/\",\"name\":\"CanadaHelps - Donate to any charity in Canada\",\"description\":\"Giving Made Simple\",\"publisher\":{\"@id\":\"https:\/\/www.canadahelps.org\/fr\/#organization\"},\"potentialAction\":[{\"@type\":\"SearchAction\",\"target\":{\"@type\":\"EntryPoint\",\"urlTemplate\":\"https:\/\/www.canadahelps.org\/fr\/?s={search_term_string}\"},\"query-input\":{\"@type\":\"PropertyValueSpecification\",\"valueRequired\":true,\"valueName\":\"search_term_string\"}}],\"inLanguage\":\"fr\"},{\"@type\":\"Organization\",\"@id\":\"https:\/\/www.canadahelps.org\/fr\/#organization\",\"name\":\"CanadaHelps\",\"url\":\"https:\/\/www.canadahelps.org\/fr\/\",\"logo\":{\"@type\":\"ImageObject\",\"inLanguage\":\"fr\",\"@id\":\"https:\/\/www.canadahelps.org\/fr\/#\/schema\/logo\/image\/\",\"url\":\"https:\/\/www.canadahelps.org\/media\/canadahelps-en.jpg\",\"contentUrl\":\"https:\/\/www.canadahelps.org\/media\/canadahelps-en.jpg\",\"width\":131,\"height\":72,\"caption\":\"CanadaHelps\"},\"image\":{\"@id\":\"https:\/\/www.canadahelps.org\/fr\/#\/schema\/logo\/image\/\"}}]}<\/script>\n<!-- \/ Yoast SEO plugin. -->","yoast_head_json":{"title":"Appel d'urgence : Les inondations au Pakistan | CanadaHelps - Donate to any charity in Canada","description":"Le Pakistan conna\u00eet une saison de la mousson meurtri\u00e8re avec des pr\u00e9cipitations et des inondations sans pr\u00e9c\u00e9dent. Aidez \u00e0 envoyer un soutien vital, y compris de la nourriture, de l'eau, des tentes et bien plus encore.","robots":{"index":"index","follow":"follow","max-snippet":"max-snippet:-1","max-image-preview":"max-image-preview:large","max-video-preview":"max-video-preview:-1"},"canonical":"https:\/\/www.canadahelps.org\/fr\/appel-durgence-les-inondations-au-pakistan\/","og_locale":"fr_FR","og_type":"article","og_title":"Appel d'urgence : Les inondations au Pakistan | CanadaHelps - Donate to any charity in Canada","og_description":"Le Pakistan conna\u00eet une saison de la mousson meurtri\u00e8re avec des pr\u00e9cipitations et des inondations sans pr\u00e9c\u00e9dent. Aidez \u00e0 envoyer un soutien vital, y compris de la nourriture, de l'eau, des tentes et bien plus encore.","og_url":"https:\/\/www.canadahelps.org\/fr\/appel-durgence-les-inondations-au-pakistan\/","og_site_name":"CanadaHelps - Donate to any charity in Canada","article_modified_time":"2022-12-28T20:20:07+00:00","og_image":[{"width":886,"height":584,"url":"https:\/\/www.canadahelps.org\/media\/Rotator-Pakistan-FR.jpg","type":"image\/jpeg"}],"twitter_card":"summary_large_image","twitter_image":"https:\/\/www.canadahelps.org\/media\/Rotator-Pakistan-EN-1.jpg","schema":{"@context":"https:\/\/schema.org","@graph":[{"@type":"WebPage","@id":"https:\/\/www.canadahelps.org\/fr\/appel-durgence-les-inondations-au-pakistan\/","url":"https:\/\/www.canadahelps.org\/fr\/appel-durgence-les-inondations-au-pakistan\/","name":"Appel d'urgence : Les inondations au Pakistan | CanadaHelps - Donate to any charity in Canada","isPartOf":{"@id":"https:\/\/www.canadahelps.org\/fr\/#website"},"primaryImageOfPage":{"@id":"https:\/\/www.canadahelps.org\/fr\/appel-durgence-les-inondations-au-pakistan\/#primaryimage"},"image":{"@id":"https:\/\/www.canadahelps.org\/fr\/appel-durgence-les-inondations-au-pakistan\/#primaryimage"},"thumbnailUrl":"https:\/\/www.canadahelps.org\/media\/Rotator-Pakistan-FR.jpg","datePublished":"2022-08-30T20:42:55+00:00","dateModified":"2022-12-28T20:20:07+00:00","description":"Le Pakistan conna\u00eet une saison de la mousson meurtri\u00e8re avec des pr\u00e9cipitations et des inondations sans pr\u00e9c\u00e9dent. Aidez \u00e0 envoyer un soutien vital, y compris de la nourriture, de l'eau, des tentes et bien plus encore.","breadcrumb":{"@id":"https:\/\/www.canadahelps.org\/fr\/appel-durgence-les-inondations-au-pakistan\/#breadcrumb"},"inLanguage":"fr","potentialAction":[{"@type":"ReadAction","target":["https:\/\/www.canadahelps.org\/fr\/appel-durgence-les-inondations-au-pakistan\/"]}]},{"@type":"ImageObject","inLanguage":"fr","@id":"https:\/\/www.canadahelps.org\/fr\/appel-durgence-les-inondations-au-pakistan\/#primaryimage","url":"https:\/\/www.canadahelps.org\/media\/Rotator-Pakistan-FR.jpg","contentUrl":"https:\/\/www.canadahelps.org\/media\/Rotator-Pakistan-FR.jpg","width":886,"height":584,"caption":"Donate to Pakistan flood victims"},{"@type":"BreadcrumbList","@id":"https:\/\/www.canadahelps.org\/fr\/appel-durgence-les-inondations-au-pakistan\/#breadcrumb","itemListElement":[{"@type":"ListItem","position":1,"name":"Home","item":"https:\/\/www.canadahelps.org\/fr\/"},{"@type":"ListItem","position":2,"name":"Appel d&#8217;urgence : Les inondations au Pakistan"}]},{"@type":"WebSite","@id":"https:\/\/www.canadahelps.org\/fr\/#website","url":"https:\/\/www.canadahelps.org\/fr\/","name":"CanadaHelps - Donate to any charity in Canada","description":"Giving Made Simple","publisher":{"@id":"https:\/\/www.canadahelps.org\/fr\/#organization"},"potentialAction":[{"@type":"SearchAction","target":{"@type":"EntryPoint","urlTemplate":"https:\/\/www.canadahelps.org\/fr\/?s={search_term_string}"},"query-input":{"@type":"PropertyValueSpecification","valueRequired":true,"valueName":"search_term_string"}}],"inLanguage":"fr"},{"@type":"Organization","@id":"https:\/\/www.canadahelps.org\/fr\/#organization","name":"CanadaHelps","url":"https:\/\/www.canadahelps.org\/fr\/","logo":{"@type":"ImageObject","inLanguage":"fr","@id":"https:\/\/www.canadahelps.org\/fr\/#\/schema\/logo\/image\/","url":"https:\/\/www.canadahelps.org\/media\/canadahelps-en.jpg","contentUrl":"https:\/\/www.canadahelps.org\/media\/canadahelps-en.jpg","width":131,"height":72,"caption":"CanadaHelps"},"image":{"@id":"https:\/\/www.canadahelps.org\/fr\/#\/schema\/logo\/image\/"}}]}},"_links":{"self":[{"href":"https:\/\/www.canadahelps.org\/fr\/wp-json\/wp\/v2\/pages\/47074","targetHints":{"allow":["GET"]}}],"collection":[{"href":"https:\/\/www.canadahelps.org\/fr\/wp-json\/wp\/v2\/pages"}],"about":[{"href":"https:\/\/www.canadahelps.org\/fr\/wp-json\/wp\/v2\/types\/page"}],"author":[{"embeddable":true,"href":"https:\/\/www.canadahelps.org\/fr\/wp-json\/wp\/v2\/users\/67"}],"replies":[{"embeddable":true,"href":"https:\/\/www.canadahelps.org\/fr\/wp-json\/wp\/v2\/comments?post=47074"}],"version-history":[{"count":16,"href":"https:\/\/www.canadahelps.org\/fr\/wp-json\/wp\/v2\/pages\/47074\/revisions"}],"predecessor-version":[{"id":48106,"href":"https:\/\/www.canadahelps.org\/fr\/wp-json\/wp\/v2\/pages\/47074\/revisions\/48106"}],"wp:featuredmedia":[{"embeddable":true,"href":"https:\/\/www.canadahelps.org\/fr\/wp-json\/wp\/v2\/media\/47078"}],"wp:attachment":[{"href":"https:\/\/www.canadahelps.org\/fr\/wp-json\/wp\/v2\/media?parent=47074"}],"curies":[{"name":"wp","href":"https:\/\/api.w.org\/{rel}","templated":true}]}}