{"id":47419,"date":"2022-10-20T14:02:02","date_gmt":"2022-10-20T18:02:02","guid":{"rendered":"https:\/\/www.canadahelps.org\/?page_id=47419"},"modified":"2023-10-04T10:32:37","modified_gmt":"2023-10-04T14:32:37","slug":"mardi-je-donne-2023-jumelage-doffre-d1","status":"publish","type":"page","link":"https:\/\/www.canadahelps.org\/fr\/mardi-je-donne-2023-jumelage-doffre-d1\/","title":{"rendered":"Mardi je donne 2023, jumelage d&#8217;offre d&#8217;1%"},"content":{"rendered":"<p>*Mardi je donne 2023 Extra 1 %. Offre valable pour les dons \u00e0 compter du mardi 28 novembre 2023 \u00e0 5 h 01, heure normale de l\u2019Est (HNE) jusqu\u2019au 28 novembre 2023 \u00e0 23 h 59, heure normale du Pacifique (HNP). CanaDon fera un don suppl\u00e9mentaire de 1 % pour chaque don, jusqu\u2019\u00e0 un montant agr\u00e9g\u00e9 maximum de 25 000 $ CA. Les donateurs recevront un re\u00e7u fiscal pour la valeur de leur don vers\u00e9 par l\u2019entremise de CanaDon. L\u2019offre est valable pour les dons uniques et les nouveaux dons mensuels effectu\u00e9s par l\u2019entremise de CanadaHelps.org ou UniteforChange.com, y compris pour les \u00ab fonds pour une cause \u00bb, les dons vers\u00e9s aux organismes de bienfaisance sur CanadaHelps.org, les formulaires de don personnalis\u00e9s sur les sites Web des partenaires caritatifs, les collectes de fonds entre pairs, les \u00e9v\u00e9nements payants et les dons en crypto-monnaie. La promotion exclut les dons API, les dons de titres, les dons faits directement \u00e0 CanaDon et l\u2019achat et l\u2019\u00e9change de cartes-cadeaux de bienfaisance. Jusqu\u2019\u00e0 \u00e9puisement des stocks. CanaDon se r\u00e9serve le droit de mettre fin \u00e0 la promotion \u00e0 tout moment.<\/p>\n","protected":false},"excerpt":{"rendered":"<p>*Mardi je donne 2023 Extra 1 %. Offre valable pour les dons \u00e0 compter du mardi 28 novembre 2023 \u00e0 5 h 01, heure normale &#8230; <a href=\"https:\/\/www.canadahelps.org\/fr\/mardi-je-donne-2023-jumelage-doffre-d1\/\" id=\"canadahelp-blog-meta\">Voir plus<\/a><\/p>\n","protected":false},"author":7,"featured_media":0,"parent":0,"menu_order":0,"comment_status":"closed","ping_status":"closed","template":"template-custom.php","meta":{"footnotes":""},"class_list":["post-47419","page","type-page","status-publish","hentry"],"acf":{"meta_description":"","use_toc_layout":false,"additional_body_css_classes":"","hide_page_title":false,"row_settings":false,"insert_spotlight_boxes":false,"use_biography_grid":false,"footer_panels":false,"header_banner_colour":"#c80042"},"yoast_head":"<!-- This site is optimized with the Yoast SEO plugin v26.0 - https:\/\/yoast.com\/wordpress\/plugins\/seo\/ -->\n<title>Mardi je donne 2023, jumelage d&#039;offre d&#039;1% | CanadaHelps - Donate to any charity in Canada<\/title>\n<meta name=\"robots\" content=\"index, follow, max-snippet:-1, max-image-preview:large, max-video-preview:-1\" \/>\n<link rel=\"canonical\" href=\"https:\/\/www.canadahelps.org\/fr\/mardi-je-donne-2023-jumelage-doffre-d1\/\" \/>\n<meta property=\"og:locale\" content=\"fr_FR\" \/>\n<meta property=\"og:type\" content=\"article\" \/>\n<meta property=\"og:title\" content=\"Mardi je donne 2023, jumelage d&#039;offre d&#039;1% | CanadaHelps - Donate to any charity in Canada\" \/>\n<meta property=\"og:description\" content=\"*Mardi je donne 2023 Extra 1 %. Offre valable pour les dons \u00e0 compter du mardi 28 novembre 2023 \u00e0 5 h 01, heure normale ... Voir plus\" \/>\n<meta property=\"og:url\" content=\"https:\/\/www.canadahelps.org\/fr\/mardi-je-donne-2023-jumelage-doffre-d1\/\" \/>\n<meta property=\"og:site_name\" content=\"CanadaHelps - Donate to any charity in Canada\" \/>\n<meta property=\"article:modified_time\" content=\"2023-10-04T14:32:37+00:00\" \/>\n<meta name=\"twitter:card\" content=\"summary_large_image\" \/>\n<meta name=\"twitter:label1\" content=\"Est. reading time\" \/>\n\t<meta name=\"twitter:data1\" content=\"1 minute\" \/>\n<script type=\"application\/ld+json\" class=\"yoast-schema-graph\">{\"@context\":\"https:\/\/schema.org\",\"@graph\":[{\"@type\":\"WebPage\",\"@id\":\"https:\/\/www.canadahelps.org\/fr\/mardi-je-donne-2023-jumelage-doffre-d1\/\",\"url\":\"https:\/\/www.canadahelps.org\/fr\/mardi-je-donne-2023-jumelage-doffre-d1\/\",\"name\":\"Mardi je donne 2023, jumelage d'offre d'1% | CanadaHelps - Donate to any charity in Canada\",\"isPartOf\":{\"@id\":\"https:\/\/www.canadahelps.org\/fr\/#website\"},\"datePublished\":\"2022-10-20T18:02:02+00:00\",\"dateModified\":\"2023-10-04T14:32:37+00:00\",\"breadcrumb\":{\"@id\":\"https:\/\/www.canadahelps.org\/fr\/mardi-je-donne-2023-jumelage-doffre-d1\/#breadcrumb\"},\"inLanguage\":\"fr\",\"potentialAction\":[{\"@type\":\"ReadAction\",\"target\":[\"https:\/\/www.canadahelps.org\/fr\/mardi-je-donne-2023-jumelage-doffre-d1\/\"]}]},{\"@type\":\"BreadcrumbList\",\"@id\":\"https:\/\/www.canadahelps.org\/fr\/mardi-je-donne-2023-jumelage-doffre-d1\/#breadcrumb\",\"itemListElement\":[{\"@type\":\"ListItem\",\"position\":1,\"name\":\"Home\",\"item\":\"https:\/\/www.canadahelps.org\/fr\/\"},{\"@type\":\"ListItem\",\"position\":2,\"name\":\"Mardi je donne 2023, jumelage d&#8217;offre d&#8217;1%\"}]},{\"@type\":\"WebSite\",\"@id\":\"https:\/\/www.canadahelps.org\/fr\/#website\",\"url\":\"https:\/\/www.canadahelps.org\/fr\/\",\"name\":\"CanadaHelps - Donate to any charity in Canada\",\"description\":\"Giving Made Simple\",\"publisher\":{\"@id\":\"https:\/\/www.canadahelps.org\/fr\/#organization\"},\"potentialAction\":[{\"@type\":\"SearchAction\",\"target\":{\"@type\":\"EntryPoint\",\"urlTemplate\":\"https:\/\/www.canadahelps.org\/fr\/?s={search_term_string}\"},\"query-input\":{\"@type\":\"PropertyValueSpecification\",\"valueRequired\":true,\"valueName\":\"search_term_string\"}}],\"inLanguage\":\"fr\"},{\"@type\":\"Organization\",\"@id\":\"https:\/\/www.canadahelps.org\/fr\/#organization\",\"name\":\"CanadaHelps\",\"url\":\"https:\/\/www.canadahelps.org\/fr\/\",\"logo\":{\"@type\":\"ImageObject\",\"inLanguage\":\"fr\",\"@id\":\"https:\/\/www.canadahelps.org\/fr\/#\/schema\/logo\/image\/\",\"url\":\"https:\/\/www.canadahelps.org\/media\/canadahelps-en.jpg\",\"contentUrl\":\"https:\/\/www.canadahelps.org\/media\/canadahelps-en.jpg\",\"width\":131,\"height\":72,\"caption\":\"CanadaHelps\"},\"image\":{\"@id\":\"https:\/\/www.canadahelps.org\/fr\/#\/schema\/logo\/image\/\"}}]}<\/script>\n<!-- \/ Yoast SEO plugin. -->","yoast_head_json":{"title":"Mardi je donne 2023, jumelage d'offre d'1% | CanadaHelps - Donate to any charity in Canada","robots":{"index":"index","follow":"follow","max-snippet":"max-snippet:-1","max-image-preview":"max-image-preview:large","max-video-preview":"max-video-preview:-1"},"canonical":"https:\/\/www.canadahelps.org\/fr\/mardi-je-donne-2023-jumelage-doffre-d1\/","og_locale":"fr_FR","og_type":"article","og_title":"Mardi je donne 2023, jumelage d'offre d'1% | CanadaHelps - Donate to any charity in Canada","og_description":"*Mardi je donne 2023 Extra 1 %. Offre valable pour les dons \u00e0 compter du mardi 28 novembre 2023 \u00e0 5 h 01, heure normale ... Voir plus","og_url":"https:\/\/www.canadahelps.org\/fr\/mardi-je-donne-2023-jumelage-doffre-d1\/","og_site_name":"CanadaHelps - Donate to any charity in Canada","article_modified_time":"2023-10-04T14:32:37+00:00","twitter_card":"summary_large_image","twitter_misc":{"Est. reading time":"1 minute"},"schema":{"@context":"https:\/\/schema.org","@graph":[{"@type":"WebPage","@id":"https:\/\/www.canadahelps.org\/fr\/mardi-je-donne-2023-jumelage-doffre-d1\/","url":"https:\/\/www.canadahelps.org\/fr\/mardi-je-donne-2023-jumelage-doffre-d1\/","name":"Mardi je donne 2023, jumelage d'offre d'1% | CanadaHelps - Donate to any charity in Canada","isPartOf":{"@id":"https:\/\/www.canadahelps.org\/fr\/#website"},"datePublished":"2022-10-20T18:02:02+00:00","dateModified":"2023-10-04T14:32:37+00:00","breadcrumb":{"@id":"https:\/\/www.canadahelps.org\/fr\/mardi-je-donne-2023-jumelage-doffre-d1\/#breadcrumb"},"inLanguage":"fr","potentialAction":[{"@type":"ReadAction","target":["https:\/\/www.canadahelps.org\/fr\/mardi-je-donne-2023-jumelage-doffre-d1\/"]}]},{"@type":"BreadcrumbList","@id":"https:\/\/www.canadahelps.org\/fr\/mardi-je-donne-2023-jumelage-doffre-d1\/#breadcrumb","itemListElement":[{"@type":"ListItem","position":1,"name":"Home","item":"https:\/\/www.canadahelps.org\/fr\/"},{"@type":"ListItem","position":2,"name":"Mardi je donne 2023, jumelage d&#8217;offre d&#8217;1%"}]},{"@type":"WebSite","@id":"https:\/\/www.canadahelps.org\/fr\/#website","url":"https:\/\/www.canadahelps.org\/fr\/","name":"CanadaHelps - Donate to any charity in Canada","description":"Giving Made Simple","publisher":{"@id":"https:\/\/www.canadahelps.org\/fr\/#organization"},"potentialAction":[{"@type":"SearchAction","target":{"@type":"EntryPoint","urlTemplate":"https:\/\/www.canadahelps.org\/fr\/?s={search_term_string}"},"query-input":{"@type":"PropertyValueSpecification","valueRequired":true,"valueName":"search_term_string"}}],"inLanguage":"fr"},{"@type":"Organization","@id":"https:\/\/www.canadahelps.org\/fr\/#organization","name":"CanadaHelps","url":"https:\/\/www.canadahelps.org\/fr\/","logo":{"@type":"ImageObject","inLanguage":"fr","@id":"https:\/\/www.canadahelps.org\/fr\/#\/schema\/logo\/image\/","url":"https:\/\/www.canadahelps.org\/media\/canadahelps-en.jpg","contentUrl":"https:\/\/www.canadahelps.org\/media\/canadahelps-en.jpg","width":131,"height":72,"caption":"CanadaHelps"},"image":{"@id":"https:\/\/www.canadahelps.org\/fr\/#\/schema\/logo\/image\/"}}]}},"_links":{"self":[{"href":"https:\/\/www.canadahelps.org\/fr\/wp-json\/wp\/v2\/pages\/47419","targetHints":{"allow":["GET"]}}],"collection":[{"href":"https:\/\/www.canadahelps.org\/fr\/wp-json\/wp\/v2\/pages"}],"about":[{"href":"https:\/\/www.canadahelps.org\/fr\/wp-json\/wp\/v2\/types\/page"}],"author":[{"embeddable":true,"href":"https:\/\/www.canadahelps.org\/fr\/wp-json\/wp\/v2\/users\/7"}],"replies":[{"embeddable":true,"href":"https:\/\/www.canadahelps.org\/fr\/wp-json\/wp\/v2\/comments?post=47419"}],"version-history":[{"count":5,"href":"https:\/\/www.canadahelps.org\/fr\/wp-json\/wp\/v2\/pages\/47419\/revisions"}],"predecessor-version":[{"id":50247,"href":"https:\/\/www.canadahelps.org\/fr\/wp-json\/wp\/v2\/pages\/47419\/revisions\/50247"}],"wp:attachment":[{"href":"https:\/\/www.canadahelps.org\/fr\/wp-json\/wp\/v2\/media?parent=47419"}],"curies":[{"name":"wp","href":"https:\/\/api.w.org\/{rel}","templated":true}]}}