{"id":49345,"date":"2023-06-12T10:01:06","date_gmt":"2023-06-12T14:01:06","guid":{"rendered":"https:\/\/www.canadahelps.org\/?page_id=49345"},"modified":"2023-06-13T15:29:22","modified_gmt":"2023-06-13T19:29:22","slug":"faites-un-don-pour-la-crise-des-incendies-de-foret-quebec-2023","status":"publish","type":"page","link":"https:\/\/www.canadahelps.org\/fr\/faites-un-don-pour-la-crise-des-incendies-de-foret-quebec-2023\/","title":{"rendered":"Soutenez les efforts de secours contre les incendies de for\u00eat au Qu\u00e9bec"},"content":{"rendered":"<p><a class=\"btn btn--large btn--primary\" href=\"https:\/\/www.canadahelps.org\/en\/nova-scotia-wildfires-2023-crisis-relief-form\/\" target=\"_blank\" rel=\"noopener\">Pour ajouter votre organisme de bienfaisance \u00e0 la liste, cliquez ici<\/a><\/p>\n<p><span style=\"font-weight: 400;\">R\u00e9f\u00e9rences<\/span><\/p>\n<ol>\n<li style=\"font-weight: 400;\" aria-level=\"1\"><a href=\"https:\/\/www.pbs.org\/newshour\/world\/canadian-province-of-quebec-looks-for-international-support-to-fight-over-160-wildfires#:~:text=More%20than%20160%20fires%20have,that%20are%20out%20of%20control.\"><span style=\"font-weight: 400;\">Number of wildfires, hectares of wildfires &#8211; PBS<\/span><\/a><\/li>\n<li style=\"font-weight: 400;\" aria-level=\"1\"><a href=\"https:\/\/montreal.ctvnews.ca\/more-evacuations-in-quebec-as-record-breaking-fires-continue-to-burn-1.6431211\"><span style=\"font-weight: 400;\">Number of evacuees &#8211; CTV News, Montreal<\/span><\/a><\/li>\n<li style=\"font-weight: 400;\" aria-level=\"1\"><a href=\"https:\/\/www.cbsnews.com\/news\/how-did-the-wildfires-in-canada-start-cause-nova-scotia-quebec\/\"><span style=\"font-weight: 400;\">Climate change and wildfires &#8211; CBS News<\/span><\/a><\/li>\n<\/ol>\n","protected":false},"excerpt":{"rendered":"<p>Pour ajouter votre organisme de bienfaisance \u00e0 la liste, cliquez ici R\u00e9f\u00e9rences Number of wildfires, hectares of wildfires &#8211; PBS Number of evacuees &#8211; CTV &#8230; <a href=\"https:\/\/www.canadahelps.org\/fr\/faites-un-don-pour-la-crise-des-incendies-de-foret-quebec-2023\/\" id=\"canadahelp-blog-meta\">Voir plus<\/a><\/p>\n","protected":false},"author":7,"featured_media":0,"parent":0,"menu_order":0,"comment_status":"closed","ping_status":"closed","template":"template-merchandise-page.php","meta":{"footnotes":""},"class_list":["post-49345","page","type-page","status-publish","hentry"],"acf":{"meta_description":"Soutenez les efforts de secours contre les incendies de for\u00eat au Qu\u00e9bec","use_toc_layout":false,"additional_body_css_classes":"","hide_page_title":false,"row_settings":[{"row_header":"Des mesures d\u2019urgence sont essentielles contre les feux de for\u00eat qui s\u00e9vissent au Qu\u00e9bec. Offrez une aide et des ressources d\u2019urgence aux Canadiens qui ont \u00e9t\u00e9 touch\u00e9s aujourd\u2019hui.","row_link_text":"","row_link_url":"","trigger_masonry_layout":true,"text_before_row":"","text_after_row":"","text_after_row_header":"<p>Faites un don maintenant et aidez les organismes de bienfaisance \u00e0 fournir des produits de premi\u00e8re n\u00e9cessit\u00e9 aux \u00e9vacu\u00e9s de la crise des incendies de for\u00eat au Qu\u00e9bec, notamment des abris d\u2019urgence, de la nourriture, des v\u00eatements et des services de soins aux animaux.<\/p>\n","card_settings":[{"card_name":"GLOBALFIRE","card_type":"campaign","id":"23780","display_categories":true,"display_image":true,"display_address":true,"display_summary":true,"display_campaign_types":true,"display_progress":true,"link_or_button":"button","card_link_text":"DONATE NOW"},{"card_name":"GLOBALMEDIC","card_type":"campaign","id":"23778","display_categories":true,"display_image":true,"display_address":true,"display_summary":true,"display_campaign_types":true,"display_progress":true,"link_or_button":"button","card_link_text":"DONATE NOW"}]}],"insert_spotlight_boxes":false,"use_biography_grid":false,"min_banner_height":"280","header_title":"<p><span style=\"font-weight: 400;\">Envoyez une aide d\u2019urgence aux efforts de secours contre les incendies de for\u00eat au Qu\u00e9bec<\/p>\n","explanatory_text":"<p><span style=\"font-weight: 400;\">Des temp\u00e9ratures record ont entra\u00een\u00e9 la pire saison des incendies de for\u00eat au Canada \u00e0 ce jour. On d\u00e9nombre actuellement 160 incendies au Qu\u00e9bec, dont 114 sont consid\u00e9r\u00e9s comme \u00ab hors de contr\u00f4le \u00bb. Plus de 173\u2009000 hectares ont br\u00fbl\u00e9 dans la \u00ab zone de protection intensive contre les incendies \u00bb du Qu\u00e9bec cette ann\u00e9e seulement. En date de mardi 6 juin, 11\u2009400 personnes ont \u00e9t\u00e9 contraintes de quitter leur domicile en raison d\u2019incendies de for\u00eat impr\u00e9visibles dans la r\u00e9gion. Les r\u00e9sidents ont d\u00e9sesp\u00e9r\u00e9ment besoin d\u2019un abri et de soins d\u2019urgence. Faites un don aux Canadiens du Qu\u00e9bec touch\u00e9s par la crise des feux de for\u00eat aujourd\u2019hui.<\/span><\/p>\n<p><span style=\"font-weight: 400;\">Vos dons seront vers\u00e9s \u00e0 des organismes de bienfaisance offrant aux Canadiens du Qu\u00e9bec un h\u00e9bergement, des soins d\u2019urgence, des services de soins aux animaux, de la nourriture et des v\u00eatements. Beaucoup ont \u00e9t\u00e9 d\u00e9plac\u00e9s de leurs foyers et ont besoin de votre aide. Faites un don d\u00e8s aujourd\u2019hui.<\/span><\/p>\n","button_text":"","button_link":""},"yoast_head":"<!-- This site is optimized with the Yoast SEO plugin v26.0 - https:\/\/yoast.com\/wordpress\/plugins\/seo\/ -->\n<title>Soutenez les efforts de secours contre les incendies de for\u00eat au Qu\u00e9be<\/title>\n<meta name=\"description\" content=\"Faites un don aujourd&#039;hui et aidez \u00e0 fournir des ressources aux personnes qui ont \u00e9t\u00e9 touch\u00e9es par la crise des incendies de for\u00eat au Qu\u00e9bec, Canad\" \/>\n<meta name=\"robots\" content=\"index, follow, max-snippet:-1, max-image-preview:large, max-video-preview:-1\" \/>\n<link rel=\"canonical\" href=\"https:\/\/www.canadahelps.org\/fr\/faites-un-don-pour-la-crise-des-incendies-de-foret-quebec-2023\/\" \/>\n<meta property=\"og:locale\" content=\"fr_FR\" \/>\n<meta property=\"og:type\" content=\"article\" \/>\n<meta property=\"og:title\" content=\"Soutenez les efforts de secours contre les incendies de for\u00eat au Qu\u00e9be\" \/>\n<meta property=\"og:description\" content=\"Faites un don aujourd&#039;hui et aidez \u00e0 fournir des ressources aux personnes qui ont \u00e9t\u00e9 touch\u00e9es par la crise des incendies de for\u00eat au Qu\u00e9bec, Canad\" \/>\n<meta property=\"og:url\" content=\"https:\/\/www.canadahelps.org\/fr\/faites-un-don-pour-la-crise-des-incendies-de-foret-quebec-2023\/\" \/>\n<meta property=\"og:site_name\" content=\"CanaDon - Faites des dons \u00e0 un organisme de bienfaisance au Canada\" \/>\n<meta property=\"article:modified_time\" content=\"2023-06-13T19:29:22+00:00\" \/>\n<meta name=\"twitter:card\" content=\"summary_large_image\" \/>\n<meta name=\"twitter:label1\" content=\"Est. reading time\" \/>\n\t<meta name=\"twitter:data1\" content=\"1 minute\" \/>\n<script type=\"application\/ld+json\" class=\"yoast-schema-graph\">{\"@context\":\"https:\/\/schema.org\",\"@graph\":[{\"@type\":\"WebPage\",\"@id\":\"https:\/\/www.canadahelps.org\/fr\/faites-un-don-pour-la-crise-des-incendies-de-foret-quebec-2023\/\",\"url\":\"https:\/\/www.canadahelps.org\/fr\/faites-un-don-pour-la-crise-des-incendies-de-foret-quebec-2023\/\",\"name\":\"Soutenez les efforts de secours contre les incendies de for\u00eat au Qu\u00e9be\",\"isPartOf\":{\"@id\":\"https:\/\/www.canadahelps.org\/fr\/#website\"},\"datePublished\":\"2023-06-12T14:01:06+00:00\",\"dateModified\":\"2023-06-13T19:29:22+00:00\",\"description\":\"Faites un don aujourd'hui et aidez \u00e0 fournir des ressources aux personnes qui ont \u00e9t\u00e9 touch\u00e9es par la crise des incendies de for\u00eat au Qu\u00e9bec, Canad\",\"breadcrumb\":{\"@id\":\"https:\/\/www.canadahelps.org\/fr\/faites-un-don-pour-la-crise-des-incendies-de-foret-quebec-2023\/#breadcrumb\"},\"inLanguage\":\"fr\",\"potentialAction\":[{\"@type\":\"ReadAction\",\"target\":[\"https:\/\/www.canadahelps.org\/fr\/faites-un-don-pour-la-crise-des-incendies-de-foret-quebec-2023\/\"]}]},{\"@type\":\"BreadcrumbList\",\"@id\":\"https:\/\/www.canadahelps.org\/fr\/faites-un-don-pour-la-crise-des-incendies-de-foret-quebec-2023\/#breadcrumb\",\"itemListElement\":[{\"@type\":\"ListItem\",\"position\":1,\"name\":\"Home\",\"item\":\"https:\/\/www.canadahelps.org\/fr\/\"},{\"@type\":\"ListItem\",\"position\":2,\"name\":\"Soutenez les efforts de secours contre les incendies de for\u00eat au Qu\u00e9bec\"}]},{\"@type\":\"WebSite\",\"@id\":\"https:\/\/www.canadahelps.org\/fr\/#website\",\"url\":\"https:\/\/www.canadahelps.org\/fr\/\",\"name\":\"CanadaHelps - Donate to any charity in Canada\",\"description\":\"Le don en toute simplicit\u00e9\",\"publisher\":{\"@id\":\"https:\/\/www.canadahelps.org\/fr\/#organization\"},\"potentialAction\":[{\"@type\":\"SearchAction\",\"target\":{\"@type\":\"EntryPoint\",\"urlTemplate\":\"https:\/\/www.canadahelps.org\/fr\/?s={search_term_string}\"},\"query-input\":{\"@type\":\"PropertyValueSpecification\",\"valueRequired\":true,\"valueName\":\"search_term_string\"}}],\"inLanguage\":\"fr\"},{\"@type\":\"Organization\",\"@id\":\"https:\/\/www.canadahelps.org\/fr\/#organization\",\"name\":\"CanadaHelps\",\"url\":\"https:\/\/www.canadahelps.org\/fr\/\",\"logo\":{\"@type\":\"ImageObject\",\"inLanguage\":\"fr\",\"@id\":\"https:\/\/www.canadahelps.org\/fr\/#\/schema\/logo\/image\/\",\"url\":\"https:\/\/www.canadahelps.org\/media\/canadahelps-en.jpg\",\"contentUrl\":\"https:\/\/www.canadahelps.org\/media\/canadahelps-en.jpg\",\"width\":131,\"height\":72,\"caption\":\"CanadaHelps\"},\"image\":{\"@id\":\"https:\/\/www.canadahelps.org\/fr\/#\/schema\/logo\/image\/\"}}]}<\/script>\n<!-- \/ Yoast SEO plugin. -->","yoast_head_json":{"title":"Soutenez les efforts de secours contre les incendies de for\u00eat au Qu\u00e9be","description":"Faites un don aujourd'hui et aidez \u00e0 fournir des ressources aux personnes qui ont \u00e9t\u00e9 touch\u00e9es par la crise des incendies de for\u00eat au Qu\u00e9bec, Canad","robots":{"index":"index","follow":"follow","max-snippet":"max-snippet:-1","max-image-preview":"max-image-preview:large","max-video-preview":"max-video-preview:-1"},"canonical":"https:\/\/www.canadahelps.org\/fr\/faites-un-don-pour-la-crise-des-incendies-de-foret-quebec-2023\/","og_locale":"fr_FR","og_type":"article","og_title":"Soutenez les efforts de secours contre les incendies de for\u00eat au Qu\u00e9be","og_description":"Faites un don aujourd'hui et aidez \u00e0 fournir des ressources aux personnes qui ont \u00e9t\u00e9 touch\u00e9es par la crise des incendies de for\u00eat au Qu\u00e9bec, Canad","og_url":"https:\/\/www.canadahelps.org\/fr\/faites-un-don-pour-la-crise-des-incendies-de-foret-quebec-2023\/","og_site_name":"CanaDon - Faites des dons \u00e0 un organisme de bienfaisance au Canada","article_modified_time":"2023-06-13T19:29:22+00:00","twitter_card":"summary_large_image","twitter_misc":{"Est. reading time":"1 minute"},"schema":{"@context":"https:\/\/schema.org","@graph":[{"@type":"WebPage","@id":"https:\/\/www.canadahelps.org\/fr\/faites-un-don-pour-la-crise-des-incendies-de-foret-quebec-2023\/","url":"https:\/\/www.canadahelps.org\/fr\/faites-un-don-pour-la-crise-des-incendies-de-foret-quebec-2023\/","name":"Soutenez les efforts de secours contre les incendies de for\u00eat au Qu\u00e9be","isPartOf":{"@id":"https:\/\/www.canadahelps.org\/fr\/#website"},"datePublished":"2023-06-12T14:01:06+00:00","dateModified":"2023-06-13T19:29:22+00:00","description":"Faites un don aujourd'hui et aidez \u00e0 fournir des ressources aux personnes qui ont \u00e9t\u00e9 touch\u00e9es par la crise des incendies de for\u00eat au Qu\u00e9bec, Canad","breadcrumb":{"@id":"https:\/\/www.canadahelps.org\/fr\/faites-un-don-pour-la-crise-des-incendies-de-foret-quebec-2023\/#breadcrumb"},"inLanguage":"fr","potentialAction":[{"@type":"ReadAction","target":["https:\/\/www.canadahelps.org\/fr\/faites-un-don-pour-la-crise-des-incendies-de-foret-quebec-2023\/"]}]},{"@type":"BreadcrumbList","@id":"https:\/\/www.canadahelps.org\/fr\/faites-un-don-pour-la-crise-des-incendies-de-foret-quebec-2023\/#breadcrumb","itemListElement":[{"@type":"ListItem","position":1,"name":"Home","item":"https:\/\/www.canadahelps.org\/fr\/"},{"@type":"ListItem","position":2,"name":"Soutenez les efforts de secours contre les incendies de for\u00eat au Qu\u00e9bec"}]},{"@type":"WebSite","@id":"https:\/\/www.canadahelps.org\/fr\/#website","url":"https:\/\/www.canadahelps.org\/fr\/","name":"CanadaHelps - Donate to any charity in Canada","description":"Le don en toute simplicit\u00e9","publisher":{"@id":"https:\/\/www.canadahelps.org\/fr\/#organization"},"potentialAction":[{"@type":"SearchAction","target":{"@type":"EntryPoint","urlTemplate":"https:\/\/www.canadahelps.org\/fr\/?s={search_term_string}"},"query-input":{"@type":"PropertyValueSpecification","valueRequired":true,"valueName":"search_term_string"}}],"inLanguage":"fr"},{"@type":"Organization","@id":"https:\/\/www.canadahelps.org\/fr\/#organization","name":"CanadaHelps","url":"https:\/\/www.canadahelps.org\/fr\/","logo":{"@type":"ImageObject","inLanguage":"fr","@id":"https:\/\/www.canadahelps.org\/fr\/#\/schema\/logo\/image\/","url":"https:\/\/www.canadahelps.org\/media\/canadahelps-en.jpg","contentUrl":"https:\/\/www.canadahelps.org\/media\/canadahelps-en.jpg","width":131,"height":72,"caption":"CanadaHelps"},"image":{"@id":"https:\/\/www.canadahelps.org\/fr\/#\/schema\/logo\/image\/"}}]}},"_links":{"self":[{"href":"https:\/\/www.canadahelps.org\/fr\/wp-json\/wp\/v2\/pages\/49345","targetHints":{"allow":["GET"]}}],"collection":[{"href":"https:\/\/www.canadahelps.org\/fr\/wp-json\/wp\/v2\/pages"}],"about":[{"href":"https:\/\/www.canadahelps.org\/fr\/wp-json\/wp\/v2\/types\/page"}],"author":[{"embeddable":true,"href":"https:\/\/www.canadahelps.org\/fr\/wp-json\/wp\/v2\/users\/7"}],"replies":[{"embeddable":true,"href":"https:\/\/www.canadahelps.org\/fr\/wp-json\/wp\/v2\/comments?post=49345"}],"version-history":[{"count":4,"href":"https:\/\/www.canadahelps.org\/fr\/wp-json\/wp\/v2\/pages\/49345\/revisions"}],"predecessor-version":[{"id":49349,"href":"https:\/\/www.canadahelps.org\/fr\/wp-json\/wp\/v2\/pages\/49345\/revisions\/49349"}],"wp:attachment":[{"href":"https:\/\/www.canadahelps.org\/fr\/wp-json\/wp\/v2\/media?parent=49345"}],"curies":[{"name":"wp","href":"https:\/\/api.w.org\/{rel}","templated":true}]}}