{"id":49522,"date":"2023-07-28T08:43:31","date_gmt":"2023-07-28T12:43:31","guid":{"rendered":"https:\/\/www.canadahelps.org\/?page_id=49522"},"modified":"2023-08-15T09:48:29","modified_gmt":"2023-08-15T13:48:29","slug":"soutenez-les-operations-de-secours-canadiens-contre-les-feux-de-foret-en-2023","status":"publish","type":"page","link":"https:\/\/www.canadahelps.org\/fr\/soutenez-les-operations-de-secours-canadiens-contre-les-feux-de-foret-en-2023\/","title":{"rendered":"Soutenez les op\u00e9rations de secours canadiens contre les feux de for\u00eat en 2023"},"content":{"rendered":"<p><a href=\"https:\/\/www.canadahelps.org\/en\/bc-wildfire-response-2021\/\">Pour ajouter votre organisme de bienfaisance \u00e0 cette liste, cliquez ici<\/a><\/p>\n<p><strong>R\u00e9f\u00e9rences<\/strong><\/p>\n<p><a href=\"https:\/\/www.globaltimes.cn\/page\/202307\/1295142.shtml\">Worst Wildfire Season in Canada to Date \u2013 Global Times<\/a><\/p>\n<p><a href=\"https:\/\/cwfis.cfs.nrcan.gc.ca\/carte-interactive\">Carte de Ressources naturelles Canada; carte interactive des feux de for\u00eat au Canada \u2013 Carte de Ressources naturelles Canada<\/a><\/p>\n<p><a href=\"https:\/\/www.cbc.ca\/news\/canada\/wildfire-fighters-smoke-protection-1.6897879\">Conditions for Firefighters Fighting Wildfires \u2013 CBC News<\/a><\/p>\n","protected":false},"excerpt":{"rendered":"<p>Pour ajouter votre organisme de bienfaisance \u00e0 cette liste, cliquez ici R\u00e9f\u00e9rences Worst Wildfire Season in Canada to Date \u2013 Global Times Carte de Ressources &#8230; <a href=\"https:\/\/www.canadahelps.org\/fr\/soutenez-les-operations-de-secours-canadiens-contre-les-feux-de-foret-en-2023\/\" id=\"canadahelp-blog-meta\">Voir plus<\/a><\/p>\n","protected":false},"author":7,"featured_media":0,"parent":0,"menu_order":0,"comment_status":"closed","ping_status":"closed","template":"template-merchandise-page.php","meta":{"footnotes":""},"class_list":["post-49522","page","type-page","status-publish","hentry"],"acf":{"meta_description":"Soutenez les op\u00e9rations de secours canadiens contre les feux de for\u00eat en 2023 | CanaDon - Faites un don \u00e0 n\u2019importe quel organisme de bienfaisance au Canada","use_toc_layout":false,"additional_body_css_classes":"","hide_page_title":true,"row_settings":[{"row_header":"Soutenez ces organismes de bienfaisance qui fournissent des secours partout au Canada.","row_link_text":"","row_link_url":"","trigger_masonry_layout":true,"text_before_row":"","text_after_row":"","text_after_row_header":"<p><span style=\"font-weight: 400;\">Aidez les personnes touch\u00e9es par les feux de for\u00eat \u00e0 acc\u00e9der \u00e0 des services essentiels tels que de la nourriture, de l\u2019eau, des abris d\u2019urgence, etc.<\/span><\/p>\n","card_settings":[{"card_name":"CANADIAN RED CROSS","card_type":"campaign","id":"23897","display_categories":true,"display_image":true,"display_address":true,"display_summary":true,"display_campaign_types":true,"display_progress":true,"link_or_button":"button","card_link_text":"FAITES UN DON"},{"card_name":"GLOBALMEDIC","card_type":"campaign","id":"23778","display_categories":true,"display_image":true,"display_address":true,"display_summary":true,"display_campaign_types":true,"display_progress":true,"link_or_button":"button","card_link_text":"FAITES UN DON"},{"card_name":"GLOBALFIRE","card_type":"campaign","id":"23780","display_categories":true,"display_image":true,"display_address":true,"display_summary":true,"display_campaign_types":true,"display_progress":true,"link_or_button":"button","card_link_text":"FAITES UN DON"}]},{"row_header":"Soutenez ces organismes de bienfaisance qui fournissent des secours en Colombie-Britannique","row_link_text":"","row_link_url":"","trigger_masonry_layout":true,"text_before_row":"","text_after_row":"","text_after_row_header":"","card_settings":[{"card_name":"DISASTER AID CANADA","card_type":"campaign","id":"23920","display_categories":true,"display_image":true,"display_address":true,"display_summary":true,"display_campaign_types":true,"display_progress":true,"link_or_button":"button","card_link_text":"FAITES UN DON"},{"card_name":"Central Okanagan Food Bank","card_type":"campaign","id":"19354","display_categories":true,"display_image":true,"display_address":true,"display_summary":true,"display_campaign_types":true,"display_progress":true,"link_or_button":"button","card_link_text":"FAITES UN DON"},{"card_name":"CANADIAN RED CROSS","card_type":"campaign","id":"23897","display_categories":true,"display_image":true,"display_address":true,"display_summary":true,"display_campaign_types":true,"display_progress":true,"link_or_button":"button","card_link_text":"FAITES UN DON"},{"card_name":"Salvation Army","card_type":"campaign","id":"7044","display_categories":true,"display_image":true,"display_address":true,"display_summary":true,"display_campaign_types":true,"display_progress":true,"link_or_button":"button","card_link_text":"FAITES UN DON"}]},{"row_header":"Soutenez les efforts des organismes de bienfaisance qui interviennent dans le nord du Canada","row_link_text":"","row_link_url":"","trigger_masonry_layout":true,"text_before_row":"","text_after_row":"","text_after_row_header":"","card_settings":[{"card_name":"NWT SPCA","card_type":"campaign","id":"23930","display_categories":true,"display_image":true,"display_address":true,"display_summary":true,"display_campaign_types":true,"display_progress":true,"link_or_button":"button","card_link_text":"FAITES UN DON"},{"card_name":"VETERINARIANS WITHOUT BORDERS \/ VETERINAIRES SANS FRONTIERES","card_type":"campaign","id":"23919","display_categories":true,"display_image":true,"display_address":true,"display_summary":true,"display_campaign_types":true,"display_progress":true,"link_or_button":"button","card_link_text":"FAITES UN DON"}]},{"row_header":"Aidez les N\u00e9o-\u00c9cossais \u00e0 recevoir des secours pour leurs efforts de reconstruction et de r\u00e9paration apr\u00e8s les feux de for\u00eat","row_link_text":"","row_link_url":"","trigger_masonry_layout":true,"text_before_row":"","text_after_row":"","text_after_row_header":"","card_settings":[{"card_name":"CANADIAN RED CROSS","card_type":"campaign","id":"23687","display_categories":true,"display_image":true,"display_address":true,"display_summary":true,"display_campaign_types":true,"display_progress":true,"link_or_button":"button","card_link_text":"FAITES UN DON"},{"card_name":"UNITED WAY HALIFAX","card_type":"campaign","id":"23705","display_categories":true,"display_image":true,"display_address":true,"display_summary":true,"display_campaign_types":true,"display_progress":true,"link_or_button":"button","card_link_text":"FAITES UN DON"},{"card_name":"Samaritan's Purse Canada","card_type":"campaign","id":"23844","display_categories":true,"display_image":true,"display_address":true,"display_summary":true,"display_campaign_types":true,"display_progress":true,"link_or_button":"button","card_link_text":"FAITES UN DON"}]},{"row_header":"Un soutien urgent est n\u00e9cessaire pour la crise des feux de for\u00eat en Alberta. Offrez une aide d\u2019urgence aux r\u00e9sidents qui ont \u00e9t\u00e9 touch\u00e9s aujourd\u2019hui.","row_link_text":"","row_link_url":"","trigger_masonry_layout":true,"text_before_row":"","text_after_row":"","text_after_row_header":"","card_settings":[{"card_name":"Disaster Aid Canada","card_type":"campaign","id":"23594","display_categories":true,"display_image":true,"display_address":true,"display_summary":true,"display_campaign_types":true,"display_progress":true,"link_or_button":"button","card_link_text":"FAITES UN DON"},{"card_name":"Samaritan's Purse","card_type":"campaign","id":"23652","display_categories":true,"display_image":true,"display_address":true,"display_summary":true,"display_campaign_types":true,"display_progress":true,"link_or_button":"button","card_link_text":"FAITES UN DON"},{"card_name":"Four Feet Companion Foundation","card_type":"campaign","id":"23743","display_categories":true,"display_image":true,"display_address":true,"display_summary":true,"display_campaign_types":true,"display_progress":true,"link_or_button":"button","card_link_text":"FAITES UN DON"}]}],"insert_spotlight_boxes":false,"use_biography_grid":false,"min_banner_height":"280","header_title":"<p>Soutenez les op\u00e9rations de secours canadiens contre les feux de for\u00eat en 2023<\/p>\n","explanatory_text":"<p><span style=\"font-weight: 400;\">Presque toutes les provinces et tous les territoires ont \u00e9t\u00e9 touch\u00e9s par la mauvaise qualit\u00e9 de l\u2019air, les \u00e9vacuations forc\u00e9es de domicile et la perte d\u2019animaux sauvages en raison des feux de for\u00eat. Les pompiers travaillent 24 heures sur 24, mettant leur vie en danger dans une \u00e9paisse fum\u00e9e et des environnements dangereux pour att\u00e9nuer la d\u00e9vastation caus\u00e9e par les incendies et prot\u00e9ger les communaut\u00e9s.<\/span><\/p>\n<p><span style=\"font-weight: 400;\">Les organismes de bienfaisance canadiens qui interviennent dans les feux de for\u00eat au pays ont besoin de votre aide de toute urgence. Vos dons les aideront \u00e0 fournir des services d\u2019urgence indispensables, du mat\u00e9riel de lutte contre les incendies, de la nourriture et un abri. Faites un don aujourd\u2019hui.<\/span><\/p>\n","button_text":"","button_link":""},"yoast_head":"<!-- This site is optimized with the Yoast SEO plugin v26.0 - https:\/\/yoast.com\/wordpress\/plugins\/seo\/ -->\n<title>Soutenez les op\u00e9rations de secours canadiens contre les feux de for\u00eat en 2023 | CanaDon - Faites des dons \u00e0 un organisme de bienfaisance au Canada<\/title>\n<meta name=\"description\" content=\"Support Canadian wildfire relief efforts. Help those affected receive access to vital services such as food, water, emergency shelter &amp; more. Soutenez les op\u00e9rations de secours canadiens contre les feux de for\u00eat. Aidez les personnes touch\u00e9es \u00e0 acc\u00e9der \u00e0 des services vitaux tels que de la nourriture, de l\u2019eau, des abris d\u2019urgence, etc.\" \/>\n<meta name=\"robots\" content=\"index, follow, max-snippet:-1, max-image-preview:large, max-video-preview:-1\" \/>\n<link rel=\"canonical\" href=\"https:\/\/www.canadahelps.org\/fr\/soutenez-les-operations-de-secours-canadiens-contre-les-feux-de-foret-en-2023\/\" \/>\n<meta property=\"og:locale\" content=\"fr_FR\" \/>\n<meta property=\"og:type\" content=\"article\" \/>\n<meta property=\"og:title\" content=\"Soutenez les op\u00e9rations de secours canadiens contre les feux de for\u00eat en 2023 | CanaDon - Faites des dons \u00e0 un organisme de bienfaisance au Canada\" \/>\n<meta property=\"og:description\" content=\"Support Canadian wildfire relief efforts. Help those affected receive access to vital services such as food, water, emergency shelter &amp; more. Soutenez les op\u00e9rations de secours canadiens contre les feux de for\u00eat. Aidez les personnes touch\u00e9es \u00e0 acc\u00e9der \u00e0 des services vitaux tels que de la nourriture, de l\u2019eau, des abris d\u2019urgence, etc.\" \/>\n<meta property=\"og:url\" content=\"https:\/\/www.canadahelps.org\/fr\/soutenez-les-operations-de-secours-canadiens-contre-les-feux-de-foret-en-2023\/\" \/>\n<meta property=\"og:site_name\" content=\"CanaDon - Faites des dons \u00e0 un organisme de bienfaisance au Canada\" \/>\n<meta property=\"article:modified_time\" content=\"2023-08-15T13:48:29+00:00\" \/>\n<meta name=\"twitter:card\" content=\"summary_large_image\" \/>\n<meta name=\"twitter:label1\" content=\"Est. reading time\" \/>\n\t<meta name=\"twitter:data1\" content=\"1 minute\" \/>\n<script type=\"application\/ld+json\" class=\"yoast-schema-graph\">{\"@context\":\"https:\/\/schema.org\",\"@graph\":[{\"@type\":\"WebPage\",\"@id\":\"https:\/\/www.canadahelps.org\/fr\/soutenez-les-operations-de-secours-canadiens-contre-les-feux-de-foret-en-2023\/\",\"url\":\"https:\/\/www.canadahelps.org\/fr\/soutenez-les-operations-de-secours-canadiens-contre-les-feux-de-foret-en-2023\/\",\"name\":\"Soutenez les op\u00e9rations de secours canadiens contre les feux de for\u00eat en 2023 | CanaDon - Faites des dons \u00e0 un organisme de bienfaisance au Canada\",\"isPartOf\":{\"@id\":\"https:\/\/www.canadahelps.org\/fr\/#website\"},\"datePublished\":\"2023-07-28T12:43:31+00:00\",\"dateModified\":\"2023-08-15T13:48:29+00:00\",\"description\":\"Support Canadian wildfire relief efforts. Help those affected receive access to vital services such as food, water, emergency shelter & more. Soutenez les op\u00e9rations de secours canadiens contre les feux de for\u00eat. Aidez les personnes touch\u00e9es \u00e0 acc\u00e9der \u00e0 des services vitaux tels que de la nourriture, de l\u2019eau, des abris d\u2019urgence, etc.\",\"breadcrumb\":{\"@id\":\"https:\/\/www.canadahelps.org\/fr\/soutenez-les-operations-de-secours-canadiens-contre-les-feux-de-foret-en-2023\/#breadcrumb\"},\"inLanguage\":\"fr\",\"potentialAction\":[{\"@type\":\"ReadAction\",\"target\":[\"https:\/\/www.canadahelps.org\/fr\/soutenez-les-operations-de-secours-canadiens-contre-les-feux-de-foret-en-2023\/\"]}]},{\"@type\":\"BreadcrumbList\",\"@id\":\"https:\/\/www.canadahelps.org\/fr\/soutenez-les-operations-de-secours-canadiens-contre-les-feux-de-foret-en-2023\/#breadcrumb\",\"itemListElement\":[{\"@type\":\"ListItem\",\"position\":1,\"name\":\"Home\",\"item\":\"https:\/\/www.canadahelps.org\/fr\/\"},{\"@type\":\"ListItem\",\"position\":2,\"name\":\"Soutenez les op\u00e9rations de secours canadiens contre les feux de for\u00eat en 2023\"}]},{\"@type\":\"WebSite\",\"@id\":\"https:\/\/www.canadahelps.org\/fr\/#website\",\"url\":\"https:\/\/www.canadahelps.org\/fr\/\",\"name\":\"CanadaHelps - Donate to any charity in Canada\",\"description\":\"Le don en toute simplicit\u00e9\",\"publisher\":{\"@id\":\"https:\/\/www.canadahelps.org\/fr\/#organization\"},\"potentialAction\":[{\"@type\":\"SearchAction\",\"target\":{\"@type\":\"EntryPoint\",\"urlTemplate\":\"https:\/\/www.canadahelps.org\/fr\/?s={search_term_string}\"},\"query-input\":{\"@type\":\"PropertyValueSpecification\",\"valueRequired\":true,\"valueName\":\"search_term_string\"}}],\"inLanguage\":\"fr\"},{\"@type\":\"Organization\",\"@id\":\"https:\/\/www.canadahelps.org\/fr\/#organization\",\"name\":\"CanadaHelps\",\"url\":\"https:\/\/www.canadahelps.org\/fr\/\",\"logo\":{\"@type\":\"ImageObject\",\"inLanguage\":\"fr\",\"@id\":\"https:\/\/www.canadahelps.org\/fr\/#\/schema\/logo\/image\/\",\"url\":\"https:\/\/www.canadahelps.org\/media\/canadahelps-en.jpg\",\"contentUrl\":\"https:\/\/www.canadahelps.org\/media\/canadahelps-en.jpg\",\"width\":131,\"height\":72,\"caption\":\"CanadaHelps\"},\"image\":{\"@id\":\"https:\/\/www.canadahelps.org\/fr\/#\/schema\/logo\/image\/\"}}]}<\/script>\n<!-- \/ Yoast SEO plugin. -->","yoast_head_json":{"title":"Soutenez les op\u00e9rations de secours canadiens contre les feux de for\u00eat en 2023 | CanaDon - Faites des dons \u00e0 un organisme de bienfaisance au Canada","description":"Support Canadian wildfire relief efforts. Help those affected receive access to vital services such as food, water, emergency shelter & more. Soutenez les op\u00e9rations de secours canadiens contre les feux de for\u00eat. Aidez les personnes touch\u00e9es \u00e0 acc\u00e9der \u00e0 des services vitaux tels que de la nourriture, de l\u2019eau, des abris d\u2019urgence, etc.","robots":{"index":"index","follow":"follow","max-snippet":"max-snippet:-1","max-image-preview":"max-image-preview:large","max-video-preview":"max-video-preview:-1"},"canonical":"https:\/\/www.canadahelps.org\/fr\/soutenez-les-operations-de-secours-canadiens-contre-les-feux-de-foret-en-2023\/","og_locale":"fr_FR","og_type":"article","og_title":"Soutenez les op\u00e9rations de secours canadiens contre les feux de for\u00eat en 2023 | CanaDon - Faites des dons \u00e0 un organisme de bienfaisance au Canada","og_description":"Support Canadian wildfire relief efforts. Help those affected receive access to vital services such as food, water, emergency shelter & more. Soutenez les op\u00e9rations de secours canadiens contre les feux de for\u00eat. Aidez les personnes touch\u00e9es \u00e0 acc\u00e9der \u00e0 des services vitaux tels que de la nourriture, de l\u2019eau, des abris d\u2019urgence, etc.","og_url":"https:\/\/www.canadahelps.org\/fr\/soutenez-les-operations-de-secours-canadiens-contre-les-feux-de-foret-en-2023\/","og_site_name":"CanaDon - Faites des dons \u00e0 un organisme de bienfaisance au Canada","article_modified_time":"2023-08-15T13:48:29+00:00","twitter_card":"summary_large_image","twitter_misc":{"Est. reading time":"1 minute"},"schema":{"@context":"https:\/\/schema.org","@graph":[{"@type":"WebPage","@id":"https:\/\/www.canadahelps.org\/fr\/soutenez-les-operations-de-secours-canadiens-contre-les-feux-de-foret-en-2023\/","url":"https:\/\/www.canadahelps.org\/fr\/soutenez-les-operations-de-secours-canadiens-contre-les-feux-de-foret-en-2023\/","name":"Soutenez les op\u00e9rations de secours canadiens contre les feux de for\u00eat en 2023 | CanaDon - Faites des dons \u00e0 un organisme de bienfaisance au Canada","isPartOf":{"@id":"https:\/\/www.canadahelps.org\/fr\/#website"},"datePublished":"2023-07-28T12:43:31+00:00","dateModified":"2023-08-15T13:48:29+00:00","description":"Support Canadian wildfire relief efforts. Help those affected receive access to vital services such as food, water, emergency shelter & more. Soutenez les op\u00e9rations de secours canadiens contre les feux de for\u00eat. Aidez les personnes touch\u00e9es \u00e0 acc\u00e9der \u00e0 des services vitaux tels que de la nourriture, de l\u2019eau, des abris d\u2019urgence, etc.","breadcrumb":{"@id":"https:\/\/www.canadahelps.org\/fr\/soutenez-les-operations-de-secours-canadiens-contre-les-feux-de-foret-en-2023\/#breadcrumb"},"inLanguage":"fr","potentialAction":[{"@type":"ReadAction","target":["https:\/\/www.canadahelps.org\/fr\/soutenez-les-operations-de-secours-canadiens-contre-les-feux-de-foret-en-2023\/"]}]},{"@type":"BreadcrumbList","@id":"https:\/\/www.canadahelps.org\/fr\/soutenez-les-operations-de-secours-canadiens-contre-les-feux-de-foret-en-2023\/#breadcrumb","itemListElement":[{"@type":"ListItem","position":1,"name":"Home","item":"https:\/\/www.canadahelps.org\/fr\/"},{"@type":"ListItem","position":2,"name":"Soutenez les op\u00e9rations de secours canadiens contre les feux de for\u00eat en 2023"}]},{"@type":"WebSite","@id":"https:\/\/www.canadahelps.org\/fr\/#website","url":"https:\/\/www.canadahelps.org\/fr\/","name":"CanadaHelps - Donate to any charity in Canada","description":"Le don en toute simplicit\u00e9","publisher":{"@id":"https:\/\/www.canadahelps.org\/fr\/#organization"},"potentialAction":[{"@type":"SearchAction","target":{"@type":"EntryPoint","urlTemplate":"https:\/\/www.canadahelps.org\/fr\/?s={search_term_string}"},"query-input":{"@type":"PropertyValueSpecification","valueRequired":true,"valueName":"search_term_string"}}],"inLanguage":"fr"},{"@type":"Organization","@id":"https:\/\/www.canadahelps.org\/fr\/#organization","name":"CanadaHelps","url":"https:\/\/www.canadahelps.org\/fr\/","logo":{"@type":"ImageObject","inLanguage":"fr","@id":"https:\/\/www.canadahelps.org\/fr\/#\/schema\/logo\/image\/","url":"https:\/\/www.canadahelps.org\/media\/canadahelps-en.jpg","contentUrl":"https:\/\/www.canadahelps.org\/media\/canadahelps-en.jpg","width":131,"height":72,"caption":"CanadaHelps"},"image":{"@id":"https:\/\/www.canadahelps.org\/fr\/#\/schema\/logo\/image\/"}}]}},"_links":{"self":[{"href":"https:\/\/www.canadahelps.org\/fr\/wp-json\/wp\/v2\/pages\/49522","targetHints":{"allow":["GET"]}}],"collection":[{"href":"https:\/\/www.canadahelps.org\/fr\/wp-json\/wp\/v2\/pages"}],"about":[{"href":"https:\/\/www.canadahelps.org\/fr\/wp-json\/wp\/v2\/types\/page"}],"author":[{"embeddable":true,"href":"https:\/\/www.canadahelps.org\/fr\/wp-json\/wp\/v2\/users\/7"}],"replies":[{"embeddable":true,"href":"https:\/\/www.canadahelps.org\/fr\/wp-json\/wp\/v2\/comments?post=49522"}],"version-history":[{"count":3,"href":"https:\/\/www.canadahelps.org\/fr\/wp-json\/wp\/v2\/pages\/49522\/revisions"}],"predecessor-version":[{"id":49529,"href":"https:\/\/www.canadahelps.org\/fr\/wp-json\/wp\/v2\/pages\/49522\/revisions\/49529"}],"wp:attachment":[{"href":"https:\/\/www.canadahelps.org\/fr\/wp-json\/wp\/v2\/media?parent=49522"}],"curies":[{"name":"wp","href":"https:\/\/api.w.org\/{rel}","templated":true}]}}