{"id":49537,"date":"2023-02-06T17:10:32","date_gmt":"2023-02-06T22:10:32","guid":{"rendered":"https:\/\/www.canadahelps.org\/?page_id=49537"},"modified":"2023-08-16T10:45:11","modified_gmt":"2023-08-16T14:45:11","slug":"49537-2","status":"publish","type":"page","link":"https:\/\/www.canadahelps.org\/fr\/49537-2\/","title":{"rendered":""},"content":{"rendered":"<p><a class=\"btn btn--large btn--primary\" href=\"https:\/\/www.canadahelps.org\/en\/turkey-and-syria-earthquake-charity-request-form\/\">Pour ajouter votre organisme de bienfaisance \u00e0 cette liste, cliquez ici<\/a><\/p>\n<p>R\u00e9f\u00e9rences<\/p>\n<ol>\n<li><a href=\"https:\/\/www.reuters.com\/world\/middle-east\/major-earthquake-strikes-turkey-syria-about-200-dead-many-trapped-2023-02-06\/\" target=\"_blank\" rel=\"noopener noreferrer\">Huge earthquake kills 3,000 in Turkey and Syria, bad weather worsens plight, Reuters<\/a><\/li>\n<li><a href=\"https:\/\/www.cnn.com\/middleeast\/live-news\/turkey-earthquake-latest-020623\/index.html\" target=\"_blank\" rel=\"noopener noreferrer\">Powerful quake kills thousands in turkey and syria, CNN<\/a><\/li>\n<li><a href=\"https:\/\/www.theguardian.com\/world\/live\/2023\/feb\/06\/turkey-earthquake-2023-live-updates-quake-tremor-latest-news\" target=\"_blank\" rel=\"noopener noreferrer\">Turkey and Syria: at least 3,000 people confirmed dead after major earthquakes with number set to rise, The Guardian<\/a><\/li>\n<li><a href=\"https:\/\/www.bbc.com\/news\/world-europe-64533851\" target=\"_blank\" rel=\"noopener noreferrer\">Turkey earthquake is country&#8217;s worst disaster in 84 years &#8211; Erdogan, BBC news<\/a><\/li>\n<li><a href=\"https:\/\/www.cnn.com\/middleeast\/live-news\/turkey-syria-earthquake-updates-2-13-23-intl\/index.html\">Over 36,000 dead from quake in Turkey and Syria<\/a><\/li>\n<li><a href=\"https:\/\/apnews.com\/article\/2023-turkey-syria-earthquake-earthquakes-6bc8e1b7ab6e7bb6ba0cf9257cb86069\">Death toll from Turkey, Syria earthquake tops 47,000<\/a><\/li>\n<\/ol>\n<p>&nbsp;<\/p>\n","protected":false},"excerpt":{"rendered":"<p>Pour ajouter votre organisme de bienfaisance \u00e0 cette liste, cliquez ici R\u00e9f\u00e9rences Huge earthquake kills 3,000 in Turkey and Syria, bad weather worsens plight, Reuters &#8230; <a href=\"https:\/\/www.canadahelps.org\/fr\/49537-2\/\" id=\"canadahelp-blog-meta\">Voir plus<\/a><\/p>\n","protected":false},"author":7,"featured_media":0,"parent":0,"menu_order":0,"comment_status":"closed","ping_status":"closed","template":"template-merchandise-page.php","meta":{"footnotes":""},"class_list":["post-49537","page","type-page","status-publish","hentry"],"acf":{"meta_description":"2023 T\u00fcrkiye & Syria Earthquake Relief | CanadaHelps - Donate to any charity in Canada\tAide au s\u00e9isme de 2023 en Turquie et en Syrie | CanaDon - Faites un don \u00e0 n\u2019importe quel","use_toc_layout":false,"additional_body_css_classes":"","hide_page_title":false,"row_settings":[{"row_header":"Une r\u00e9ponse humanitaire est essentielle. Apportez une aide cruciale en soutenant les organismes de bienfaisance qui sont sur le terrain en Turquie et en Syrie.","row_link_text":"","row_link_url":"","trigger_masonry_layout":true,"text_before_row":"","text_after_row":"","text_after_row_header":"<p>Aidez les organismes de bienfaisance \u00e0 offrir de l\u2019eau potable, de la nourriture, des soins m\u00e9dicaux, des v\u00eatements chauds, des services de recherche et de sauvetage ainsi qu\u2019un abri aux survivants du tremblement de terre.<\/p>\n","card_settings":[{"card_name":"Humanity & Inclusion","card_type":"campaign","id":"23866","display_categories":true,"display_image":true,"display_address":true,"display_summary":true,"display_campaign_types":true,"display_progress":true,"link_or_button":"button","card_link_text":"FAITES UN DON"},{"card_name":"Canadian Foodgrains Bank","card_type":"campaign","id":"23203","display_categories":true,"display_image":true,"display_address":true,"display_summary":true,"display_campaign_types":true,"display_progress":true,"link_or_button":"button","card_link_text":"FAITES UN DON"},{"card_name":"Oxfam","card_type":"campaign","id":"23174","display_categories":true,"display_image":true,"display_address":true,"display_summary":true,"display_campaign_types":true,"display_progress":true,"link_or_button":"button","card_link_text":"FAITES UN DON"},{"card_name":"Red Cross","card_type":"campaign","id":"23165","display_categories":true,"display_image":true,"display_address":true,"display_summary":true,"display_campaign_types":true,"display_progress":true,"link_or_button":"button","card_link_text":"FAITES UN DON"},{"card_name":"Impact Bridges Canada","card_type":"campaign","id":"23169","display_categories":true,"display_image":true,"display_address":true,"display_summary":true,"display_campaign_types":true,"display_progress":true,"link_or_button":"button","card_link_text":"FAITES UN DON"},{"card_name":"Disaster Aid Canada","card_type":"campaign","id":"23177","display_categories":true,"display_image":true,"display_address":true,"display_summary":true,"display_campaign_types":true,"display_progress":true,"link_or_button":"button","card_link_text":"FAITES UN DON"},{"card_name":"UNHCR","card_type":"campaign","id":"23173","display_categories":true,"display_image":true,"display_address":true,"display_summary":true,"display_campaign_types":true,"display_progress":true,"link_or_button":"button","card_link_text":"FAITES UN DON"},{"card_name":"CARE Canada","card_type":"campaign","id":"23166","display_categories":true,"display_image":true,"display_address":true,"display_summary":true,"display_campaign_types":true,"display_progress":true,"link_or_button":"button","card_link_text":"FAITES UN DON"},{"card_name":"Canadian Lutheran World Relief (CLWR)","card_type":"campaign","id":"23155","display_categories":true,"display_image":true,"display_address":true,"display_summary":true,"display_campaign_types":true,"display_progress":true,"link_or_button":"button","card_link_text":"FAITES UN DON"},{"card_name":"GLOBALMEDIC","card_type":"campaign","id":"23140","display_categories":true,"display_image":true,"display_address":true,"display_summary":true,"display_campaign_types":true,"display_progress":true,"link_or_button":"button","card_link_text":"FAITES UN DON"},{"card_name":"UNICEF Canada","card_type":"campaign","id":"23181","display_categories":true,"display_image":true,"display_address":true,"display_summary":true,"display_campaign_types":true,"display_progress":true,"link_or_button":"button","card_link_text":"FAITES UN DON"},{"card_name":"Action Against Hunger Canada","card_type":"campaign","id":"23147","display_categories":true,"display_image":true,"display_address":true,"display_summary":true,"display_campaign_types":true,"display_progress":true,"link_or_button":"button","card_link_text":"FAITES UN DON"},{"card_name":"Samaritan's Purse Canada","card_type":"campaign","id":"23151","display_categories":true,"display_image":true,"display_address":true,"display_summary":true,"display_campaign_types":true,"display_progress":true,"link_or_button":"button","card_link_text":"FAITES UN DON"},{"card_name":"World Vision Canada","card_type":"campaign","id":"23143","display_categories":true,"display_image":true,"display_address":true,"display_summary":true,"display_campaign_types":true,"display_progress":true,"link_or_button":"button","card_link_text":"FAITES UN DON"},{"card_name":"Islamic Relief Canada","card_type":"campaign","id":"23199","display_categories":true,"display_image":true,"display_address":true,"display_summary":true,"display_campaign_types":true,"display_progress":true,"link_or_button":"button","card_link_text":"FAITES UN DON"},{"card_name":"Charities Aid Foundation Canada","card_type":"campaign","id":"23187","display_categories":true,"display_image":true,"display_address":true,"display_summary":true,"display_campaign_types":true,"display_progress":true,"link_or_button":"button","card_link_text":"FAITES UN DON"},{"card_name":"SPEROWAY","card_type":"campaign","id":"23194","display_categories":true,"display_image":true,"display_address":true,"display_summary":true,"display_campaign_types":true,"display_progress":true,"link_or_button":"button","card_link_text":"FAITES UN DON"},{"card_name":"DON BOSCO MISSIONS OFFICE","card_type":"campaign","id":"23190","display_categories":true,"display_image":true,"display_address":true,"display_summary":true,"display_campaign_types":true,"display_progress":true,"link_or_button":"button","card_link_text":"FAITES UN DON"},{"card_name":"MAISON MASJID CANADA (M.M.C)","card_type":"campaign","id":"23192","display_categories":true,"display_image":true,"display_address":true,"display_summary":true,"display_campaign_types":true,"display_progress":true,"link_or_button":"button","card_link_text":"FAITES UN DON"},{"card_name":"Good Neighbors Canada","card_type":"campaign","id":"23182","display_categories":true,"display_image":true,"display_address":true,"display_summary":true,"display_campaign_types":true,"display_progress":true,"link_or_button":"button","card_link_text":"FAITES UN DON"},{"card_name":"Plan International Canada","card_type":"campaign","id":"23171","display_categories":true,"display_image":true,"display_address":true,"display_summary":true,"display_campaign_types":true,"display_progress":true,"link_or_button":"button","card_link_text":"FAITES UN DON"},{"card_name":"Development and Peace \u2014 Caritas Canada","card_type":"campaign","id":"23175","display_categories":true,"display_image":true,"display_address":true,"display_summary":true,"display_campaign_types":true,"display_progress":true,"link_or_button":"button","card_link_text":"FAITES UN DON"},{"card_name":"VETERINARIANS WITHOUT BORDERS \/ VETERINAIRES SANS FRONTIERES","card_type":"campaign","id":"23189","display_categories":true,"display_image":true,"display_address":true,"display_summary":true,"display_campaign_types":true,"display_progress":true,"link_or_button":"button","card_link_text":"FAITES UN DON"},{"card_name":"Mennonite Central Committee Canada (MCC)","card_type":"campaign","id":"23223","display_categories":true,"display_image":true,"display_address":true,"display_summary":true,"display_campaign_types":true,"display_progress":true,"link_or_button":"button","card_link_text":"FAITES UN DON"}]}],"insert_spotlight_boxes":false,"use_biography_grid":false,"min_banner_height":"280","header_title":"<p>Envoyez une aide d\u2019urgence sur les sites des tremblements de terre en Syrie et en T\u00fcrkiye <\/p>\n","explanatory_text":"<p>Une aide internationale est n\u00e9cessaire de toute urgence \u00e0 la fronti\u00e8re entre la Syrie et la T\u00fcrkiye apr\u00e8s une s\u00e9rie de tremblements de terre intenses qui a frapp\u00e9 les deux pays en l\u2019espace de quelques semaines. Soutenez les organismes de bienfaisance en fournissant une aide d\u2019urgence d\u00e8s maintenant.<\/p>\n","button_text":"","button_link":""},"yoast_head":"<!-- This site is optimized with the Yoast SEO plugin v26.0 - https:\/\/yoast.com\/wordpress\/plugins\/seo\/ -->\n<title>| CanaDon - Faites des dons \u00e0 un organisme de bienfaisance au Canada<\/title>\n<meta name=\"description\" content=\"International relief is urgently needed at the Syria-T\u00fcrkiye borders after a series of intense earthquakes hit both countries in the span of a few weeks. Support charities in providing emergency aid now. Une aide internationale est n\u00e9cessaire de toute urgence \u00e0 la fronti\u00e8re entre la Syrie et la Turquie apr\u00e8s une s\u00e9rie de tremblements de terre intenses qui a frapp\u00e9 les deux pays en l\u2019espace de quelques semaines. Soutenez les organismes de bienfaisance en fournissant une aide d\u2019urgence d\u00e8s maintenant.\" \/>\n<meta name=\"robots\" content=\"index, follow, max-snippet:-1, max-image-preview:large, max-video-preview:-1\" \/>\n<link rel=\"canonical\" href=\"https:\/\/www.canadahelps.org\/fr\/49537-2\/\" \/>\n<meta property=\"og:locale\" content=\"fr_FR\" \/>\n<meta property=\"og:type\" content=\"article\" \/>\n<meta property=\"og:title\" content=\"| CanaDon - Faites des dons \u00e0 un organisme de bienfaisance au Canada\" \/>\n<meta property=\"og:description\" content=\"International relief is urgently needed at the Syria-T\u00fcrkiye borders after a series of intense earthquakes hit both countries in the span of a few weeks. Support charities in providing emergency aid now. Une aide internationale est n\u00e9cessaire de toute urgence \u00e0 la fronti\u00e8re entre la Syrie et la Turquie apr\u00e8s une s\u00e9rie de tremblements de terre intenses qui a frapp\u00e9 les deux pays en l\u2019espace de quelques semaines. Soutenez les organismes de bienfaisance en fournissant une aide d\u2019urgence d\u00e8s maintenant.\" \/>\n<meta property=\"og:url\" content=\"https:\/\/www.canadahelps.org\/fr\/49537-2\/\" \/>\n<meta property=\"og:site_name\" content=\"CanaDon - Faites des dons \u00e0 un organisme de bienfaisance au Canada\" \/>\n<meta property=\"article:modified_time\" content=\"2023-08-16T14:45:11+00:00\" \/>\n<meta name=\"twitter:card\" content=\"summary_large_image\" \/>\n<script type=\"application\/ld+json\" class=\"yoast-schema-graph\">{\"@context\":\"https:\/\/schema.org\",\"@graph\":[{\"@type\":\"WebPage\",\"@id\":\"https:\/\/www.canadahelps.org\/fr\/49537-2\/\",\"url\":\"https:\/\/www.canadahelps.org\/fr\/49537-2\/\",\"name\":\"| CanaDon - Faites des dons \u00e0 un organisme de bienfaisance au Canada\",\"isPartOf\":{\"@id\":\"https:\/\/www.canadahelps.org\/fr\/#website\"},\"datePublished\":\"2023-02-06T22:10:32+00:00\",\"dateModified\":\"2023-08-16T14:45:11+00:00\",\"description\":\"International relief is urgently needed at the Syria-T\u00fcrkiye borders after a series of intense earthquakes hit both countries in the span of a few weeks. Support charities in providing emergency aid now. Une aide internationale est n\u00e9cessaire de toute urgence \u00e0 la fronti\u00e8re entre la Syrie et la Turquie apr\u00e8s une s\u00e9rie de tremblements de terre intenses qui a frapp\u00e9 les deux pays en l\u2019espace de quelques semaines. Soutenez les organismes de bienfaisance en fournissant une aide d\u2019urgence d\u00e8s maintenant.\",\"inLanguage\":\"fr\",\"potentialAction\":[{\"@type\":\"ReadAction\",\"target\":[\"https:\/\/www.canadahelps.org\/fr\/49537-2\/\"]}]},{\"@type\":\"WebSite\",\"@id\":\"https:\/\/www.canadahelps.org\/fr\/#website\",\"url\":\"https:\/\/www.canadahelps.org\/fr\/\",\"name\":\"CanadaHelps - Donate to any charity in Canada\",\"description\":\"Le don en toute simplicit\u00e9\",\"publisher\":{\"@id\":\"https:\/\/www.canadahelps.org\/fr\/#organization\"},\"potentialAction\":[{\"@type\":\"SearchAction\",\"target\":{\"@type\":\"EntryPoint\",\"urlTemplate\":\"https:\/\/www.canadahelps.org\/fr\/?s={search_term_string}\"},\"query-input\":{\"@type\":\"PropertyValueSpecification\",\"valueRequired\":true,\"valueName\":\"search_term_string\"}}],\"inLanguage\":\"fr\"},{\"@type\":\"Organization\",\"@id\":\"https:\/\/www.canadahelps.org\/fr\/#organization\",\"name\":\"CanadaHelps\",\"url\":\"https:\/\/www.canadahelps.org\/fr\/\",\"logo\":{\"@type\":\"ImageObject\",\"inLanguage\":\"fr\",\"@id\":\"https:\/\/www.canadahelps.org\/fr\/#\/schema\/logo\/image\/\",\"url\":\"https:\/\/www.canadahelps.org\/media\/canadahelps-en.jpg\",\"contentUrl\":\"https:\/\/www.canadahelps.org\/media\/canadahelps-en.jpg\",\"width\":131,\"height\":72,\"caption\":\"CanadaHelps\"},\"image\":{\"@id\":\"https:\/\/www.canadahelps.org\/fr\/#\/schema\/logo\/image\/\"}}]}<\/script>\n<!-- \/ Yoast SEO plugin. -->","yoast_head_json":{"title":"| CanaDon - Faites des dons \u00e0 un organisme de bienfaisance au Canada","description":"International relief is urgently needed at the Syria-T\u00fcrkiye borders after a series of intense earthquakes hit both countries in the span of a few weeks. Support charities in providing emergency aid now. Une aide internationale est n\u00e9cessaire de toute urgence \u00e0 la fronti\u00e8re entre la Syrie et la Turquie apr\u00e8s une s\u00e9rie de tremblements de terre intenses qui a frapp\u00e9 les deux pays en l\u2019espace de quelques semaines. Soutenez les organismes de bienfaisance en fournissant une aide d\u2019urgence d\u00e8s maintenant.","robots":{"index":"index","follow":"follow","max-snippet":"max-snippet:-1","max-image-preview":"max-image-preview:large","max-video-preview":"max-video-preview:-1"},"canonical":"https:\/\/www.canadahelps.org\/fr\/49537-2\/","og_locale":"fr_FR","og_type":"article","og_title":"| CanaDon - Faites des dons \u00e0 un organisme de bienfaisance au Canada","og_description":"International relief is urgently needed at the Syria-T\u00fcrkiye borders after a series of intense earthquakes hit both countries in the span of a few weeks. Support charities in providing emergency aid now. Une aide internationale est n\u00e9cessaire de toute urgence \u00e0 la fronti\u00e8re entre la Syrie et la Turquie apr\u00e8s une s\u00e9rie de tremblements de terre intenses qui a frapp\u00e9 les deux pays en l\u2019espace de quelques semaines. Soutenez les organismes de bienfaisance en fournissant une aide d\u2019urgence d\u00e8s maintenant.","og_url":"https:\/\/www.canadahelps.org\/fr\/49537-2\/","og_site_name":"CanaDon - Faites des dons \u00e0 un organisme de bienfaisance au Canada","article_modified_time":"2023-08-16T14:45:11+00:00","twitter_card":"summary_large_image","schema":{"@context":"https:\/\/schema.org","@graph":[{"@type":"WebPage","@id":"https:\/\/www.canadahelps.org\/fr\/49537-2\/","url":"https:\/\/www.canadahelps.org\/fr\/49537-2\/","name":"| CanaDon - Faites des dons \u00e0 un organisme de bienfaisance au Canada","isPartOf":{"@id":"https:\/\/www.canadahelps.org\/fr\/#website"},"datePublished":"2023-02-06T22:10:32+00:00","dateModified":"2023-08-16T14:45:11+00:00","description":"International relief is urgently needed at the Syria-T\u00fcrkiye borders after a series of intense earthquakes hit both countries in the span of a few weeks. Support charities in providing emergency aid now. Une aide internationale est n\u00e9cessaire de toute urgence \u00e0 la fronti\u00e8re entre la Syrie et la Turquie apr\u00e8s une s\u00e9rie de tremblements de terre intenses qui a frapp\u00e9 les deux pays en l\u2019espace de quelques semaines. Soutenez les organismes de bienfaisance en fournissant une aide d\u2019urgence d\u00e8s maintenant.","inLanguage":"fr","potentialAction":[{"@type":"ReadAction","target":["https:\/\/www.canadahelps.org\/fr\/49537-2\/"]}]},{"@type":"WebSite","@id":"https:\/\/www.canadahelps.org\/fr\/#website","url":"https:\/\/www.canadahelps.org\/fr\/","name":"CanadaHelps - Donate to any charity in Canada","description":"Le don en toute simplicit\u00e9","publisher":{"@id":"https:\/\/www.canadahelps.org\/fr\/#organization"},"potentialAction":[{"@type":"SearchAction","target":{"@type":"EntryPoint","urlTemplate":"https:\/\/www.canadahelps.org\/fr\/?s={search_term_string}"},"query-input":{"@type":"PropertyValueSpecification","valueRequired":true,"valueName":"search_term_string"}}],"inLanguage":"fr"},{"@type":"Organization","@id":"https:\/\/www.canadahelps.org\/fr\/#organization","name":"CanadaHelps","url":"https:\/\/www.canadahelps.org\/fr\/","logo":{"@type":"ImageObject","inLanguage":"fr","@id":"https:\/\/www.canadahelps.org\/fr\/#\/schema\/logo\/image\/","url":"https:\/\/www.canadahelps.org\/media\/canadahelps-en.jpg","contentUrl":"https:\/\/www.canadahelps.org\/media\/canadahelps-en.jpg","width":131,"height":72,"caption":"CanadaHelps"},"image":{"@id":"https:\/\/www.canadahelps.org\/fr\/#\/schema\/logo\/image\/"}}]}},"_links":{"self":[{"href":"https:\/\/www.canadahelps.org\/fr\/wp-json\/wp\/v2\/pages\/49537","targetHints":{"allow":["GET"]}}],"collection":[{"href":"https:\/\/www.canadahelps.org\/fr\/wp-json\/wp\/v2\/pages"}],"about":[{"href":"https:\/\/www.canadahelps.org\/fr\/wp-json\/wp\/v2\/types\/page"}],"author":[{"embeddable":true,"href":"https:\/\/www.canadahelps.org\/fr\/wp-json\/wp\/v2\/users\/7"}],"replies":[{"embeddable":true,"href":"https:\/\/www.canadahelps.org\/fr\/wp-json\/wp\/v2\/comments?post=49537"}],"version-history":[{"count":3,"href":"https:\/\/www.canadahelps.org\/fr\/wp-json\/wp\/v2\/pages\/49537\/revisions"}],"predecessor-version":[{"id":49547,"href":"https:\/\/www.canadahelps.org\/fr\/wp-json\/wp\/v2\/pages\/49537\/revisions\/49547"}],"wp:attachment":[{"href":"https:\/\/www.canadahelps.org\/fr\/wp-json\/wp\/v2\/media?parent=49537"}],"curies":[{"name":"wp","href":"https:\/\/api.w.org\/{rel}","templated":true}]}}