{"id":49778,"date":"2023-09-10T21:30:23","date_gmt":"2023-09-11T01:30:23","guid":{"rendered":"https:\/\/www.canadahelps.org\/?page_id=49778"},"modified":"2023-09-29T16:09:08","modified_gmt":"2023-09-29T20:09:08","slug":"secours-apres-le-efforts-tremblement-de-terre-au-maroc","status":"publish","type":"page","link":"https:\/\/www.canadahelps.org\/fr\/secours-apres-le-efforts-tremblement-de-terre-au-maroc\/","title":{"rendered":"Secours apr\u00e8s le tremblement de terre au Maroc"},"content":{"rendered":"<p><a class=\"btn btn--large btn--primary\" href=\"https:\/\/www.canadahelps.org\/en\/morocco-earthquake-response-charity-request-form\/\">Pour ajouter votre organisme de bienfaisance \u00e0 cette liste, cliquez ici<\/a><\/p>\n<p>&nbsp;<\/p>\n<p>R\u00e9f\u00e9rences<\/p>\n<ol>\n<li style=\"font-weight: 400;\" aria-level=\"1\"><a href=\"https:\/\/www.ctvnews.ca\/world\/aftershock-rattles-morocco-where-quake-killed-more-than-2-000-and-rescuers-race-to-find-survivors-1.6555230\">Magnitude of the Earthquake in Morocco &#8211; CTV News<\/a><\/li>\n<li aria-level=\"1\"><a href=\"https:\/\/www.cbc.ca\/news\/world\/moroccan-canadians-gather-after-deadly-earthquake-1.6962411\">Number of people affected &#8211; CBC News<\/a><\/li>\n<li aria-level=\"1\"><a href=\"https:\/\/www.cnn.com\/2023\/09\/09\/africa\/morocco-earthquake-what-we-know-intl\/index.html\">Cities impacted by the earthquake &#8211; CNN<\/a><\/li>\n<\/ol>\n","protected":false},"excerpt":{"rendered":"<p>Pour ajouter votre organisme de bienfaisance \u00e0 cette liste, cliquez ici &nbsp; R\u00e9f\u00e9rences Magnitude of the Earthquake in Morocco &#8211; CTV News Number of people &#8230; <a href=\"https:\/\/www.canadahelps.org\/fr\/secours-apres-le-efforts-tremblement-de-terre-au-maroc\/\" id=\"canadahelp-blog-meta\">Voir plus<\/a><\/p>\n","protected":false},"author":7,"featured_media":0,"parent":0,"menu_order":0,"comment_status":"closed","ping_status":"closed","template":"template-merchandise-page.php","meta":{"footnotes":""},"class_list":["post-49778","page","type-page","status-publish","hentry"],"acf":{"meta_description":"","use_toc_layout":false,"additional_body_css_classes":"","hide_page_title":false,"row_settings":[{"row_header":"Aidez \u00e0 fournir des secours imm\u00e9diats et \u00e0 soutenir les efforts de r\u00e9tablissement pour les personnes touch\u00e9es par le tremblement de terre d\u00e9vastateur au Maroc.","row_link_text":"","row_link_url":"","trigger_masonry_layout":true,"text_before_row":"","text_after_row":"","text_after_row_header":"","card_settings":[{"card_name":"CANADIAN RED CROSS","card_type":"campaign","id":"24070","display_categories":true,"display_image":true,"display_address":true,"display_summary":true,"display_campaign_types":true,"display_progress":true,"link_or_button":"button","card_link_text":"DONNEZ MAINTENANT"},{"card_name":"UNICEF CANADA","card_type":"campaign","id":"24071","display_categories":true,"display_image":true,"display_address":true,"display_summary":true,"display_campaign_types":true,"display_progress":true,"link_or_button":"button","card_link_text":"DONNEZ MAINTENANT"},{"card_name":"CARE Canada","card_type":"campaign","id":"24072","display_categories":true,"display_image":true,"display_address":true,"display_summary":true,"display_campaign_types":true,"display_progress":true,"link_or_button":"button","card_link_text":"DONNEZ MAINTENANT"},{"card_name":"Good Neighbors Canada","card_type":"campaign","id":"24074","display_categories":true,"display_image":true,"display_address":true,"display_summary":true,"display_campaign_types":true,"display_progress":true,"link_or_button":"button","card_link_text":"DONNEZ MAINTENANT"},{"card_name":"Development and Peace \u2014 Caritas Canada","card_type":"campaign","id":"24075","display_categories":true,"display_image":true,"display_address":true,"display_summary":true,"display_campaign_types":true,"display_progress":true,"link_or_button":"button","card_link_text":"DONNEZ MAINTENANT"},{"card_name":"ShelterBox Canada","card_type":"campaign","id":"24076","display_categories":true,"display_image":true,"display_address":true,"display_summary":true,"display_campaign_types":true,"display_progress":true,"link_or_button":"button","card_link_text":"DONNEZ MAINTENANT"},{"card_name":"Air Canada Foundation","card_type":"campaign","id":"24077","display_categories":true,"display_image":true,"display_address":true,"display_summary":true,"display_campaign_types":true,"display_progress":true,"link_or_button":"button","card_link_text":"DONNEZ MAINTENANT"},{"card_name":"HELPAGE CANADA","card_type":"campaign","id":"24079","display_categories":true,"display_image":true,"display_address":true,"display_summary":true,"display_campaign_types":true,"display_progress":true,"link_or_button":"button","card_link_text":"DONNEZ MAINTENANT"},{"card_name":"GLOBALMEDIC","card_type":"campaign","id":"24080","display_categories":true,"display_image":true,"display_address":true,"display_summary":true,"display_campaign_types":true,"display_progress":true,"link_or_button":"button","card_link_text":"DONNEZ MAINTENANT"},{"card_name":"Doctors of the World Canada","card_type":"campaign","id":"24083","display_categories":true,"display_image":true,"display_address":true,"display_summary":true,"display_campaign_types":true,"display_progress":true,"link_or_button":"button","card_link_text":"DONNEZ MAINTENANT"},{"card_name":"IDRF","card_type":"campaign","id":"24090","display_categories":true,"display_image":true,"display_address":true,"display_summary":true,"display_campaign_types":true,"display_progress":true,"link_or_button":"button","card_link_text":"DONNEZ MAINTENANT"},{"card_name":"(HPIC) Health Partners International of Canada","card_type":"campaign","id":"24091","display_categories":true,"display_image":true,"display_address":true,"display_summary":true,"display_campaign_types":true,"display_progress":true,"link_or_button":"button","card_link_text":"DONNEZ MAINTENANT"},{"card_name":"Humanity & Inclusion Canada - Handicap International","card_type":"campaign","id":"24089","display_categories":true,"display_image":true,"display_address":true,"display_summary":true,"display_campaign_types":true,"display_progress":true,"link_or_button":"button","card_link_text":"DONNEZ MAINTENANT"},{"card_name":"ShelterBox Canada","card_type":"campaign","id":"24076","display_categories":true,"display_image":true,"display_address":true,"display_summary":true,"display_campaign_types":true,"display_progress":true,"link_or_button":"button","card_link_text":"DONNEZ MAINTENANT"},{"card_name":"Hands for charity","card_type":"campaign","id":"24119","display_categories":true,"display_image":true,"display_address":true,"display_summary":true,"display_campaign_types":true,"display_progress":true,"link_or_button":"button","card_link_text":"DONNEZ MAINTENANT"},{"card_name":"DISASTER AID CANADA","card_type":"campaign","id":"24171","display_categories":true,"display_image":true,"display_address":true,"display_summary":true,"display_campaign_types":true,"display_progress":true,"link_or_button":"button","card_link_text":"DONNEZ MAINTENANT"}]}],"insert_spotlight_boxes":false,"use_biography_grid":false,"min_banner_height":"280","header_title":"<p>Soutenez les efforts de secours pour les personnes touch\u00e9es par le s\u00e9isme au Maroc<\/p>\n","explanatory_text":"<p>Plus de 2000 personnes ont \u00e9t\u00e9 retrouv\u00e9es mortes et des milliers d\u2019autres ont \u00e9t\u00e9 bless\u00e9es apr\u00e8s un tremblement de terre catastrophique qui a frapp\u00e9 le Maroc vendredi soir. Le s\u00e9isme, d\u2019une magnitude de 6,8, est le plus puissant \u00e0 frapper la r\u00e9gion depuis plus d\u2019un si\u00e8cle. L\u2019\u00e9picentre du s\u00e9isme se situait dans le Haut Atlas et a \u00e9t\u00e9 ressenti dans les villes voisines, notamment : Marrakech, Ourzazate, Safi, Essasouira, Agadir, Tiznit et Casablanca, touchant environ 300 000 personnes.<\/p>\n<p>Les dons destin\u00e9s aux efforts de secours \u00e0 la suite du tremblement de terre au Maroc serviront \u00e0 apporter des secours imm\u00e9diats, soutenir les efforts de r\u00e9tablissement et \u00e0 se pr\u00e9parer \u00e0 une crise future. Aidez les personnes touch\u00e9es par les tremblements de terre au Maroc et faites un don aujourd\u2019hui.<\/p>\n","button_text":"","button_link":""},"yoast_head":"<!-- This site is optimized with the Yoast SEO plugin v26.0 - https:\/\/yoast.com\/wordpress\/plugins\/seo\/ -->\n<title>Secours apr\u00e8s le tremblement de terre au Maroc | CanadaHelps - Donate to any charity in Canada<\/title>\n<meta name=\"description\" content=\"Soutenez les personnes touch\u00e9es par le tremblement de terre de 2023 au Maroc. Faites un don aux organismes de bienfaisance qui apportent une aide en cas de crise d\u00e8s aujourd\u2019hui.\" \/>\n<meta name=\"robots\" content=\"index, follow, max-snippet:-1, max-image-preview:large, max-video-preview:-1\" \/>\n<link rel=\"canonical\" href=\"https:\/\/www.canadahelps.org\/fr\/secours-apres-le-efforts-tremblement-de-terre-au-maroc\/\" \/>\n<meta property=\"og:locale\" content=\"fr_FR\" \/>\n<meta property=\"og:type\" content=\"article\" \/>\n<meta property=\"og:title\" content=\"Secours apr\u00e8s le tremblement de terre au Maroc | CanadaHelps - Donate to any charity in Canada\" \/>\n<meta property=\"og:description\" content=\"Soutenez les personnes touch\u00e9es par le tremblement de terre de 2023 au Maroc. Faites un don aux organismes de bienfaisance qui apportent une aide en cas de crise d\u00e8s aujourd\u2019hui.\" \/>\n<meta property=\"og:url\" content=\"https:\/\/www.canadahelps.org\/fr\/secours-apres-le-efforts-tremblement-de-terre-au-maroc\/\" \/>\n<meta property=\"og:site_name\" content=\"CanadaHelps - Donate to any charity in Canada\" \/>\n<meta property=\"article:modified_time\" content=\"2023-09-29T20:09:08+00:00\" \/>\n<meta name=\"twitter:card\" content=\"summary_large_image\" \/>\n<script type=\"application\/ld+json\" class=\"yoast-schema-graph\">{\"@context\":\"https:\/\/schema.org\",\"@graph\":[{\"@type\":\"WebPage\",\"@id\":\"https:\/\/www.canadahelps.org\/fr\/secours-apres-le-efforts-tremblement-de-terre-au-maroc\/\",\"url\":\"https:\/\/www.canadahelps.org\/fr\/secours-apres-le-efforts-tremblement-de-terre-au-maroc\/\",\"name\":\"Secours apr\u00e8s le tremblement de terre au Maroc | CanadaHelps - Donate to any charity in Canada\",\"isPartOf\":{\"@id\":\"https:\/\/www.canadahelps.org\/fr\/#website\"},\"datePublished\":\"2023-09-11T01:30:23+00:00\",\"dateModified\":\"2023-09-29T20:09:08+00:00\",\"description\":\"Soutenez les personnes touch\u00e9es par le tremblement de terre de 2023 au Maroc. Faites un don aux organismes de bienfaisance qui apportent une aide en cas de crise d\u00e8s aujourd\u2019hui.\",\"breadcrumb\":{\"@id\":\"https:\/\/www.canadahelps.org\/fr\/secours-apres-le-efforts-tremblement-de-terre-au-maroc\/#breadcrumb\"},\"inLanguage\":\"fr\",\"potentialAction\":[{\"@type\":\"ReadAction\",\"target\":[\"https:\/\/www.canadahelps.org\/fr\/secours-apres-le-efforts-tremblement-de-terre-au-maroc\/\"]}]},{\"@type\":\"BreadcrumbList\",\"@id\":\"https:\/\/www.canadahelps.org\/fr\/secours-apres-le-efforts-tremblement-de-terre-au-maroc\/#breadcrumb\",\"itemListElement\":[{\"@type\":\"ListItem\",\"position\":1,\"name\":\"Home\",\"item\":\"https:\/\/www.canadahelps.org\/fr\/\"},{\"@type\":\"ListItem\",\"position\":2,\"name\":\"Secours apr\u00e8s le tremblement de terre au Maroc\"}]},{\"@type\":\"WebSite\",\"@id\":\"https:\/\/www.canadahelps.org\/fr\/#website\",\"url\":\"https:\/\/www.canadahelps.org\/fr\/\",\"name\":\"CanadaHelps - Donate to any charity in Canada\",\"description\":\"Giving Made Simple\",\"publisher\":{\"@id\":\"https:\/\/www.canadahelps.org\/fr\/#organization\"},\"potentialAction\":[{\"@type\":\"SearchAction\",\"target\":{\"@type\":\"EntryPoint\",\"urlTemplate\":\"https:\/\/www.canadahelps.org\/fr\/?s={search_term_string}\"},\"query-input\":{\"@type\":\"PropertyValueSpecification\",\"valueRequired\":true,\"valueName\":\"search_term_string\"}}],\"inLanguage\":\"fr\"},{\"@type\":\"Organization\",\"@id\":\"https:\/\/www.canadahelps.org\/fr\/#organization\",\"name\":\"CanadaHelps\",\"url\":\"https:\/\/www.canadahelps.org\/fr\/\",\"logo\":{\"@type\":\"ImageObject\",\"inLanguage\":\"fr\",\"@id\":\"https:\/\/www.canadahelps.org\/fr\/#\/schema\/logo\/image\/\",\"url\":\"https:\/\/www.canadahelps.org\/media\/canadahelps-en.jpg\",\"contentUrl\":\"https:\/\/www.canadahelps.org\/media\/canadahelps-en.jpg\",\"width\":131,\"height\":72,\"caption\":\"CanadaHelps\"},\"image\":{\"@id\":\"https:\/\/www.canadahelps.org\/fr\/#\/schema\/logo\/image\/\"}}]}<\/script>\n<!-- \/ Yoast SEO plugin. -->","yoast_head_json":{"title":"Secours apr\u00e8s le tremblement de terre au Maroc | CanadaHelps - Donate to any charity in Canada","description":"Soutenez les personnes touch\u00e9es par le tremblement de terre de 2023 au Maroc. Faites un don aux organismes de bienfaisance qui apportent une aide en cas de crise d\u00e8s aujourd\u2019hui.","robots":{"index":"index","follow":"follow","max-snippet":"max-snippet:-1","max-image-preview":"max-image-preview:large","max-video-preview":"max-video-preview:-1"},"canonical":"https:\/\/www.canadahelps.org\/fr\/secours-apres-le-efforts-tremblement-de-terre-au-maroc\/","og_locale":"fr_FR","og_type":"article","og_title":"Secours apr\u00e8s le tremblement de terre au Maroc | CanadaHelps - Donate to any charity in Canada","og_description":"Soutenez les personnes touch\u00e9es par le tremblement de terre de 2023 au Maroc. Faites un don aux organismes de bienfaisance qui apportent une aide en cas de crise d\u00e8s aujourd\u2019hui.","og_url":"https:\/\/www.canadahelps.org\/fr\/secours-apres-le-efforts-tremblement-de-terre-au-maroc\/","og_site_name":"CanadaHelps - Donate to any charity in Canada","article_modified_time":"2023-09-29T20:09:08+00:00","twitter_card":"summary_large_image","schema":{"@context":"https:\/\/schema.org","@graph":[{"@type":"WebPage","@id":"https:\/\/www.canadahelps.org\/fr\/secours-apres-le-efforts-tremblement-de-terre-au-maroc\/","url":"https:\/\/www.canadahelps.org\/fr\/secours-apres-le-efforts-tremblement-de-terre-au-maroc\/","name":"Secours apr\u00e8s le tremblement de terre au Maroc | CanadaHelps - Donate to any charity in Canada","isPartOf":{"@id":"https:\/\/www.canadahelps.org\/fr\/#website"},"datePublished":"2023-09-11T01:30:23+00:00","dateModified":"2023-09-29T20:09:08+00:00","description":"Soutenez les personnes touch\u00e9es par le tremblement de terre de 2023 au Maroc. Faites un don aux organismes de bienfaisance qui apportent une aide en cas de crise d\u00e8s aujourd\u2019hui.","breadcrumb":{"@id":"https:\/\/www.canadahelps.org\/fr\/secours-apres-le-efforts-tremblement-de-terre-au-maroc\/#breadcrumb"},"inLanguage":"fr","potentialAction":[{"@type":"ReadAction","target":["https:\/\/www.canadahelps.org\/fr\/secours-apres-le-efforts-tremblement-de-terre-au-maroc\/"]}]},{"@type":"BreadcrumbList","@id":"https:\/\/www.canadahelps.org\/fr\/secours-apres-le-efforts-tremblement-de-terre-au-maroc\/#breadcrumb","itemListElement":[{"@type":"ListItem","position":1,"name":"Home","item":"https:\/\/www.canadahelps.org\/fr\/"},{"@type":"ListItem","position":2,"name":"Secours apr\u00e8s le tremblement de terre au Maroc"}]},{"@type":"WebSite","@id":"https:\/\/www.canadahelps.org\/fr\/#website","url":"https:\/\/www.canadahelps.org\/fr\/","name":"CanadaHelps - Donate to any charity in Canada","description":"Giving Made Simple","publisher":{"@id":"https:\/\/www.canadahelps.org\/fr\/#organization"},"potentialAction":[{"@type":"SearchAction","target":{"@type":"EntryPoint","urlTemplate":"https:\/\/www.canadahelps.org\/fr\/?s={search_term_string}"},"query-input":{"@type":"PropertyValueSpecification","valueRequired":true,"valueName":"search_term_string"}}],"inLanguage":"fr"},{"@type":"Organization","@id":"https:\/\/www.canadahelps.org\/fr\/#organization","name":"CanadaHelps","url":"https:\/\/www.canadahelps.org\/fr\/","logo":{"@type":"ImageObject","inLanguage":"fr","@id":"https:\/\/www.canadahelps.org\/fr\/#\/schema\/logo\/image\/","url":"https:\/\/www.canadahelps.org\/media\/canadahelps-en.jpg","contentUrl":"https:\/\/www.canadahelps.org\/media\/canadahelps-en.jpg","width":131,"height":72,"caption":"CanadaHelps"},"image":{"@id":"https:\/\/www.canadahelps.org\/fr\/#\/schema\/logo\/image\/"}}]}},"_links":{"self":[{"href":"https:\/\/www.canadahelps.org\/fr\/wp-json\/wp\/v2\/pages\/49778","targetHints":{"allow":["GET"]}}],"collection":[{"href":"https:\/\/www.canadahelps.org\/fr\/wp-json\/wp\/v2\/pages"}],"about":[{"href":"https:\/\/www.canadahelps.org\/fr\/wp-json\/wp\/v2\/types\/page"}],"author":[{"embeddable":true,"href":"https:\/\/www.canadahelps.org\/fr\/wp-json\/wp\/v2\/users\/7"}],"replies":[{"embeddable":true,"href":"https:\/\/www.canadahelps.org\/fr\/wp-json\/wp\/v2\/comments?post=49778"}],"version-history":[{"count":6,"href":"https:\/\/www.canadahelps.org\/fr\/wp-json\/wp\/v2\/pages\/49778\/revisions"}],"predecessor-version":[{"id":49935,"href":"https:\/\/www.canadahelps.org\/fr\/wp-json\/wp\/v2\/pages\/49778\/revisions\/49935"}],"wp:attachment":[{"href":"https:\/\/www.canadahelps.org\/fr\/wp-json\/wp\/v2\/media?parent=49778"}],"curies":[{"name":"wp","href":"https:\/\/api.w.org\/{rel}","templated":true}]}}