{"id":49799,"date":"2021-07-12T12:18:18","date_gmt":"2021-07-12T16:18:18","guid":{"rendered":"https:\/\/www.canadahelps.org\/?page_id=49799"},"modified":"2023-09-12T19:21:31","modified_gmt":"2023-09-12T23:21:31","slug":"faites-un-don-aux-organismes-de-bienfaisance-qui-repondent-aux-feux-de-foret-incontrolables-en-colombie-britannique","status":"publish","type":"page","link":"https:\/\/www.canadahelps.org\/fr\/faites-un-don-aux-organismes-de-bienfaisance-qui-repondent-aux-feux-de-foret-incontrolables-en-colombie-britannique\/","title":{"rendered":"Faites un don aux organismes de bienfaisance qui r\u00e9pondent aux feux de for\u00eat incontr\u00f4lables en Colombie-Britannique."},"content":{"rendered":"<p><a class=\"btn btn--large btn--primary\" href=\"https:\/\/www.canadahelps.org\/en\/bc-wildfire-response-2021\/\">Pour ajouter votre organisme de bienfaisance \u00e0 cette liste, cliquez ici<\/a><\/p>\n<p><strong>R\u00e9f\u00e9rences<\/strong><\/p>\n<p>1. <a href=\"https:\/\/www.cbc.ca\/news\/canada\/british-columbia\/donnie-creek-bc-wildfire-jun-18-1.6880715\"><span style=\"font-weight: 400;\">Largest wildfires in the province\u2019s history &#8211; CBC<\/span><\/a><\/p>\n<p>2. <a href=\"https:\/\/www.cbc.ca\/news\/canada\/british-columbia\/bc-wildfires-weekend-1.6098451\" target=\"_blank\" rel=\"noopener\">Evacutation orders in BC &#8211; Peace River Regional District<\/a><\/p>\n<p>3. <a href=\"https:\/\/vancouver.citynews.ca\/2023\/06\/18\/donnie-creek-wildfire-size-bc\/\">Cause of wildfires 2023 &#8211; City News<\/a><\/p>\n<p>&nbsp;<\/p>\n<p>&nbsp;<\/p>\n","protected":false},"excerpt":{"rendered":"<p>Pour ajouter votre organisme de bienfaisance \u00e0 cette liste, cliquez ici R\u00e9f\u00e9rences 1. Largest wildfires in the province\u2019s history &#8211; CBC 2. Evacutation orders in &#8230; <a href=\"https:\/\/www.canadahelps.org\/fr\/faites-un-don-aux-organismes-de-bienfaisance-qui-repondent-aux-feux-de-foret-incontrolables-en-colombie-britannique\/\" id=\"canadahelp-blog-meta\">Voir plus<\/a><\/p>\n","protected":false},"author":7,"featured_media":0,"parent":0,"menu_order":0,"comment_status":"closed","ping_status":"closed","template":"template-merchandise-page.php","meta":{"footnotes":""},"class_list":["post-49799","page","type-page","status-publish","hentry"],"acf":{"meta_description":"","use_toc_layout":false,"additional_body_css_classes":"","hide_page_title":true,"row_settings":[{"row_header":"Soutenez ces organismes de bienfaisance qui fournissent des efforts de secours en Colombie-Britannique","row_link_text":"","row_link_url":"","trigger_masonry_layout":true,"text_before_row":"","text_after_row":"","text_after_row_header":"<p>Aidez les personnes touch\u00e9es \u00e0 acc\u00e9der \u00e0 des services vitaux tels que de la nourriture, un abri d\u2019urgence, etc.<\/p>\n","card_settings":[{"card_name":"DISASTER AID CANADA","card_type":"campaign","id":"23920","display_categories":true,"display_image":true,"display_address":true,"display_summary":true,"display_campaign_types":true,"display_progress":true,"link_or_button":"button","card_link_text":"DONNEZ MAINTENANT"},{"card_name":"CANADIAN RED CROSS","card_type":"campaign","id":"24004","display_categories":true,"display_image":true,"display_address":true,"display_summary":true,"display_campaign_types":true,"display_progress":true,"link_or_button":"button","card_link_text":"DONNEZ MAINTENANT"},{"card_name":"Salvation Army","card_type":"campaign","id":"7044","display_categories":true,"display_image":true,"display_address":true,"display_summary":true,"display_campaign_types":true,"display_progress":true,"link_or_button":"button","card_link_text":"DONNEZ MAINTENANT"},{"card_name":"Central Okanagan Food Bank","card_type":"campaign","id":"19354","display_categories":true,"display_image":true,"display_address":true,"display_summary":true,"display_campaign_types":true,"display_progress":true,"link_or_button":"button","card_link_text":"DONNEZ MAINTENANT"},{"card_name":"SHUSWAP COMMUNITY FOUNDATION","card_type":"campaign","id":"24003","display_categories":true,"display_image":true,"display_address":true,"display_summary":true,"display_campaign_types":true,"display_progress":true,"link_or_button":"button","card_link_text":"DONNEZ MAINTENANT"},{"card_name":"YMCA of Southern Interior BC","card_type":"campaign","id":"24002","display_categories":true,"display_image":true,"display_address":true,"display_summary":true,"display_campaign_types":true,"display_progress":true,"link_or_button":"button","card_link_text":"DONNEZ MAINTENANT"},{"card_name":"PARACHUTES FOR PETS","card_type":"campaign","id":"23994","display_categories":true,"display_image":true,"display_address":true,"display_summary":true,"display_campaign_types":true,"display_progress":true,"link_or_button":"button","card_link_text":"DONNEZ MAINTENANT"},{"card_name":"United Way British Columbia","card_type":"campaign","id":"24012","display_categories":true,"display_image":true,"display_address":true,"display_summary":true,"display_campaign_types":true,"display_progress":true,"link_or_button":"button","card_link_text":"DONNEZ MAINTENANT"},{"card_name":"Samaritan's Purse Canada","card_type":"campaign","id":"24008","display_categories":true,"display_image":true,"display_address":true,"display_summary":true,"display_campaign_types":true,"display_progress":true,"link_or_button":"button","card_link_text":"DONNEZ MAINTENANT"},{"card_name":"Alert","card_type":"campaign","id":"24015","display_categories":true,"display_image":true,"display_address":true,"display_summary":true,"display_campaign_types":true,"display_progress":true,"link_or_button":"button","card_link_text":"DONNEZ MAINTENANT"},{"card_name":"BC SOCIETY FOR THE PREVENTION OF CRUELTY TO ANIMALS (BC SPCA)","card_type":"campaign","id":"9350","display_categories":true,"display_image":true,"display_address":true,"display_summary":true,"display_campaign_types":true,"display_progress":true,"link_or_button":"button","card_link_text":"DONNEZ MAINTENANT"},{"card_name":"UNIVERSITY OF BRITISH COLUMBIA","card_type":"campaign","id":"24018","display_categories":true,"display_image":true,"display_address":true,"display_summary":true,"display_campaign_types":true,"display_progress":true,"link_or_button":"button","card_link_text":"DONNEZ MAINTENANT"}]},{"row_header":"Soutenez ces organismes de bienfaisance qui fournissent des secours partout au Canada.","row_link_text":"","row_link_url":"","trigger_masonry_layout":true,"text_before_row":"","text_after_row":"","text_after_row_header":"","card_settings":[{"card_name":"GLOBALMEDIC","card_type":"campaign","id":"23778","display_categories":true,"display_image":true,"display_address":true,"display_summary":true,"display_campaign_types":true,"display_progress":true,"link_or_button":"button","card_link_text":"DONNEZ MAINTENANT"},{"card_name":"GLOBALFIRE","card_type":"campaign","id":"23780","display_categories":true,"display_image":true,"display_address":true,"display_summary":true,"display_campaign_types":true,"display_progress":true,"link_or_button":"button","card_link_text":"DONNEZ MAINTENANT"},{"card_name":"CANADIAN RED CROSS","card_type":"campaign","id":"23897","display_categories":true,"display_image":true,"display_address":true,"display_summary":true,"display_campaign_types":true,"display_progress":true,"link_or_button":"button","card_link_text":"DONNEZ MAINTENANT"}]}],"insert_spotlight_boxes":false,"use_biography_grid":false,"min_banner_height":"280","header_title":"<p>Soutenez ces organismes de bienfaisance qui fournissent des efforts de secours en Colombie-Britannique<\/p>\n","explanatory_text":"<p>La Colombie-Britannique conna\u00eet la pire saison de feux de for\u00eat de son histoire, et les cons\u00e9quences sont d\u00e9sastreuses. Depuis avril, plus de 1000 feux de for\u00eat sont actifs et trois millions d\u2019acres de terres ont \u00e9t\u00e9 br\u00fbl\u00e9s, d\u00e9pla\u00e7ant ainsi des milliers d\u2019habitants, avec plus de 3500 habitants en alerte d\u2019\u00e9vacuation au 24 juillet. Des centaines de maisons et d\u2019infrastructures critiques ont \u00e9t\u00e9 endommag\u00e9es, y compris des routes utilis\u00e9es pour acc\u00e9der aux communaut\u00e9s autochtones. Depuis, les pompiers travaillent sans rel\u00e2che 24 heures sur 24 pour tenter de limiter les d\u00e9g\u00e2ts, mettant ainsi leur vie en danger. Malheureusement, il reste encore des mois de haute saison des feux de for\u00eat en Colombie-Britannique, ce qui compliquera encore plus le r\u00e9tablissement de la province.<\/p>\n<p>Faites un don \u00e0 des organismes de bienfaisance de confiance qui interviennent en Colombie-Britannique. Vos dons les aideront \u00e0 fournir des services d\u2019urgence, du mat\u00e9riel de lutte contre les incendies, de la nourriture et des v\u00eatements.<\/p>\n","button_text":"","button_link":""},"yoast_head":"<!-- This site is optimized with the Yoast SEO plugin v26.0 - https:\/\/yoast.com\/wordpress\/plugins\/seo\/ -->\n<title>Feux de for\u00eat en Colombie-Britannique | CanaDon - Faites des dons \u00e0 un organisme de bienfaisance au Canada<\/title>\n<meta name=\"description\" content=\"Donate to charities responding to the out of control wildfires in British Columbia. Donate to crisis relief efforts today. Faites un don aux organismes de bienfaisance qui r\u00e9pondent aux feux de for\u00eat incontr\u00f4lables en Colombie-Britannique. Faites un don aux efforts de secours en cas de crise d\u00e8s aujourd\u2019hui.\" \/>\n<meta name=\"robots\" content=\"index, follow, max-snippet:-1, max-image-preview:large, max-video-preview:-1\" \/>\n<link rel=\"canonical\" href=\"https:\/\/www.canadahelps.org\/fr\/faites-un-don-aux-organismes-de-bienfaisance-qui-repondent-aux-feux-de-foret-incontrolables-en-colombie-britannique\/\" \/>\n<meta property=\"og:locale\" content=\"fr_FR\" \/>\n<meta property=\"og:type\" content=\"article\" \/>\n<meta property=\"og:title\" content=\"Feux de for\u00eat en Colombie-Britannique | CanaDon - Faites des dons \u00e0 un organisme de bienfaisance au Canada\" \/>\n<meta property=\"og:description\" content=\"Donate to charities responding to the out of control wildfires in British Columbia. Donate to crisis relief efforts today. Faites un don aux organismes de bienfaisance qui r\u00e9pondent aux feux de for\u00eat incontr\u00f4lables en Colombie-Britannique. Faites un don aux efforts de secours en cas de crise d\u00e8s aujourd\u2019hui.\" \/>\n<meta property=\"og:url\" content=\"https:\/\/www.canadahelps.org\/fr\/faites-un-don-aux-organismes-de-bienfaisance-qui-repondent-aux-feux-de-foret-incontrolables-en-colombie-britannique\/\" \/>\n<meta property=\"og:site_name\" content=\"CanaDon - Faites des dons \u00e0 un organisme de bienfaisance au Canada\" \/>\n<meta property=\"article:modified_time\" content=\"2023-09-12T23:21:31+00:00\" \/>\n<meta name=\"twitter:card\" content=\"summary_large_image\" \/>\n<script type=\"application\/ld+json\" class=\"yoast-schema-graph\">{\"@context\":\"https:\/\/schema.org\",\"@graph\":[{\"@type\":\"WebPage\",\"@id\":\"https:\/\/www.canadahelps.org\/fr\/faites-un-don-aux-organismes-de-bienfaisance-qui-repondent-aux-feux-de-foret-incontrolables-en-colombie-britannique\/\",\"url\":\"https:\/\/www.canadahelps.org\/fr\/faites-un-don-aux-organismes-de-bienfaisance-qui-repondent-aux-feux-de-foret-incontrolables-en-colombie-britannique\/\",\"name\":\"Feux de for\u00eat en Colombie-Britannique | CanaDon - Faites des dons \u00e0 un organisme de bienfaisance au Canada\",\"isPartOf\":{\"@id\":\"https:\/\/www.canadahelps.org\/fr\/#website\"},\"datePublished\":\"2021-07-12T16:18:18+00:00\",\"dateModified\":\"2023-09-12T23:21:31+00:00\",\"description\":\"Donate to charities responding to the out of control wildfires in British Columbia. Donate to crisis relief efforts today. Faites un don aux organismes de bienfaisance qui r\u00e9pondent aux feux de for\u00eat incontr\u00f4lables en Colombie-Britannique. Faites un don aux efforts de secours en cas de crise d\u00e8s aujourd\u2019hui.\",\"breadcrumb\":{\"@id\":\"https:\/\/www.canadahelps.org\/fr\/faites-un-don-aux-organismes-de-bienfaisance-qui-repondent-aux-feux-de-foret-incontrolables-en-colombie-britannique\/#breadcrumb\"},\"inLanguage\":\"fr\",\"potentialAction\":[{\"@type\":\"ReadAction\",\"target\":[\"https:\/\/www.canadahelps.org\/fr\/faites-un-don-aux-organismes-de-bienfaisance-qui-repondent-aux-feux-de-foret-incontrolables-en-colombie-britannique\/\"]}]},{\"@type\":\"BreadcrumbList\",\"@id\":\"https:\/\/www.canadahelps.org\/fr\/faites-un-don-aux-organismes-de-bienfaisance-qui-repondent-aux-feux-de-foret-incontrolables-en-colombie-britannique\/#breadcrumb\",\"itemListElement\":[{\"@type\":\"ListItem\",\"position\":1,\"name\":\"Home\",\"item\":\"https:\/\/www.canadahelps.org\/fr\/\"},{\"@type\":\"ListItem\",\"position\":2,\"name\":\"Faites un don aux organismes de bienfaisance qui r\u00e9pondent aux feux de for\u00eat incontr\u00f4lables en Colombie-Britannique.\"}]},{\"@type\":\"WebSite\",\"@id\":\"https:\/\/www.canadahelps.org\/fr\/#website\",\"url\":\"https:\/\/www.canadahelps.org\/fr\/\",\"name\":\"CanadaHelps - Donate to any charity in Canada\",\"description\":\"Le don en toute simplicit\u00e9\",\"publisher\":{\"@id\":\"https:\/\/www.canadahelps.org\/fr\/#organization\"},\"potentialAction\":[{\"@type\":\"SearchAction\",\"target\":{\"@type\":\"EntryPoint\",\"urlTemplate\":\"https:\/\/www.canadahelps.org\/fr\/?s={search_term_string}\"},\"query-input\":{\"@type\":\"PropertyValueSpecification\",\"valueRequired\":true,\"valueName\":\"search_term_string\"}}],\"inLanguage\":\"fr\"},{\"@type\":\"Organization\",\"@id\":\"https:\/\/www.canadahelps.org\/fr\/#organization\",\"name\":\"CanadaHelps\",\"url\":\"https:\/\/www.canadahelps.org\/fr\/\",\"logo\":{\"@type\":\"ImageObject\",\"inLanguage\":\"fr\",\"@id\":\"https:\/\/www.canadahelps.org\/fr\/#\/schema\/logo\/image\/\",\"url\":\"https:\/\/www.canadahelps.org\/media\/canadahelps-en.jpg\",\"contentUrl\":\"https:\/\/www.canadahelps.org\/media\/canadahelps-en.jpg\",\"width\":131,\"height\":72,\"caption\":\"CanadaHelps\"},\"image\":{\"@id\":\"https:\/\/www.canadahelps.org\/fr\/#\/schema\/logo\/image\/\"}}]}<\/script>\n<!-- \/ Yoast SEO plugin. -->","yoast_head_json":{"title":"Feux de for\u00eat en Colombie-Britannique | CanaDon - Faites des dons \u00e0 un organisme de bienfaisance au Canada","description":"Donate to charities responding to the out of control wildfires in British Columbia. Donate to crisis relief efforts today. Faites un don aux organismes de bienfaisance qui r\u00e9pondent aux feux de for\u00eat incontr\u00f4lables en Colombie-Britannique. Faites un don aux efforts de secours en cas de crise d\u00e8s aujourd\u2019hui.","robots":{"index":"index","follow":"follow","max-snippet":"max-snippet:-1","max-image-preview":"max-image-preview:large","max-video-preview":"max-video-preview:-1"},"canonical":"https:\/\/www.canadahelps.org\/fr\/faites-un-don-aux-organismes-de-bienfaisance-qui-repondent-aux-feux-de-foret-incontrolables-en-colombie-britannique\/","og_locale":"fr_FR","og_type":"article","og_title":"Feux de for\u00eat en Colombie-Britannique | CanaDon - Faites des dons \u00e0 un organisme de bienfaisance au Canada","og_description":"Donate to charities responding to the out of control wildfires in British Columbia. Donate to crisis relief efforts today. Faites un don aux organismes de bienfaisance qui r\u00e9pondent aux feux de for\u00eat incontr\u00f4lables en Colombie-Britannique. Faites un don aux efforts de secours en cas de crise d\u00e8s aujourd\u2019hui.","og_url":"https:\/\/www.canadahelps.org\/fr\/faites-un-don-aux-organismes-de-bienfaisance-qui-repondent-aux-feux-de-foret-incontrolables-en-colombie-britannique\/","og_site_name":"CanaDon - Faites des dons \u00e0 un organisme de bienfaisance au Canada","article_modified_time":"2023-09-12T23:21:31+00:00","twitter_card":"summary_large_image","schema":{"@context":"https:\/\/schema.org","@graph":[{"@type":"WebPage","@id":"https:\/\/www.canadahelps.org\/fr\/faites-un-don-aux-organismes-de-bienfaisance-qui-repondent-aux-feux-de-foret-incontrolables-en-colombie-britannique\/","url":"https:\/\/www.canadahelps.org\/fr\/faites-un-don-aux-organismes-de-bienfaisance-qui-repondent-aux-feux-de-foret-incontrolables-en-colombie-britannique\/","name":"Feux de for\u00eat en Colombie-Britannique | CanaDon - Faites des dons \u00e0 un organisme de bienfaisance au Canada","isPartOf":{"@id":"https:\/\/www.canadahelps.org\/fr\/#website"},"datePublished":"2021-07-12T16:18:18+00:00","dateModified":"2023-09-12T23:21:31+00:00","description":"Donate to charities responding to the out of control wildfires in British Columbia. Donate to crisis relief efforts today. Faites un don aux organismes de bienfaisance qui r\u00e9pondent aux feux de for\u00eat incontr\u00f4lables en Colombie-Britannique. Faites un don aux efforts de secours en cas de crise d\u00e8s aujourd\u2019hui.","breadcrumb":{"@id":"https:\/\/www.canadahelps.org\/fr\/faites-un-don-aux-organismes-de-bienfaisance-qui-repondent-aux-feux-de-foret-incontrolables-en-colombie-britannique\/#breadcrumb"},"inLanguage":"fr","potentialAction":[{"@type":"ReadAction","target":["https:\/\/www.canadahelps.org\/fr\/faites-un-don-aux-organismes-de-bienfaisance-qui-repondent-aux-feux-de-foret-incontrolables-en-colombie-britannique\/"]}]},{"@type":"BreadcrumbList","@id":"https:\/\/www.canadahelps.org\/fr\/faites-un-don-aux-organismes-de-bienfaisance-qui-repondent-aux-feux-de-foret-incontrolables-en-colombie-britannique\/#breadcrumb","itemListElement":[{"@type":"ListItem","position":1,"name":"Home","item":"https:\/\/www.canadahelps.org\/fr\/"},{"@type":"ListItem","position":2,"name":"Faites un don aux organismes de bienfaisance qui r\u00e9pondent aux feux de for\u00eat incontr\u00f4lables en Colombie-Britannique."}]},{"@type":"WebSite","@id":"https:\/\/www.canadahelps.org\/fr\/#website","url":"https:\/\/www.canadahelps.org\/fr\/","name":"CanadaHelps - Donate to any charity in Canada","description":"Le don en toute simplicit\u00e9","publisher":{"@id":"https:\/\/www.canadahelps.org\/fr\/#organization"},"potentialAction":[{"@type":"SearchAction","target":{"@type":"EntryPoint","urlTemplate":"https:\/\/www.canadahelps.org\/fr\/?s={search_term_string}"},"query-input":{"@type":"PropertyValueSpecification","valueRequired":true,"valueName":"search_term_string"}}],"inLanguage":"fr"},{"@type":"Organization","@id":"https:\/\/www.canadahelps.org\/fr\/#organization","name":"CanadaHelps","url":"https:\/\/www.canadahelps.org\/fr\/","logo":{"@type":"ImageObject","inLanguage":"fr","@id":"https:\/\/www.canadahelps.org\/fr\/#\/schema\/logo\/image\/","url":"https:\/\/www.canadahelps.org\/media\/canadahelps-en.jpg","contentUrl":"https:\/\/www.canadahelps.org\/media\/canadahelps-en.jpg","width":131,"height":72,"caption":"CanadaHelps"},"image":{"@id":"https:\/\/www.canadahelps.org\/fr\/#\/schema\/logo\/image\/"}}]}},"_links":{"self":[{"href":"https:\/\/www.canadahelps.org\/fr\/wp-json\/wp\/v2\/pages\/49799","targetHints":{"allow":["GET"]}}],"collection":[{"href":"https:\/\/www.canadahelps.org\/fr\/wp-json\/wp\/v2\/pages"}],"about":[{"href":"https:\/\/www.canadahelps.org\/fr\/wp-json\/wp\/v2\/types\/page"}],"author":[{"embeddable":true,"href":"https:\/\/www.canadahelps.org\/fr\/wp-json\/wp\/v2\/users\/7"}],"replies":[{"embeddable":true,"href":"https:\/\/www.canadahelps.org\/fr\/wp-json\/wp\/v2\/comments?post=49799"}],"version-history":[{"count":2,"href":"https:\/\/www.canadahelps.org\/fr\/wp-json\/wp\/v2\/pages\/49799\/revisions"}],"predecessor-version":[{"id":49804,"href":"https:\/\/www.canadahelps.org\/fr\/wp-json\/wp\/v2\/pages\/49799\/revisions\/49804"}],"wp:attachment":[{"href":"https:\/\/www.canadahelps.org\/fr\/wp-json\/wp\/v2\/media?parent=49799"}],"curies":[{"name":"wp","href":"https:\/\/api.w.org\/{rel}","templated":true}]}}