{"id":49805,"date":"2023-08-17T08:49:28","date_gmt":"2023-08-17T12:49:28","guid":{"rendered":"https:\/\/www.canadahelps.org\/?page_id=49805"},"modified":"2023-09-12T20:03:02","modified_gmt":"2023-09-13T00:03:02","slug":"soutenez-les-efforts-de-secours-contre-les-feux-de-foret-dans-les-territoires-du-nord-ouest","status":"publish","type":"page","link":"https:\/\/www.canadahelps.org\/fr\/soutenez-les-efforts-de-secours-contre-les-feux-de-foret-dans-les-territoires-du-nord-ouest\/","title":{"rendered":"Soutenez les efforts de secours contre les feux de for\u00eat dans les Territoires du Nord-Ouest"},"content":{"rendered":"<p><a class=\"btn btn--large btn--primary\" href=\"https:\/\/www.canadahelps.org\/en\/bc-wildfire-response-2021\/\">Pour ajouter votre organisme de bienfaisance \u00e0 cette liste, cliquez ici<\/a><\/p>\n<p><strong>R\u00e9f\u00e9rences<\/strong><\/p>\n<p><a href=\"https:\/\/www.ctvnews.ca\/canada\/n-w-t-officials-order-phased-evacuation-of-yellowknife-as-wildfire-approaches-city-1.6522623\">Evacuation plan in N.W.T. &#8211; CTV News<\/a><\/p>\n<p><a href=\"https:\/\/globalnews.ca\/news\/9901176\/northwest-territories-wildfires-enterprise-yellowknife-august-16\/\">Number of people affected &#8211; Global News<\/a><\/p>\n<p><a href=\"https:\/\/www.theglobeandmail.com\/canada\/article-yellowknife-other-northwest-territories-towns-ordered-to-evacuate-due\/\">Number of fires in N.W.T. &#8211; The Globe and Mail<\/a><\/p>\n<p>&nbsp;<\/p>\n","protected":false},"excerpt":{"rendered":"<p>Pour ajouter votre organisme de bienfaisance \u00e0 cette liste, cliquez ici R\u00e9f\u00e9rences Evacuation plan in N.W.T. &#8211; CTV News Number of people affected &#8211; Global &#8230; <a href=\"https:\/\/www.canadahelps.org\/fr\/soutenez-les-efforts-de-secours-contre-les-feux-de-foret-dans-les-territoires-du-nord-ouest\/\" id=\"canadahelp-blog-meta\">Voir plus<\/a><\/p>\n","protected":false},"author":7,"featured_media":0,"parent":0,"menu_order":0,"comment_status":"closed","ping_status":"closed","template":"template-merchandise-page.php","meta":{"footnotes":""},"class_list":["post-49805","page","type-page","status-publish","hentry"],"acf":{"meta_description":"","use_toc_layout":false,"additional_body_css_classes":"","hide_page_title":false,"row_settings":[{"row_header":"Soutenez les efforts de secours contre les feux de for\u00eat dans les Territoires du Nord-Ouest.","row_link_text":"","row_link_url":"","trigger_masonry_layout":true,"text_before_row":"","text_after_row":"","text_after_row_header":"<p>Chaque montant vers\u00e9 est utile. Vos contributions sont directement achemin\u00e9es \u00e0 des organismes qui fournissent des ressources essentielles comme de la nourriture, de l\u2019eau et un abri aux personnes d\u00e9plac\u00e9es \u00e0 cause des feux de for\u00eat. De plus, les fonds contribuent aux efforts de reconstruction : ils assurent le r\u00e9tablissement et la reconstruction des communaut\u00e9s et des moyens de subsistance apr\u00e8s ces \u00e9v\u00e9nements aussi d\u00e9vastateurs. Merci pour votre g\u00e9n\u00e9rosit\u00e9 et pour votre soutien aux personnes qui en ont besoin<\/p>\n","card_settings":[{"card_name":"CANADIAN RED CROSS","card_type":"campaign","id":"24000","display_categories":true,"display_image":true,"display_address":true,"display_summary":true,"display_campaign_types":true,"display_progress":true,"link_or_button":"button","card_link_text":"DONNEZ MAINTENANT"},{"card_name":"NWT SPCA","card_type":"campaign","id":"23930","display_categories":true,"display_image":true,"display_address":true,"display_summary":true,"display_campaign_types":true,"display_progress":true,"link_or_button":"button","card_link_text":"DONNEZ MAINTENANT"},{"card_name":"VETERINARIANS WITHOUT BORDERS \/ VETERINAIRES SANS FRONTIERES","card_type":"campaign","id":"23919","display_categories":true,"display_image":true,"display_address":true,"display_summary":true,"display_campaign_types":true,"display_progress":true,"link_or_button":"button","card_link_text":"DONNEZ MAINTENANT"},{"card_name":"PARACHUTES FOR PETS","card_type":"campaign","id":"23994","display_categories":true,"display_image":true,"display_address":true,"display_summary":true,"display_campaign_types":true,"display_progress":true,"link_or_button":"button","card_link_text":"DONNEZ MAINTENANT"}]},{"row_header":"Soutenez ces organismes de bienfaisance qui fournissent des secours partout au Canada.","row_link_text":"","row_link_url":"","trigger_masonry_layout":true,"text_before_row":"","text_after_row":"","text_after_row_header":"","card_settings":[{"card_name":"CANADIAN RED CROSS","card_type":"campaign","id":"23897","display_categories":true,"display_image":true,"display_address":true,"display_summary":true,"display_campaign_types":true,"display_progress":true,"link_or_button":"button","card_link_text":"DONNEZ MAINTENANT"},{"card_name":"GLOBALMEDIC","card_type":"campaign","id":"23778","display_categories":true,"display_image":true,"display_address":true,"display_summary":true,"display_campaign_types":true,"display_progress":true,"link_or_button":"button","card_link_text":"DONNEZ MAINTENANT"},{"card_name":"GLOBALFIRE","card_type":"campaign","id":"23780","display_categories":true,"display_image":true,"display_address":true,"display_summary":true,"display_campaign_types":true,"display_progress":true,"link_or_button":"button","card_link_text":"DONNEZ MAINTENANT"}]}],"insert_spotlight_boxes":false,"use_biography_grid":false,"min_banner_height":"280","header_title":"<p>Soutenez les efforts de secours contre les feux de for\u00eat dans les Territoires du Nord-Ouest<\/p>\n","explanatory_text":"<p>Depuis mercredi 16 ao\u00fbt 2023, les autorit\u00e9s ont ordonn\u00e9 l\u2019\u00e9vacuation des habitants de Yellowknife, tandis que les feux de for\u00eat se rapprochent de la ville. La capitale abrite 20 000 habitants qui seront \u00e9vacu\u00e9s selon une approche progressive d\u00e9termin\u00e9e en fonction du niveau de risque.<\/p>\n<p>\u00c0 la mi-ao\u00fbt, environ 240 incendies ravageaient le territoire, provoquant le d\u00e9placement de milliers de personnes de leurs foyers. Cela a provoqu\u00e9 la destruction d\u2019habitations et de structures ainsi que la fermeture d\u2019autoroutes. Cela a \u00e9galement eu un impact sur les t\u00e9l\u00e9communications sans fil dans la r\u00e9gion, faisant perdre \u00e0 de nombreux habitants la possibilit\u00e9 d\u2019obtenir de nouvelles informations sur la crise.<\/p>\n<p>Le manque de pluie et le temps chaud et sec qui persiste ne font qu\u2019empirer la situation. Les communaut\u00e9s des Territoires du Nord-Ouest ont besoin de votre aide. Faites un don aujourd\u2019hui pour aider les organismes qui fournissent des secours, aident au r\u00e9tablissement et interviennent \u00e0 la suite des feux de for\u00eat dans les Territoires du Nord-Ouest.<\/p>\n","button_text":"","button_link":""},"yoast_head":"<!-- This site is optimized with the Yoast SEO plugin v26.0 - https:\/\/yoast.com\/wordpress\/plugins\/seo\/ -->\n<title>Soutenez les efforts de secours contre les feux de for\u00eat dans les Territoires du Nord-Ouest| CanadaHelps - Donate to any charity in Canada<\/title>\n<meta name=\"description\" content=\"Faites un don aux organismes de bienfaisance qui r\u00e9pondent aux feux de for\u00eat d\u00e9vastateurs dans les Territoires du Nord-Ouest. Faites un don d\u00e8s aujourd\u2019hui pour les efforts de secours contre les feux de for\u00eat.\" \/>\n<meta name=\"robots\" content=\"index, follow, max-snippet:-1, max-image-preview:large, max-video-preview:-1\" \/>\n<link rel=\"canonical\" href=\"https:\/\/www.canadahelps.org\/fr\/soutenez-les-efforts-de-secours-contre-les-feux-de-foret-dans-les-territoires-du-nord-ouest\/\" \/>\n<meta property=\"og:locale\" content=\"fr_FR\" \/>\n<meta property=\"og:type\" content=\"article\" \/>\n<meta property=\"og:title\" content=\"Soutenez les efforts de secours contre les feux de for\u00eat dans les Territoires du Nord-Ouest| CanadaHelps - Donate to any charity in Canada\" \/>\n<meta property=\"og:description\" content=\"Faites un don aux organismes de bienfaisance qui r\u00e9pondent aux feux de for\u00eat d\u00e9vastateurs dans les Territoires du Nord-Ouest. Faites un don d\u00e8s aujourd\u2019hui pour les efforts de secours contre les feux de for\u00eat.\" \/>\n<meta property=\"og:url\" content=\"https:\/\/www.canadahelps.org\/fr\/soutenez-les-efforts-de-secours-contre-les-feux-de-foret-dans-les-territoires-du-nord-ouest\/\" \/>\n<meta property=\"og:site_name\" content=\"CanadaHelps - Donate to any charity in Canada\" \/>\n<meta property=\"article:modified_time\" content=\"2023-09-13T00:03:02+00:00\" \/>\n<meta name=\"twitter:card\" content=\"summary_large_image\" \/>\n<script type=\"application\/ld+json\" class=\"yoast-schema-graph\">{\"@context\":\"https:\/\/schema.org\",\"@graph\":[{\"@type\":\"WebPage\",\"@id\":\"https:\/\/www.canadahelps.org\/fr\/soutenez-les-efforts-de-secours-contre-les-feux-de-foret-dans-les-territoires-du-nord-ouest\/\",\"url\":\"https:\/\/www.canadahelps.org\/fr\/soutenez-les-efforts-de-secours-contre-les-feux-de-foret-dans-les-territoires-du-nord-ouest\/\",\"name\":\"Soutenez les efforts de secours contre les feux de for\u00eat dans les Territoires du Nord-Ouest| CanadaHelps - Donate to any charity in Canada\",\"isPartOf\":{\"@id\":\"https:\/\/www.canadahelps.org\/fr\/#website\"},\"datePublished\":\"2023-08-17T12:49:28+00:00\",\"dateModified\":\"2023-09-13T00:03:02+00:00\",\"description\":\"Faites un don aux organismes de bienfaisance qui r\u00e9pondent aux feux de for\u00eat d\u00e9vastateurs dans les Territoires du Nord-Ouest. Faites un don d\u00e8s aujourd\u2019hui pour les efforts de secours contre les feux de for\u00eat.\",\"breadcrumb\":{\"@id\":\"https:\/\/www.canadahelps.org\/fr\/soutenez-les-efforts-de-secours-contre-les-feux-de-foret-dans-les-territoires-du-nord-ouest\/#breadcrumb\"},\"inLanguage\":\"fr\",\"potentialAction\":[{\"@type\":\"ReadAction\",\"target\":[\"https:\/\/www.canadahelps.org\/fr\/soutenez-les-efforts-de-secours-contre-les-feux-de-foret-dans-les-territoires-du-nord-ouest\/\"]}]},{\"@type\":\"BreadcrumbList\",\"@id\":\"https:\/\/www.canadahelps.org\/fr\/soutenez-les-efforts-de-secours-contre-les-feux-de-foret-dans-les-territoires-du-nord-ouest\/#breadcrumb\",\"itemListElement\":[{\"@type\":\"ListItem\",\"position\":1,\"name\":\"Home\",\"item\":\"https:\/\/www.canadahelps.org\/fr\/\"},{\"@type\":\"ListItem\",\"position\":2,\"name\":\"Soutenez les efforts de secours contre les feux de for\u00eat dans les Territoires du Nord-Ouest\"}]},{\"@type\":\"WebSite\",\"@id\":\"https:\/\/www.canadahelps.org\/fr\/#website\",\"url\":\"https:\/\/www.canadahelps.org\/fr\/\",\"name\":\"CanadaHelps - Donate to any charity in Canada\",\"description\":\"Giving Made Simple\",\"publisher\":{\"@id\":\"https:\/\/www.canadahelps.org\/fr\/#organization\"},\"potentialAction\":[{\"@type\":\"SearchAction\",\"target\":{\"@type\":\"EntryPoint\",\"urlTemplate\":\"https:\/\/www.canadahelps.org\/fr\/?s={search_term_string}\"},\"query-input\":{\"@type\":\"PropertyValueSpecification\",\"valueRequired\":true,\"valueName\":\"search_term_string\"}}],\"inLanguage\":\"fr\"},{\"@type\":\"Organization\",\"@id\":\"https:\/\/www.canadahelps.org\/fr\/#organization\",\"name\":\"CanadaHelps\",\"url\":\"https:\/\/www.canadahelps.org\/fr\/\",\"logo\":{\"@type\":\"ImageObject\",\"inLanguage\":\"fr\",\"@id\":\"https:\/\/www.canadahelps.org\/fr\/#\/schema\/logo\/image\/\",\"url\":\"https:\/\/www.canadahelps.org\/media\/canadahelps-en.jpg\",\"contentUrl\":\"https:\/\/www.canadahelps.org\/media\/canadahelps-en.jpg\",\"width\":131,\"height\":72,\"caption\":\"CanadaHelps\"},\"image\":{\"@id\":\"https:\/\/www.canadahelps.org\/fr\/#\/schema\/logo\/image\/\"}}]}<\/script>\n<!-- \/ Yoast SEO plugin. -->","yoast_head_json":{"title":"Soutenez les efforts de secours contre les feux de for\u00eat dans les Territoires du Nord-Ouest| CanadaHelps - Donate to any charity in Canada","description":"Faites un don aux organismes de bienfaisance qui r\u00e9pondent aux feux de for\u00eat d\u00e9vastateurs dans les Territoires du Nord-Ouest. Faites un don d\u00e8s aujourd\u2019hui pour les efforts de secours contre les feux de for\u00eat.","robots":{"index":"index","follow":"follow","max-snippet":"max-snippet:-1","max-image-preview":"max-image-preview:large","max-video-preview":"max-video-preview:-1"},"canonical":"https:\/\/www.canadahelps.org\/fr\/soutenez-les-efforts-de-secours-contre-les-feux-de-foret-dans-les-territoires-du-nord-ouest\/","og_locale":"fr_FR","og_type":"article","og_title":"Soutenez les efforts de secours contre les feux de for\u00eat dans les Territoires du Nord-Ouest| CanadaHelps - Donate to any charity in Canada","og_description":"Faites un don aux organismes de bienfaisance qui r\u00e9pondent aux feux de for\u00eat d\u00e9vastateurs dans les Territoires du Nord-Ouest. Faites un don d\u00e8s aujourd\u2019hui pour les efforts de secours contre les feux de for\u00eat.","og_url":"https:\/\/www.canadahelps.org\/fr\/soutenez-les-efforts-de-secours-contre-les-feux-de-foret-dans-les-territoires-du-nord-ouest\/","og_site_name":"CanadaHelps - Donate to any charity in Canada","article_modified_time":"2023-09-13T00:03:02+00:00","twitter_card":"summary_large_image","schema":{"@context":"https:\/\/schema.org","@graph":[{"@type":"WebPage","@id":"https:\/\/www.canadahelps.org\/fr\/soutenez-les-efforts-de-secours-contre-les-feux-de-foret-dans-les-territoires-du-nord-ouest\/","url":"https:\/\/www.canadahelps.org\/fr\/soutenez-les-efforts-de-secours-contre-les-feux-de-foret-dans-les-territoires-du-nord-ouest\/","name":"Soutenez les efforts de secours contre les feux de for\u00eat dans les Territoires du Nord-Ouest| CanadaHelps - Donate to any charity in Canada","isPartOf":{"@id":"https:\/\/www.canadahelps.org\/fr\/#website"},"datePublished":"2023-08-17T12:49:28+00:00","dateModified":"2023-09-13T00:03:02+00:00","description":"Faites un don aux organismes de bienfaisance qui r\u00e9pondent aux feux de for\u00eat d\u00e9vastateurs dans les Territoires du Nord-Ouest. Faites un don d\u00e8s aujourd\u2019hui pour les efforts de secours contre les feux de for\u00eat.","breadcrumb":{"@id":"https:\/\/www.canadahelps.org\/fr\/soutenez-les-efforts-de-secours-contre-les-feux-de-foret-dans-les-territoires-du-nord-ouest\/#breadcrumb"},"inLanguage":"fr","potentialAction":[{"@type":"ReadAction","target":["https:\/\/www.canadahelps.org\/fr\/soutenez-les-efforts-de-secours-contre-les-feux-de-foret-dans-les-territoires-du-nord-ouest\/"]}]},{"@type":"BreadcrumbList","@id":"https:\/\/www.canadahelps.org\/fr\/soutenez-les-efforts-de-secours-contre-les-feux-de-foret-dans-les-territoires-du-nord-ouest\/#breadcrumb","itemListElement":[{"@type":"ListItem","position":1,"name":"Home","item":"https:\/\/www.canadahelps.org\/fr\/"},{"@type":"ListItem","position":2,"name":"Soutenez les efforts de secours contre les feux de for\u00eat dans les Territoires du Nord-Ouest"}]},{"@type":"WebSite","@id":"https:\/\/www.canadahelps.org\/fr\/#website","url":"https:\/\/www.canadahelps.org\/fr\/","name":"CanadaHelps - Donate to any charity in Canada","description":"Giving Made Simple","publisher":{"@id":"https:\/\/www.canadahelps.org\/fr\/#organization"},"potentialAction":[{"@type":"SearchAction","target":{"@type":"EntryPoint","urlTemplate":"https:\/\/www.canadahelps.org\/fr\/?s={search_term_string}"},"query-input":{"@type":"PropertyValueSpecification","valueRequired":true,"valueName":"search_term_string"}}],"inLanguage":"fr"},{"@type":"Organization","@id":"https:\/\/www.canadahelps.org\/fr\/#organization","name":"CanadaHelps","url":"https:\/\/www.canadahelps.org\/fr\/","logo":{"@type":"ImageObject","inLanguage":"fr","@id":"https:\/\/www.canadahelps.org\/fr\/#\/schema\/logo\/image\/","url":"https:\/\/www.canadahelps.org\/media\/canadahelps-en.jpg","contentUrl":"https:\/\/www.canadahelps.org\/media\/canadahelps-en.jpg","width":131,"height":72,"caption":"CanadaHelps"},"image":{"@id":"https:\/\/www.canadahelps.org\/fr\/#\/schema\/logo\/image\/"}}]}},"_links":{"self":[{"href":"https:\/\/www.canadahelps.org\/fr\/wp-json\/wp\/v2\/pages\/49805","targetHints":{"allow":["GET"]}}],"collection":[{"href":"https:\/\/www.canadahelps.org\/fr\/wp-json\/wp\/v2\/pages"}],"about":[{"href":"https:\/\/www.canadahelps.org\/fr\/wp-json\/wp\/v2\/types\/page"}],"author":[{"embeddable":true,"href":"https:\/\/www.canadahelps.org\/fr\/wp-json\/wp\/v2\/users\/7"}],"replies":[{"embeddable":true,"href":"https:\/\/www.canadahelps.org\/fr\/wp-json\/wp\/v2\/comments?post=49805"}],"version-history":[{"count":2,"href":"https:\/\/www.canadahelps.org\/fr\/wp-json\/wp\/v2\/pages\/49805\/revisions"}],"predecessor-version":[{"id":49807,"href":"https:\/\/www.canadahelps.org\/fr\/wp-json\/wp\/v2\/pages\/49805\/revisions\/49807"}],"wp:attachment":[{"href":"https:\/\/www.canadahelps.org\/fr\/wp-json\/wp\/v2\/media?parent=49805"}],"curies":[{"name":"wp","href":"https:\/\/api.w.org\/{rel}","templated":true}]}}