{"id":49848,"date":"2023-09-13T10:16:03","date_gmt":"2023-09-13T14:16:03","guid":{"rendered":"https:\/\/www.canadahelps.org\/?page_id=49848"},"modified":"2023-09-18T12:46:39","modified_gmt":"2023-09-18T16:46:39","slug":"49848-2","status":"publish","type":"page","link":"https:\/\/www.canadahelps.org\/fr\/49848-2\/","title":{"rendered":""},"content":{"rendered":"<p><a class=\"btn btn--large btn--primary\" href=\"https:\/\/www.canadahelps.org\/en\/libyan-flood-response-charity-request-form\/\">Pour ajouter votre organisme de bienfaisance \u00e0 cette liste, cliquez ici<\/a><\/p>\n<p>&nbsp;<\/p>\n<p>R\u00e9f\u00e9rences<\/p>\n<ol>\n<li style=\"font-weight: 400;\" aria-level=\"1\"><a href=\"https:\/\/time.com\/6313307\/help-flood-victims-libya\/\">Amount of people impacted &#8211; Time<\/a><\/li>\n<li aria-level=\"1\"><a href=\"https:\/\/www.theguardian.com\/world\/2023\/sep\/13\/libya-flooding-before-and-after-satellite-images-northeastern-floods-derna\">Damage to infrastructure &#8211; The Guardian<\/a><\/li>\n<li aria-level=\"1\"><a href=\"https:\/\/www.aljazeera.com\/news\/liveblog\/2023\/9\/13\/libya-floods-live-thousands-missing-as-derna-counts-human-cost-of-disaster\">Amount of people found dead &#8211; Al Jazeera<\/a><\/li>\n<li aria-level=\"1\"><a href=\"https:\/\/www.nbcnews.com\/news\/world\/libya-floods-death-toll-derna-rcna105001\">Estimated amount of people feared to be dead &#8211; NBC News<\/a><\/li>\n<\/ol>\n","protected":false},"excerpt":{"rendered":"<p>Pour ajouter votre organisme de bienfaisance \u00e0 cette liste, cliquez ici &nbsp; R\u00e9f\u00e9rences Amount of people impacted &#8211; Time Damage to infrastructure &#8211; The Guardian &#8230; <a href=\"https:\/\/www.canadahelps.org\/fr\/49848-2\/\" id=\"canadahelp-blog-meta\">Voir plus<\/a><\/p>\n","protected":false},"author":7,"featured_media":0,"parent":0,"menu_order":0,"comment_status":"closed","ping_status":"closed","template":"template-merchandise-page.php","meta":{"footnotes":""},"class_list":["post-49848","page","type-page","status-publish","hentry"],"acf":{"meta_description":"","use_toc_layout":false,"additional_body_css_classes":"","hide_page_title":false,"row_settings":[{"row_header":"Comment vous pouvez aider","row_link_text":"","row_link_url":"","trigger_masonry_layout":true,"text_before_row":"","text_after_row":"","text_after_row_header":"<p>Les organismes de bienfaisance suivants acceptent actuellement des dons pour aider \u00e0 fournir des secours imm\u00e9diats, des abris, de la nourriture, de l&#8217;eau potable et une assistance m\u00e9dicale aux familles touch\u00e9es par les inondations en Libye. Chaque dollar compte, alors merci de donner ce que vous pouvez. Merci pour votre g\u00e9n\u00e9rosit\u00e9 et votre soutien!<\/p>\n","card_settings":[{"card_name":"UNICEF CANADA","card_type":"campaign","id":"24101","display_categories":true,"display_image":true,"display_address":true,"display_summary":true,"display_campaign_types":true,"display_progress":true,"link_or_button":"button","card_link_text":"DONNEZ MAINTENANT"},{"card_name":"Islamic Relief Canada","card_type":"campaign","id":"24105","display_categories":true,"display_image":true,"display_address":true,"display_summary":true,"display_campaign_types":true,"display_progress":true,"link_or_button":"button","card_link_text":"DONNEZ MAINTENANT"},{"card_name":"Action Against Hunger Canada","card_type":"campaign","id":"24102","display_categories":true,"display_image":true,"display_address":true,"display_summary":true,"display_campaign_types":true,"display_progress":true,"link_or_button":"button","card_link_text":"DONNEZ MAINTENANT"},{"card_name":"CANADIAN RED CROSS","card_type":"campaign","id":"24109","display_categories":true,"display_image":true,"display_address":true,"display_summary":true,"display_campaign_types":true,"display_progress":true,"link_or_button":"button","card_link_text":"DONNEZ MAINTENANT"},{"card_name":"IDRF","card_type":"campaign","id":"24116","display_categories":true,"display_image":true,"display_address":true,"display_summary":true,"display_campaign_types":true,"display_progress":true,"link_or_button":"button","card_link_text":"DONNEZ MAINTENANT"},{"card_name":"Hands for charity","card_type":"campaign","id":"24120","display_categories":true,"display_image":true,"display_address":true,"display_summary":true,"display_campaign_types":true,"display_progress":true,"link_or_button":"button","card_link_text":"DONNEZ MAINTENANT"},{"card_name":"(HPIC) Health Partners International of Canada","card_type":"campaign","id":"24123","display_categories":true,"display_image":true,"display_address":true,"display_summary":true,"display_campaign_types":true,"display_progress":true,"link_or_button":"button","card_link_text":"DONNEZ MAINTENANT"}]}],"insert_spotlight_boxes":false,"use_biography_grid":false,"min_banner_height":"280","header_title":"<p>Soutenez les efforts de secours pour les personnes touch\u00e9es par les inondations d\u00e9vastatrices en Libye<\/p>\n","explanatory_text":"<p>Dimanche 10 septembre, la temp\u00eate tropicale Daniel a inond\u00e9 Derna, en Libye. La ville portuaire situ\u00e9e sur la c\u00f4te orientale de la Libye \u00e9tait prot\u00e9g\u00e9e par deux barrages qui ont \u00e9t\u00e9 d\u00e9truits par les fortes inondations. On estime qu&#8217;au moins 6000 personnes sont mortes apr\u00e8s une temp\u00eate d\u00e9vastatrice. Au moins 10 000 personnes sont port\u00e9es disparues.<\/p>\n<p>La temp\u00eate a \u00e9galement emport\u00e9 plusieurs immeubles \u00e0 plusieurs \u00e9tages et des ponts majeurs de la ville. Des quartiers entiers ont \u00e9t\u00e9 emport\u00e9s par les eaux et entra\u00een\u00e9s dans la mer, laissant des milliers de personnes sans abri. Vos dons seront utilis\u00e9s pour fournir des secours imm\u00e9diats, de la nourriture, des fournitures m\u00e9dicales et pour contribuer aux efforts de r\u00e9tablissement. Faites un don d\u00e8s aujourd\u2019hui aux efforts de secours contre les inondations en Libye.<\/p>\n","button_text":"","button_link":""},"yoast_head":"<!-- This site is optimized with the Yoast SEO plugin v26.0 - https:\/\/yoast.com\/wordpress\/plugins\/seo\/ -->\n<title>| CanaDon - Faites des dons \u00e0 un organisme de bienfaisance au Canada<\/title>\n<meta name=\"robots\" content=\"index, follow, max-snippet:-1, max-image-preview:large, max-video-preview:-1\" \/>\n<link rel=\"canonical\" href=\"https:\/\/www.canadahelps.org\/fr\/49848-2\/\" \/>\n<meta property=\"og:locale\" content=\"fr_FR\" \/>\n<meta property=\"og:type\" content=\"article\" \/>\n<meta property=\"og:title\" content=\"| CanaDon - Faites des dons \u00e0 un organisme de bienfaisance au Canada\" \/>\n<meta property=\"og:description\" content=\"Pour ajouter votre organisme de bienfaisance \u00e0 cette liste, cliquez ici &nbsp; R\u00e9f\u00e9rences Amount of people impacted &#8211; Time Damage to infrastructure &#8211; The Guardian ... Voir plus\" \/>\n<meta property=\"og:url\" content=\"https:\/\/www.canadahelps.org\/fr\/49848-2\/\" \/>\n<meta property=\"og:site_name\" content=\"CanaDon - Faites des dons \u00e0 un organisme de bienfaisance au Canada\" \/>\n<meta property=\"article:modified_time\" content=\"2023-09-18T16:46:39+00:00\" \/>\n<meta name=\"twitter:card\" content=\"summary_large_image\" \/>\n<script type=\"application\/ld+json\" class=\"yoast-schema-graph\">{\"@context\":\"https:\/\/schema.org\",\"@graph\":[{\"@type\":\"WebPage\",\"@id\":\"https:\/\/www.canadahelps.org\/fr\/49848-2\/\",\"url\":\"https:\/\/www.canadahelps.org\/fr\/49848-2\/\",\"name\":\"| CanaDon - Faites des dons \u00e0 un organisme de bienfaisance au Canada\",\"isPartOf\":{\"@id\":\"https:\/\/www.canadahelps.org\/fr\/#website\"},\"datePublished\":\"2023-09-13T14:16:03+00:00\",\"dateModified\":\"2023-09-18T16:46:39+00:00\",\"inLanguage\":\"fr\",\"potentialAction\":[{\"@type\":\"ReadAction\",\"target\":[\"https:\/\/www.canadahelps.org\/fr\/49848-2\/\"]}]},{\"@type\":\"WebSite\",\"@id\":\"https:\/\/www.canadahelps.org\/fr\/#website\",\"url\":\"https:\/\/www.canadahelps.org\/fr\/\",\"name\":\"CanadaHelps - Donate to any charity in Canada\",\"description\":\"Le don en toute simplicit\u00e9\",\"publisher\":{\"@id\":\"https:\/\/www.canadahelps.org\/fr\/#organization\"},\"potentialAction\":[{\"@type\":\"SearchAction\",\"target\":{\"@type\":\"EntryPoint\",\"urlTemplate\":\"https:\/\/www.canadahelps.org\/fr\/?s={search_term_string}\"},\"query-input\":{\"@type\":\"PropertyValueSpecification\",\"valueRequired\":true,\"valueName\":\"search_term_string\"}}],\"inLanguage\":\"fr\"},{\"@type\":\"Organization\",\"@id\":\"https:\/\/www.canadahelps.org\/fr\/#organization\",\"name\":\"CanadaHelps\",\"url\":\"https:\/\/www.canadahelps.org\/fr\/\",\"logo\":{\"@type\":\"ImageObject\",\"inLanguage\":\"fr\",\"@id\":\"https:\/\/www.canadahelps.org\/fr\/#\/schema\/logo\/image\/\",\"url\":\"https:\/\/www.canadahelps.org\/media\/canadahelps-en.jpg\",\"contentUrl\":\"https:\/\/www.canadahelps.org\/media\/canadahelps-en.jpg\",\"width\":131,\"height\":72,\"caption\":\"CanadaHelps\"},\"image\":{\"@id\":\"https:\/\/www.canadahelps.org\/fr\/#\/schema\/logo\/image\/\"}}]}<\/script>\n<!-- \/ Yoast SEO plugin. -->","yoast_head_json":{"title":"| CanaDon - Faites des dons \u00e0 un organisme de bienfaisance au Canada","robots":{"index":"index","follow":"follow","max-snippet":"max-snippet:-1","max-image-preview":"max-image-preview:large","max-video-preview":"max-video-preview:-1"},"canonical":"https:\/\/www.canadahelps.org\/fr\/49848-2\/","og_locale":"fr_FR","og_type":"article","og_title":"| CanaDon - Faites des dons \u00e0 un organisme de bienfaisance au Canada","og_description":"Pour ajouter votre organisme de bienfaisance \u00e0 cette liste, cliquez ici &nbsp; R\u00e9f\u00e9rences Amount of people impacted &#8211; Time Damage to infrastructure &#8211; The Guardian ... Voir plus","og_url":"https:\/\/www.canadahelps.org\/fr\/49848-2\/","og_site_name":"CanaDon - Faites des dons \u00e0 un organisme de bienfaisance au Canada","article_modified_time":"2023-09-18T16:46:39+00:00","twitter_card":"summary_large_image","schema":{"@context":"https:\/\/schema.org","@graph":[{"@type":"WebPage","@id":"https:\/\/www.canadahelps.org\/fr\/49848-2\/","url":"https:\/\/www.canadahelps.org\/fr\/49848-2\/","name":"| CanaDon - Faites des dons \u00e0 un organisme de bienfaisance au Canada","isPartOf":{"@id":"https:\/\/www.canadahelps.org\/fr\/#website"},"datePublished":"2023-09-13T14:16:03+00:00","dateModified":"2023-09-18T16:46:39+00:00","inLanguage":"fr","potentialAction":[{"@type":"ReadAction","target":["https:\/\/www.canadahelps.org\/fr\/49848-2\/"]}]},{"@type":"WebSite","@id":"https:\/\/www.canadahelps.org\/fr\/#website","url":"https:\/\/www.canadahelps.org\/fr\/","name":"CanadaHelps - Donate to any charity in Canada","description":"Le don en toute simplicit\u00e9","publisher":{"@id":"https:\/\/www.canadahelps.org\/fr\/#organization"},"potentialAction":[{"@type":"SearchAction","target":{"@type":"EntryPoint","urlTemplate":"https:\/\/www.canadahelps.org\/fr\/?s={search_term_string}"},"query-input":{"@type":"PropertyValueSpecification","valueRequired":true,"valueName":"search_term_string"}}],"inLanguage":"fr"},{"@type":"Organization","@id":"https:\/\/www.canadahelps.org\/fr\/#organization","name":"CanadaHelps","url":"https:\/\/www.canadahelps.org\/fr\/","logo":{"@type":"ImageObject","inLanguage":"fr","@id":"https:\/\/www.canadahelps.org\/fr\/#\/schema\/logo\/image\/","url":"https:\/\/www.canadahelps.org\/media\/canadahelps-en.jpg","contentUrl":"https:\/\/www.canadahelps.org\/media\/canadahelps-en.jpg","width":131,"height":72,"caption":"CanadaHelps"},"image":{"@id":"https:\/\/www.canadahelps.org\/fr\/#\/schema\/logo\/image\/"}}]}},"_links":{"self":[{"href":"https:\/\/www.canadahelps.org\/fr\/wp-json\/wp\/v2\/pages\/49848","targetHints":{"allow":["GET"]}}],"collection":[{"href":"https:\/\/www.canadahelps.org\/fr\/wp-json\/wp\/v2\/pages"}],"about":[{"href":"https:\/\/www.canadahelps.org\/fr\/wp-json\/wp\/v2\/types\/page"}],"author":[{"embeddable":true,"href":"https:\/\/www.canadahelps.org\/fr\/wp-json\/wp\/v2\/users\/7"}],"replies":[{"embeddable":true,"href":"https:\/\/www.canadahelps.org\/fr\/wp-json\/wp\/v2\/comments?post=49848"}],"version-history":[{"count":6,"href":"https:\/\/www.canadahelps.org\/fr\/wp-json\/wp\/v2\/pages\/49848\/revisions"}],"predecessor-version":[{"id":49869,"href":"https:\/\/www.canadahelps.org\/fr\/wp-json\/wp\/v2\/pages\/49848\/revisions\/49869"}],"wp:attachment":[{"href":"https:\/\/www.canadahelps.org\/fr\/wp-json\/wp\/v2\/media?parent=49848"}],"curies":[{"name":"wp","href":"https:\/\/api.w.org\/{rel}","templated":true}]}}