{"id":49925,"date":"2023-10-05T13:31:06","date_gmt":"2023-10-05T17:31:06","guid":{"rendered":"https:\/\/www.canadahelps.org\/?page_id=49925"},"modified":"2023-11-29T09:28:50","modified_gmt":"2023-11-29T14:28:50","slug":"mardi-je-donne-collectes-de-fonds","status":"publish","type":"page","link":"https:\/\/www.canadahelps.org\/fr\/mardi-je-donne-collectes-de-fonds\/","title":{"rendered":"Mardi je donne Collectes de Fonds"},"content":{"rendered":"","protected":false},"excerpt":{"rendered":"","protected":false},"author":67,"featured_media":0,"parent":0,"menu_order":0,"comment_status":"closed","ping_status":"closed","template":"template-merchandise-page.php","meta":{"footnotes":""},"class_list":["post-49925","page","type-page","status-publish","hentry"],"acf":{"meta_description":"","use_toc_layout":false,"additional_body_css_classes":"","hide_page_title":false,"insert_spotlight_boxes":false,"row_settings":[{"row_header":"Mardi je donne Collectes de Fonds","row_link_text":"","row_link_url":"","trigger_masonry_layout":true,"text_before_row":"","text_after_row":"<p><span style=\"font-weight: 400;\">Vous ne voyez pas votre collecte de fonds GivingTuesday ? Envoyez un courriel \u00e0 <span style=\"color: #0000ff;\"><a style=\"color: #0000ff;\" href=\"mailto:supporters@canadahelps.org\">supporters@canadahelps.org<\/a> <\/span>en indiquant votre adresse \u00e9lectronique et l&#8217;URL de votre page, et nous ajouterons votre collecte de fonds dans les jours ouvrables.<\/span><\/p>\n<p><span style=\"font-weight: 400;\">*Le d\u00e9fi de collecte de fonds Mardi je donne (le \u00ab Concours \u00bb) commence le 14 novembre 2023 \u00e0 minuit, heure normale de l\u2019Est (HNE) et se termine le 29 novembre 2023 \u00e0 3 h 00 min, heure normale de l\u2019Est (HNE). Il y a cinq (5) prix \u00e0 gagner, consistant en un don de 1000 $ \u00e0 l\u2019organisme de bienfaisance ou aux organismes de bienfaisance s\u00e9lectionn\u00e9(s) pour la collecte de fonds. Les collecteurs de fonds admissibles doivent avoir un minimum de 5 contributeurs uniques. Les collectes de fonds organis\u00e9es par des entreprises et les organismes de bienfaisance enregistr\u00e9s ne sont pas admissibles pour gagner. <\/span><a href=\"https:\/\/www.canadahelps.org\/fr\/reglement-officiel-du-concours-du-defi-de-collecte-de-fonds-mardi-je-donne\/\"><span style=\"font-weight: 400; color: white; text-decoration: underline;\">Voir tous les d\u00e9tails du concours.<\/span><\/a><\/p>\n","text_after_row_header":"","card_settings":[{"card_name":"Stratford Group 2023 annual fundraiser DNU","card_type":"fundraiser","id":"97249","display_categories":true,"display_image":true,"display_address":true,"display_summary":true,"display_campaign_types":true,"display_progress":true,"link_or_button":"button","card_link_text":"FAITES UN DON"},{"card_name":"Sooke Girlfriends Spreading Love & Joy \ud83c\udf81\ud83d\udc95","card_type":"fundraiser","id":"99818","display_categories":true,"display_image":true,"display_address":true,"display_summary":true,"display_campaign_types":true,"display_progress":true,"link_or_button":"button","card_link_text":"FAITES UN DON"},{"card_name":"Cat Rescue","card_type":"fundraiser","id":"99772","display_categories":true,"display_image":true,"display_address":true,"display_summary":true,"display_campaign_types":true,"display_progress":true,"link_or_button":"button","card_link_text":"FAITES UN DON"},{"card_name":"Bill's Fundraiser 2023","card_type":"fundraiser","id":"99867","display_categories":true,"display_image":true,"display_address":true,"display_summary":true,"display_campaign_types":true,"display_progress":true,"link_or_button":"button","card_link_text":"FAITES UN DON"},{"card_name":"CPJ's Example Fundraiser","card_type":"fundraiser","id":"99898","display_categories":true,"display_image":true,"display_address":true,"display_summary":true,"display_campaign_types":true,"display_progress":true,"link_or_button":"button","card_link_text":"FAITES UN DON"},{"card_name":"Kammerchor London - The Passion of Music","card_type":"fundraiser","id":"99944","display_categories":true,"display_image":true,"display_address":true,"display_summary":true,"display_campaign_types":true,"display_progress":true,"link_or_button":"button","card_link_text":"FAITES UN DON"},{"card_name":"Ending hunger","card_type":"fundraiser","id":"99973","display_categories":true,"display_image":true,"display_address":true,"display_summary":true,"display_campaign_types":true,"display_progress":true,"link_or_button":"button","card_link_text":"FAITES UN DON"},{"card_name":"Ian's Fundraiser to support families living with Dementia\/Alzheimer's Disease ","card_type":"fundraiser","id":"99976","display_categories":true,"display_image":true,"display_address":true,"display_summary":true,"display_campaign_types":true,"display_progress":true,"link_or_button":"button","card_link_text":"FAITES UN DON"},{"card_name":"Movember Going Out With a Bang!","card_type":"fundraiser","id":"99983","display_categories":true,"display_image":true,"display_address":true,"display_summary":true,"display_campaign_types":true,"display_progress":true,"link_or_button":"button","card_link_text":"FAITES UN DON"},{"card_name":"Give on Giving Tuesday","card_type":"fundraiser","id":"99986","display_categories":true,"display_image":true,"display_address":true,"display_summary":true,"display_campaign_types":true,"display_progress":true,"link_or_button":"button","card_link_text":"FAITES UN DON"},{"card_name":"Donate to OneBodyVillage to help end child sexual exploitation ","card_type":"fundraiser","id":"99992","display_categories":true,"display_image":true,"display_address":true,"display_summary":true,"display_campaign_types":true,"display_progress":true,"link_or_button":"button","card_link_text":"FAITES UN DON"},{"card_name":"Holiday Gifts of Comfort","card_type":"fundraiser","id":"99847","display_categories":true,"display_image":true,"display_address":true,"display_summary":true,"display_campaign_types":true,"display_progress":true,"link_or_button":"button","card_link_text":"FAITES UN DON"}]}],"use_biography_grid":false,"min_banner_height":"280","header_title":"<p><b>\u00a0<\/b><span style=\"font-weight: 400;\">Faites un don \u00e0 une collecte de fonds Mardi je donne et aidez-les \u00e0 GAGNER un bonus de 1 000 $ pour leur cause. *<\/span><\/p>\n","explanatory_text":"<p><strong><span class=\"Y2IQFc\" lang=\"fr\">Concours termin\u00e9 : Merci de votre participation. Restez \u00e0 l&#8217;\u00e9coute pour les r\u00e9sultats et l&#8217;annonce des gagnants\u00a0!<\/span><\/strong><\/p>\n<p><span style=\"font-weight: 400;\">Participez au mouvement mondial Mardi je donne, qui vise \u00e0 am\u00e9liorer le sort des autres et de la plan\u00e8te par des actes de g\u00e9n\u00e9rosit\u00e9. Chaque dollar donn\u00e9 augmente les chances d&#8217;un collecteur de fonds du GivingTuesday de gagner 1 000 dollars suppl\u00e9mentaires pour sa cause.* Le Mardi je donne du 28 novembre est la derni\u00e8re p\u00e9riode de 24 heures pour soutenir un collecteur de fonds et gagner ! <\/span><a href=\"https:\/\/www.canadahelps.org\/fr\/mardi-je-donne\/\"><span style=\"text-decoration: underline;\"><span style=\"font-weight: 400; color: white; text-decoration: underline;\">En savoir plus<\/span><\/span><span style=\"font-weight: 400;\"><br \/>\n<\/span><\/a><\/p>\n","button_text":"","button_link":""},"yoast_head":"<!-- This site is optimized with the Yoast SEO plugin v26.0 - https:\/\/yoast.com\/wordpress\/plugins\/seo\/ -->\n<title>Mardi je donne Collectes de Fonds | CanaDon - Faites des dons \u00e0 un organisme de bienfaisance au Canada<\/title>\n<meta name=\"robots\" content=\"index, follow, max-snippet:-1, max-image-preview:large, max-video-preview:-1\" \/>\n<link rel=\"canonical\" href=\"https:\/\/www.canadahelps.org\/fr\/mardi-je-donne-collectes-de-fonds\/\" \/>\n<meta property=\"og:locale\" content=\"fr_FR\" \/>\n<meta property=\"og:type\" content=\"article\" \/>\n<meta property=\"og:title\" content=\"Mardi je donne Collectes de Fonds | CanaDon - Faites des dons \u00e0 un organisme de bienfaisance au Canada\" \/>\n<meta property=\"og:url\" content=\"https:\/\/www.canadahelps.org\/fr\/mardi-je-donne-collectes-de-fonds\/\" \/>\n<meta property=\"og:site_name\" content=\"CanaDon - Faites des dons \u00e0 un organisme de bienfaisance au Canada\" \/>\n<meta property=\"article:modified_time\" content=\"2023-11-29T14:28:50+00:00\" \/>\n<meta name=\"twitter:card\" content=\"summary_large_image\" \/>\n<script type=\"application\/ld+json\" class=\"yoast-schema-graph\">{\"@context\":\"https:\/\/schema.org\",\"@graph\":[{\"@type\":\"WebPage\",\"@id\":\"https:\/\/www.canadahelps.org\/fr\/mardi-je-donne-collectes-de-fonds\/\",\"url\":\"https:\/\/www.canadahelps.org\/fr\/mardi-je-donne-collectes-de-fonds\/\",\"name\":\"Mardi je donne Collectes de Fonds | CanaDon - Faites des dons \u00e0 un organisme de bienfaisance au Canada\",\"isPartOf\":{\"@id\":\"https:\/\/www.canadahelps.org\/fr\/#website\"},\"datePublished\":\"2023-10-05T17:31:06+00:00\",\"dateModified\":\"2023-11-29T14:28:50+00:00\",\"breadcrumb\":{\"@id\":\"https:\/\/www.canadahelps.org\/fr\/mardi-je-donne-collectes-de-fonds\/#breadcrumb\"},\"inLanguage\":\"fr\",\"potentialAction\":[{\"@type\":\"ReadAction\",\"target\":[\"https:\/\/www.canadahelps.org\/fr\/mardi-je-donne-collectes-de-fonds\/\"]}]},{\"@type\":\"BreadcrumbList\",\"@id\":\"https:\/\/www.canadahelps.org\/fr\/mardi-je-donne-collectes-de-fonds\/#breadcrumb\",\"itemListElement\":[{\"@type\":\"ListItem\",\"position\":1,\"name\":\"Home\",\"item\":\"https:\/\/www.canadahelps.org\/fr\/\"},{\"@type\":\"ListItem\",\"position\":2,\"name\":\"Mardi je donne Collectes de Fonds\"}]},{\"@type\":\"WebSite\",\"@id\":\"https:\/\/www.canadahelps.org\/fr\/#website\",\"url\":\"https:\/\/www.canadahelps.org\/fr\/\",\"name\":\"CanadaHelps - Donate to any charity in Canada\",\"description\":\"Le don en toute simplicit\u00e9\",\"publisher\":{\"@id\":\"https:\/\/www.canadahelps.org\/fr\/#organization\"},\"potentialAction\":[{\"@type\":\"SearchAction\",\"target\":{\"@type\":\"EntryPoint\",\"urlTemplate\":\"https:\/\/www.canadahelps.org\/fr\/?s={search_term_string}\"},\"query-input\":{\"@type\":\"PropertyValueSpecification\",\"valueRequired\":true,\"valueName\":\"search_term_string\"}}],\"inLanguage\":\"fr\"},{\"@type\":\"Organization\",\"@id\":\"https:\/\/www.canadahelps.org\/fr\/#organization\",\"name\":\"CanadaHelps\",\"url\":\"https:\/\/www.canadahelps.org\/fr\/\",\"logo\":{\"@type\":\"ImageObject\",\"inLanguage\":\"fr\",\"@id\":\"https:\/\/www.canadahelps.org\/fr\/#\/schema\/logo\/image\/\",\"url\":\"https:\/\/www.canadahelps.org\/media\/canadahelps-en.jpg\",\"contentUrl\":\"https:\/\/www.canadahelps.org\/media\/canadahelps-en.jpg\",\"width\":131,\"height\":72,\"caption\":\"CanadaHelps\"},\"image\":{\"@id\":\"https:\/\/www.canadahelps.org\/fr\/#\/schema\/logo\/image\/\"}}]}<\/script>\n<!-- \/ Yoast SEO plugin. -->","yoast_head_json":{"title":"Mardi je donne Collectes de Fonds | CanaDon - Faites des dons \u00e0 un organisme de bienfaisance au Canada","robots":{"index":"index","follow":"follow","max-snippet":"max-snippet:-1","max-image-preview":"max-image-preview:large","max-video-preview":"max-video-preview:-1"},"canonical":"https:\/\/www.canadahelps.org\/fr\/mardi-je-donne-collectes-de-fonds\/","og_locale":"fr_FR","og_type":"article","og_title":"Mardi je donne Collectes de Fonds | CanaDon - Faites des dons \u00e0 un organisme de bienfaisance au Canada","og_url":"https:\/\/www.canadahelps.org\/fr\/mardi-je-donne-collectes-de-fonds\/","og_site_name":"CanaDon - Faites des dons \u00e0 un organisme de bienfaisance au Canada","article_modified_time":"2023-11-29T14:28:50+00:00","twitter_card":"summary_large_image","schema":{"@context":"https:\/\/schema.org","@graph":[{"@type":"WebPage","@id":"https:\/\/www.canadahelps.org\/fr\/mardi-je-donne-collectes-de-fonds\/","url":"https:\/\/www.canadahelps.org\/fr\/mardi-je-donne-collectes-de-fonds\/","name":"Mardi je donne Collectes de Fonds | CanaDon - Faites des dons \u00e0 un organisme de bienfaisance au Canada","isPartOf":{"@id":"https:\/\/www.canadahelps.org\/fr\/#website"},"datePublished":"2023-10-05T17:31:06+00:00","dateModified":"2023-11-29T14:28:50+00:00","breadcrumb":{"@id":"https:\/\/www.canadahelps.org\/fr\/mardi-je-donne-collectes-de-fonds\/#breadcrumb"},"inLanguage":"fr","potentialAction":[{"@type":"ReadAction","target":["https:\/\/www.canadahelps.org\/fr\/mardi-je-donne-collectes-de-fonds\/"]}]},{"@type":"BreadcrumbList","@id":"https:\/\/www.canadahelps.org\/fr\/mardi-je-donne-collectes-de-fonds\/#breadcrumb","itemListElement":[{"@type":"ListItem","position":1,"name":"Home","item":"https:\/\/www.canadahelps.org\/fr\/"},{"@type":"ListItem","position":2,"name":"Mardi je donne Collectes de Fonds"}]},{"@type":"WebSite","@id":"https:\/\/www.canadahelps.org\/fr\/#website","url":"https:\/\/www.canadahelps.org\/fr\/","name":"CanadaHelps - Donate to any charity in Canada","description":"Le don en toute simplicit\u00e9","publisher":{"@id":"https:\/\/www.canadahelps.org\/fr\/#organization"},"potentialAction":[{"@type":"SearchAction","target":{"@type":"EntryPoint","urlTemplate":"https:\/\/www.canadahelps.org\/fr\/?s={search_term_string}"},"query-input":{"@type":"PropertyValueSpecification","valueRequired":true,"valueName":"search_term_string"}}],"inLanguage":"fr"},{"@type":"Organization","@id":"https:\/\/www.canadahelps.org\/fr\/#organization","name":"CanadaHelps","url":"https:\/\/www.canadahelps.org\/fr\/","logo":{"@type":"ImageObject","inLanguage":"fr","@id":"https:\/\/www.canadahelps.org\/fr\/#\/schema\/logo\/image\/","url":"https:\/\/www.canadahelps.org\/media\/canadahelps-en.jpg","contentUrl":"https:\/\/www.canadahelps.org\/media\/canadahelps-en.jpg","width":131,"height":72,"caption":"CanadaHelps"},"image":{"@id":"https:\/\/www.canadahelps.org\/fr\/#\/schema\/logo\/image\/"}}]}},"_links":{"self":[{"href":"https:\/\/www.canadahelps.org\/fr\/wp-json\/wp\/v2\/pages\/49925","targetHints":{"allow":["GET"]}}],"collection":[{"href":"https:\/\/www.canadahelps.org\/fr\/wp-json\/wp\/v2\/pages"}],"about":[{"href":"https:\/\/www.canadahelps.org\/fr\/wp-json\/wp\/v2\/types\/page"}],"author":[{"embeddable":true,"href":"https:\/\/www.canadahelps.org\/fr\/wp-json\/wp\/v2\/users\/67"}],"replies":[{"embeddable":true,"href":"https:\/\/www.canadahelps.org\/fr\/wp-json\/wp\/v2\/comments?post=49925"}],"version-history":[{"count":13,"href":"https:\/\/www.canadahelps.org\/fr\/wp-json\/wp\/v2\/pages\/49925\/revisions"}],"predecessor-version":[{"id":51044,"href":"https:\/\/www.canadahelps.org\/fr\/wp-json\/wp\/v2\/pages\/49925\/revisions\/51044"}],"wp:attachment":[{"href":"https:\/\/www.canadahelps.org\/fr\/wp-json\/wp\/v2\/media?parent=49925"}],"curies":[{"name":"wp","href":"https:\/\/api.w.org\/{rel}","templated":true}]}}