{"id":50278,"date":"2023-10-30T10:32:14","date_gmt":"2023-10-30T14:32:14","guid":{"rendered":"https:\/\/www.canadahelps.org\/?page_id=50278"},"modified":"2023-10-05T13:46:58","modified_gmt":"2023-10-05T17:46:58","slug":"reglement-officiel-du-concours-du-defi-de-collecte-de-fonds-mardi-je-donne","status":"publish","type":"page","link":"https:\/\/www.canadahelps.org\/fr\/reglement-officiel-du-concours-du-defi-de-collecte-de-fonds-mardi-je-donne\/","title":{"rendered":"R\u00c8GLEMENT OFFICIEL DU CONCOURS DU D\u00c9FI DE COLLECTE DE FONDS MARDI JE DONNE"},"content":{"rendered":"<p><strong>1. G\u00c9N\u00c9RALIT\u00c9S<br \/>\n<\/strong><span style=\"font-weight: 400;\">Le D\u00e9fi de collecte de fonds Mardi je donne (le \u00ab\u00a0<\/span><b>Concours<\/b><span style=\"font-weight: 400;\">\u00a0\u00bb) commence le 14 novembre 2023 \u00e0 00 h 00 min 00 s (minuit), heure normale de l&#8217;Est (HNE) et se termine le 29 novembre 2023 \u00e0 3 h 00 min 00 s, heure normale de l&#8217;Est (HNE). Le concours est organis\u00e9 par CanadaHelps Canadon (le \u00ab\u00a0<\/span><b>Commanditaire<\/b><span style=\"font-weight: 400;\"> \u00bb).\u00a0<\/span>Aux fins du Concours, le \u00ab <strong>Groupe du concours<\/strong>\u00a0\u00bb se compose du Commanditaire et de chacune de ses agences de publicit\u00e9 et de promotion, chacun de ses fournisseurs de mat\u00e9riel et de services li\u00e9s au Concours et de toute autre soci\u00e9t\u00e9, soci\u00e9t\u00e9 de personnes, entreprise individuelle ou autre entit\u00e9 juridique directement impliqu\u00e9e dans le Concours, ainsi que leurs dirigeants, administrateurs, employ\u00e9s, agents et autres repr\u00e9sentants respectifs.<\/p>\n<p><strong>2. ADMISSIBILIT\u00c9<br \/>\n<\/strong><span style=\"font-weight: 400;\">Les collectes de fonds cr\u00e9\u00e9es sur CanadaHelps.org entre le 14 novembre \u00e0 minuit (minuit), heure normale de l&#8217;Est (HNE) et le 29 novembre 2023 \u00e0 3 h 00 min, heure normale de l&#8217;Est (HNE), sont admissibles. Les collecteurs de fonds admissibles doivent avoir au moins 5 contributeurs uniques. Pour les collectes de fonds cr\u00e9\u00e9es avant le lancement du Concours, seuls les dons effectu\u00e9s entre le 14 novembre et la fin de la p\u00e9riode du concours seront pris en compte. Pour plusieurs collectes de fonds cr\u00e9\u00e9es par la m\u00eame personne, seule la collecte de fonds ayant g\u00e9n\u00e9r\u00e9 le plus de revenus de dons totaux sera admissible pour gagner. Les collectes de fonds organis\u00e9es par des entreprises et les organismes de bienfaisance enregistr\u00e9s ne sont pas admissibles pour gagner. Les employ\u00e9s de CanaDon peuvent participer au Concours, mais ne sont pas admissibles \u00e0 gagner les prix de celui-ci. <\/span><\/p>\n<p><span style=\"font-weight: 400;\">Les collectes de fonds sont ouvertes \u00e0 tous les organismes de bienfaisance enregistr\u00e9s aupr\u00e8s de l&#8217;Agence du revenu du Canada et de CanadaHelps.org \u00e0 la date d&#8217;inscription et qui conservent ce statut jusqu&#8217;\u00e0 ce que le prix soit attribu\u00e9 (individuellement, un \u00ab <\/span><b>Organisme de bienfaisance admissible<\/b><span style=\"font-weight: 400;\"> \u00bb ou collectivement, des \u00ab <\/span><b>Organismes de bienfaisance admissibles<\/b><span style=\"font-weight: 400;\"> \u00bb).<\/span><\/p>\n<p><strong>3. COMMENT PARTICIPER<br \/>\n<\/strong><span style=\"font-weight: 400;\">Lancez une collecte de fonds sur CanadaHelps.org entre le 14 novembre et le 28 novembre. Seuls les dons effectu\u00e9s entre le 14 novembre et la fin de la p\u00e9riode du concours seront pris en compte dans le total recueilli pour qualifier les gagnants du concours.<\/span><\/p>\n<p><strong>4. COMMENT GAGNER<br \/>\n<\/strong><span style=\"font-weight: 400;\">Le 1er d\u00e9cembre 2023, \u00e0 11 h (HE), au 186 Spadina Avenue, unit\u00e9s 1-5, Toronto, ON M5T 3B2, le commanditaire s\u00e9lectionnera les cinq (5) collectes de fonds qui ont re\u00e7u le plus de revenus de dons totaux pendant la P\u00e9riode du concours, avec un minimum de cinq (5) donateurs uniques admissibles pour gagner un prix (\u00ab <\/span><b>Participant s\u00e9lectionn\u00e9<\/b><span style=\"font-weight: 400;\"> \u00bb). Les chances d&#8217;\u00eatre s\u00e9lectionn\u00e9 comme admissible pour remporter un prix d\u00e9pendent du nombre total de bulletins admissibles re\u00e7ues pendant la p\u00e9riode du concours.<\/span><\/p>\n<p><b>5. CONDITIONS POUR RECEVOIR LE PRIX<\/b><br \/>\nL\u2019Organisation choisie sera avis\u00e9e au num\u00e9ro de t\u00e9l\u00e9phone ou \u00e0 l\u2019adresse courriel sous lesquels elle est inscrite \u00e0 canadon.org, dans les quarante-huit (48) heures approximativement suivant le tirage.<\/p>\n<p>Pour \u00eatre d\u00e9clar\u00e9e gagnante, l\u2019Organisation choisie doit : (i) r\u00e9pondre \u00e0 l\u2019avis de s\u00e9lection dans un d\u00e9lai de trois (3) jours ouvrables apr\u00e8s la premi\u00e8re tentative du Commanditaire; (ii) r\u00e9pondre correctement, dans le d\u00e9lai imparti, \u00e0 une question d\u2019arithm\u00e9tique qui sera pos\u00e9e par t\u00e9l\u00e9phone ou par courriel au moment qui conviendra aux deux parties; (iii) signer et retourner au Commanditaire, dans le d\u00e9lai prescrit, un formulaire de d\u00e9claration et de renonciation dans lequel l\u2019Organisation choisie d\u00e9gage le Groupe du Concours de toute responsabilit\u00e9 relativement \u00e0 ce Concours ou \u00e0 l\u2019utilisation, bonne ou mauvaise, ou \u00e0 la possession de tout prix (la \u00ab\u00a0<strong>Renonciation<\/strong>\u00a0\u00bb); (iv) respecter par ailleurs le pr\u00e9sent R\u00e8glement officiel de participation au Concours.<\/p>\n<p>Le retour de tout prix ou avis au gagnant parce que non livrable; l\u2019incapacit\u00e9 de joindre l\u2019Organisation choisie; le d\u00e9faut de l\u2019Organisation choisie de r\u00e9pondre \u00e0 l\u2019avis avant la date limite; le d\u00e9faut de fournir, dans le d\u00e9lai fix\u00e9, une preuve d\u2019admissibilit\u00e9 (si demand\u00e9e), la Renonciation ou tout autre document; le d\u00e9faut de r\u00e9pondre correctement \u00e0 la question d\u2019aptitude; ou un autre d\u00e9faut de respecter le pr\u00e9sent R\u00e8glement officiel de participation au Concours peut entra\u00eener la disqualification, le retrait du prix et, \u00e0 la seule discr\u00e9tion du Commanditaire, conform\u00e9ment au pr\u00e9sent R\u00e8glement officiel de participation au Concours, la s\u00e9lection d\u2019une autre Organisation choisie pour recevoir le prix retir\u00e9, laquelle sera passible de disqualification de la m\u00eame mani\u00e8re.<\/p>\n<p><b>6. PRIX<\/b><\/p>\n<p>Il y a cinq (5) prix \u00e0 gagner. Ils consistent en un don de 1000 $ \u00e0 l&#8217;organisme de bienfaisance ou aux organismes de bienfaisance s\u00e9lectionn\u00e9(s) pour la collecte de fonds.<\/p>\n<p>Le prix doit \u00eatre accept\u00e9 tel qu\u2019il est attribu\u00e9, et ne peut pas \u00eatre remplac\u00e9, transf\u00e9r\u00e9 ni \u00e9chang\u00e9 en esp\u00e8ces ou autrement. Le Commanditaire se r\u00e9servent le droit, \u00e0 leur seule discr\u00e9tion, de remplacer le prix par un prix de valeur mon\u00e9taire sup\u00e9rieure ou \u00e9quivalente si un prix ne peut \u00eatre attribu\u00e9 tel qu\u2019il a \u00e9t\u00e9 d\u00e9crit, pour quelque raison que ce soit. Le Commanditaire ne remplaceront pas les prix perdus ou vol\u00e9s. Tous les autres co\u00fbts, taxes ou d\u00e9penses qui sont associ\u00e9s aux prix et qui ne sont pas sp\u00e9cifi\u00e9s dans le pr\u00e9sent document rel\u00e8veront de la responsabilit\u00e931 des gagnants s\u00e9lectionn\u00e9s.<\/p>\n<p><b>7. DROIT D\u2019ANNULER, DE TERMINER, DE SUSPENDRE, DE MODIFIER<\/b><br \/>\nLe Commanditaire se r\u00e9servent le droit de terminer, suspendre ou modifier ce Concours, en tout ou en partie, en tout temps et sans pr\u00e9avis ni obligation si, \u00e0 la seule discr\u00e9tion du Commanditaire, un facteur nuit \u00e0 son bon fonctionnement comme le pr\u00e9voit le pr\u00e9sent R\u00e8glement officiel de participation au Concours. Sans restreindre la port\u00e9e g\u00e9n\u00e9rale de ce qui pr\u00e9c\u00e8de, si le Concours, ou toute partie du Concours, ne peut se d\u00e9rouler comme pr\u00e9vu pour quelque raison que ce soit, y compris (mais sans limiter) une infection par virus informatique, un bogue, une alt\u00e9ration, une intervention non autoris\u00e9e, une fraude, des erreurs de programmation ou des d\u00e9faillances techniques, qui, \u00e0 la seule discr\u00e9tion du Commanditaire, alt\u00e8rent ou affectent l\u2019administration, la s\u00e9curit\u00e9, l\u2019\u00e9quit\u00e9, l\u2019int\u00e9grit\u00e9 ou le bon d\u00e9roulement de ce Concours, le Commanditaire peuvent, \u00e0 leur seule discr\u00e9tion, annuler toute participation suspecte et : a) terminer le Concours, ou toute portion du Concours; b) modifier ou suspendre le Concours, ou toute portion du Concours, pour apporter les correctifs n\u00e9cessaires, puis reprendre le Concours, ou une portion pertinente du Concours, de mani\u00e8re \u00e0 correspondre le mieux possible \u00e0 l\u2019esprit du pr\u00e9sent R\u00e8glement officiel de participation au Concours; c) attribuer les prix parmi les Participations admissibles, non suspectes, d\u00e9j\u00e0 re\u00e7ues \u00e0 la date o\u00f9 le probl\u00e8me est survenu, conform\u00e9ment aux crit\u00e8res de s\u00e9lection du gagnant qui sont expos\u00e9s ci-dessus.<\/p>\n<p><b>8. CONDITIONS G\u00c9N\u00c9RALES<\/b><br \/>\nPour pouvoir gagner un prix, il faut respecter toutes les exigences indiqu\u00e9es dans le pr\u00e9sent document. Les d\u00e9cisions du Commanditaire et\/ou de toute organisation ind\u00e9pendante qui juge le Concours seront finales et sans appel pour toutes les questions li\u00e9es \u00e0 ce Concours. Le Commanditaire se r\u00e9servent le droit de corriger toute erreur de typographie, d\u2019impression, de programmation ou de saisie informatique. L\u2019absence de mise en application, par le Commanditaire, d\u2019une quelconque disposition du pr\u00e9sent R\u00e8glement officiel de participation au Concours ne constitue en aucun cas une renonciation \u00e0 cette disposition. L\u2019invalidit\u00e9 ou l\u2019inapplicabilit\u00e9 d\u2019une disposition quelconque du pr\u00e9sent R\u00e8glement officiel de participation au Concours n\u2019affectera pas la validit\u00e9 ni l\u2019applicabilit\u00e9 des autres dispositions. Si une disposition quelconque du pr\u00e9sent R\u00e8glement officiel de participation au Concours est jug\u00e9e invalide ou inapplicable, le R\u00e8glement officiel de participation au Concours doit \u00eatre interpr\u00e9t\u00e9 tel que r\u00e9dig\u00e9 comme si la disposition invalide ou inex\u00e9cutable ne faisait pas partie du pr\u00e9sent R\u00e8glement. Le Commanditaire se r\u00e9servent le droit, \u00e0 leur seule discr\u00e9tion, de disqualifier toute organisation qui alt\u00e8re ou tente d\u2019alt\u00e9rer le processus de participation, le fonctionnement du Concours ou du site Web du Concours, qui enfreint le R\u00e8glement officiel de participation au Concours, ou qui agit dans le but d\u2019indisposer, de maltraiter, de menacer ou de harceler quelqu\u2019un d\u2019autre. MISE EN GARDE : TOUTE TENTATIVE D\u00c9LIB\u00c9R\u00c9E, PAR UNE ORGANISATION OU PAR TOUTE PERSONNE, D\u2019ENDOMMAGER UN SITE WEB ASSOCI\u00c9 \u00c0 CE CONCOURS OU DE NUIRE AU D\u00c9ROULEMENT L\u00c9GITIME DU CONCOURS CONSTITUE UN ACTE CRIMINEL ET UNE FAUTE CIVILE, ET LE COMMANDITAIRE SE R\u00c9SERVENT LE DROIT D\u2019INTENTER DES POURSUITES ET DE R\u00c9CLAMER DES DOMMAGES DANS TOUTE LA MESURE PERMISE PAR LA LOI.<\/p>\n<p><b>9. LIMITATION DE RESPONSABILIT\u00c9 ET D\u00c9CHARGE<\/b><br \/>\nEN PARTICIPANT \u00c0 CE CONCOURS, LES ORGANISATIONS CONVIENNENT QUE LE GROUPE DU CONCOURS N\u2019EST LI\u00c9 PAR AUCUNE RESPONSABILIT\u00c9 ET NE PEUT \u00caTRE TENU RESPONSABLE PAR LES ORGANISATIONS DE TOUTE OBLIGATION RELATIVE \u00c0 DES BLESSURES, PERTES OU DOMMAGES DE TOUTE NATURE (Y COMPRIS DIRECTS, INDIRECTS, ACCESSOIRES, CONS\u00c9CUTIFS OU PUNITIFS) \u00c0 DES PERSONNES OU \u00c0 DES BIENS R\u00c9SULTANT D\u2019UN PRIX, Y COMPRIS L\u2019ACCEPTATION, LA POSSESSION, OU LA BONNE OU MAUVAISE UTILISATION DU PRIX OU DES MARCHANDISES CONTRE LESQUELLES LE PRIX A \u00c9T\u00c9 \u00c9CHANG\u00c9. DE PLUS, EN PARTICIPANT \u00c0 CE CONCOURS, LES ORGANISATIONS CONVIENNENT QUE LE GROUPE DU CONCOURS N\u2019EST LI\u00c9 PAR AUCUNE RESPONSABILIT\u00c9 ET NE PEUT \u00caTRE TENU RESPONSABLE PAR LES ORGANISATIONS DE TOUTE OBLIGATION RELATIVE \u00c0 DES BLESSURES, PERTES OU DOMMAGES DE TOUTE NATURE (Y COMPRIS DIRECTS, INDIRECTS, ACCESSOIRES, CONS\u00c9CUTIFS OU PUNITIFS) \u00c0 DES PERSONNES OU \u00c0 DES BIENS R\u00c9SULTANT : A) DE LEUR PARTICIPATION \u00c0 CE CONCOURS, Y COMPRIS DE L\u2019ACC\u00c8S AU SITE WEB DU CONCOURS ET DE SON UTILISATION; OU B) DE TOUTE R\u00c9CLAMATION EN LIEN AVEC LES DROITS DE LA PERSONNALIT\u00c9, LE DROIT \u00c0 LA VIE PRIV\u00c9E, LA DIFFAMATION OU LA LIVRAISON DE LA MARCHANDISE. \u00c9tant donn\u00e9 que les lois en vigueur dans certaines provinces ou certains territoires n\u2019autorisent pas l\u2019exclusion ou la limitation des dommages accessoires ou cons\u00e9cutifs, ces exclusions pourraient ne pas s\u2019appliquer \u00e0 vous.<\/p>\n<p>Sans limiter ce qui pr\u00e9c\u00e8de, le Groupe du Concours n\u2019est pas responsable : a) des renseignements erron\u00e9s ou inexacts, qu\u2019ils soient caus\u00e9s par les utilisateurs du site Web du Concours ou par l\u2019\u00e9quipement ou la programmation associ\u00e9 au Concours ou utilis\u00e9 dans ce cadre, ou par toute erreur humaine ou technique qui pourrait survenir dans le traitement des inscriptions au Concours; b) de l\u2019interruption ou de l\u2019indisponibilit\u00e9 d\u2019un r\u00e9seau, d\u2019un serveur, d\u2019un fournisseur de service, d\u2019un syst\u00e8me en ligne, d\u2019un r\u00e9seau t\u00e9l\u00e9phonique, d\u2019une ligne t\u00e9l\u00e9phonique ou de toute autre connexion; c) du vol, de la destruction, de la perte ou de l\u2019alt\u00e9ration des inscriptions ou de l\u2019acc\u00e8s non autoris\u00e9 \u00e0 ces derni\u00e8res; d) des probl\u00e8mes, d\u00e9faillances ou mauvais fonctionnements du r\u00e9seau ou des lignes t\u00e9l\u00e9phoniques, des ordinateurs ou des syst\u00e8mes informatiques en ligne, des serveurs ou des fournisseurs, de l\u2019\u00e9quipement informatique, des logiciels, virus ou bogues; e) des transmissions ou communications d\u00e9form\u00e9es; f) des \u00e9checs de transmission des courriels \u00e0 destination ou en provenance de l\u2019organisation qui juge le Concours ou du Commanditaire, pour quelque raison que ce soit, y compris mais sans s\u2019y limiter des \u00e9checs attribuables \u00e0 la congestion d\u2019Internet ou d\u2019un site Web ou des deux, ou \u00e0 une incompatibilit\u00e9 technique; g) des dommages \u00e0 l\u2019\u00e9quipement informatique (mat\u00e9riel ou logiciel) d\u2019un utilisateur occasionn\u00e9s par la participation au Concours ou le t\u00e9l\u00e9chargement de documents connexes; h) des erreurs d\u2019impression, de distribution, de programmation ou de production, ainsi que des erreurs ou mauvais fonctionnement de toute nature, qu\u2019ils soient d\u2019origine humaine, m\u00e9canique, \u00e9lectronique ou autre; ou i) des erreurs ou omissions techniques, graphiques, typographiques ou r\u00e9dactionnelles contenues dans le pr\u00e9sent document.<\/p>\n","protected":false},"excerpt":{"rendered":"<p>1. G\u00c9N\u00c9RALIT\u00c9S Le D\u00e9fi de collecte de fonds Mardi je donne (le \u00ab\u00a0Concours\u00a0\u00bb) commence le 14 novembre 2023 \u00e0 00 h 00 min 00 s &#8230; <a href=\"https:\/\/www.canadahelps.org\/fr\/reglement-officiel-du-concours-du-defi-de-collecte-de-fonds-mardi-je-donne\/\" id=\"canadahelp-blog-meta\">Voir plus<\/a><\/p>\n","protected":false},"author":67,"featured_media":0,"parent":0,"menu_order":0,"comment_status":"closed","ping_status":"closed","template":"template-custom.php","meta":{"footnotes":""},"class_list":["post-50278","page","type-page","status-publish","hentry"],"acf":{"meta_description":"","use_toc_layout":false,"additional_body_css_classes":"","hide_page_title":false,"row_settings":false,"insert_spotlight_boxes":false,"use_biography_grid":false,"footer_panels":false,"header_banner_colour":"#c80042"},"yoast_head":"<!-- This site is optimized with the Yoast SEO plugin v26.0 - https:\/\/yoast.com\/wordpress\/plugins\/seo\/ -->\n<title>R\u00c8GLEMENT OFFICIEL DU CONCOURS DU D\u00c9FI DE COLLECTE DE FONDS MARDI JE DONNE | CanaDon - Faites des dons \u00e0 un organisme de bienfaisance au Canada<\/title>\n<meta name=\"robots\" content=\"index, follow, max-snippet:-1, max-image-preview:large, max-video-preview:-1\" \/>\n<link rel=\"canonical\" href=\"https:\/\/www.canadahelps.org\/fr\/reglement-officiel-du-concours-du-defi-de-collecte-de-fonds-mardi-je-donne\/\" \/>\n<meta property=\"og:locale\" content=\"fr_FR\" \/>\n<meta property=\"og:type\" content=\"article\" \/>\n<meta property=\"og:title\" content=\"R\u00c8GLEMENT OFFICIEL DU CONCOURS DU D\u00c9FI DE COLLECTE DE FONDS MARDI JE DONNE | CanaDon - Faites des dons \u00e0 un organisme de bienfaisance au Canada\" \/>\n<meta property=\"og:description\" content=\"1. G\u00c9N\u00c9RALIT\u00c9S Le D\u00e9fi de collecte de fonds Mardi je donne (le \u00ab\u00a0Concours\u00a0\u00bb) commence le 14 novembre 2023 \u00e0 00 h 00 min 00 s ... Voir plus\" \/>\n<meta property=\"og:url\" content=\"https:\/\/www.canadahelps.org\/fr\/reglement-officiel-du-concours-du-defi-de-collecte-de-fonds-mardi-je-donne\/\" \/>\n<meta property=\"og:site_name\" content=\"CanaDon - Faites des dons \u00e0 un organisme de bienfaisance au Canada\" \/>\n<meta name=\"twitter:card\" content=\"summary_large_image\" \/>\n<meta name=\"twitter:label1\" content=\"Est. reading time\" \/>\n\t<meta name=\"twitter:data1\" content=\"9 minutes\" \/>\n<script type=\"application\/ld+json\" class=\"yoast-schema-graph\">{\"@context\":\"https:\/\/schema.org\",\"@graph\":[{\"@type\":\"WebPage\",\"@id\":\"https:\/\/www.canadahelps.org\/fr\/reglement-officiel-du-concours-du-defi-de-collecte-de-fonds-mardi-je-donne\/\",\"url\":\"https:\/\/www.canadahelps.org\/fr\/reglement-officiel-du-concours-du-defi-de-collecte-de-fonds-mardi-je-donne\/\",\"name\":\"R\u00c8GLEMENT OFFICIEL DU CONCOURS DU D\u00c9FI DE COLLECTE DE FONDS MARDI JE DONNE | CanaDon - Faites des dons \u00e0 un organisme de bienfaisance au Canada\",\"isPartOf\":{\"@id\":\"https:\/\/www.canadahelps.org\/fr\/#website\"},\"datePublished\":\"2023-10-30T14:32:14+00:00\",\"breadcrumb\":{\"@id\":\"https:\/\/www.canadahelps.org\/fr\/reglement-officiel-du-concours-du-defi-de-collecte-de-fonds-mardi-je-donne\/#breadcrumb\"},\"inLanguage\":\"fr\",\"potentialAction\":[{\"@type\":\"ReadAction\",\"target\":[\"https:\/\/www.canadahelps.org\/fr\/reglement-officiel-du-concours-du-defi-de-collecte-de-fonds-mardi-je-donne\/\"]}]},{\"@type\":\"BreadcrumbList\",\"@id\":\"https:\/\/www.canadahelps.org\/fr\/reglement-officiel-du-concours-du-defi-de-collecte-de-fonds-mardi-je-donne\/#breadcrumb\",\"itemListElement\":[{\"@type\":\"ListItem\",\"position\":1,\"name\":\"Home\",\"item\":\"https:\/\/www.canadahelps.org\/fr\/\"},{\"@type\":\"ListItem\",\"position\":2,\"name\":\"R\u00c8GLEMENT OFFICIEL DU CONCOURS DU D\u00c9FI DE COLLECTE DE FONDS MARDI JE DONNE\"}]},{\"@type\":\"WebSite\",\"@id\":\"https:\/\/www.canadahelps.org\/fr\/#website\",\"url\":\"https:\/\/www.canadahelps.org\/fr\/\",\"name\":\"CanadaHelps - Donate to any charity in Canada\",\"description\":\"Le don en toute simplicit\u00e9\",\"publisher\":{\"@id\":\"https:\/\/www.canadahelps.org\/fr\/#organization\"},\"potentialAction\":[{\"@type\":\"SearchAction\",\"target\":{\"@type\":\"EntryPoint\",\"urlTemplate\":\"https:\/\/www.canadahelps.org\/fr\/?s={search_term_string}\"},\"query-input\":{\"@type\":\"PropertyValueSpecification\",\"valueRequired\":true,\"valueName\":\"search_term_string\"}}],\"inLanguage\":\"fr\"},{\"@type\":\"Organization\",\"@id\":\"https:\/\/www.canadahelps.org\/fr\/#organization\",\"name\":\"CanadaHelps\",\"url\":\"https:\/\/www.canadahelps.org\/fr\/\",\"logo\":{\"@type\":\"ImageObject\",\"inLanguage\":\"fr\",\"@id\":\"https:\/\/www.canadahelps.org\/fr\/#\/schema\/logo\/image\/\",\"url\":\"https:\/\/www.canadahelps.org\/media\/canadahelps-en.jpg\",\"contentUrl\":\"https:\/\/www.canadahelps.org\/media\/canadahelps-en.jpg\",\"width\":131,\"height\":72,\"caption\":\"CanadaHelps\"},\"image\":{\"@id\":\"https:\/\/www.canadahelps.org\/fr\/#\/schema\/logo\/image\/\"}}]}<\/script>\n<!-- \/ Yoast SEO plugin. -->","yoast_head_json":{"title":"R\u00c8GLEMENT OFFICIEL DU CONCOURS DU D\u00c9FI DE COLLECTE DE FONDS MARDI JE DONNE | CanaDon - Faites des dons \u00e0 un organisme de bienfaisance au Canada","robots":{"index":"index","follow":"follow","max-snippet":"max-snippet:-1","max-image-preview":"max-image-preview:large","max-video-preview":"max-video-preview:-1"},"canonical":"https:\/\/www.canadahelps.org\/fr\/reglement-officiel-du-concours-du-defi-de-collecte-de-fonds-mardi-je-donne\/","og_locale":"fr_FR","og_type":"article","og_title":"R\u00c8GLEMENT OFFICIEL DU CONCOURS DU D\u00c9FI DE COLLECTE DE FONDS MARDI JE DONNE | CanaDon - Faites des dons \u00e0 un organisme de bienfaisance au Canada","og_description":"1. G\u00c9N\u00c9RALIT\u00c9S Le D\u00e9fi de collecte de fonds Mardi je donne (le \u00ab\u00a0Concours\u00a0\u00bb) commence le 14 novembre 2023 \u00e0 00 h 00 min 00 s ... Voir plus","og_url":"https:\/\/www.canadahelps.org\/fr\/reglement-officiel-du-concours-du-defi-de-collecte-de-fonds-mardi-je-donne\/","og_site_name":"CanaDon - Faites des dons \u00e0 un organisme de bienfaisance au Canada","twitter_card":"summary_large_image","twitter_misc":{"Est. reading time":"9 minutes"},"schema":{"@context":"https:\/\/schema.org","@graph":[{"@type":"WebPage","@id":"https:\/\/www.canadahelps.org\/fr\/reglement-officiel-du-concours-du-defi-de-collecte-de-fonds-mardi-je-donne\/","url":"https:\/\/www.canadahelps.org\/fr\/reglement-officiel-du-concours-du-defi-de-collecte-de-fonds-mardi-je-donne\/","name":"R\u00c8GLEMENT OFFICIEL DU CONCOURS DU D\u00c9FI DE COLLECTE DE FONDS MARDI JE DONNE | CanaDon - Faites des dons \u00e0 un organisme de bienfaisance au Canada","isPartOf":{"@id":"https:\/\/www.canadahelps.org\/fr\/#website"},"datePublished":"2023-10-30T14:32:14+00:00","breadcrumb":{"@id":"https:\/\/www.canadahelps.org\/fr\/reglement-officiel-du-concours-du-defi-de-collecte-de-fonds-mardi-je-donne\/#breadcrumb"},"inLanguage":"fr","potentialAction":[{"@type":"ReadAction","target":["https:\/\/www.canadahelps.org\/fr\/reglement-officiel-du-concours-du-defi-de-collecte-de-fonds-mardi-je-donne\/"]}]},{"@type":"BreadcrumbList","@id":"https:\/\/www.canadahelps.org\/fr\/reglement-officiel-du-concours-du-defi-de-collecte-de-fonds-mardi-je-donne\/#breadcrumb","itemListElement":[{"@type":"ListItem","position":1,"name":"Home","item":"https:\/\/www.canadahelps.org\/fr\/"},{"@type":"ListItem","position":2,"name":"R\u00c8GLEMENT OFFICIEL DU CONCOURS DU D\u00c9FI DE COLLECTE DE FONDS MARDI JE DONNE"}]},{"@type":"WebSite","@id":"https:\/\/www.canadahelps.org\/fr\/#website","url":"https:\/\/www.canadahelps.org\/fr\/","name":"CanadaHelps - Donate to any charity in Canada","description":"Le don en toute simplicit\u00e9","publisher":{"@id":"https:\/\/www.canadahelps.org\/fr\/#organization"},"potentialAction":[{"@type":"SearchAction","target":{"@type":"EntryPoint","urlTemplate":"https:\/\/www.canadahelps.org\/fr\/?s={search_term_string}"},"query-input":{"@type":"PropertyValueSpecification","valueRequired":true,"valueName":"search_term_string"}}],"inLanguage":"fr"},{"@type":"Organization","@id":"https:\/\/www.canadahelps.org\/fr\/#organization","name":"CanadaHelps","url":"https:\/\/www.canadahelps.org\/fr\/","logo":{"@type":"ImageObject","inLanguage":"fr","@id":"https:\/\/www.canadahelps.org\/fr\/#\/schema\/logo\/image\/","url":"https:\/\/www.canadahelps.org\/media\/canadahelps-en.jpg","contentUrl":"https:\/\/www.canadahelps.org\/media\/canadahelps-en.jpg","width":131,"height":72,"caption":"CanadaHelps"},"image":{"@id":"https:\/\/www.canadahelps.org\/fr\/#\/schema\/logo\/image\/"}}]}},"_links":{"self":[{"href":"https:\/\/www.canadahelps.org\/fr\/wp-json\/wp\/v2\/pages\/50278","targetHints":{"allow":["GET"]}}],"collection":[{"href":"https:\/\/www.canadahelps.org\/fr\/wp-json\/wp\/v2\/pages"}],"about":[{"href":"https:\/\/www.canadahelps.org\/fr\/wp-json\/wp\/v2\/types\/page"}],"author":[{"embeddable":true,"href":"https:\/\/www.canadahelps.org\/fr\/wp-json\/wp\/v2\/users\/67"}],"replies":[{"embeddable":true,"href":"https:\/\/www.canadahelps.org\/fr\/wp-json\/wp\/v2\/comments?post=50278"}],"version-history":[{"count":3,"href":"https:\/\/www.canadahelps.org\/fr\/wp-json\/wp\/v2\/pages\/50278\/revisions"}],"predecessor-version":[{"id":50282,"href":"https:\/\/www.canadahelps.org\/fr\/wp-json\/wp\/v2\/pages\/50278\/revisions\/50282"}],"wp:attachment":[{"href":"https:\/\/www.canadahelps.org\/fr\/wp-json\/wp\/v2\/media?parent=50278"}],"curies":[{"name":"wp","href":"https:\/\/api.w.org\/{rel}","templated":true}]}}