{"id":51153,"date":"2023-12-14T13:46:23","date_gmt":"2023-12-14T18:46:23","guid":{"rendered":"https:\/\/www.canadahelps.org\/?page_id=51153"},"modified":"2023-12-19T12:03:49","modified_gmt":"2023-12-19T17:03:49","slug":"offre-supplementaire-de-1-de-fin-dannee-2023","status":"publish","type":"page","link":"https:\/\/www.canadahelps.org\/fr\/offre-supplementaire-de-1-de-fin-dannee-2023\/","title":{"rendered":"*Derni\u00e8re offre de fin d\u2019ann\u00e9e 2023 : 1 % de plus"},"content":{"rendered":"<p><span style=\"font-weight: 400;\">*Derni\u00e8re offre de fin d\u2019ann\u00e9e 2023 : 1 % de plus\u00a0<\/span><span style=\"font-weight: 400;\">valable pour les dons \u00e0 compter du mardi 29 decembre 2023 \u00e0 5 h 01, heure normale de l\u2019Est (HNE) jusqu\u2019au 29 decembre 2023 \u00e0 23 h 59, heure normale du Pacifique (HNP). CanaDon fera un don suppl\u00e9mentaire de 1 % pour chaque don, jusqu\u2019\u00e0 un montant agr\u00e9g\u00e9 maximum de 20 000 $ CA. Les donateurs recevront un re\u00e7u fiscal pour la valeur de leur don vers\u00e9 par l\u2019entremise de CanaDon. L\u2019offre est valable pour les dons uniques et les nouveaux dons mensuels effectu\u00e9s par l\u2019entremise de CanadaHelps.org ou UniteforChange.com, y compris pour les \u00ab fonds pour une cause \u00bb, les dons vers\u00e9s aux organismes de bienfaisance sur CanadaHelps.org, les formulaires de don personnalis\u00e9s sur les sites Web des partenaires caritatifs, les collectes de fonds entre pairs, les \u00e9v\u00e9nements payants et les dons en crypto-monnaie. La promotion exclut les dons API, les dons de titres, les dons faits directement \u00e0 CanaDon et l\u2019achat et l\u2019\u00e9change de cartes-cadeaux de bienfaisance. Jusqu\u2019\u00e0 \u00e9puisement des stocks. CanaDon se r\u00e9serve le droit de mettre fin \u00e0 la promotion \u00e0 tout moment.<\/span><\/p>\n","protected":false},"excerpt":{"rendered":"<p>*Derni\u00e8re offre de fin d\u2019ann\u00e9e 2023 : 1 % de plus\u00a0valable pour les dons \u00e0 compter du mardi 29 decembre 2023 \u00e0 5 h 01, &#8230; <a href=\"https:\/\/www.canadahelps.org\/fr\/offre-supplementaire-de-1-de-fin-dannee-2023\/\" id=\"canadahelp-blog-meta\">Voir plus<\/a><\/p>\n","protected":false},"author":67,"featured_media":0,"parent":0,"menu_order":0,"comment_status":"closed","ping_status":"closed","template":"template-custom.php","meta":{"footnotes":""},"class_list":["post-51153","page","type-page","status-publish","hentry"],"acf":{"meta_description":"","use_toc_layout":false,"additional_body_css_classes":"","hide_page_title":false,"row_settings":false,"insert_spotlight_boxes":false,"use_biography_grid":false,"footer_panels":false,"header_banner_colour":"#96174b"},"yoast_head":"<!-- This site is optimized with the Yoast SEO plugin v26.0 - https:\/\/yoast.com\/wordpress\/plugins\/seo\/ -->\n<title>*Derni\u00e8re offre de fin d\u2019ann\u00e9e 2023 : 1 % de plus | CanaDon - Faites des dons \u00e0 un organisme de bienfaisance au Canada<\/title>\n<meta name=\"robots\" content=\"index, follow, max-snippet:-1, max-image-preview:large, max-video-preview:-1\" \/>\n<link rel=\"canonical\" href=\"https:\/\/www.canadahelps.org\/fr\/offre-supplementaire-de-1-de-fin-dannee-2023\/\" \/>\n<meta property=\"og:locale\" content=\"fr_FR\" \/>\n<meta property=\"og:type\" content=\"article\" \/>\n<meta property=\"og:title\" content=\"*Derni\u00e8re offre de fin d\u2019ann\u00e9e 2023 : 1 % de plus | CanaDon - Faites des dons \u00e0 un organisme de bienfaisance au Canada\" \/>\n<meta property=\"og:description\" content=\"*Derni\u00e8re offre de fin d\u2019ann\u00e9e 2023 : 1 % de plus\u00a0valable pour les dons \u00e0 compter du mardi 29 decembre 2023 \u00e0 5 h 01, ... Voir plus\" \/>\n<meta property=\"og:url\" content=\"https:\/\/www.canadahelps.org\/fr\/offre-supplementaire-de-1-de-fin-dannee-2023\/\" \/>\n<meta property=\"og:site_name\" content=\"CanaDon - Faites des dons \u00e0 un organisme de bienfaisance au Canada\" \/>\n<meta property=\"article:modified_time\" content=\"2023-12-19T17:03:49+00:00\" \/>\n<meta name=\"twitter:card\" content=\"summary_large_image\" \/>\n<meta name=\"twitter:label1\" content=\"Est. reading time\" \/>\n\t<meta name=\"twitter:data1\" content=\"1 minute\" \/>\n<script type=\"application\/ld+json\" class=\"yoast-schema-graph\">{\"@context\":\"https:\/\/schema.org\",\"@graph\":[{\"@type\":\"WebPage\",\"@id\":\"https:\/\/www.canadahelps.org\/fr\/offre-supplementaire-de-1-de-fin-dannee-2023\/\",\"url\":\"https:\/\/www.canadahelps.org\/fr\/offre-supplementaire-de-1-de-fin-dannee-2023\/\",\"name\":\"*Derni\u00e8re offre de fin d\u2019ann\u00e9e 2023 : 1 % de plus | CanaDon - Faites des dons \u00e0 un organisme de bienfaisance au Canada\",\"isPartOf\":{\"@id\":\"https:\/\/www.canadahelps.org\/fr\/#website\"},\"datePublished\":\"2023-12-14T18:46:23+00:00\",\"dateModified\":\"2023-12-19T17:03:49+00:00\",\"breadcrumb\":{\"@id\":\"https:\/\/www.canadahelps.org\/fr\/offre-supplementaire-de-1-de-fin-dannee-2023\/#breadcrumb\"},\"inLanguage\":\"fr\",\"potentialAction\":[{\"@type\":\"ReadAction\",\"target\":[\"https:\/\/www.canadahelps.org\/fr\/offre-supplementaire-de-1-de-fin-dannee-2023\/\"]}]},{\"@type\":\"BreadcrumbList\",\"@id\":\"https:\/\/www.canadahelps.org\/fr\/offre-supplementaire-de-1-de-fin-dannee-2023\/#breadcrumb\",\"itemListElement\":[{\"@type\":\"ListItem\",\"position\":1,\"name\":\"Home\",\"item\":\"https:\/\/www.canadahelps.org\/fr\/\"},{\"@type\":\"ListItem\",\"position\":2,\"name\":\"*Derni\u00e8re offre de fin d\u2019ann\u00e9e 2023 : 1 % de plus\"}]},{\"@type\":\"WebSite\",\"@id\":\"https:\/\/www.canadahelps.org\/fr\/#website\",\"url\":\"https:\/\/www.canadahelps.org\/fr\/\",\"name\":\"CanadaHelps - Donate to any charity in Canada\",\"description\":\"Le don en toute simplicit\u00e9\",\"publisher\":{\"@id\":\"https:\/\/www.canadahelps.org\/fr\/#organization\"},\"potentialAction\":[{\"@type\":\"SearchAction\",\"target\":{\"@type\":\"EntryPoint\",\"urlTemplate\":\"https:\/\/www.canadahelps.org\/fr\/?s={search_term_string}\"},\"query-input\":{\"@type\":\"PropertyValueSpecification\",\"valueRequired\":true,\"valueName\":\"search_term_string\"}}],\"inLanguage\":\"fr\"},{\"@type\":\"Organization\",\"@id\":\"https:\/\/www.canadahelps.org\/fr\/#organization\",\"name\":\"CanadaHelps\",\"url\":\"https:\/\/www.canadahelps.org\/fr\/\",\"logo\":{\"@type\":\"ImageObject\",\"inLanguage\":\"fr\",\"@id\":\"https:\/\/www.canadahelps.org\/fr\/#\/schema\/logo\/image\/\",\"url\":\"https:\/\/www.canadahelps.org\/media\/canadahelps-en.jpg\",\"contentUrl\":\"https:\/\/www.canadahelps.org\/media\/canadahelps-en.jpg\",\"width\":131,\"height\":72,\"caption\":\"CanadaHelps\"},\"image\":{\"@id\":\"https:\/\/www.canadahelps.org\/fr\/#\/schema\/logo\/image\/\"}}]}<\/script>\n<!-- \/ Yoast SEO plugin. -->","yoast_head_json":{"title":"*Derni\u00e8re offre de fin d\u2019ann\u00e9e 2023 : 1 % de plus | CanaDon - Faites des dons \u00e0 un organisme de bienfaisance au Canada","robots":{"index":"index","follow":"follow","max-snippet":"max-snippet:-1","max-image-preview":"max-image-preview:large","max-video-preview":"max-video-preview:-1"},"canonical":"https:\/\/www.canadahelps.org\/fr\/offre-supplementaire-de-1-de-fin-dannee-2023\/","og_locale":"fr_FR","og_type":"article","og_title":"*Derni\u00e8re offre de fin d\u2019ann\u00e9e 2023 : 1 % de plus | CanaDon - Faites des dons \u00e0 un organisme de bienfaisance au Canada","og_description":"*Derni\u00e8re offre de fin d\u2019ann\u00e9e 2023 : 1 % de plus\u00a0valable pour les dons \u00e0 compter du mardi 29 decembre 2023 \u00e0 5 h 01, ... Voir plus","og_url":"https:\/\/www.canadahelps.org\/fr\/offre-supplementaire-de-1-de-fin-dannee-2023\/","og_site_name":"CanaDon - Faites des dons \u00e0 un organisme de bienfaisance au Canada","article_modified_time":"2023-12-19T17:03:49+00:00","twitter_card":"summary_large_image","twitter_misc":{"Est. reading time":"1 minute"},"schema":{"@context":"https:\/\/schema.org","@graph":[{"@type":"WebPage","@id":"https:\/\/www.canadahelps.org\/fr\/offre-supplementaire-de-1-de-fin-dannee-2023\/","url":"https:\/\/www.canadahelps.org\/fr\/offre-supplementaire-de-1-de-fin-dannee-2023\/","name":"*Derni\u00e8re offre de fin d\u2019ann\u00e9e 2023 : 1 % de plus | CanaDon - Faites des dons \u00e0 un organisme de bienfaisance au Canada","isPartOf":{"@id":"https:\/\/www.canadahelps.org\/fr\/#website"},"datePublished":"2023-12-14T18:46:23+00:00","dateModified":"2023-12-19T17:03:49+00:00","breadcrumb":{"@id":"https:\/\/www.canadahelps.org\/fr\/offre-supplementaire-de-1-de-fin-dannee-2023\/#breadcrumb"},"inLanguage":"fr","potentialAction":[{"@type":"ReadAction","target":["https:\/\/www.canadahelps.org\/fr\/offre-supplementaire-de-1-de-fin-dannee-2023\/"]}]},{"@type":"BreadcrumbList","@id":"https:\/\/www.canadahelps.org\/fr\/offre-supplementaire-de-1-de-fin-dannee-2023\/#breadcrumb","itemListElement":[{"@type":"ListItem","position":1,"name":"Home","item":"https:\/\/www.canadahelps.org\/fr\/"},{"@type":"ListItem","position":2,"name":"*Derni\u00e8re offre de fin d\u2019ann\u00e9e 2023 : 1 % de plus"}]},{"@type":"WebSite","@id":"https:\/\/www.canadahelps.org\/fr\/#website","url":"https:\/\/www.canadahelps.org\/fr\/","name":"CanadaHelps - Donate to any charity in Canada","description":"Le don en toute simplicit\u00e9","publisher":{"@id":"https:\/\/www.canadahelps.org\/fr\/#organization"},"potentialAction":[{"@type":"SearchAction","target":{"@type":"EntryPoint","urlTemplate":"https:\/\/www.canadahelps.org\/fr\/?s={search_term_string}"},"query-input":{"@type":"PropertyValueSpecification","valueRequired":true,"valueName":"search_term_string"}}],"inLanguage":"fr"},{"@type":"Organization","@id":"https:\/\/www.canadahelps.org\/fr\/#organization","name":"CanadaHelps","url":"https:\/\/www.canadahelps.org\/fr\/","logo":{"@type":"ImageObject","inLanguage":"fr","@id":"https:\/\/www.canadahelps.org\/fr\/#\/schema\/logo\/image\/","url":"https:\/\/www.canadahelps.org\/media\/canadahelps-en.jpg","contentUrl":"https:\/\/www.canadahelps.org\/media\/canadahelps-en.jpg","width":131,"height":72,"caption":"CanadaHelps"},"image":{"@id":"https:\/\/www.canadahelps.org\/fr\/#\/schema\/logo\/image\/"}}]}},"_links":{"self":[{"href":"https:\/\/www.canadahelps.org\/fr\/wp-json\/wp\/v2\/pages\/51153","targetHints":{"allow":["GET"]}}],"collection":[{"href":"https:\/\/www.canadahelps.org\/fr\/wp-json\/wp\/v2\/pages"}],"about":[{"href":"https:\/\/www.canadahelps.org\/fr\/wp-json\/wp\/v2\/types\/page"}],"author":[{"embeddable":true,"href":"https:\/\/www.canadahelps.org\/fr\/wp-json\/wp\/v2\/users\/67"}],"replies":[{"embeddable":true,"href":"https:\/\/www.canadahelps.org\/fr\/wp-json\/wp\/v2\/comments?post=51153"}],"version-history":[{"count":3,"href":"https:\/\/www.canadahelps.org\/fr\/wp-json\/wp\/v2\/pages\/51153\/revisions"}],"predecessor-version":[{"id":51162,"href":"https:\/\/www.canadahelps.org\/fr\/wp-json\/wp\/v2\/pages\/51153\/revisions\/51162"}],"wp:attachment":[{"href":"https:\/\/www.canadahelps.org\/fr\/wp-json\/wp\/v2\/media?parent=51153"}],"curies":[{"name":"wp","href":"https:\/\/api.w.org\/{rel}","templated":true}]}}