{"id":52247,"date":"2024-09-18T11:35:13","date_gmt":"2024-09-18T15:35:13","guid":{"rendered":"https:\/\/www.canadahelps.org\/?page_id=52247"},"modified":"2024-09-18T11:36:10","modified_gmt":"2024-09-18T15:36:10","slug":"partenairesmardijedonne","status":"publish","type":"page","link":"https:\/\/www.canadahelps.org\/fr\/partenairesmardijedonne\/","title":{"rendered":"PartenairesMardiJeDonne"},"content":{"rendered":"<style>html{background-color:#fff}.gtp2024-hero-background{background:#1666a9}#gtp2024-new-hero-bg{display:flex;align-items:center;background:#fff;background-image:url(https:\/\/www.canadahelps.org\/media\/20240912_gtp_001.png);background-repeat:no-repeat;background-position:center;background-size:cover;max-width:1280px;margin:0 auto;padding:0;height:357px;min-height:357px}.gtp2024-new-hero-txt{margin-top:-8%;margin-left:17%;width:385px;font-weight:700;font-size:18px;color:#fff;line-height:28px}.gtp2024-new-hero-txt h1{color:#fff}.gtp2024-new-hero-txt h2{margin:0;color:#fff;font-size:18px}#gtp2024-intro{padding:50px 0 100px 0}#gtp2024-body{padding:0;width:700px;margin:0 auto 100px auto;text-align:justify}#gtp2024-footer-text-container{background:#1466a9;padding:30px 0;margin:0 auto;color:#fff}#gtp2024-footer-text{background-color:#1466a9;width:960px;margin:0 auto}#gtp2024-footer-text p{font-size:12px}#gtp2024-footer-text a{color:#fff;text-decoration:underline}#gtp2024-footer-text-copy{padding:30px 0}.gtp2024-headline{width:600px;margin:0 auto;padding:0;text-align:center}#gt-logo{text-align:center}#gt-logo img{width:600px;margin:0 auto}p{font-size:18px}h1.blue{color:#0070af}@media screen and (max-width:640px){#gtp2024-new-hero-bg{background-image:url(https:\/\/www.canadahelps.org\/media\/20240912_gtp_002.png);justify-content:center;padding-left:0;background-size:contain}.gtp2024-headline{width:100%;padding:0 30px}#gtp2024-body{padding:0 100px;width:100%}}<\/style>\n<div class=\"gtp2024-hero-background\">\n<div id=\"gtp2024-new-hero-bg\">\n<div class=\"gtp2024-new-hero-txt\">\n            &nbsp;\n        <\/div>\n<\/p><\/div>\n<\/div>\n<section id=\"gtp2024-intro\">\n<div class=\"gtp2024-headline\">\n<h1 class=\"blue\">Le profil de partenaire que vous recherchez a \u00e9t\u00e9 progressivement supprim\u00e9.<\/h1>\n<\/p><\/div>\n<\/section>\n<section id=\"gtp2024-body\">\n<p>    Chers sympathisants de Mardi je donne,  <\/p>\n<p>Le profil de partenaire que vous recherchez a \u00e9t\u00e9 progressivement supprim\u00e9. Nous vous encourageons plut\u00f4t \u00e0 participer \u00e0 la campagne de Mardi je donne que vous recherchez via les r\u00e9seaux sociaux. Si la campagne est organis\u00e9e par un organisme de bienfaisance enregistr\u00e9, vous pouvez \u00e9galement rechercher sa <a href=\"https:\/\/www.canadahelps.org\/fr\/\">page de profil<\/a>, sous Trouver un organisme de bienfaisance.  <\/p>\n<p>Mardi je donne vise \u00e0 unir les communaut\u00e9s par la g\u00e9n\u00e9rosit\u00e9. Il existe de nombreuses fa\u00e7ons de rassembler les gens, de favoriser les liens sociaux, de stimuler l&#8217;engagement civique ou de soutenir votre cause pr\u00e9f\u00e9r\u00e9e&nbsp;: <\/p>\n<p><strong>1. Actes de gentillesse&nbsp;:<\/strong> ceux-ci peuvent aller d&#8217;une collecte de nourriture ou de v\u00eatements, \u00e0 l&#8217;organisation d&#8217;une f\u00eate de rue, jusqu&#8217;\u00e0 un travail de plaidoyer. Inspirez-vous de notre <a href=\"https:\/\/www.givingtuesday.ca\/blogue\/50-idees-dactes-de-gentillesse\">page Id\u00e9es<\/a>.<\/p>\n<p><strong>2. Cr\u00e9ez une collecte de fonds&nbsp;:<\/strong> envisagez de cr\u00e9er une <a href=\"https:\/\/www.canadahelps.org\/fr\/faites-une-collecte-de-fonds\/\">collecte de fonds<\/a> Mardi je donne pour les organismes de bienfaisance de votre choix sur CanaDon. Qu&#8217;il s&#8217;agisse d&#8217;un bowling, d&#8217;une soir\u00e9e de jeux virtuelle ou d&#8217;un d\u00e9fi pour voir qui peut marcher le plus de pas en une semaine, rassemblez vos amis pour une comp\u00e9tition amicale o\u00f9 tous les participants s&#8217;engagent \u00e0 faire un don \u00e0 votre collecte de fonds !<\/p>\n<p><strong>3. Formulaire de don personnalis\u00e9&nbsp;:<\/strong> si vous \u00eates un organisme de bienfaisance enregistr\u00e9 souhaitant mettre en place une campagne de collecte de fonds pour Mardi je donne, veuillez cliquer <a href=\"https:\/\/forcharities.canadahelps.org\/fr\/solutions\/donation-forms\">ici<\/a>. Nous avons cr\u00e9\u00e9 des <a href=\"https:\/\/drive.google.com\/drive\/folders\/1ChV0GuAZC2M58yCmiWJnTdA3RuHEKzr-\">arri\u00e8re-plans Mardi je donne<\/a> pour personnaliser votre campagne.<\/p>\n<p>Merci pour tout ce que vous faites pour contribuer \u00e0 promouvoir la g\u00e9n\u00e9rosit\u00e9. C&#8217;est important. <\/p>\n<p>Pour des ressources suppl\u00e9mentaires, des guides et des conseils pour un Mardi je donne r\u00e9ussi, veuillez visiter <a href=\"http:\/\/Givingtuesday.ca\/fr\">Givingtuesday.ca\/fr<\/a>. Nous sommes \u00e9galement l\u00e0 pour vous aider \u00e0 <a href=\"mailto:info@givingtuesday.ca\">info@givingtuesday.ca<\/a>.<\/p>\n<p>&#8212; L\u2019\u00c9quipe de Mardi je donne Canada<\/p>\n<\/section>\n<section id=\"gt-logo\">\n    <img decoding=\"async\" src=\"https:\/\/www.canadahelps.org\/media\/20240917_GivingTuesday_CH_Logo-FR.png\" alt=\"\"><br \/>\n<\/section>\n<section id=\"gtp2024-footer\">\n<div id=\"fr24-footer-wave-top\"><img decoding=\"async\" src=\"https:\/\/www.canadahelps.org\/media\/20211018_WaveTop.png\" width=\"100%\" alt=\"\"><\/div>\n<div id=\"gtp2024-footer-text-container\">\n<div id=\"gtp2024-footer-text\">\n<p>            &nbsp;<\/p><\/div>\n<\/p><\/div>\n<\/section>\n","protected":false},"excerpt":{"rendered":"<p>&nbsp; Le profil de partenaire que vous recherchez a \u00e9t\u00e9 progressivement supprim\u00e9. Chers sympathisants de Mardi je donne, Le profil de partenaire que vous recherchez &#8230; <a href=\"https:\/\/www.canadahelps.org\/fr\/partenairesmardijedonne\/\" id=\"canadahelp-blog-meta\">Voir plus<\/a><\/p>\n","protected":false},"author":30,"featured_media":0,"parent":0,"menu_order":0,"comment_status":"closed","ping_status":"closed","template":"template-fullwidth-page.php","meta":{"footnotes":""},"class_list":["post-52247","page","type-page","status-publish","hentry"],"acf":{"meta_description":"","use_toc_layout":false,"additional_body_css_classes":"","row_settings":false,"hide_page_title":false,"insert_spotlight_boxes":false,"use_biography_grid":false},"yoast_head":"<!-- This site is optimized with the Yoast SEO plugin v26.0 - https:\/\/yoast.com\/wordpress\/plugins\/seo\/ -->\n<title>PartenairesMardiJeDonne | CanaDon - Faites des dons \u00e0 un organisme de bienfaisance au Canada<\/title>\n<meta name=\"robots\" content=\"index, follow, max-snippet:-1, max-image-preview:large, max-video-preview:-1\" \/>\n<link rel=\"canonical\" href=\"https:\/\/www.canadahelps.org\/fr\/partenairesmardijedonne\/\" \/>\n<meta property=\"og:locale\" content=\"fr_FR\" \/>\n<meta property=\"og:type\" content=\"article\" \/>\n<meta property=\"og:title\" content=\"PartenairesMardiJeDonne | CanaDon - Faites des dons \u00e0 un organisme de bienfaisance au Canada\" \/>\n<meta property=\"og:description\" content=\"&nbsp; Le profil de partenaire que vous recherchez a \u00e9t\u00e9 progressivement supprim\u00e9. Chers sympathisants de Mardi je donne, Le profil de partenaire que vous recherchez ... Voir plus\" \/>\n<meta property=\"og:url\" content=\"https:\/\/www.canadahelps.org\/fr\/partenairesmardijedonne\/\" \/>\n<meta property=\"og:site_name\" content=\"CanaDon - Faites des dons \u00e0 un organisme de bienfaisance au Canada\" \/>\n<meta property=\"article:modified_time\" content=\"2024-09-18T15:36:10+00:00\" \/>\n<meta property=\"og:image\" content=\"https:\/\/www.canadahelps.org\/media\/20240917_GivingTuesday_CH_Logo-FR.png\" \/>\n<meta name=\"twitter:card\" content=\"summary_large_image\" \/>\n<script type=\"application\/ld+json\" class=\"yoast-schema-graph\">{\"@context\":\"https:\/\/schema.org\",\"@graph\":[{\"@type\":\"WebPage\",\"@id\":\"https:\/\/www.canadahelps.org\/fr\/partenairesmardijedonne\/\",\"url\":\"https:\/\/www.canadahelps.org\/fr\/partenairesmardijedonne\/\",\"name\":\"PartenairesMardiJeDonne | CanaDon - Faites des dons \u00e0 un organisme de bienfaisance au Canada\",\"isPartOf\":{\"@id\":\"https:\/\/www.canadahelps.org\/fr\/#website\"},\"primaryImageOfPage\":{\"@id\":\"https:\/\/www.canadahelps.org\/fr\/partenairesmardijedonne\/#primaryimage\"},\"image\":{\"@id\":\"https:\/\/www.canadahelps.org\/fr\/partenairesmardijedonne\/#primaryimage\"},\"thumbnailUrl\":\"https:\/\/www.canadahelps.org\/media\/20240917_GivingTuesday_CH_Logo-FR.png\",\"datePublished\":\"2024-09-18T15:35:13+00:00\",\"dateModified\":\"2024-09-18T15:36:10+00:00\",\"breadcrumb\":{\"@id\":\"https:\/\/www.canadahelps.org\/fr\/partenairesmardijedonne\/#breadcrumb\"},\"inLanguage\":\"fr\",\"potentialAction\":[{\"@type\":\"ReadAction\",\"target\":[\"https:\/\/www.canadahelps.org\/fr\/partenairesmardijedonne\/\"]}]},{\"@type\":\"ImageObject\",\"inLanguage\":\"fr\",\"@id\":\"https:\/\/www.canadahelps.org\/fr\/partenairesmardijedonne\/#primaryimage\",\"url\":\"https:\/\/www.canadahelps.org\/media\/20240917_GivingTuesday_CH_Logo-FR.png\",\"contentUrl\":\"https:\/\/www.canadahelps.org\/media\/20240917_GivingTuesday_CH_Logo-FR.png\"},{\"@type\":\"BreadcrumbList\",\"@id\":\"https:\/\/www.canadahelps.org\/fr\/partenairesmardijedonne\/#breadcrumb\",\"itemListElement\":[{\"@type\":\"ListItem\",\"position\":1,\"name\":\"Home\",\"item\":\"https:\/\/www.canadahelps.org\/fr\/\"},{\"@type\":\"ListItem\",\"position\":2,\"name\":\"PartenairesMardiJeDonne\"}]},{\"@type\":\"WebSite\",\"@id\":\"https:\/\/www.canadahelps.org\/fr\/#website\",\"url\":\"https:\/\/www.canadahelps.org\/fr\/\",\"name\":\"CanadaHelps - Donate to any charity in Canada\",\"description\":\"Le don en toute simplicit\u00e9\",\"publisher\":{\"@id\":\"https:\/\/www.canadahelps.org\/fr\/#organization\"},\"potentialAction\":[{\"@type\":\"SearchAction\",\"target\":{\"@type\":\"EntryPoint\",\"urlTemplate\":\"https:\/\/www.canadahelps.org\/fr\/?s={search_term_string}\"},\"query-input\":{\"@type\":\"PropertyValueSpecification\",\"valueRequired\":true,\"valueName\":\"search_term_string\"}}],\"inLanguage\":\"fr\"},{\"@type\":\"Organization\",\"@id\":\"https:\/\/www.canadahelps.org\/fr\/#organization\",\"name\":\"CanadaHelps\",\"url\":\"https:\/\/www.canadahelps.org\/fr\/\",\"logo\":{\"@type\":\"ImageObject\",\"inLanguage\":\"fr\",\"@id\":\"https:\/\/www.canadahelps.org\/fr\/#\/schema\/logo\/image\/\",\"url\":\"https:\/\/www.canadahelps.org\/media\/canadahelps-en.jpg\",\"contentUrl\":\"https:\/\/www.canadahelps.org\/media\/canadahelps-en.jpg\",\"width\":131,\"height\":72,\"caption\":\"CanadaHelps\"},\"image\":{\"@id\":\"https:\/\/www.canadahelps.org\/fr\/#\/schema\/logo\/image\/\"}}]}<\/script>\n<!-- \/ Yoast SEO plugin. -->","yoast_head_json":{"title":"PartenairesMardiJeDonne | CanaDon - Faites des dons \u00e0 un organisme de bienfaisance au Canada","robots":{"index":"index","follow":"follow","max-snippet":"max-snippet:-1","max-image-preview":"max-image-preview:large","max-video-preview":"max-video-preview:-1"},"canonical":"https:\/\/www.canadahelps.org\/fr\/partenairesmardijedonne\/","og_locale":"fr_FR","og_type":"article","og_title":"PartenairesMardiJeDonne | CanaDon - Faites des dons \u00e0 un organisme de bienfaisance au Canada","og_description":"&nbsp; Le profil de partenaire que vous recherchez a \u00e9t\u00e9 progressivement supprim\u00e9. Chers sympathisants de Mardi je donne, Le profil de partenaire que vous recherchez ... Voir plus","og_url":"https:\/\/www.canadahelps.org\/fr\/partenairesmardijedonne\/","og_site_name":"CanaDon - Faites des dons \u00e0 un organisme de bienfaisance au Canada","article_modified_time":"2024-09-18T15:36:10+00:00","og_image":[{"url":"https:\/\/www.canadahelps.org\/media\/20240917_GivingTuesday_CH_Logo-FR.png","type":"","width":"","height":""}],"twitter_card":"summary_large_image","schema":{"@context":"https:\/\/schema.org","@graph":[{"@type":"WebPage","@id":"https:\/\/www.canadahelps.org\/fr\/partenairesmardijedonne\/","url":"https:\/\/www.canadahelps.org\/fr\/partenairesmardijedonne\/","name":"PartenairesMardiJeDonne | CanaDon - Faites des dons \u00e0 un organisme de bienfaisance au Canada","isPartOf":{"@id":"https:\/\/www.canadahelps.org\/fr\/#website"},"primaryImageOfPage":{"@id":"https:\/\/www.canadahelps.org\/fr\/partenairesmardijedonne\/#primaryimage"},"image":{"@id":"https:\/\/www.canadahelps.org\/fr\/partenairesmardijedonne\/#primaryimage"},"thumbnailUrl":"https:\/\/www.canadahelps.org\/media\/20240917_GivingTuesday_CH_Logo-FR.png","datePublished":"2024-09-18T15:35:13+00:00","dateModified":"2024-09-18T15:36:10+00:00","breadcrumb":{"@id":"https:\/\/www.canadahelps.org\/fr\/partenairesmardijedonne\/#breadcrumb"},"inLanguage":"fr","potentialAction":[{"@type":"ReadAction","target":["https:\/\/www.canadahelps.org\/fr\/partenairesmardijedonne\/"]}]},{"@type":"ImageObject","inLanguage":"fr","@id":"https:\/\/www.canadahelps.org\/fr\/partenairesmardijedonne\/#primaryimage","url":"https:\/\/www.canadahelps.org\/media\/20240917_GivingTuesday_CH_Logo-FR.png","contentUrl":"https:\/\/www.canadahelps.org\/media\/20240917_GivingTuesday_CH_Logo-FR.png"},{"@type":"BreadcrumbList","@id":"https:\/\/www.canadahelps.org\/fr\/partenairesmardijedonne\/#breadcrumb","itemListElement":[{"@type":"ListItem","position":1,"name":"Home","item":"https:\/\/www.canadahelps.org\/fr\/"},{"@type":"ListItem","position":2,"name":"PartenairesMardiJeDonne"}]},{"@type":"WebSite","@id":"https:\/\/www.canadahelps.org\/fr\/#website","url":"https:\/\/www.canadahelps.org\/fr\/","name":"CanadaHelps - Donate to any charity in Canada","description":"Le don en toute simplicit\u00e9","publisher":{"@id":"https:\/\/www.canadahelps.org\/fr\/#organization"},"potentialAction":[{"@type":"SearchAction","target":{"@type":"EntryPoint","urlTemplate":"https:\/\/www.canadahelps.org\/fr\/?s={search_term_string}"},"query-input":{"@type":"PropertyValueSpecification","valueRequired":true,"valueName":"search_term_string"}}],"inLanguage":"fr"},{"@type":"Organization","@id":"https:\/\/www.canadahelps.org\/fr\/#organization","name":"CanadaHelps","url":"https:\/\/www.canadahelps.org\/fr\/","logo":{"@type":"ImageObject","inLanguage":"fr","@id":"https:\/\/www.canadahelps.org\/fr\/#\/schema\/logo\/image\/","url":"https:\/\/www.canadahelps.org\/media\/canadahelps-en.jpg","contentUrl":"https:\/\/www.canadahelps.org\/media\/canadahelps-en.jpg","width":131,"height":72,"caption":"CanadaHelps"},"image":{"@id":"https:\/\/www.canadahelps.org\/fr\/#\/schema\/logo\/image\/"}}]}},"_links":{"self":[{"href":"https:\/\/www.canadahelps.org\/fr\/wp-json\/wp\/v2\/pages\/52247","targetHints":{"allow":["GET"]}}],"collection":[{"href":"https:\/\/www.canadahelps.org\/fr\/wp-json\/wp\/v2\/pages"}],"about":[{"href":"https:\/\/www.canadahelps.org\/fr\/wp-json\/wp\/v2\/types\/page"}],"author":[{"embeddable":true,"href":"https:\/\/www.canadahelps.org\/fr\/wp-json\/wp\/v2\/users\/30"}],"replies":[{"embeddable":true,"href":"https:\/\/www.canadahelps.org\/fr\/wp-json\/wp\/v2\/comments?post=52247"}],"version-history":[{"count":2,"href":"https:\/\/www.canadahelps.org\/fr\/wp-json\/wp\/v2\/pages\/52247\/revisions"}],"predecessor-version":[{"id":52249,"href":"https:\/\/www.canadahelps.org\/fr\/wp-json\/wp\/v2\/pages\/52247\/revisions\/52249"}],"wp:attachment":[{"href":"https:\/\/www.canadahelps.org\/fr\/wp-json\/wp\/v2\/media?parent=52247"}],"curies":[{"name":"wp","href":"https:\/\/api.w.org\/{rel}","templated":true}]}}