{"id":52272,"date":"2024-09-25T14:38:33","date_gmt":"2024-09-25T18:38:33","guid":{"rendered":"https:\/\/www.canadahelps.org\/?page_id=52272"},"modified":"2026-03-03T12:53:08","modified_gmt":"2026-03-03T17:53:08","slug":"fonds-de-solidarite-pour-les-peuples-autochtone","status":"publish","type":"page","link":"https:\/\/www.canadahelps.org\/fr\/fonds-de-solidarite-pour-les-peuples-autochtone\/","title":{"rendered":"Fonds de Solidarite pour les Peuples Autochtone"},"content":{"rendered":"<style>\n.cf-indigenous-header {\n  display: flex;\n  justify-content: space-between;\n  gap: 20px;\n  align-items: center;\n}\n.cf-indigenous-header-text {\n  max-width: 506px;\n}\n.cf-form.container {\n  display: flex;\n  justify-content: space-between;\n  align-items: center;\n  gap: 20px;\n  margin: 0 auto;\n  padding: 64px 20px;\n}\n.cf-form-text {\n  max-width: 612px;\n}\n.cf-embed-form {\n  width: 506px;\n}\n.cf-stats {\n  text-align: center;\n  padding: 64px 0;\n}\n.cf-stats .container {\n  margin: 0 auto;\n}\n.cf-stats-amount .cf-stat strong,\n.cf-stats-supporters .cf-stat strong {\n  font-size: 136px;\n  line-height: 156px;\n  font-family: PT Serif,ui-sans-serif,system-ui,-apple-system,BlinkMacSystemFont,\"Segoe UI\",Roboto,\"Helvetica Neue\",Arial,\"Noto Sans\",sans-serif,\"Apple Color Emoji\",\"Segoe UI Emoji\",\"Segoe UI Symbol\",\"Noto Color Emoji\";\n}\n.cf-amount strong {\n  color: #BFEFFF;\n}\n.cf-supporters strong {\n  color: #EBCFFF;\n}\n.cf-stats-supporters .text-white {\n  margin-bottom: 0;\n}\n.indigenous-ingenuity, .truth-reconciliation, .about-curator-container {\n  display: flex;\n  justify-content: space-between;\n  gap: 20px;\n}\n.truth-reconciliation, .about-curator-container {\n  align-items: center;\n}\n.indigenous-ingenuity-text {\n  max-width: 612px;\n}\n.truth-reconciliation-text {\n  max-width: 506px;\n}\n.about-curator-container.container {\n  padding: 64px 20px;\n}\n.about-curator-text {\n  max-width: 506px;\n}\n.cc-references ul {\n  list-style: auto;\n  margin-left: 20px;  \n}\n.cc-references ul li {\n  color: #0070af;\n}\n.about-indigenous-fund ul.list-disc li {\n  font-family: inherit;\n  font-size: inherit;\n  line-height: inherit;\n  margin-bottom: 20px;\n}\n.about-indigenous-fund ul.list-disc {    \n  margin-left: 40px;\n}\n.cf-stats {text-align: center;  padding: 64px 0;}.cf-stats .container {margin: 0 auto;}.fundTotals p {color:white;}\n.fundTotals h2 {color: #BFEFFF;} h3.fundTotalsDonors {color: #EBCFFF;} h2.fundTotalsAmount, h3.fundTotalsDonors {font-size: 136px;  line-height: 156px;  font-family: PT Serif,ui-sans-serif,system-ui,-apple-system,BlinkMacSystemFont,\"Segoe UI\",Roboto,\"Helvetica Neue\",Arial,\"Noto Sans\",sans-serif,\"Apple Color Emoji\",\"Segoe UI Emoji\",\"Segoe UI Symbol\",\"Noto Color Emoji\";  font-weight:bold;}\n@media screen and (max-width: 1200px) {\n  .cf-indigenous-header-text, .cf-indigenous-header-img {\n    width: 50%;\n  }\n  .cf-form-text {\n    width: 50%;\n  }\n}\n@media screen and (max-width: 768px) {\n  .cf-indigenous-header {\n    flex-direction: column;\n    gap: 0;\n    justify-content: normal;\n  }\n  .cf-indigenous-header-text, .cf-indigenous-header-img {\n    width: 100%;\n    max-width: 100%;\n  }\n  .cf-indigenous-header-img {\n    margin-bottom: 20px;\n    width: 272px;\n  }\n  .cf-indigenous-header-img img {\n    margin: 0 auto;\n  }\n  .cf-stats-amount .cf-stat strong,\n  .cf-stats-supporters .cf-stat strong {\n    font-size: 34px;\n    line-height: 40px;\n  }\nh2.fundTotalsAmount, h3.fundTotalsDonors {font-size: 34px;  line-height: 40px;}\n  .cf-stats {\n    padding: 40px 0;\n  }\n  .cf-stats-amount .text-white {\n    margin-bottom: 40px;\n  }\n  .indigenous-ingenuity{\n    flex-direction: column;\n    gap: 0;\n  }\n  .truth-reconciliation {\n    flex-direction: column-reverse;\n    gap: 0;\n  }\n  .indigenous-ingenuity .indigenous-ingenuity-img, .truth-reconciliation .truth-reconciliation-img {\n    margin-bottom: 20px;\n  }\n  .indigenous-ingenuity-img img, .truth-reconciliation-img img {\n    width: 272px;\n    margin: 0 auto;\n  }\n  .indigenous-ingenuity-text, .truth-reconciliation-text {\n    max-width: 100%;\n  }\n  .about-curator-container.container {\n    padding: 20px 20px 40px;\n    flex-direction: column-reverse;\n    gap: 0;\n  }\n  .about-curator-text {\n    max-width: 100%;\n    margin-bottom: 20px;\n  }\n  .about-curator-img img {\n    width: 198px;\n  }\n  .cf-form.container {\n    display: block;\n    padding: 40px 20px;\n  }\n  .cf-form-text {\n    max-width: 100%;\n    width: 100%;\n    margin-bottom: 20px;\n  }\n  .cf-embed-form {\n    margin: 0 auto;\n    width: auto;\n  }\n}\n<\/style>\n<div class=\"cf-indigenous\">\n<div class=\"cf-indigenous-header container\">\n<div class=\"cf-indigenous-header-img\"><img decoding=\"async\" src=\"https:\/\/www.canadahelps.org\/media\/Image-Solidarity-1.png\" alt=\"\" width=\"612\" \/><\/div>\n<div class=\"cf-indigenous-header-text\">\n<h1 class=\"header-display\">Donnez au <span class=\"ch-underline-gradient\">Fonds de solidarit\u00e9 des peuples autochtones<\/span><\/h1>\n<\/p><\/div>\n<\/p><\/div>\n<div class=\"ch-gray-section\">\n<div class=\"container cf-form\">\n<div class=\"cf-form-text\">\n<h2 class=\"header-primary\">Aidez \u00e0 mettre un terme aux in\u00e9galit\u00e9s auxquelles sont confront\u00e9es les communaut\u00e9es autochtones<\/h2>\n<p class=\"font-bold\">Le gouvernement f\u00e9d\u00e9ral s\u2019est engag\u00e9 \u00e0 lever tous les avis \u00e0 long terme concernant la qualit\u00e9 de l\u2019eau potable dans les r\u00e9serves des Premi\u00e8res Nations d\u2019ici 2021.1 Plus de 30 sont toujours en vigueur.<\/p>\n<p>Les peuples autochtones sont la population qui conna\u00eet la croissance la plus rapide au Canada. Ils repr\u00e9sentent pr\u00e8s de 5 % de l\u2019ensemble de la population canadienne. La discrimination syst\u00e9mique, les politiques gouvernementales n\u00e9fastes et le racisme ont cr\u00e9\u00e9 des injustices et des in\u00e9galit\u00e9s historiques et modernes, notamment des avis \u00e0 long terme concernant la qualit\u00e9 de l\u2019eau potable, un acc\u00e8s in\u00e9gal aux soins de sant\u00e9 et \u00e0 l\u2019\u00e9ducation, des crises de sant\u00e9 mentale chez les jeunes et des in\u00e9galit\u00e9s \u00e9conomiques.<\/p>\n<\/p><\/div>\n<div class=\"cf-embed-form\"><script id=\"ch_cdn_embed\" type=\"text\/javascript\" src=\"https:\/\/www.canadahelps.org\/secure\/js\/cdf_embed.2.js\" charSet=\"utf-8\" data-language=\"fr\" data-page-id=\"104153\" data-root-url=\"https:\/\/www.canadahelps.org\" data-formtype=\"5\" data-cfasync=\"false\"><\/script><\/div>\n<\/div><\/div>\n<div class=\"cf-stats ch-purple-section\">\n<div class=\"container\">\n <div class=\"fundTotals\" id=\"fundTotals_7c2191005d\">\n        <h2 class=\"fundTotalsAmount\"><\/h2>\n        <p class=\"fundTotalsAmountLabel\"><\/p>\n        <h3 class=\"fundTotalsDonors\"><\/h3>\n        <p class=\"fundTotalsDonorsLabel\"><\/p>\n<\/div>\n\n<script>\n(function(){\n  var targetFundName = \"The Indigenous Peoples Solidarity Fund\";\n  var lang = \"fr\";\n  var apiUrl = \"\\\/site\\\/api\\\/reports\\\/stats\\\/CausefundsStatsBreakdown\";\n\n  var locale = (lang === 'fr') ? 'fr-CA' : 'en-CA';\n\n  var currencyFormatter = new Intl.NumberFormat(locale, {\n    style: 'currency',\n    currency: 'CAD',\n    minimumFractionDigits: 0,\n    maximumFractionDigits: 0\n  });\n\n  var numberFormatter = new Intl.NumberFormat(locale);\n\n  function norm(s) { return String(s || '').trim().toLowerCase(); }\n\n  var labels = (lang === 'fr') ? {\n    amount: '$ Montant amass\u00e9',\n    donors: '# de donateurs'\n  } : {\n    amount: '$ Amount raised',\n    donors: '# of supporters'\n  };\n\n  fetch(apiUrl, { credentials: 'same-origin' })\n    .then(function(resp){\n      if (!resp.ok) throw new Error('HTTP ' + resp.status);\n      return resp.json();\n    })\n    .then(function(rows){\n      if (!Array.isArray(rows)) return;\n\n      var row = rows.find(function(r){\n        return r && norm(r.fundName) === norm(targetFundName);\n      });\n\n      if (!row) return;\n\n      var container = document.getElementById('fundTotals_7c2191005d');\n      if (!container) return;\n\n      var amountEl = container.querySelector('.fundTotalsAmount');\n      var donorsEl = container.querySelector('.fundTotalsDonors');\n      var amountLabelEl = container.querySelector('.fundTotalsAmountLabel');\n      var donorsLabelEl = container.querySelector('.fundTotalsDonorsLabel');\n\n      if (amountEl) {\n        amountEl.textContent = currencyFormatter.format(Number(row.totalDonationsAmount) || 0);\n      }\n      if (donorsEl) {\n        donorsEl.textContent = numberFormatter.format(Number(row.numberOfDonors) || 0);\n      }\n      \n      if (amountLabelEl) amountLabelEl.textContent = labels.amount;\n      if (donorsLabelEl) donorsLabelEl.textContent = labels.donors;\n    })\n    .catch(function(err){\n      console.error('FundTotals error:', err);\n    });\n})();\n<\/script>\n    <\/div>\n<\/p><\/div>\n<div class=\"indigenous-ingenuity container\">\n<div class=\"indigenous-ingenuity-img\"><img decoding=\"async\" src=\"https:\/\/www.canadahelps.org\/media\/Image-Solidarity-2.png\" alt=\"\" width=\"506\" \/><\/div>\n<div class=\"indigenous-ingenuity-text\">\n<h2>FINANCER L\u2019ING\u00c9NIOSIT\u00c9 AUTOCHTONE<\/h2>\n<p>L\u2019ing\u00e9niosit\u00e9 et le g\u00e9nie des organismes autochtones remettent en question le statu quo et ouvrent la voie \u00e0 la r\u00e9solution de ces probl\u00e8mes cruciaux. Bien qu\u2019ils travaillent sans rel\u00e2che avec des ressources limit\u00e9es, ces organismes cr\u00e9ent de v\u00e9ritables changements et s\u2019attaquent aux probl\u00e8mes les plus urgents. Par exemple :<\/p>\n<ul class=\"list-disc\">\n<li>Gu\u00e9rir les traumatismes physiques et \u00e9motionnels du colonialisme, de la Loi sur les Indiens et des pensionnats.<\/li>\n<li>Reconstruire la culture et la langue traditionnelles transmises depuis des g\u00e9n\u00e9rations, mais perdues ou endommag\u00e9es par les pratiques d\u2019assimilation men\u00e9es par le gouvernement.<\/li>\n<li>Offrir des services et du soutien fond\u00e9s sur le savoir autochtone, qui encouragent une g\u00e9n\u00e9ration \u00e9mergente de leaders.<\/li>\n<\/ul><\/div>\n<\/p><\/div>\n<div class=\"truth-reconciliation container\">\n<div class=\"truth-reconciliation-text\">\n<h2 class=\"header-primary\">Jouer un r\u00f4le dans la v\u00e9rit\u00e9 et la r\u00e9conciliation<\/h2>\n<p>Aujourd\u2019hui plus que jamais, nous devons nous unir et faire bouger les choses. Vous pouvez soutenir les organismes dirig\u00e9s par des Autochtones qui offrent des services essentiels et favorisent la croissance, la gu\u00e9rison, la v\u00e9rit\u00e9 et la r\u00e9conciliation.<\/p>\n<p>70 % des Canadiens estiment avoir un r\u00f4le \u00e0 jouer dans la r\u00e9conciliation.7 Commencez \u00e0 jouer le v\u00f4tre en faisant un don et en affichant votre solidarit\u00e9 d\u00e8s aujourd\u2019hui.<\/p>\n<\/p><\/div>\n<div class=\"truth-reconciliation-img\"><img decoding=\"async\" src=\"https:\/\/www.canadahelps.org\/media\/Image-Solidarity-3.png\" alt=\"\" width=\"718\" \/><\/div>\n<\/p><\/div>\n<div class=\"about-indigenous-fund container\">\n<h2 class=\"header-label\">AU SUJET DU FONDS DE SOLIDARIT\u00c9 DES PEUPLES AUTOCHTONES<\/h2>\n<p class=\"header-primary font-bold\">ICe Fonds comprend plus de 50 organismes de bienfaisance dirig\u00e9s par des Autochtones de partout au Canada. Ils se concentrent sur les services sociaux, en passant par les arts et la culture.<\/p>\n<p>Ces organismes se d\u00e9crivent comme des organismes \u00ab dirig\u00e9s par des autochtones \u00bb sur base de quatre crit\u00e8res :<\/p>\n<ul class=\"list-disc\">\n<li>Leadership autochtone \u00e0 tous les niveaux \u2014 au conseil d\u2019administration et au sein de la direction<\/li>\n<li>Cultures et langues autochtones au c\u0153ur des op\u00e9rations quotidiennes<\/li>\n<li>Protocoles officiels avec les communaut\u00e9s autochtones<\/li>\n<li>Programmes offerts par des personnes autochtones<\/li>\n<\/ul>\n<p>Ces crit\u00e8res ont initialement \u00e9t\u00e9 \u00e9tablis par des personnes autochtones qui travaillent dans le secteur caritatif et qui ont \u00e9t\u00e9 conseill\u00e9es par des a\u00een\u00e9s. Puisque les organismes ne r\u00e9pondent pas tous aux quatre crit\u00e8res \u00e0 cause de leur structure, l\u2019inclusion est fortement ax\u00e9e sur le leadership autochtone \u00e0 tous les niveaux ainsi que sur les cultures et les langues autochtones au c\u0153ur des activit\u00e9s quotidiennes.<\/p>\n<p>Pour que les dons parviennent facilement et efficacement aux organismes de bienfaisance, les organismes qui figurent dans ce Fonds doivent \u00e9galement \u00eatre l\u2019un des plus de 20\u2009000 organismes de bienfaisance enregistr\u00e9s pour recevoir des fonds par voie \u00e9lectronique de CanaDon. Ces fonds sont transf\u00e9r\u00e9s chaque trimestre, sous r\u00e9serve d\u2019un minimum de 10 $ par organisme de bienfaisance.<\/p>\n<p>Nous actualisons r\u00e9guli\u00e8rement la liste des organismes de bienfaisance figurant dans ce Fonds. Pour consulter la derni\u00e8re liste des organismes inclus, veuillez cliquer <a href=\"https:\/\/docs.google.com\/spreadsheets\/d\/e\/2PACX-1vRpaf_ZbuJKvYEdmu2xjIwjA2GL2C_zxrZdrPu8SGBsI28i6agfmON32EyIATk2Zkxs8oaVkNXRw7Dk\/pubhtml?gid=0&#038;single=true\" target=\"_blank\" rel=\"noopener\">ici<\/a>.<\/p>\n<\/p><\/div>\n<div class=\"about-curator ch-gray-section\">\n<div class=\"container about-curator-container\">\n<div class=\"about-curator-img\"><img decoding=\"async\" src=\"https:\/\/www.canadahelps.org\/media\/Curator-Wanda.png\" alt=\"Curator\" width=\"504\" \/><\/div>\n<div class=\"about-curator-text\">\n<h2 class=\"header-primary\">Au sujet du conservateur<\/h2>\n<p>Ce fonds a \u00e9t\u00e9 cr\u00e9\u00e9 en collaboration avec Wanda Brascoup\u00e9, du clan de l\u2019Ours, Kanien\u2019keha, Skar\u00f9 r\u0119\u2019 et Anishinabe. Wanda \u0153uvre dans le secteur de la philanthropie depuis 20 ans en tant que b\u00e9n\u00e9vole, collectrice de fonds, donatrice et agente de liaison. Elle travaille maintenant comme conseill\u00e8re aupr\u00e8s de fondations et d\u2019organismes de bienfaisance autochtones et non autochtones. Elle est heureuse que cette collaboration mette en lumi\u00e8re le g\u00e9nie et l\u2019ing\u00e9niosit\u00e9 de la communaut\u00e9 autochtone de la bienfaisance.<\/p>\n<\/p><\/div>\n<\/p><\/div>\n<\/p><\/div>\n<div class=\"container cc-references\">\n<h2 class=\"header-primary\">R\u00e9f\u00e9rences<\/h2>\n<ul>\n<li><a href=\"https:\/\/www.hrw.org\/fr\/world-report\/2023\" target=\"_blank\" rel=\"noopener\">Rapport mondial 2023: Canada<\/a><\/li>\n<li><a href=\"https:\/\/www.sac-isc.gc.ca\/eng\/1506514143353\/1533317130660\" target=\"_blank\" rel=\"noopener\">Mettre fin aux avis \u00e0 long terme concernant la qualit\u00e9 de l\u2019eau potable<\/a><\/li>\n<li><a href=\"https:\/\/www.ictinc.ca\/blog\/8-key-issues-for-indigenous-peoples-in-canada\" target=\"_blank\" rel=\"noopener\">8 enjeux cl\u00e9s pour les peuples autochtones du Canada<\/a><\/li>\n<li><a href=\"https:\/\/www.ohrc.on.ca\/fr\/pris-partie-preoccupations-relatives-au-bien-etre-de-lenfance\" target=\"_blank\" rel=\"noopener\">Pris \u00e0 partie : Pr\u00e9occupations relatives au bien-\u00eatre de l\u2019enfance<\/a><\/li>\n<li><a href=\"https:\/\/www.cbc.ca\/news\/indigenous\/canada-discriminates-against-children-on-reserves-tribunal-rules-1.3419480\" target=\"_blank\" rel=\"noopener\">Le Canada discrimine les enfants dans les r\u00e9serves, selon un tribunal<\/a><\/li>\n<li><a href=\"https:\/\/www.mmiwg-ffada.ca\/fr\/final-report\/\" target=\"_blank\" rel=\"noopener\">Le rapport final de l\u2019Enqu\u00eate nationale sur les femmes et les filles autochtones disparues et assassin\u00e9es<\/a><\/li>\n<li><a href=\"https:\/\/centre.irpp.org\/fr\/confederation-de-demain-2021\/\" target=\"_blank\" rel=\"noopener\"> Conf\u00e9d\u00e9ration de demain 2021: Relations et r\u00e9conciliation avec les peuples autochtones<\/a><\/li>\n<\/ul><\/div>\n<\/div>\n","protected":false},"excerpt":{"rendered":"<p>Donnez au Fonds de solidarit\u00e9 des peuples autochtones Aidez \u00e0 mettre un terme aux in\u00e9galit\u00e9s auxquelles sont confront\u00e9es les communaut\u00e9es autochtones Le gouvernement f\u00e9d\u00e9ral s\u2019est &#8230; <a href=\"https:\/\/www.canadahelps.org\/fr\/fonds-de-solidarite-pour-les-peuples-autochtone\/\" id=\"canadahelp-blog-meta\">Voir plus<\/a><\/p>\n","protected":false},"author":30,"featured_media":0,"parent":0,"menu_order":0,"comment_status":"closed","ping_status":"closed","template":"template-ch20-full-width.php","meta":{"footnotes":""},"class_list":["post-52272","page","type-page","status-publish","hentry"],"acf":{"meta_description":"","use_toc_layout":false,"additional_body_css_classes":"","row_settings":false,"hide_page_title":false,"insert_spotlight_boxes":false,"use_biography_grid":false,"blogs_posts_item":false},"yoast_head":"<!-- This site is optimized with the Yoast SEO plugin v26.0 - https:\/\/yoast.com\/wordpress\/plugins\/seo\/ -->\n<title>Fonds de Solidarite pour les Peuples Autochtone | CanaDon<\/title>\n<meta name=\"robots\" content=\"index, follow, max-snippet:-1, max-image-preview:large, max-video-preview:-1\" \/>\n<link rel=\"canonical\" href=\"https:\/\/www.canadahelps.org\/fr\/fonds-de-solidarite-pour-les-peuples-autochtone\/\" \/>\n<meta property=\"og:locale\" content=\"fr_FR\" \/>\n<meta property=\"og:type\" content=\"article\" \/>\n<meta property=\"og:title\" content=\"Social Sharing HeadlineDOUBLEZ VOTRE IMPACT : Jouez votre r\u00f4le pour faire avancer la v\u00e9rit\u00e9 et la r\u00e9conciliation.\" \/>\n<meta property=\"og:description\" content=\"En l\u2019honneur de la Journ\u00e9e internationale des peuples autochtones, nous jumelons les dons au dollar pr\u00e8s.* Donnez au Fonds de solidarit\u00e9 des peuples autochtones d\u00e8s aujourd\u2019hui!\" \/>\n<meta property=\"og:url\" content=\"https:\/\/www.canadahelps.org\/fr\/fonds-de-solidarite-pour-les-peuples-autochtone\/\" \/>\n<meta property=\"og:site_name\" content=\"CanaDon - Faites des dons \u00e0 un organisme de bienfaisance au Canada\" \/>\n<meta property=\"article:modified_time\" content=\"2026-03-03T17:53:08+00:00\" \/>\n<meta property=\"og:image\" content=\"https:\/\/www.canadahelps.org\/media\/Image-Solidarity-1.png\" \/>\n<meta name=\"twitter:card\" content=\"summary_large_image\" \/>\n<meta name=\"twitter:title\" content=\"Social Sharing HeadlineDOUBLEZ VOTRE IMPACT : Jouez votre r\u00f4le pour faire avancer la v\u00e9rit\u00e9 et la r\u00e9conciliation.\" \/>\n<meta name=\"twitter:description\" content=\"Contribuez \u00e0 financer l\u2019ing\u00e9niosit\u00e9 autochtone. DEn l\u2019honneur de la Journ\u00e9e internationale des peuples autochtones, nous jumelons les dons au dollar pr\u00e8s.* Donnez au Fonds de solidarit\u00e9 des peuples autochtones d\u00e8s aujourd\u2019hui!onnez au Fonds de solidarit\u00e9 des peuples autochtones d\u00e8s aujourd\u2019hui!\" \/>\n<meta name=\"twitter:label1\" content=\"Est. reading time\" \/>\n\t<meta name=\"twitter:data1\" content=\"5 minutes\" \/>\n<script type=\"application\/ld+json\" class=\"yoast-schema-graph\">{\"@context\":\"https:\/\/schema.org\",\"@graph\":[{\"@type\":\"WebPage\",\"@id\":\"https:\/\/www.canadahelps.org\/fr\/fonds-de-solidarite-pour-les-peuples-autochtone\/\",\"url\":\"https:\/\/www.canadahelps.org\/fr\/fonds-de-solidarite-pour-les-peuples-autochtone\/\",\"name\":\"Fonds de Solidarite pour les Peuples Autochtone | CanaDon\",\"isPartOf\":{\"@id\":\"https:\/\/www.canadahelps.org\/fr\/#website\"},\"primaryImageOfPage\":{\"@id\":\"https:\/\/www.canadahelps.org\/fr\/fonds-de-solidarite-pour-les-peuples-autochtone\/#primaryimage\"},\"image\":{\"@id\":\"https:\/\/www.canadahelps.org\/fr\/fonds-de-solidarite-pour-les-peuples-autochtone\/#primaryimage\"},\"thumbnailUrl\":\"https:\/\/www.canadahelps.org\/media\/Image-Solidarity-1.png\",\"datePublished\":\"2024-09-25T18:38:33+00:00\",\"dateModified\":\"2026-03-03T17:53:08+00:00\",\"breadcrumb\":{\"@id\":\"https:\/\/www.canadahelps.org\/fr\/fonds-de-solidarite-pour-les-peuples-autochtone\/#breadcrumb\"},\"inLanguage\":\"fr\",\"potentialAction\":[{\"@type\":\"ReadAction\",\"target\":[\"https:\/\/www.canadahelps.org\/fr\/fonds-de-solidarite-pour-les-peuples-autochtone\/\"]}]},{\"@type\":\"ImageObject\",\"inLanguage\":\"fr\",\"@id\":\"https:\/\/www.canadahelps.org\/fr\/fonds-de-solidarite-pour-les-peuples-autochtone\/#primaryimage\",\"url\":\"https:\/\/www.canadahelps.org\/media\/Image-Solidarity-1.png\",\"contentUrl\":\"https:\/\/www.canadahelps.org\/media\/Image-Solidarity-1.png\"},{\"@type\":\"BreadcrumbList\",\"@id\":\"https:\/\/www.canadahelps.org\/fr\/fonds-de-solidarite-pour-les-peuples-autochtone\/#breadcrumb\",\"itemListElement\":[{\"@type\":\"ListItem\",\"position\":1,\"name\":\"Home\",\"item\":\"https:\/\/www.canadahelps.org\/fr\/\"},{\"@type\":\"ListItem\",\"position\":2,\"name\":\"Fonds de Solidarite pour les Peuples Autochtone\"}]},{\"@type\":\"WebSite\",\"@id\":\"https:\/\/www.canadahelps.org\/fr\/#website\",\"url\":\"https:\/\/www.canadahelps.org\/fr\/\",\"name\":\"CanadaHelps - Donate to any charity in Canada\",\"description\":\"Le don en toute simplicit\u00e9\",\"publisher\":{\"@id\":\"https:\/\/www.canadahelps.org\/fr\/#organization\"},\"potentialAction\":[{\"@type\":\"SearchAction\",\"target\":{\"@type\":\"EntryPoint\",\"urlTemplate\":\"https:\/\/www.canadahelps.org\/fr\/?s={search_term_string}\"},\"query-input\":{\"@type\":\"PropertyValueSpecification\",\"valueRequired\":true,\"valueName\":\"search_term_string\"}}],\"inLanguage\":\"fr\"},{\"@type\":\"Organization\",\"@id\":\"https:\/\/www.canadahelps.org\/fr\/#organization\",\"name\":\"CanadaHelps\",\"url\":\"https:\/\/www.canadahelps.org\/fr\/\",\"logo\":{\"@type\":\"ImageObject\",\"inLanguage\":\"fr\",\"@id\":\"https:\/\/www.canadahelps.org\/fr\/#\/schema\/logo\/image\/\",\"url\":\"https:\/\/www.canadahelps.org\/media\/canadahelps-en.jpg\",\"contentUrl\":\"https:\/\/www.canadahelps.org\/media\/canadahelps-en.jpg\",\"width\":131,\"height\":72,\"caption\":\"CanadaHelps\"},\"image\":{\"@id\":\"https:\/\/www.canadahelps.org\/fr\/#\/schema\/logo\/image\/\"}}]}<\/script>\n<!-- \/ Yoast SEO plugin. -->","yoast_head_json":{"title":"Fonds de Solidarite pour les Peuples Autochtone | CanaDon","robots":{"index":"index","follow":"follow","max-snippet":"max-snippet:-1","max-image-preview":"max-image-preview:large","max-video-preview":"max-video-preview:-1"},"canonical":"https:\/\/www.canadahelps.org\/fr\/fonds-de-solidarite-pour-les-peuples-autochtone\/","og_locale":"fr_FR","og_type":"article","og_title":"Social Sharing HeadlineDOUBLEZ VOTRE IMPACT : Jouez votre r\u00f4le pour faire avancer la v\u00e9rit\u00e9 et la r\u00e9conciliation.","og_description":"En l\u2019honneur de la Journ\u00e9e internationale des peuples autochtones, nous jumelons les dons au dollar pr\u00e8s.* Donnez au Fonds de solidarit\u00e9 des peuples autochtones d\u00e8s aujourd\u2019hui!","og_url":"https:\/\/www.canadahelps.org\/fr\/fonds-de-solidarite-pour-les-peuples-autochtone\/","og_site_name":"CanaDon - Faites des dons \u00e0 un organisme de bienfaisance au Canada","article_modified_time":"2026-03-03T17:53:08+00:00","og_image":[{"url":"https:\/\/www.canadahelps.org\/media\/Image-Solidarity-1.png","type":"","width":"","height":""}],"twitter_card":"summary_large_image","twitter_title":"Social Sharing HeadlineDOUBLEZ VOTRE IMPACT : Jouez votre r\u00f4le pour faire avancer la v\u00e9rit\u00e9 et la r\u00e9conciliation.","twitter_description":"Contribuez \u00e0 financer l\u2019ing\u00e9niosit\u00e9 autochtone. DEn l\u2019honneur de la Journ\u00e9e internationale des peuples autochtones, nous jumelons les dons au dollar pr\u00e8s.* Donnez au Fonds de solidarit\u00e9 des peuples autochtones d\u00e8s aujourd\u2019hui!onnez au Fonds de solidarit\u00e9 des peuples autochtones d\u00e8s aujourd\u2019hui!","twitter_misc":{"Est. reading time":"5 minutes"},"schema":{"@context":"https:\/\/schema.org","@graph":[{"@type":"WebPage","@id":"https:\/\/www.canadahelps.org\/fr\/fonds-de-solidarite-pour-les-peuples-autochtone\/","url":"https:\/\/www.canadahelps.org\/fr\/fonds-de-solidarite-pour-les-peuples-autochtone\/","name":"Fonds de Solidarite pour les Peuples Autochtone | CanaDon","isPartOf":{"@id":"https:\/\/www.canadahelps.org\/fr\/#website"},"primaryImageOfPage":{"@id":"https:\/\/www.canadahelps.org\/fr\/fonds-de-solidarite-pour-les-peuples-autochtone\/#primaryimage"},"image":{"@id":"https:\/\/www.canadahelps.org\/fr\/fonds-de-solidarite-pour-les-peuples-autochtone\/#primaryimage"},"thumbnailUrl":"https:\/\/www.canadahelps.org\/media\/Image-Solidarity-1.png","datePublished":"2024-09-25T18:38:33+00:00","dateModified":"2026-03-03T17:53:08+00:00","breadcrumb":{"@id":"https:\/\/www.canadahelps.org\/fr\/fonds-de-solidarite-pour-les-peuples-autochtone\/#breadcrumb"},"inLanguage":"fr","potentialAction":[{"@type":"ReadAction","target":["https:\/\/www.canadahelps.org\/fr\/fonds-de-solidarite-pour-les-peuples-autochtone\/"]}]},{"@type":"ImageObject","inLanguage":"fr","@id":"https:\/\/www.canadahelps.org\/fr\/fonds-de-solidarite-pour-les-peuples-autochtone\/#primaryimage","url":"https:\/\/www.canadahelps.org\/media\/Image-Solidarity-1.png","contentUrl":"https:\/\/www.canadahelps.org\/media\/Image-Solidarity-1.png"},{"@type":"BreadcrumbList","@id":"https:\/\/www.canadahelps.org\/fr\/fonds-de-solidarite-pour-les-peuples-autochtone\/#breadcrumb","itemListElement":[{"@type":"ListItem","position":1,"name":"Home","item":"https:\/\/www.canadahelps.org\/fr\/"},{"@type":"ListItem","position":2,"name":"Fonds de Solidarite pour les Peuples Autochtone"}]},{"@type":"WebSite","@id":"https:\/\/www.canadahelps.org\/fr\/#website","url":"https:\/\/www.canadahelps.org\/fr\/","name":"CanadaHelps - Donate to any charity in Canada","description":"Le don en toute simplicit\u00e9","publisher":{"@id":"https:\/\/www.canadahelps.org\/fr\/#organization"},"potentialAction":[{"@type":"SearchAction","target":{"@type":"EntryPoint","urlTemplate":"https:\/\/www.canadahelps.org\/fr\/?s={search_term_string}"},"query-input":{"@type":"PropertyValueSpecification","valueRequired":true,"valueName":"search_term_string"}}],"inLanguage":"fr"},{"@type":"Organization","@id":"https:\/\/www.canadahelps.org\/fr\/#organization","name":"CanadaHelps","url":"https:\/\/www.canadahelps.org\/fr\/","logo":{"@type":"ImageObject","inLanguage":"fr","@id":"https:\/\/www.canadahelps.org\/fr\/#\/schema\/logo\/image\/","url":"https:\/\/www.canadahelps.org\/media\/canadahelps-en.jpg","contentUrl":"https:\/\/www.canadahelps.org\/media\/canadahelps-en.jpg","width":131,"height":72,"caption":"CanadaHelps"},"image":{"@id":"https:\/\/www.canadahelps.org\/fr\/#\/schema\/logo\/image\/"}}]}},"_links":{"self":[{"href":"https:\/\/www.canadahelps.org\/fr\/wp-json\/wp\/v2\/pages\/52272","targetHints":{"allow":["GET"]}}],"collection":[{"href":"https:\/\/www.canadahelps.org\/fr\/wp-json\/wp\/v2\/pages"}],"about":[{"href":"https:\/\/www.canadahelps.org\/fr\/wp-json\/wp\/v2\/types\/page"}],"author":[{"embeddable":true,"href":"https:\/\/www.canadahelps.org\/fr\/wp-json\/wp\/v2\/users\/30"}],"replies":[{"embeddable":true,"href":"https:\/\/www.canadahelps.org\/fr\/wp-json\/wp\/v2\/comments?post=52272"}],"version-history":[{"count":15,"href":"https:\/\/www.canadahelps.org\/fr\/wp-json\/wp\/v2\/pages\/52272\/revisions"}],"predecessor-version":[{"id":57840,"href":"https:\/\/www.canadahelps.org\/fr\/wp-json\/wp\/v2\/pages\/52272\/revisions\/57840"}],"wp:attachment":[{"href":"https:\/\/www.canadahelps.org\/fr\/wp-json\/wp\/v2\/media?parent=52272"}],"curies":[{"name":"wp","href":"https:\/\/api.w.org\/{rel}","templated":true}]}}