{"id":52379,"date":"2024-10-22T11:56:01","date_gmt":"2024-10-22T15:56:01","guid":{"rendered":"https:\/\/www.canadahelps.org\/?page_id=52379"},"modified":"2026-03-03T12:56:00","modified_gmt":"2026-03-03T17:56:00","slug":"fonds-de-cause","status":"publish","type":"page","link":"https:\/\/www.canadahelps.org\/fr\/fonds-de-cause\/","title":{"rendered":"Fonds de Cause"},"content":{"rendered":"<style>\n.cause-funds-header {\n  display: flex;\n  align-items: center;\n  justify-content: space-between;\n  gap: 20px;\n}\n.cause-funds-header-text {\n  width: 506px;\n}\n.cf-tiles-container {\n  display: flex;\n  justify-content: space-between;\n  flex-wrap: wrap;\n  gap: 20px;\n}\n.cf-tile {\n  max-width: 612px;\n  width: 48%;\n}\n.cf-tile-img {\n  margin-bottom: 20px;\n}\n.cf-tile .fa-arrow-right {\n  margin-left: 8px;\n}\n.how-cf-work.container {\n  padding: 64px 20px;\n}\n.how-cf-work ul {\n  display: flex;\n  justify-content: space-between;\n  gap: 20px;\n}\n.how-cf-work ul li span {\n  display: block;\n  font-size: 103px;\n  line-height: 103px;\n  font-family: PT Serif,ui-sans-serif,system-ui,-apple-system,BlinkMacSystemFont,\"Segoe UI\",Roboto,\"Helvetica Neue\",Arial,\"Noto Sans\",sans-serif,\"Apple Color Emoji\",\"Segoe UI Emoji\",\"Segoe UI Symbol\",\"Noto Color Emoji\";\n  font-weight: bold;\n  margin-bottom: 16px;\n}\n.how-cf-work ul li {\n  width: 23%;\n}\np.how-cf-work-text {\n  width: 48%;\n  margin-left: auto;\n  margin-bottom: 40px;\n}\n.why-cf {\n  display: flex;\n  align-items: center;\n  justify-content: space-between;\n  gap: 20px;\n}\n.why-cf-text {\n  max-width: 400px;\n}\n.why-cf-text ul {\n  list-style: disc;\n  margin-left: 20px;\n}\n.why-cf-text ul li {\n  margin-bottom: 16px;\n}\n.cf-stats {\n  text-align: center;\n  padding: 64px 0;\n}\n.cf-stats .container {\n  margin: 0 auto;\n}\n.cf-stats-amount .cf-stat strong,\n.cf-stats-supporters .cf-stat strong {\n  font-size: 136px;\n  line-height: 156px;\n  font-family: PT Serif,ui-sans-serif,system-ui,-apple-system,BlinkMacSystemFont,\"Segoe UI\",Roboto,\"Helvetica Neue\",Arial,\"Noto Sans\",sans-serif,\"Apple Color Emoji\",\"Segoe UI Emoji\",\"Segoe UI Symbol\",\"Noto Color Emoji\";\n}\n.cf-amount strong {\n  color: #BFEFFF;\n}\n.cf-supporters strong {\n  color: #EBCFFF;\n}\n.cf-stats-supporters .text-white {\n  margin-bottom: 0;\n}\n@media screen and (max-width: 1200px) {\n  .cause-funds-header-text, .cause-funds-header-img {\n    width: 50%;\n  }\n  .cf-tiles-container {\n    justify-content: center;\n  }\n}\n@media screen and (max-width: 768px) {\n  .cause-funds-header {\n    flex-direction: column-reverse;\n  }\n  .cause-funds-header-text, .cause-funds-header-img {\n    width: 100%;\n  }\n  .cause-funds-header-img {\n    margin-bottom: 20px;\n    width: 272px;\n  }\n  .cause-funds-header-img img {\n    margin: 0 auto;\n  }\n  .cf-tile {\n    width: 100%; \n  }\n  .why-cf {\n    flex-direction: column-reverse;\n    gap: 0;\n  }\n  .why-cf-img {\n    margin-bottom: 20px;\n    width: 100%;\n    gap: 0;\n  }\n  .why-cf-img img {\n    width: 272px;\n    margin: 0 auto;\n  }\n  .why-cf-text {\n    max-width: 100%;\n  }\n  .how-cf-work.container {\n    padding: 40px 20px;\n  }\n  .how-cf-work ul {\n    flex-wrap: wrap;\n  }\n  .how-cf-work ul li span {\n    font-size: 103px;\n    line-height: 103px;\n  }\n  .how-cf-work ul li {\n    width: 48%;\n  }\n  p.how-cf-work-text {\n    width: 100%;\n    margin-bottom: 20px;\n  }\n  .cf-stats-amount .cf-stat strong,\n  .cf-stats-supporters .cf-stat strong {\n    font-size: 34px;\n    line-height: 40px;\n  }\n  .cf-stats {\n    padding: 40px 0;\n  }\n  .cf-stats-amount .text-white {\n    margin-bottom: 40px;\n  }\n}\n@media screen and (max-width: 480px) {\n  .how-cf-work ul li {\n    width: 100%;\n  }\n  .how-cf-work ul li span {\n    display: block;\n    font-size: 69px;\n    line-height: 76px;\n  }\n}\n<\/style>\n<div class=\"cause-funds\">\n<div class=\"cause-funds-header container\">\n<div class=\"cause-funds-header-text\">\n<h1 class=\"header-label\">Fonds Cause<\/h1>\n<h2 class=\"header-display\">Nous stimulons l\u2019avenir des dons de bienfaisance depuis 2019<\/h2>\n<p>Vous savez ce qui vous tient \u00e0 c\u0153ur, mais ne savez pas o\u00f9 orienter votre soutien? C\u2019est l\u00e0 qu\u2019interviennent nos fonds pour une cause. S\u00e9lectionn\u00e9s avec attention par des experts canadiens en la mati\u00e8re, ces fonds sont une mani\u00e8re pratique d\u2019alimenter les initiatives collectives de plusieurs organismes de bienfaisance qui travaillent en vue d\u2019un objectif commun.<\/p>\n<p>Faites un don aujourd\u2019hui et ayez d\u2019\u00e9normes cons\u00e9quences sur des enjeux de taille.<\/p>\n<\/p><\/div>\n<div class=\"cause-funds-header-img\"><img decoding=\"async\" src=\"https:\/\/www.canadahelps.org\/media\/439c591f781e423f116142f9fa712cf29c7cde77.jpg\" alt=\"\" width=\"612\" \/><\/div>\n<\/p><\/div>\n<div class=\"cause-funds-tiles container\">\n<h3 class=\"header-primary\">Fonds Cause<\/h3>\n<ul class=\"cf-tiles-container\">\n<li class=\"cf-tile\"><a class=\"link-no-underline\" href=\"https:\/\/www.canadahelps.org\/fr\/fonds-pour-combattre-les-changements-climatiques-avec-la-politique\/\">\n<div class=\"cf-tile-img\"><img decoding=\"async\" src=\"https:\/\/www.canadahelps.org\/media\/20241010_mkt186_002-1-e1745416414941.png\" alt=\"\" width=\"612\" \/><\/div>\n<div class=\"cf-file-text\">\n<h4 class=\"header-tertiary\">Fonds combattre les changements climatiques avec la politique<\/h4>\n<p>Combattez la crise des changements climatiques. Aidez \u00e0 instaurer des politiques qui abordent les causes fondamentales du changement climatique.<\/p>\n<div class=\"cf-tile-link\"><span class=\"link-ch-purple text-ch-bold link-no-underline\">En savoir plus<\/span><i class=\"fa-solid fa-arrow-right\"><\/i><\/div>\n<\/p><\/div>\n<p><\/a>\n      <\/li>\n<li class=\"cf-tile\"><a class=\"link-no-underline\" href=\"https:\/\/www.canadahelps.org\/fr\/fonds-pour-la-resurgence-de-la-culture-et-des-langues-autochtones\/\">\n<div class=\"cf-tile-img\"><img decoding=\"async\" src=\"https:\/\/www.canadahelps.org\/media\/20241028a_mkt186_011-1-e1745416464527.png\" alt=\"\" width=\"612\" \/><\/div>\n<div class=\"cf-file-text\">\n<h4 class=\"header-tertiary\">Fonds pour la r\u00e9surgence de la culture et des langues autochtones dans le Nord canadien<\/h4>\n<p>Contribuez \u00e0 soutenir la r\u00e9surgence de la culture autochtone du Nord.<\/p>\n<div class=\"cf-tile-link\"><span class=\"link-ch-purple text-ch-bold link-no-underline\">En savoir plus<\/span><i class=\"fa-solid fa-arrow-right\"><\/i><\/div>\n<\/p><\/div>\n<p><\/a>\n      <\/li>\n<li class=\"cf-tile\"><a class=\"link-no-underline\" href=\"https:\/\/www.canadahelps.org\/fr\/fonds-de-solidarite-pour-les-peuples-autochtone\/\">\n<div class=\"cf-tile-img\"><img decoding=\"async\" src=\"https:\/\/www.canadahelps.org\/media\/20241010_mkt186_008-1-e1745416513359.png\" alt=\"\" width=\"612\" \/><\/div>\n<div class=\"cf-file-text\">\n<h4 class=\"header-tertiary\">Fonds de solidarit\u00e9 pour les Peuples autochtones<\/h4>\n<p>Soutenez l\u2019ing\u00e9niosit\u00e9 et les services essentiels offerts par les organismes de bienfaisance dirig\u00e9s par des Autochtones.<\/p>\n<div class=\"cf-tile-link\"><span class=\"link-ch-purple text-ch-bold link-no-underline\">En savoir plus<\/span><i class=\"fa-solid fa-arrow-right\"><\/i><\/div>\n<\/p><\/div>\n<p><\/a>\n      <\/li>\n<li class=\"cf-tile\"><a class=\"link-no-underline\" href=\"https:\/\/www.canadahelps.org\/fr\/le-fonds-pour-la-justice-alimentaire-et-les-terres-agricoles\/\">\n<div class=\"cf-tile-img\"><img decoding=\"async\" src=\"https:\/\/www.canadahelps.org\/media\/20241010_mkt186_003-1-e1745416546435.png\" alt=\"\" width=\"612\" \/><\/div>\n<div class=\"cf-file-text\">\n<h4 class=\"header-tertiary\">Fonds pour la justice alimentaire et les terres agricoles<\/h4>\n<p>Joignez-vous au combat pour la justice alimentaire et l\u2019acc\u00e8s aux terres.<\/p>\n<div class=\"cf-tile-link\"><span class=\"link-ch-purple text-ch-bold link-no-underline\">En savoir plus<\/span><i class=\"fa-solid fa-arrow-right\"><\/i><\/div>\n<\/p><\/div>\n<p><\/a>\n      <\/li>\n<\/ul><\/div>\n<div class=\"ch-gray-section\">\n<div class=\"how-cf-work container\">\n<h3 class=\"header-primary\">Comment fonctionnent les fonds de cause?<\/h3>\n<p class=\"how-cf-work-text\">Qu\u2019il s\u2019agisse de justice sociale, d\u2019environnement ou de crises d\u2019urgence, les fonds de cause offrent aux Canadiens une option simple de s\u2019unir et de faire une diff\u00e9rence. Voici comment cela fonctionne :<\/p>\n<ul>\n<li><span>1<\/span>Les organismes de bienfaisance canadiens enregistr\u00e9s qui soutiennent une cause particuli\u00e8re sont soigneusement s\u00e9lectionn\u00e9s, examin\u00e9s et invit\u00e9s \u00e0 se joindre au fonds par nos \u00e9diteurs.<\/li>\n<li><span>2<\/span>Apr\u00e8s avoir accept\u00e9 l\u2019invitation, ils sont officiellement ajout\u00e9s au fonds.<\/li>\n<li><span>3<\/span>Les dons re\u00e7us sont ensuite r\u00e9partis de mani\u00e8re \u00e9gale entre tous les organismes de bienfaisance inclus dans le fonds.<\/li>\n<li><span>4<\/span>Les Fonds pour une cause sont un moyen simple et complet pour les Canadiens de s\u2019engager et de faire leur part pour cr\u00e9er un avenir meilleur.<\/li>\n<\/ul><\/div>\n<\/p><\/div>\n<div class=\"why-cf container\">\n<div class=\"why-cf-text\">\n<h3 class=\"header-primary\">Pourquoi choisir fonds de cause<\/h3>\n<ul>\n<li>Gagnez l\u2019expertise de nos \u00e9diteurs de fonds de cause qui s\u00e9lectionnent et contr\u00f4lent soigneusement les organismes de bienfaisance inclus.<\/li>\n<li>Soutenez facilement une cause qui vous tient \u00e0 c\u0153ur sans devoir chercher d\u2019organismes de bienfaisance en particulier.<\/li>\n<li>Faites un don par l\u2019interm\u00e9diaire d\u2019une plateforme fiable et r\u00e9put\u00e9e qui ne rassemble que des organismes de bienfaisance canadiens enregistr\u00e9s.<\/li>\n<li>Recevez instantan\u00e9ment un re\u00e7u fiscal \u00e9lectronique.<\/li>\n<\/ul><\/div>\n<div class=\"why-cf-img\"><img decoding=\"async\" src=\"https:\/\/www.canadahelps.org\/media\/02f527561466c3f14212da1553219f8cf581d6a9.jpg\" alt=\"\" width=\"718\" \/><\/div>\n<\/p><\/div>\n<div class=\"cf-stats ch-purple-section\">\n<div class=\"container\">\n<div class=\"cf-stats-amount\">\n<p class=\"cf-stat cf-amount\"><strong>  <strong id=\"CauseFundsDonationsCount\" style=\"color: inherit; font-weight: bold; font-size: inherit; font-family: inherit;\"><\/strong>\n  <script>\n    $.get( \"\/site\/api\/reports\/stats\/TotalDonationsForCausefunds\/\", function( data ) {\n      var lang = 'fr';\n      var options = {style: \"currency\",\n                 currency: \"CAD\",\n                 currencyDisplay: \"symbol\",\n                 minimumFractionDigits: 0,\n                 maximumFractionDigits: 0};\n      var locale = (lang === 'en') ? 'en-CA': 'fr-CA';\n      var formattedAmount = new Intl.NumberFormat(locale, options).format(data);\n      $(\"#CauseFundsDonationsCount\").html(formattedAmount);\n    });\n  <\/script><\/strong><\/p>\n<p class=\"text-white\">Amass\u00e9s<\/p>\n<\/p><\/div>\n<div class=\"cf-stats-supporters\">\n<p class=\"cf-stat cf-supporters\"><strong>26907<\/strong><\/p>\n<p class=\"text-white\">Supporteurs<\/p>\n<\/p><\/div>\n<\/p><\/div>\n<\/p><\/div>\n<\/div>\n","protected":false},"excerpt":{"rendered":"<p>Fonds Cause Nous stimulons l\u2019avenir des dons de bienfaisance depuis 2019 Vous savez ce qui vous tient \u00e0 c\u0153ur, mais ne savez pas o\u00f9 orienter &#8230; <a href=\"https:\/\/www.canadahelps.org\/fr\/fonds-de-cause\/\" id=\"canadahelp-blog-meta\">Voir plus<\/a><\/p>\n","protected":false},"author":30,"featured_media":0,"parent":0,"menu_order":0,"comment_status":"closed","ping_status":"closed","template":"template-ch20-full-width.php","meta":{"footnotes":""},"class_list":["post-52379","page","type-page","status-publish","hentry"],"acf":{"meta_description":"","use_toc_layout":false,"additional_body_css_classes":"","row_settings":false,"hide_page_title":false,"insert_spotlight_boxes":false,"use_biography_grid":false,"blogs_posts_item":false},"yoast_head":"<!-- This site is optimized with the Yoast SEO plugin v26.0 - https:\/\/yoast.com\/wordpress\/plugins\/seo\/ -->\n<title>Les fonds de cause de CanaDon | CanaDon - Faites des dons \u00e0 un organisme de bienfaisance au Canada<\/title>\n<meta name=\"description\" content=\"Agissez d\u00e8s aujourd\u2019hui! Apportez un soutien crucial \u00e0 la cause de votre choix.\" \/>\n<meta name=\"robots\" content=\"index, follow, max-snippet:-1, max-image-preview:large, max-video-preview:-1\" \/>\n<link rel=\"canonical\" href=\"https:\/\/www.canadahelps.org\/fr\/fonds-de-cause\/\" \/>\n<meta property=\"og:locale\" content=\"fr_FR\" \/>\n<meta property=\"og:type\" content=\"article\" \/>\n<meta property=\"og:title\" content=\"Agissez d\u00e8s aujourd\u2019hui! Soutenez votre cause pr\u00e9f\u00e9r\u00e9e.\" \/>\n<meta property=\"og:description\" content=\"Contribuez \u00e0 avoir un impact et apportez un soutien crucial \u00e0 la cause de votre choix.\" \/>\n<meta property=\"og:url\" content=\"https:\/\/www.canadahelps.org\/fr\/fonds-de-cause\/\" \/>\n<meta property=\"og:site_name\" content=\"CanaDon - Faites des dons \u00e0 un organisme de bienfaisance au Canada\" \/>\n<meta property=\"article:modified_time\" content=\"2026-03-03T17:56:00+00:00\" \/>\n<meta property=\"og:image\" content=\"https:\/\/www.canadahelps.org\/media\/20241028_mkt186_social_012.jpg\" \/>\n\t<meta property=\"og:image:width\" content=\"1500\" \/>\n\t<meta property=\"og:image:height\" content=\"1500\" \/>\n\t<meta property=\"og:image:type\" content=\"image\/jpeg\" \/>\n<meta name=\"twitter:card\" content=\"summary_large_image\" \/>\n<meta name=\"twitter:title\" content=\"Agissez d\u00e8s aujourd\u2019hui! Soutenez votre cause pr\u00e9f\u00e9r\u00e9e.\" \/>\n<meta name=\"twitter:description\" content=\"Contribuez \u00e0 avoir un impact et apportez un soutien crucial \u00e0 la cause de votre choix.\" \/>\n<meta name=\"twitter:image\" content=\"https:\/\/www.canadahelps.org\/media\/20241028_mkt186_social_012.jpg\" \/>\n<meta name=\"twitter:label1\" content=\"Est. reading time\" \/>\n\t<meta name=\"twitter:data1\" content=\"4 minutes\" \/>\n<script type=\"application\/ld+json\" class=\"yoast-schema-graph\">{\"@context\":\"https:\/\/schema.org\",\"@graph\":[{\"@type\":\"WebPage\",\"@id\":\"https:\/\/www.canadahelps.org\/fr\/fonds-de-cause\/\",\"url\":\"https:\/\/www.canadahelps.org\/fr\/fonds-de-cause\/\",\"name\":\"Les fonds de cause de CanaDon | CanaDon - Faites des dons \u00e0 un organisme de bienfaisance au Canada\",\"isPartOf\":{\"@id\":\"https:\/\/www.canadahelps.org\/fr\/#website\"},\"primaryImageOfPage\":{\"@id\":\"https:\/\/www.canadahelps.org\/fr\/fonds-de-cause\/#primaryimage\"},\"image\":{\"@id\":\"https:\/\/www.canadahelps.org\/fr\/fonds-de-cause\/#primaryimage\"},\"thumbnailUrl\":\"https:\/\/www.canadahelps.org\/media\/439c591f781e423f116142f9fa712cf29c7cde77.jpg\",\"datePublished\":\"2024-10-22T15:56:01+00:00\",\"dateModified\":\"2026-03-03T17:56:00+00:00\",\"description\":\"Agissez d\u00e8s aujourd\u2019hui! Apportez un soutien crucial \u00e0 la cause de votre choix.\",\"breadcrumb\":{\"@id\":\"https:\/\/www.canadahelps.org\/fr\/fonds-de-cause\/#breadcrumb\"},\"inLanguage\":\"fr\",\"potentialAction\":[{\"@type\":\"ReadAction\",\"target\":[\"https:\/\/www.canadahelps.org\/fr\/fonds-de-cause\/\"]}]},{\"@type\":\"ImageObject\",\"inLanguage\":\"fr\",\"@id\":\"https:\/\/www.canadahelps.org\/fr\/fonds-de-cause\/#primaryimage\",\"url\":\"https:\/\/www.canadahelps.org\/media\/439c591f781e423f116142f9fa712cf29c7cde77.jpg\",\"contentUrl\":\"https:\/\/www.canadahelps.org\/media\/439c591f781e423f116142f9fa712cf29c7cde77.jpg\"},{\"@type\":\"BreadcrumbList\",\"@id\":\"https:\/\/www.canadahelps.org\/fr\/fonds-de-cause\/#breadcrumb\",\"itemListElement\":[{\"@type\":\"ListItem\",\"position\":1,\"name\":\"Home\",\"item\":\"https:\/\/www.canadahelps.org\/fr\/\"},{\"@type\":\"ListItem\",\"position\":2,\"name\":\"Fonds de Cause\"}]},{\"@type\":\"WebSite\",\"@id\":\"https:\/\/www.canadahelps.org\/fr\/#website\",\"url\":\"https:\/\/www.canadahelps.org\/fr\/\",\"name\":\"CanadaHelps - Donate to any charity in Canada\",\"description\":\"Le don en toute simplicit\u00e9\",\"publisher\":{\"@id\":\"https:\/\/www.canadahelps.org\/fr\/#organization\"},\"potentialAction\":[{\"@type\":\"SearchAction\",\"target\":{\"@type\":\"EntryPoint\",\"urlTemplate\":\"https:\/\/www.canadahelps.org\/fr\/?s={search_term_string}\"},\"query-input\":{\"@type\":\"PropertyValueSpecification\",\"valueRequired\":true,\"valueName\":\"search_term_string\"}}],\"inLanguage\":\"fr\"},{\"@type\":\"Organization\",\"@id\":\"https:\/\/www.canadahelps.org\/fr\/#organization\",\"name\":\"CanadaHelps\",\"url\":\"https:\/\/www.canadahelps.org\/fr\/\",\"logo\":{\"@type\":\"ImageObject\",\"inLanguage\":\"fr\",\"@id\":\"https:\/\/www.canadahelps.org\/fr\/#\/schema\/logo\/image\/\",\"url\":\"https:\/\/www.canadahelps.org\/media\/canadahelps-en.jpg\",\"contentUrl\":\"https:\/\/www.canadahelps.org\/media\/canadahelps-en.jpg\",\"width\":131,\"height\":72,\"caption\":\"CanadaHelps\"},\"image\":{\"@id\":\"https:\/\/www.canadahelps.org\/fr\/#\/schema\/logo\/image\/\"}}]}<\/script>\n<!-- \/ Yoast SEO plugin. -->","yoast_head_json":{"title":"Les fonds de cause de CanaDon | CanaDon - Faites des dons \u00e0 un organisme de bienfaisance au Canada","description":"Agissez d\u00e8s aujourd\u2019hui! Apportez un soutien crucial \u00e0 la cause de votre choix.","robots":{"index":"index","follow":"follow","max-snippet":"max-snippet:-1","max-image-preview":"max-image-preview:large","max-video-preview":"max-video-preview:-1"},"canonical":"https:\/\/www.canadahelps.org\/fr\/fonds-de-cause\/","og_locale":"fr_FR","og_type":"article","og_title":"Agissez d\u00e8s aujourd\u2019hui! Soutenez votre cause pr\u00e9f\u00e9r\u00e9e.","og_description":"Contribuez \u00e0 avoir un impact et apportez un soutien crucial \u00e0 la cause de votre choix.","og_url":"https:\/\/www.canadahelps.org\/fr\/fonds-de-cause\/","og_site_name":"CanaDon - Faites des dons \u00e0 un organisme de bienfaisance au Canada","article_modified_time":"2026-03-03T17:56:00+00:00","og_image":[{"width":1500,"height":1500,"url":"https:\/\/www.canadahelps.org\/media\/20241028_mkt186_social_012.jpg","type":"image\/jpeg"}],"twitter_card":"summary_large_image","twitter_title":"Agissez d\u00e8s aujourd\u2019hui! Soutenez votre cause pr\u00e9f\u00e9r\u00e9e.","twitter_description":"Contribuez \u00e0 avoir un impact et apportez un soutien crucial \u00e0 la cause de votre choix.","twitter_image":"https:\/\/www.canadahelps.org\/media\/20241028_mkt186_social_012.jpg","twitter_misc":{"Est. reading time":"4 minutes"},"schema":{"@context":"https:\/\/schema.org","@graph":[{"@type":"WebPage","@id":"https:\/\/www.canadahelps.org\/fr\/fonds-de-cause\/","url":"https:\/\/www.canadahelps.org\/fr\/fonds-de-cause\/","name":"Les fonds de cause de CanaDon | CanaDon - Faites des dons \u00e0 un organisme de bienfaisance au Canada","isPartOf":{"@id":"https:\/\/www.canadahelps.org\/fr\/#website"},"primaryImageOfPage":{"@id":"https:\/\/www.canadahelps.org\/fr\/fonds-de-cause\/#primaryimage"},"image":{"@id":"https:\/\/www.canadahelps.org\/fr\/fonds-de-cause\/#primaryimage"},"thumbnailUrl":"https:\/\/www.canadahelps.org\/media\/439c591f781e423f116142f9fa712cf29c7cde77.jpg","datePublished":"2024-10-22T15:56:01+00:00","dateModified":"2026-03-03T17:56:00+00:00","description":"Agissez d\u00e8s aujourd\u2019hui! Apportez un soutien crucial \u00e0 la cause de votre choix.","breadcrumb":{"@id":"https:\/\/www.canadahelps.org\/fr\/fonds-de-cause\/#breadcrumb"},"inLanguage":"fr","potentialAction":[{"@type":"ReadAction","target":["https:\/\/www.canadahelps.org\/fr\/fonds-de-cause\/"]}]},{"@type":"ImageObject","inLanguage":"fr","@id":"https:\/\/www.canadahelps.org\/fr\/fonds-de-cause\/#primaryimage","url":"https:\/\/www.canadahelps.org\/media\/439c591f781e423f116142f9fa712cf29c7cde77.jpg","contentUrl":"https:\/\/www.canadahelps.org\/media\/439c591f781e423f116142f9fa712cf29c7cde77.jpg"},{"@type":"BreadcrumbList","@id":"https:\/\/www.canadahelps.org\/fr\/fonds-de-cause\/#breadcrumb","itemListElement":[{"@type":"ListItem","position":1,"name":"Home","item":"https:\/\/www.canadahelps.org\/fr\/"},{"@type":"ListItem","position":2,"name":"Fonds de Cause"}]},{"@type":"WebSite","@id":"https:\/\/www.canadahelps.org\/fr\/#website","url":"https:\/\/www.canadahelps.org\/fr\/","name":"CanadaHelps - Donate to any charity in Canada","description":"Le don en toute simplicit\u00e9","publisher":{"@id":"https:\/\/www.canadahelps.org\/fr\/#organization"},"potentialAction":[{"@type":"SearchAction","target":{"@type":"EntryPoint","urlTemplate":"https:\/\/www.canadahelps.org\/fr\/?s={search_term_string}"},"query-input":{"@type":"PropertyValueSpecification","valueRequired":true,"valueName":"search_term_string"}}],"inLanguage":"fr"},{"@type":"Organization","@id":"https:\/\/www.canadahelps.org\/fr\/#organization","name":"CanadaHelps","url":"https:\/\/www.canadahelps.org\/fr\/","logo":{"@type":"ImageObject","inLanguage":"fr","@id":"https:\/\/www.canadahelps.org\/fr\/#\/schema\/logo\/image\/","url":"https:\/\/www.canadahelps.org\/media\/canadahelps-en.jpg","contentUrl":"https:\/\/www.canadahelps.org\/media\/canadahelps-en.jpg","width":131,"height":72,"caption":"CanadaHelps"},"image":{"@id":"https:\/\/www.canadahelps.org\/fr\/#\/schema\/logo\/image\/"}}]}},"_links":{"self":[{"href":"https:\/\/www.canadahelps.org\/fr\/wp-json\/wp\/v2\/pages\/52379","targetHints":{"allow":["GET"]}}],"collection":[{"href":"https:\/\/www.canadahelps.org\/fr\/wp-json\/wp\/v2\/pages"}],"about":[{"href":"https:\/\/www.canadahelps.org\/fr\/wp-json\/wp\/v2\/types\/page"}],"author":[{"embeddable":true,"href":"https:\/\/www.canadahelps.org\/fr\/wp-json\/wp\/v2\/users\/30"}],"replies":[{"embeddable":true,"href":"https:\/\/www.canadahelps.org\/fr\/wp-json\/wp\/v2\/comments?post=52379"}],"version-history":[{"count":14,"href":"https:\/\/www.canadahelps.org\/fr\/wp-json\/wp\/v2\/pages\/52379\/revisions"}],"predecessor-version":[{"id":57843,"href":"https:\/\/www.canadahelps.org\/fr\/wp-json\/wp\/v2\/pages\/52379\/revisions\/57843"}],"wp:attachment":[{"href":"https:\/\/www.canadahelps.org\/fr\/wp-json\/wp\/v2\/media?parent=52379"}],"curies":[{"name":"wp","href":"https:\/\/api.w.org\/{rel}","templated":true}]}}